{"id":2997,"date":"2025-09-16T08:55:53","date_gmt":"2025-09-16T08:55:53","guid":{"rendered":"https:\/\/chemsfine.com\/newsite\/?post_type=product&#038;p=2997"},"modified":"2025-09-22T05:13:48","modified_gmt":"2025-09-22T05:13:48","slug":"comprar-hidrocodona-en-linea","status":"publish","type":"product","link":"https:\/\/buy-prescriptionz.com\/es\/producto\/comprar-hidrocodona-en-linea\/","title":{"rendered":"Comprar hidrocodona en l\u00ednea"},"content":{"rendered":"<h2>COMPRAR HIDROCODONA ONLINE<\/h2>\n<p>Compre hidrocodona en l\u00ednea. La hidrocodona se usa para aliviar el dolor moderado a intenso. Es un... <a href=\"https:\/\/buy-prescriptionz.com\/es\/\">opioides<\/a> analg\u00e9sico. La hidrocodona act\u00faa en el cerebro para cambiar la forma en que el cuerpo humano siente y responde al dolor.<\/p>\n<h3>CARACTER\u00cdSTICAS DE LA HIDROCODONA<\/h3>\n<p>La hidrocodona tiene una fuerte acci\u00f3n analg\u00e9sica y es capaz de reducir la tos mediante la acci\u00f3n sobre las v\u00edas respiratorias reduciendo sus espasmos. Se a\u00f1ade en varios analg\u00e9sicos incluyendo otros componentes m\u00e9dicos.<\/p>\n<h3>DEBE CONOCER LAS PRECAUCIONES DE LA HIDROCODONA<\/h3>\n<p>No debe utilizar la hidrocodona si es al\u00e9rgico a ella. Si la usas durante el embarazo, tu beb\u00e9 puede volverse dependiente de la droga. Esto puede provocar s\u00edntomas de abstinencia potencialmente mortales en el beb\u00e9 despu\u00e9s de su nacimiento.<\/p>\n<h3>EFECTOS SECUNDARIOS<\/h3>\n<p>asma o problemas respiratorios; o<br \/>\nUna obstrucci\u00f3n en el est\u00f3mago o los intestinos.<br \/>\nUna lesi\u00f3n en la cabeza, un tumor cerebral o convulsiones;<\/p>\n<h3>Problemas para orinar;<\/h3>\n<p>Respiraci\u00f3n ruidosa, suspiros, respiraci\u00f3n superficial;<br \/>\nEnfermedad hep\u00e1tica o renal;<\/p>\n<p>Esta no es una lista completa de efectos secundarios y pueden aparecer otros. Llame a su m\u00e9dico para cualquier otro consejo m\u00e9dico sobre los efectos secundarios.<\/p>\n<p>La hidrocodona es un potente analg\u00e9sico opioide que se utiliza para tratar el dolor moderado a intenso, y suele recetarse cuando otros analg\u00e9sicos no son eficaces. Tambi\u00e9n se utiliza en combinaci\u00f3n con paracetamol o ibuprofeno para potenciar su efecto analg\u00e9sico.<\/p>\n<h3>Descripci\u00f3n general<\/h3>\n<ul>\n<li>Composici\u00f3n: La mejor hidrocodona a menudo se combina con acetaminof\u00e9n o ibuprofeno para aumentar su eficacia.<\/li>\n<li>Uso: Se prescribe para controlar el dolor intenso causado por lesiones, cirug\u00edas o afecciones cr\u00f3nicas que no responden a otros medicamentos.<\/li>\n<li>Formas: Disponible en tabletas, c\u00e1psulas y formas l\u00edquidas, lo que permite flexibilidad en la administraci\u00f3n seg\u00fan las necesidades del paciente.<\/li>\n<\/ul>\n<h3>Beneficios<\/h3>\n<ol>\n<li>Alivio eficaz del dolor: la hidrocodona es muy eficaz para aliviar el dolor moderado a intenso, lo que la hace adecuada para pacientes que necesitan un fuerte control del dolor.<\/li>\n<li>Mayor eficacia: cuando se combina con acetaminof\u00e9n o ibuprofeno, se potencian los efectos analg\u00e9sicos de la hidrocodona, proporcionando un mayor alivio que usando cada componente solo.<\/li>\n<li>Mejor calidad de vida: El manejo eficaz del dolor con hidrocodona puede conducir a mejoras significativas en la calidad de vida del paciente, permitiendo una mayor funcionalidad y comodidad en las actividades diarias.<\/li>\n<li>Flexibilidad en el tratamiento: Disponible en m\u00faltiples formulaciones, la hidrocodona se puede adaptar para satisfacer las necesidades espec\u00edficas de los pacientes, ya sea que requieran un alivio del dolor inmediato o prolongado.<\/li>\n<\/ol>\n<p>La hidrocodona es un potente analg\u00e9sico opioide que ofrece beneficios significativos en el manejo del dolor moderado a intenso. Su combinaci\u00f3n con otros analg\u00e9sicos como acetaminof\u00e9n o ibuprofeno aumenta su eficacia, proporcionando un alivio integral del dolor. Para quienes buscan un acceso conveniente y confiable a la hidrocodona, fuentes en l\u00ednea como buy-prescriptionz.com ofrecen una opci\u00f3n confiable. Al garantizar la autenticidad y calidad del medicamento, la mejor farmacia buy-prescriptionz.com puede ayudar a los pacientes a controlar su dolor de forma eficaz y segura. Bajo supervisi\u00f3n m\u00e9dica, la hidrocodona puede mejorar sustancialmente la calidad de vida de las personas que sufren dolor intenso.<\/p>\n<h3>PROBLEMAS DE OMISI\u00d3N DE DOSIS<\/h3>\n<p>Dado que la hidrocodona se utiliza como analg\u00e9sico, no es probable que se pierda una dosis. S\u00e1ltese la dosis olvidada si es la hora de su pr\u00f3xima dosis. No use dos dosis a la vez.<\/p>\n<h3>LA SOBREDOSIS A VECES PROVOCA LOS SIGUIENTES PROBLEMAS<\/h3>\n<p>La sobredosis puede ser mortal, especialmente si se utiliza el medicamento sin receta. La sobredosis puede incluir ritmo card\u00edaco lento, debilidad muscular, somnolencia severa, piel fr\u00eda y h\u00fameda, pupilas puntiformes, respiraci\u00f3n muy lenta o coma.<\/p>\n<h3>ALMACENAMIENTO DE HIDROCODONA<\/h3>\n<p>Mantenga este medicamento en su envase, bien cerrado, y fuera del alcance de los ni\u00f1os. Gu\u00e1rdelo a temperatura ambiente y lejos del exceso de calor y humedad (no en el ba\u00f1o). Tire por el retrete los medicamentos caducados o que ya no necesite. Es importante mantener la medicaci\u00f3n fuera de la vista y del alcance de los ni\u00f1os. Para proteger a sus hijos de una intoxicaci\u00f3n, cierre siempre los tapones de seguridad y coloque inmediatamente la medicaci\u00f3n en un lugar seguro, que est\u00e9 arriba y lejos y fuera de su vista y alcance.<\/p>\n<h3>\u00bfD\u00d3NDE COMPRAR LA MEJOR HIDROCODONA ONLINE?<\/h3>\n<p>La compra de Hidrocodona es posible si usted est\u00e1 seguro de que no tiene contraindicaciones para el uso de esta droga. Por lo tanto, antes de comprar Hydrocodone en l\u00ednea, tener un examen m\u00e9dico. Elija la mejor Hidrocodona no se utilizar\u00e1 sin receta durante mucho tiempo.<\/p>\n<p>Compre Hydrocodone original de buena calidad en buyprescriptionz. Ofrecemos los mejores precios y formas de pago sin complicaciones. Consiga Hydrocodone y desh\u00e1gase finalmente del dolor implacable. Haga sus tareas diarias sin molestias y pase sus d\u00edas de descanso y recuperaci\u00f3n en paz en lugar de sufrir todo el d\u00eda y toda la noche.<\/p>","protected":false},"excerpt":{"rendered":"<p>BUY HYDROCODONE ONLINE Buy hydrocodone online ,Hydrocodone is used for relieve moderate to severe pain. It is an opioid pain reliever. Hydrocodone works in the brain to change how human body feels and responds to pain. FEATURES OF HYDROCODONE Hydrocodone is a strong pain-killer action and able to reduce cough by means of the action [&hellip;]<\/p>","protected":false},"featured_media":3027,"comment_status":"open","ping_status":"closed","template":"","meta":{"site-sidebar-layout":"default","site-content-layout":"","ast-site-content-layout":"default","site-content-style":"default","site-sidebar-style":"default","ast-global-header-display":"","ast-banner-title-visibility":"","ast-main-header-display":"","ast-hfb-above-header-display":"","ast-hfb-below-header-display":"","ast-hfb-mobile-header-display":"","site-post-title":"","ast-breadcrumbs-content":"","ast-featured-img":"","footer-sml-layout":"","theme-transparent-header-meta":"default","adv-header-id-meta":"","stick-header-meta":"","header-above-stick-meta":"","header-main-stick-meta":"","header-below-stick-meta":"","astra-migrate-meta-layouts":"set","ast-page-background-enabled":"default","ast-page-background-meta":{"desktop":{"background-color":"var(--ast-global-color-4)","background-image":"","background-repeat":"repeat","background-position":"center center","background-size":"auto","background-attachment":"scroll","background-type":"","background-media":"","overlay-type":"","overlay-color":"","overlay-opacity":"","overlay-gradient":""},"tablet":{"background-color":"","background-image":"","background-repeat":"repeat","background-position":"center center","background-size":"auto","background-attachment":"scroll","background-type":"","background-media":"","overlay-type":"","overlay-color":"","overlay-opacity":"","overlay-gradient":""},"mobile":{"background-color":"","background-image":"","background-repeat":"repeat","background-position":"center center","background-size":"auto","background-attachment":"scroll","background-type":"","background-media":"","overlay-type":"","overlay-color":"","overlay-opacity":"","overlay-gradient":""}},"ast-content-background-meta":{"desktop":{"background-color":"var(--ast-global-color-5)","background-image":"","background-repeat":"repeat","background-position":"center center","background-size":"auto","background-attachment":"scroll","background-type":"","background-media":"","overlay-type":"","overlay-color":"","overlay-opacity":"","overlay-gradient":""},"tablet":{"background-color":"var(--ast-global-color-5)","background-image":"","background-repeat":"repeat","background-position":"center center","background-size":"auto","background-attachment":"scroll","background-type":"","background-media":"","overlay-type":"","overlay-color":"","overlay-opacity":"","overlay-gradient":""},"mobile":{"background-color":"var(--ast-global-color-5)","background-image":"","background-repeat":"repeat","background-position":"center center","background-size":"auto","background-attachment":"scroll","background-type":"","background-media":"","overlay-type":"","overlay-color":"","overlay-opacity":"","overlay-gradient":""}}},"product_brand":[],"product_cat":[2382],"product_tag":[1521,1522,1520,1515,1518,1517,1516,1519,1514,1513,1524,1523],"class_list":{"0":"post-2997","1":"product","2":"type-product","3":"status-publish","4":"has-post-thumbnail","6":"product_cat-buy-opioids-online","7":"product_tag-buy-hydrocodone-in-canada","8":"product_tag-buy-hydrocodone-in-uk","9":"product_tag-buy-hydrocodone-in-usa","10":"product_tag-buy-hydrocodone-with-bitcoin","11":"product_tag-buy-hydrocodone-with-credit-card","12":"product_tag-buy-hydrocodone-with-money-gram","13":"product_tag-buy-hydrocodone-with-western-union","14":"product_tag-buy-hydrocodone-without-a-doctor","15":"product_tag-buy-hydrocodone-without-prescription","16":"product_tag-hydrocodone-for-sale","17":"product_tag-hydrocodone-pills","18":"product_tag-hydrocodone-tablets","19":"desktop-align-center","20":"tablet-align-left","21":"mobile-align-left","23":"first","24":"instock","25":"shipping-taxable","26":"purchasable","27":"product-type-variable","28":"has-default-attributes"},"yoast_head":"<!-- This site is optimized with the Yoast SEO plugin v25.9 - https:\/\/yoast.com\/wordpress\/plugins\/seo\/ -->\n<title>Buy hydrocodone online, Order hydrocodone online USA, Pain Relief<\/title>\n<meta name=\"description\" content=\"Buy hydrocodone online. Buy hydrocodone online in the USA and Canada all States with overnight shipping. No Rx need to get hydrocodone online\" \/>\n<meta name=\"robots\" content=\"index, follow, max-snippet:-1, max-image-preview:large, max-video-preview:-1\" \/>\n<link rel=\"canonical\" href=\"https:\/\/buy-prescriptionz.com\/es\/producto\/comprar-hidrocodona-en-linea\/\" \/>\n<meta property=\"og:locale\" content=\"es_ES\" \/>\n<meta property=\"og:type\" content=\"article\" \/>\n<meta property=\"og:title\" content=\"Buy hydrocodone online, Order hydrocodone online USA, Pain Relief\" \/>\n<meta property=\"og:description\" content=\"Buy hydrocodone online. Buy hydrocodone online in the USA and Canada all States with overnight shipping. No Rx need to get hydrocodone online\" \/>\n<meta property=\"og:url\" content=\"https:\/\/buy-prescriptionz.com\/es\/producto\/comprar-hidrocodona-en-linea\/\" \/>\n<meta property=\"og:site_name\" content=\"Buy Prescriptionz\" \/>\n<meta property=\"article:modified_time\" content=\"2025-09-22T05:13:48+00:00\" \/>\n<meta property=\"og:image\" content=\"https:\/\/buy-prescriptionz.com\/wp-content\/uploads\/2025\/09\/hydrocodone.jpg\" \/>\n\t<meta property=\"og:image:width\" content=\"400\" \/>\n\t<meta property=\"og:image:height\" content=\"300\" \/>\n\t<meta property=\"og:image:type\" content=\"image\/jpeg\" \/>\n<meta name=\"twitter:card\" content=\"summary_large_image\" \/>\n<meta name=\"twitter:label1\" content=\"Tiempo de lectura\" \/>\n\t<meta name=\"twitter:data1\" content=\"4 minutos\" \/>\n<script type=\"application\/ld+json\" class=\"yoast-schema-graph\">{\"@context\":\"https:\/\/schema.org\",\"@graph\":[{\"@type\":\"WebPage\",\"@id\":\"https:\/\/buy-prescriptionz.com\/product\/buy-hydrocodone-online\/\",\"url\":\"https:\/\/buy-prescriptionz.com\/product\/buy-hydrocodone-online\/\",\"name\":\"Buy hydrocodone online, Order hydrocodone online USA, Pain Relief\",\"isPartOf\":{\"@id\":\"https:\/\/buy-prescriptionz.com\/#website\"},\"primaryImageOfPage\":{\"@id\":\"https:\/\/buy-prescriptionz.com\/product\/buy-hydrocodone-online\/#primaryimage\"},\"image\":{\"@id\":\"https:\/\/buy-prescriptionz.com\/product\/buy-hydrocodone-online\/#primaryimage\"},\"thumbnailUrl\":\"https:\/\/buy-prescriptionz.com\/wp-content\/uploads\/2025\/09\/hydrocodone.jpg\",\"datePublished\":\"2025-09-16T08:55:53+00:00\",\"dateModified\":\"2025-09-22T05:13:48+00:00\",\"description\":\"Buy hydrocodone online. Buy hydrocodone online in the USA and Canada all States with overnight shipping. No Rx need to get hydrocodone online\",\"breadcrumb\":{\"@id\":\"https:\/\/buy-prescriptionz.com\/product\/buy-hydrocodone-online\/#breadcrumb\"},\"inLanguage\":\"es\",\"potentialAction\":[{\"@type\":\"ReadAction\",\"target\":[\"https:\/\/buy-prescriptionz.com\/product\/buy-hydrocodone-online\/\"]}]},{\"@type\":\"ImageObject\",\"inLanguage\":\"es\",\"@id\":\"https:\/\/buy-prescriptionz.com\/product\/buy-hydrocodone-online\/#primaryimage\",\"url\":\"https:\/\/buy-prescriptionz.com\/wp-content\/uploads\/2025\/09\/hydrocodone.jpg\",\"contentUrl\":\"https:\/\/buy-prescriptionz.com\/wp-content\/uploads\/2025\/09\/hydrocodone.jpg\",\"width\":400,\"height\":300},{\"@type\":\"BreadcrumbList\",\"@id\":\"https:\/\/buy-prescriptionz.com\/product\/buy-hydrocodone-online\/#breadcrumb\",\"itemListElement\":[{\"@type\":\"ListItem\",\"position\":1,\"name\":\"Home\",\"item\":\"https:\/\/buy-prescriptionz.com\/\"},{\"@type\":\"ListItem\",\"position\":2,\"name\":\"Shop Painkillers Online\",\"item\":\"https:\/\/buy-prescriptionz.com\/shop-painkillers-online\/\"},{\"@type\":\"ListItem\",\"position\":3,\"name\":\"Buy Hydrocodone Online\"}]},{\"@type\":\"WebSite\",\"@id\":\"https:\/\/buy-prescriptionz.com\/#website\",\"url\":\"https:\/\/buy-prescriptionz.com\/\",\"name\":\"Buy Prescriptionz\",\"description\":\"Drugs Online\",\"publisher\":{\"@id\":\"https:\/\/buy-prescriptionz.com\/#organization\"},\"potentialAction\":[{\"@type\":\"SearchAction\",\"target\":{\"@type\":\"EntryPoint\",\"urlTemplate\":\"https:\/\/buy-prescriptionz.com\/?s={search_term_string}\"},\"query-input\":{\"@type\":\"PropertyValueSpecification\",\"valueRequired\":true,\"valueName\":\"search_term_string\"}}],\"inLanguage\":\"es\"},{\"@type\":\"Organization\",\"@id\":\"https:\/\/buy-prescriptionz.com\/#organization\",\"name\":\"Buy Prescriptionz\",\"url\":\"https:\/\/buy-prescriptionz.com\/\",\"logo\":{\"@type\":\"ImageObject\",\"inLanguage\":\"es\",\"@id\":\"https:\/\/buy-prescriptionz.com\/#\/schema\/logo\/image\/\",\"url\":\"https:\/\/buy-prescriptionz.com\/wp-content\/uploads\/2023\/09\/logo.png\",\"contentUrl\":\"https:\/\/buy-prescriptionz.com\/wp-content\/uploads\/2023\/09\/logo.png\",\"width\":350,\"height\":64,\"caption\":\"Buy Prescriptionz\"},\"image\":{\"@id\":\"https:\/\/buy-prescriptionz.com\/#\/schema\/logo\/image\/\"}}]}<\/script>\n<!-- \/ Yoast SEO plugin. -->","yoast_head_json":{"title":"Comprar hidrocodona online, Ordenar hidrocodona online USA, Alivio del dolor","description":"Comprar hidrocodona online. Comprar hidrocodona en l\u00ednea en los EE.UU. y Canad\u00e1 todos los Estados con el env\u00edo de la noche. No se necesita Rx para obtener hidrocodona en l\u00ednea","robots":{"index":"index","follow":"follow","max-snippet":"max-snippet:-1","max-image-preview":"max-image-preview:large","max-video-preview":"max-video-preview:-1"},"canonical":"https:\/\/buy-prescriptionz.com\/es\/producto\/comprar-hidrocodona-en-linea\/","og_locale":"es_ES","og_type":"article","og_title":"Buy hydrocodone online, Order hydrocodone online USA, Pain Relief","og_description":"Buy hydrocodone online. Buy hydrocodone online in the USA and Canada all States with overnight shipping. No Rx need to get hydrocodone online","og_url":"https:\/\/buy-prescriptionz.com\/es\/producto\/comprar-hidrocodona-en-linea\/","og_site_name":"Buy Prescriptionz","article_modified_time":"2025-09-22T05:13:48+00:00","og_image":[{"width":400,"height":300,"url":"https:\/\/buy-prescriptionz.com\/wp-content\/uploads\/2025\/09\/hydrocodone.jpg","type":"image\/jpeg"}],"twitter_card":"summary_large_image","twitter_misc":{"Tiempo de lectura":"4 minutos"},"schema":{"@context":"https:\/\/schema.org","@graph":[{"@type":"WebPage","@id":"https:\/\/buy-prescriptionz.com\/product\/buy-hydrocodone-online\/","url":"https:\/\/buy-prescriptionz.com\/product\/buy-hydrocodone-online\/","name":"Comprar hidrocodona online, Ordenar hidrocodona online USA, Alivio del dolor","isPartOf":{"@id":"https:\/\/buy-prescriptionz.com\/#website"},"primaryImageOfPage":{"@id":"https:\/\/buy-prescriptionz.com\/product\/buy-hydrocodone-online\/#primaryimage"},"image":{"@id":"https:\/\/buy-prescriptionz.com\/product\/buy-hydrocodone-online\/#primaryimage"},"thumbnailUrl":"https:\/\/buy-prescriptionz.com\/wp-content\/uploads\/2025\/09\/hydrocodone.jpg","datePublished":"2025-09-16T08:55:53+00:00","dateModified":"2025-09-22T05:13:48+00:00","description":"Comprar hidrocodona online. Comprar hidrocodona en l\u00ednea en los EE.UU. y Canad\u00e1 todos los Estados con el env\u00edo de la noche. No se necesita Rx para obtener hidrocodona en l\u00ednea","breadcrumb":{"@id":"https:\/\/buy-prescriptionz.com\/product\/buy-hydrocodone-online\/#breadcrumb"},"inLanguage":"es","potentialAction":[{"@type":"ReadAction","target":["https:\/\/buy-prescriptionz.com\/product\/buy-hydrocodone-online\/"]}]},{"@type":"ImageObject","inLanguage":"es","@id":"https:\/\/buy-prescriptionz.com\/product\/buy-hydrocodone-online\/#primaryimage","url":"https:\/\/buy-prescriptionz.com\/wp-content\/uploads\/2025\/09\/hydrocodone.jpg","contentUrl":"https:\/\/buy-prescriptionz.com\/wp-content\/uploads\/2025\/09\/hydrocodone.jpg","width":400,"height":300},{"@type":"BreadcrumbList","@id":"https:\/\/buy-prescriptionz.com\/product\/buy-hydrocodone-online\/#breadcrumb","itemListElement":[{"@type":"ListItem","position":1,"name":"Home","item":"https:\/\/buy-prescriptionz.com\/"},{"@type":"ListItem","position":2,"name":"Shop Painkillers Online","item":"https:\/\/buy-prescriptionz.com\/shop-painkillers-online\/"},{"@type":"ListItem","position":3,"name":"Buy Hydrocodone Online"}]},{"@type":"WebSite","@id":"https:\/\/buy-prescriptionz.com\/#website","url":"https:\/\/buy-prescriptionz.com\/","name":"Buy Prescriptionz","description":"Medicamentos en l\u00ednea","publisher":{"@id":"https:\/\/buy-prescriptionz.com\/#organization"},"potentialAction":[{"@type":"SearchAction","target":{"@type":"EntryPoint","urlTemplate":"https:\/\/buy-prescriptionz.com\/?s={search_term_string}"},"query-input":{"@type":"PropertyValueSpecification","valueRequired":true,"valueName":"search_term_string"}}],"inLanguage":"es"},{"@type":"Organization","@id":"https:\/\/buy-prescriptionz.com\/#organization","name":"Buy Prescriptionz","url":"https:\/\/buy-prescriptionz.com\/","logo":{"@type":"ImageObject","inLanguage":"es","@id":"https:\/\/buy-prescriptionz.com\/#\/schema\/logo\/image\/","url":"https:\/\/buy-prescriptionz.com\/wp-content\/uploads\/2023\/09\/logo.png","contentUrl":"https:\/\/buy-prescriptionz.com\/wp-content\/uploads\/2023\/09\/logo.png","width":350,"height":64,"caption":"Buy Prescriptionz"},"image":{"@id":"https:\/\/buy-prescriptionz.com\/#\/schema\/logo\/image\/"}}]}},"_links":{"self":[{"href":"https:\/\/buy-prescriptionz.com\/es\/wp-json\/wp\/v2\/product\/2997","targetHints":{"allow":["GET"]}}],"collection":[{"href":"https:\/\/buy-prescriptionz.com\/es\/wp-json\/wp\/v2\/product"}],"about":[{"href":"https:\/\/buy-prescriptionz.com\/es\/wp-json\/wp\/v2\/types\/product"}],"replies":[{"embeddable":true,"href":"https:\/\/buy-prescriptionz.com\/es\/wp-json\/wp\/v2\/comments?post=2997"}],"wp:featuredmedia":[{"embeddable":true,"href":"https:\/\/buy-prescriptionz.com\/es\/wp-json\/wp\/v2\/media\/3027"}],"wp:attachment":[{"href":"https:\/\/buy-prescriptionz.com\/es\/wp-json\/wp\/v2\/media?parent=2997"}],"wp:term":[{"taxonomy":"product_brand","embeddable":true,"href":"https:\/\/buy-prescriptionz.com\/es\/wp-json\/wp\/v2\/product_brand?post=2997"},{"taxonomy":"product_cat","embeddable":true,"href":"https:\/\/buy-prescriptionz.com\/es\/wp-json\/wp\/v2\/product_cat?post=2997"},{"taxonomy":"product_tag","embeddable":true,"href":"https:\/\/buy-prescriptionz.com\/es\/wp-json\/wp\/v2\/product_tag?post=2997"}],"curies":[{"name":"wp","href":"https:\/\/api.w.org\/{rel}","templated":true}]}}