{"id":3001,"date":"2025-09-16T08:55:53","date_gmt":"2025-09-16T08:55:53","guid":{"rendered":"https:\/\/chemsfine.com\/newsite\/?post_type=product&#038;p=3001"},"modified":"2025-09-19T13:33:38","modified_gmt":"2025-09-19T13:33:38","slug":"comprar-jarabe-de-actavis-prometazina-en-linea","status":"publish","type":"product","link":"https:\/\/buy-prescriptionz.com\/es\/producto\/comprar-jarabe-de-actavis-prometazina-en-linea\/","title":{"rendered":"Comprar Actavis Promethazine Syrup Online"},"content":{"rendered":"<h2 style=\"text-align: justify;\">COMPRAR ACTAVIS PROMETHAZINE SYRUP ONLINE<\/h2>\n<p style=\"text-align: justify;\">Comprar Actavis <a href=\"https:\/\/buy-prescriptionz.com\/es\/producto\/biphetamine\/\">Promethazine<\/a> Jarabe Online, el jarabe de prometazina de Actavis se utiliza para tratar los s\u00edntomas causados por el resfriado com\u00fan, la gripe, las alergias y otras enfermedades respiratorias. Contiene hidrocloruro de prometazina 6,25 mg y fosfato de code\u00edna 10 mg en una base de jarabe aromatizado con un pH entre 4,8 y 5,4, Alcohol 7%.<\/p>\n<h3 style=\"text-align: justify;\">CARACTER\u00cdSTICAS<\/h3>\n<p style=\"text-align: justify;\">Funciona al disminuir los efectos de la histamina, un compuesto que el cuerpo libera en respuesta a ciertos irritantes. Y tambi\u00e9n Phenergan se utiliza como un sedante y ayuda para dormir para todo tipo de pacientes y prevenir o controlar las n\u00e1useas y los v\u00f3mitos, tratar el mareo. Se puede utilizar con los otros medicamentos, para el dolor despu\u00e9s de la cirug\u00eda tambi\u00e9n.<\/p>\n<h3 style=\"text-align: justify;\">PRECAUCIONES<\/h3>\n<p style=\"text-align: justify;\">P\u00f3ngase en contacto con su m\u00e9dico inmediatamente si experimenta somnolencia extrema, confusi\u00f3n o respiraci\u00f3n superficial. A veces puede ser necesario un an\u00e1lisis de sangre para comprobar los efectos no deseados.<\/p>\n<p style=\"text-align: justify;\"><strong>No le d\u00e9 este medicamento a:<\/strong><\/p>\n<p style=\"text-align: justify;\">- Ni\u00f1os menores de 12 a\u00f1os.<br \/>\n- Los ni\u00f1os menores de 18 a\u00f1os se sometieron a una cirug\u00eda de extirpaci\u00f3n de am\u00edgdalas o adenoides.<br \/>\n- Ni\u00f1os de entre 12 y 18 a\u00f1os con alto riesgo de problemas respiratorios (ej, <a href=\"https:\/\/de.wikipedia.org\/w\/index.php?sort=relevance&amp;search=Promethazine&amp;title=Spezial%3ASuche&amp;profile=advanced&amp;fulltext=1&amp;advancedSearch-current=%7B%7D&amp;ns0=1\">obstrucci\u00f3n<\/a> apnea del sue\u00f1o, obesidad, enfermedad pulmonar).<\/p>\n<h3 style=\"text-align: justify;\">EFECTOS SECUNDARIOS<\/h3>\n<p style=\"text-align: justify;\">Este medicamento puede crear h\u00e1bito. Si siente que no est\u00e1 funcionando tan bien, no use m\u00e1s de la dosis prescrita. Llame a su m\u00e9dico para recibir instrucciones.<\/p>\n<p style=\"text-align: justify;\">La prometazina puede aumentar el riesgo de sufrir convulsiones (ataques). Tambi\u00e9n puede causar diston\u00eda (trastorno del movimiento). Esto es m\u00e1s probable en ni\u00f1os enfermos con diarrea.<\/p>\n<p>Hace que tu piel sea m\u00e1s sensible a la luz solar. Utiliza protecci\u00f3n solar cuando est\u00e9s al aire libre. Evita las l\u00e1mparas solares y las camas de bronceado.<\/p>\n<p style=\"text-align: justify;\">No tome otros medicamentos a menos que los haya consultado con el m\u00e9dico. Esto incluye los medicamentos de venta libre con o sin receta y los suplementos vitam\u00ednicos o de hierbas.<\/p>\n<p style=\"text-align: justify;\">Contacte inmediatamente con su m\u00e9dico si tiene alguna duda.<\/p>\n<h3>Descripci\u00f3n general del jarabe de prometazina Actavis<\/h3>\n<p>El jarabe de prometazina Actavis es un medicamento con receta que se usa para tratar los s\u00edntomas de alergias, resfriados y tos. Contiene una combinaci\u00f3n de prometazina (un antihistam\u00ednico) y code\u00edna (un narc\u00f3tico antitusivo), que act\u00faan conjuntamente para aliviar la tos, los estornudos, la rinorrea y otros s\u00edntomas asociados con afecciones respiratorias.<\/p>\n<h3>C\u00f3mo funciona el jarabe de prometazina Actavis<\/h3>\n<p>La prometazina act\u00faa bloqueando los efectos de la histamina, una sustancia natural del cuerpo que se libera durante las reacciones al\u00e9rgicas. Al bloquear la histamina, la prometazina ayuda a reducir s\u00edntomas como picaz\u00f3n, estornudos y ojos llorosos. La code\u00edna act\u00faa en el cerebro para suprimir el reflejo de la tos, facilitando la respiraci\u00f3n y reduciendo la necesidad de toser.<\/p>\n<h3>Beneficios del jarabe de prometazina Actavis<\/h3>\n<ol>\n<li><strong>Alivio eficaz de los s\u00edntomas<\/strong>:El mejor jarabe de prometazina Actavis proporciona un alivio r\u00e1pido y eficaz de s\u00edntomas como tos, estornudos y congesti\u00f3n, lo que permite a los usuarios sentirse m\u00e1s c\u00f3modos y respirar mejor.<\/li>\n<li><strong>Combinaci\u00f3n de medicamentos<\/strong>:La combinaci\u00f3n de prometazina y code\u00edna en el jarabe de prometazina Actavis proporciona un enfoque integral para tratar los s\u00edntomas respiratorios, apuntando tanto a la causa subyacente de las alergias y los resfriados como a la tos asociada.<\/li>\n<li><strong>Fuerza de la prescripci\u00f3n<\/strong>El jarabe de prometazina Actavis es un medicamento con receta, lo que significa que est\u00e1 formulado con concentraciones m\u00e1s altas de ingredientes activos, lo que proporciona un alivio de los s\u00edntomas m\u00e1s potente en comparaci\u00f3n con los remedios de venta libre.<\/li>\n<li><strong>Tratamiento vers\u00e1til<\/strong>Adem\u00e1s de las alergias y los resfriados, el jarabe de prometazina Actavis tambi\u00e9n se puede utilizar para tratar otras afecciones como bronquitis, sinusitis y otras infecciones respiratorias.<\/li>\n<li><strong>Dosis personalizable<\/strong>El jarabe de prometazina Actavis viene en diferentes concentraciones, lo que permite a los proveedores de atenci\u00f3n m\u00e9dica adaptar la dosis a las necesidades espec\u00edficas de cada individuo para un alivio \u00f3ptimo de los s\u00edntomas.<\/li>\n<\/ol>\n<h3>\u00bfEs el jarabe de prometazina Actavis adecuado para usted?<\/h3>\n<p>Antes de comenzar a tomar Actavis Prometazina Jarabe, es importante consultar con un profesional de la salud para determinar si es la opci\u00f3n de tratamiento adecuada para su afecci\u00f3n. Su profesional de la salud considerar\u00e1 factores como su historial m\u00e9dico, los medicamentos que toma actualmente y la gravedad de sus s\u00edntomas para determinar si Actavis Prometazina Jarabe es adecuado para usted.<\/p>\n<h3>D\u00f3nde comprar jarabe de prometazina Actavis<\/h3>\n<p>Si le han recetado jarabe de Prometazina Actavis y se pregunta d\u00f3nde comprarlo, puede adquirir medicamentos con receta en l\u00ednea en la mejor farmacia como buy-prescriptionz.com. Comprar medicamentos con receta en l\u00ednea es c\u00f3modo y confidencial, lo que le permite obtener el tratamiento que necesita sin tener que acudir a una farmacia f\u00edsica.<\/p>\n<h3 style=\"text-align: justify;\">DOSIS PERDIDAS<\/h3>\n<p style=\"text-align: justify;\">Si olvida una dosis del medicamento, t\u00f3mela lo antes posible. Sin embargo, si es casi la hora de la siguiente dosis, s\u00e1ltese la dosis olvidada y vuelva a su horario habitual. No duplique las dosis.<\/p>\n<h3 style=\"text-align: justify;\">SOBREDOSIS<\/h3>\n<p style=\"text-align: justify;\">Los s\u00edntomas de la sobredosis de Phenergan pueden incluir:<\/p>\n<p style=\"text-align: justify;\">Este medicamento puede causar a algunas personas mareos, somnolencia, pupilas grandes, enrojecimiento, n\u00e1useas, v\u00f3mitos, respiraci\u00f3n superficial y desmayos. Si usted experimenta uno de ellos p\u00f3ngase en contacto con su m\u00e9dico inmediatamente.<\/p>\n<h3 style=\"text-align: justify;\">ALMACENAMIENTO<\/h3>\n<p style=\"text-align: justify;\">Cons\u00e9rvelo a temperatura ambiente en un recipiente cerrado, lejos del calor, la humedad y la luz directa. Evite que se congele. Mant\u00e9ngalo tambi\u00e9n fuera del alcance de los ni\u00f1os.<\/p>\n<h3 style=\"text-align: justify;\">\u00bfD\u00d3NDE COMPRAR ACTAVIS PROMETHAZINE SYRUP ONLINE?<\/h3>\n<p style=\"text-align: justify;\">Comprar Actavis Promethazine Syrup en l\u00ednea de nosotros (Buyprescriptionz.com) en su puerta con el mejor precio. Est\u00e9 siempre sano. \u00a1Pida ahora!<\/p>","protected":false},"excerpt":{"rendered":"<p>BUY ACTAVIS PROMETHAZINE SYRUP ONLINE Buy Actavis Promethazine Syrup Online, Actavis promethazine syrup is used to treat symptoms caused by the common cold, flu, allergies, and other breathing illnesses. It contains Promethazine hydrochloride 6.25 mg and codeine phosphate 10 mg in a flavored syrup base with a pH between 4.8 and 5.4, Alcohol 7%. FEATURES [&hellip;]<\/p>","protected":false},"featured_media":3031,"comment_status":"open","ping_status":"closed","template":"","meta":{"site-sidebar-layout":"default","site-content-layout":"","ast-site-content-layout":"default","site-content-style":"default","site-sidebar-style":"default","ast-global-header-display":"","ast-banner-title-visibility":"","ast-main-header-display":"","ast-hfb-above-header-display":"","ast-hfb-below-header-display":"","ast-hfb-mobile-header-display":"","site-post-title":"","ast-breadcrumbs-content":"","ast-featured-img":"","footer-sml-layout":"","theme-transparent-header-meta":"default","adv-header-id-meta":"","stick-header-meta":"","header-above-stick-meta":"","header-main-stick-meta":"","header-below-stick-meta":"","astra-migrate-meta-layouts":"set","ast-page-background-enabled":"default","ast-page-background-meta":{"desktop":{"background-color":"var(--ast-global-color-4)","background-image":"","background-repeat":"repeat","background-position":"center center","background-size":"auto","background-attachment":"scroll","background-type":"","background-media":"","overlay-type":"","overlay-color":"","overlay-opacity":"","overlay-gradient":""},"tablet":{"background-color":"","background-image":"","background-repeat":"repeat","background-position":"center center","background-size":"auto","background-attachment":"scroll","background-type":"","background-media":"","overlay-type":"","overlay-color":"","overlay-opacity":"","overlay-gradient":""},"mobile":{"background-color":"","background-image":"","background-repeat":"repeat","background-position":"center center","background-size":"auto","background-attachment":"scroll","background-type":"","background-media":"","overlay-type":"","overlay-color":"","overlay-opacity":"","overlay-gradient":""}},"ast-content-background-meta":{"desktop":{"background-color":"var(--ast-global-color-5)","background-image":"","background-repeat":"repeat","background-position":"center center","background-size":"auto","background-attachment":"scroll","background-type":"","background-media":"","overlay-type":"","overlay-color":"","overlay-opacity":"","overlay-gradient":""},"tablet":{"background-color":"var(--ast-global-color-5)","background-image":"","background-repeat":"repeat","background-position":"center center","background-size":"auto","background-attachment":"scroll","background-type":"","background-media":"","overlay-type":"","overlay-color":"","overlay-opacity":"","overlay-gradient":""},"mobile":{"background-color":"var(--ast-global-color-5)","background-image":"","background-repeat":"repeat","background-position":"center center","background-size":"auto","background-attachment":"scroll","background-type":"","background-media":"","overlay-type":"","overlay-color":"","overlay-opacity":"","overlay-gradient":""}}},"product_brand":[],"product_cat":[2382],"product_tag":[],"class_list":{"0":"post-3001","1":"product","2":"type-product","3":"status-publish","4":"has-post-thumbnail","6":"product_cat-buy-opioids-online","7":"desktop-align-center","8":"tablet-align-left","9":"mobile-align-left","11":"first","12":"instock","13":"shipping-taxable","14":"purchasable","15":"product-type-variable","16":"has-default-attributes"},"yoast_head":"<!-- This site is optimized with the Yoast SEO plugin v25.9 - https:\/\/yoast.com\/wordpress\/plugins\/seo\/ -->\n<title>Actavis Promethazine Syrup for Sale - Buy Actavis Promethazine Syrup Online<\/title>\n<meta name=\"description\" content=\"You can now get Actavis Promethazine Syrup for sale from our top Chems store. Our staff will assist you to buy Actavis Promethazine Syrup online at the best prices. Order Actavis Promethazine Syrup online today with worldwide shipping!\" \/>\n<meta name=\"robots\" content=\"index, follow, max-snippet:-1, max-image-preview:large, max-video-preview:-1\" \/>\n<link rel=\"canonical\" href=\"https:\/\/buy-prescriptionz.com\/es\/producto\/comprar-jarabe-de-actavis-prometazina-en-linea\/\" \/>\n<meta property=\"og:locale\" content=\"es_ES\" \/>\n<meta property=\"og:type\" content=\"article\" \/>\n<meta property=\"og:title\" content=\"Actavis Promethazine Syrup for Sale - Buy Actavis Promethazine Syrup Online\" \/>\n<meta property=\"og:description\" content=\"You can now get Actavis Promethazine Syrup for sale from our top Chems store. Our staff will assist you to buy Actavis Promethazine Syrup online at the best prices. Order Actavis Promethazine Syrup online today with worldwide shipping!\" \/>\n<meta property=\"og:url\" content=\"https:\/\/buy-prescriptionz.com\/es\/producto\/comprar-jarabe-de-actavis-prometazina-en-linea\/\" \/>\n<meta property=\"og:site_name\" content=\"Buy Prescriptionz\" \/>\n<meta property=\"article:modified_time\" content=\"2025-09-19T13:33:38+00:00\" \/>\n<meta property=\"og:image\" content=\"https:\/\/buy-prescriptionz.com\/wp-content\/uploads\/2025\/09\/actavis-promathazine-syrup.jpg\" \/>\n\t<meta property=\"og:image:width\" content=\"400\" \/>\n\t<meta property=\"og:image:height\" content=\"300\" \/>\n\t<meta property=\"og:image:type\" content=\"image\/jpeg\" \/>\n<meta name=\"twitter:card\" content=\"summary_large_image\" \/>\n<meta name=\"twitter:label1\" content=\"Tiempo de lectura\" \/>\n\t<meta name=\"twitter:data1\" content=\"4 minutos\" \/>\n<script type=\"application\/ld+json\" class=\"yoast-schema-graph\">{\"@context\":\"https:\/\/schema.org\",\"@graph\":[{\"@type\":\"WebPage\",\"@id\":\"https:\/\/buy-prescriptionz.com\/cs\/produkt\/koupit-actavis-promethazin-sirup-online\/\",\"url\":\"https:\/\/buy-prescriptionz.com\/cs\/produkt\/koupit-actavis-promethazin-sirup-online\/\",\"name\":\"Actavis Promethazine Syrup for Sale - Buy Actavis Promethazine Syrup Online\",\"isPartOf\":{\"@id\":\"https:\/\/buy-prescriptionz.com\/#website\"},\"primaryImageOfPage\":{\"@id\":\"https:\/\/buy-prescriptionz.com\/cs\/produkt\/koupit-actavis-promethazin-sirup-online\/#primaryimage\"},\"image\":{\"@id\":\"https:\/\/buy-prescriptionz.com\/cs\/produkt\/koupit-actavis-promethazin-sirup-online\/#primaryimage\"},\"thumbnailUrl\":\"https:\/\/buy-prescriptionz.com\/wp-content\/uploads\/2025\/09\/actavis-promathazine-syrup.jpg\",\"datePublished\":\"2025-09-16T08:55:53+00:00\",\"dateModified\":\"2025-09-19T13:33:38+00:00\",\"description\":\"You can now get Actavis Promethazine Syrup for sale from our top Chems store. Our staff will assist you to buy Actavis Promethazine Syrup online at the best prices. Order Actavis Promethazine Syrup online today with worldwide shipping!\",\"breadcrumb\":{\"@id\":\"https:\/\/buy-prescriptionz.com\/cs\/produkt\/koupit-actavis-promethazin-sirup-online\/#breadcrumb\"},\"inLanguage\":\"es\",\"potentialAction\":[{\"@type\":\"ReadAction\",\"target\":[\"https:\/\/buy-prescriptionz.com\/cs\/produkt\/koupit-actavis-promethazin-sirup-online\/\"]}]},{\"@type\":\"ImageObject\",\"inLanguage\":\"es\",\"@id\":\"https:\/\/buy-prescriptionz.com\/cs\/produkt\/koupit-actavis-promethazin-sirup-online\/#primaryimage\",\"url\":\"https:\/\/buy-prescriptionz.com\/wp-content\/uploads\/2025\/09\/actavis-promathazine-syrup.jpg\",\"contentUrl\":\"https:\/\/buy-prescriptionz.com\/wp-content\/uploads\/2025\/09\/actavis-promathazine-syrup.jpg\",\"width\":400,\"height\":300},{\"@type\":\"BreadcrumbList\",\"@id\":\"https:\/\/buy-prescriptionz.com\/cs\/produkt\/koupit-actavis-promethazin-sirup-online\/#breadcrumb\",\"itemListElement\":[{\"@type\":\"ListItem\",\"position\":1,\"name\":\"Home\",\"item\":\"https:\/\/buy-prescriptionz.com\/\"},{\"@type\":\"ListItem\",\"position\":2,\"name\":\"Shop Painkillers Online\",\"item\":\"https:\/\/buy-prescriptionz.com\/shop-painkillers-online\/\"},{\"@type\":\"ListItem\",\"position\":3,\"name\":\"Buy Actavis Promethazine Syrup Online\"}]},{\"@type\":\"WebSite\",\"@id\":\"https:\/\/buy-prescriptionz.com\/#website\",\"url\":\"https:\/\/buy-prescriptionz.com\/\",\"name\":\"Buy Prescriptionz\",\"description\":\"Drugs Online\",\"publisher\":{\"@id\":\"https:\/\/buy-prescriptionz.com\/#organization\"},\"potentialAction\":[{\"@type\":\"SearchAction\",\"target\":{\"@type\":\"EntryPoint\",\"urlTemplate\":\"https:\/\/buy-prescriptionz.com\/?s={search_term_string}\"},\"query-input\":{\"@type\":\"PropertyValueSpecification\",\"valueRequired\":true,\"valueName\":\"search_term_string\"}}],\"inLanguage\":\"es\"},{\"@type\":\"Organization\",\"@id\":\"https:\/\/buy-prescriptionz.com\/#organization\",\"name\":\"Buy Prescriptionz\",\"url\":\"https:\/\/buy-prescriptionz.com\/\",\"logo\":{\"@type\":\"ImageObject\",\"inLanguage\":\"es\",\"@id\":\"https:\/\/buy-prescriptionz.com\/#\/schema\/logo\/image\/\",\"url\":\"https:\/\/buy-prescriptionz.com\/wp-content\/uploads\/2023\/09\/logo.png\",\"contentUrl\":\"https:\/\/buy-prescriptionz.com\/wp-content\/uploads\/2023\/09\/logo.png\",\"width\":350,\"height\":64,\"caption\":\"Buy Prescriptionz\"},\"image\":{\"@id\":\"https:\/\/buy-prescriptionz.com\/#\/schema\/logo\/image\/\"}}]}<\/script>\n<!-- \/ Yoast SEO plugin. -->","yoast_head_json":{"title":"Jarabe de Prometazina Actavis a la venta - Compre jarabe de Prometazina Actavis en l\u00ednea","description":"Ya puede conseguir Actavis Prometazina Jarabe en nuestra tienda Chems. Nuestro equipo le ayudar\u00e1 a comprar Actavis Prometazina Jarabe en l\u00ednea al mejor precio. \u00a1Compre Actavis Prometazina Jarabe en l\u00ednea hoy mismo con env\u00edo a todo el mundo!","robots":{"index":"index","follow":"follow","max-snippet":"max-snippet:-1","max-image-preview":"max-image-preview:large","max-video-preview":"max-video-preview:-1"},"canonical":"https:\/\/buy-prescriptionz.com\/es\/producto\/comprar-jarabe-de-actavis-prometazina-en-linea\/","og_locale":"es_ES","og_type":"article","og_title":"Actavis Promethazine Syrup for Sale - Buy Actavis Promethazine Syrup Online","og_description":"You can now get Actavis Promethazine Syrup for sale from our top Chems store. Our staff will assist you to buy Actavis Promethazine Syrup online at the best prices. Order Actavis Promethazine Syrup online today with worldwide shipping!","og_url":"https:\/\/buy-prescriptionz.com\/es\/producto\/comprar-jarabe-de-actavis-prometazina-en-linea\/","og_site_name":"Buy Prescriptionz","article_modified_time":"2025-09-19T13:33:38+00:00","og_image":[{"width":400,"height":300,"url":"https:\/\/buy-prescriptionz.com\/wp-content\/uploads\/2025\/09\/actavis-promathazine-syrup.jpg","type":"image\/jpeg"}],"twitter_card":"summary_large_image","twitter_misc":{"Tiempo de lectura":"4 minutos"},"schema":{"@context":"https:\/\/schema.org","@graph":[{"@type":"WebPage","@id":"https:\/\/buy-prescriptionz.com\/cs\/produkt\/koupit-actavis-promethazin-sirup-online\/","url":"https:\/\/buy-prescriptionz.com\/cs\/produkt\/koupit-actavis-promethazin-sirup-online\/","name":"Jarabe de Prometazina Actavis a la venta - Compre jarabe de Prometazina Actavis en l\u00ednea","isPartOf":{"@id":"https:\/\/buy-prescriptionz.com\/#website"},"primaryImageOfPage":{"@id":"https:\/\/buy-prescriptionz.com\/cs\/produkt\/koupit-actavis-promethazin-sirup-online\/#primaryimage"},"image":{"@id":"https:\/\/buy-prescriptionz.com\/cs\/produkt\/koupit-actavis-promethazin-sirup-online\/#primaryimage"},"thumbnailUrl":"https:\/\/buy-prescriptionz.com\/wp-content\/uploads\/2025\/09\/actavis-promathazine-syrup.jpg","datePublished":"2025-09-16T08:55:53+00:00","dateModified":"2025-09-19T13:33:38+00:00","description":"Ya puede conseguir Actavis Prometazina Jarabe en nuestra tienda Chems. Nuestro equipo le ayudar\u00e1 a comprar Actavis Prometazina Jarabe en l\u00ednea al mejor precio. \u00a1Compre Actavis Prometazina Jarabe en l\u00ednea hoy mismo con env\u00edo a todo el mundo!","breadcrumb":{"@id":"https:\/\/buy-prescriptionz.com\/cs\/produkt\/koupit-actavis-promethazin-sirup-online\/#breadcrumb"},"inLanguage":"es","potentialAction":[{"@type":"ReadAction","target":["https:\/\/buy-prescriptionz.com\/cs\/produkt\/koupit-actavis-promethazin-sirup-online\/"]}]},{"@type":"ImageObject","inLanguage":"es","@id":"https:\/\/buy-prescriptionz.com\/cs\/produkt\/koupit-actavis-promethazin-sirup-online\/#primaryimage","url":"https:\/\/buy-prescriptionz.com\/wp-content\/uploads\/2025\/09\/actavis-promathazine-syrup.jpg","contentUrl":"https:\/\/buy-prescriptionz.com\/wp-content\/uploads\/2025\/09\/actavis-promathazine-syrup.jpg","width":400,"height":300},{"@type":"BreadcrumbList","@id":"https:\/\/buy-prescriptionz.com\/cs\/produkt\/koupit-actavis-promethazin-sirup-online\/#breadcrumb","itemListElement":[{"@type":"ListItem","position":1,"name":"Home","item":"https:\/\/buy-prescriptionz.com\/"},{"@type":"ListItem","position":2,"name":"Shop Painkillers Online","item":"https:\/\/buy-prescriptionz.com\/shop-painkillers-online\/"},{"@type":"ListItem","position":3,"name":"Buy Actavis Promethazine Syrup Online"}]},{"@type":"WebSite","@id":"https:\/\/buy-prescriptionz.com\/#website","url":"https:\/\/buy-prescriptionz.com\/","name":"Buy Prescriptionz","description":"Medicamentos en l\u00ednea","publisher":{"@id":"https:\/\/buy-prescriptionz.com\/#organization"},"potentialAction":[{"@type":"SearchAction","target":{"@type":"EntryPoint","urlTemplate":"https:\/\/buy-prescriptionz.com\/?s={search_term_string}"},"query-input":{"@type":"PropertyValueSpecification","valueRequired":true,"valueName":"search_term_string"}}],"inLanguage":"es"},{"@type":"Organization","@id":"https:\/\/buy-prescriptionz.com\/#organization","name":"Buy Prescriptionz","url":"https:\/\/buy-prescriptionz.com\/","logo":{"@type":"ImageObject","inLanguage":"es","@id":"https:\/\/buy-prescriptionz.com\/#\/schema\/logo\/image\/","url":"https:\/\/buy-prescriptionz.com\/wp-content\/uploads\/2023\/09\/logo.png","contentUrl":"https:\/\/buy-prescriptionz.com\/wp-content\/uploads\/2023\/09\/logo.png","width":350,"height":64,"caption":"Buy Prescriptionz"},"image":{"@id":"https:\/\/buy-prescriptionz.com\/#\/schema\/logo\/image\/"}}]}},"_links":{"self":[{"href":"https:\/\/buy-prescriptionz.com\/es\/wp-json\/wp\/v2\/product\/3001","targetHints":{"allow":["GET"]}}],"collection":[{"href":"https:\/\/buy-prescriptionz.com\/es\/wp-json\/wp\/v2\/product"}],"about":[{"href":"https:\/\/buy-prescriptionz.com\/es\/wp-json\/wp\/v2\/types\/product"}],"replies":[{"embeddable":true,"href":"https:\/\/buy-prescriptionz.com\/es\/wp-json\/wp\/v2\/comments?post=3001"}],"wp:featuredmedia":[{"embeddable":true,"href":"https:\/\/buy-prescriptionz.com\/es\/wp-json\/wp\/v2\/media\/3031"}],"wp:attachment":[{"href":"https:\/\/buy-prescriptionz.com\/es\/wp-json\/wp\/v2\/media?parent=3001"}],"wp:term":[{"taxonomy":"product_brand","embeddable":true,"href":"https:\/\/buy-prescriptionz.com\/es\/wp-json\/wp\/v2\/product_brand?post=3001"},{"taxonomy":"product_cat","embeddable":true,"href":"https:\/\/buy-prescriptionz.com\/es\/wp-json\/wp\/v2\/product_cat?post=3001"},{"taxonomy":"product_tag","embeddable":true,"href":"https:\/\/buy-prescriptionz.com\/es\/wp-json\/wp\/v2\/product_tag?post=3001"}],"curies":[{"name":"wp","href":"https:\/\/api.w.org\/{rel}","templated":true}]}}