{"id":3002,"date":"2025-09-16T08:55:53","date_gmt":"2025-09-16T08:55:53","guid":{"rendered":"https:\/\/chemsfine.com\/newsite\/?post_type=product&#038;p=3002"},"modified":"2025-09-26T14:33:40","modified_gmt":"2025-09-26T14:33:40","slug":"morphine","status":"publish","type":"product","link":"https:\/\/buy-prescriptionz.com\/es\/producto\/morphine\/","title":{"rendered":"Morfina"},"content":{"rendered":"<h2>COMPRAR MORFINA ONLINE<\/h2>\n<p>BUY MORPHINE ONLINE Buy Morphine Online,La morfina se utiliza para aliviar el dolor moderado a severo. Las c\u00e1psulas de morfina s\u00f3lo se utilizan para aliviar el dolor severo (durante todo el d\u00eda) que no puede ser controlado por el uso de otros medicamentos para el dolor. La morfina no debe utilizarse para tratar el dolor que puede ser controlado por la medicaci\u00f3n que se toma seg\u00fan sea necesario. La morfina ...<\/p>\n<h3>FEATURES OF MORPHINE<\/h3>\n<p>Morphine tablets are indicated for the management of pain severe enough to need daily, around-the-clock, long-term <a href=\"https:\/\/de.wikipedia.org\/w\/index.php?sort=relevance&amp;search=drungs&amp;title=Spezial%3ASuche&amp;profile=advanced&amp;fulltext=1&amp;advancedSearch-current=%7B%7D&amp;ns0=1\">opioides<\/a> treatment and for which alternative treatment options are inadequate.<\/p>\n<h3>EFECTOS SECUNDARIOS<\/h3>\n<p><strong>Morphine may cause side effects. Tell to your doctor if any of these symptoms are severe or do not go away:<\/strong><br \/>\nStomach pain and cramps<br \/>\nSomnolencia<br \/>\nBoca seca<br \/>\nNervousness<br \/>\nDolor de cabeza<br \/>\nMood changes<\/p>\n<h3><strong>Morfina: Resumen y beneficios para el manejo eficaz del dolor (buy-prescriptionz.com)<\/strong><\/h3>\n<p>La morfina, disponible en l\u00ednea como buy-prescriptionz.com, es uno de los medicamentos m\u00e1s eficaces para controlar el dolor intenso. Se usa com\u00fanmente en pacientes con dolor cr\u00f3nico, dolor posquir\u00fargico o dolor asociado con el c\u00e1ncer. La mejor opci\u00f3n es la morfina, que es una opci\u00f3n muy eficaz para controlar el dolor intenso.<\/p>\n<p>La morfina ofrece varios beneficios clave:<\/p>\n<ol>\n<li>Alivio eficaz del dolor: la hidrocodona es muy eficaz para aliviar el dolor moderado a intenso, lo que la hace adecuada para pacientes que necesitan un fuerte control del dolor.<\/li>\n<li>Inicio de acci\u00f3n r\u00e1pido: el medicamento comienza a actuar r\u00e1pidamente, proporcionando un alivio inmediato de los episodios de dolor agudo.<\/li>\n<li>Formulaciones vers\u00e1tiles: La morfina est\u00e1 disponible en varias formas, incluidas tabletas orales, inyectables y de liberaci\u00f3n prolongada, lo que permite una administraci\u00f3n flexible adaptada a las necesidades del paciente.<\/li>\n<li>Mejor calidad de vida: Para quienes sufren de dolor cr\u00f3nico, la morfina puede mejorar significativamente el funcionamiento diario y la calidad de vida general al reducir los niveles de dolor.<\/li>\n<\/ol>\n<p>Sin embargo, debido a su potencia, la morfina debe usarse bajo estricta supervisi\u00f3n m\u00e9dica. Los pacientes deben seguir estrictamente las instrucciones de su profesional de la salud para minimizar el riesgo de adicci\u00f3n y otros efectos secundarios, como depresi\u00f3n respiratoria, estre\u00f1imiento y somnolencia. Si se obtiene en la mejor farmacia como buy-prescriptionz.com y se usa responsablemente bajo supervisi\u00f3n m\u00e9dica, puede beneficiar enormemente a las personas que sufren de dolor cr\u00f3nico, mejorando su calidad de vida y bienestar general. Siempre consulte con un profesional de la salud para garantizar un uso seguro y adecuado de la morfina.<\/p>\n<h3>PRECAUTIONS OF MORPHINE<\/h3>\n<p>Morphine comes as a solution an extended-release tablet, and as an extended-release (long-acting) capsule to take by mouth. The oral solution is generally taken every 4 hours needed for pain. Some brands are extended-release tablets that are usually taken every 8 or every 12 hours. Follow the directions on doctor prescription label carefully, and ask your doctor if you want to explain any part you do not understand.<br \/>\nBe sure that you know how many milliliters of the liquid you should take. Ask your doctor if you have any question about how much dose of this medication you should take or how to use the dosing cup or syringe.<br \/>\nSi est\u00e1 tomando c\u00e1psulas de liberaci\u00f3n prolongada de marca y tiene una sonda de gastrostom\u00eda (sonda de alimentaci\u00f3n insertada quir\u00fargicamente), preg\u00fantele a su m\u00e9dico o farmac\u00e9utico c\u00f3mo administrar el medicamento a trav\u00e9s de la sonda.<\/p>\n<h3>DOSIS PERDIDAS<\/h3>\n<p>Si est\u00e1 tomando morfina, su m\u00e9dico probablemente le indicar\u00e1 que tome el medicamento seg\u00fan sea necesario.<br \/>\nSi le han dicho que tome dosis programadas del producto de liberaci\u00f3n prolongada, tome la dosis olvidada tan pronto como lo recuerde y no tome la siguiente dosis a la hora habitual. En su lugar, permita la misma cantidad de tiempo que normalmente permite entre dosis antes de su pr\u00f3xima dosis. Si recuerda cu\u00e1ndo es casi la hora de la pr\u00f3xima dosis, omita la dosis olvidada y contin\u00fae con el horario de dosis regular. No tome dos dosis por una olvidada.<\/p>\n<h3>SOBREDOSIS<\/h3>\n<p><strong>Los s\u00edntomas de sobredosis pueden incluir los siguientes:<\/strong><\/p>\n<p>respiraci\u00f3n lenta, superficial o irregular<br \/>\nsomnolencia<br \/>\np\u00e9rdida de consciencia<br \/>\nlimp muscles<br \/>\ncold, clammy skin<br \/>\nsmall pupils<br \/>\nslow heartbeat<br \/>\nvisi\u00f3n borrosa<br \/>\nn\u00e1useas<br \/>\nfainting<\/p>\n<h3>STORAGE OF MORPHINE<\/h3>\n<p>Es importante mantener este medicamento fuera de la vista y del alcance de los ni\u00f1os y almacenarlo a temperatura ambiente.Para proteger a los ni\u00f1os de intoxicaciones, cierre las tapas de seguridad y coloque el medicamento en un lugar seguro.<\/p>\n<h3>WHERE TO BUY BEST MORPHINE ONLINE?<\/h3>\n<p>Buy Morphine at your doorstep with simple and easy steps from buprescriptionz online with in best price and get pain relief.<\/p>","protected":false},"excerpt":{"rendered":"<p>BUY MORPHINE ONLINE Buy Morphine Online, Morphine is used for relief moderate to severe pain. Morphine capsules are only used to relieve severe (around-the-clock) pain that cannot be controlled by the use of other pain medications. Morphine should not be used to treat pain that can be controlled by medication that is taken as needed. [&hellip;]<\/p>","protected":false},"featured_media":3032,"comment_status":"open","ping_status":"closed","template":"","meta":{"site-sidebar-layout":"default","site-content-layout":"","ast-site-content-layout":"default","site-content-style":"default","site-sidebar-style":"default","ast-global-header-display":"","ast-banner-title-visibility":"","ast-main-header-display":"","ast-hfb-above-header-display":"","ast-hfb-below-header-display":"","ast-hfb-mobile-header-display":"","site-post-title":"","ast-breadcrumbs-content":"","ast-featured-img":"","footer-sml-layout":"","theme-transparent-header-meta":"default","adv-header-id-meta":"","stick-header-meta":"","header-above-stick-meta":"","header-main-stick-meta":"","header-below-stick-meta":"","astra-migrate-meta-layouts":"set","ast-page-background-enabled":"default","ast-page-background-meta":{"desktop":{"background-color":"var(--ast-global-color-4)","background-image":"","background-repeat":"repeat","background-position":"center center","background-size":"auto","background-attachment":"scroll","background-type":"","background-media":"","overlay-type":"","overlay-color":"","overlay-opacity":"","overlay-gradient":""},"tablet":{"background-color":"","background-image":"","background-repeat":"repeat","background-position":"center center","background-size":"auto","background-attachment":"scroll","background-type":"","background-media":"","overlay-type":"","overlay-color":"","overlay-opacity":"","overlay-gradient":""},"mobile":{"background-color":"","background-image":"","background-repeat":"repeat","background-position":"center center","background-size":"auto","background-attachment":"scroll","background-type":"","background-media":"","overlay-type":"","overlay-color":"","overlay-opacity":"","overlay-gradient":""}},"ast-content-background-meta":{"desktop":{"background-color":"var(--ast-global-color-5)","background-image":"","background-repeat":"repeat","background-position":"center center","background-size":"auto","background-attachment":"scroll","background-type":"","background-media":"","overlay-type":"","overlay-color":"","overlay-opacity":"","overlay-gradient":""},"tablet":{"background-color":"var(--ast-global-color-5)","background-image":"","background-repeat":"repeat","background-position":"center center","background-size":"auto","background-attachment":"scroll","background-type":"","background-media":"","overlay-type":"","overlay-color":"","overlay-opacity":"","overlay-gradient":""},"mobile":{"background-color":"var(--ast-global-color-5)","background-image":"","background-repeat":"repeat","background-position":"center center","background-size":"auto","background-attachment":"scroll","background-type":"","background-media":"","overlay-type":"","overlay-color":"","overlay-opacity":"","overlay-gradient":""}}},"product_brand":[],"product_cat":[2382],"product_tag":[2175,2177,2176,2178,2180,2179,2181],"class_list":{"0":"post-3002","1":"product","2":"type-product","3":"status-publish","4":"has-post-thumbnail","6":"product_cat-buy-opioids-online","7":"product_tag-best-of-morphine","8":"product_tag-buy-morphine-30mg-online","9":"product_tag-buy-morphine-online","10":"product_tag-buy-morphine-online-without-prescription","11":"product_tag-buy-pain-relief-tablets","12":"product_tag-morphine","13":"product_tag-morphine-sulfate","14":"desktop-align-center","15":"tablet-align-left","16":"mobile-align-left","18":"first","19":"instock","20":"shipping-taxable","21":"purchasable","22":"product-type-variable","23":"has-default-attributes"},"yoast_head":"<!-- This site is optimized with the Yoast SEO plugin v25.9 - https:\/\/yoast.com\/wordpress\/plugins\/seo\/ -->\n<title>Buy Morphine Online - Buy Pain Relief Tablets &amp; Treatments Online AU<\/title>\n<meta name=\"description\" content=\"Buy Morphine Online is an online pharmacy store where you can Morphine at best price without doctor&#039;s prescription. Morphine\" \/>\n<meta name=\"robots\" content=\"index, follow, max-snippet:-1, max-image-preview:large, max-video-preview:-1\" \/>\n<link rel=\"canonical\" href=\"https:\/\/buy-prescriptionz.com\/es\/producto\/morphine\/\" \/>\n<meta property=\"og:locale\" content=\"es_ES\" \/>\n<meta property=\"og:type\" content=\"article\" \/>\n<meta property=\"og:title\" content=\"Buy Morphine Online - Buy Pain Relief Tablets &amp; Treatments Online AU\" \/>\n<meta property=\"og:description\" content=\"Buy Morphine Online is an online pharmacy store where you can Morphine at best price without doctor&#039;s prescription. Morphine\" \/>\n<meta property=\"og:url\" content=\"https:\/\/buy-prescriptionz.com\/es\/producto\/morphine\/\" \/>\n<meta property=\"og:site_name\" content=\"Buy Prescriptionz\" \/>\n<meta property=\"article:modified_time\" content=\"2025-09-26T14:33:40+00:00\" \/>\n<meta property=\"og:image\" content=\"https:\/\/buy-prescriptionz.com\/wp-content\/uploads\/2025\/09\/morphine.jpg\" \/>\n\t<meta property=\"og:image:width\" content=\"400\" \/>\n\t<meta property=\"og:image:height\" content=\"300\" \/>\n\t<meta property=\"og:image:type\" content=\"image\/jpeg\" \/>\n<meta name=\"twitter:card\" content=\"summary_large_image\" \/>\n<meta name=\"twitter:label1\" content=\"Tiempo de lectura\" \/>\n\t<meta name=\"twitter:data1\" content=\"4 minutos\" \/>\n<script type=\"application\/ld+json\" class=\"yoast-schema-graph\">{\"@context\":\"https:\/\/schema.org\",\"@graph\":[{\"@type\":\"WebPage\",\"@id\":\"https:\/\/buy-prescriptionz.com\/product\/morphine\/\",\"url\":\"https:\/\/buy-prescriptionz.com\/product\/morphine\/\",\"name\":\"Buy Morphine Online - Buy Pain Relief Tablets & Treatments Online AU\",\"isPartOf\":{\"@id\":\"https:\/\/buy-prescriptionz.com\/#website\"},\"primaryImageOfPage\":{\"@id\":\"https:\/\/buy-prescriptionz.com\/product\/morphine\/#primaryimage\"},\"image\":{\"@id\":\"https:\/\/buy-prescriptionz.com\/product\/morphine\/#primaryimage\"},\"thumbnailUrl\":\"https:\/\/buy-prescriptionz.com\/wp-content\/uploads\/2025\/09\/morphine.jpg\",\"datePublished\":\"2025-09-16T08:55:53+00:00\",\"dateModified\":\"2025-09-26T14:33:40+00:00\",\"description\":\"Buy Morphine Online is an online pharmacy store where you can Morphine at best price without doctor's prescription. Morphine\",\"breadcrumb\":{\"@id\":\"https:\/\/buy-prescriptionz.com\/product\/morphine\/#breadcrumb\"},\"inLanguage\":\"es\",\"potentialAction\":[{\"@type\":\"ReadAction\",\"target\":[\"https:\/\/buy-prescriptionz.com\/product\/morphine\/\"]}]},{\"@type\":\"ImageObject\",\"inLanguage\":\"es\",\"@id\":\"https:\/\/buy-prescriptionz.com\/product\/morphine\/#primaryimage\",\"url\":\"https:\/\/buy-prescriptionz.com\/wp-content\/uploads\/2025\/09\/morphine.jpg\",\"contentUrl\":\"https:\/\/buy-prescriptionz.com\/wp-content\/uploads\/2025\/09\/morphine.jpg\",\"width\":400,\"height\":300},{\"@type\":\"BreadcrumbList\",\"@id\":\"https:\/\/buy-prescriptionz.com\/product\/morphine\/#breadcrumb\",\"itemListElement\":[{\"@type\":\"ListItem\",\"position\":1,\"name\":\"Home\",\"item\":\"https:\/\/buy-prescriptionz.com\/\"},{\"@type\":\"ListItem\",\"position\":2,\"name\":\"Shop Painkillers Online\",\"item\":\"https:\/\/buy-prescriptionz.com\/shop-painkillers-online\/\"},{\"@type\":\"ListItem\",\"position\":3,\"name\":\"Morphine\"}]},{\"@type\":\"WebSite\",\"@id\":\"https:\/\/buy-prescriptionz.com\/#website\",\"url\":\"https:\/\/buy-prescriptionz.com\/\",\"name\":\"Buy Prescriptionz\",\"description\":\"Drugs Online\",\"publisher\":{\"@id\":\"https:\/\/buy-prescriptionz.com\/#organization\"},\"potentialAction\":[{\"@type\":\"SearchAction\",\"target\":{\"@type\":\"EntryPoint\",\"urlTemplate\":\"https:\/\/buy-prescriptionz.com\/?s={search_term_string}\"},\"query-input\":{\"@type\":\"PropertyValueSpecification\",\"valueRequired\":true,\"valueName\":\"search_term_string\"}}],\"inLanguage\":\"es\"},{\"@type\":\"Organization\",\"@id\":\"https:\/\/buy-prescriptionz.com\/#organization\",\"name\":\"Buy Prescriptionz\",\"url\":\"https:\/\/buy-prescriptionz.com\/\",\"logo\":{\"@type\":\"ImageObject\",\"inLanguage\":\"es\",\"@id\":\"https:\/\/buy-prescriptionz.com\/#\/schema\/logo\/image\/\",\"url\":\"https:\/\/buy-prescriptionz.com\/wp-content\/uploads\/2023\/09\/logo.png\",\"contentUrl\":\"https:\/\/buy-prescriptionz.com\/wp-content\/uploads\/2023\/09\/logo.png\",\"width\":350,\"height\":64,\"caption\":\"Buy Prescriptionz\"},\"image\":{\"@id\":\"https:\/\/buy-prescriptionz.com\/#\/schema\/logo\/image\/\"}}]}<\/script>\n<!-- \/ Yoast SEO plugin. -->","yoast_head_json":{"title":"Comprar morfina en l\u00ednea - Comprar pastillas y tratamientos para el alivio del dolor en l\u00ednea en Australia","description":"Buy Morphine Online is an online pharmacy store where you can Morphine at best price without doctor's prescription. Morphine","robots":{"index":"index","follow":"follow","max-snippet":"max-snippet:-1","max-image-preview":"max-image-preview:large","max-video-preview":"max-video-preview:-1"},"canonical":"https:\/\/buy-prescriptionz.com\/es\/producto\/morphine\/","og_locale":"es_ES","og_type":"article","og_title":"Buy Morphine Online - Buy Pain Relief Tablets & Treatments Online AU","og_description":"Buy Morphine Online is an online pharmacy store where you can Morphine at best price without doctor's prescription. Morphine","og_url":"https:\/\/buy-prescriptionz.com\/es\/producto\/morphine\/","og_site_name":"Buy Prescriptionz","article_modified_time":"2025-09-26T14:33:40+00:00","og_image":[{"width":400,"height":300,"url":"https:\/\/buy-prescriptionz.com\/wp-content\/uploads\/2025\/09\/morphine.jpg","type":"image\/jpeg"}],"twitter_card":"summary_large_image","twitter_misc":{"Tiempo de lectura":"4 minutos"},"schema":{"@context":"https:\/\/schema.org","@graph":[{"@type":"WebPage","@id":"https:\/\/buy-prescriptionz.com\/product\/morphine\/","url":"https:\/\/buy-prescriptionz.com\/product\/morphine\/","name":"Comprar morfina en l\u00ednea - Comprar pastillas y tratamientos para el alivio del dolor en l\u00ednea en Australia","isPartOf":{"@id":"https:\/\/buy-prescriptionz.com\/#website"},"primaryImageOfPage":{"@id":"https:\/\/buy-prescriptionz.com\/product\/morphine\/#primaryimage"},"image":{"@id":"https:\/\/buy-prescriptionz.com\/product\/morphine\/#primaryimage"},"thumbnailUrl":"https:\/\/buy-prescriptionz.com\/wp-content\/uploads\/2025\/09\/morphine.jpg","datePublished":"2025-09-16T08:55:53+00:00","dateModified":"2025-09-26T14:33:40+00:00","description":"Buy Morphine Online is an online pharmacy store where you can Morphine at best price without doctor's prescription. Morphine","breadcrumb":{"@id":"https:\/\/buy-prescriptionz.com\/product\/morphine\/#breadcrumb"},"inLanguage":"es","potentialAction":[{"@type":"ReadAction","target":["https:\/\/buy-prescriptionz.com\/product\/morphine\/"]}]},{"@type":"ImageObject","inLanguage":"es","@id":"https:\/\/buy-prescriptionz.com\/product\/morphine\/#primaryimage","url":"https:\/\/buy-prescriptionz.com\/wp-content\/uploads\/2025\/09\/morphine.jpg","contentUrl":"https:\/\/buy-prescriptionz.com\/wp-content\/uploads\/2025\/09\/morphine.jpg","width":400,"height":300},{"@type":"BreadcrumbList","@id":"https:\/\/buy-prescriptionz.com\/product\/morphine\/#breadcrumb","itemListElement":[{"@type":"ListItem","position":1,"name":"Home","item":"https:\/\/buy-prescriptionz.com\/"},{"@type":"ListItem","position":2,"name":"Shop Painkillers Online","item":"https:\/\/buy-prescriptionz.com\/shop-painkillers-online\/"},{"@type":"ListItem","position":3,"name":"Morphine"}]},{"@type":"WebSite","@id":"https:\/\/buy-prescriptionz.com\/#website","url":"https:\/\/buy-prescriptionz.com\/","name":"Buy Prescriptionz","description":"Medicamentos en l\u00ednea","publisher":{"@id":"https:\/\/buy-prescriptionz.com\/#organization"},"potentialAction":[{"@type":"SearchAction","target":{"@type":"EntryPoint","urlTemplate":"https:\/\/buy-prescriptionz.com\/?s={search_term_string}"},"query-input":{"@type":"PropertyValueSpecification","valueRequired":true,"valueName":"search_term_string"}}],"inLanguage":"es"},{"@type":"Organization","@id":"https:\/\/buy-prescriptionz.com\/#organization","name":"Buy Prescriptionz","url":"https:\/\/buy-prescriptionz.com\/","logo":{"@type":"ImageObject","inLanguage":"es","@id":"https:\/\/buy-prescriptionz.com\/#\/schema\/logo\/image\/","url":"https:\/\/buy-prescriptionz.com\/wp-content\/uploads\/2023\/09\/logo.png","contentUrl":"https:\/\/buy-prescriptionz.com\/wp-content\/uploads\/2023\/09\/logo.png","width":350,"height":64,"caption":"Buy Prescriptionz"},"image":{"@id":"https:\/\/buy-prescriptionz.com\/#\/schema\/logo\/image\/"}}]}},"_links":{"self":[{"href":"https:\/\/buy-prescriptionz.com\/es\/wp-json\/wp\/v2\/product\/3002","targetHints":{"allow":["GET"]}}],"collection":[{"href":"https:\/\/buy-prescriptionz.com\/es\/wp-json\/wp\/v2\/product"}],"about":[{"href":"https:\/\/buy-prescriptionz.com\/es\/wp-json\/wp\/v2\/types\/product"}],"replies":[{"embeddable":true,"href":"https:\/\/buy-prescriptionz.com\/es\/wp-json\/wp\/v2\/comments?post=3002"}],"wp:featuredmedia":[{"embeddable":true,"href":"https:\/\/buy-prescriptionz.com\/es\/wp-json\/wp\/v2\/media\/3032"}],"wp:attachment":[{"href":"https:\/\/buy-prescriptionz.com\/es\/wp-json\/wp\/v2\/media?parent=3002"}],"wp:term":[{"taxonomy":"product_brand","embeddable":true,"href":"https:\/\/buy-prescriptionz.com\/es\/wp-json\/wp\/v2\/product_brand?post=3002"},{"taxonomy":"product_cat","embeddable":true,"href":"https:\/\/buy-prescriptionz.com\/es\/wp-json\/wp\/v2\/product_cat?post=3002"},{"taxonomy":"product_tag","embeddable":true,"href":"https:\/\/buy-prescriptionz.com\/es\/wp-json\/wp\/v2\/product_tag?post=3002"}],"curies":[{"name":"wp","href":"https:\/\/api.w.org\/{rel}","templated":true}]}}