{"id":3005,"date":"2025-09-16T08:55:53","date_gmt":"2025-09-16T08:55:53","guid":{"rendered":"https:\/\/chemsfine.com\/newsite\/?post_type=product&#038;p=3005"},"modified":"2025-09-25T13:10:00","modified_gmt":"2025-09-25T13:10:00","slug":"comprar-quaaludes-mandrax-en-linea","status":"publish","type":"product","link":"https:\/\/buy-prescriptionz.com\/es\/producto\/comprar-quaaludes-mandrax-en-linea\/","title":{"rendered":"Comprar Quaaludes (Mandrax) en l\u00ednea"},"content":{"rendered":"<h2>COMPRAR QUAALUDES (MANDRAX)ONLINE<\/h2>\n<p>Comprar Mandrax Online, Quaaludes son el nombre de marca para la droga sedante-hipn\u00f3tica Metacualona, que funcionan en el cuerpo humano como un depresor general del sistema nervioso central.Quaaludes son el nombre de marca para la droga sedante-hipn\u00f3tica Metacualona, que funcionan en el cuerpo humano como un depresor general del sistema nervioso central.<\/p>\n<h3>CARACTER\u00cdSTICAS DE LOS QUAALUDES<\/h3>\n<p>La metacualona es un depresor esencial del sistema nervioso que aumenta la actividad de los receptores GABA. Act\u00faa como sedante e hipn\u00f3tico. Los hipn\u00f3ticos ayudan a una persona a dormir y esa era la principal raz\u00f3n por la que se prescrib\u00eda Quaaludes a alguien.<\/p>\n<h3>PRECAUCIONES DE LAS CARACTER\u00cdSTICAS<\/h3>\n<p>Si usted est\u00e1 usando otros medicamentos, a continuaci\u00f3n, discutir con el m\u00e9dico acerca de ellos, para saber las causas de la combinaci\u00f3n de los efectos secundarios o no. Comprar Quaaludes (<a href=\"https:\/\/de.wikipedia.org\/w\/index.php?sort=relevance&amp;search=Quaaludes&amp;title=Spezial%3ASuche&amp;profile=advanced&amp;fulltext=1&amp;advancedSearch-current=%7B%7D&amp;ns0=1\">Mandrax<\/a>) En l\u00ednea<\/p>\n<h3><strong>Quaaludes (Mandrax) en l\u00ednea: descripci\u00f3n general y usos<\/strong><\/h3>\n<p>Los Quaaludes, tambi\u00e9n conocidos como Mandrax o Metacualona, \u200b\u200bse recetaban ampliamente en el pasado como sedantes e hipn\u00f3ticos. Se utilizaban principalmente para tratar el insomnio (dificultad para dormir) y la ansiedad debido a sus efectos calmantes sobre el sistema nervioso central. Los mejores Quaaludes act\u00faan potenciando la actividad de un neurotransmisor llamado \u00e1cido gamma-aminobut\u00edrico (GABA) en el cerebro, lo que ayuda a reducir la actividad cerebral e inducir la relajaci\u00f3n. Esto los hac\u00eda eficaces para ayudar a las personas a lograr un sue\u00f1o reparador y aliviar la ansiedad.<\/p>\n<h3>Beneficios de los Quaaludes (Mandrax)<\/h3>\n<ol>\n<li>Ayuda para dormir: Los Quaaludes resultaron muy eficaces para tratar el insomnio, ayudando a las personas a conciliar el sue\u00f1o y a mantener un sue\u00f1o profundo durante toda la noche. Esto result\u00f3 beneficioso para quienes padec\u00edan trastornos cr\u00f3nicos del sue\u00f1o.<\/li>\n<li>Alivio de la ansiedad: Tambi\u00e9n aliviaban los s\u00edntomas de ansiedad al calmar la mente y reducir el nerviosismo o la tensi\u00f3n. Esta doble acci\u00f3n los hac\u00eda \u00fatiles para personas que experimentaban tanto trastornos del sue\u00f1o como ansiedad.<\/li>\n<li>Relajaci\u00f3n muscular: Los Quaaludes ten\u00edan propiedades relajantes musculares, lo que contribu\u00eda a sus efectos terap\u00e9uticos. Pod\u00edan ayudar a aliviar la tensi\u00f3n muscular y promover la relajaci\u00f3n en todo el cuerpo.<\/li>\n<li>Efectos euf\u00f3ricos: M\u00e1s all\u00e1 de sus usos m\u00e9dicos, los Quaaludes tambi\u00e9n eran conocidos por sus efectos euf\u00f3ricos, lo que contribuy\u00f3 a su uso recreativo en el pasado. Sin embargo, esto tambi\u00e9n condujo a un abuso generalizado y problemas de adicci\u00f3n.<\/li>\n<li>Disponibilidad limitada: Debido a su potencial de abuso y adicci\u00f3n, los Quaaludes fueron clasificados como una sustancia controlada de la Lista I en muchos pa\u00edses. Esto significa que su disponibilidad legal es limitada y ya no se recetan para uso m\u00e9dico en la mayor\u00eda de los lugares.<\/li>\n<\/ol>\n<p>Si est\u00e1 considerando comprar Quaaludes (Mandrax) en l\u00ednea, es fundamental conocer su estado controlado y sus posibles riesgos. Para una compra segura y confiable, visite la mejor farmacia buy-prescriptionz.com. Esta plataforma confiable ofrece productos genuinos con env\u00edo discreto y precios competitivos. Siempre use los medicamentos de forma responsable y consulte con un profesional de la salud para obtener orientaci\u00f3n sobre el manejo de los trastornos del sue\u00f1o o la ansiedad.<\/p>\n<h3>EFECTOS SECUNDARIOS COMUNES AL TOMAR QUAALUDES<\/h3>\n<p>Mareos<br \/>\nV\u00f3mitos<br \/>\nN\u00e1useas<br \/>\nDiarrea<br \/>\nCalambres abdominales<br \/>\nPicaz\u00f3n<br \/>\nFatiga<br \/>\nErupciones<br \/>\nSudando<br \/>\nBoca seca<br \/>\nSensaci\u00f3n de hormigueo en brazos y piernas<br \/>\nReducci\u00f3n de la frecuencia card\u00edaca<br \/>\nConvulsiones<br \/>\nRespiraci\u00f3n lenta (respiraci\u00f3n).<\/p>\n<p>Los quaaludes tambi\u00e9n provocan disfunci\u00f3n er\u00e9ctil (DE) y dificultad para alcanzar el orgasmo. En dosis elevadas, puede causar confusi\u00f3n mental y p\u00e9rdida de control muscular (ataxia).<\/p>\n<h3>DOSIS PERDIDAS<\/h3>\n<p>A veces la gente se olvida de tomar la dosis correcta de vez en cuando. Nunca tome la dosis olvidada de Quaaludes como una dosis doble.<\/p>\n<h3>PROBLEMAS DE SOBREDOSIS<\/h3>\n<p>Los quaaludes son un depresor del sistema nervioso central (SNC). Otros ejemplos de depresores del SNC son el diazepam (Valium), el meprobamato y el gamma hidroxibutirato (GHB). Una sobredosis de Quaaludes puede provocar un coma, convulsiones o la muerte.<br \/>\nEl rango de dosis peligrosas var\u00eda mucho. Tomar dosis de m\u00e1s de 300 mg puede ser muy peligroso para los usuarios noveles. Dosis de Quaalude de unos 8.000 mg al d\u00eda pueden ser mortales; sin embargo, dosis a\u00fan m\u00e1s altas pueden no ser mortales dependiendo del estado de tolerancia del usuario. Dado que se fabrica en laboratorios ilegales, es posible que no se conozca la potencia y el contenido del producto real, lo que pone al usuario en un riesgo a\u00fan mayor.<\/p>\n<h3>ALMACENAMIENTO DE QUAALUDES<\/h3>\n<p>Conserve este medicamento a temperatura ambiente y no lo d\u00e9 nunca a los ni\u00f1os. No lo guarde nunca cerca de los ni\u00f1os.<\/p>\n<h3>\u00bfD\u00d3NDE COMPRAR QUAALUDES EN L\u00cdNEA?<\/h3>\n<p>Hay muchos sitios web de venta Quaaludes pero nunca tome la culpa y los medicamentos de caducidad de todos los sitios web. Tenga cuidado al comprar este producto. Buyprescription venta Quaaludes en l\u00ednea con el mejor precio y un producto genuino. Comprar Quaaludes en l\u00ednea<\/p>","protected":false},"excerpt":{"rendered":"<p>BUY QUAALUDES (MANDRAX)ONLINE Buy Mandrax Online, Quaaludes are the brand name for sedative-hypnotic drug Methaqualone, which function in the human body as a general central nervous system depressant.Quaaludes are the brand name for the sedative-hypnotic drug Methaqualone, which function in the human body as a general central nervous system depressant. QUAALUDES FEATURES Methaqualone is a [&hellip;]<\/p>","protected":false},"featured_media":3035,"comment_status":"open","ping_status":"closed","template":"","meta":{"site-sidebar-layout":"default","site-content-layout":"","ast-site-content-layout":"default","site-content-style":"default","site-sidebar-style":"default","ast-global-header-display":"","ast-banner-title-visibility":"","ast-main-header-display":"","ast-hfb-above-header-display":"","ast-hfb-below-header-display":"","ast-hfb-mobile-header-display":"","site-post-title":"","ast-breadcrumbs-content":"","ast-featured-img":"","footer-sml-layout":"","theme-transparent-header-meta":"default","adv-header-id-meta":"","stick-header-meta":"","header-above-stick-meta":"","header-main-stick-meta":"","header-below-stick-meta":"","astra-migrate-meta-layouts":"set","ast-page-background-enabled":"default","ast-page-background-meta":{"desktop":{"background-color":"var(--ast-global-color-4)","background-image":"","background-repeat":"repeat","background-position":"center center","background-size":"auto","background-attachment":"scroll","background-type":"","background-media":"","overlay-type":"","overlay-color":"","overlay-opacity":"","overlay-gradient":""},"tablet":{"background-color":"","background-image":"","background-repeat":"repeat","background-position":"center center","background-size":"auto","background-attachment":"scroll","background-type":"","background-media":"","overlay-type":"","overlay-color":"","overlay-opacity":"","overlay-gradient":""},"mobile":{"background-color":"","background-image":"","background-repeat":"repeat","background-position":"center center","background-size":"auto","background-attachment":"scroll","background-type":"","background-media":"","overlay-type":"","overlay-color":"","overlay-opacity":"","overlay-gradient":""}},"ast-content-background-meta":{"desktop":{"background-color":"var(--ast-global-color-5)","background-image":"","background-repeat":"repeat","background-position":"center center","background-size":"auto","background-attachment":"scroll","background-type":"","background-media":"","overlay-type":"","overlay-color":"","overlay-opacity":"","overlay-gradient":""},"tablet":{"background-color":"var(--ast-global-color-5)","background-image":"","background-repeat":"repeat","background-position":"center center","background-size":"auto","background-attachment":"scroll","background-type":"","background-media":"","overlay-type":"","overlay-color":"","overlay-opacity":"","overlay-gradient":""},"mobile":{"background-color":"var(--ast-global-color-5)","background-image":"","background-repeat":"repeat","background-position":"center center","background-size":"auto","background-attachment":"scroll","background-type":"","background-media":"","overlay-type":"","overlay-color":"","overlay-opacity":"","overlay-gradient":""}}},"product_brand":[],"product_cat":[2383],"product_tag":[1380,1381,1379,1374,1377,1376,1375,1378,1373,1372,1383,1382],"class_list":{"0":"post-3005","1":"product","2":"type-product","3":"status-publish","4":"has-post-thumbnail","6":"product_cat-buy-stimulants-online","7":"product_tag-buy-quaaludes-mandrax-in-canada","8":"product_tag-buy-quaaludes-mandrax-in-uk","9":"product_tag-buy-quaaludes-mandrax-in-usa","10":"product_tag-buy-quaaludes-mandrax-with-bitcoin","11":"product_tag-buy-quaaludes-mandrax-with-credit-card","12":"product_tag-buy-quaaludes-mandrax-with-money-gram","13":"product_tag-buy-quaaludes-mandrax-with-western-union","14":"product_tag-buy-quaaludes-mandrax-without-a-doctor","15":"product_tag-buy-quaaludes-mandrax-without-prescription","16":"product_tag-quaaludes-mandrax-for-sale","17":"product_tag-quaaludes-mandrax-pills","18":"product_tag-quaaludes-mandrax-tablets","19":"desktop-align-center","20":"tablet-align-left","21":"mobile-align-left","23":"first","24":"instock","25":"shipping-taxable","26":"purchasable","27":"product-type-variable","28":"has-default-attributes"},"yoast_head":"<!-- This site is optimized with the Yoast SEO plugin v25.9 - https:\/\/yoast.com\/wordpress\/plugins\/seo\/ -->\n<title>Buy Quaaludes Online - Mandrax for sale online at very cheap price<\/title>\n<meta name=\"description\" content=\"Buy Quaaludes Online, Buy Lemmon 714 Online. Buy Mandraz Online - BUY LEMMON 714 ONLINE cheap from Blue Pearl Medshop without prescription\" \/>\n<meta name=\"robots\" content=\"index, follow, max-snippet:-1, max-image-preview:large, max-video-preview:-1\" \/>\n<link rel=\"canonical\" href=\"https:\/\/buy-prescriptionz.com\/es\/producto\/comprar-quaaludes-mandrax-en-linea\/\" \/>\n<meta property=\"og:locale\" content=\"es_ES\" \/>\n<meta property=\"og:type\" content=\"article\" \/>\n<meta property=\"og:title\" content=\"Buy Quaaludes Online - Mandrax for sale online at very cheap price\" \/>\n<meta property=\"og:description\" content=\"Buy Quaaludes Online, Buy Lemmon 714 Online. Buy Mandraz Online - BUY LEMMON 714 ONLINE cheap from Blue Pearl Medshop without prescription\" \/>\n<meta property=\"og:url\" content=\"https:\/\/buy-prescriptionz.com\/es\/producto\/comprar-quaaludes-mandrax-en-linea\/\" \/>\n<meta property=\"og:site_name\" content=\"Buy Prescriptionz\" \/>\n<meta property=\"article:modified_time\" content=\"2025-09-25T13:10:00+00:00\" \/>\n<meta property=\"og:image\" content=\"https:\/\/buy-prescriptionz.com\/wp-content\/uploads\/2025\/09\/quaaludes-mandrax.jpg\" \/>\n\t<meta property=\"og:image:width\" content=\"400\" \/>\n\t<meta property=\"og:image:height\" content=\"300\" \/>\n\t<meta property=\"og:image:type\" content=\"image\/jpeg\" \/>\n<meta name=\"twitter:card\" content=\"summary_large_image\" \/>\n<meta name=\"twitter:label1\" content=\"Tiempo de lectura\" \/>\n\t<meta name=\"twitter:data1\" content=\"4 minutos\" \/>\n<script type=\"application\/ld+json\" class=\"yoast-schema-graph\">{\"@context\":\"https:\/\/schema.org\",\"@graph\":[{\"@type\":\"WebPage\",\"@id\":\"https:\/\/buy-prescriptionz.com\/product\/buy-quaaludes-mandrax-online\/\",\"url\":\"https:\/\/buy-prescriptionz.com\/product\/buy-quaaludes-mandrax-online\/\",\"name\":\"Buy Quaaludes Online - Mandrax for sale online at very cheap price\",\"isPartOf\":{\"@id\":\"https:\/\/buy-prescriptionz.com\/#website\"},\"primaryImageOfPage\":{\"@id\":\"https:\/\/buy-prescriptionz.com\/product\/buy-quaaludes-mandrax-online\/#primaryimage\"},\"image\":{\"@id\":\"https:\/\/buy-prescriptionz.com\/product\/buy-quaaludes-mandrax-online\/#primaryimage\"},\"thumbnailUrl\":\"https:\/\/buy-prescriptionz.com\/wp-content\/uploads\/2025\/09\/quaaludes-mandrax.jpg\",\"datePublished\":\"2025-09-16T08:55:53+00:00\",\"dateModified\":\"2025-09-25T13:10:00+00:00\",\"description\":\"Buy Quaaludes Online, Buy Lemmon 714 Online. Buy Mandraz Online - BUY LEMMON 714 ONLINE cheap from Blue Pearl Medshop without prescription\",\"breadcrumb\":{\"@id\":\"https:\/\/buy-prescriptionz.com\/product\/buy-quaaludes-mandrax-online\/#breadcrumb\"},\"inLanguage\":\"es\",\"potentialAction\":[{\"@type\":\"ReadAction\",\"target\":[\"https:\/\/buy-prescriptionz.com\/product\/buy-quaaludes-mandrax-online\/\"]}]},{\"@type\":\"ImageObject\",\"inLanguage\":\"es\",\"@id\":\"https:\/\/buy-prescriptionz.com\/product\/buy-quaaludes-mandrax-online\/#primaryimage\",\"url\":\"https:\/\/buy-prescriptionz.com\/wp-content\/uploads\/2025\/09\/quaaludes-mandrax.jpg\",\"contentUrl\":\"https:\/\/buy-prescriptionz.com\/wp-content\/uploads\/2025\/09\/quaaludes-mandrax.jpg\",\"width\":400,\"height\":300},{\"@type\":\"BreadcrumbList\",\"@id\":\"https:\/\/buy-prescriptionz.com\/product\/buy-quaaludes-mandrax-online\/#breadcrumb\",\"itemListElement\":[{\"@type\":\"ListItem\",\"position\":1,\"name\":\"Home\",\"item\":\"https:\/\/buy-prescriptionz.com\/\"},{\"@type\":\"ListItem\",\"position\":2,\"name\":\"Shop Painkillers Online\",\"item\":\"https:\/\/buy-prescriptionz.com\/shop-painkillers-online\/\"},{\"@type\":\"ListItem\",\"position\":3,\"name\":\"Buy Quaaludes (Mandrax) Online\"}]},{\"@type\":\"WebSite\",\"@id\":\"https:\/\/buy-prescriptionz.com\/#website\",\"url\":\"https:\/\/buy-prescriptionz.com\/\",\"name\":\"Buy Prescriptionz\",\"description\":\"Drugs Online\",\"publisher\":{\"@id\":\"https:\/\/buy-prescriptionz.com\/#organization\"},\"potentialAction\":[{\"@type\":\"SearchAction\",\"target\":{\"@type\":\"EntryPoint\",\"urlTemplate\":\"https:\/\/buy-prescriptionz.com\/?s={search_term_string}\"},\"query-input\":{\"@type\":\"PropertyValueSpecification\",\"valueRequired\":true,\"valueName\":\"search_term_string\"}}],\"inLanguage\":\"es\"},{\"@type\":\"Organization\",\"@id\":\"https:\/\/buy-prescriptionz.com\/#organization\",\"name\":\"Buy Prescriptionz\",\"url\":\"https:\/\/buy-prescriptionz.com\/\",\"logo\":{\"@type\":\"ImageObject\",\"inLanguage\":\"es\",\"@id\":\"https:\/\/buy-prescriptionz.com\/#\/schema\/logo\/image\/\",\"url\":\"https:\/\/buy-prescriptionz.com\/wp-content\/uploads\/2023\/09\/logo.png\",\"contentUrl\":\"https:\/\/buy-prescriptionz.com\/wp-content\/uploads\/2023\/09\/logo.png\",\"width\":350,\"height\":64,\"caption\":\"Buy Prescriptionz\"},\"image\":{\"@id\":\"https:\/\/buy-prescriptionz.com\/#\/schema\/logo\/image\/\"}}]}<\/script>\n<!-- \/ Yoast SEO plugin. -->","yoast_head_json":{"title":"Comprar Quaaludes Online - Mandrax en venta online a precio muy barato","description":"Comprar Quaaludes Online, Comprar Lemmon 714 Online. Comprar Mandraz Online - COMPRAR LEMMON 714 ONLINE barato en Blue Pearl Medshop sin receta","robots":{"index":"index","follow":"follow","max-snippet":"max-snippet:-1","max-image-preview":"max-image-preview:large","max-video-preview":"max-video-preview:-1"},"canonical":"https:\/\/buy-prescriptionz.com\/es\/producto\/comprar-quaaludes-mandrax-en-linea\/","og_locale":"es_ES","og_type":"article","og_title":"Buy Quaaludes Online - Mandrax for sale online at very cheap price","og_description":"Buy Quaaludes Online, Buy Lemmon 714 Online. Buy Mandraz Online - BUY LEMMON 714 ONLINE cheap from Blue Pearl Medshop without prescription","og_url":"https:\/\/buy-prescriptionz.com\/es\/producto\/comprar-quaaludes-mandrax-en-linea\/","og_site_name":"Buy Prescriptionz","article_modified_time":"2025-09-25T13:10:00+00:00","og_image":[{"width":400,"height":300,"url":"https:\/\/buy-prescriptionz.com\/wp-content\/uploads\/2025\/09\/quaaludes-mandrax.jpg","type":"image\/jpeg"}],"twitter_card":"summary_large_image","twitter_misc":{"Tiempo de lectura":"4 minutos"},"schema":{"@context":"https:\/\/schema.org","@graph":[{"@type":"WebPage","@id":"https:\/\/buy-prescriptionz.com\/product\/buy-quaaludes-mandrax-online\/","url":"https:\/\/buy-prescriptionz.com\/product\/buy-quaaludes-mandrax-online\/","name":"Comprar Quaaludes Online - Mandrax en venta online a precio muy barato","isPartOf":{"@id":"https:\/\/buy-prescriptionz.com\/#website"},"primaryImageOfPage":{"@id":"https:\/\/buy-prescriptionz.com\/product\/buy-quaaludes-mandrax-online\/#primaryimage"},"image":{"@id":"https:\/\/buy-prescriptionz.com\/product\/buy-quaaludes-mandrax-online\/#primaryimage"},"thumbnailUrl":"https:\/\/buy-prescriptionz.com\/wp-content\/uploads\/2025\/09\/quaaludes-mandrax.jpg","datePublished":"2025-09-16T08:55:53+00:00","dateModified":"2025-09-25T13:10:00+00:00","description":"Comprar Quaaludes Online, Comprar Lemmon 714 Online. Comprar Mandraz Online - COMPRAR LEMMON 714 ONLINE barato en Blue Pearl Medshop sin receta","breadcrumb":{"@id":"https:\/\/buy-prescriptionz.com\/product\/buy-quaaludes-mandrax-online\/#breadcrumb"},"inLanguage":"es","potentialAction":[{"@type":"ReadAction","target":["https:\/\/buy-prescriptionz.com\/product\/buy-quaaludes-mandrax-online\/"]}]},{"@type":"ImageObject","inLanguage":"es","@id":"https:\/\/buy-prescriptionz.com\/product\/buy-quaaludes-mandrax-online\/#primaryimage","url":"https:\/\/buy-prescriptionz.com\/wp-content\/uploads\/2025\/09\/quaaludes-mandrax.jpg","contentUrl":"https:\/\/buy-prescriptionz.com\/wp-content\/uploads\/2025\/09\/quaaludes-mandrax.jpg","width":400,"height":300},{"@type":"BreadcrumbList","@id":"https:\/\/buy-prescriptionz.com\/product\/buy-quaaludes-mandrax-online\/#breadcrumb","itemListElement":[{"@type":"ListItem","position":1,"name":"Home","item":"https:\/\/buy-prescriptionz.com\/"},{"@type":"ListItem","position":2,"name":"Shop Painkillers Online","item":"https:\/\/buy-prescriptionz.com\/shop-painkillers-online\/"},{"@type":"ListItem","position":3,"name":"Buy Quaaludes (Mandrax) Online"}]},{"@type":"WebSite","@id":"https:\/\/buy-prescriptionz.com\/#website","url":"https:\/\/buy-prescriptionz.com\/","name":"Buy Prescriptionz","description":"Medicamentos en l\u00ednea","publisher":{"@id":"https:\/\/buy-prescriptionz.com\/#organization"},"potentialAction":[{"@type":"SearchAction","target":{"@type":"EntryPoint","urlTemplate":"https:\/\/buy-prescriptionz.com\/?s={search_term_string}"},"query-input":{"@type":"PropertyValueSpecification","valueRequired":true,"valueName":"search_term_string"}}],"inLanguage":"es"},{"@type":"Organization","@id":"https:\/\/buy-prescriptionz.com\/#organization","name":"Buy Prescriptionz","url":"https:\/\/buy-prescriptionz.com\/","logo":{"@type":"ImageObject","inLanguage":"es","@id":"https:\/\/buy-prescriptionz.com\/#\/schema\/logo\/image\/","url":"https:\/\/buy-prescriptionz.com\/wp-content\/uploads\/2023\/09\/logo.png","contentUrl":"https:\/\/buy-prescriptionz.com\/wp-content\/uploads\/2023\/09\/logo.png","width":350,"height":64,"caption":"Buy Prescriptionz"},"image":{"@id":"https:\/\/buy-prescriptionz.com\/#\/schema\/logo\/image\/"}}]}},"_links":{"self":[{"href":"https:\/\/buy-prescriptionz.com\/es\/wp-json\/wp\/v2\/product\/3005","targetHints":{"allow":["GET"]}}],"collection":[{"href":"https:\/\/buy-prescriptionz.com\/es\/wp-json\/wp\/v2\/product"}],"about":[{"href":"https:\/\/buy-prescriptionz.com\/es\/wp-json\/wp\/v2\/types\/product"}],"replies":[{"embeddable":true,"href":"https:\/\/buy-prescriptionz.com\/es\/wp-json\/wp\/v2\/comments?post=3005"}],"wp:featuredmedia":[{"embeddable":true,"href":"https:\/\/buy-prescriptionz.com\/es\/wp-json\/wp\/v2\/media\/3035"}],"wp:attachment":[{"href":"https:\/\/buy-prescriptionz.com\/es\/wp-json\/wp\/v2\/media?parent=3005"}],"wp:term":[{"taxonomy":"product_brand","embeddable":true,"href":"https:\/\/buy-prescriptionz.com\/es\/wp-json\/wp\/v2\/product_brand?post=3005"},{"taxonomy":"product_cat","embeddable":true,"href":"https:\/\/buy-prescriptionz.com\/es\/wp-json\/wp\/v2\/product_cat?post=3005"},{"taxonomy":"product_tag","embeddable":true,"href":"https:\/\/buy-prescriptionz.com\/es\/wp-json\/wp\/v2\/product_tag?post=3005"}],"curies":[{"name":"wp","href":"https:\/\/api.w.org\/{rel}","templated":true}]}}