{"id":3007,"date":"2025-09-16T08:55:54","date_gmt":"2025-09-16T08:55:54","guid":{"rendered":"https:\/\/chemsfine.com\/newsite\/?post_type=product&#038;p=3007"},"modified":"2025-12-15T09:00:58","modified_gmt":"2025-12-15T09:00:58","slug":"comprar-metanfetaminas-en-linea","status":"publish","type":"product","link":"https:\/\/buy-prescriptionz.com\/es\/producto\/comprar-metanfetaminas-en-linea\/","title":{"rendered":"Comprar metanfetaminas en l\u00ednea"},"content":{"rendered":"<h2>COMPRAR METANFETAMINA EN L\u00cdNEA<\/h2>\n<p>Comprar metanfetaminas en l\u00ednea, la metanfetamina existe como dos enanti\u00f3meros: levometanfetamina y dextrometanfetamina. La metanfetamina se refiere apropiadamente a una sustancia qu\u00edmica espec\u00edfica, la base libre rac\u00e9mica, que es una mezcla igual de levometanfetamina y dextrometanfetamina en sus formas de amina pura.<\/p>\n<h3>CARACTER\u00cdSTICAS DE LA METANFETAMINA<\/h3>\n<p>La metanfetamina es una droga estimulante que se suele consumir en forma de polvo blanco y amargo o en pastillas. Es una forma de la droga que se asemeja a fragmentos de vidrio, piedras brillantes de color blanco azulado o simplemente cristales blancos. Su composici\u00f3n qu\u00edmica es similar a la de la anfetamina [un f\u00e1rmaco utilizado para tratar el trastorno por d\u00e9ficit de atenci\u00f3n e hiperactividad y el trastorno del sue\u00f1o].<\/p>\n<h3>TOME LAS SIGUIENTES PRECAUCIONES<\/h3>\n<p>Compre metanfetaminas en l\u00ednea, informe a su m\u00e9dico r\u00e1pidamente si usted o su familia nota alg\u00fan cambio inusual en el comportamiento, como un aumento en la agresi\u00f3n, hostilidad, agitaci\u00f3n o irritabilidad. Si tiene alucinaciones o alg\u00fan pensamiento inusual, especialmente si son nuevos o empeoran, consulte r\u00e1pidamente a su m\u00e9dico.<br \/>\nEste medicamento, al tomarlo, puede causar problemas card\u00edacos y vasculares graves. Esto es m\u00e1s probable en pacientes con antecedentes familiares de cardiopat\u00edas. Consulte con su m\u00e9dico si presenta dolor en el pecho, dificultad para respirar o desmayos mientras toma este medicamento.<\/p>\n<h3>CONOZCA LOS EFECTOS SECUNDARIOS AL TOMAR DEXEDRINE<\/h3>\n<p>Al consumir metanfetamina, se crea una falsa sensaci\u00f3n de bienestar y energ\u00eda, por lo que la persona tiende a forzar su cuerpo m\u00e1s r\u00e1pido y a ir m\u00e1s all\u00e1 de lo que deber\u00eda. Los consumidores de drogas experimentan un colapso f\u00edsico y mental severo tras los efectos de la droga.<br \/>\nDado que el consumo continuo de esta droga disminuye la sensaci\u00f3n natural de hambre, los usuarios pueden experimentar una p\u00e9rdida de peso considerable. Los efectos negativos de esta droga (metanfetamina) incluyen alteraci\u00f3n del sue\u00f1o, hiperactividad, n\u00e1useas, delirios de poder, aumento de la agresividad y de la irritabilidad.<\/p>\n<h3>PROBLEMAS DE OMISI\u00d3N DE DOSIS<\/h3>\n<p>Si olvida una dosis, t\u00f3mela tan pronto como sea posible. Si es la hora de la siguiente dosis, s\u00e1ltese la dosis olvidada y contin\u00fae con su horario habitual. No duplique la dosis para ponerse al d\u00eda.<\/p>\n<h3>LA SOBREDOSIS PUEDE CAUSAR<\/h3>\n<p>Cuando tomamos una sobredosis de este estimulante sufrimos: pupilas dilatadas, ritmo card\u00edaco r\u00e1pido, lento o irregular, dificultad para respirar, dolores en el pecho, ataque card\u00edaco, accidente cerebrovascular, dolor corporal alto, presi\u00f3n arterial alta, dolor de est\u00f3mago, estado mental alterado. Tambi\u00e9n pueden causarse algunos otros problemas graves, as\u00ed que tenga cuidado con la sobredosis. Si toma una sobredosis, observe sus efectos y consulte a su proveedor de atenci\u00f3n m\u00e9dica para evitar problemas de salud graves.<\/p>\n<h3>ALMACENAMIENTO DE METANFETAMINA<\/h3>\n<p>La metanfetamina debe almacenarse en recipientes herm\u00e9ticos y livianos y las tabletas de liberaci\u00f3n prolongada deben almacenarse en recipientes bien cerrados; tanto las tabletas de metanfetamina como las tabletas de liberaci\u00f3n prolongada deben almacenarse a una temperatura inferior a 40 \u00b0C, preferiblemente entre 15 y 30 \u00b0C.<\/p>\n<h3>\u00bfD\u00d3NDE COMPRAR METANFETAMINA ONLINE?<\/h3>\n<p>La metanfetamina es un anest\u00e9sico local que utilizan los profesionales de la salud antes de procedimientos quir\u00fargicos que involucran las cavidades nasal, lar\u00edngea u oral. Se considera la mejor opci\u00f3n para el uso de este medicamento. Puede comprar metanfetamina f\u00e1cilmente en buyprescriptionz al mejor precio.<\/p>","protected":false},"excerpt":{"rendered":"<p>BUY METHAMPHETAMINE ONLINE Buy Methamphetamines Online,Methamphetamine exists as two enantiomers: levo-methamphetamine and dextro-methamphetamine Methamphetamine properly refers to a specific chemical, the racemic free base, which is an equal mixture of levomethamphetamine and dextromethamphetamine in their pure amine forms. FEATURES OF METHAMPHETAMINE Methamphetamine is a stimulant drug usually used as a white and bitter-tasting powder or [&hellip;]<\/p>","protected":false},"featured_media":3037,"comment_status":"open","ping_status":"closed","template":"","meta":{"site-sidebar-layout":"default","site-content-layout":"","ast-site-content-layout":"default","site-content-style":"default","site-sidebar-style":"default","ast-global-header-display":"","ast-banner-title-visibility":"","ast-main-header-display":"","ast-hfb-above-header-display":"","ast-hfb-below-header-display":"","ast-hfb-mobile-header-display":"","site-post-title":"","ast-breadcrumbs-content":"","ast-featured-img":"","footer-sml-layout":"","theme-transparent-header-meta":"default","adv-header-id-meta":"","stick-header-meta":"","header-above-stick-meta":"","header-main-stick-meta":"","header-below-stick-meta":"","astra-migrate-meta-layouts":"set","ast-page-background-enabled":"default","ast-page-background-meta":{"desktop":{"background-color":"var(--ast-global-color-4)","background-image":"","background-repeat":"repeat","background-position":"center center","background-size":"auto","background-attachment":"scroll","background-type":"","background-media":"","overlay-type":"","overlay-color":"","overlay-opacity":"","overlay-gradient":""},"tablet":{"background-color":"","background-image":"","background-repeat":"repeat","background-position":"center center","background-size":"auto","background-attachment":"scroll","background-type":"","background-media":"","overlay-type":"","overlay-color":"","overlay-opacity":"","overlay-gradient":""},"mobile":{"background-color":"","background-image":"","background-repeat":"repeat","background-position":"center center","background-size":"auto","background-attachment":"scroll","background-type":"","background-media":"","overlay-type":"","overlay-color":"","overlay-opacity":"","overlay-gradient":""}},"ast-content-background-meta":{"desktop":{"background-color":"var(--ast-global-color-5)","background-image":"","background-repeat":"repeat","background-position":"center center","background-size":"auto","background-attachment":"scroll","background-type":"","background-media":"","overlay-type":"","overlay-color":"","overlay-opacity":"","overlay-gradient":""},"tablet":{"background-color":"var(--ast-global-color-5)","background-image":"","background-repeat":"repeat","background-position":"center center","background-size":"auto","background-attachment":"scroll","background-type":"","background-media":"","overlay-type":"","overlay-color":"","overlay-opacity":"","overlay-gradient":""},"mobile":{"background-color":"var(--ast-global-color-5)","background-image":"","background-repeat":"repeat","background-position":"center center","background-size":"auto","background-attachment":"scroll","background-type":"","background-media":"","overlay-type":"","overlay-color":"","overlay-opacity":"","overlay-gradient":""}}},"product_brand":[],"product_cat":[2383],"product_tag":[1440,1441,1439,1434,1437,1436,1435,1438,1433,1432,1443,1442],"class_list":{"0":"post-3007","1":"product","2":"type-product","3":"status-publish","4":"has-post-thumbnail","6":"product_cat-buy-stimulants-online","7":"product_tag-buy-methamphetamines-in-canada","8":"product_tag-buy-methamphetamines-in-uk","9":"product_tag-buy-methamphetamines-in-usa","10":"product_tag-buy-methamphetamines-with-bitcoin","11":"product_tag-buy-methamphetamines-with-credit-card","12":"product_tag-buy-methamphetamines-with-money-gram","13":"product_tag-buy-methamphetamines-with-western-union","14":"product_tag-buy-methamphetamines-without-a-doctor","15":"product_tag-buy-methamphetamines-without-prescription","16":"product_tag-methamphetamines-for-sale","17":"product_tag-methamphetamines-pills","18":"product_tag-methamphetamines-tablets","19":"desktop-align-center","20":"tablet-align-left","21":"mobile-align-left","23":"first","24":"instock","25":"shipping-taxable","26":"purchasable","27":"product-type-variable","28":"has-default-attributes"},"yoast_head":"<!-- This site is optimized with the Yoast SEO plugin v25.9 - https:\/\/yoast.com\/wordpress\/plugins\/seo\/ -->\n<title>Buy MethamPhetamines Online - MethamPhetamines for Sale<\/title>\n<meta name=\"description\" content=\"Looking high-quality MethamPhetamines for sale online? Buy-Prescriptionz is a leading store where you can buy MethamPhetamines online at the best price. Order Now with Discreet Shipping!\" \/>\n<meta name=\"robots\" content=\"index, follow, max-snippet:-1, max-image-preview:large, max-video-preview:-1\" \/>\n<link rel=\"canonical\" href=\"https:\/\/buy-prescriptionz.com\/es\/producto\/comprar-metanfetaminas-en-linea\/\" \/>\n<meta property=\"og:locale\" content=\"es_ES\" \/>\n<meta property=\"og:type\" content=\"article\" \/>\n<meta property=\"og:title\" content=\"Buy MethamPhetamines Online - MethamPhetamines for Sale\" \/>\n<meta property=\"og:description\" content=\"Looking high-quality MethamPhetamines for sale online? Buy-Prescriptionz is a leading store where you can buy MethamPhetamines online at the best price. Order Now with Discreet Shipping!\" \/>\n<meta property=\"og:url\" content=\"https:\/\/buy-prescriptionz.com\/es\/producto\/comprar-metanfetaminas-en-linea\/\" \/>\n<meta property=\"og:site_name\" content=\"Buy Prescriptionz\" \/>\n<meta property=\"article:modified_time\" content=\"2025-12-15T09:00:58+00:00\" \/>\n<meta property=\"og:image\" content=\"https:\/\/buy-prescriptionz.com\/wp-content\/uploads\/2025\/09\/methamphetamines.jpg\" \/>\n\t<meta property=\"og:image:width\" content=\"400\" \/>\n\t<meta property=\"og:image:height\" content=\"300\" \/>\n\t<meta property=\"og:image:type\" content=\"image\/jpeg\" \/>\n<meta name=\"twitter:card\" content=\"summary_large_image\" \/>\n<meta name=\"twitter:label1\" content=\"Tiempo de lectura\" \/>\n\t<meta name=\"twitter:data1\" content=\"3 minutos\" \/>\n<script type=\"application\/ld+json\" class=\"yoast-schema-graph\">{\"@context\":\"https:\/\/schema.org\",\"@graph\":[{\"@type\":\"WebPage\",\"@id\":\"https:\/\/buy-prescriptionz.com\/product\/buy-methamphetamines-online\/\",\"url\":\"https:\/\/buy-prescriptionz.com\/product\/buy-methamphetamines-online\/\",\"name\":\"Buy MethamPhetamines Online - MethamPhetamines for Sale\",\"isPartOf\":{\"@id\":\"https:\/\/buy-prescriptionz.com\/#website\"},\"primaryImageOfPage\":{\"@id\":\"https:\/\/buy-prescriptionz.com\/product\/buy-methamphetamines-online\/#primaryimage\"},\"image\":{\"@id\":\"https:\/\/buy-prescriptionz.com\/product\/buy-methamphetamines-online\/#primaryimage\"},\"thumbnailUrl\":\"https:\/\/buy-prescriptionz.com\/wp-content\/uploads\/2025\/09\/methamphetamines.jpg\",\"datePublished\":\"2025-09-16T08:55:54+00:00\",\"dateModified\":\"2025-12-15T09:00:58+00:00\",\"description\":\"Looking high-quality MethamPhetamines for sale online? Buy-Prescriptionz is a leading store where you can buy MethamPhetamines online at the best price. Order Now with Discreet Shipping!\",\"breadcrumb\":{\"@id\":\"https:\/\/buy-prescriptionz.com\/product\/buy-methamphetamines-online\/#breadcrumb\"},\"inLanguage\":\"es\",\"potentialAction\":[{\"@type\":\"ReadAction\",\"target\":[\"https:\/\/buy-prescriptionz.com\/product\/buy-methamphetamines-online\/\"]}]},{\"@type\":\"ImageObject\",\"inLanguage\":\"es\",\"@id\":\"https:\/\/buy-prescriptionz.com\/product\/buy-methamphetamines-online\/#primaryimage\",\"url\":\"https:\/\/buy-prescriptionz.com\/wp-content\/uploads\/2025\/09\/methamphetamines.jpg\",\"contentUrl\":\"https:\/\/buy-prescriptionz.com\/wp-content\/uploads\/2025\/09\/methamphetamines.jpg\",\"width\":400,\"height\":300},{\"@type\":\"BreadcrumbList\",\"@id\":\"https:\/\/buy-prescriptionz.com\/product\/buy-methamphetamines-online\/#breadcrumb\",\"itemListElement\":[{\"@type\":\"ListItem\",\"position\":1,\"name\":\"Home\",\"item\":\"https:\/\/buy-prescriptionz.com\/\"},{\"@type\":\"ListItem\",\"position\":2,\"name\":\"Shop Painkillers Online\",\"item\":\"https:\/\/buy-prescriptionz.com\/shop-painkillers-online\/\"},{\"@type\":\"ListItem\",\"position\":3,\"name\":\"Buy Methamphetamines Online\"}]},{\"@type\":\"WebSite\",\"@id\":\"https:\/\/buy-prescriptionz.com\/#website\",\"url\":\"https:\/\/buy-prescriptionz.com\/\",\"name\":\"Buy Prescriptionz\",\"description\":\"Drugs Online\",\"publisher\":{\"@id\":\"https:\/\/buy-prescriptionz.com\/#organization\"},\"potentialAction\":[{\"@type\":\"SearchAction\",\"target\":{\"@type\":\"EntryPoint\",\"urlTemplate\":\"https:\/\/buy-prescriptionz.com\/?s={search_term_string}\"},\"query-input\":{\"@type\":\"PropertyValueSpecification\",\"valueRequired\":true,\"valueName\":\"search_term_string\"}}],\"inLanguage\":\"es\"},{\"@type\":\"Organization\",\"@id\":\"https:\/\/buy-prescriptionz.com\/#organization\",\"name\":\"Buy Prescriptionz\",\"url\":\"https:\/\/buy-prescriptionz.com\/\",\"logo\":{\"@type\":\"ImageObject\",\"inLanguage\":\"es\",\"@id\":\"https:\/\/buy-prescriptionz.com\/#\/schema\/logo\/image\/\",\"url\":\"https:\/\/buy-prescriptionz.com\/wp-content\/uploads\/2023\/09\/logo.png\",\"contentUrl\":\"https:\/\/buy-prescriptionz.com\/wp-content\/uploads\/2023\/09\/logo.png\",\"width\":350,\"height\":64,\"caption\":\"Buy Prescriptionz\"},\"image\":{\"@id\":\"https:\/\/buy-prescriptionz.com\/#\/schema\/logo\/image\/\"}}]}<\/script>\n<!-- \/ Yoast SEO plugin. -->","yoast_head_json":{"title":"Comprar metanfetaminas en l\u00ednea - Metanfetaminas a la venta","description":"\u00bfBuscas metanfetaminas de alta calidad a la venta en l\u00ednea? Buy-Prescriptionz es una tienda l\u00edder donde puedes comprar metanfetaminas en l\u00ednea al mejor precio. \u00a1Compra ahora con env\u00edo discreto!","robots":{"index":"index","follow":"follow","max-snippet":"max-snippet:-1","max-image-preview":"max-image-preview:large","max-video-preview":"max-video-preview:-1"},"canonical":"https:\/\/buy-prescriptionz.com\/es\/producto\/comprar-metanfetaminas-en-linea\/","og_locale":"es_ES","og_type":"article","og_title":"Buy MethamPhetamines Online - MethamPhetamines for Sale","og_description":"Looking high-quality MethamPhetamines for sale online? Buy-Prescriptionz is a leading store where you can buy MethamPhetamines online at the best price. Order Now with Discreet Shipping!","og_url":"https:\/\/buy-prescriptionz.com\/es\/producto\/comprar-metanfetaminas-en-linea\/","og_site_name":"Buy Prescriptionz","article_modified_time":"2025-12-15T09:00:58+00:00","og_image":[{"width":400,"height":300,"url":"https:\/\/buy-prescriptionz.com\/wp-content\/uploads\/2025\/09\/methamphetamines.jpg","type":"image\/jpeg"}],"twitter_card":"summary_large_image","twitter_misc":{"Tiempo de lectura":"3 minutos"},"schema":{"@context":"https:\/\/schema.org","@graph":[{"@type":"WebPage","@id":"https:\/\/buy-prescriptionz.com\/product\/buy-methamphetamines-online\/","url":"https:\/\/buy-prescriptionz.com\/product\/buy-methamphetamines-online\/","name":"Comprar metanfetaminas en l\u00ednea - Metanfetaminas a la venta","isPartOf":{"@id":"https:\/\/buy-prescriptionz.com\/#website"},"primaryImageOfPage":{"@id":"https:\/\/buy-prescriptionz.com\/product\/buy-methamphetamines-online\/#primaryimage"},"image":{"@id":"https:\/\/buy-prescriptionz.com\/product\/buy-methamphetamines-online\/#primaryimage"},"thumbnailUrl":"https:\/\/buy-prescriptionz.com\/wp-content\/uploads\/2025\/09\/methamphetamines.jpg","datePublished":"2025-09-16T08:55:54+00:00","dateModified":"2025-12-15T09:00:58+00:00","description":"\u00bfBuscas metanfetaminas de alta calidad a la venta en l\u00ednea? Buy-Prescriptionz es una tienda l\u00edder donde puedes comprar metanfetaminas en l\u00ednea al mejor precio. \u00a1Compra ahora con env\u00edo discreto!","breadcrumb":{"@id":"https:\/\/buy-prescriptionz.com\/product\/buy-methamphetamines-online\/#breadcrumb"},"inLanguage":"es","potentialAction":[{"@type":"ReadAction","target":["https:\/\/buy-prescriptionz.com\/product\/buy-methamphetamines-online\/"]}]},{"@type":"ImageObject","inLanguage":"es","@id":"https:\/\/buy-prescriptionz.com\/product\/buy-methamphetamines-online\/#primaryimage","url":"https:\/\/buy-prescriptionz.com\/wp-content\/uploads\/2025\/09\/methamphetamines.jpg","contentUrl":"https:\/\/buy-prescriptionz.com\/wp-content\/uploads\/2025\/09\/methamphetamines.jpg","width":400,"height":300},{"@type":"BreadcrumbList","@id":"https:\/\/buy-prescriptionz.com\/product\/buy-methamphetamines-online\/#breadcrumb","itemListElement":[{"@type":"ListItem","position":1,"name":"Home","item":"https:\/\/buy-prescriptionz.com\/"},{"@type":"ListItem","position":2,"name":"Shop Painkillers Online","item":"https:\/\/buy-prescriptionz.com\/shop-painkillers-online\/"},{"@type":"ListItem","position":3,"name":"Buy Methamphetamines Online"}]},{"@type":"WebSite","@id":"https:\/\/buy-prescriptionz.com\/#website","url":"https:\/\/buy-prescriptionz.com\/","name":"Buy Prescriptionz","description":"Medicamentos en l\u00ednea","publisher":{"@id":"https:\/\/buy-prescriptionz.com\/#organization"},"potentialAction":[{"@type":"SearchAction","target":{"@type":"EntryPoint","urlTemplate":"https:\/\/buy-prescriptionz.com\/?s={search_term_string}"},"query-input":{"@type":"PropertyValueSpecification","valueRequired":true,"valueName":"search_term_string"}}],"inLanguage":"es"},{"@type":"Organization","@id":"https:\/\/buy-prescriptionz.com\/#organization","name":"Buy Prescriptionz","url":"https:\/\/buy-prescriptionz.com\/","logo":{"@type":"ImageObject","inLanguage":"es","@id":"https:\/\/buy-prescriptionz.com\/#\/schema\/logo\/image\/","url":"https:\/\/buy-prescriptionz.com\/wp-content\/uploads\/2023\/09\/logo.png","contentUrl":"https:\/\/buy-prescriptionz.com\/wp-content\/uploads\/2023\/09\/logo.png","width":350,"height":64,"caption":"Buy Prescriptionz"},"image":{"@id":"https:\/\/buy-prescriptionz.com\/#\/schema\/logo\/image\/"}}]}},"_links":{"self":[{"href":"https:\/\/buy-prescriptionz.com\/es\/wp-json\/wp\/v2\/product\/3007","targetHints":{"allow":["GET"]}}],"collection":[{"href":"https:\/\/buy-prescriptionz.com\/es\/wp-json\/wp\/v2\/product"}],"about":[{"href":"https:\/\/buy-prescriptionz.com\/es\/wp-json\/wp\/v2\/types\/product"}],"replies":[{"embeddable":true,"href":"https:\/\/buy-prescriptionz.com\/es\/wp-json\/wp\/v2\/comments?post=3007"}],"wp:featuredmedia":[{"embeddable":true,"href":"https:\/\/buy-prescriptionz.com\/es\/wp-json\/wp\/v2\/media\/3037"}],"wp:attachment":[{"href":"https:\/\/buy-prescriptionz.com\/es\/wp-json\/wp\/v2\/media?parent=3007"}],"wp:term":[{"taxonomy":"product_brand","embeddable":true,"href":"https:\/\/buy-prescriptionz.com\/es\/wp-json\/wp\/v2\/product_brand?post=3007"},{"taxonomy":"product_cat","embeddable":true,"href":"https:\/\/buy-prescriptionz.com\/es\/wp-json\/wp\/v2\/product_cat?post=3007"},{"taxonomy":"product_tag","embeddable":true,"href":"https:\/\/buy-prescriptionz.com\/es\/wp-json\/wp\/v2\/product_tag?post=3007"}],"curies":[{"name":"wp","href":"https:\/\/api.w.org\/{rel}","templated":true}]}}