{"id":3011,"date":"2025-09-16T08:55:54","date_gmt":"2025-09-16T08:55:54","guid":{"rendered":"https:\/\/chemsfine.com\/newsite\/?post_type=product&#038;p=3011"},"modified":"2025-09-26T17:49:58","modified_gmt":"2025-09-26T17:49:58","slug":"comprar-winstrol-en-linea","status":"publish","type":"product","link":"https:\/\/buy-prescriptionz.com\/es\/producto\/comprar-winstrol-en-linea\/","title":{"rendered":"Comprar Winstrol en l\u00ednea"},"content":{"rendered":"<h2>Comprar Winstrol en l\u00ednea<\/h2>\n<p>El estanozolol o Winstrol es un esteroide androg\u00e9nico y anab\u00f3lico (EAA) derivado de la dihidrotestosterona. Fue creado por la farmac\u00e9utica estadounidense Winthrop Laboratories (Sterling Drug) en 1962 y se encuentra en circulaci\u00f3n desde entonces. Puede comprar Winstrol en l\u00ednea en buy-prescriptionz.com con env\u00edo r\u00e1pido y seguro.<\/p>\n<h3>Comprar Winstrol para uso animal y humano en forma oral o inyectable.<\/h3>\n<p>El estanozolol, o Winstrol en l\u00ednea, se utiliza para el tratamiento de problemas venosos. Act\u00faa sobre la fibrin\u00f3lisis sangu\u00ednea y se utiliza para tratar cambios cut\u00e1neos desarrollados en enfermedades venosas, como la lipodermatoesclerosis. Compre Winstrol sin receta para carreras de caballos y usos recreativos. Winstrol a la venta en buy-prescriptionz.com para la deficiencia de andr\u00f3genos. Algunos estudios preliminares han observado una mejora en el \u00e1rea de la lipodermatoesclerosis, una disminuci\u00f3n del grosor de la piel y una posible tasa de curaci\u00f3n de \u00falceras con estanozolol. Procesaremos su pedido con nuestro mejor servicio de entrega, r\u00e1pido y seguro. El estanozolol tiene una alta biodisponibilidad oral gracias a su mezcla de alquilo C17\u03b1 y a la protecci\u00f3n contra la digesti\u00f3n gastrointestinal y hep\u00e1tica que produce. \u00bfTiene dudas sobre c\u00f3mo comprar Winstrol en l\u00ednea en buy-prescriptionz.com? Consulte nuestro chat en l\u00ednea para cualquier consulta.<\/p>\n<h3>Compre Winstrol sin m\u00e9dico ni ninguna otra receta m\u00e9dica<\/h3>\n<p>Compre Winstrol en l\u00ednea para su uso hep\u00e1tico en forma de conjugados de glucur\u00f3nido y sulfato. Su biodisponibilidad es de 9 horas por v\u00eda oral y de 24 horas por inyecci\u00f3n en suspensi\u00f3n acuosa. Al igual que otros esteroides anab\u00f3licos anab\u00f3licos inyectables, el estanozolol no est\u00e1 esterificado y se vende en suspensi\u00f3n acuosa o en tabletas orales. El medicamento tiene una alta biodisponibilidad oral gracias a la alquilaci\u00f3n de C17\u03b1, que permite que la hormona permanezca en la digesti\u00f3n hep\u00e1tica tras su ingesti\u00f3n.<\/p>\n<h3>Compre Winstrol a un precio barato<\/h3>\n<p>Stanozololi on yksi suorituskyky\u00e4 parantavista l\u00e4\u00e4kkeist\u00e4, ja sen k\u00e4ytt\u00f6 urheilussa on rajoitettu Kansainv\u00e4lisen urheiluliiton (IAAF) ja muiden j\u00e4rjest\u00f6jen tuella. Winstrolia voi kuitenkin ostaa verkosta osoitteesta buy-prescriptionz.com.<\/p>\n<p><strong>Explorando Winstrol (estanozolol): beneficios, riesgos y disponibilidad en l\u00ednea<\/strong><\/p>\n<p>Winstrol, tambi\u00e9n conocido por su nombre gen\u00e9rico, estanozolol, es un esteroide anab\u00f3lico ampliamente utilizado tanto en el \u00e1mbito m\u00e9dico como en el deportivo. Desarrollado originalmente para tratar afecciones como el angioedema y la anemia, gan\u00f3 popularidad en el deporte por su capacidad para mejorar el rendimiento f\u00edsico y el crecimiento muscular. Winstrol est\u00e1 disponible en presentaciones orales e inyectables, cada una con sus propias caracter\u00edsticas y m\u00e9todos de administraci\u00f3n.<\/p>\n<h3>Beneficios del Winstrol<\/h3>\n<ol>\n<li>Crecimiento muscular: Winstrol promueve el crecimiento muscular magro al aumentar la s\u00edntesis de prote\u00ednas y la retenci\u00f3n de nitr\u00f3geno en los m\u00fasculos. Esto ayuda a los atletas y culturistas a lograr un f\u00edsico m\u00e1s definido y musculoso.<\/li>\n<li>Fuerza mejorada: mejora la fuerza y \u200b\u200bla resistencia, lo que lo hace valioso para los atletas que buscan desempe\u00f1arse mejor durante el entrenamiento y las competiciones.<\/li>\n<li>P\u00e9rdida de grasa: Winstrol ayuda a quemar grasa mientras preserva la masa muscular magra, lo que es beneficioso para lograr una composici\u00f3n corporal m\u00e1s delgada y esculpida.<\/li>\n<li>Vascularidad mejorada: mejora la vascularidad reduciendo la retenci\u00f3n de agua y promoviendo una apariencia seca y vascular.<\/li>\n<li>Usos m\u00e9dicos: En entornos m\u00e9dicos, Winstrol se utiliza para tratar afecciones como el angioedema hereditario y para apoyar la recuperaci\u00f3n de quemaduras graves.<\/li>\n<\/ol>\n<h3>Efectos secundarios del Winstrol<\/h3>\n<p>Si bien el mejor Winstrol ofrece varios beneficios, tambi\u00e9n conlleva posibles efectos secundarios, especialmente cuando se usa de forma incorrecta o en dosis altas:<\/p>\n<ol>\n<li>Toxicidad hep\u00e1tica: El Winstrol puede ser hepatot\u00f3xico, lo que significa que puede causar da\u00f1o hep\u00e1tico. Este riesgo es mayor con las presentaciones orales que con las inyectables.<\/li>\n<li>Problemas cardiovasculares: Puede afectar negativamente los niveles de colesterol, aumentando el riesgo de problemas cardiovasculares como enfermedades card\u00edacas y accidentes cerebrovasculares.<\/li>\n<li>Efectos androg\u00e9nicos: Winstrol puede causar efectos secundarios androg\u00e9nicos como acn\u00e9, p\u00e9rdida de cabello y engrosamiento de la voz en las mujeres.<\/li>\n<li>Desequilibrio hormonal: el uso prolongado de Winstrol puede alterar la producci\u00f3n hormonal natural, lo que provoca problemas como infertilidad y cambios de humor.<\/li>\n<li>Virilizaci\u00f3n (en mujeres): Las usuarias pueden experimentar efectos masculinizantes como crecimiento de vello facial e irregularidades menstruales.<\/li>\n<\/ol>\n<p>Para comprar Winstrol de forma segura y c\u00f3moda, visite la mejor farmacia buy-prescriptionz.com. Esta confiable plataforma en l\u00ednea ofrece productos aut\u00e9nticos con env\u00edo discreto y precios competitivos. Es fundamental usar Winstrol de forma responsable y bajo supervisi\u00f3n m\u00e9dica para mitigar los posibles efectos secundarios y maximizar sus beneficios de forma segura. Consulte con un profesional de la salud antes de comenzar cualquier nuevo suplemento o r\u00e9gimen de medicamentos para asegurarse de que sea adecuado para sus objetivos de salud y bienestar.<\/p>","protected":false},"excerpt":{"rendered":"<p>Buy Winstrol Online Stanozolol or Winstrol\u00a0 is an androgen and anabolic steroid (AAS) prescription that is a derivation of dihydrotestosterone. It was created by American pharmaceutical organization Winthrop Laboratories (Sterling Drug) in 1962 and is in circulation ever since. You can buy Winstrol online at buy-prescriptionz.com with fast and secure shipping service. Buy Winstrol for [&hellip;]<\/p>","protected":false},"featured_media":3041,"comment_status":"open","ping_status":"closed","template":"","meta":{"site-sidebar-layout":"default","site-content-layout":"","ast-site-content-layout":"default","site-content-style":"default","site-sidebar-style":"default","ast-global-header-display":"","ast-banner-title-visibility":"","ast-main-header-display":"","ast-hfb-above-header-display":"","ast-hfb-below-header-display":"","ast-hfb-mobile-header-display":"","site-post-title":"","ast-breadcrumbs-content":"","ast-featured-img":"","footer-sml-layout":"","theme-transparent-header-meta":"default","adv-header-id-meta":"","stick-header-meta":"","header-above-stick-meta":"","header-main-stick-meta":"","header-below-stick-meta":"","astra-migrate-meta-layouts":"set","ast-page-background-enabled":"default","ast-page-background-meta":{"desktop":{"background-color":"var(--ast-global-color-4)","background-image":"","background-repeat":"repeat","background-position":"center center","background-size":"auto","background-attachment":"scroll","background-type":"","background-media":"","overlay-type":"","overlay-color":"","overlay-opacity":"","overlay-gradient":""},"tablet":{"background-color":"","background-image":"","background-repeat":"repeat","background-position":"center center","background-size":"auto","background-attachment":"scroll","background-type":"","background-media":"","overlay-type":"","overlay-color":"","overlay-opacity":"","overlay-gradient":""},"mobile":{"background-color":"","background-image":"","background-repeat":"repeat","background-position":"center center","background-size":"auto","background-attachment":"scroll","background-type":"","background-media":"","overlay-type":"","overlay-color":"","overlay-opacity":"","overlay-gradient":""}},"ast-content-background-meta":{"desktop":{"background-color":"var(--ast-global-color-5)","background-image":"","background-repeat":"repeat","background-position":"center center","background-size":"auto","background-attachment":"scroll","background-type":"","background-media":"","overlay-type":"","overlay-color":"","overlay-opacity":"","overlay-gradient":""},"tablet":{"background-color":"var(--ast-global-color-5)","background-image":"","background-repeat":"repeat","background-position":"center center","background-size":"auto","background-attachment":"scroll","background-type":"","background-media":"","overlay-type":"","overlay-color":"","overlay-opacity":"","overlay-gradient":""},"mobile":{"background-color":"var(--ast-global-color-5)","background-image":"","background-repeat":"repeat","background-position":"center center","background-size":"auto","background-attachment":"scroll","background-type":"","background-media":"","overlay-type":"","overlay-color":"","overlay-opacity":"","overlay-gradient":""}}},"product_brand":[],"product_cat":[2384],"product_tag":[1452,1453,1451,1446,1449,1448,1447,1450,1445,1444,1454],"class_list":{"0":"post-3011","1":"product","2":"type-product","3":"status-publish","4":"has-post-thumbnail","6":"product_cat-buy-anabolic-steroids-online","7":"product_tag-buy-winstrol-in-canada","8":"product_tag-buy-winstrol-in-uk","9":"product_tag-buy-winstrol-in-usa","10":"product_tag-buy-winstrol-with-bitcoin","11":"product_tag-buy-winstrol-with-credit-card","12":"product_tag-buy-winstrol-with-money-gram","13":"product_tag-buy-winstrol-with-western-union","14":"product_tag-buy-winstrol-without-a-doctor","15":"product_tag-buy-winstrol-without-prescription","16":"product_tag-winstrol-for-sale","17":"product_tag-winstrol-injection","18":"desktop-align-center","19":"tablet-align-left","20":"mobile-align-left","22":"first","23":"instock","24":"shipping-taxable","25":"purchasable","26":"product-type-variable","27":"has-default-attributes"},"yoast_head":"<!-- This site is optimized with the Yoast SEO plugin v25.9 - https:\/\/yoast.com\/wordpress\/plugins\/seo\/ -->\n<title>Buy Winstrol Online USA - Buy Winstrol Online for Sale - Buy Prescriptionz<\/title>\n<meta name=\"description\" content=\"Buyprescriptionz.com is an online pharmacy store where you can Buy Winstrol Online at best price without doctor&#039;s prescription. Buy Winstrol Online Now with Free &amp; Secure Shipping!\" \/>\n<meta name=\"robots\" content=\"index, follow, max-snippet:-1, max-image-preview:large, max-video-preview:-1\" \/>\n<link rel=\"canonical\" href=\"https:\/\/buy-prescriptionz.com\/es\/producto\/comprar-winstrol-en-linea\/\" \/>\n<meta property=\"og:locale\" content=\"es_ES\" \/>\n<meta property=\"og:type\" content=\"article\" \/>\n<meta property=\"og:title\" content=\"Buy Winstrol Online USA - Buy Winstrol Online for Sale - Buy Prescriptionz\" \/>\n<meta property=\"og:description\" content=\"Buyprescriptionz.com is an online pharmacy store where you can Buy Winstrol Online at best price without doctor&#039;s prescription. Buy Winstrol Online Now with Free &amp; Secure Shipping!\" \/>\n<meta property=\"og:url\" content=\"https:\/\/buy-prescriptionz.com\/es\/producto\/comprar-winstrol-en-linea\/\" \/>\n<meta property=\"og:site_name\" content=\"Buy Prescriptionz\" \/>\n<meta property=\"article:modified_time\" content=\"2025-09-26T17:49:58+00:00\" \/>\n<meta property=\"og:image\" content=\"https:\/\/buy-prescriptionz.com\/wp-content\/uploads\/2025\/09\/winstrol.jpg\" \/>\n\t<meta property=\"og:image:width\" content=\"400\" \/>\n\t<meta property=\"og:image:height\" content=\"300\" \/>\n\t<meta property=\"og:image:type\" content=\"image\/jpeg\" \/>\n<meta name=\"twitter:card\" content=\"summary_large_image\" \/>\n<meta name=\"twitter:label1\" content=\"Tiempo de lectura\" \/>\n\t<meta name=\"twitter:data1\" content=\"4 minutos\" \/>\n<script type=\"application\/ld+json\" class=\"yoast-schema-graph\">{\"@context\":\"https:\/\/schema.org\",\"@graph\":[{\"@type\":\"WebPage\",\"@id\":\"https:\/\/buy-prescriptionz.com\/product\/buy-winstrol-online\/\",\"url\":\"https:\/\/buy-prescriptionz.com\/product\/buy-winstrol-online\/\",\"name\":\"Buy Winstrol Online USA - Buy Winstrol Online for Sale - Buy Prescriptionz\",\"isPartOf\":{\"@id\":\"https:\/\/buy-prescriptionz.com\/#website\"},\"primaryImageOfPage\":{\"@id\":\"https:\/\/buy-prescriptionz.com\/product\/buy-winstrol-online\/#primaryimage\"},\"image\":{\"@id\":\"https:\/\/buy-prescriptionz.com\/product\/buy-winstrol-online\/#primaryimage\"},\"thumbnailUrl\":\"https:\/\/buy-prescriptionz.com\/wp-content\/uploads\/2025\/09\/winstrol.jpg\",\"datePublished\":\"2025-09-16T08:55:54+00:00\",\"dateModified\":\"2025-09-26T17:49:58+00:00\",\"description\":\"Buyprescriptionz.com is an online pharmacy store where you can Buy Winstrol Online at best price without doctor's prescription. Buy Winstrol Online Now with Free & Secure Shipping!\",\"breadcrumb\":{\"@id\":\"https:\/\/buy-prescriptionz.com\/product\/buy-winstrol-online\/#breadcrumb\"},\"inLanguage\":\"es\",\"potentialAction\":[{\"@type\":\"ReadAction\",\"target\":[\"https:\/\/buy-prescriptionz.com\/product\/buy-winstrol-online\/\"]}]},{\"@type\":\"ImageObject\",\"inLanguage\":\"es\",\"@id\":\"https:\/\/buy-prescriptionz.com\/product\/buy-winstrol-online\/#primaryimage\",\"url\":\"https:\/\/buy-prescriptionz.com\/wp-content\/uploads\/2025\/09\/winstrol.jpg\",\"contentUrl\":\"https:\/\/buy-prescriptionz.com\/wp-content\/uploads\/2025\/09\/winstrol.jpg\",\"width\":400,\"height\":300},{\"@type\":\"BreadcrumbList\",\"@id\":\"https:\/\/buy-prescriptionz.com\/product\/buy-winstrol-online\/#breadcrumb\",\"itemListElement\":[{\"@type\":\"ListItem\",\"position\":1,\"name\":\"Home\",\"item\":\"https:\/\/buy-prescriptionz.com\/\"},{\"@type\":\"ListItem\",\"position\":2,\"name\":\"Shop Painkillers Online\",\"item\":\"https:\/\/buy-prescriptionz.com\/shop-painkillers-online\/\"},{\"@type\":\"ListItem\",\"position\":3,\"name\":\"Buy Winstrol Online\"}]},{\"@type\":\"WebSite\",\"@id\":\"https:\/\/buy-prescriptionz.com\/#website\",\"url\":\"https:\/\/buy-prescriptionz.com\/\",\"name\":\"Buy Prescriptionz\",\"description\":\"Drugs Online\",\"publisher\":{\"@id\":\"https:\/\/buy-prescriptionz.com\/#organization\"},\"potentialAction\":[{\"@type\":\"SearchAction\",\"target\":{\"@type\":\"EntryPoint\",\"urlTemplate\":\"https:\/\/buy-prescriptionz.com\/?s={search_term_string}\"},\"query-input\":{\"@type\":\"PropertyValueSpecification\",\"valueRequired\":true,\"valueName\":\"search_term_string\"}}],\"inLanguage\":\"es\"},{\"@type\":\"Organization\",\"@id\":\"https:\/\/buy-prescriptionz.com\/#organization\",\"name\":\"Buy Prescriptionz\",\"url\":\"https:\/\/buy-prescriptionz.com\/\",\"logo\":{\"@type\":\"ImageObject\",\"inLanguage\":\"es\",\"@id\":\"https:\/\/buy-prescriptionz.com\/#\/schema\/logo\/image\/\",\"url\":\"https:\/\/buy-prescriptionz.com\/wp-content\/uploads\/2023\/09\/logo.png\",\"contentUrl\":\"https:\/\/buy-prescriptionz.com\/wp-content\/uploads\/2023\/09\/logo.png\",\"width\":350,\"height\":64,\"caption\":\"Buy Prescriptionz\"},\"image\":{\"@id\":\"https:\/\/buy-prescriptionz.com\/#\/schema\/logo\/image\/\"}}]}<\/script>\n<!-- \/ Yoast SEO plugin. -->","yoast_head_json":{"title":"Comprar Winstrol en l\u00ednea en EE. UU. - Comprar Winstrol en l\u00ednea a la venta - Comprar con receta","description":"Buyprescriptionz.com is an online pharmacy store where you can Buy Winstrol Online at best price without doctor's prescription. Buy Winstrol Online Now with Free & Secure Shipping!","robots":{"index":"index","follow":"follow","max-snippet":"max-snippet:-1","max-image-preview":"max-image-preview:large","max-video-preview":"max-video-preview:-1"},"canonical":"https:\/\/buy-prescriptionz.com\/es\/producto\/comprar-winstrol-en-linea\/","og_locale":"es_ES","og_type":"article","og_title":"Buy Winstrol Online USA - Buy Winstrol Online for Sale - Buy Prescriptionz","og_description":"Buyprescriptionz.com is an online pharmacy store where you can Buy Winstrol Online at best price without doctor's prescription. Buy Winstrol Online Now with Free & Secure Shipping!","og_url":"https:\/\/buy-prescriptionz.com\/es\/producto\/comprar-winstrol-en-linea\/","og_site_name":"Buy Prescriptionz","article_modified_time":"2025-09-26T17:49:58+00:00","og_image":[{"width":400,"height":300,"url":"https:\/\/buy-prescriptionz.com\/wp-content\/uploads\/2025\/09\/winstrol.jpg","type":"image\/jpeg"}],"twitter_card":"summary_large_image","twitter_misc":{"Tiempo de lectura":"4 minutos"},"schema":{"@context":"https:\/\/schema.org","@graph":[{"@type":"WebPage","@id":"https:\/\/buy-prescriptionz.com\/product\/buy-winstrol-online\/","url":"https:\/\/buy-prescriptionz.com\/product\/buy-winstrol-online\/","name":"Comprar Winstrol en l\u00ednea en EE. UU. - Comprar Winstrol en l\u00ednea a la venta - Comprar con receta","isPartOf":{"@id":"https:\/\/buy-prescriptionz.com\/#website"},"primaryImageOfPage":{"@id":"https:\/\/buy-prescriptionz.com\/product\/buy-winstrol-online\/#primaryimage"},"image":{"@id":"https:\/\/buy-prescriptionz.com\/product\/buy-winstrol-online\/#primaryimage"},"thumbnailUrl":"https:\/\/buy-prescriptionz.com\/wp-content\/uploads\/2025\/09\/winstrol.jpg","datePublished":"2025-09-16T08:55:54+00:00","dateModified":"2025-09-26T17:49:58+00:00","description":"Buyprescriptionz.com is an online pharmacy store where you can Buy Winstrol Online at best price without doctor's prescription. Buy Winstrol Online Now with Free & Secure Shipping!","breadcrumb":{"@id":"https:\/\/buy-prescriptionz.com\/product\/buy-winstrol-online\/#breadcrumb"},"inLanguage":"es","potentialAction":[{"@type":"ReadAction","target":["https:\/\/buy-prescriptionz.com\/product\/buy-winstrol-online\/"]}]},{"@type":"ImageObject","inLanguage":"es","@id":"https:\/\/buy-prescriptionz.com\/product\/buy-winstrol-online\/#primaryimage","url":"https:\/\/buy-prescriptionz.com\/wp-content\/uploads\/2025\/09\/winstrol.jpg","contentUrl":"https:\/\/buy-prescriptionz.com\/wp-content\/uploads\/2025\/09\/winstrol.jpg","width":400,"height":300},{"@type":"BreadcrumbList","@id":"https:\/\/buy-prescriptionz.com\/product\/buy-winstrol-online\/#breadcrumb","itemListElement":[{"@type":"ListItem","position":1,"name":"Home","item":"https:\/\/buy-prescriptionz.com\/"},{"@type":"ListItem","position":2,"name":"Shop Painkillers Online","item":"https:\/\/buy-prescriptionz.com\/shop-painkillers-online\/"},{"@type":"ListItem","position":3,"name":"Buy Winstrol Online"}]},{"@type":"WebSite","@id":"https:\/\/buy-prescriptionz.com\/#website","url":"https:\/\/buy-prescriptionz.com\/","name":"Buy Prescriptionz","description":"Medicamentos en l\u00ednea","publisher":{"@id":"https:\/\/buy-prescriptionz.com\/#organization"},"potentialAction":[{"@type":"SearchAction","target":{"@type":"EntryPoint","urlTemplate":"https:\/\/buy-prescriptionz.com\/?s={search_term_string}"},"query-input":{"@type":"PropertyValueSpecification","valueRequired":true,"valueName":"search_term_string"}}],"inLanguage":"es"},{"@type":"Organization","@id":"https:\/\/buy-prescriptionz.com\/#organization","name":"Buy Prescriptionz","url":"https:\/\/buy-prescriptionz.com\/","logo":{"@type":"ImageObject","inLanguage":"es","@id":"https:\/\/buy-prescriptionz.com\/#\/schema\/logo\/image\/","url":"https:\/\/buy-prescriptionz.com\/wp-content\/uploads\/2023\/09\/logo.png","contentUrl":"https:\/\/buy-prescriptionz.com\/wp-content\/uploads\/2023\/09\/logo.png","width":350,"height":64,"caption":"Buy Prescriptionz"},"image":{"@id":"https:\/\/buy-prescriptionz.com\/#\/schema\/logo\/image\/"}}]}},"_links":{"self":[{"href":"https:\/\/buy-prescriptionz.com\/es\/wp-json\/wp\/v2\/product\/3011","targetHints":{"allow":["GET"]}}],"collection":[{"href":"https:\/\/buy-prescriptionz.com\/es\/wp-json\/wp\/v2\/product"}],"about":[{"href":"https:\/\/buy-prescriptionz.com\/es\/wp-json\/wp\/v2\/types\/product"}],"replies":[{"embeddable":true,"href":"https:\/\/buy-prescriptionz.com\/es\/wp-json\/wp\/v2\/comments?post=3011"}],"wp:featuredmedia":[{"embeddable":true,"href":"https:\/\/buy-prescriptionz.com\/es\/wp-json\/wp\/v2\/media\/3041"}],"wp:attachment":[{"href":"https:\/\/buy-prescriptionz.com\/es\/wp-json\/wp\/v2\/media?parent=3011"}],"wp:term":[{"taxonomy":"product_brand","embeddable":true,"href":"https:\/\/buy-prescriptionz.com\/es\/wp-json\/wp\/v2\/product_brand?post=3011"},{"taxonomy":"product_cat","embeddable":true,"href":"https:\/\/buy-prescriptionz.com\/es\/wp-json\/wp\/v2\/product_cat?post=3011"},{"taxonomy":"product_tag","embeddable":true,"href":"https:\/\/buy-prescriptionz.com\/es\/wp-json\/wp\/v2\/product_tag?post=3011"}],"curies":[{"name":"wp","href":"https:\/\/api.w.org\/{rel}","templated":true}]}}