{"id":3044,"date":"2025-09-16T08:56:08","date_gmt":"2025-09-16T08:56:08","guid":{"rendered":"https:\/\/chemsfine.com\/newsite\/?post_type=product&#038;p=3044"},"modified":"2025-09-21T08:50:06","modified_gmt":"2025-09-21T08:50:06","slug":"comprar-enantato-en-linea","status":"publish","type":"product","link":"https:\/\/buy-prescriptionz.com\/es\/producto\/comprar-enantato-en-linea\/","title":{"rendered":"Comprar Enantato en l\u00ednea"},"content":{"rendered":"<h2>Comprar Enantato en l\u00ednea<\/h2>\n<h3>D\u00f3nde comprar en l\u00ednea Enantato de testosterona en forma inyectable<\/h3>\n<p>Enantato de testosterona en l\u00ednea, <a href=\"https:\/\/buy-prescriptionz.com\/es\/\">Enanthate<\/a> l es un medicamento de andr\u00f3genos y esteroides anab\u00f3licos que es para el tratamiento de bajos niveles de testosterona en hombres y mujeres o quir\u00fargicamente sexo cambiado individuos. Comprar testosterona enantato en l\u00ednea para el tratamiento hormonal para hombres y mujeres transg\u00e9nero.<br \/>\nComprar Enantato de testosterona en inyecci\u00f3n en buy-prescriptionz.com para infusi\u00f3n en el m\u00fasculo normalmente una vez cada dos a cuatro semanas.<\/p>\n<h3>Enantato de testosterona en venta<\/h3>\n<p>Enantato de testosterona en l\u00ednea para la masculinizaci\u00f3n como la limpieza de la piel, el desarrollo del cabello ampliado, cambios en la voz, y el deseo sexual desarrollado. \u00bfSabe usted c\u00f3mo comprar Testosterona Enantato en l\u00ednea? La respuesta est\u00e1 en buy-prescriptionz.com.<\/p>\n<p>El medicamento es un andr\u00f3geno obtenido qu\u00edmicamente, y esteroides anab\u00f3licos y, en consecuencia, es un agonista del receptor de andr\u00f3genos, el foco org\u00e1nico de andr\u00f3genos como la testosterona y la dihidrotestosterona. Usted puede comprar Testosterona Enantato sin receta y el servicio de entrega r\u00e1pida y segura en los EE.UU. y los Estados europeos.<\/p>\n<p>Comprar testosterona enantato sin un m\u00e9dico para los efectos androg\u00e9nicos fiables y moderados usos anab\u00f3licos, que lo hacen valioso para la creaci\u00f3n de masculinizaci\u00f3n y apropiado para la terapia de sustituci\u00f3n de andr\u00f3genos.<\/p>\n<p>Compre enantato de testosterona en l\u00ednea como potenciador de testosterona y prof\u00e1rmaco para aumentar los niveles de testosterona en el cuerpo. En buy-prescriptionz.com, tambi\u00e9n podr\u00e1 comprar este medicamento al por mayor en cualquier regi\u00f3n seleccionada. El enantato de testosterona se utiliza en la terapia de sustituci\u00f3n androg\u00e9nica. Este f\u00e1rmaco es claramente el mejor en Estados Unidos para el tratamiento del hipogonadismo en hombres, la pubertad tard\u00eda en hombres j\u00f3venes y los niveles de testosterona en mujeres.<\/p>\n<h3>Comprar Testosterona Enantato a precio barato: Farmacolog\u00eda<\/h3>\n<p>Enantato de testosterona tiene la disposici\u00f3n de 4,5 d\u00edas y un tiempo de 8,5 d\u00edas cuando se utiliza como una inyecci\u00f3n intramuscular almac\u00e9n. Comprar testosterona enantato en l\u00ednea para sus visitas de requerimiento de aproximadamente una vez cada semana, y cambios sustanciales en los niveles de testosterona resultado con \u00e9l, con niveles al principio ser levantado y supraphysiological.<\/p>\n<p>Comprar Testosterona Enantato con embalaje discreto con el servicio de env\u00edo r\u00e1pido y seguro como el 17\u03b2-heptanoato es un esteroide androstano obtenido qu\u00edmicamente y una filial de la testosterona. Es un \u00e9ster de andr\u00f3genos; expl\u00edcitamente, es el C17\u03b2 enantato (heptanoato) \u00e9ster de la testosterona.<\/p>\n<h1><strong>Comprar Enantato en l\u00ednea<\/strong><\/h1>\n<p>El enantato, tambi\u00e9n conocido como enantato de testosterona, es un esteroide anab\u00f3lico popular utilizado para la terapia de reemplazo de testosterona y el culturismo. Aqu\u00ed tiene una descripci\u00f3n general completa y los beneficios de comprar enantato en l\u00ednea:<\/p>\n<ol>\n<li><strong>\u00bfQu\u00e9 es el enantato?<\/strong><\/li>\n<\/ol>\n<ol>\n<li style=\"list-style-type: none;\">\n<ul>\n<li>El enantato de testosterona es una forma sint\u00e9tica de la hormona testosterona natural.<\/li>\n<li>It&#8217;s used primarily to treat low testosterone levels in men and to improve physical performance.<\/li>\n<\/ul>\n<\/li>\n<\/ol>\n<ol start=\"2\">\n<li><strong>Forms and Dosage:<\/strong><\/li>\n<\/ol>\n<ol>\n<li style=\"list-style-type: none;\">\n<ul>\n<li>Disponible generalmente en forma inyectable.<\/li>\n<li>Las dosis var\u00edan seg\u00fan el consejo m\u00e9dico y el uso previsto, y van desde 50 mg a 400 mg por inyecci\u00f3n.<\/li>\n<\/ul>\n<\/li>\n<\/ol>\n<ol start=\"3\">\n<li><strong>Mecanismo de acci\u00f3n:<\/strong><\/li>\n<\/ol>\n<ol>\n<li style=\"list-style-type: none;\">\n<ul>\n<li>El enantato act\u00faa complementando la testosterona natural del cuerpo, ayudando a mantener niveles hormonales equilibrados.<\/li>\n<\/ul>\n<\/li>\n<\/ol>\n<h3>Beneficios<\/h3>\n<ol>\n<li><strong>Crecimiento y fuerza muscular:<\/strong><\/li>\n<\/ol>\n<ol>\n<li style=\"list-style-type: none;\">\n<ul>\n<li>S\u00edntesis de prote\u00ednas mejorada: ayuda a una reparaci\u00f3n y un crecimiento muscular m\u00e1s r\u00e1pidos.<\/li>\n<li>Mayor retenci\u00f3n de nitr\u00f3geno: crucial para el crecimiento muscular, ya que mantiene los m\u00fasculos en un estado anab\u00f3lico.<\/li>\n<\/ul>\n<\/li>\n<\/ol>\n<ol start=\"2\">\n<li><strong>Tiempos de recuperaci\u00f3n mejorados:<\/strong><\/li>\n<\/ol>\n<ol>\n<li style=\"list-style-type: none;\">\n<ul>\n<li>Recuperaci\u00f3n m\u00e1s r\u00e1pida: menor dolor muscular y recuperaci\u00f3n m\u00e1s r\u00e1pida despu\u00e9s de entrenamientos intensos.<\/li>\n<li>Aumento de la producci\u00f3n de gl\u00f3bulos rojos: mejora el suministro de ox\u00edgeno a los m\u00fasculos, mejorando la resistencia y el rendimiento.<\/li>\n<\/ul>\n<\/li>\n<\/ol>\n<ol start=\"3\">\n<li><strong>P\u00e9rdida de grasa:<\/strong><\/li>\n<\/ol>\n<ol>\n<li style=\"list-style-type: none;\">\n<ul>\n<li>Tasa metab\u00f3lica mejorada: aumenta el metabolismo de las grasas, lo que ayuda a una p\u00e9rdida de grasa m\u00e1s r\u00e1pida y preserva la masa muscular magra.<\/li>\n<\/ul>\n<\/li>\n<\/ol>\n<ol start=\"4\">\n<li><strong>Libido y estado de \u00e1nimo:<\/strong><\/li>\n<\/ol>\n<ol>\n<li style=\"list-style-type: none;\">\n<ul>\n<li>Libido mejorada: ayuda a restaurar y mejorar el deseo sexual.<\/li>\n<li>Mejor estado de \u00e1nimo: estabiliza el estado de \u00e1nimo y combate los s\u00edntomas de depresi\u00f3n asociados con niveles bajos de testosterona.<\/li>\n<\/ul>\n<\/li>\n<\/ol>\n<ol start=\"5\">\n<li><strong>Densidad y fuerza \u00f3sea:<\/strong><\/li>\n<\/ol>\n<ol>\n<li style=\"list-style-type: none;\">\n<ul>\n<li>Aumento de la densidad \u00f3sea: ayuda a mantener la salud \u00f3sea y prevenir la osteoporosis.<\/li>\n<\/ul>\n<\/li>\n<\/ol>\n<p>\u00bfD\u00f3nde puedo comprar Enantato? Comprar Enantato en l\u00ednea en la mejor farmacia, buy-prescriptionz.com, ofrece numerosas ventajas, como comodidad, variedad y ahorro. Es fundamental comprar en proveedores confiables para garantizar la calidad y autenticidad del producto. Siempre consulte con un profesional de la salud antes de comenzar cualquier nuevo medicamento o r\u00e9gimen de suplementos para asegurarse de que sea adecuado para sus necesidades.<\/p>","protected":false},"excerpt":{"rendered":"<p>Buy Enanthate Online Where to buy Testosterone Enanthate online in injection form Testosterone Enanthate Online, Enanthate or Delatestryl is an androgen and anabolic steroid medication that is for the treatment of low testosterone levels in men and women or surgically sex changed individuals. Buy Testosterone Enanthate online for hormone treatment for transgender men and women. [&hellip;]<\/p>","protected":false},"featured_media":3074,"comment_status":"open","ping_status":"closed","template":"","meta":{"site-sidebar-layout":"default","site-content-layout":"","ast-site-content-layout":"default","site-content-style":"default","site-sidebar-style":"default","ast-global-header-display":"","ast-banner-title-visibility":"","ast-main-header-display":"","ast-hfb-above-header-display":"","ast-hfb-below-header-display":"","ast-hfb-mobile-header-display":"","site-post-title":"","ast-breadcrumbs-content":"","ast-featured-img":"","footer-sml-layout":"","theme-transparent-header-meta":"default","adv-header-id-meta":"","stick-header-meta":"","header-above-stick-meta":"","header-main-stick-meta":"","header-below-stick-meta":"","astra-migrate-meta-layouts":"set","ast-page-background-enabled":"default","ast-page-background-meta":{"desktop":{"background-color":"var(--ast-global-color-4)","background-image":"","background-repeat":"repeat","background-position":"center center","background-size":"auto","background-attachment":"scroll","background-type":"","background-media":"","overlay-type":"","overlay-color":"","overlay-opacity":"","overlay-gradient":""},"tablet":{"background-color":"","background-image":"","background-repeat":"repeat","background-position":"center center","background-size":"auto","background-attachment":"scroll","background-type":"","background-media":"","overlay-type":"","overlay-color":"","overlay-opacity":"","overlay-gradient":""},"mobile":{"background-color":"","background-image":"","background-repeat":"repeat","background-position":"center center","background-size":"auto","background-attachment":"scroll","background-type":"","background-media":"","overlay-type":"","overlay-color":"","overlay-opacity":"","overlay-gradient":""}},"ast-content-background-meta":{"desktop":{"background-color":"var(--ast-global-color-5)","background-image":"","background-repeat":"repeat","background-position":"center center","background-size":"auto","background-attachment":"scroll","background-type":"","background-media":"","overlay-type":"","overlay-color":"","overlay-opacity":"","overlay-gradient":""},"tablet":{"background-color":"var(--ast-global-color-5)","background-image":"","background-repeat":"repeat","background-position":"center center","background-size":"auto","background-attachment":"scroll","background-type":"","background-media":"","overlay-type":"","overlay-color":"","overlay-opacity":"","overlay-gradient":""},"mobile":{"background-color":"var(--ast-global-color-5)","background-image":"","background-repeat":"repeat","background-position":"center center","background-size":"auto","background-attachment":"scroll","background-type":"","background-media":"","overlay-type":"","overlay-color":"","overlay-opacity":"","overlay-gradient":""}}},"product_brand":[],"product_cat":[2384],"product_tag":[1302,1303,1301,1296,1299,1298,1297,1300,1295,1294,1304],"class_list":{"0":"post-3044","1":"product","2":"type-product","3":"status-publish","4":"has-post-thumbnail","6":"product_cat-buy-anabolic-steroids-online","7":"product_tag-buy-enanthate-in-canada","8":"product_tag-buy-enanthate-in-uk","9":"product_tag-buy-enanthate-in-usa","10":"product_tag-buy-enanthate-with-bitcoin","11":"product_tag-buy-enanthate-with-credit-card","12":"product_tag-buy-enanthate-with-money-gram","13":"product_tag-buy-enanthate-with-western-union","14":"product_tag-buy-enanthate-without-a-doctor","15":"product_tag-buy-enanthate-without-prescription","16":"product_tag-enanthate-for-sale","17":"product_tag-enanthate-injection","18":"desktop-align-center","19":"tablet-align-left","20":"mobile-align-left","22":"first","23":"instock","24":"shipping-taxable","25":"purchasable","26":"product-type-variable","27":"has-default-attributes"},"yoast_head":"<!-- This site is optimized with the Yoast SEO plugin v25.9 - https:\/\/yoast.com\/wordpress\/plugins\/seo\/ -->\n<title>Testosterone Enanthate Online - Testosterone enanthate,Buy Testosterone<\/title>\n<meta name=\"description\" content=\"Testosterone Enanthate Online - Testosterone;- Buy Testosterone Enanthate book online at best prices in India on Amazon.in. Read Testosterone Enanthate\" \/>\n<meta name=\"robots\" content=\"index, follow, max-snippet:-1, max-image-preview:large, max-video-preview:-1\" \/>\n<link rel=\"canonical\" href=\"https:\/\/buy-prescriptionz.com\/es\/producto\/comprar-enantato-en-linea\/\" \/>\n<meta property=\"og:locale\" content=\"es_ES\" \/>\n<meta property=\"og:type\" content=\"article\" \/>\n<meta property=\"og:title\" content=\"Testosterone Enanthate Online - Testosterone enanthate,Buy Testosterone\" \/>\n<meta property=\"og:description\" content=\"Testosterone Enanthate Online - Testosterone;- Buy Testosterone Enanthate book online at best prices in India on Amazon.in. Read Testosterone Enanthate\" \/>\n<meta property=\"og:url\" content=\"https:\/\/buy-prescriptionz.com\/es\/producto\/comprar-enantato-en-linea\/\" \/>\n<meta property=\"og:site_name\" content=\"Buy Prescriptionz\" \/>\n<meta property=\"article:modified_time\" content=\"2025-09-21T08:50:06+00:00\" \/>\n<meta property=\"og:image\" content=\"https:\/\/buy-prescriptionz.com\/wp-content\/uploads\/2025\/09\/enanthate.jpg\" \/>\n\t<meta property=\"og:image:width\" content=\"400\" \/>\n\t<meta property=\"og:image:height\" content=\"300\" \/>\n\t<meta property=\"og:image:type\" content=\"image\/jpeg\" \/>\n<meta name=\"twitter:card\" content=\"summary_large_image\" \/>\n<meta name=\"twitter:label1\" content=\"Tiempo de lectura\" \/>\n\t<meta name=\"twitter:data1\" content=\"3 minutos\" \/>\n<script type=\"application\/ld+json\" class=\"yoast-schema-graph\">{\"@context\":\"https:\/\/schema.org\",\"@graph\":[{\"@type\":\"WebPage\",\"@id\":\"https:\/\/buy-prescriptionz.com\/product\/buy-enanthate-online\/\",\"url\":\"https:\/\/buy-prescriptionz.com\/product\/buy-enanthate-online\/\",\"name\":\"Testosterone Enanthate Online - Testosterone enanthate,Buy Testosterone\",\"isPartOf\":{\"@id\":\"https:\/\/buy-prescriptionz.com\/#website\"},\"primaryImageOfPage\":{\"@id\":\"https:\/\/buy-prescriptionz.com\/product\/buy-enanthate-online\/#primaryimage\"},\"image\":{\"@id\":\"https:\/\/buy-prescriptionz.com\/product\/buy-enanthate-online\/#primaryimage\"},\"thumbnailUrl\":\"https:\/\/buy-prescriptionz.com\/wp-content\/uploads\/2025\/09\/enanthate.jpg\",\"datePublished\":\"2025-09-16T08:56:08+00:00\",\"dateModified\":\"2025-09-21T08:50:06+00:00\",\"description\":\"Testosterone Enanthate Online - Testosterone;- Buy Testosterone Enanthate book online at best prices in India on Amazon.in. Read Testosterone Enanthate\",\"breadcrumb\":{\"@id\":\"https:\/\/buy-prescriptionz.com\/product\/buy-enanthate-online\/#breadcrumb\"},\"inLanguage\":\"es\",\"potentialAction\":[{\"@type\":\"ReadAction\",\"target\":[\"https:\/\/buy-prescriptionz.com\/product\/buy-enanthate-online\/\"]}]},{\"@type\":\"ImageObject\",\"inLanguage\":\"es\",\"@id\":\"https:\/\/buy-prescriptionz.com\/product\/buy-enanthate-online\/#primaryimage\",\"url\":\"https:\/\/buy-prescriptionz.com\/wp-content\/uploads\/2025\/09\/enanthate.jpg\",\"contentUrl\":\"https:\/\/buy-prescriptionz.com\/wp-content\/uploads\/2025\/09\/enanthate.jpg\",\"width\":400,\"height\":300},{\"@type\":\"BreadcrumbList\",\"@id\":\"https:\/\/buy-prescriptionz.com\/product\/buy-enanthate-online\/#breadcrumb\",\"itemListElement\":[{\"@type\":\"ListItem\",\"position\":1,\"name\":\"Home\",\"item\":\"https:\/\/buy-prescriptionz.com\/\"},{\"@type\":\"ListItem\",\"position\":2,\"name\":\"Shop Painkillers Online\",\"item\":\"https:\/\/buy-prescriptionz.com\/shop-painkillers-online\/\"},{\"@type\":\"ListItem\",\"position\":3,\"name\":\"Buy Enanthate Online\"}]},{\"@type\":\"WebSite\",\"@id\":\"https:\/\/buy-prescriptionz.com\/#website\",\"url\":\"https:\/\/buy-prescriptionz.com\/\",\"name\":\"Buy Prescriptionz\",\"description\":\"Drugs Online\",\"publisher\":{\"@id\":\"https:\/\/buy-prescriptionz.com\/#organization\"},\"potentialAction\":[{\"@type\":\"SearchAction\",\"target\":{\"@type\":\"EntryPoint\",\"urlTemplate\":\"https:\/\/buy-prescriptionz.com\/?s={search_term_string}\"},\"query-input\":{\"@type\":\"PropertyValueSpecification\",\"valueRequired\":true,\"valueName\":\"search_term_string\"}}],\"inLanguage\":\"es\"},{\"@type\":\"Organization\",\"@id\":\"https:\/\/buy-prescriptionz.com\/#organization\",\"name\":\"Buy Prescriptionz\",\"url\":\"https:\/\/buy-prescriptionz.com\/\",\"logo\":{\"@type\":\"ImageObject\",\"inLanguage\":\"es\",\"@id\":\"https:\/\/buy-prescriptionz.com\/#\/schema\/logo\/image\/\",\"url\":\"https:\/\/buy-prescriptionz.com\/wp-content\/uploads\/2023\/09\/logo.png\",\"contentUrl\":\"https:\/\/buy-prescriptionz.com\/wp-content\/uploads\/2023\/09\/logo.png\",\"width\":350,\"height\":64,\"caption\":\"Buy Prescriptionz\"},\"image\":{\"@id\":\"https:\/\/buy-prescriptionz.com\/#\/schema\/logo\/image\/\"}}]}<\/script>\n<!-- \/ Yoast SEO plugin. -->","yoast_head_json":{"title":"Enantato de testosterona Online - enantato de testosterona,Comprar testosterona","description":"Testosterona Enantato Online - Testosterona;- Comprar Testosterona Enantato libro en l\u00ednea al mejor precio de https:\/\/buy-prescriptionz.com\/ Orden Testosterona Enantato","robots":{"index":"index","follow":"follow","max-snippet":"max-snippet:-1","max-image-preview":"max-image-preview:large","max-video-preview":"max-video-preview:-1"},"canonical":"https:\/\/buy-prescriptionz.com\/es\/producto\/comprar-enantato-en-linea\/","og_locale":"es_ES","og_type":"article","og_title":"Testosterone Enanthate Online - Testosterone enanthate,Buy Testosterone","og_description":"Testosterone Enanthate Online - Testosterone;- Buy Testosterone Enanthate book online at best prices in India on Amazon.in. Read Testosterone Enanthate","og_url":"https:\/\/buy-prescriptionz.com\/es\/producto\/comprar-enantato-en-linea\/","og_site_name":"Buy Prescriptionz","article_modified_time":"2025-09-21T08:50:06+00:00","og_image":[{"width":400,"height":300,"url":"https:\/\/buy-prescriptionz.com\/wp-content\/uploads\/2025\/09\/enanthate.jpg","type":"image\/jpeg"}],"twitter_card":"summary_large_image","twitter_misc":{"Tiempo de lectura":"3 minutos"},"schema":{"@context":"https:\/\/schema.org","@graph":[{"@type":"WebPage","@id":"https:\/\/buy-prescriptionz.com\/product\/buy-enanthate-online\/","url":"https:\/\/buy-prescriptionz.com\/product\/buy-enanthate-online\/","name":"Enantato de testosterona Online - enantato de testosterona,Comprar testosterona","isPartOf":{"@id":"https:\/\/buy-prescriptionz.com\/#website"},"primaryImageOfPage":{"@id":"https:\/\/buy-prescriptionz.com\/product\/buy-enanthate-online\/#primaryimage"},"image":{"@id":"https:\/\/buy-prescriptionz.com\/product\/buy-enanthate-online\/#primaryimage"},"thumbnailUrl":"https:\/\/buy-prescriptionz.com\/wp-content\/uploads\/2025\/09\/enanthate.jpg","datePublished":"2025-09-16T08:56:08+00:00","dateModified":"2025-09-21T08:50:06+00:00","description":"Testosterona Enantato Online - Testosterona;- Comprar Testosterona Enantato libro en l\u00ednea al mejor precio de https:\/\/buy-prescriptionz.com\/ Orden Testosterona Enantato","breadcrumb":{"@id":"https:\/\/buy-prescriptionz.com\/product\/buy-enanthate-online\/#breadcrumb"},"inLanguage":"es","potentialAction":[{"@type":"ReadAction","target":["https:\/\/buy-prescriptionz.com\/product\/buy-enanthate-online\/"]}]},{"@type":"ImageObject","inLanguage":"es","@id":"https:\/\/buy-prescriptionz.com\/product\/buy-enanthate-online\/#primaryimage","url":"https:\/\/buy-prescriptionz.com\/wp-content\/uploads\/2025\/09\/enanthate.jpg","contentUrl":"https:\/\/buy-prescriptionz.com\/wp-content\/uploads\/2025\/09\/enanthate.jpg","width":400,"height":300},{"@type":"BreadcrumbList","@id":"https:\/\/buy-prescriptionz.com\/product\/buy-enanthate-online\/#breadcrumb","itemListElement":[{"@type":"ListItem","position":1,"name":"Home","item":"https:\/\/buy-prescriptionz.com\/"},{"@type":"ListItem","position":2,"name":"Shop Painkillers Online","item":"https:\/\/buy-prescriptionz.com\/shop-painkillers-online\/"},{"@type":"ListItem","position":3,"name":"Buy Enanthate Online"}]},{"@type":"WebSite","@id":"https:\/\/buy-prescriptionz.com\/#website","url":"https:\/\/buy-prescriptionz.com\/","name":"Buy Prescriptionz","description":"Medicamentos en l\u00ednea","publisher":{"@id":"https:\/\/buy-prescriptionz.com\/#organization"},"potentialAction":[{"@type":"SearchAction","target":{"@type":"EntryPoint","urlTemplate":"https:\/\/buy-prescriptionz.com\/?s={search_term_string}"},"query-input":{"@type":"PropertyValueSpecification","valueRequired":true,"valueName":"search_term_string"}}],"inLanguage":"es"},{"@type":"Organization","@id":"https:\/\/buy-prescriptionz.com\/#organization","name":"Buy Prescriptionz","url":"https:\/\/buy-prescriptionz.com\/","logo":{"@type":"ImageObject","inLanguage":"es","@id":"https:\/\/buy-prescriptionz.com\/#\/schema\/logo\/image\/","url":"https:\/\/buy-prescriptionz.com\/wp-content\/uploads\/2023\/09\/logo.png","contentUrl":"https:\/\/buy-prescriptionz.com\/wp-content\/uploads\/2023\/09\/logo.png","width":350,"height":64,"caption":"Buy Prescriptionz"},"image":{"@id":"https:\/\/buy-prescriptionz.com\/#\/schema\/logo\/image\/"}}]}},"_links":{"self":[{"href":"https:\/\/buy-prescriptionz.com\/es\/wp-json\/wp\/v2\/product\/3044","targetHints":{"allow":["GET"]}}],"collection":[{"href":"https:\/\/buy-prescriptionz.com\/es\/wp-json\/wp\/v2\/product"}],"about":[{"href":"https:\/\/buy-prescriptionz.com\/es\/wp-json\/wp\/v2\/types\/product"}],"replies":[{"embeddable":true,"href":"https:\/\/buy-prescriptionz.com\/es\/wp-json\/wp\/v2\/comments?post=3044"}],"wp:featuredmedia":[{"embeddable":true,"href":"https:\/\/buy-prescriptionz.com\/es\/wp-json\/wp\/v2\/media\/3074"}],"wp:attachment":[{"href":"https:\/\/buy-prescriptionz.com\/es\/wp-json\/wp\/v2\/media?parent=3044"}],"wp:term":[{"taxonomy":"product_brand","embeddable":true,"href":"https:\/\/buy-prescriptionz.com\/es\/wp-json\/wp\/v2\/product_brand?post=3044"},{"taxonomy":"product_cat","embeddable":true,"href":"https:\/\/buy-prescriptionz.com\/es\/wp-json\/wp\/v2\/product_cat?post=3044"},{"taxonomy":"product_tag","embeddable":true,"href":"https:\/\/buy-prescriptionz.com\/es\/wp-json\/wp\/v2\/product_tag?post=3044"}],"curies":[{"name":"wp","href":"https:\/\/api.w.org\/{rel}","templated":true}]}}