{"id":3046,"date":"2025-09-16T08:56:09","date_gmt":"2025-09-16T08:56:09","guid":{"rendered":"https:\/\/chemsfine.com\/newsite\/?post_type=product&#038;p=3046"},"modified":"2025-09-26T15:33:37","modified_gmt":"2025-09-26T15:33:37","slug":"comprar-sustanon-en-linea","status":"publish","type":"product","link":"https:\/\/buy-prescriptionz.com\/es\/producto\/comprar-sustanon-en-linea\/","title":{"rendered":"Comprar Sustanon en l\u00ednea"},"content":{"rendered":"<h2>Comprar Sustanon en l\u00ednea<\/h2>\n<h3>Comprar Sustanon 300 online en buy-prescriptionz.com para aumentar el recuento de espermatozoides<\/h3>\n<p>Comprar <a href=\"https:\/\/buy-prescriptionz.com\/es\/\">Sustanon<\/a> 300 para un transexual de mujer a hombre para la mejora de las cualidades sexuales masculinas. Su especialista pudo haber endosado Sustanon 300 en l\u00ednea por otra raz\u00f3n. Pregunte si tiene alguna duda acerca de por qu\u00e9 Sustanon 300 se recomienda para usted. Hay otra cantidad est\u00e1ndar disponible en buy-prescriptionz.com.<\/p>\n<h3><strong>Compre Sustanon en l\u00ednea por varias razones<\/strong><\/h3>\n<p>Sustanon es un esteroide anab\u00f3lico popular compuesto por una mezcla de cuatro \u00e9steres de testosterona diferentes. Se utiliza com\u00fanmente para la terapia de reemplazo de testosterona, el culturismo y la mejora del rendimiento deportivo. Comprar Sustanon en l\u00ednea ofrece varias ventajas, como comodidad, disponibilidad, precios competitivos y acceso a opiniones de clientes. Las plataformas en l\u00ednea tambi\u00e9n ofrecen la ventaja adicional de servicios de prescripci\u00f3n mediante consultas en l\u00ednea, lo que facilita la obtenci\u00f3n de los medicamentos necesarios. Al comprar el mejor Sustanon, es fundamental elegir fuentes confiables para garantizar la calidad y autenticidad del producto, garantizando as\u00ed su seguridad y eficacia.<\/p>\n<ol>\n<li><strong>Conveniencia<\/strong><\/li>\n<\/ol>\n<ol>\n<li style=\"list-style-type: none;\">\n<ul>\n<li>F\u00e1cil acceso: Compre el mejor Enantato desde la comodidad de su hogar.<\/li>\n<li>Env\u00edo discreto: garantiza privacidad y comodidad.<\/li>\n<\/ul>\n<\/li>\n<\/ol>\n<ol start=\"2\">\n<li><strong>Variedad y disponibilidad:<\/strong><\/li>\n<\/ol>\n<ol>\n<li style=\"list-style-type: none;\">\n<ul>\n<li>Amplia gama: Acceso a diferentes marcas y dosis.<\/li>\n<li>Disponibilidad de stock: M\u00e1s f\u00e1cil de encontrar en stock en comparaci\u00f3n con las farmacias locales.<\/li>\n<\/ul>\n<\/li>\n<\/ol>\n<ol start=\"3\">\n<li><strong>Kustannustehokas:<\/strong><\/li>\n<\/ol>\n<ol>\n<li style=\"list-style-type: none;\">\n<ul>\n<li>Precios competitivos: A menudo precios m\u00e1s baratos en comparaci\u00f3n con las tiendas f\u00edsicas.<\/li>\n<li>Descuentos y ofertas: Descuentos regulares y ofertas promocionales disponibles en l\u00ednea.<\/li>\n<\/ul>\n<\/li>\n<\/ol>\n<ol start=\"4\">\n<li><strong>Rese\u00f1as y calificaciones:<\/strong><\/li>\n<\/ol>\n<ol>\n<li style=\"list-style-type: none;\">\n<ul>\n<li>Comentarios de clientes: ayudan a elegir vendedores y productos confiables.<\/li>\n<\/ul>\n<\/li>\n<\/ol>\n<ol start=\"5\">\n<li><strong>Servicios de prescripci\u00f3n:<\/strong><\/li>\n<\/ol>\n<ol>\n<li style=\"list-style-type: none;\">\n<ul>\n<li>Consultas en l\u00ednea: Algunos sitios web ofrecen consultas m\u00e9dicas para obtener una receta.<\/li>\n<\/ul>\n<\/li>\n<\/ol>\n<p>Comprar Sustanon en l\u00ednea ofrece facilidad y ventajas en cuanto a precio. Aseg\u00farese siempre de comprar en proveedores confiables como buy-prescriptionz.com para garantizar su calidad y autenticidad. Su servicio le garantiza la entrega discreta de productos genuinos a domicilio. Consulte con un profesional de la salud para asegurarse de que Sustanon se ajuste a sus necesidades. Buy-prescriptionz.com es la mejor opci\u00f3n. <strong>la mejor farmacia <\/strong>Proporciona una plataforma confiable para comprar Sustanon de forma segura y conveniente.<\/p>\n<h3>Sustanon 300 en venta para los EE.UU. y los pa\u00edses asi\u00e1ticos<\/h3>\n<p class=\"translation-block\">Sustanon es un medicamento anab\u00f3lico androg\u00e9nico para aumentar el volumen y la calidad del esqueleto. Este medicamento es una mezcla de cuatro esterizados de testosterona filiales propionato, fenilpropionato de testosterona, isocaproato de testosterona y decanoato de testosterona. Usted puede comprar Sustanon 300 sin un m\u00e9dico en l\u00ednea en buy-prescriptionz.com.<\/p>\n<p>Orden Sustanon 300 en l\u00ednea para la expansi\u00f3n de la masa pectoral y fibra en el cuerpo. Debido a la larga vida media de aproximadamente tres semanas, es perfecto para la construcci\u00f3n y la ampliaci\u00f3n de la calidad sin todos los d\u00edas de dosificaci\u00f3n. Es anab\u00f3lico y androg\u00e9nico, as\u00ed que produce resultados incre\u00edbles junto con apenas un par de s\u00edntomas.<\/p>\n<p class=\"translation-block\">No se preocupe acerca de c\u00f3mo comprar Sustanon 300 en l\u00ednea m\u00e1s porque siempre o lo que mg que necesita, est\u00e1 disponible en buy-prescriptionz.com con el servicio de env\u00edo r\u00e1pido y seguro.\nComprar Sustanon 300 en l\u00ednea para tratar su bajo deseo sexual y otros problemas de la hormona del crecimiento s\u00f3lo en buy-prescriptionz.com.<\/p>\n<h3>Obtenga un servicio de entrega r\u00e1pido y seguro en buy-prescriptionz.com<\/h3>\n<p>Usted puede comprar Sustanon 300 sin la prescripci\u00f3n, aunque hay palillo de los hombres a la toma oral debido a viabilidad del coste. Usted sabr\u00e1 que 300 est\u00e1 disponible ser comprado lo m\u00e1s generalmente posible, aunque usted puede comprar Sustanon 300 en el precio barato y Sustanon 270, 300, 350, e incluso 500 en buy-prescriptionz.com.<\/p>\n<p>Generalmente, Sustanon inyectable 250 disponible ser comprado es la decisi\u00f3n m\u00e1s eficaz pues usted puede bajar o potencialmente aumentar su porci\u00f3n seg\u00fan lo requerido con la estimaci\u00f3n cautelosa. Hay solamente un lugar en donde comprar Sustanon 300 en l\u00ednea, y \u00e9se est\u00e1 vendiendo la mejor-calidad de esta medicaci\u00f3n en el mundo.<\/p>\n<p>Comprar Sustanon 300 con embalaje discreto como pacientes satisfechos est\u00e1n viendo un aumento de la calidad despu\u00e9s de unas pocas dosis y el aumento en el tama\u00f1o de los m\u00fasculos en s\u00f3lo dos semanas.<\/p>","protected":false},"excerpt":{"rendered":"<p>Buy Sustanon Online Buy Sustanon 300 online at buy-prescriptionz.com to increase sperm count Buy Sustanon 300 for a female to male transsexuals for improvement of masculine sexual qualities. Your specialist may have endorsed Sustanon 300 online for another reason. Inquire as to whether you have any inquiries about why Sustanon 300 is recommended for you. [&hellip;]<\/p>","protected":false},"featured_media":3076,"comment_status":"open","ping_status":"closed","template":"","meta":{"site-sidebar-layout":"default","site-content-layout":"","ast-site-content-layout":"default","site-content-style":"default","site-sidebar-style":"default","ast-global-header-display":"","ast-banner-title-visibility":"","ast-main-header-display":"","ast-hfb-above-header-display":"","ast-hfb-below-header-display":"","ast-hfb-mobile-header-display":"","site-post-title":"","ast-breadcrumbs-content":"","ast-featured-img":"","footer-sml-layout":"","theme-transparent-header-meta":"default","adv-header-id-meta":"","stick-header-meta":"","header-above-stick-meta":"","header-main-stick-meta":"","header-below-stick-meta":"","astra-migrate-meta-layouts":"set","ast-page-background-enabled":"default","ast-page-background-meta":{"desktop":{"background-color":"var(--ast-global-color-4)","background-image":"","background-repeat":"repeat","background-position":"center center","background-size":"auto","background-attachment":"scroll","background-type":"","background-media":"","overlay-type":"","overlay-color":"","overlay-opacity":"","overlay-gradient":""},"tablet":{"background-color":"","background-image":"","background-repeat":"repeat","background-position":"center center","background-size":"auto","background-attachment":"scroll","background-type":"","background-media":"","overlay-type":"","overlay-color":"","overlay-opacity":"","overlay-gradient":""},"mobile":{"background-color":"","background-image":"","background-repeat":"repeat","background-position":"center center","background-size":"auto","background-attachment":"scroll","background-type":"","background-media":"","overlay-type":"","overlay-color":"","overlay-opacity":"","overlay-gradient":""}},"ast-content-background-meta":{"desktop":{"background-color":"var(--ast-global-color-5)","background-image":"","background-repeat":"repeat","background-position":"center center","background-size":"auto","background-attachment":"scroll","background-type":"","background-media":"","overlay-type":"","overlay-color":"","overlay-opacity":"","overlay-gradient":""},"tablet":{"background-color":"var(--ast-global-color-5)","background-image":"","background-repeat":"repeat","background-position":"center center","background-size":"auto","background-attachment":"scroll","background-type":"","background-media":"","overlay-type":"","overlay-color":"","overlay-opacity":"","overlay-gradient":""},"mobile":{"background-color":"var(--ast-global-color-5)","background-image":"","background-repeat":"repeat","background-position":"center center","background-size":"auto","background-attachment":"scroll","background-type":"","background-media":"","overlay-type":"","overlay-color":"","overlay-opacity":"","overlay-gradient":""}}},"product_brand":[],"product_cat":[2384],"product_tag":[1358,1359,1357,1352,1355,1354,1353,1356,1351,1350,1360],"class_list":{"0":"post-3046","1":"product","2":"type-product","3":"status-publish","4":"has-post-thumbnail","6":"product_cat-buy-anabolic-steroids-online","7":"product_tag-buy-sustanon-in-canada","8":"product_tag-buy-sustanon-in-uk","9":"product_tag-buy-sustanon-in-usa","10":"product_tag-buy-sustanon-with-bitcoin","11":"product_tag-buy-sustanon-with-credit-card","12":"product_tag-buy-sustanon-with-money-gram","13":"product_tag-buy-sustanon-with-western-union","14":"product_tag-buy-sustanon-without-a-doctor","15":"product_tag-buy-sustanon-without-prescription","16":"product_tag-sustanon-for-sale","17":"product_tag-sustanon-injection","18":"desktop-align-center","19":"tablet-align-left","20":"mobile-align-left","22":"first","23":"instock","24":"shipping-taxable","25":"purchasable","26":"product-type-variable","27":"has-default-attributes"},"yoast_head":"<!-- This site is optimized with the Yoast SEO plugin v25.9 - https:\/\/yoast.com\/wordpress\/plugins\/seo\/ -->\n<title>Buy Sustanon Online -Sustanon testosterone injection | Buy sustanon AU<\/title>\n<meta name=\"description\" content=\"Buy Sustanon Online,Buy Sustanon 350! Online Sustanon 250 (Testosterone mix) for sale. Buy Sustanon 250 (Testosterone mix)\" \/>\n<meta name=\"robots\" content=\"index, follow, max-snippet:-1, max-image-preview:large, max-video-preview:-1\" \/>\n<link rel=\"canonical\" href=\"https:\/\/buy-prescriptionz.com\/es\/producto\/comprar-sustanon-en-linea\/\" \/>\n<meta property=\"og:locale\" content=\"es_ES\" \/>\n<meta property=\"og:type\" content=\"article\" \/>\n<meta property=\"og:title\" content=\"Buy Sustanon Online -Sustanon testosterone injection | Buy sustanon AU\" \/>\n<meta property=\"og:description\" content=\"Buy Sustanon Online,Buy Sustanon 350! Online Sustanon 250 (Testosterone mix) for sale. Buy Sustanon 250 (Testosterone mix)\" \/>\n<meta property=\"og:url\" content=\"https:\/\/buy-prescriptionz.com\/es\/producto\/comprar-sustanon-en-linea\/\" \/>\n<meta property=\"og:site_name\" content=\"Buy Prescriptionz\" \/>\n<meta property=\"article:modified_time\" content=\"2025-09-26T15:33:37+00:00\" \/>\n<meta property=\"og:image\" content=\"https:\/\/buy-prescriptionz.com\/wp-content\/uploads\/2025\/09\/sustanon.jpg\" \/>\n\t<meta property=\"og:image:width\" content=\"400\" \/>\n\t<meta property=\"og:image:height\" content=\"300\" \/>\n\t<meta property=\"og:image:type\" content=\"image\/jpeg\" \/>\n<meta name=\"twitter:card\" content=\"summary_large_image\" \/>\n<meta name=\"twitter:label1\" content=\"Tiempo de lectura\" \/>\n\t<meta name=\"twitter:data1\" content=\"3 minutos\" \/>\n<script type=\"application\/ld+json\" class=\"yoast-schema-graph\">{\"@context\":\"https:\/\/schema.org\",\"@graph\":[{\"@type\":\"WebPage\",\"@id\":\"https:\/\/buy-prescriptionz.com\/product\/buy-sustanon-online\/\",\"url\":\"https:\/\/buy-prescriptionz.com\/product\/buy-sustanon-online\/\",\"name\":\"Buy Sustanon Online -Sustanon testosterone injection | Buy sustanon AU\",\"isPartOf\":{\"@id\":\"https:\/\/buy-prescriptionz.com\/#website\"},\"primaryImageOfPage\":{\"@id\":\"https:\/\/buy-prescriptionz.com\/product\/buy-sustanon-online\/#primaryimage\"},\"image\":{\"@id\":\"https:\/\/buy-prescriptionz.com\/product\/buy-sustanon-online\/#primaryimage\"},\"thumbnailUrl\":\"https:\/\/buy-prescriptionz.com\/wp-content\/uploads\/2025\/09\/sustanon.jpg\",\"datePublished\":\"2025-09-16T08:56:09+00:00\",\"dateModified\":\"2025-09-26T15:33:37+00:00\",\"description\":\"Buy Sustanon Online,Buy Sustanon 350! Online Sustanon 250 (Testosterone mix) for sale. Buy Sustanon 250 (Testosterone mix)\",\"breadcrumb\":{\"@id\":\"https:\/\/buy-prescriptionz.com\/product\/buy-sustanon-online\/#breadcrumb\"},\"inLanguage\":\"es\",\"potentialAction\":[{\"@type\":\"ReadAction\",\"target\":[\"https:\/\/buy-prescriptionz.com\/product\/buy-sustanon-online\/\"]}]},{\"@type\":\"ImageObject\",\"inLanguage\":\"es\",\"@id\":\"https:\/\/buy-prescriptionz.com\/product\/buy-sustanon-online\/#primaryimage\",\"url\":\"https:\/\/buy-prescriptionz.com\/wp-content\/uploads\/2025\/09\/sustanon.jpg\",\"contentUrl\":\"https:\/\/buy-prescriptionz.com\/wp-content\/uploads\/2025\/09\/sustanon.jpg\",\"width\":400,\"height\":300},{\"@type\":\"BreadcrumbList\",\"@id\":\"https:\/\/buy-prescriptionz.com\/product\/buy-sustanon-online\/#breadcrumb\",\"itemListElement\":[{\"@type\":\"ListItem\",\"position\":1,\"name\":\"Home\",\"item\":\"https:\/\/buy-prescriptionz.com\/\"},{\"@type\":\"ListItem\",\"position\":2,\"name\":\"Shop Painkillers Online\",\"item\":\"https:\/\/buy-prescriptionz.com\/shop-painkillers-online\/\"},{\"@type\":\"ListItem\",\"position\":3,\"name\":\"Buy Sustanon Online\"}]},{\"@type\":\"WebSite\",\"@id\":\"https:\/\/buy-prescriptionz.com\/#website\",\"url\":\"https:\/\/buy-prescriptionz.com\/\",\"name\":\"Buy Prescriptionz\",\"description\":\"Drugs Online\",\"publisher\":{\"@id\":\"https:\/\/buy-prescriptionz.com\/#organization\"},\"potentialAction\":[{\"@type\":\"SearchAction\",\"target\":{\"@type\":\"EntryPoint\",\"urlTemplate\":\"https:\/\/buy-prescriptionz.com\/?s={search_term_string}\"},\"query-input\":{\"@type\":\"PropertyValueSpecification\",\"valueRequired\":true,\"valueName\":\"search_term_string\"}}],\"inLanguage\":\"es\"},{\"@type\":\"Organization\",\"@id\":\"https:\/\/buy-prescriptionz.com\/#organization\",\"name\":\"Buy Prescriptionz\",\"url\":\"https:\/\/buy-prescriptionz.com\/\",\"logo\":{\"@type\":\"ImageObject\",\"inLanguage\":\"es\",\"@id\":\"https:\/\/buy-prescriptionz.com\/#\/schema\/logo\/image\/\",\"url\":\"https:\/\/buy-prescriptionz.com\/wp-content\/uploads\/2023\/09\/logo.png\",\"contentUrl\":\"https:\/\/buy-prescriptionz.com\/wp-content\/uploads\/2023\/09\/logo.png\",\"width\":350,\"height\":64,\"caption\":\"Buy Prescriptionz\"},\"image\":{\"@id\":\"https:\/\/buy-prescriptionz.com\/#\/schema\/logo\/image\/\"}}]}<\/script>\n<!-- \/ Yoast SEO plugin. -->","yoast_head_json":{"title":"Comprar Sustanon en l\u00ednea -Sustanon inyecci\u00f3n de testosterona | Sustanon Para la venta en l\u00ednea","description":"\u00a1Comprar Sustanon Online, Comprar Sustanon 350! Online Sustanon 250 (Testosterone mix) en venta. Comprar Sustanon 250 (mezcla de testosterona)","robots":{"index":"index","follow":"follow","max-snippet":"max-snippet:-1","max-image-preview":"max-image-preview:large","max-video-preview":"max-video-preview:-1"},"canonical":"https:\/\/buy-prescriptionz.com\/es\/producto\/comprar-sustanon-en-linea\/","og_locale":"es_ES","og_type":"article","og_title":"Buy Sustanon Online -Sustanon testosterone injection | Buy sustanon AU","og_description":"Buy Sustanon Online,Buy Sustanon 350! Online Sustanon 250 (Testosterone mix) for sale. Buy Sustanon 250 (Testosterone mix)","og_url":"https:\/\/buy-prescriptionz.com\/es\/producto\/comprar-sustanon-en-linea\/","og_site_name":"Buy Prescriptionz","article_modified_time":"2025-09-26T15:33:37+00:00","og_image":[{"width":400,"height":300,"url":"https:\/\/buy-prescriptionz.com\/wp-content\/uploads\/2025\/09\/sustanon.jpg","type":"image\/jpeg"}],"twitter_card":"summary_large_image","twitter_misc":{"Tiempo de lectura":"3 minutos"},"schema":{"@context":"https:\/\/schema.org","@graph":[{"@type":"WebPage","@id":"https:\/\/buy-prescriptionz.com\/product\/buy-sustanon-online\/","url":"https:\/\/buy-prescriptionz.com\/product\/buy-sustanon-online\/","name":"Comprar Sustanon en l\u00ednea -Sustanon inyecci\u00f3n de testosterona | Sustanon Para la venta en l\u00ednea","isPartOf":{"@id":"https:\/\/buy-prescriptionz.com\/#website"},"primaryImageOfPage":{"@id":"https:\/\/buy-prescriptionz.com\/product\/buy-sustanon-online\/#primaryimage"},"image":{"@id":"https:\/\/buy-prescriptionz.com\/product\/buy-sustanon-online\/#primaryimage"},"thumbnailUrl":"https:\/\/buy-prescriptionz.com\/wp-content\/uploads\/2025\/09\/sustanon.jpg","datePublished":"2025-09-16T08:56:09+00:00","dateModified":"2025-09-26T15:33:37+00:00","description":"\u00a1Comprar Sustanon Online, Comprar Sustanon 350! Online Sustanon 250 (Testosterone mix) en venta. Comprar Sustanon 250 (mezcla de testosterona)","breadcrumb":{"@id":"https:\/\/buy-prescriptionz.com\/product\/buy-sustanon-online\/#breadcrumb"},"inLanguage":"es","potentialAction":[{"@type":"ReadAction","target":["https:\/\/buy-prescriptionz.com\/product\/buy-sustanon-online\/"]}]},{"@type":"ImageObject","inLanguage":"es","@id":"https:\/\/buy-prescriptionz.com\/product\/buy-sustanon-online\/#primaryimage","url":"https:\/\/buy-prescriptionz.com\/wp-content\/uploads\/2025\/09\/sustanon.jpg","contentUrl":"https:\/\/buy-prescriptionz.com\/wp-content\/uploads\/2025\/09\/sustanon.jpg","width":400,"height":300},{"@type":"BreadcrumbList","@id":"https:\/\/buy-prescriptionz.com\/product\/buy-sustanon-online\/#breadcrumb","itemListElement":[{"@type":"ListItem","position":1,"name":"Home","item":"https:\/\/buy-prescriptionz.com\/"},{"@type":"ListItem","position":2,"name":"Shop Painkillers Online","item":"https:\/\/buy-prescriptionz.com\/shop-painkillers-online\/"},{"@type":"ListItem","position":3,"name":"Buy Sustanon Online"}]},{"@type":"WebSite","@id":"https:\/\/buy-prescriptionz.com\/#website","url":"https:\/\/buy-prescriptionz.com\/","name":"Buy Prescriptionz","description":"Medicamentos en l\u00ednea","publisher":{"@id":"https:\/\/buy-prescriptionz.com\/#organization"},"potentialAction":[{"@type":"SearchAction","target":{"@type":"EntryPoint","urlTemplate":"https:\/\/buy-prescriptionz.com\/?s={search_term_string}"},"query-input":{"@type":"PropertyValueSpecification","valueRequired":true,"valueName":"search_term_string"}}],"inLanguage":"es"},{"@type":"Organization","@id":"https:\/\/buy-prescriptionz.com\/#organization","name":"Buy Prescriptionz","url":"https:\/\/buy-prescriptionz.com\/","logo":{"@type":"ImageObject","inLanguage":"es","@id":"https:\/\/buy-prescriptionz.com\/#\/schema\/logo\/image\/","url":"https:\/\/buy-prescriptionz.com\/wp-content\/uploads\/2023\/09\/logo.png","contentUrl":"https:\/\/buy-prescriptionz.com\/wp-content\/uploads\/2023\/09\/logo.png","width":350,"height":64,"caption":"Buy Prescriptionz"},"image":{"@id":"https:\/\/buy-prescriptionz.com\/#\/schema\/logo\/image\/"}}]}},"_links":{"self":[{"href":"https:\/\/buy-prescriptionz.com\/es\/wp-json\/wp\/v2\/product\/3046","targetHints":{"allow":["GET"]}}],"collection":[{"href":"https:\/\/buy-prescriptionz.com\/es\/wp-json\/wp\/v2\/product"}],"about":[{"href":"https:\/\/buy-prescriptionz.com\/es\/wp-json\/wp\/v2\/types\/product"}],"replies":[{"embeddable":true,"href":"https:\/\/buy-prescriptionz.com\/es\/wp-json\/wp\/v2\/comments?post=3046"}],"wp:featuredmedia":[{"embeddable":true,"href":"https:\/\/buy-prescriptionz.com\/es\/wp-json\/wp\/v2\/media\/3076"}],"wp:attachment":[{"href":"https:\/\/buy-prescriptionz.com\/es\/wp-json\/wp\/v2\/media?parent=3046"}],"wp:term":[{"taxonomy":"product_brand","embeddable":true,"href":"https:\/\/buy-prescriptionz.com\/es\/wp-json\/wp\/v2\/product_brand?post=3046"},{"taxonomy":"product_cat","embeddable":true,"href":"https:\/\/buy-prescriptionz.com\/es\/wp-json\/wp\/v2\/product_cat?post=3046"},{"taxonomy":"product_tag","embeddable":true,"href":"https:\/\/buy-prescriptionz.com\/es\/wp-json\/wp\/v2\/product_tag?post=3046"}],"curies":[{"name":"wp","href":"https:\/\/api.w.org\/{rel}","templated":true}]}}