{"id":3047,"date":"2025-09-16T08:56:09","date_gmt":"2025-09-16T08:56:09","guid":{"rendered":"https:\/\/chemsfine.com\/newsite\/?post_type=product&#038;p=3047"},"modified":"2025-09-25T11:42:57","modified_gmt":"2025-09-25T11:42:57","slug":"comprar-primobolan-en-linea","status":"publish","type":"product","link":"https:\/\/buy-prescriptionz.com\/es\/producto\/comprar-primobolan-en-linea\/","title":{"rendered":"Comprar Primobolan en l\u00ednea"},"content":{"rendered":"<h2>Comprar Primobolan en l\u00ednea<\/h2>\n<h3>Comprar Primobolan 100 mg online para tratar la anemia<\/h3>\n<p>Comprar Primobolan 100 mg en l\u00ednea para tratar la anemia Methenolone Enanthate o Primobolan es un andr\u00f3geno y esteroide anab\u00f3lico de prescripci\u00f3n para utilizar en el tratamiento de la anemia debido a la insuficiencia de la m\u00e9dula \u00f3sea. Comprar Primobolan 100 mg de inyecci\u00f3n para inyectar en los m\u00fasculos en buy-prescriptionz.com. Methenolone enanthate fue presentado para uso medicinal en. El uso terap\u00e9utico de Primobolan ...<\/p>\n<p>El enantato de metenolona se present\u00f3 para uso medicinal en. El uso terap\u00e9utico para Primobolan 100 mg online o enantato de metenolona es mejorar la acumulaci\u00f3n y el rendimiento del cuerpo. El medicamento es una sustancia controlada en algunos pa\u00edses.<\/p>\n<h3><strong>Compre Primobolan en l\u00ednea en la mejor farmacia.<\/strong><\/h3>\n<p>Primobolan, tambi\u00e9n conocido como metenolona, \u200b\u200bes un esteroide anab\u00f3lico popular utilizado por culturistas y atletas para mejorar el rendimiento y el f\u00edsico. Est\u00e1 disponible en presentaciones orales e inyectables: enantato de metenolona (inyectable) y acetato de metenolona (oral). Este esteroide es conocido por sus efectos anab\u00f3licos suaves y sus bajas propiedades androg\u00e9nicas, lo que lo convierte en la opci\u00f3n preferida para quienes buscan evitar efectos secundarios significativos.<\/p>\n<h3>Beneficios de Primobolan<\/h3>\n<ol>\n<li><strong>Preservaci\u00f3n muscular:<\/strong><\/li>\n<\/ol>\n<ol>\n<li style=\"list-style-type: none;\">\n<ul>\n<li>Magere Muskelmasse: Primobolan hilft dabei, mageres Muskelgewebe w\u00e4hrend der Definitionsphasen zu erhalten und ist daher ideal f\u00fcr alle, die ihre Muskeln erhalten und gleichzeitig Fett verlieren m\u00f6chten.<\/li>\n<li>Retenci\u00f3n de nitr\u00f3geno: mejora la retenci\u00f3n de nitr\u00f3geno en los m\u00fasculos, promoviendo un balance de nitr\u00f3geno positivo esencial para el crecimiento muscular.<\/li>\n<\/ul>\n<\/li>\n<\/ol>\n<ol start=\"2\">\n<li><strong>P\u00e9rdida de grasa:<\/strong><\/li>\n<\/ol>\n<ol>\n<li style=\"list-style-type: none;\">\n<ul>\n<li>Metabolismo de grasas mejorado: ayuda a perder grasa al aumentar la actividad metab\u00f3lica, lo que ayuda a los usuarios a lograr un f\u00edsico m\u00e1s delgado.<\/li>\n<li>Conserva la fuerza: mantiene los niveles de fuerza incluso durante dietas restringidas en calor\u00edas.<\/li>\n<\/ul>\n<\/li>\n<\/ol>\n<ol start=\"3\">\n<li><strong>Efectos secundarios leves:<\/strong><\/li>\n<\/ol>\n<ol>\n<li style=\"list-style-type: none;\">\n<ul>\n<li>Baja actividad androg\u00e9nica: Primobolan tiene bajos efectos androg\u00e9nicos, lo que reduce el riesgo de efectos secundarios como la p\u00e9rdida del cabello y el acn\u00e9.<\/li>\n<li>Amigable con el h\u00edgado: Primobolan oral es menos hepatot\u00f3xico en comparaci\u00f3n con otros esteroides orales.<\/li>\n<\/ul>\n<\/li>\n<\/ol>\n<ol start=\"4\">\n<li><strong>Mayor resistencia y recuperaci\u00f3n:<\/strong><\/li>\n<\/ol>\n<ol>\n<li style=\"list-style-type: none;\">\n<ul>\n<li>Aumento de la producci\u00f3n de gl\u00f3bulos rojos: mejora el suministro de ox\u00edgeno a los m\u00fasculos, mejorando la resistencia y el rendimiento.<\/li>\n<li>Recuperaci\u00f3n m\u00e1s r\u00e1pida: reduce la fatiga muscular y acelera los tiempos de recuperaci\u00f3n despu\u00e9s del entrenamiento.<\/li>\n<\/ul>\n<\/li>\n<\/ol>\n<ol start=\"5\">\n<li><strong>Versatilidad:<\/strong><\/li>\n<\/ol>\n<ol>\n<li style=\"list-style-type: none;\">\n<ul>\n<li>Adecuado para ambos sexos: debido a su naturaleza suave, Primobolan es adecuado para su uso tanto por hombres como por mujeres.<\/li>\n<li>Apilamiento: se puede combinar eficazmente con otros esteroides para mejorar los resultados sin aumentar significativamente el riesgo de efectos secundarios.<\/li>\n<\/ul>\n<\/li>\n<\/ol>\n<p>Primobolan es un esteroide anab\u00f3lico vers\u00e1til y suave, ideal para la preservaci\u00f3n muscular, la p\u00e9rdida de grasa y minimiza los efectos secundarios. Comprarlo en l\u00ednea ofrece varias ventajas, como comodidad, disponibilidad, precios competitivos y acceso a rese\u00f1as de usuarios. Para una compra confiable y segura, elija siempre la mejor farmacia, como buy-prescriptionz.com. Aseg\u00farese de la calidad y autenticidad del producto y considere plataformas en l\u00ednea que ofrezcan servicios de prescripci\u00f3n para facilitar su uso seguro.<\/p>\n<h3>Primobolan 100 mg en venta en buy-prescriptionz.com<\/h3>\n<p>Comprar Primobolan 100 mg sin receta como un andr\u00f3geno obtenido qu\u00edmicamente y esteroide anab\u00f3lico y es un agonista del receptor de andr\u00f3genos, la naturaleza org\u00e1nica de los andr\u00f3genos como la testosterona y dihidrotestosterona.<\/p>\n<p>Tiene impactos anab\u00f3licos moderados y fr\u00e1giles impactos androg\u00e9nicos, al igual que ning\u00fan efecto estrog\u00e9nico, o el peligro de da\u00f1o hep\u00e1tico. Methenolone enanthate es un \u00e9ster de metenolona y un prof\u00e1rmaco perdurable de metenolona en el cuerpo.<\/p>\n<p>Puede comprar Primobolan 100 mg con un embalaje discreto y un servicio de env\u00edo r\u00e1pido y seguro en buy-prescriptionz.com.<\/p>\n<h3>C\u00f3mo comprar Primobolan 100 mg en l\u00ednea<\/h3>\n<p>Usted tiene que usar sus dedos para hacer su pedido en buy-prescriptionz.com para este medicamento que es tambi\u00e9n el esteroide para la construcci\u00f3n de m\u00fasculo y un medicamento de tratamiento para la anemia y problemas neurol\u00f3gicos. Usted puede ordenar Primobolan 100 mg en l\u00ednea con nuestro apoyo en l\u00ednea de chatbot.<\/p>\n<h3>Comprar Primobolan 100 mg sin m\u00e9dico en buy-prescriptionz.com<\/h3>\n<p>Comprar Primobolan 100 mg en l\u00ednea para toda su falta de rendimiento en el gimnasio o en la cama. Es para las mujeres y los hombres. Como subsidiario de DHT, methenolone, el tipo din\u00e1mico de methenolone enanthate, no se aromatiza y no se inclina a crear reacciones estrog\u00e9nicas como la ginecomastia. Comprar Primobolan 100 mg a precio barato con un servicio de entrega r\u00e1pido y seguro en los EE.UU. o pa\u00edses europeos seleccionados.<\/p>\n<p>Como AAS, el enantato de metenolona es antigonadotr\u00f3pico y puede sofocar el eje hipot\u00e1lamo-hip\u00f3fisis-g\u00f3nadas y producir hipogonadismo reversible e infertilidad. Buyprescriptionz.com es el portal en l\u00ednea donde comprar Primobolan 100 mg en l\u00ednea. La existencia natural de enantato de metenolona se contabiliza para ser alrededor de 10,5 d\u00edas por inyecci\u00f3n intramuscular.<\/p>","protected":false},"excerpt":{"rendered":"<p>Buy Primobolan Online Buy Primobolan 100 mg online to treat anaemia Methenolone Enanthate or Primobolan is an androgen and anabolic steroid prescription to use in the treatment of anaemia because of bone marrow failure. Buy Primobolan 100 mg injection for injecting into muscles at buy-prescriptionz.com. Methenolone enanthate was presented for medicinal use in. The therapeutic [&hellip;]<\/p>","protected":false},"featured_media":3077,"comment_status":"open","ping_status":"closed","template":"","meta":{"site-sidebar-layout":"default","site-content-layout":"","ast-site-content-layout":"default","site-content-style":"default","site-sidebar-style":"default","ast-global-header-display":"","ast-banner-title-visibility":"","ast-main-header-display":"","ast-hfb-above-header-display":"","ast-hfb-below-header-display":"","ast-hfb-mobile-header-display":"","site-post-title":"","ast-breadcrumbs-content":"","ast-featured-img":"","footer-sml-layout":"","theme-transparent-header-meta":"default","adv-header-id-meta":"","stick-header-meta":"","header-above-stick-meta":"","header-main-stick-meta":"","header-below-stick-meta":"","astra-migrate-meta-layouts":"set","ast-page-background-enabled":"default","ast-page-background-meta":{"desktop":{"background-color":"var(--ast-global-color-4)","background-image":"","background-repeat":"repeat","background-position":"center center","background-size":"auto","background-attachment":"scroll","background-type":"","background-media":"","overlay-type":"","overlay-color":"","overlay-opacity":"","overlay-gradient":""},"tablet":{"background-color":"","background-image":"","background-repeat":"repeat","background-position":"center center","background-size":"auto","background-attachment":"scroll","background-type":"","background-media":"","overlay-type":"","overlay-color":"","overlay-opacity":"","overlay-gradient":""},"mobile":{"background-color":"","background-image":"","background-repeat":"repeat","background-position":"center center","background-size":"auto","background-attachment":"scroll","background-type":"","background-media":"","overlay-type":"","overlay-color":"","overlay-opacity":"","overlay-gradient":""}},"ast-content-background-meta":{"desktop":{"background-color":"var(--ast-global-color-5)","background-image":"","background-repeat":"repeat","background-position":"center center","background-size":"auto","background-attachment":"scroll","background-type":"","background-media":"","overlay-type":"","overlay-color":"","overlay-opacity":"","overlay-gradient":""},"tablet":{"background-color":"var(--ast-global-color-5)","background-image":"","background-repeat":"repeat","background-position":"center center","background-size":"auto","background-attachment":"scroll","background-type":"","background-media":"","overlay-type":"","overlay-color":"","overlay-opacity":"","overlay-gradient":""},"mobile":{"background-color":"var(--ast-global-color-5)","background-image":"","background-repeat":"repeat","background-position":"center center","background-size":"auto","background-attachment":"scroll","background-type":"","background-media":"","overlay-type":"","overlay-color":"","overlay-opacity":"","overlay-gradient":""}}},"product_brand":[],"product_cat":[2384],"product_tag":[1347,1348,1346,1341,1344,1343,1342,1345,1340,1339,1349],"class_list":{"0":"post-3047","1":"product","2":"type-product","3":"status-publish","4":"has-post-thumbnail","6":"product_cat-buy-anabolic-steroids-online","7":"product_tag-buy-primobolan-in-canada","8":"product_tag-buy-primobolan-in-uk","9":"product_tag-buy-primobolan-in-usa","10":"product_tag-buy-primobolan-with-bitcoin","11":"product_tag-buy-primobolan-with-credit-card","12":"product_tag-buy-primobolan-with-money-gram","13":"product_tag-buy-primobolan-with-western-union","14":"product_tag-buy-primobolan-without-a-doctor","15":"product_tag-buy-primobolan-without-prescription","16":"product_tag-primobolan-for-sale","17":"product_tag-primobolan-injection","18":"desktop-align-center","19":"tablet-align-left","20":"mobile-align-left","22":"first","23":"instock","24":"shipping-taxable","25":"purchasable","26":"product-type-variable","27":"has-default-attributes"},"yoast_head":"<!-- This site is optimized with the Yoast SEO plugin v25.9 - https:\/\/yoast.com\/wordpress\/plugins\/seo\/ -->\n<title>Buy Primobolan Online - Primobolan for Sale<\/title>\n<meta name=\"description\" content=\"It is the best time to visit our online Buy-Prescriptionz store and buy Primobolan online. We have Primobolan for sale here. Meet us online and place your order today!\" \/>\n<meta name=\"robots\" content=\"index, follow, max-snippet:-1, max-image-preview:large, max-video-preview:-1\" \/>\n<link rel=\"canonical\" href=\"https:\/\/buy-prescriptionz.com\/es\/producto\/comprar-primobolan-en-linea\/\" \/>\n<meta property=\"og:locale\" content=\"es_ES\" \/>\n<meta property=\"og:type\" content=\"article\" \/>\n<meta property=\"og:title\" content=\"Buy Primobolan Online - Primobolan for Sale\" \/>\n<meta property=\"og:description\" content=\"It is the best time to visit our online Buy-Prescriptionz store and buy Primobolan online. We have Primobolan for sale here. Meet us online and place your order today!\" \/>\n<meta property=\"og:url\" content=\"https:\/\/buy-prescriptionz.com\/es\/producto\/comprar-primobolan-en-linea\/\" \/>\n<meta property=\"og:site_name\" content=\"Buy Prescriptionz\" \/>\n<meta property=\"article:modified_time\" content=\"2025-09-25T11:42:57+00:00\" \/>\n<meta property=\"og:image\" content=\"https:\/\/buy-prescriptionz.com\/wp-content\/uploads\/2025\/09\/primobolan.jpg\" \/>\n\t<meta property=\"og:image:width\" content=\"400\" \/>\n\t<meta property=\"og:image:height\" content=\"300\" \/>\n\t<meta property=\"og:image:type\" content=\"image\/jpeg\" \/>\n<meta name=\"twitter:card\" content=\"summary_large_image\" \/>\n<meta name=\"twitter:label1\" content=\"Tiempo de lectura\" \/>\n\t<meta name=\"twitter:data1\" content=\"4 minutos\" \/>\n<script type=\"application\/ld+json\" class=\"yoast-schema-graph\">{\"@context\":\"https:\/\/schema.org\",\"@graph\":[{\"@type\":\"WebPage\",\"@id\":\"https:\/\/buy-prescriptionz.com\/product\/buy-primobolan-online\/\",\"url\":\"https:\/\/buy-prescriptionz.com\/product\/buy-primobolan-online\/\",\"name\":\"Buy Primobolan Online - Primobolan for Sale\",\"isPartOf\":{\"@id\":\"https:\/\/buy-prescriptionz.com\/#website\"},\"primaryImageOfPage\":{\"@id\":\"https:\/\/buy-prescriptionz.com\/product\/buy-primobolan-online\/#primaryimage\"},\"image\":{\"@id\":\"https:\/\/buy-prescriptionz.com\/product\/buy-primobolan-online\/#primaryimage\"},\"thumbnailUrl\":\"https:\/\/buy-prescriptionz.com\/wp-content\/uploads\/2025\/09\/primobolan.jpg\",\"datePublished\":\"2025-09-16T08:56:09+00:00\",\"dateModified\":\"2025-09-25T11:42:57+00:00\",\"description\":\"It is the best time to visit our online Buy-Prescriptionz store and buy Primobolan online. We have Primobolan for sale here. Meet us online and place your order today!\",\"breadcrumb\":{\"@id\":\"https:\/\/buy-prescriptionz.com\/product\/buy-primobolan-online\/#breadcrumb\"},\"inLanguage\":\"es\",\"potentialAction\":[{\"@type\":\"ReadAction\",\"target\":[\"https:\/\/buy-prescriptionz.com\/product\/buy-primobolan-online\/\"]}]},{\"@type\":\"ImageObject\",\"inLanguage\":\"es\",\"@id\":\"https:\/\/buy-prescriptionz.com\/product\/buy-primobolan-online\/#primaryimage\",\"url\":\"https:\/\/buy-prescriptionz.com\/wp-content\/uploads\/2025\/09\/primobolan.jpg\",\"contentUrl\":\"https:\/\/buy-prescriptionz.com\/wp-content\/uploads\/2025\/09\/primobolan.jpg\",\"width\":400,\"height\":300},{\"@type\":\"BreadcrumbList\",\"@id\":\"https:\/\/buy-prescriptionz.com\/product\/buy-primobolan-online\/#breadcrumb\",\"itemListElement\":[{\"@type\":\"ListItem\",\"position\":1,\"name\":\"Home\",\"item\":\"https:\/\/buy-prescriptionz.com\/\"},{\"@type\":\"ListItem\",\"position\":2,\"name\":\"Shop Painkillers Online\",\"item\":\"https:\/\/buy-prescriptionz.com\/shop-painkillers-online\/\"},{\"@type\":\"ListItem\",\"position\":3,\"name\":\"Buy Primobolan Online\"}]},{\"@type\":\"WebSite\",\"@id\":\"https:\/\/buy-prescriptionz.com\/#website\",\"url\":\"https:\/\/buy-prescriptionz.com\/\",\"name\":\"Buy Prescriptionz\",\"description\":\"Drugs Online\",\"publisher\":{\"@id\":\"https:\/\/buy-prescriptionz.com\/#organization\"},\"potentialAction\":[{\"@type\":\"SearchAction\",\"target\":{\"@type\":\"EntryPoint\",\"urlTemplate\":\"https:\/\/buy-prescriptionz.com\/?s={search_term_string}\"},\"query-input\":{\"@type\":\"PropertyValueSpecification\",\"valueRequired\":true,\"valueName\":\"search_term_string\"}}],\"inLanguage\":\"es\"},{\"@type\":\"Organization\",\"@id\":\"https:\/\/buy-prescriptionz.com\/#organization\",\"name\":\"Buy Prescriptionz\",\"url\":\"https:\/\/buy-prescriptionz.com\/\",\"logo\":{\"@type\":\"ImageObject\",\"inLanguage\":\"es\",\"@id\":\"https:\/\/buy-prescriptionz.com\/#\/schema\/logo\/image\/\",\"url\":\"https:\/\/buy-prescriptionz.com\/wp-content\/uploads\/2023\/09\/logo.png\",\"contentUrl\":\"https:\/\/buy-prescriptionz.com\/wp-content\/uploads\/2023\/09\/logo.png\",\"width\":350,\"height\":64,\"caption\":\"Buy Prescriptionz\"},\"image\":{\"@id\":\"https:\/\/buy-prescriptionz.com\/#\/schema\/logo\/image\/\"}}]}<\/script>\n<!-- \/ Yoast SEO plugin. -->","yoast_head_json":{"title":"Comprar Primobolan en l\u00ednea - Primobolan en venta","description":"Es el mejor momento para visitar nuestra tienda online Buy-Prescriptionz y comprar Primobolan. Tenemos Primobolan a la venta aqu\u00ed. \u00a1Con\u00f3zcanos en l\u00ednea y haga su pedido hoy mismo!","robots":{"index":"index","follow":"follow","max-snippet":"max-snippet:-1","max-image-preview":"max-image-preview:large","max-video-preview":"max-video-preview:-1"},"canonical":"https:\/\/buy-prescriptionz.com\/es\/producto\/comprar-primobolan-en-linea\/","og_locale":"es_ES","og_type":"article","og_title":"Buy Primobolan Online - Primobolan for Sale","og_description":"It is the best time to visit our online Buy-Prescriptionz store and buy Primobolan online. We have Primobolan for sale here. Meet us online and place your order today!","og_url":"https:\/\/buy-prescriptionz.com\/es\/producto\/comprar-primobolan-en-linea\/","og_site_name":"Buy Prescriptionz","article_modified_time":"2025-09-25T11:42:57+00:00","og_image":[{"width":400,"height":300,"url":"https:\/\/buy-prescriptionz.com\/wp-content\/uploads\/2025\/09\/primobolan.jpg","type":"image\/jpeg"}],"twitter_card":"summary_large_image","twitter_misc":{"Tiempo de lectura":"4 minutos"},"schema":{"@context":"https:\/\/schema.org","@graph":[{"@type":"WebPage","@id":"https:\/\/buy-prescriptionz.com\/product\/buy-primobolan-online\/","url":"https:\/\/buy-prescriptionz.com\/product\/buy-primobolan-online\/","name":"Comprar Primobolan en l\u00ednea - Primobolan en venta","isPartOf":{"@id":"https:\/\/buy-prescriptionz.com\/#website"},"primaryImageOfPage":{"@id":"https:\/\/buy-prescriptionz.com\/product\/buy-primobolan-online\/#primaryimage"},"image":{"@id":"https:\/\/buy-prescriptionz.com\/product\/buy-primobolan-online\/#primaryimage"},"thumbnailUrl":"https:\/\/buy-prescriptionz.com\/wp-content\/uploads\/2025\/09\/primobolan.jpg","datePublished":"2025-09-16T08:56:09+00:00","dateModified":"2025-09-25T11:42:57+00:00","description":"Es el mejor momento para visitar nuestra tienda online Buy-Prescriptionz y comprar Primobolan. Tenemos Primobolan a la venta aqu\u00ed. \u00a1Con\u00f3zcanos en l\u00ednea y haga su pedido hoy mismo!","breadcrumb":{"@id":"https:\/\/buy-prescriptionz.com\/product\/buy-primobolan-online\/#breadcrumb"},"inLanguage":"es","potentialAction":[{"@type":"ReadAction","target":["https:\/\/buy-prescriptionz.com\/product\/buy-primobolan-online\/"]}]},{"@type":"ImageObject","inLanguage":"es","@id":"https:\/\/buy-prescriptionz.com\/product\/buy-primobolan-online\/#primaryimage","url":"https:\/\/buy-prescriptionz.com\/wp-content\/uploads\/2025\/09\/primobolan.jpg","contentUrl":"https:\/\/buy-prescriptionz.com\/wp-content\/uploads\/2025\/09\/primobolan.jpg","width":400,"height":300},{"@type":"BreadcrumbList","@id":"https:\/\/buy-prescriptionz.com\/product\/buy-primobolan-online\/#breadcrumb","itemListElement":[{"@type":"ListItem","position":1,"name":"Home","item":"https:\/\/buy-prescriptionz.com\/"},{"@type":"ListItem","position":2,"name":"Shop Painkillers Online","item":"https:\/\/buy-prescriptionz.com\/shop-painkillers-online\/"},{"@type":"ListItem","position":3,"name":"Buy Primobolan Online"}]},{"@type":"WebSite","@id":"https:\/\/buy-prescriptionz.com\/#website","url":"https:\/\/buy-prescriptionz.com\/","name":"Buy Prescriptionz","description":"Medicamentos en l\u00ednea","publisher":{"@id":"https:\/\/buy-prescriptionz.com\/#organization"},"potentialAction":[{"@type":"SearchAction","target":{"@type":"EntryPoint","urlTemplate":"https:\/\/buy-prescriptionz.com\/?s={search_term_string}"},"query-input":{"@type":"PropertyValueSpecification","valueRequired":true,"valueName":"search_term_string"}}],"inLanguage":"es"},{"@type":"Organization","@id":"https:\/\/buy-prescriptionz.com\/#organization","name":"Buy Prescriptionz","url":"https:\/\/buy-prescriptionz.com\/","logo":{"@type":"ImageObject","inLanguage":"es","@id":"https:\/\/buy-prescriptionz.com\/#\/schema\/logo\/image\/","url":"https:\/\/buy-prescriptionz.com\/wp-content\/uploads\/2023\/09\/logo.png","contentUrl":"https:\/\/buy-prescriptionz.com\/wp-content\/uploads\/2023\/09\/logo.png","width":350,"height":64,"caption":"Buy Prescriptionz"},"image":{"@id":"https:\/\/buy-prescriptionz.com\/#\/schema\/logo\/image\/"}}]}},"_links":{"self":[{"href":"https:\/\/buy-prescriptionz.com\/es\/wp-json\/wp\/v2\/product\/3047","targetHints":{"allow":["GET"]}}],"collection":[{"href":"https:\/\/buy-prescriptionz.com\/es\/wp-json\/wp\/v2\/product"}],"about":[{"href":"https:\/\/buy-prescriptionz.com\/es\/wp-json\/wp\/v2\/types\/product"}],"replies":[{"embeddable":true,"href":"https:\/\/buy-prescriptionz.com\/es\/wp-json\/wp\/v2\/comments?post=3047"}],"wp:featuredmedia":[{"embeddable":true,"href":"https:\/\/buy-prescriptionz.com\/es\/wp-json\/wp\/v2\/media\/3077"}],"wp:attachment":[{"href":"https:\/\/buy-prescriptionz.com\/es\/wp-json\/wp\/v2\/media?parent=3047"}],"wp:term":[{"taxonomy":"product_brand","embeddable":true,"href":"https:\/\/buy-prescriptionz.com\/es\/wp-json\/wp\/v2\/product_brand?post=3047"},{"taxonomy":"product_cat","embeddable":true,"href":"https:\/\/buy-prescriptionz.com\/es\/wp-json\/wp\/v2\/product_cat?post=3047"},{"taxonomy":"product_tag","embeddable":true,"href":"https:\/\/buy-prescriptionz.com\/es\/wp-json\/wp\/v2\/product_tag?post=3047"}],"curies":[{"name":"wp","href":"https:\/\/api.w.org\/{rel}","templated":true}]}}