{"id":3051,"date":"2025-09-16T08:56:09","date_gmt":"2025-09-16T08:56:09","guid":{"rendered":"https:\/\/chemsfine.com\/newsite\/?post_type=product&#038;p=3051"},"modified":"2025-09-22T05:26:12","modified_gmt":"2025-09-22T05:26:12","slug":"comprar-lasix-en-linea","status":"publish","type":"product","link":"https:\/\/buy-prescriptionz.com\/es\/producto\/comprar-lasix-en-linea\/","title":{"rendered":"Comprar Lasix en l\u00ednea"},"content":{"rendered":"<h2>Comprar Lasix en l\u00ednea<\/h2>\n<h3>Compre Lasix 40 mg en l\u00ednea en buy-prescriptionz.com para la hipertensi\u00f3n<\/h3>\n<p>Comprar Lasix 40 mg en l\u00ednea en buy-prescriptionz.com para la Hipertensi\u00f3n Comprar Lasix en l\u00ednea,Furosemida o Lasix es un f\u00e1rmaco para el tratamiento de la excreci\u00f3n de l\u00edquidos debido a las n\u00e1useas, problemas de h\u00edgado o enfermedad renal. Comprar Lasix 40 mg para el tratamiento de la presi\u00f3n arterial alta tambi\u00e9n. Lasix 40 mg online est\u00e1 disponible para infusi\u00f3n en vena o por v\u00eda oral. ...<\/p>\n<h3>Comprar Lasix en l\u00ednea: beneficios, efectos secundarios y descripci\u00f3n general<\/h3>\n<p>Lasix, tambi\u00e9n conocido como furosemida, es un potente diur\u00e9tico que se utiliza principalmente para tratar la retenci\u00f3n de l\u00edquidos (edema) asociada con la insuficiencia card\u00edaca congestiva, la enfermedad hep\u00e1tica y los trastornos renales. Tambi\u00e9n se utiliza para controlar la presi\u00f3n arterial alta (hipertensi\u00f3n). Lasix act\u00faa impidiendo que el cuerpo absorba demasiada sal, lo que permite que esta se expulse por la orina.<\/p>\n<h4>Beneficios de Lasix<\/h4>\n<ol>\n<li>Reduziert Fl\u00fcssigkeitsansammlungen: Lasix reduziert wirksam Schwellungen und Fl\u00fcssigkeitsansammlungen im K\u00f6rper und erleichtert Patienten mit Herz-, Leber- oder Nierenproblemen das Atmen und Bewegen.<\/li>\n<li>Controla la hipertensi\u00f3n: al promover la eliminaci\u00f3n del exceso de l\u00edquido, Lasix ayuda a reducir la presi\u00f3n arterial alta, reduciendo el riesgo de sufrir un accidente cerebrovascular y un ataque card\u00edaco.<\/li>\n<li>Previene complicaciones: al reducir el edema, Lasix ayuda a prevenir complicaciones asociadas con la retenci\u00f3n grave de l\u00edquidos, como el edema pulmonar (l\u00edquido en los pulmones) y la presi\u00f3n arterial alta grave.<\/li>\n<li>Acci\u00f3n r\u00e1pida: Lasix act\u00faa r\u00e1pidamente, proporcionando un alivio r\u00e1pido de los s\u00edntomas de retenci\u00f3n de l\u00edquidos e hipertensi\u00f3n, lo que puede ser crucial para pacientes en situaci\u00f3n de angustia aguda.<\/li>\n<\/ol>\n<h4>Lasixin sivuvaikutukset<\/h4>\n<ol>\n<li>Desequilibrio electrol\u00edtico: Los efectos secundarios comunes incluyen niveles bajos de potasio, sodio y magnesio en la sangre, lo que puede causar s\u00edntomas como calambres musculares, debilidad y latidos card\u00edacos irregulares.<\/li>\n<li>Deshidrataci\u00f3n: La p\u00e9rdida excesiva de l\u00edquidos puede provocar deshidrataci\u00f3n, causando mareos, sequedad de boca y disminuci\u00f3n de la producci\u00f3n de orina.<\/li>\n<li>Hipotensi\u00f3n: Lasix puede provocar una ca\u00edda significativa de la presi\u00f3n arterial, dando lugar a mareos o desmayos, especialmente al ponerse de pie r\u00e1pidamente.<\/li>\n<li>Problemas de audici\u00f3n: Las dosis altas o la administraci\u00f3n intravenosa r\u00e1pida de Lasix pueden provocar p\u00e9rdida de audici\u00f3n temporal o permanente.<\/li>\n<li>Reacciones al\u00e9rgicas: Algunos pacientes pueden experimentar reacciones al\u00e9rgicas, que incluyen sarpullido, picaz\u00f3n o dificultad para respirar.<\/li>\n<\/ol>\n<p>Es preferible tomar el mejor Lasix bajo supervisi\u00f3n m\u00e9dica debido a sus fuertes efectos y posibles efectos adversos. Respetar la dosis recomendada y programar ex\u00e1menes de rutina es crucial para monitorear la funci\u00f3n renal y los niveles de electrolitos. Para obtener Lasix y obtener m\u00e1s informaci\u00f3n, visite buy-prescriptionz.com, la mejor farmacia.<\/p>\n<h3>Lasix 40 mg a la venta a precios incre\u00edbles<\/h3>\n<p>No se preocupe por c\u00f3mo comprar Lasix 40 mg en l\u00ednea para el tratamiento del edema y la hipertensi\u00f3n. Tambi\u00e9n puede comprar Lasix 40 mg en l\u00ednea para la cirrosis hep\u00e1tica, la insuficiencia renal, el trastorno nefr\u00f3tico, la inflamaci\u00f3n de las venas o los pulmones que requiere una diuresis r\u00e1pida y la hipercalcemia grave.<\/p>\n<p>Lasix se excreta por v\u00eda renal. Se prescriben dosis m\u00e1s bajas en pacientes de edad avanzada para limitar los s\u00edntomas, y se requieren dosis m\u00e1s altas en caso de insuficiencia renal. Su consumo excesivo puede causar da\u00f1o renal.<\/p>\n<h3>D\u00f3nde comprar Lasix 40 mg en l\u00ednea para pacientes de EE. UU.<\/h3>\n<p>Compre Lasix 40 mg sin receta. Act\u00faa en 1 hora tras la administraci\u00f3n oral y, tras la infusi\u00f3n intravenosa, el efecto se nota en unos 30 minutos. Haga su pedido ahora en buy-prescriptionz.com para un env\u00edo r\u00e1pido y seguro. La diuresis se experimenta durante 6 a 8 horas tras la inyecci\u00f3n oral en caso de urgencia. La furosemida es un bloqueador no competitivo de subtipo expl\u00edcito de los receptores GABA-A. Se ha descrito que la furosemida revierte los flujos inducidos por GABA en los receptores \u03b16\u03b22\u03b32 a una concentraci\u00f3n de \u00b5M, aunque no en los receptores \u03b11\u03b22\u03b32. Compre Lasix 40 mg a bajo precio para pedidos al por mayor en buy-prescriptionz.com.<\/p>\n<h3>Comprar Lasix 40 mg en l\u00ednea<\/h3>\n<p>La actividad en los t\u00fabulos distales es independiente de cualquier efecto inhibidor sobre la anhidrasa carb\u00f3nica o la aldosterona; anula el proceso osm\u00f3tico corticomedular y el flujo de agua libre, tanto negativo como positivo. Compre Lasix 40 mg sin receta m\u00e9dica con un servicio de entrega r\u00e1pido y seguro en buy-prescriptionz.com.<\/p>\n<p>Comprar Lasix 40 mg con embalaje discreto como otros diur\u00e9ticos, act\u00faa restringiendo el cotransportador luminal Na-K-Cl en el ap\u00e9ndice mediante la autoridad del canal de cloruro, causando p\u00e9rdida de sodio, cloruro y potasio en la orina.<\/p>","protected":false},"excerpt":{"rendered":"<p>Buy Lasix Online Buy Lasix 40 mg online at buy-prescriptionz.com for Hypertension Buy Lasix Online,Furosemide or Lasix is a drug for treating liquid excretion because of nausea, liver issues, or kidney disease. Buy Lasix 40 mg for the treatment of high blood pressure also. Lasix 40 mg online is available for infusion into a vein [&hellip;]<\/p>","protected":false},"featured_media":3081,"comment_status":"open","ping_status":"closed","template":"","meta":{"site-sidebar-layout":"default","site-content-layout":"","ast-site-content-layout":"default","site-content-style":"default","site-sidebar-style":"default","ast-global-header-display":"","ast-banner-title-visibility":"","ast-main-header-display":"","ast-hfb-above-header-display":"","ast-hfb-below-header-display":"","ast-hfb-mobile-header-display":"","site-post-title":"","ast-breadcrumbs-content":"","ast-featured-img":"","footer-sml-layout":"","theme-transparent-header-meta":"default","adv-header-id-meta":"","stick-header-meta":"","header-above-stick-meta":"","header-main-stick-meta":"","header-below-stick-meta":"","astra-migrate-meta-layouts":"set","ast-page-background-enabled":"default","ast-page-background-meta":{"desktop":{"background-color":"var(--ast-global-color-4)","background-image":"","background-repeat":"repeat","background-position":"center center","background-size":"auto","background-attachment":"scroll","background-type":"","background-media":"","overlay-type":"","overlay-color":"","overlay-opacity":"","overlay-gradient":""},"tablet":{"background-color":"","background-image":"","background-repeat":"repeat","background-position":"center center","background-size":"auto","background-attachment":"scroll","background-type":"","background-media":"","overlay-type":"","overlay-color":"","overlay-opacity":"","overlay-gradient":""},"mobile":{"background-color":"","background-image":"","background-repeat":"repeat","background-position":"center center","background-size":"auto","background-attachment":"scroll","background-type":"","background-media":"","overlay-type":"","overlay-color":"","overlay-opacity":"","overlay-gradient":""}},"ast-content-background-meta":{"desktop":{"background-color":"var(--ast-global-color-5)","background-image":"","background-repeat":"repeat","background-position":"center center","background-size":"auto","background-attachment":"scroll","background-type":"","background-media":"","overlay-type":"","overlay-color":"","overlay-opacity":"","overlay-gradient":""},"tablet":{"background-color":"var(--ast-global-color-5)","background-image":"","background-repeat":"repeat","background-position":"center center","background-size":"auto","background-attachment":"scroll","background-type":"","background-media":"","overlay-type":"","overlay-color":"","overlay-opacity":"","overlay-gradient":""},"mobile":{"background-color":"var(--ast-global-color-5)","background-image":"","background-repeat":"repeat","background-position":"center center","background-size":"auto","background-attachment":"scroll","background-type":"","background-media":"","overlay-type":"","overlay-color":"","overlay-opacity":"","overlay-gradient":""}}},"product_brand":[],"product_cat":[2384],"product_tag":[1278,1279,1277,1272,1275,1274,1273,1276,1271,1270,1281,1280],"class_list":{"0":"post-3051","1":"product","2":"type-product","3":"status-publish","4":"has-post-thumbnail","6":"product_cat-buy-anabolic-steroids-online","7":"product_tag-buy-lasix-in-canada","8":"product_tag-buy-lasix-in-uk","9":"product_tag-buy-lasix-in-usa","10":"product_tag-buy-lasix-with-bitcoin","11":"product_tag-buy-lasix-with-credit-card","12":"product_tag-buy-lasix-with-money-gram","13":"product_tag-buy-lasix-with-western-union","14":"product_tag-buy-lasix-without-a-doctor","15":"product_tag-buy-lasix-without-prescription","16":"product_tag-lasix-for-sale","17":"product_tag-lasix-pills","18":"product_tag-lasix-tablets","19":"desktop-align-center","20":"tablet-align-left","21":"mobile-align-left","23":"first","24":"instock","25":"shipping-taxable","26":"purchasable","27":"product-type-variable","28":"has-default-attributes"},"yoast_head":"<!-- This site is optimized with the Yoast SEO plugin v25.9 - https:\/\/yoast.com\/wordpress\/plugins\/seo\/ -->\n<title>Buy Lasix Online - Lasix for Sale | Buy-Prescriptionz<\/title>\n<meta name=\"description\" content=\"Get Lasix for sale at pocket-friendly prices from our Buy-Prescriptionz store. We will help you buy lasix online. Accept your order and deliver it to you soon!\" \/>\n<meta name=\"robots\" content=\"index, follow, max-snippet:-1, max-image-preview:large, max-video-preview:-1\" \/>\n<link rel=\"canonical\" href=\"https:\/\/buy-prescriptionz.com\/es\/producto\/comprar-lasix-en-linea\/\" \/>\n<meta property=\"og:locale\" content=\"es_ES\" \/>\n<meta property=\"og:type\" content=\"article\" \/>\n<meta property=\"og:title\" content=\"Buy Lasix Online - Lasix for Sale | Buy-Prescriptionz\" \/>\n<meta property=\"og:description\" content=\"Get Lasix for sale at pocket-friendly prices from our Buy-Prescriptionz store. We will help you buy lasix online. Accept your order and deliver it to you soon!\" \/>\n<meta property=\"og:url\" content=\"https:\/\/buy-prescriptionz.com\/es\/producto\/comprar-lasix-en-linea\/\" \/>\n<meta property=\"og:site_name\" content=\"Buy Prescriptionz\" \/>\n<meta property=\"article:modified_time\" content=\"2025-09-22T05:26:12+00:00\" \/>\n<meta property=\"og:image\" content=\"https:\/\/buy-prescriptionz.com\/wp-content\/uploads\/2025\/09\/lasix.jpg\" \/>\n\t<meta property=\"og:image:width\" content=\"400\" \/>\n\t<meta property=\"og:image:height\" content=\"300\" \/>\n\t<meta property=\"og:image:type\" content=\"image\/jpeg\" \/>\n<meta name=\"twitter:card\" content=\"summary_large_image\" \/>\n<meta name=\"twitter:label1\" content=\"Tiempo de lectura\" \/>\n\t<meta name=\"twitter:data1\" content=\"4 minutos\" \/>\n<script type=\"application\/ld+json\" class=\"yoast-schema-graph\">{\"@context\":\"https:\/\/schema.org\",\"@graph\":[{\"@type\":\"WebPage\",\"@id\":\"https:\/\/buy-prescriptionz.com\/product\/buy-lasix-online\/\",\"url\":\"https:\/\/buy-prescriptionz.com\/product\/buy-lasix-online\/\",\"name\":\"Buy Lasix Online - Lasix for Sale | Buy-Prescriptionz\",\"isPartOf\":{\"@id\":\"https:\/\/buy-prescriptionz.com\/#website\"},\"primaryImageOfPage\":{\"@id\":\"https:\/\/buy-prescriptionz.com\/product\/buy-lasix-online\/#primaryimage\"},\"image\":{\"@id\":\"https:\/\/buy-prescriptionz.com\/product\/buy-lasix-online\/#primaryimage\"},\"thumbnailUrl\":\"https:\/\/buy-prescriptionz.com\/wp-content\/uploads\/2025\/09\/lasix.jpg\",\"datePublished\":\"2025-09-16T08:56:09+00:00\",\"dateModified\":\"2025-09-22T05:26:12+00:00\",\"description\":\"Get Lasix for sale at pocket-friendly prices from our Buy-Prescriptionz store. We will help you buy lasix online. Accept your order and deliver it to you soon!\",\"breadcrumb\":{\"@id\":\"https:\/\/buy-prescriptionz.com\/product\/buy-lasix-online\/#breadcrumb\"},\"inLanguage\":\"es\",\"potentialAction\":[{\"@type\":\"ReadAction\",\"target\":[\"https:\/\/buy-prescriptionz.com\/product\/buy-lasix-online\/\"]}]},{\"@type\":\"ImageObject\",\"inLanguage\":\"es\",\"@id\":\"https:\/\/buy-prescriptionz.com\/product\/buy-lasix-online\/#primaryimage\",\"url\":\"https:\/\/buy-prescriptionz.com\/wp-content\/uploads\/2025\/09\/lasix.jpg\",\"contentUrl\":\"https:\/\/buy-prescriptionz.com\/wp-content\/uploads\/2025\/09\/lasix.jpg\",\"width\":400,\"height\":300},{\"@type\":\"BreadcrumbList\",\"@id\":\"https:\/\/buy-prescriptionz.com\/product\/buy-lasix-online\/#breadcrumb\",\"itemListElement\":[{\"@type\":\"ListItem\",\"position\":1,\"name\":\"Home\",\"item\":\"https:\/\/buy-prescriptionz.com\/\"},{\"@type\":\"ListItem\",\"position\":2,\"name\":\"Shop Painkillers Online\",\"item\":\"https:\/\/buy-prescriptionz.com\/shop-painkillers-online\/\"},{\"@type\":\"ListItem\",\"position\":3,\"name\":\"Buy Lasix Online\"}]},{\"@type\":\"WebSite\",\"@id\":\"https:\/\/buy-prescriptionz.com\/#website\",\"url\":\"https:\/\/buy-prescriptionz.com\/\",\"name\":\"Buy Prescriptionz\",\"description\":\"Drugs Online\",\"publisher\":{\"@id\":\"https:\/\/buy-prescriptionz.com\/#organization\"},\"potentialAction\":[{\"@type\":\"SearchAction\",\"target\":{\"@type\":\"EntryPoint\",\"urlTemplate\":\"https:\/\/buy-prescriptionz.com\/?s={search_term_string}\"},\"query-input\":{\"@type\":\"PropertyValueSpecification\",\"valueRequired\":true,\"valueName\":\"search_term_string\"}}],\"inLanguage\":\"es\"},{\"@type\":\"Organization\",\"@id\":\"https:\/\/buy-prescriptionz.com\/#organization\",\"name\":\"Buy Prescriptionz\",\"url\":\"https:\/\/buy-prescriptionz.com\/\",\"logo\":{\"@type\":\"ImageObject\",\"inLanguage\":\"es\",\"@id\":\"https:\/\/buy-prescriptionz.com\/#\/schema\/logo\/image\/\",\"url\":\"https:\/\/buy-prescriptionz.com\/wp-content\/uploads\/2023\/09\/logo.png\",\"contentUrl\":\"https:\/\/buy-prescriptionz.com\/wp-content\/uploads\/2023\/09\/logo.png\",\"width\":350,\"height\":64,\"caption\":\"Buy Prescriptionz\"},\"image\":{\"@id\":\"https:\/\/buy-prescriptionz.com\/#\/schema\/logo\/image\/\"}}]}<\/script>\n<!-- \/ Yoast SEO plugin. -->","yoast_head_json":{"title":"Comprar Lasix en l\u00ednea - Lasix a la venta | Buy-Prescriptionz","description":"Consigue Lasix a precios accesibles en nuestra tienda Buy-Prescriptionz. Te ayudamos a comprar Lasix en l\u00ednea. \u00a1Acepta tu pedido y te lo enviamos pronto!","robots":{"index":"index","follow":"follow","max-snippet":"max-snippet:-1","max-image-preview":"max-image-preview:large","max-video-preview":"max-video-preview:-1"},"canonical":"https:\/\/buy-prescriptionz.com\/es\/producto\/comprar-lasix-en-linea\/","og_locale":"es_ES","og_type":"article","og_title":"Buy Lasix Online - Lasix for Sale | Buy-Prescriptionz","og_description":"Get Lasix for sale at pocket-friendly prices from our Buy-Prescriptionz store. We will help you buy lasix online. Accept your order and deliver it to you soon!","og_url":"https:\/\/buy-prescriptionz.com\/es\/producto\/comprar-lasix-en-linea\/","og_site_name":"Buy Prescriptionz","article_modified_time":"2025-09-22T05:26:12+00:00","og_image":[{"width":400,"height":300,"url":"https:\/\/buy-prescriptionz.com\/wp-content\/uploads\/2025\/09\/lasix.jpg","type":"image\/jpeg"}],"twitter_card":"summary_large_image","twitter_misc":{"Tiempo de lectura":"4 minutos"},"schema":{"@context":"https:\/\/schema.org","@graph":[{"@type":"WebPage","@id":"https:\/\/buy-prescriptionz.com\/product\/buy-lasix-online\/","url":"https:\/\/buy-prescriptionz.com\/product\/buy-lasix-online\/","name":"Comprar Lasix en l\u00ednea - Lasix a la venta | Buy-Prescriptionz","isPartOf":{"@id":"https:\/\/buy-prescriptionz.com\/#website"},"primaryImageOfPage":{"@id":"https:\/\/buy-prescriptionz.com\/product\/buy-lasix-online\/#primaryimage"},"image":{"@id":"https:\/\/buy-prescriptionz.com\/product\/buy-lasix-online\/#primaryimage"},"thumbnailUrl":"https:\/\/buy-prescriptionz.com\/wp-content\/uploads\/2025\/09\/lasix.jpg","datePublished":"2025-09-16T08:56:09+00:00","dateModified":"2025-09-22T05:26:12+00:00","description":"Consigue Lasix a precios accesibles en nuestra tienda Buy-Prescriptionz. Te ayudamos a comprar Lasix en l\u00ednea. \u00a1Acepta tu pedido y te lo enviamos pronto!","breadcrumb":{"@id":"https:\/\/buy-prescriptionz.com\/product\/buy-lasix-online\/#breadcrumb"},"inLanguage":"es","potentialAction":[{"@type":"ReadAction","target":["https:\/\/buy-prescriptionz.com\/product\/buy-lasix-online\/"]}]},{"@type":"ImageObject","inLanguage":"es","@id":"https:\/\/buy-prescriptionz.com\/product\/buy-lasix-online\/#primaryimage","url":"https:\/\/buy-prescriptionz.com\/wp-content\/uploads\/2025\/09\/lasix.jpg","contentUrl":"https:\/\/buy-prescriptionz.com\/wp-content\/uploads\/2025\/09\/lasix.jpg","width":400,"height":300},{"@type":"BreadcrumbList","@id":"https:\/\/buy-prescriptionz.com\/product\/buy-lasix-online\/#breadcrumb","itemListElement":[{"@type":"ListItem","position":1,"name":"Home","item":"https:\/\/buy-prescriptionz.com\/"},{"@type":"ListItem","position":2,"name":"Shop Painkillers Online","item":"https:\/\/buy-prescriptionz.com\/shop-painkillers-online\/"},{"@type":"ListItem","position":3,"name":"Buy Lasix Online"}]},{"@type":"WebSite","@id":"https:\/\/buy-prescriptionz.com\/#website","url":"https:\/\/buy-prescriptionz.com\/","name":"Buy Prescriptionz","description":"Medicamentos en l\u00ednea","publisher":{"@id":"https:\/\/buy-prescriptionz.com\/#organization"},"potentialAction":[{"@type":"SearchAction","target":{"@type":"EntryPoint","urlTemplate":"https:\/\/buy-prescriptionz.com\/?s={search_term_string}"},"query-input":{"@type":"PropertyValueSpecification","valueRequired":true,"valueName":"search_term_string"}}],"inLanguage":"es"},{"@type":"Organization","@id":"https:\/\/buy-prescriptionz.com\/#organization","name":"Buy Prescriptionz","url":"https:\/\/buy-prescriptionz.com\/","logo":{"@type":"ImageObject","inLanguage":"es","@id":"https:\/\/buy-prescriptionz.com\/#\/schema\/logo\/image\/","url":"https:\/\/buy-prescriptionz.com\/wp-content\/uploads\/2023\/09\/logo.png","contentUrl":"https:\/\/buy-prescriptionz.com\/wp-content\/uploads\/2023\/09\/logo.png","width":350,"height":64,"caption":"Buy Prescriptionz"},"image":{"@id":"https:\/\/buy-prescriptionz.com\/#\/schema\/logo\/image\/"}}]}},"_links":{"self":[{"href":"https:\/\/buy-prescriptionz.com\/es\/wp-json\/wp\/v2\/product\/3051","targetHints":{"allow":["GET"]}}],"collection":[{"href":"https:\/\/buy-prescriptionz.com\/es\/wp-json\/wp\/v2\/product"}],"about":[{"href":"https:\/\/buy-prescriptionz.com\/es\/wp-json\/wp\/v2\/types\/product"}],"replies":[{"embeddable":true,"href":"https:\/\/buy-prescriptionz.com\/es\/wp-json\/wp\/v2\/comments?post=3051"}],"wp:featuredmedia":[{"embeddable":true,"href":"https:\/\/buy-prescriptionz.com\/es\/wp-json\/wp\/v2\/media\/3081"}],"wp:attachment":[{"href":"https:\/\/buy-prescriptionz.com\/es\/wp-json\/wp\/v2\/media?parent=3051"}],"wp:term":[{"taxonomy":"product_brand","embeddable":true,"href":"https:\/\/buy-prescriptionz.com\/es\/wp-json\/wp\/v2\/product_brand?post=3051"},{"taxonomy":"product_cat","embeddable":true,"href":"https:\/\/buy-prescriptionz.com\/es\/wp-json\/wp\/v2\/product_cat?post=3051"},{"taxonomy":"product_tag","embeddable":true,"href":"https:\/\/buy-prescriptionz.com\/es\/wp-json\/wp\/v2\/product_tag?post=3051"}],"curies":[{"name":"wp","href":"https:\/\/api.w.org\/{rel}","templated":true}]}}