{"id":3052,"date":"2025-09-16T08:56:09","date_gmt":"2025-09-16T08:56:09","guid":{"rendered":"https:\/\/chemsfine.com\/newsite\/?post_type=product&#038;p=3052"},"modified":"2025-09-22T11:15:45","modified_gmt":"2025-09-22T11:15:45","slug":"comprar-insulina-en-linea","status":"publish","type":"product","link":"https:\/\/buy-prescriptionz.com\/es\/producto\/comprar-insulina-en-linea\/","title":{"rendered":"Comprar insulina en l\u00ednea"},"content":{"rendered":"<h1>Compre insulina en l\u00ednea de 100 mg, 150 mg y 50 mg<\/h1>\n<p>Comprar<a href=\"https:\/\/en.wikipedia.org\/wiki\/Insulin\"> Insulin<\/a> La insulina en l\u00ednea es una hormona pept\u00eddica producida por las c\u00e9lulas beta de los islotes pancre\u00e1ticos; es la hormona anab\u00f3lica fundamental del cuerpo. D\u00f3nde comprar insulina en l\u00ednea en buy-prescriptionz.com. Esta hormona dirige la digesti\u00f3n de almidones, grasas y prote\u00ednas, facilitando la absorci\u00f3n de az\u00facares y glucosa de la sangre hacia las c\u00e9lulas hep\u00e1ticas, adiposas y musculares.<\/p>\n<p>La insulina es una hormona vital para regular los niveles de az\u00facar en sangre, esencial para el control de la diabetes. Ayuda al cuerpo a utilizar la glucosa eficazmente, previniendo complicaciones por niveles altos o bajos de az\u00facar en sangre. Para comprar insulina de forma c\u00f3moda y fiable, visite la mejor farmacia Buy-prescriptionz.com. Ofrecen una amplia selecci\u00f3n de insulinas, lo que le garantiza obtener el medicamento que necesita de forma r\u00e1pida y segura.<\/p>\n<h2>Compre insulina en l\u00ednea en buy-prescriptionz.com para EE. UU. y pa\u00edses europeos.<\/h2>\n<p>La glucosa asimilada se transforma en gluc\u00f3geno mediante glucog\u00e9nesis, en grasas (triglic\u00e9ridos) mediante lipog\u00e9nesis o, en el h\u00edgado, en ambas. La glucosa circulante influye en la amalgamaci\u00f3n de prote\u00ednas en diferentes tejidos.<\/p>\n<p><a href=\"https:\/\/buy-prescriptionz.com\/es\/producto\/dormicum\/\">Insulin<\/a> A la venta en buy-prescriptionz.com para pacientes diab\u00e9ticos, ya que es una hormona anab\u00f3lica que favorece la liberaci\u00f3n y la transformaci\u00f3n de part\u00edculas en la sangre. Los niveles bajos de insulina en sangre tienen el efecto contrario, acelerando el catabolismo de gran alcance, en particular la relaci\u00f3n m\u00fasculo-grasa. Es f\u00e1cil saber d\u00f3nde comprar insulina en l\u00ednea, ya que en prescriptionz.com puede adquirir la calidad que desee en cualquier momento y lugar. Dormicum Online<\/p>\n<h3>Beneficios<\/h3>\n<ul>\n<li>Comodidad: Puede pedir f\u00e1cilmente la mejor insulina desde la comodidad de su hogar sin necesidad de ir a la farmacia. Esto es especialmente beneficioso para quienes tienen problemas de movilidad o agendas apretadas.<\/li>\n<li>Ahorro: Las farmacias en l\u00ednea suelen ofrecer precios m\u00e1s competitivos que las farmacias locales. Tambi\u00e9n puedes encontrar descuentos y opciones de compra al por mayor.<\/li>\n<li>Privacidad: Comprar insulina en l\u00ednea permite un proceso discreto, lo que puede ser importante para quienes prefieren mantener privadas sus condiciones m\u00e9dicas.<\/li>\n<\/ul>\n<h3>Uses<\/h3>\n<ul>\n<li>Regular el az\u00facar en sangre: la insulina es esencial para controlar la diabetes tipo 1 y tipo 2, ayudando a mantener niveles normales de glucosa en sangre.<\/li>\n<li>Controlar la hiperglucemia: al reducir los niveles de az\u00facar en sangre, la insulina previene las complicaciones asociadas con el alto nivel de az\u00facar en sangre, como da\u00f1o a los nervios y problemas cardiovasculares.<\/li>\n<li>Apoya el metabolismo: la insulina ayuda al cuerpo a utilizar la glucosa de manera eficaz, lo cual es crucial para la producci\u00f3n de energ\u00eda y la funci\u00f3n metab\u00f3lica general.<\/li>\n<\/ul>\n<h3>Efectos secundarios<\/h3>\n<ul>\n<li>Hipoglucemia: el bajo nivel de az\u00facar en sangre es un efecto secundario com\u00fan de la insulina, que se caracteriza por s\u00edntomas como mareos, sudoraci\u00f3n y confusi\u00f3n.<\/li>\n<li>Aumento de peso: El uso prolongado de insulina puede provocar aumento de peso, ya que promueve el almacenamiento de glucosa como grasa.<\/li>\n<li>Reacciones al\u00e9rgicas: Algunos pacientes pueden experimentar reacciones al\u00e9rgicas, que incluyen sarpullido, picaz\u00f3n o dificultad para respirar.<\/li>\n<li>Problemas en el lugar de la inyecci\u00f3n: Las inyecciones repetidas de insulina pueden causar problemas localizados como enrojecimiento, hinchaz\u00f3n o lipodistrofia (distribuci\u00f3n anormal de la grasa).<\/li>\n<\/ul>\n<h3>\u00a0Insulina sin receta y servicio de env\u00edo r\u00e1pido y seguro<\/h3>\n<p>Descubra c\u00f3mo comprar insulina en l\u00ednea en prescriptionz.com, ya que las c\u00e9lulas beta son sensibles a la producci\u00f3n de glucosa. Si el nivel de glucosa es alto, las c\u00e9lulas beta liberan insulina en la sangre; si es bajo, se inhibe su liberaci\u00f3n. El glucag\u00f3n, que se libera en el h\u00edgado mediante glucogen\u00f3lisis y gluconeog\u00e9nesis, tiene el efecto contrario a la insulina. Puede comprar insulina en l\u00ednea y a un precio econ\u00f3mico.<\/p>\n<p>Obtenga insulina sin un m\u00e9dico como las insulinas de acci\u00f3n r\u00e1pida que no requieren la infusi\u00f3n para un fest\u00edn provisional prescrito para la insulina humana y las insulinas animales. La insulina de acci\u00f3n prolongada; la primera de estas fue Lantus (insulina glargina). Ordene este producto que tiene un impacto constante durante un per\u00edodo completo de 18 a 24 horas. Otra insulina de liberaci\u00f3n prolongada es Levemir que depende de un enfoque de acilaci\u00f3n de grasas insaturadas. Adem\u00e1s, compre insulina con un empaque discreto en buy-prescriptionz.com con un servicio de entrega r\u00e1pido y seguro en Estados Unidos y en estados europeos seleccionados para usar.<\/p>","protected":false},"excerpt":{"rendered":"<p>Buy Insulin Online of 100 mg, 150 mg, and 50 mg Buy Insulin Online is a peptide hormone produced by beta cells of the pancreatic islets; it is the fundamental anabolic hormone of the body. Where to Buy Insulin online at buy-prescriptionz.com that directs the digestion of starches, fats, and protein by helping the ingestion [&hellip;]<\/p>","protected":false},"featured_media":3082,"comment_status":"open","ping_status":"closed","template":"","meta":{"site-sidebar-layout":"default","site-content-layout":"","ast-site-content-layout":"default","site-content-style":"default","site-sidebar-style":"default","ast-global-header-display":"","ast-banner-title-visibility":"","ast-main-header-display":"","ast-hfb-above-header-display":"","ast-hfb-below-header-display":"","ast-hfb-mobile-header-display":"","site-post-title":"","ast-breadcrumbs-content":"","ast-featured-img":"","footer-sml-layout":"","theme-transparent-header-meta":"default","adv-header-id-meta":"","stick-header-meta":"","header-above-stick-meta":"","header-main-stick-meta":"","header-below-stick-meta":"","astra-migrate-meta-layouts":"set","ast-page-background-enabled":"default","ast-page-background-meta":{"desktop":{"background-color":"var(--ast-global-color-4)","background-image":"","background-repeat":"repeat","background-position":"center center","background-size":"auto","background-attachment":"scroll","background-type":"","background-media":"","overlay-type":"","overlay-color":"","overlay-opacity":"","overlay-gradient":""},"tablet":{"background-color":"","background-image":"","background-repeat":"repeat","background-position":"center center","background-size":"auto","background-attachment":"scroll","background-type":"","background-media":"","overlay-type":"","overlay-color":"","overlay-opacity":"","overlay-gradient":""},"mobile":{"background-color":"","background-image":"","background-repeat":"repeat","background-position":"center center","background-size":"auto","background-attachment":"scroll","background-type":"","background-media":"","overlay-type":"","overlay-color":"","overlay-opacity":"","overlay-gradient":""}},"ast-content-background-meta":{"desktop":{"background-color":"var(--ast-global-color-5)","background-image":"","background-repeat":"repeat","background-position":"center center","background-size":"auto","background-attachment":"scroll","background-type":"","background-media":"","overlay-type":"","overlay-color":"","overlay-opacity":"","overlay-gradient":""},"tablet":{"background-color":"var(--ast-global-color-5)","background-image":"","background-repeat":"repeat","background-position":"center center","background-size":"auto","background-attachment":"scroll","background-type":"","background-media":"","overlay-type":"","overlay-color":"","overlay-opacity":"","overlay-gradient":""},"mobile":{"background-color":"var(--ast-global-color-5)","background-image":"","background-repeat":"repeat","background-position":"center center","background-size":"auto","background-attachment":"scroll","background-type":"","background-media":"","overlay-type":"","overlay-color":"","overlay-opacity":"","overlay-gradient":""}}},"product_brand":[],"product_cat":[2384],"product_tag":[],"class_list":{"0":"post-3052","1":"product","2":"type-product","3":"status-publish","4":"has-post-thumbnail","6":"product_cat-buy-anabolic-steroids-online","7":"desktop-align-center","8":"tablet-align-left","9":"mobile-align-left","11":"first","12":"instock","13":"shipping-taxable","14":"purchasable","15":"product-type-variable","16":"has-default-attributes"},"yoast_head":"<!-- This site is optimized with the Yoast SEO plugin v25.9 - https:\/\/yoast.com\/wordpress\/plugins\/seo\/ -->\n<title>Buy Insulin Online - buy insulin online from walmart,insulin for sale online<\/title>\n<meta name=\"description\" content=\"Buy Insulin Online.where to buy insulin cheap,Buy Lantus insulin online works by controlling blood over the counter insulin walmart\" \/>\n<meta name=\"robots\" content=\"index, follow, max-snippet:-1, max-image-preview:large, max-video-preview:-1\" \/>\n<link rel=\"canonical\" href=\"https:\/\/buy-prescriptionz.com\/es\/producto\/comprar-insulina-en-linea\/\" \/>\n<meta property=\"og:locale\" content=\"es_ES\" \/>\n<meta property=\"og:type\" content=\"article\" \/>\n<meta property=\"og:title\" content=\"Buy Insulin Online - buy insulin online from walmart,insulin for sale online\" \/>\n<meta property=\"og:description\" content=\"Buy Insulin Online.where to buy insulin cheap,Buy Lantus insulin online works by controlling blood over the counter insulin walmart\" \/>\n<meta property=\"og:url\" content=\"https:\/\/buy-prescriptionz.com\/es\/producto\/comprar-insulina-en-linea\/\" \/>\n<meta property=\"og:site_name\" content=\"Buy Prescriptionz\" \/>\n<meta property=\"article:modified_time\" content=\"2025-09-22T11:15:45+00:00\" \/>\n<meta property=\"og:image\" content=\"https:\/\/buy-prescriptionz.com\/wp-content\/uploads\/2025\/09\/insulin.jpg\" \/>\n\t<meta property=\"og:image:width\" content=\"400\" \/>\n\t<meta property=\"og:image:height\" content=\"300\" \/>\n\t<meta property=\"og:image:type\" content=\"image\/jpeg\" \/>\n<meta name=\"twitter:card\" content=\"summary_large_image\" \/>\n<meta name=\"twitter:label1\" content=\"Tiempo de lectura\" \/>\n\t<meta name=\"twitter:data1\" content=\"4 minutos\" \/>\n<script type=\"application\/ld+json\" class=\"yoast-schema-graph\">{\"@context\":\"https:\/\/schema.org\",\"@graph\":[{\"@type\":\"WebPage\",\"@id\":\"https:\/\/buy-prescriptionz.com\/product\/buy-insulin-online\/\",\"url\":\"https:\/\/buy-prescriptionz.com\/product\/buy-insulin-online\/\",\"name\":\"Buy Insulin Online - buy insulin online from walmart,insulin for sale online\",\"isPartOf\":{\"@id\":\"https:\/\/buy-prescriptionz.com\/#website\"},\"primaryImageOfPage\":{\"@id\":\"https:\/\/buy-prescriptionz.com\/product\/buy-insulin-online\/#primaryimage\"},\"image\":{\"@id\":\"https:\/\/buy-prescriptionz.com\/product\/buy-insulin-online\/#primaryimage\"},\"thumbnailUrl\":\"https:\/\/buy-prescriptionz.com\/wp-content\/uploads\/2025\/09\/insulin.jpg\",\"datePublished\":\"2025-09-16T08:56:09+00:00\",\"dateModified\":\"2025-09-22T11:15:45+00:00\",\"description\":\"Buy Insulin Online.where to buy insulin cheap,Buy Lantus insulin online works by controlling blood over the counter insulin walmart\",\"breadcrumb\":{\"@id\":\"https:\/\/buy-prescriptionz.com\/product\/buy-insulin-online\/#breadcrumb\"},\"inLanguage\":\"es\",\"potentialAction\":[{\"@type\":\"ReadAction\",\"target\":[\"https:\/\/buy-prescriptionz.com\/product\/buy-insulin-online\/\"]}]},{\"@type\":\"ImageObject\",\"inLanguage\":\"es\",\"@id\":\"https:\/\/buy-prescriptionz.com\/product\/buy-insulin-online\/#primaryimage\",\"url\":\"https:\/\/buy-prescriptionz.com\/wp-content\/uploads\/2025\/09\/insulin.jpg\",\"contentUrl\":\"https:\/\/buy-prescriptionz.com\/wp-content\/uploads\/2025\/09\/insulin.jpg\",\"width\":400,\"height\":300},{\"@type\":\"BreadcrumbList\",\"@id\":\"https:\/\/buy-prescriptionz.com\/product\/buy-insulin-online\/#breadcrumb\",\"itemListElement\":[{\"@type\":\"ListItem\",\"position\":1,\"name\":\"Home\",\"item\":\"https:\/\/buy-prescriptionz.com\/\"},{\"@type\":\"ListItem\",\"position\":2,\"name\":\"Shop Painkillers Online\",\"item\":\"https:\/\/buy-prescriptionz.com\/shop-painkillers-online\/\"},{\"@type\":\"ListItem\",\"position\":3,\"name\":\"Buy Insulin Online\"}]},{\"@type\":\"WebSite\",\"@id\":\"https:\/\/buy-prescriptionz.com\/#website\",\"url\":\"https:\/\/buy-prescriptionz.com\/\",\"name\":\"Buy Prescriptionz\",\"description\":\"Drugs Online\",\"publisher\":{\"@id\":\"https:\/\/buy-prescriptionz.com\/#organization\"},\"potentialAction\":[{\"@type\":\"SearchAction\",\"target\":{\"@type\":\"EntryPoint\",\"urlTemplate\":\"https:\/\/buy-prescriptionz.com\/?s={search_term_string}\"},\"query-input\":{\"@type\":\"PropertyValueSpecification\",\"valueRequired\":true,\"valueName\":\"search_term_string\"}}],\"inLanguage\":\"es\"},{\"@type\":\"Organization\",\"@id\":\"https:\/\/buy-prescriptionz.com\/#organization\",\"name\":\"Buy Prescriptionz\",\"url\":\"https:\/\/buy-prescriptionz.com\/\",\"logo\":{\"@type\":\"ImageObject\",\"inLanguage\":\"es\",\"@id\":\"https:\/\/buy-prescriptionz.com\/#\/schema\/logo\/image\/\",\"url\":\"https:\/\/buy-prescriptionz.com\/wp-content\/uploads\/2023\/09\/logo.png\",\"contentUrl\":\"https:\/\/buy-prescriptionz.com\/wp-content\/uploads\/2023\/09\/logo.png\",\"width\":350,\"height\":64,\"caption\":\"Buy Prescriptionz\"},\"image\":{\"@id\":\"https:\/\/buy-prescriptionz.com\/#\/schema\/logo\/image\/\"}}]}<\/script>\n<!-- \/ Yoast SEO plugin. -->","yoast_head_json":{"title":"Comprar insulina en l\u00ednea: comprar insulina en l\u00ednea en Walmart, insulina a la venta en l\u00ednea","description":"Comprar insulina en l\u00ednea. \u00bfD\u00f3nde comprar insulina barata? Comprar insulina Lantus en l\u00ednea funciona controlando la presi\u00f3n arterial. Insulina de venta libre en Walmart.","robots":{"index":"index","follow":"follow","max-snippet":"max-snippet:-1","max-image-preview":"max-image-preview:large","max-video-preview":"max-video-preview:-1"},"canonical":"https:\/\/buy-prescriptionz.com\/es\/producto\/comprar-insulina-en-linea\/","og_locale":"es_ES","og_type":"article","og_title":"Buy Insulin Online - buy insulin online from walmart,insulin for sale online","og_description":"Buy Insulin Online.where to buy insulin cheap,Buy Lantus insulin online works by controlling blood over the counter insulin walmart","og_url":"https:\/\/buy-prescriptionz.com\/es\/producto\/comprar-insulina-en-linea\/","og_site_name":"Buy Prescriptionz","article_modified_time":"2025-09-22T11:15:45+00:00","og_image":[{"width":400,"height":300,"url":"https:\/\/buy-prescriptionz.com\/wp-content\/uploads\/2025\/09\/insulin.jpg","type":"image\/jpeg"}],"twitter_card":"summary_large_image","twitter_misc":{"Tiempo de lectura":"4 minutos"},"schema":{"@context":"https:\/\/schema.org","@graph":[{"@type":"WebPage","@id":"https:\/\/buy-prescriptionz.com\/product\/buy-insulin-online\/","url":"https:\/\/buy-prescriptionz.com\/product\/buy-insulin-online\/","name":"Comprar insulina en l\u00ednea: comprar insulina en l\u00ednea en Walmart, insulina a la venta en l\u00ednea","isPartOf":{"@id":"https:\/\/buy-prescriptionz.com\/#website"},"primaryImageOfPage":{"@id":"https:\/\/buy-prescriptionz.com\/product\/buy-insulin-online\/#primaryimage"},"image":{"@id":"https:\/\/buy-prescriptionz.com\/product\/buy-insulin-online\/#primaryimage"},"thumbnailUrl":"https:\/\/buy-prescriptionz.com\/wp-content\/uploads\/2025\/09\/insulin.jpg","datePublished":"2025-09-16T08:56:09+00:00","dateModified":"2025-09-22T11:15:45+00:00","description":"Comprar insulina en l\u00ednea. \u00bfD\u00f3nde comprar insulina barata? Comprar insulina Lantus en l\u00ednea funciona controlando la presi\u00f3n arterial. Insulina de venta libre en Walmart.","breadcrumb":{"@id":"https:\/\/buy-prescriptionz.com\/product\/buy-insulin-online\/#breadcrumb"},"inLanguage":"es","potentialAction":[{"@type":"ReadAction","target":["https:\/\/buy-prescriptionz.com\/product\/buy-insulin-online\/"]}]},{"@type":"ImageObject","inLanguage":"es","@id":"https:\/\/buy-prescriptionz.com\/product\/buy-insulin-online\/#primaryimage","url":"https:\/\/buy-prescriptionz.com\/wp-content\/uploads\/2025\/09\/insulin.jpg","contentUrl":"https:\/\/buy-prescriptionz.com\/wp-content\/uploads\/2025\/09\/insulin.jpg","width":400,"height":300},{"@type":"BreadcrumbList","@id":"https:\/\/buy-prescriptionz.com\/product\/buy-insulin-online\/#breadcrumb","itemListElement":[{"@type":"ListItem","position":1,"name":"Home","item":"https:\/\/buy-prescriptionz.com\/"},{"@type":"ListItem","position":2,"name":"Shop Painkillers Online","item":"https:\/\/buy-prescriptionz.com\/shop-painkillers-online\/"},{"@type":"ListItem","position":3,"name":"Buy Insulin Online"}]},{"@type":"WebSite","@id":"https:\/\/buy-prescriptionz.com\/#website","url":"https:\/\/buy-prescriptionz.com\/","name":"Buy Prescriptionz","description":"Medicamentos en l\u00ednea","publisher":{"@id":"https:\/\/buy-prescriptionz.com\/#organization"},"potentialAction":[{"@type":"SearchAction","target":{"@type":"EntryPoint","urlTemplate":"https:\/\/buy-prescriptionz.com\/?s={search_term_string}"},"query-input":{"@type":"PropertyValueSpecification","valueRequired":true,"valueName":"search_term_string"}}],"inLanguage":"es"},{"@type":"Organization","@id":"https:\/\/buy-prescriptionz.com\/#organization","name":"Buy Prescriptionz","url":"https:\/\/buy-prescriptionz.com\/","logo":{"@type":"ImageObject","inLanguage":"es","@id":"https:\/\/buy-prescriptionz.com\/#\/schema\/logo\/image\/","url":"https:\/\/buy-prescriptionz.com\/wp-content\/uploads\/2023\/09\/logo.png","contentUrl":"https:\/\/buy-prescriptionz.com\/wp-content\/uploads\/2023\/09\/logo.png","width":350,"height":64,"caption":"Buy Prescriptionz"},"image":{"@id":"https:\/\/buy-prescriptionz.com\/#\/schema\/logo\/image\/"}}]}},"_links":{"self":[{"href":"https:\/\/buy-prescriptionz.com\/es\/wp-json\/wp\/v2\/product\/3052","targetHints":{"allow":["GET"]}}],"collection":[{"href":"https:\/\/buy-prescriptionz.com\/es\/wp-json\/wp\/v2\/product"}],"about":[{"href":"https:\/\/buy-prescriptionz.com\/es\/wp-json\/wp\/v2\/types\/product"}],"replies":[{"embeddable":true,"href":"https:\/\/buy-prescriptionz.com\/es\/wp-json\/wp\/v2\/comments?post=3052"}],"wp:featuredmedia":[{"embeddable":true,"href":"https:\/\/buy-prescriptionz.com\/es\/wp-json\/wp\/v2\/media\/3082"}],"wp:attachment":[{"href":"https:\/\/buy-prescriptionz.com\/es\/wp-json\/wp\/v2\/media?parent=3052"}],"wp:term":[{"taxonomy":"product_brand","embeddable":true,"href":"https:\/\/buy-prescriptionz.com\/es\/wp-json\/wp\/v2\/product_brand?post=3052"},{"taxonomy":"product_cat","embeddable":true,"href":"https:\/\/buy-prescriptionz.com\/es\/wp-json\/wp\/v2\/product_cat?post=3052"},{"taxonomy":"product_tag","embeddable":true,"href":"https:\/\/buy-prescriptionz.com\/es\/wp-json\/wp\/v2\/product_tag?post=3052"}],"curies":[{"name":"wp","href":"https:\/\/api.w.org\/{rel}","templated":true}]}}