{"id":3053,"date":"2025-09-16T08:56:09","date_gmt":"2025-09-16T08:56:09","guid":{"rendered":"https:\/\/chemsfine.com\/newsite\/?post_type=product&#038;p=3053"},"modified":"2025-09-26T17:48:15","modified_gmt":"2025-09-26T17:48:15","slug":"comprar-vicoprofeno-en-linea","status":"publish","type":"product","link":"https:\/\/buy-prescriptionz.com\/es\/producto\/comprar-vicoprofeno-en-linea\/","title":{"rendered":"Comprar Vicoprofeno en l\u00ednea"},"content":{"rendered":"<h2>Comprar Vicoprofeno en l\u00ednea<\/h2>\n<h3>Comprar Vicoprofen Online,\u00bfQu\u00e9 son la hidrocodona y el ibuprofeno, y c\u00f3mo puede funcionar (sistema de actividad)?<\/h3>\n<p>Comprar Vicoprofen en l\u00ednea, es una mezcla de un narc\u00f3tico para aliviar el dolor (bitartrato de hidrocodona, un alivio de la agon\u00eda identificados con los opi\u00e1ceos) y un medicamento no esteroideos de mitigaci\u00f3n (ibuprofeno). Los dos medicamentos son potentes para la agon\u00eda el tablero. Se ha evaluado que un comprimido de Vicoprofen es tan convincente como dos comprimidos de Tylenol #3 (acetaminof\u00e9n 300 mg adem\u00e1s de code\u00edna 30 mg). El vicoprofeno fue aprobado por la FDA en 1997.<\/p>\n<p>El vicoprofeno se usa para el dolor moderado a intenso cuando se necesitan medicamentos m\u00e1s fuertes. Contiene hidrocodona, un analg\u00e9sico opioide m\u00e1s potente, e ibuprofeno, un analg\u00e9sico de venta libre. Est\u00e1 dise\u00f1ado para aliviar el dolor intenso. Sin embargo, la concentraci\u00f3n de opioides del vicoprofeno debe usarse con precauci\u00f3n y bajo supervisi\u00f3n m\u00e9dica para evitar la dependencia y los efectos secundarios. Consulte siempre con su m\u00e9dico para confirmar que sea adecuado para el manejo de su dolor. Compre solo en la mejor farmacia: Buy-prescriptionz.com.<\/p>\n<p><strong>\u00bfQu\u00e9 marcas son accesibles para la hidrocodona y el ibuprofeno?<\/strong><\/p>\n<p>Vicoprofeno, Reprexain, Xylon<\/p>\n<p><strong>\u00bfSon accesibles la hidrocodona y el ibuprofeno como medicamentos no exclusivos?<\/strong><\/p>\n<p>Convencional DISPONIBLE: S\u00ed<\/p>\n<p><strong>\u00bfNecesito un remedio para la hidrocodona y el ibuprofeno?<\/strong><\/p>\n<p>En efecto,<\/p>\n<p><strong>\u00bfCu\u00e1les son las utilizaciones de la hidrocodona y el ibuprofeno?<\/strong><\/p>\n<p>La hidrocodona e ibuprofeno (Vicoprofen) es un analg\u00e9sico narc\u00f3tico aprobado para la administraci\u00f3n de la agon\u00eda moderada a extrema, utilizado de forma transitoria.<\/p>\n<h3>Comprar vicoprofeno online. <strong>\u00bfCu\u00e1les son los s\u00edntomas de la hidrocodona y el ibuprofeno?<\/strong><\/h3>\n<p><strong>Los s\u00edntomas m\u00e1s sucesivos que se experimentan con la hidrocodona son:<\/strong><\/p>\n<p>mareos,<\/p>\n<p>aturdimiento,<\/p>\n<p>sedaci\u00f3n,<\/p>\n<p>la enfermedad,<\/p>\n<p>dispepsia (reflujo \u00e1cido),<\/p>\n<p>regurgitando,<\/p>\n<p>malestar,<\/p>\n<p>ansiedad, y<\/p>\n<p>pereza (languidez).<\/p>\n<h3>Dosis de vicoprofeno<\/h3>\n<p>El mejor Vicoprofeno trata el dolor agudo. Sobre su dosis:<\/p>\n<p>Comience de forma segura: para reducir la dependencia y los efectos negativos, su m\u00e9dico le recetar\u00e1 la dosis efectiva m\u00e1s baja durante el menor tiempo posible.<\/p>\n<p>Dosis t\u00edpica: La dosis habitual para el tratamiento del dolor es de una tableta cada 4 a 6 horas. No exceda la dosis diaria recomendada por su m\u00e9dico, que generalmente es de 5 tabletas.<br \/>\nLa duraci\u00f3n importa: Se recomienda el vicoprofeno para el tratamiento del dolor agudo y suele durar 10 d\u00edas.<\/p>\n<p>Ajustes: Su dosis puede modificarse dependiendo del dolor, la respuesta al medicamento y problemas de salud.<\/p>\n<p>El Vicoprofeno, un analg\u00e9sico potente, debe usarse con precauci\u00f3n para maximizar su seguridad y eficacia. Es fundamental mantener una comunicaci\u00f3n fluida con su m\u00e9dico sobre el dolor y la respuesta al tratamiento.<\/p>\n<h3>\u00bfCu\u00e1les son los efectos secundarios del Vicoprofeno?<\/h3>\n<p>El vicoprofeno funciona bien, pero tiene efectos adversos. A continuaci\u00f3n, se presenta un resumen de lo que podr\u00eda experimentar:<\/p>\n<p>Podr\u00edas tener molestias estomacales, n\u00e1useas o estre\u00f1imiento. Para reducir el dolor de est\u00f3mago, come mientras lo tomas.<\/p>\n<p>Vicoprofen puede causar somnolencia o mareos, as\u00ed que evite conducir o utilizar maquinaria pesada hasta que sepa c\u00f3mo le afecta.<\/p>\n<p>Dolores de cabeza y mareos: Ir\u00f3nicamente, puede provocar dolores de cabeza.<\/p>\n<p>\u00bfCambios de humor o aumento de ansiedad? El medicamento podr\u00eda estar ayudando.<\/p>\n<p>Dado que contiene hidrocodona, puede generar dependencia. T\u00f3melo en serio y siga las recomendaciones de su m\u00e9dico.<\/p>\n<p>Un resumen simple. Los efectos secundarios del vicoprofeno pueden variar, as\u00ed que si est\u00e1 preocupado o se siente raro, consulte con su m\u00e9dico.<\/p>\n<p><strong>Otros s\u00edntomas importantes son la obstrucci\u00f3n y el encaje del ur\u00e9ter, que pueden provocar problemas para orinar.<\/strong><\/p>\n<p>Las reacciones m\u00e1s reconocidas del ibuprofeno incluyen el marco gastrointestinal. Puede causar ulceraciones, tormento estomacal, calambres, enfermedad, gastritis e incluso una aut\u00e9ntica muerte gastrointestinal. Algunas veces, la ulceraci\u00f3n y el drenaje del est\u00f3mago pueden ocurrir sin agon\u00eda estomacal, y las heces oscuras tard\u00edas, la deficiencia y el mareo despu\u00e9s de estar de pie pueden ser las principales indicaciones de la muerte interna. Erupci\u00f3n, debilidad renal, zumbido en los o\u00eddos (tinnitus), y los mareos pueden igualmente suceder.Buy Vicoprofen Online<\/p>\n<p>La hidrocodona puede dificultar la respiraci\u00f3n y se utiliza con precauci\u00f3n en pacientes mayores, discapacitados y en quienes han padecido \u00falceras o enfermedades pulmonares graves. La hidrocodona puede incapacitar el razonamiento y las capacidades f\u00edsicas necesarias para conducir o utilizar m\u00e1quinas. La hidrocodona puede provocar dependencia f\u00edsica y mental. Puede producirse dependencia f\u00edsica y mental, pero es imposible cuando se utiliza para el alivio temporal del dolor. \u00bfCu\u00e1les son las dosis de hidrocodona e ibuprofeno?<\/p>\n<p>La porci\u00f3n t\u00edpica de Vicoprofen es un comprimido cada 4 a 6 horas, seg\u00fan sea necesario para la agon\u00eda. El fabricante prescribe un l\u00edmite de 5 comprimidos para cada d\u00eda y un lapso moment\u00e1neo de tratamiento (menos de diez d\u00edas).<\/p>\n<h3>PREGUNTA<\/h3>\n<p><strong>La expresi\u00f3n \"mialgia\" alude a \u00bfqu\u00e9 tipo de agon\u00eda?<\/strong><\/p>\n<p>Ver respuesta<\/p>\n<p><strong>\u00bfQu\u00e9 medicamentos o mejoras se asocian con la hidrocodona y el ibuprofeno?<\/strong><\/p>\n<p>La hidrocodona, al igual que otros calmantes opi\u00e1ceos del tormento, interact\u00faa con recetas y medicamentos que moderan los procedimientos del cerebro, por ejemplo, el licor, los barbit\u00faricos, los relajantes del m\u00fasculo esquel\u00e9tico, incluyendo el carisoprodol (Soma), la ciclobenzaprina (Flexeril) y las benzodiazepinas (por ejemplo, el lorazepam [Ativan] y el clonazepam [Klonopin]).<\/p>\n<p>Los narc\u00f3ticos, por ejemplo, la hidrocodona, pueden ralentizar la motilidad intestinal. En el momento en que se unen con las prescripciones que tienen acci\u00f3n anticolin\u00e9rgica, este impacto en el intestino podr\u00eda ser complementado, lo que provoc\u00f3 la obstrucci\u00f3n estampada. Tales medicamentos incorporan diciclomina (Bentyl), algunos antihistam\u00ednicos (por ejemplo, carbinoxamina [Rondec], clemastina [Tavist], difenhidramina [Benadryl], prometazina [Phenergan]); algunas fenotiazinas (por ejemplo, tioridazina [Mellaril], triflupromazina [Stelazine]); algunos antidepresivos tric\u00edclicos (por ejemplo, amitriptilina [Elavil, Endep] amoxapina [Asendin], clomipramina [Anafranil], protriptilina [Vivactil]); clozapina (Clozaril), ciclobenzaprina (Flexeril) y disopiramida (Norpace). La utilizaci\u00f3n de antidiarreicos (por ejemplo, difenoxilato [Lomotil], loperamida [Imodium]) en personas que toman analg\u00e9sicos narc\u00f3ticos, por ejemplo, hidrocodona, puede provocar una parada grave y quiz\u00e1s una sedaci\u00f3n m\u00e1s notable.<\/p>\n<p>La cimetidina (Tagamet), cuando se utiliza con analg\u00e9sicos sedantes, por ejemplo, la hidrocodona, puede causar perplejidad, aturdimiento, convulsiones o malestar respiratorio al ampliar los grupos sangu\u00edneos del sedante.<\/p>\n<p>El ibuprofeno, que tiene propiedades anticoagulantes, se utiliza en pacientes que toman otros anticoagulantes, como la warfarina (Coumadin), con el fin de aumentar el riesgo de muerte. La utilizaci\u00f3n simult\u00e1nea de ibuprofeno y clopidogrel (Plavix) tambi\u00e9n puede provocar un mayor riesgo de muerte. Los pacientes que toman litio (Eskalith, Lithobid) pueden crear niveles letales de litio en sangre si se toma ibuprofeno simult\u00e1neamente. El ibuprofeno puede construir metotrexato (Rheumatrex, Trexall) calidad venenosa cuando se utilizan juntos.<\/p>\n<p>\u00bfEs seguro tomar hidrocodona e ibuprofeno en caso de estar embarazada o en per\u00edodo de lactancia?<\/p>\n<p>La hidrocodona y el ibuprofeno atraviesan la placenta. Sea como fuere, no hay suficientes datos pensados sobre los impactos de la hidrocodona y el ibuprofeno en la cr\u00eda. Los m\u00e9dicos pueden utilizar la hidrocodona y el ibuprofeno si las ventajas superan los posibles peligros.<\/p>\n<p>No se sabe si la hidrocodona se emite en la leche materna.<\/p>\n<p>\u00bfQu\u00e9 otra cosa me conviene pensar sobre la hidrocodona y el ibuprofeno?<\/p>\n<p>\u00bfQu\u00e9 disposiciones de hidrocodona e ibuprofeno son accesibles?<\/p>\n<p>Comprimidos: bitartrato de hidrocodona 7,5 mg e ibuprofeno 200 mg.<\/p>\n<p>\u00bfQu\u00e9 m\u00e9todo me conviene para guardar la hidrocodona y el ibuprofeno?<\/p>\n<p>Los comprimidos deben guardarse a temperatura ambiente entre 15 C - 30 C (59 F - 86 F).<\/p>\n<p>Noticias m\u00e1s recientes sobre el dolor cr\u00f3nico<\/p>\n<p>\u00bfPodr\u00eda el CBD tratar la adicci\u00f3n a los opioides?<\/p>\n<p>Menos dolor, m\u00e1s accidentes de tr\u00e1fico: La marihuana legalizada<\/p>\n<p>La hipnoterapia, \u00bfalternativa a los opioides para el dolor?<\/p>\n<p>Los investigadores descubren un actor inesperado en la fibromialgia<\/p>\n<p>1 de cada 4 trabajadores estadounidenses lucha contra el dolor de espalda<\/p>\n<p>\u00bfNecesita m\u00e1s noticias? \u00a1Siga los boletines de Buyprescriptionz!<\/p>\n<p>Noticias de salud del d\u00eda a d\u00eda<\/p>\n<p>Efectos del ejercicio para reducir el hambre<\/p>\n<p>\u00bfEs eficaz la vacuna contra la clamidia?<\/p>\n<p>Entrenamientos largos, problemas card\u00edacos<\/p>\n<p>Dentadura postiza durante la cirug\u00eda<\/p>\n<p>Causa de la muerte en el f\u00fatbol base<\/p>\n<p>XML M\u00e1s noticias de salud \"<\/p>\n<p>A la deriva en Buyprescriptionz<\/p>\n<p>Dengue<\/p>\n<p>Hepatitis A<\/p>\n<p>Virus del \u00c9bola<\/p>\n<p>S\u00edntomas y signos de los primeros meses de embarazo<\/p>\n<p>Hack<\/p>\n<p>Rundown<\/p>\n<p>Hidrocodona e ibuprofeno (Vicoprofen) es un analg\u00e9sico narc\u00f3tico aprobado para la administraci\u00f3n de tormento moderado a grave, utilizado en una premisa transitoria. Examine los s\u00edntomas, las comunicaciones sedantes, las advertencias y los seguros antes de tomar cualquier prescripci\u00f3n.<\/p>","protected":false},"excerpt":{"rendered":"<p>Buy Vicoprofen Online Buy Vicoprofen Online,What are hydrocodone and ibuprofen, and how can it work (system of activity)? Buy Vicoprofen Online, it is a mix of a narcotic pain-relieving (hydrocodone bitartrate, an agony reliever identified with opiates) and a nonsteroidal mitigating drug (ibuprofen). The two meds are powerful for agony the board. It is evaluated [&hellip;]<\/p>","protected":false},"featured_media":3083,"comment_status":"open","ping_status":"closed","template":"","meta":{"site-sidebar-layout":"default","site-content-layout":"","ast-site-content-layout":"default","site-content-style":"default","site-sidebar-style":"default","ast-global-header-display":"","ast-banner-title-visibility":"","ast-main-header-display":"","ast-hfb-above-header-display":"","ast-hfb-below-header-display":"","ast-hfb-mobile-header-display":"","site-post-title":"","ast-breadcrumbs-content":"","ast-featured-img":"","footer-sml-layout":"","theme-transparent-header-meta":"default","adv-header-id-meta":"","stick-header-meta":"","header-above-stick-meta":"","header-main-stick-meta":"","header-below-stick-meta":"","astra-migrate-meta-layouts":"set","ast-page-background-enabled":"default","ast-page-background-meta":{"desktop":{"background-color":"var(--ast-global-color-4)","background-image":"","background-repeat":"repeat","background-position":"center center","background-size":"auto","background-attachment":"scroll","background-type":"","background-media":"","overlay-type":"","overlay-color":"","overlay-opacity":"","overlay-gradient":""},"tablet":{"background-color":"","background-image":"","background-repeat":"repeat","background-position":"center center","background-size":"auto","background-attachment":"scroll","background-type":"","background-media":"","overlay-type":"","overlay-color":"","overlay-opacity":"","overlay-gradient":""},"mobile":{"background-color":"","background-image":"","background-repeat":"repeat","background-position":"center center","background-size":"auto","background-attachment":"scroll","background-type":"","background-media":"","overlay-type":"","overlay-color":"","overlay-opacity":"","overlay-gradient":""}},"ast-content-background-meta":{"desktop":{"background-color":"var(--ast-global-color-5)","background-image":"","background-repeat":"repeat","background-position":"center center","background-size":"auto","background-attachment":"scroll","background-type":"","background-media":"","overlay-type":"","overlay-color":"","overlay-opacity":"","overlay-gradient":""},"tablet":{"background-color":"var(--ast-global-color-5)","background-image":"","background-repeat":"repeat","background-position":"center center","background-size":"auto","background-attachment":"scroll","background-type":"","background-media":"","overlay-type":"","overlay-color":"","overlay-opacity":"","overlay-gradient":""},"mobile":{"background-color":"var(--ast-global-color-5)","background-image":"","background-repeat":"repeat","background-position":"center center","background-size":"auto","background-attachment":"scroll","background-type":"","background-media":"","overlay-type":"","overlay-color":"","overlay-opacity":"","overlay-gradient":""}}},"product_brand":[],"product_cat":[2385],"product_tag":[1230,1231,1229,1224,1227,1226,1225,1228,1223,1222,1233,1232],"class_list":{"0":"post-3053","1":"product","2":"type-product","3":"status-publish","4":"has-post-thumbnail","6":"product_cat-buy-pain-killer-pills-online","7":"product_tag-buy-vicoprofen-in-canada","8":"product_tag-buy-vicoprofen-in-uk","9":"product_tag-buy-vicoprofen-in-usa","10":"product_tag-buy-vicoprofen-with-bitcoin","11":"product_tag-buy-vicoprofen-with-credit-card","12":"product_tag-buy-vicoprofen-with-money-gram","13":"product_tag-buy-vicoprofen-with-western-union","14":"product_tag-buy-vicoprofen-without-a-doctor","15":"product_tag-buy-vicoprofen-without-prescription","16":"product_tag-vicoprofen-for-sale","17":"product_tag-vicoprofen-pills","18":"product_tag-vicoprofen-tablets","19":"desktop-align-center","20":"tablet-align-left","21":"mobile-align-left","23":"first","24":"instock","25":"shipping-taxable","26":"purchasable","27":"product-type-variable","28":"has-default-attributes"},"yoast_head":"<!-- This site is optimized with the Yoast SEO plugin v25.9 - https:\/\/yoast.com\/wordpress\/plugins\/seo\/ -->\n<title>Buy Vicoprofen Online USA - Buy Vicoprofen Online for Sale -<\/title>\n<meta name=\"description\" content=\"Buy Vicoprofen Online, we are best sellers of this drug. we sell other drugs for pain and anxiety. we do discrete shipping and safe delBuy Vicoprofen Online\" \/>\n<meta name=\"robots\" content=\"index, follow, max-snippet:-1, max-image-preview:large, max-video-preview:-1\" \/>\n<link rel=\"canonical\" href=\"https:\/\/buy-prescriptionz.com\/es\/producto\/comprar-vicoprofeno-en-linea\/\" \/>\n<meta property=\"og:locale\" content=\"es_ES\" \/>\n<meta property=\"og:type\" content=\"article\" \/>\n<meta property=\"og:title\" content=\"Buy Vicoprofen Online USA - Buy Vicoprofen Online for Sale -\" \/>\n<meta property=\"og:description\" content=\"Buy Vicoprofen Online, we are best sellers of this drug. we sell other drugs for pain and anxiety. we do discrete shipping and safe delBuy Vicoprofen Online\" \/>\n<meta property=\"og:url\" content=\"https:\/\/buy-prescriptionz.com\/es\/producto\/comprar-vicoprofeno-en-linea\/\" \/>\n<meta property=\"og:site_name\" content=\"Buy Prescriptionz\" \/>\n<meta property=\"article:modified_time\" content=\"2025-09-26T17:48:15+00:00\" \/>\n<meta property=\"og:image\" content=\"https:\/\/buy-prescriptionz.com\/wp-content\/uploads\/2025\/09\/vicoprofen.jpg\" \/>\n\t<meta property=\"og:image:width\" content=\"400\" \/>\n\t<meta property=\"og:image:height\" content=\"300\" \/>\n\t<meta property=\"og:image:type\" content=\"image\/jpeg\" \/>\n<meta name=\"twitter:card\" content=\"summary_large_image\" \/>\n<meta name=\"twitter:label1\" content=\"Tiempo de lectura\" \/>\n\t<meta name=\"twitter:data1\" content=\"6 minutos\" \/>\n<script type=\"application\/ld+json\" class=\"yoast-schema-graph\">{\"@context\":\"https:\/\/schema.org\",\"@graph\":[{\"@type\":\"WebPage\",\"@id\":\"https:\/\/buy-prescriptionz.com\/es\/producto\/comprar-vicoprofeno-en-linea\/\",\"url\":\"https:\/\/buy-prescriptionz.com\/es\/producto\/comprar-vicoprofeno-en-linea\/\",\"name\":\"Buy Vicoprofen Online USA - Buy Vicoprofen Online for Sale -\",\"isPartOf\":{\"@id\":\"https:\/\/buy-prescriptionz.com\/#website\"},\"primaryImageOfPage\":{\"@id\":\"https:\/\/buy-prescriptionz.com\/es\/producto\/comprar-vicoprofeno-en-linea\/#primaryimage\"},\"image\":{\"@id\":\"https:\/\/buy-prescriptionz.com\/es\/producto\/comprar-vicoprofeno-en-linea\/#primaryimage\"},\"thumbnailUrl\":\"https:\/\/buy-prescriptionz.com\/wp-content\/uploads\/2025\/09\/vicoprofen.jpg\",\"datePublished\":\"2025-09-16T08:56:09+00:00\",\"dateModified\":\"2025-09-26T17:48:15+00:00\",\"description\":\"Buy Vicoprofen Online, we are best sellers of this drug. we sell other drugs for pain and anxiety. we do discrete shipping and safe delBuy Vicoprofen Online\",\"breadcrumb\":{\"@id\":\"https:\/\/buy-prescriptionz.com\/es\/producto\/comprar-vicoprofeno-en-linea\/#breadcrumb\"},\"inLanguage\":\"es\",\"potentialAction\":[{\"@type\":\"ReadAction\",\"target\":[\"https:\/\/buy-prescriptionz.com\/es\/producto\/comprar-vicoprofeno-en-linea\/\"]}]},{\"@type\":\"ImageObject\",\"inLanguage\":\"es\",\"@id\":\"https:\/\/buy-prescriptionz.com\/es\/producto\/comprar-vicoprofeno-en-linea\/#primaryimage\",\"url\":\"https:\/\/buy-prescriptionz.com\/wp-content\/uploads\/2025\/09\/vicoprofen.jpg\",\"contentUrl\":\"https:\/\/buy-prescriptionz.com\/wp-content\/uploads\/2025\/09\/vicoprofen.jpg\",\"width\":400,\"height\":300},{\"@type\":\"BreadcrumbList\",\"@id\":\"https:\/\/buy-prescriptionz.com\/es\/producto\/comprar-vicoprofeno-en-linea\/#breadcrumb\",\"itemListElement\":[{\"@type\":\"ListItem\",\"position\":1,\"name\":\"Home\",\"item\":\"https:\/\/buy-prescriptionz.com\/\"},{\"@type\":\"ListItem\",\"position\":2,\"name\":\"Shop Painkillers Online\",\"item\":\"https:\/\/buy-prescriptionz.com\/shop-painkillers-online\/\"},{\"@type\":\"ListItem\",\"position\":3,\"name\":\"Buy Vicoprofen Online\"}]},{\"@type\":\"WebSite\",\"@id\":\"https:\/\/buy-prescriptionz.com\/#website\",\"url\":\"https:\/\/buy-prescriptionz.com\/\",\"name\":\"Buy Prescriptionz\",\"description\":\"Drugs Online\",\"publisher\":{\"@id\":\"https:\/\/buy-prescriptionz.com\/#organization\"},\"potentialAction\":[{\"@type\":\"SearchAction\",\"target\":{\"@type\":\"EntryPoint\",\"urlTemplate\":\"https:\/\/buy-prescriptionz.com\/?s={search_term_string}\"},\"query-input\":{\"@type\":\"PropertyValueSpecification\",\"valueRequired\":true,\"valueName\":\"search_term_string\"}}],\"inLanguage\":\"es\"},{\"@type\":\"Organization\",\"@id\":\"https:\/\/buy-prescriptionz.com\/#organization\",\"name\":\"Buy Prescriptionz\",\"url\":\"https:\/\/buy-prescriptionz.com\/\",\"logo\":{\"@type\":\"ImageObject\",\"inLanguage\":\"es\",\"@id\":\"https:\/\/buy-prescriptionz.com\/#\/schema\/logo\/image\/\",\"url\":\"https:\/\/buy-prescriptionz.com\/wp-content\/uploads\/2023\/09\/logo.png\",\"contentUrl\":\"https:\/\/buy-prescriptionz.com\/wp-content\/uploads\/2023\/09\/logo.png\",\"width\":350,\"height\":64,\"caption\":\"Buy Prescriptionz\"},\"image\":{\"@id\":\"https:\/\/buy-prescriptionz.com\/#\/schema\/logo\/image\/\"}}]}<\/script>\n<!-- \/ Yoast SEO plugin. -->","yoast_head_json":{"title":"Comprar Vicoprofen Online USA - Comprar Vicoprofen Online para la venta -","description":"Comprar Vicoprofen Online, somos los mejores vendedores de este medicamento. vendemos otros medicamentos para el dolor y la ansiedad. hacemos env\u00edos discretos y seguros delComprar Vicoprofen Online","robots":{"index":"index","follow":"follow","max-snippet":"max-snippet:-1","max-image-preview":"max-image-preview:large","max-video-preview":"max-video-preview:-1"},"canonical":"https:\/\/buy-prescriptionz.com\/es\/producto\/comprar-vicoprofeno-en-linea\/","og_locale":"es_ES","og_type":"article","og_title":"Buy Vicoprofen Online USA - Buy Vicoprofen Online for Sale -","og_description":"Buy Vicoprofen Online, we are best sellers of this drug. we sell other drugs for pain and anxiety. we do discrete shipping and safe delBuy Vicoprofen Online","og_url":"https:\/\/buy-prescriptionz.com\/es\/producto\/comprar-vicoprofeno-en-linea\/","og_site_name":"Buy Prescriptionz","article_modified_time":"2025-09-26T17:48:15+00:00","og_image":[{"width":400,"height":300,"url":"https:\/\/buy-prescriptionz.com\/wp-content\/uploads\/2025\/09\/vicoprofen.jpg","type":"image\/jpeg"}],"twitter_card":"summary_large_image","twitter_misc":{"Tiempo de lectura":"6 minutos"},"schema":{"@context":"https:\/\/schema.org","@graph":[{"@type":"WebPage","@id":"https:\/\/buy-prescriptionz.com\/es\/producto\/comprar-vicoprofeno-en-linea\/","url":"https:\/\/buy-prescriptionz.com\/es\/producto\/comprar-vicoprofeno-en-linea\/","name":"Comprar Vicoprofen Online USA - Comprar Vicoprofen Online para la venta -","isPartOf":{"@id":"https:\/\/buy-prescriptionz.com\/#website"},"primaryImageOfPage":{"@id":"https:\/\/buy-prescriptionz.com\/es\/producto\/comprar-vicoprofeno-en-linea\/#primaryimage"},"image":{"@id":"https:\/\/buy-prescriptionz.com\/es\/producto\/comprar-vicoprofeno-en-linea\/#primaryimage"},"thumbnailUrl":"https:\/\/buy-prescriptionz.com\/wp-content\/uploads\/2025\/09\/vicoprofen.jpg","datePublished":"2025-09-16T08:56:09+00:00","dateModified":"2025-09-26T17:48:15+00:00","description":"Comprar Vicoprofen Online, somos los mejores vendedores de este medicamento. vendemos otros medicamentos para el dolor y la ansiedad. hacemos env\u00edos discretos y seguros delComprar Vicoprofen Online","breadcrumb":{"@id":"https:\/\/buy-prescriptionz.com\/es\/producto\/comprar-vicoprofeno-en-linea\/#breadcrumb"},"inLanguage":"es","potentialAction":[{"@type":"ReadAction","target":["https:\/\/buy-prescriptionz.com\/es\/producto\/comprar-vicoprofeno-en-linea\/"]}]},{"@type":"ImageObject","inLanguage":"es","@id":"https:\/\/buy-prescriptionz.com\/es\/producto\/comprar-vicoprofeno-en-linea\/#primaryimage","url":"https:\/\/buy-prescriptionz.com\/wp-content\/uploads\/2025\/09\/vicoprofen.jpg","contentUrl":"https:\/\/buy-prescriptionz.com\/wp-content\/uploads\/2025\/09\/vicoprofen.jpg","width":400,"height":300},{"@type":"BreadcrumbList","@id":"https:\/\/buy-prescriptionz.com\/es\/producto\/comprar-vicoprofeno-en-linea\/#breadcrumb","itemListElement":[{"@type":"ListItem","position":1,"name":"Home","item":"https:\/\/buy-prescriptionz.com\/"},{"@type":"ListItem","position":2,"name":"Shop Painkillers Online","item":"https:\/\/buy-prescriptionz.com\/shop-painkillers-online\/"},{"@type":"ListItem","position":3,"name":"Buy Vicoprofen Online"}]},{"@type":"WebSite","@id":"https:\/\/buy-prescriptionz.com\/#website","url":"https:\/\/buy-prescriptionz.com\/","name":"Buy Prescriptionz","description":"Medicamentos en l\u00ednea","publisher":{"@id":"https:\/\/buy-prescriptionz.com\/#organization"},"potentialAction":[{"@type":"SearchAction","target":{"@type":"EntryPoint","urlTemplate":"https:\/\/buy-prescriptionz.com\/?s={search_term_string}"},"query-input":{"@type":"PropertyValueSpecification","valueRequired":true,"valueName":"search_term_string"}}],"inLanguage":"es"},{"@type":"Organization","@id":"https:\/\/buy-prescriptionz.com\/#organization","name":"Buy Prescriptionz","url":"https:\/\/buy-prescriptionz.com\/","logo":{"@type":"ImageObject","inLanguage":"es","@id":"https:\/\/buy-prescriptionz.com\/#\/schema\/logo\/image\/","url":"https:\/\/buy-prescriptionz.com\/wp-content\/uploads\/2023\/09\/logo.png","contentUrl":"https:\/\/buy-prescriptionz.com\/wp-content\/uploads\/2023\/09\/logo.png","width":350,"height":64,"caption":"Buy Prescriptionz"},"image":{"@id":"https:\/\/buy-prescriptionz.com\/#\/schema\/logo\/image\/"}}]}},"_links":{"self":[{"href":"https:\/\/buy-prescriptionz.com\/es\/wp-json\/wp\/v2\/product\/3053","targetHints":{"allow":["GET"]}}],"collection":[{"href":"https:\/\/buy-prescriptionz.com\/es\/wp-json\/wp\/v2\/product"}],"about":[{"href":"https:\/\/buy-prescriptionz.com\/es\/wp-json\/wp\/v2\/types\/product"}],"replies":[{"embeddable":true,"href":"https:\/\/buy-prescriptionz.com\/es\/wp-json\/wp\/v2\/comments?post=3053"}],"wp:featuredmedia":[{"embeddable":true,"href":"https:\/\/buy-prescriptionz.com\/es\/wp-json\/wp\/v2\/media\/3083"}],"wp:attachment":[{"href":"https:\/\/buy-prescriptionz.com\/es\/wp-json\/wp\/v2\/media?parent=3053"}],"wp:term":[{"taxonomy":"product_brand","embeddable":true,"href":"https:\/\/buy-prescriptionz.com\/es\/wp-json\/wp\/v2\/product_brand?post=3053"},{"taxonomy":"product_cat","embeddable":true,"href":"https:\/\/buy-prescriptionz.com\/es\/wp-json\/wp\/v2\/product_cat?post=3053"},{"taxonomy":"product_tag","embeddable":true,"href":"https:\/\/buy-prescriptionz.com\/es\/wp-json\/wp\/v2\/product_tag?post=3053"}],"curies":[{"name":"wp","href":"https:\/\/api.w.org\/{rel}","templated":true}]}}