{"id":3055,"date":"2025-09-16T08:56:09","date_gmt":"2025-09-16T08:56:09","guid":{"rendered":"https:\/\/chemsfine.com\/newsite\/?post_type=product&#038;p=3055"},"modified":"2025-09-27T09:36:07","modified_gmt":"2025-09-27T09:36:07","slug":"soma-generica","status":"publish","type":"product","link":"https:\/\/buy-prescriptionz.com\/es\/producto\/soma-generica\/","title":{"rendered":"Soma Gen\u00e9rico"},"content":{"rendered":"<h2>Comprar Soma gen\u00e9rico en l\u00ednea<\/h2>\n<p>Compre Soma en l\u00ednea. Soma es un analg\u00e9sico utilizado para el tratamiento continuo del dolor o da\u00f1o en el m\u00fasculo esquel\u00e9tico. Los pacientes deben usar este medicamento como relajante muscular junto con descanso completo y fisioterapia para tratar el dolor muscular. Este medicamento act\u00faa inhibiendo las sensaciones de dolor en el cerebro y los nervios. El abuso de este medicamento puede causar dependencia y sobredosis; por lo tanto, se espera que las personas se informen sobre \u00e9l antes de comprar Soma en l\u00ednea. Soma es un relajante muscular que impide que el cerebro reciba se\u00f1ales de dolor de los nervios. Soma se usa para tratar trastornos del m\u00fasculo esquel\u00e9tico, incluyendo dolor o da\u00f1o, junto con descanso y fisioterapia. Dado que la mayor\u00eda de las lesiones del m\u00fasculo esquel\u00e9tico son de corta duraci\u00f3n, Soma solo debe administrarse por per\u00edodos cortos (hasta dos o tres semanas), ya que existe poca evidencia de su eficacia cuando se usa durante un per\u00edodo prolongado.<\/p>\n<h3>Detalles de la dosis<\/h3>\n<p>250\u2013350 mg tomados tres veces al d\u00eda, incluso antes de acostarse. La terapia puede durar hasta dos o tres semanas.<\/p>\n<p>Observaciones: -Este medicamento s\u00f3lo debe tomarse durante per\u00edodos breves (hasta 2 o 3 semanas) ya que la evidencia para un uso m\u00e1s prolongado es insuficiente y los trastornos musculoesquel\u00e9ticos agudos y dolorosos a menudo se resuelven r\u00e1pidamente.<\/p>\n<p>Uso: Para aliviar el dolor y el sufrimiento provocados por trastornos musculoesquel\u00e9ticos graves e insoportables.<br \/>\n<strong><br \/>\nEfectos secundarios del soma<\/strong><\/p>\n<p>Si presenta alguno de los siguientes s\u00edntomas de alergia al Soma: urticaria, dificultad para respirar, hinchaz\u00f3n de la cara, labios, lengua o garganta, busque atenci\u00f3n m\u00e9dica inmediata. Si experimenta alguno de los siguientes s\u00edntomas, suspenda el uso de este medicamento y consulte a su m\u00e9dico de inmediato:<\/p>\n<p>convulsiones durante una crisis; o niveles elevados de serotonina en el cuerpo pueden causar agitaci\u00f3n, delirios, fiebre, sudoraci\u00f3n, escalofr\u00edos, espasmos, rigidez en los m\u00fasculos, falta de coordinaci\u00f3n, n\u00e1useas, v\u00f3mitos y diarrea.<\/p>\n<p>Mareos o dolor de cabeza. Soma Gen\u00e9rico es una soluci\u00f3n confiable para aliviar el dolor muscular. Para comprar Soma Gen\u00e9rico de forma c\u00f3moda y segura, visite hoy mismo la mejor farmacia, Buy-prescriptionz.com.<\/p>\n<h3>Sutilezas de la prescripci\u00f3n:<\/h3>\n<p>Personas que actualmente padecen afecciones como porfiria, enfermedades hep\u00e1ticas y renales, problemas respiratorios como asma, EPOC, epilepsia, convulsiones, desgarros estomacales, obstrucci\u00f3n digestiva, hipersensibilidad al ibuprofeno, etc. Este medicamento no debe ser utilizado por mujeres embarazadas ni en per\u00edodo de lactancia, ni por ni\u00f1os menores de 16 a\u00f1os, ya que puede causar una grave dependencia o s\u00edndrome de abstinencia en ni\u00f1os durante su crecimiento. Este medicamento puede causar una serie de efectos secundarios graves con el consumo de alcohol, causando somnolencia prolongada y ataques card\u00edacos mortales debido a interacciones farmacol\u00f3gicas inadecuadas. Este medicamento puede causar somnolencia leve por s\u00ed solo, por lo que se recomienda a quienes lo usan que no realicen actividades que requieran concentraci\u00f3n, como conducir un veh\u00edculo o manejar maquinaria.<\/p>\n<h3>Impactos y precauciones:<\/h3>\n<p>Al comprar Soma en l\u00ednea y comenzar a usarlo, es posible que experimente algunos de los s\u00edntomas comunes que experimentan la mayor\u00eda de los principiantes, como mareos, dolores de cabeza, somnolencia, n\u00e1useas, v\u00f3mitos, dolor de est\u00f3mago, p\u00e9rdida de apetito, enrojecimiento de la piel y dificultad para dormir. Las reacciones adversas al usar este medicamento incluyen reacciones de hipersensibilidad con s\u00edntomas como urticaria, dificultad para respirar e hinchaz\u00f3n de cara, labios, garganta o lengua. El trastorno serotonin\u00e9rgico, causado por el uso concomitante de opi\u00e1ceos, narc\u00f3ticos o sedantes, provoca diversas interacciones farmacol\u00f3gicas con efectos secundarios como inquietud, somnolencia, confusi\u00f3n, p\u00e9rdida de coordinaci\u00f3n, fiebre, sudoraci\u00f3n, escalofr\u00edos y pulso acelerado. Debe suspender el medicamento y consultar a un m\u00e9dico si presenta cualquiera de estos s\u00edntomas. Este medicamento debe colocarse en un lugar privado, abierto \u00fanicamente a la persona que utiliza este medicamento y fuera del alcance de ni\u00f1os, mascotas y personas con problemas cr\u00f3nicos de consumo de drogas o adicci\u00f3n al alcohol.<\/p>\n<h3>Informaci\u00f3n de dosificaci\u00f3n:<\/h3>\n<p>Compre Soma en l\u00ednea. Soma es un analg\u00e9sico utilizado para el tratamiento continuo del dolor o da\u00f1o en el m\u00fasculo esquel\u00e9tico. Los pacientes deben usar este medicamento como relajante muscular junto con descanso completo y fisioterapia para tratar el dolor muscular. Este medicamento act\u00faa inhibiendo las sensaciones de dolor en el cerebro y los nervios. El abuso de este medicamento puede causar dependencia y sobredosis; por lo tanto, se espera que las personas se informen sobre \u00e9l antes de comprar Soma en l\u00ednea. Soma es un relajante muscular que impide que el cerebro reciba se\u00f1ales de dolor de los nervios. Soma se usa para tratar trastornos del m\u00fasculo esquel\u00e9tico, incluyendo dolor o da\u00f1o, junto con descanso y fisioterapia. Dado que la mayor\u00eda de las lesiones del m\u00fasculo esquel\u00e9tico son de corta duraci\u00f3n, Soma solo debe administrarse por per\u00edodos cortos (hasta dos o tres semanas), ya que existe poca evidencia de su eficacia cuando se usa durante un per\u00edodo prolongado.<\/p>\n<h3>Signos de Soma<\/h3>\n<p>Anteriormente analizamos que Soma es el nombre con el que se conoce com\u00fanmente al medicamento carisoprodol, el cual se promociona principalmente como relajante muscular. Sin embargo, lo que m\u00e1s le sorprender\u00e1 es que est\u00e1 clasificado como sustancia controlada de la Lista IV seg\u00fan la Ley de Sustancias Controladas de 1970. Esto significa que es menos propenso al abuso y al uso indebido. Al solicitar Soma en l\u00ednea, se le confirma que se toma para aliviar el dolor de enfermedades musculoesquel\u00e9ticas junto con un buen descanso y ejercicio. Adem\u00e1s, se recomienda para el tratamiento temporal del dolor causado por enfermedades musculoesquel\u00e9ticas y debe tomarse a largo plazo.<\/p>\n<h3>Asociaciones de Soma<\/h3>\n<p>En caso de que est\u00e9s imaginando que si solicitas Soma en l\u00ednea y comienzas a tomarlo con cualquier medicamento que necesites, supongo que est\u00e1s equivocado, ya que la combinaci\u00f3n del medicamento con cualquier otro medicamento aumenta el riesgo de aparici\u00f3n de s\u00edntomas reales.<\/p>\n<p><strong>Una parte de las interacciones medicamentosas que pueden ser perjudiciales para la persona que toma el medicamento son:<\/strong><\/p>\n<p>Esp\u00edritu<\/p>\n<p>difenhidramina<\/p>\n<p>Alprazolam<\/p>\n<p>Codeine<\/p>\n<p>Medicamento que trata la hipersensibilidad o el resfriado y la tos.<\/p>\n<p>Para decirlo claramente, antes de comprar el medicamento o incluso antes de comenzar su administraci\u00f3n, aseg\u00farese de consultar a un profesional de la salud sobre los comentarios que se han registrado para que pueda saber si el medicamento demostrar\u00e1 ser \u00fatil cuando se toma con las prescripciones mencionadas anteriormente.<\/p>\n<h3>Impactos desfavorables<\/h3>\n<p>Generalmente, al comprar un medicamento, se le informa con antelaci\u00f3n para qu\u00e9 se receta y c\u00f3mo puede ser perjudicial si se toma con demasiada frecuencia. Sin embargo, algunas personas hacen esto \u00faltimo, simplemente para experimentar los efectos del medicamento repetidamente. De esta manera, se vuelven dependientes y empiezan a sentir que no pueden vivir sin \u00e9l durante mucho tiempo. Lo mismo ocurre cuando las personas compran Soma gen\u00e9rico en l\u00ednea para tratar afecciones musculoesquel\u00e9ticas y comienzan a tomar el medicamento de forma permanente. De esta manera, no solo aumentan el riesgo de efectos adversos, sino que tambi\u00e9n se predisponen profundamente a los efectos del medicamento. Algunos de los efectos adversos que pueden perjudicar a la persona que toma el medicamento son:<\/p>\n<p>Somnolencia<\/p>\n<p>aturdimiento,<\/p>\n<p>Sumuinen n\u00e4k\u00f6<\/p>\n<p>.durere cerebral\u0103<\/p>\n<p>P\u00e9rdida de equilibrio o coordinaci\u00f3n<\/p>\n<p>Convulsiones<\/p>\n<h3>C\u00f3mo Soma influye en tu marco de referencia<\/h3>\n<p>Las personas solicitan Soma en l\u00ednea porque act\u00faa principalmente como relajante muscular y ayuda a controlar el dolor. Por lo tanto, el medicamento est\u00e1 disponible en tabletas y en f\u00f3rmulas combinadas que contienen ibuprofeno o code\u00edna y analg\u00e9sicos. Se recomienda tomarlo varias veces al d\u00eda. El medicamento act\u00faa influyendo en la comunicaci\u00f3n entre los nervios del sistema nervioso central (SNC) y produce relajaci\u00f3n muscular y alivio del dolor. El medicamento se excreta generalmente en la orina y se puede percibir durante varios d\u00edas despu\u00e9s de la toma. Compre Soma en l\u00ednea.<\/p>\n<h3>Medidas de seguridad con Soma<\/h3>\n<p>Antes de solicitar Soma en l\u00ednea en EE. UU., debe saber todo lo posible sobre el medicamento. Para evitar s\u00edntomas y complicaciones, aseg\u00farese de hablar con su profesional de la salud sobre todos los medicamentos que est\u00e1 tomando o planea tomar. Su digesti\u00f3n de Soma puede verse afectada si alguna vez ha tenido una enfermedad hep\u00e1tica o renal. Si est\u00e1 embarazada, amamantando a su hijo o planea ser madre, consulte con su profesional de la salud sobre las consecuencias de tomar el medicamento en las condiciones mencionadas. El medicamento puede causar cansancio, por lo que es fundamental evitar posibles riesgos al conducir o manejar maquinaria. Los efectos secundarios incluyen dolor de cabeza, taquicardia, letargo, confusi\u00f3n, dificultad para pensar, malestar estomacal, sarpullido y movimientos fl\u00e1cidos.<\/p>\n<p><strong>Mant\u00e9ngase alejado de los s\u00edntomas extremos con Soma<\/strong><\/p>\n<p>Al comprar Soma en l\u00ednea, debe tomarlo exactamente como se indica. Para evitar la aparici\u00f3n de s\u00edntomas, no lo tome en cantidades superiores a las recomendadas ni con mayor frecuencia que la indicada en la soluci\u00f3n. Algunos de los s\u00edntomas graves del medicamento incluyen:<\/p>\n<p>Si compra Soma gen\u00e9rico en l\u00ednea y deja de tomarlo repentinamente despu\u00e9s de un tiempo prolongado, podr\u00eda experimentar s\u00edntomas leves de abstinencia, que pueden persistir de 12 a 48 horas. Sin embargo, si est\u00e1 tomando un producto combinado con code\u00edna, se le realizar\u00e1 una prueba. Aseg\u00farese de informar al laboratorio donde se realizar\u00e1 la prueba sobre la presencia del medicamento en su organismo, para que puedan interpretar mejor los resultados. Compre Soma en l\u00ednea.<\/p>","protected":false},"excerpt":{"rendered":"<p>Buy Soma Generic Online Buy Soma online, Soma is a painkiller medication utilized in the nonstop treatment of agony or damage in skeletal muscle. Patients need to utilize this medication as a muscle relaxant alongside complete rest and physiotherapy for treatment of torment conditions in the muscles. This medication works by hindering the torment sensations [&hellip;]<\/p>","protected":false},"featured_media":3085,"comment_status":"open","ping_status":"closed","template":"","meta":{"site-sidebar-layout":"default","site-content-layout":"","ast-site-content-layout":"default","site-content-style":"default","site-sidebar-style":"default","ast-global-header-display":"","ast-banner-title-visibility":"","ast-main-header-display":"","ast-hfb-above-header-display":"","ast-hfb-below-header-display":"","ast-hfb-mobile-header-display":"","site-post-title":"","ast-breadcrumbs-content":"","ast-featured-img":"","footer-sml-layout":"","theme-transparent-header-meta":"default","adv-header-id-meta":"","stick-header-meta":"","header-above-stick-meta":"","header-main-stick-meta":"","header-below-stick-meta":"","astra-migrate-meta-layouts":"set","ast-page-background-enabled":"default","ast-page-background-meta":{"desktop":{"background-color":"var(--ast-global-color-4)","background-image":"","background-repeat":"repeat","background-position":"center center","background-size":"auto","background-attachment":"scroll","background-type":"","background-media":"","overlay-type":"","overlay-color":"","overlay-opacity":"","overlay-gradient":""},"tablet":{"background-color":"","background-image":"","background-repeat":"repeat","background-position":"center center","background-size":"auto","background-attachment":"scroll","background-type":"","background-media":"","overlay-type":"","overlay-color":"","overlay-opacity":"","overlay-gradient":""},"mobile":{"background-color":"","background-image":"","background-repeat":"repeat","background-position":"center center","background-size":"auto","background-attachment":"scroll","background-type":"","background-media":"","overlay-type":"","overlay-color":"","overlay-opacity":"","overlay-gradient":""}},"ast-content-background-meta":{"desktop":{"background-color":"var(--ast-global-color-5)","background-image":"","background-repeat":"repeat","background-position":"center center","background-size":"auto","background-attachment":"scroll","background-type":"","background-media":"","overlay-type":"","overlay-color":"","overlay-opacity":"","overlay-gradient":""},"tablet":{"background-color":"var(--ast-global-color-5)","background-image":"","background-repeat":"repeat","background-position":"center center","background-size":"auto","background-attachment":"scroll","background-type":"","background-media":"","overlay-type":"","overlay-color":"","overlay-opacity":"","overlay-gradient":""},"mobile":{"background-color":"var(--ast-global-color-5)","background-image":"","background-repeat":"repeat","background-position":"center center","background-size":"auto","background-attachment":"scroll","background-type":"","background-media":"","overlay-type":"","overlay-color":"","overlay-opacity":"","overlay-gradient":""}}},"product_brand":[],"product_cat":[2385],"product_tag":[1254,1255,1253,1248,1251,1250,1249,1252,1247,1246,1257,1256],"class_list":{"0":"post-3055","1":"product","2":"type-product","3":"status-publish","4":"has-post-thumbnail","6":"product_cat-buy-pain-killer-pills-online","7":"product_tag-buy-soma-generic-in-canada","8":"product_tag-buy-soma-generic-in-uk","9":"product_tag-buy-soma-generic-in-usa","10":"product_tag-buy-soma-generic-with-bitcoin","11":"product_tag-buy-soma-generic-with-credit-card","12":"product_tag-buy-soma-generic-with-money-gram","13":"product_tag-buy-soma-generic-with-western-union","14":"product_tag-buy-soma-generic-without-a-doctor","15":"product_tag-buy-soma-generic-without-prescription","16":"product_tag-soma-generic-for-sale","17":"product_tag-soma-generic-pills","18":"product_tag-soma-generic-tablets","19":"desktop-align-center","20":"tablet-align-left","21":"mobile-align-left","23":"first","24":"instock","25":"shipping-taxable","26":"purchasable","27":"product-type-variable","28":"has-default-attributes"},"yoast_head":"<!-- This site is optimized with the Yoast SEO plugin v25.9 - https:\/\/yoast.com\/wordpress\/plugins\/seo\/ -->\n<title>Buy Soma online - Cheapest generic soma 350mg - Carisoprodol Online<\/title>\n<meta name=\"description\" content=\"Buy Soma online,- Buy Soma, Online P h a r m a c y Information on Soma. Click here to buy Soma online! Buy Soma online Buy Cheap Soma\" \/>\n<meta name=\"robots\" content=\"index, follow, max-snippet:-1, max-image-preview:large, max-video-preview:-1\" \/>\n<link rel=\"canonical\" href=\"https:\/\/buy-prescriptionz.com\/es\/producto\/soma-generica\/\" \/>\n<meta property=\"og:locale\" content=\"es_ES\" \/>\n<meta property=\"og:type\" content=\"article\" \/>\n<meta property=\"og:title\" content=\"Buy Soma online - Cheapest generic soma 350mg - Carisoprodol Online\" \/>\n<meta property=\"og:description\" content=\"Buy Soma online,- Buy Soma, Online P h a r m a c y Information on Soma. Click here to buy Soma online! Buy Soma online Buy Cheap Soma\" \/>\n<meta property=\"og:url\" content=\"https:\/\/buy-prescriptionz.com\/es\/producto\/soma-generica\/\" \/>\n<meta property=\"og:site_name\" content=\"Buy Prescriptionz\" \/>\n<meta property=\"article:modified_time\" content=\"2025-09-27T09:36:07+00:00\" \/>\n<meta property=\"og:image\" content=\"https:\/\/buy-prescriptionz.com\/wp-content\/uploads\/2025\/09\/soma-generic.jpg\" \/>\n\t<meta property=\"og:image:width\" content=\"400\" \/>\n\t<meta property=\"og:image:height\" content=\"300\" \/>\n\t<meta property=\"og:image:type\" content=\"image\/jpeg\" \/>\n<meta name=\"twitter:card\" content=\"summary_large_image\" \/>\n<meta name=\"twitter:label1\" content=\"Tiempo de lectura\" \/>\n\t<meta name=\"twitter:data1\" content=\"8 minutos\" \/>\n<script type=\"application\/ld+json\" class=\"yoast-schema-graph\">{\"@context\":\"https:\/\/schema.org\",\"@graph\":[{\"@type\":\"WebPage\",\"@id\":\"https:\/\/buy-prescriptionz.com\/product\/soma-generic\/\",\"url\":\"https:\/\/buy-prescriptionz.com\/product\/soma-generic\/\",\"name\":\"Buy Soma online - Cheapest generic soma 350mg - Carisoprodol Online\",\"isPartOf\":{\"@id\":\"https:\/\/buy-prescriptionz.com\/#website\"},\"primaryImageOfPage\":{\"@id\":\"https:\/\/buy-prescriptionz.com\/product\/soma-generic\/#primaryimage\"},\"image\":{\"@id\":\"https:\/\/buy-prescriptionz.com\/product\/soma-generic\/#primaryimage\"},\"thumbnailUrl\":\"https:\/\/buy-prescriptionz.com\/wp-content\/uploads\/2025\/09\/soma-generic.jpg\",\"datePublished\":\"2025-09-16T08:56:09+00:00\",\"dateModified\":\"2025-09-27T09:36:07+00:00\",\"description\":\"Buy Soma online,- Buy Soma, Online P h a r m a c y Information on Soma. Click here to buy Soma online! Buy Soma online Buy Cheap Soma\",\"breadcrumb\":{\"@id\":\"https:\/\/buy-prescriptionz.com\/product\/soma-generic\/#breadcrumb\"},\"inLanguage\":\"es\",\"potentialAction\":[{\"@type\":\"ReadAction\",\"target\":[\"https:\/\/buy-prescriptionz.com\/product\/soma-generic\/\"]}]},{\"@type\":\"ImageObject\",\"inLanguage\":\"es\",\"@id\":\"https:\/\/buy-prescriptionz.com\/product\/soma-generic\/#primaryimage\",\"url\":\"https:\/\/buy-prescriptionz.com\/wp-content\/uploads\/2025\/09\/soma-generic.jpg\",\"contentUrl\":\"https:\/\/buy-prescriptionz.com\/wp-content\/uploads\/2025\/09\/soma-generic.jpg\",\"width\":400,\"height\":300},{\"@type\":\"BreadcrumbList\",\"@id\":\"https:\/\/buy-prescriptionz.com\/product\/soma-generic\/#breadcrumb\",\"itemListElement\":[{\"@type\":\"ListItem\",\"position\":1,\"name\":\"Home\",\"item\":\"https:\/\/buy-prescriptionz.com\/\"},{\"@type\":\"ListItem\",\"position\":2,\"name\":\"Shop Painkillers Online\",\"item\":\"https:\/\/buy-prescriptionz.com\/shop-painkillers-online\/\"},{\"@type\":\"ListItem\",\"position\":3,\"name\":\"Soma Generic\"}]},{\"@type\":\"WebSite\",\"@id\":\"https:\/\/buy-prescriptionz.com\/#website\",\"url\":\"https:\/\/buy-prescriptionz.com\/\",\"name\":\"Buy Prescriptionz\",\"description\":\"Drugs Online\",\"publisher\":{\"@id\":\"https:\/\/buy-prescriptionz.com\/#organization\"},\"potentialAction\":[{\"@type\":\"SearchAction\",\"target\":{\"@type\":\"EntryPoint\",\"urlTemplate\":\"https:\/\/buy-prescriptionz.com\/?s={search_term_string}\"},\"query-input\":{\"@type\":\"PropertyValueSpecification\",\"valueRequired\":true,\"valueName\":\"search_term_string\"}}],\"inLanguage\":\"es\"},{\"@type\":\"Organization\",\"@id\":\"https:\/\/buy-prescriptionz.com\/#organization\",\"name\":\"Buy Prescriptionz\",\"url\":\"https:\/\/buy-prescriptionz.com\/\",\"logo\":{\"@type\":\"ImageObject\",\"inLanguage\":\"es\",\"@id\":\"https:\/\/buy-prescriptionz.com\/#\/schema\/logo\/image\/\",\"url\":\"https:\/\/buy-prescriptionz.com\/wp-content\/uploads\/2023\/09\/logo.png\",\"contentUrl\":\"https:\/\/buy-prescriptionz.com\/wp-content\/uploads\/2023\/09\/logo.png\",\"width\":350,\"height\":64,\"caption\":\"Buy Prescriptionz\"},\"image\":{\"@id\":\"https:\/\/buy-prescriptionz.com\/#\/schema\/logo\/image\/\"}}]}<\/script>\n<!-- \/ Yoast SEO plugin. -->","yoast_head_json":{"title":"Comprar Soma online - Soma gen\u00e9rico de 350 mg m\u00e1s barato - Carisoprodol online","description":"Compre Soma en l\u00ednea. Informaci\u00f3n de farmacia en l\u00ednea sobre Soma. \u00a1Haga clic aqu\u00ed para comprar Soma en l\u00ednea! Compre Soma en l\u00ednea. Compre Soma a bajo precio.","robots":{"index":"index","follow":"follow","max-snippet":"max-snippet:-1","max-image-preview":"max-image-preview:large","max-video-preview":"max-video-preview:-1"},"canonical":"https:\/\/buy-prescriptionz.com\/es\/producto\/soma-generica\/","og_locale":"es_ES","og_type":"article","og_title":"Buy Soma online - Cheapest generic soma 350mg - Carisoprodol Online","og_description":"Buy Soma online,- Buy Soma, Online P h a r m a c y Information on Soma. Click here to buy Soma online! Buy Soma online Buy Cheap Soma","og_url":"https:\/\/buy-prescriptionz.com\/es\/producto\/soma-generica\/","og_site_name":"Buy Prescriptionz","article_modified_time":"2025-09-27T09:36:07+00:00","og_image":[{"width":400,"height":300,"url":"https:\/\/buy-prescriptionz.com\/wp-content\/uploads\/2025\/09\/soma-generic.jpg","type":"image\/jpeg"}],"twitter_card":"summary_large_image","twitter_misc":{"Tiempo de lectura":"8 minutos"},"schema":{"@context":"https:\/\/schema.org","@graph":[{"@type":"WebPage","@id":"https:\/\/buy-prescriptionz.com\/product\/soma-generic\/","url":"https:\/\/buy-prescriptionz.com\/product\/soma-generic\/","name":"Comprar Soma online - Soma gen\u00e9rico de 350 mg m\u00e1s barato - Carisoprodol online","isPartOf":{"@id":"https:\/\/buy-prescriptionz.com\/#website"},"primaryImageOfPage":{"@id":"https:\/\/buy-prescriptionz.com\/product\/soma-generic\/#primaryimage"},"image":{"@id":"https:\/\/buy-prescriptionz.com\/product\/soma-generic\/#primaryimage"},"thumbnailUrl":"https:\/\/buy-prescriptionz.com\/wp-content\/uploads\/2025\/09\/soma-generic.jpg","datePublished":"2025-09-16T08:56:09+00:00","dateModified":"2025-09-27T09:36:07+00:00","description":"Compre Soma en l\u00ednea. Informaci\u00f3n de farmacia en l\u00ednea sobre Soma. \u00a1Haga clic aqu\u00ed para comprar Soma en l\u00ednea! Compre Soma en l\u00ednea. Compre Soma a bajo precio.","breadcrumb":{"@id":"https:\/\/buy-prescriptionz.com\/product\/soma-generic\/#breadcrumb"},"inLanguage":"es","potentialAction":[{"@type":"ReadAction","target":["https:\/\/buy-prescriptionz.com\/product\/soma-generic\/"]}]},{"@type":"ImageObject","inLanguage":"es","@id":"https:\/\/buy-prescriptionz.com\/product\/soma-generic\/#primaryimage","url":"https:\/\/buy-prescriptionz.com\/wp-content\/uploads\/2025\/09\/soma-generic.jpg","contentUrl":"https:\/\/buy-prescriptionz.com\/wp-content\/uploads\/2025\/09\/soma-generic.jpg","width":400,"height":300},{"@type":"BreadcrumbList","@id":"https:\/\/buy-prescriptionz.com\/product\/soma-generic\/#breadcrumb","itemListElement":[{"@type":"ListItem","position":1,"name":"Home","item":"https:\/\/buy-prescriptionz.com\/"},{"@type":"ListItem","position":2,"name":"Shop Painkillers Online","item":"https:\/\/buy-prescriptionz.com\/shop-painkillers-online\/"},{"@type":"ListItem","position":3,"name":"Soma Generic"}]},{"@type":"WebSite","@id":"https:\/\/buy-prescriptionz.com\/#website","url":"https:\/\/buy-prescriptionz.com\/","name":"Buy Prescriptionz","description":"Medicamentos en l\u00ednea","publisher":{"@id":"https:\/\/buy-prescriptionz.com\/#organization"},"potentialAction":[{"@type":"SearchAction","target":{"@type":"EntryPoint","urlTemplate":"https:\/\/buy-prescriptionz.com\/?s={search_term_string}"},"query-input":{"@type":"PropertyValueSpecification","valueRequired":true,"valueName":"search_term_string"}}],"inLanguage":"es"},{"@type":"Organization","@id":"https:\/\/buy-prescriptionz.com\/#organization","name":"Buy Prescriptionz","url":"https:\/\/buy-prescriptionz.com\/","logo":{"@type":"ImageObject","inLanguage":"es","@id":"https:\/\/buy-prescriptionz.com\/#\/schema\/logo\/image\/","url":"https:\/\/buy-prescriptionz.com\/wp-content\/uploads\/2023\/09\/logo.png","contentUrl":"https:\/\/buy-prescriptionz.com\/wp-content\/uploads\/2023\/09\/logo.png","width":350,"height":64,"caption":"Buy Prescriptionz"},"image":{"@id":"https:\/\/buy-prescriptionz.com\/#\/schema\/logo\/image\/"}}]}},"_links":{"self":[{"href":"https:\/\/buy-prescriptionz.com\/es\/wp-json\/wp\/v2\/product\/3055","targetHints":{"allow":["GET"]}}],"collection":[{"href":"https:\/\/buy-prescriptionz.com\/es\/wp-json\/wp\/v2\/product"}],"about":[{"href":"https:\/\/buy-prescriptionz.com\/es\/wp-json\/wp\/v2\/types\/product"}],"replies":[{"embeddable":true,"href":"https:\/\/buy-prescriptionz.com\/es\/wp-json\/wp\/v2\/comments?post=3055"}],"wp:featuredmedia":[{"embeddable":true,"href":"https:\/\/buy-prescriptionz.com\/es\/wp-json\/wp\/v2\/media\/3085"}],"wp:attachment":[{"href":"https:\/\/buy-prescriptionz.com\/es\/wp-json\/wp\/v2\/media?parent=3055"}],"wp:term":[{"taxonomy":"product_brand","embeddable":true,"href":"https:\/\/buy-prescriptionz.com\/es\/wp-json\/wp\/v2\/product_brand?post=3055"},{"taxonomy":"product_cat","embeddable":true,"href":"https:\/\/buy-prescriptionz.com\/es\/wp-json\/wp\/v2\/product_cat?post=3055"},{"taxonomy":"product_tag","embeddable":true,"href":"https:\/\/buy-prescriptionz.com\/es\/wp-json\/wp\/v2\/product_tag?post=3055"}],"curies":[{"name":"wp","href":"https:\/\/api.w.org\/{rel}","templated":true}]}}