{"id":3057,"date":"2025-09-16T08:56:10","date_gmt":"2025-09-16T08:56:10","guid":{"rendered":"https:\/\/chemsfine.com\/newsite\/?post_type=product&#038;p=3057"},"modified":"2025-09-30T05:34:03","modified_gmt":"2025-09-30T05:34:03","slug":"comprar-roxicodona-en-linea","status":"publish","type":"product","link":"https:\/\/buy-prescriptionz.com\/es\/producto\/comprar-roxicodona-en-linea\/","title":{"rendered":"Comprar Roxicodona en l\u00ednea"},"content":{"rendered":"<h2>Comprar Roxicodona en l\u00ednea<\/h2>\n<p>Comprar Roxicodona en l\u00ednea Comprar Roxicodona en l\u00ednea.Roxicodona es una prescripci\u00f3n usada para dirigir al tormento extremo. Es una marca de oxicodona de descarga planificada que funciona hasta 12 horas. Roxicodona contiene la oxicodona de fijaci\u00f3n din\u00e1mica, que tiene un lugar con una reuni\u00f3n de medicamentos llamados analg\u00e9sicos s\u00f3lidos o \"analg\u00e9sicos\". En consecuencia, es un ...<\/p>\n<h3>Descripci\u00f3n general de Roxicodone: beneficios y gu\u00eda de compra<\/h3>\n<p>Roxicodona es el nombre comercial de la oxicodona, un potente analg\u00e9sico opioide. Se prescribe principalmente para el tratamiento del dolor moderado a intenso, especialmente cuando otros m\u00e9todos analg\u00e9sicos resultan insuficientes. Roxicodona act\u00faa modificando la percepci\u00f3n cerebral del dolor, proporcionando un alivio significativo a pacientes que sufren de dolor cr\u00f3nico, dolor posquir\u00fargico o dolor intenso relacionado con lesiones. Es conocido por su r\u00e1pido inicio de acci\u00f3n, lo que lo hace eficaz para un alivio r\u00e1pido del dolor. Debido a su potencia y al potencial de abuso, Roxicodona solo debe usarse bajo estricta supervisi\u00f3n m\u00e9dica y generalmente se prescribe para uso a corto plazo. Para m\u00e1s informaci\u00f3n, visite buy-prescriptionz.com.<\/p>\n<h4>Beneficios de la Roxicodona<\/h4>\n<ol>\n<li>Alivio eficaz del dolor: el mejor Roxicodone es muy eficaz para controlar el dolor moderado a intenso.<\/li>\n<li>Inicio r\u00e1pido: act\u00faa r\u00e1pidamente, proporcionando un alivio r\u00e1pido del dolor.<\/li>\n<li>Mejor calidad de vida: al aliviar el dolor, Roxicodone ayuda a mejorar la calidad de vida de quienes padecen enfermedades cr\u00f3nicas.<\/li>\n<li>Uso vers\u00e1til: se puede utilizar para diversos tipos de dolor, incluido el dolor posquir\u00fargico y el relacionado con lesiones.<\/li>\n<li>Dosis flexible: Disponible en diferentes concentraciones, lo que permite un tratamiento personalizado del dolor.<\/li>\n<\/ol>\n<h4>Comprar Roxicodona en l\u00ednea<\/h4>\n<p>Comprar Roxicodona en l\u00ednea puede ser conveniente, ya que ofrece entrega a domicilio y, a menudo, precios competitivos. Sin embargo, es fundamental comprar en proveedores confiables para garantizar la seguridad y autenticidad del medicamento. Para obtener m\u00e1s informaci\u00f3n y comprar Roxicodona, llame a la mejor farmacia: buy-prescriptionz.com.<\/p>\n<h3>Dosis de Roxicodona<\/h3>\n<p>Comprar Roxicodona en l\u00ednea Acepte este medicamento con la precisi\u00f3n recomendada por su PCP. Asimismo, siga las indicaciones de la marca de su medicamento con cautela. Su m\u00e9dico de cabecera decidir\u00e1 la mejor porci\u00f3n para usted. La dosis de Roxicodona debe ser individualizada. Las dosis normales de este medicamento para los adultos con el tormento es como por el siguiente:<\/p>\n<h3>Dosis de introducci\u00f3n:<\/h3>\n<p>La porci\u00f3n inicial est\u00e1ndar utilizando tabletas de descarga r\u00e1pida es de 5 a 30 mg cada 4 a 6 horas. Los pacientes que nunca han recibido narc\u00f3ticos deben comenzar con 5 a 15 mg cada 4 a 6 horas. Asimismo, algunos pacientes pueden requerir 30 mg o m\u00e1s como un reloj.<\/p>\n<h3>Dosis de mantenimiento:<\/h3>\n<p>Estructura de descarga r\u00e1pida: 10 mg a 30 mg, como un reloj. Al tomar estos comprimidos no los muerda, rompa, divida, pulverice o desintegre, pero ac\u00e9ptelos en su totalidad. Frenar, golpear o morder los comprimidos puede provocar la ingesti\u00f3n r\u00e1pida del medicamento y grados peligrosos de oxicodona.<\/p>\n<h3>Medidas de seguridad<\/h3>\n<p>Antes de tomar Roxicodona, d\u00edgale a su especialista en medicamentos si usted es hipersensible a ella; o a otros narc\u00f3ticos para aliviar el tormento, (por ejemplo, oximorfona); o en la posibilidad de que usted tiene algunas otras sensibilidades. Este art\u00edculo puede contener fijaciones latentes, que pueden causar respuestas hipersensibles o diferentes problemas. Adem\u00e1s, puede hablar con su especialista en medicamentos para obtener m\u00e1s detalles.<\/p>\n<h3>S\u00edntomas<\/h3>\n<p>Las reacciones m\u00e1s comunes de Roxicodona son mareos, sedaci\u00f3n, n\u00e1useas, v\u00f3mitos, dolor de cabeza, sarpullido, estre\u00f1imiento, sequedad bucal y sudoraci\u00f3n. Adem\u00e1s, otras reacciones adversas incluyen desmayos, infarto, sarpullido, picaz\u00f3n, depresi\u00f3n y pulso anormal. Este medicamento puede dificultar la respiraci\u00f3n y se utiliza con precauci\u00f3n en pacientes mayores, debilitados y con enfermedad pulmonar grave. Tambi\u00e9n puede afectar el razonamiento y las capacidades f\u00edsicas necesarias para conducir o manejar maquinaria. Roxicodona crea dependencia. Por lo tanto, puede producirse dependencia f\u00edsica y mental, pero es poco probable cuando se utiliza para el alivio temporal del dolor. Si se suspende repentinamente este medicamento despu\u00e9s de un uso prolongado, pueden aparecer s\u00edntomas de abstinencia. Por lo tanto, la dosis de oxicodona debe reducirse gradualmente para evitar los s\u00edntomas de abstinencia.<\/p>","protected":false},"excerpt":{"rendered":"<p>Buy Roxicodone Online Buy Roxicodone Online. Roxicodone is a prescription used to direct to extreme torment. It is a brand of planned discharge oxycodone that works for as long as 12 hours. Roxicodone contains the dynamic fixing oxycodone, which has a place with a gathering of meds called solid analgesics or &#8216;painkillers. Accordingly, it is [&hellip;]<\/p>","protected":false},"featured_media":3087,"comment_status":"open","ping_status":"closed","template":"","meta":{"site-sidebar-layout":"default","site-content-layout":"","ast-site-content-layout":"default","site-content-style":"default","site-sidebar-style":"default","ast-global-header-display":"","ast-banner-title-visibility":"","ast-main-header-display":"","ast-hfb-above-header-display":"","ast-hfb-below-header-display":"","ast-hfb-mobile-header-display":"","site-post-title":"","ast-breadcrumbs-content":"","ast-featured-img":"","footer-sml-layout":"","theme-transparent-header-meta":"default","adv-header-id-meta":"","stick-header-meta":"","header-above-stick-meta":"","header-main-stick-meta":"","header-below-stick-meta":"","astra-migrate-meta-layouts":"set","ast-page-background-enabled":"default","ast-page-background-meta":{"desktop":{"background-color":"var(--ast-global-color-4)","background-image":"","background-repeat":"repeat","background-position":"center center","background-size":"auto","background-attachment":"scroll","background-type":"","background-media":"","overlay-type":"","overlay-color":"","overlay-opacity":"","overlay-gradient":""},"tablet":{"background-color":"","background-image":"","background-repeat":"repeat","background-position":"center center","background-size":"auto","background-attachment":"scroll","background-type":"","background-media":"","overlay-type":"","overlay-color":"","overlay-opacity":"","overlay-gradient":""},"mobile":{"background-color":"","background-image":"","background-repeat":"repeat","background-position":"center center","background-size":"auto","background-attachment":"scroll","background-type":"","background-media":"","overlay-type":"","overlay-color":"","overlay-opacity":"","overlay-gradient":""}},"ast-content-background-meta":{"desktop":{"background-color":"var(--ast-global-color-5)","background-image":"","background-repeat":"repeat","background-position":"center center","background-size":"auto","background-attachment":"scroll","background-type":"","background-media":"","overlay-type":"","overlay-color":"","overlay-opacity":"","overlay-gradient":""},"tablet":{"background-color":"var(--ast-global-color-5)","background-image":"","background-repeat":"repeat","background-position":"center center","background-size":"auto","background-attachment":"scroll","background-type":"","background-media":"","overlay-type":"","overlay-color":"","overlay-opacity":"","overlay-gradient":""},"mobile":{"background-color":"var(--ast-global-color-5)","background-image":"","background-repeat":"repeat","background-position":"center center","background-size":"auto","background-attachment":"scroll","background-type":"","background-media":"","overlay-type":"","overlay-color":"","overlay-opacity":"","overlay-gradient":""}}},"product_brand":[],"product_cat":[2385],"product_tag":[1218,1219,1217,1212,1215,1214,1213,1216,1211,1210,1221,1220],"class_list":{"0":"post-3057","1":"product","2":"type-product","3":"status-publish","4":"has-post-thumbnail","6":"product_cat-buy-pain-killer-pills-online","7":"product_tag-buy-roxicodone-in-canada","8":"product_tag-buy-roxicodone-in-uk","9":"product_tag-buy-roxicodone-in-usa","10":"product_tag-buy-roxicodone-with-bitcoin","11":"product_tag-buy-roxicodone-with-credit-card","12":"product_tag-buy-roxicodone-with-money-gram","13":"product_tag-buy-roxicodone-with-western-union","14":"product_tag-buy-roxicodone-without-a-doctor","15":"product_tag-buy-roxicodone-without-prescription","16":"product_tag-roxicodone-for-sale","17":"product_tag-roxicodone-pills","18":"product_tag-roxicodone-tablets","19":"desktop-align-center","20":"tablet-align-left","21":"mobile-align-left","23":"first","24":"instock","25":"shipping-taxable","26":"purchasable","27":"product-type-variable","28":"has-default-attributes"},"yoast_head":"<!-- This site is optimized with the Yoast SEO plugin v25.9 - https:\/\/yoast.com\/wordpress\/plugins\/seo\/ -->\n<title>Buy Roxicodone Online - Roxicodone for Sale - Order Roxicodone<\/title>\n<meta name=\"description\" content=\"It is the best time to visit our online store and buy Roxicodone online. We have high-quality Roxicodone for sale here at most affordable price. Meet us online and place your order today.\" \/>\n<meta name=\"robots\" content=\"index, follow, max-snippet:-1, max-image-preview:large, max-video-preview:-1\" \/>\n<link rel=\"canonical\" href=\"https:\/\/buy-prescriptionz.com\/es\/producto\/comprar-roxicodona-en-linea\/\" \/>\n<meta property=\"og:locale\" content=\"es_ES\" \/>\n<meta property=\"og:type\" content=\"article\" \/>\n<meta property=\"og:title\" content=\"Buy Roxicodone Online - Roxicodone for Sale - Order Roxicodone\" \/>\n<meta property=\"og:description\" content=\"It is the best time to visit our online store and buy Roxicodone online. We have high-quality Roxicodone for sale here at most affordable price. Meet us online and place your order today.\" \/>\n<meta property=\"og:url\" content=\"https:\/\/buy-prescriptionz.com\/es\/producto\/comprar-roxicodona-en-linea\/\" \/>\n<meta property=\"og:site_name\" content=\"Buy Prescriptionz\" \/>\n<meta property=\"article:modified_time\" content=\"2025-09-30T05:34:03+00:00\" \/>\n<meta property=\"og:image\" content=\"https:\/\/buy-prescriptionz.com\/wp-content\/uploads\/2025\/09\/roxicodone.jpg\" \/>\n\t<meta property=\"og:image:width\" content=\"400\" \/>\n\t<meta property=\"og:image:height\" content=\"300\" \/>\n\t<meta property=\"og:image:type\" content=\"image\/jpeg\" \/>\n<meta name=\"twitter:card\" content=\"summary_large_image\" \/>\n<meta name=\"twitter:label1\" content=\"Tiempo de lectura\" \/>\n\t<meta name=\"twitter:data1\" content=\"4 minutos\" \/>\n<script type=\"application\/ld+json\" class=\"yoast-schema-graph\">{\"@context\":\"https:\/\/schema.org\",\"@graph\":[{\"@type\":\"WebPage\",\"@id\":\"https:\/\/buy-prescriptionz.com\/product\/buy-roxicodone-online\/\",\"url\":\"https:\/\/buy-prescriptionz.com\/product\/buy-roxicodone-online\/\",\"name\":\"Buy Roxicodone Online - Roxicodone for Sale - Order Roxicodone\",\"isPartOf\":{\"@id\":\"https:\/\/buy-prescriptionz.com\/#website\"},\"primaryImageOfPage\":{\"@id\":\"https:\/\/buy-prescriptionz.com\/product\/buy-roxicodone-online\/#primaryimage\"},\"image\":{\"@id\":\"https:\/\/buy-prescriptionz.com\/product\/buy-roxicodone-online\/#primaryimage\"},\"thumbnailUrl\":\"https:\/\/buy-prescriptionz.com\/wp-content\/uploads\/2025\/09\/roxicodone.jpg\",\"datePublished\":\"2025-09-16T08:56:10+00:00\",\"dateModified\":\"2025-09-30T05:34:03+00:00\",\"description\":\"It is the best time to visit our online store and buy Roxicodone online. We have high-quality Roxicodone for sale here at most affordable price. Meet us online and place your order today.\",\"breadcrumb\":{\"@id\":\"https:\/\/buy-prescriptionz.com\/product\/buy-roxicodone-online\/#breadcrumb\"},\"inLanguage\":\"es\",\"potentialAction\":[{\"@type\":\"ReadAction\",\"target\":[\"https:\/\/buy-prescriptionz.com\/product\/buy-roxicodone-online\/\"]}]},{\"@type\":\"ImageObject\",\"inLanguage\":\"es\",\"@id\":\"https:\/\/buy-prescriptionz.com\/product\/buy-roxicodone-online\/#primaryimage\",\"url\":\"https:\/\/buy-prescriptionz.com\/wp-content\/uploads\/2025\/09\/roxicodone.jpg\",\"contentUrl\":\"https:\/\/buy-prescriptionz.com\/wp-content\/uploads\/2025\/09\/roxicodone.jpg\",\"width\":400,\"height\":300},{\"@type\":\"BreadcrumbList\",\"@id\":\"https:\/\/buy-prescriptionz.com\/product\/buy-roxicodone-online\/#breadcrumb\",\"itemListElement\":[{\"@type\":\"ListItem\",\"position\":1,\"name\":\"Home\",\"item\":\"https:\/\/buy-prescriptionz.com\/\"},{\"@type\":\"ListItem\",\"position\":2,\"name\":\"Shop Painkillers Online\",\"item\":\"https:\/\/buy-prescriptionz.com\/shop-painkillers-online\/\"},{\"@type\":\"ListItem\",\"position\":3,\"name\":\"Buy Roxicodone Online\"}]},{\"@type\":\"WebSite\",\"@id\":\"https:\/\/buy-prescriptionz.com\/#website\",\"url\":\"https:\/\/buy-prescriptionz.com\/\",\"name\":\"Buy Prescriptionz\",\"description\":\"Drugs Online\",\"publisher\":{\"@id\":\"https:\/\/buy-prescriptionz.com\/#organization\"},\"potentialAction\":[{\"@type\":\"SearchAction\",\"target\":{\"@type\":\"EntryPoint\",\"urlTemplate\":\"https:\/\/buy-prescriptionz.com\/?s={search_term_string}\"},\"query-input\":{\"@type\":\"PropertyValueSpecification\",\"valueRequired\":true,\"valueName\":\"search_term_string\"}}],\"inLanguage\":\"es\"},{\"@type\":\"Organization\",\"@id\":\"https:\/\/buy-prescriptionz.com\/#organization\",\"name\":\"Buy Prescriptionz\",\"url\":\"https:\/\/buy-prescriptionz.com\/\",\"logo\":{\"@type\":\"ImageObject\",\"inLanguage\":\"es\",\"@id\":\"https:\/\/buy-prescriptionz.com\/#\/schema\/logo\/image\/\",\"url\":\"https:\/\/buy-prescriptionz.com\/wp-content\/uploads\/2023\/09\/logo.png\",\"contentUrl\":\"https:\/\/buy-prescriptionz.com\/wp-content\/uploads\/2023\/09\/logo.png\",\"width\":350,\"height\":64,\"caption\":\"Buy Prescriptionz\"},\"image\":{\"@id\":\"https:\/\/buy-prescriptionz.com\/#\/schema\/logo\/image\/\"}}]}<\/script>\n<!-- \/ Yoast SEO plugin. -->","yoast_head_json":{"title":"Comprar Roxicodone en l\u00ednea - Roxicodone en venta - Comprar Roxicodone","description":"Es el mejor momento para visitar nuestra tienda en l\u00ednea y comprar Roxicodone. Tenemos Roxicodone de alta calidad a la venta al precio m\u00e1s accesible. Vis\u00edtenos en l\u00ednea y haga su pedido hoy mismo.","robots":{"index":"index","follow":"follow","max-snippet":"max-snippet:-1","max-image-preview":"max-image-preview:large","max-video-preview":"max-video-preview:-1"},"canonical":"https:\/\/buy-prescriptionz.com\/es\/producto\/comprar-roxicodona-en-linea\/","og_locale":"es_ES","og_type":"article","og_title":"Buy Roxicodone Online - Roxicodone for Sale - Order Roxicodone","og_description":"It is the best time to visit our online store and buy Roxicodone online. We have high-quality Roxicodone for sale here at most affordable price. Meet us online and place your order today.","og_url":"https:\/\/buy-prescriptionz.com\/es\/producto\/comprar-roxicodona-en-linea\/","og_site_name":"Buy Prescriptionz","article_modified_time":"2025-09-30T05:34:03+00:00","og_image":[{"width":400,"height":300,"url":"https:\/\/buy-prescriptionz.com\/wp-content\/uploads\/2025\/09\/roxicodone.jpg","type":"image\/jpeg"}],"twitter_card":"summary_large_image","twitter_misc":{"Tiempo de lectura":"4 minutos"},"schema":{"@context":"https:\/\/schema.org","@graph":[{"@type":"WebPage","@id":"https:\/\/buy-prescriptionz.com\/product\/buy-roxicodone-online\/","url":"https:\/\/buy-prescriptionz.com\/product\/buy-roxicodone-online\/","name":"Comprar Roxicodone en l\u00ednea - Roxicodone en venta - Comprar Roxicodone","isPartOf":{"@id":"https:\/\/buy-prescriptionz.com\/#website"},"primaryImageOfPage":{"@id":"https:\/\/buy-prescriptionz.com\/product\/buy-roxicodone-online\/#primaryimage"},"image":{"@id":"https:\/\/buy-prescriptionz.com\/product\/buy-roxicodone-online\/#primaryimage"},"thumbnailUrl":"https:\/\/buy-prescriptionz.com\/wp-content\/uploads\/2025\/09\/roxicodone.jpg","datePublished":"2025-09-16T08:56:10+00:00","dateModified":"2025-09-30T05:34:03+00:00","description":"Es el mejor momento para visitar nuestra tienda en l\u00ednea y comprar Roxicodone. Tenemos Roxicodone de alta calidad a la venta al precio m\u00e1s accesible. Vis\u00edtenos en l\u00ednea y haga su pedido hoy mismo.","breadcrumb":{"@id":"https:\/\/buy-prescriptionz.com\/product\/buy-roxicodone-online\/#breadcrumb"},"inLanguage":"es","potentialAction":[{"@type":"ReadAction","target":["https:\/\/buy-prescriptionz.com\/product\/buy-roxicodone-online\/"]}]},{"@type":"ImageObject","inLanguage":"es","@id":"https:\/\/buy-prescriptionz.com\/product\/buy-roxicodone-online\/#primaryimage","url":"https:\/\/buy-prescriptionz.com\/wp-content\/uploads\/2025\/09\/roxicodone.jpg","contentUrl":"https:\/\/buy-prescriptionz.com\/wp-content\/uploads\/2025\/09\/roxicodone.jpg","width":400,"height":300},{"@type":"BreadcrumbList","@id":"https:\/\/buy-prescriptionz.com\/product\/buy-roxicodone-online\/#breadcrumb","itemListElement":[{"@type":"ListItem","position":1,"name":"Home","item":"https:\/\/buy-prescriptionz.com\/"},{"@type":"ListItem","position":2,"name":"Shop Painkillers Online","item":"https:\/\/buy-prescriptionz.com\/shop-painkillers-online\/"},{"@type":"ListItem","position":3,"name":"Buy Roxicodone Online"}]},{"@type":"WebSite","@id":"https:\/\/buy-prescriptionz.com\/#website","url":"https:\/\/buy-prescriptionz.com\/","name":"Buy Prescriptionz","description":"Medicamentos en l\u00ednea","publisher":{"@id":"https:\/\/buy-prescriptionz.com\/#organization"},"potentialAction":[{"@type":"SearchAction","target":{"@type":"EntryPoint","urlTemplate":"https:\/\/buy-prescriptionz.com\/?s={search_term_string}"},"query-input":{"@type":"PropertyValueSpecification","valueRequired":true,"valueName":"search_term_string"}}],"inLanguage":"es"},{"@type":"Organization","@id":"https:\/\/buy-prescriptionz.com\/#organization","name":"Buy Prescriptionz","url":"https:\/\/buy-prescriptionz.com\/","logo":{"@type":"ImageObject","inLanguage":"es","@id":"https:\/\/buy-prescriptionz.com\/#\/schema\/logo\/image\/","url":"https:\/\/buy-prescriptionz.com\/wp-content\/uploads\/2023\/09\/logo.png","contentUrl":"https:\/\/buy-prescriptionz.com\/wp-content\/uploads\/2023\/09\/logo.png","width":350,"height":64,"caption":"Buy Prescriptionz"},"image":{"@id":"https:\/\/buy-prescriptionz.com\/#\/schema\/logo\/image\/"}}]}},"_links":{"self":[{"href":"https:\/\/buy-prescriptionz.com\/es\/wp-json\/wp\/v2\/product\/3057","targetHints":{"allow":["GET"]}}],"collection":[{"href":"https:\/\/buy-prescriptionz.com\/es\/wp-json\/wp\/v2\/product"}],"about":[{"href":"https:\/\/buy-prescriptionz.com\/es\/wp-json\/wp\/v2\/types\/product"}],"replies":[{"embeddable":true,"href":"https:\/\/buy-prescriptionz.com\/es\/wp-json\/wp\/v2\/comments?post=3057"}],"wp:featuredmedia":[{"embeddable":true,"href":"https:\/\/buy-prescriptionz.com\/es\/wp-json\/wp\/v2\/media\/3087"}],"wp:attachment":[{"href":"https:\/\/buy-prescriptionz.com\/es\/wp-json\/wp\/v2\/media?parent=3057"}],"wp:term":[{"taxonomy":"product_brand","embeddable":true,"href":"https:\/\/buy-prescriptionz.com\/es\/wp-json\/wp\/v2\/product_brand?post=3057"},{"taxonomy":"product_cat","embeddable":true,"href":"https:\/\/buy-prescriptionz.com\/es\/wp-json\/wp\/v2\/product_cat?post=3057"},{"taxonomy":"product_tag","embeddable":true,"href":"https:\/\/buy-prescriptionz.com\/es\/wp-json\/wp\/v2\/product_tag?post=3057"}],"curies":[{"name":"wp","href":"https:\/\/api.w.org\/{rel}","templated":true}]}}