{"id":3058,"date":"2025-09-16T08:56:10","date_gmt":"2025-09-16T08:56:10","guid":{"rendered":"https:\/\/chemsfine.com\/newsite\/?post_type=product&#038;p=3058"},"modified":"2025-09-25T12:45:43","modified_gmt":"2025-09-25T12:45:43","slug":"comprar-ritalina-en-linea","status":"publish","type":"product","link":"https:\/\/buy-prescriptionz.com\/es\/producto\/comprar-ritalina-en-linea\/","title":{"rendered":"Comprar Ritalin en l\u00ednea"},"content":{"rendered":"<h2>Comprar Ritalin en l\u00ednea<\/h2>\n<h3>Comprar Ritalin online sin receta<\/h3>\n<p>Comprar<a href=\"https:\/\/buy-prescriptionz.com\/es\/\"> Ritalin<\/a> En l\u00ednea sin receta. Para empezar, Ritalin (metilfenidato) es un estimulante del sistema sensorial focal. Adem\u00e1s, influye en los sint\u00e9ticos en la mente y los nervios que se suman a la hiperactividad y el control de la unidad. Adem\u00e1s, crea impactos tales como la expansi\u00f3n o el cuidado de la agudeza, la lucha contra el agotamiento, y la mejora de la atenci\u00f3n. Del mismo modo, Meta-ex\u00e1menes y auditor\u00edas met\u00f3dicas de los estudios de imagen de reverberaci\u00f3n atractiva proponen que el tratamiento a largo plazo con estimulantes del TDAH (expl\u00edcitamente, la anfetamina y el metilfenidato) disminuye las variaciones de la norma en la estructura de la mente y la capacidad que se encuentran en los individuos con TDAH. Adem\u00e1s, las auditor\u00edas de la investigaci\u00f3n cl\u00ednica de estimulantes han establecido la seguridad y la adecuaci\u00f3n de la utilizaci\u00f3n a largo plazo de los estimulantes del TDAH para las personas con TDAH. No obstante, la grandeza exacta de las mejoras en las indicaciones de TDAH y la satisfacci\u00f3n personal que son entregados por el tratamiento de metilfenidato sigue siendo incierto. Al final, Comprar Ritalin en l\u00ednea sin soluci\u00f3n de Butterfly Medication Shop.<\/p>\n<h3>Empleos<\/h3>\n<p>Ritalin se utiliza para tratar la falta de capacidad de concentraci\u00f3n constante (ADD), la falta de consideraci\u00f3n de la hiperactividad (ADHD), y la narcolepsia.<\/p>\n<h3>D\u00f3nde conseguir Ritalin en l\u00ednea<\/h3>\n<p>D\u00f3nde obtener Ritalin en l\u00ednea; Puede obtener Ritalin en l\u00ednea en Buyprescriptionz. Solicite Ritalin Online de Buyprescriptionz simplemente entrando en nuestra tienda online en nuestro sitio e incluyendo Ritalin en su cesta de la compra. En cualquier caso, cuando lo incluya en su cami\u00f3n de entrega, y despu\u00e9s de eso, puede seguir mirando y adem\u00e1s asegurarse de rellenar sus datos de transporte sin errores. Adem\u00e1s, tambi\u00e9n tenemos t\u00e9cnicas de instalaci\u00f3n sencillas para que sea m\u00e1s simple para nuestros pacientes. Adem\u00e1s, comprar Ritalin en l\u00ednea de nuestra tienda en l\u00ednea y utilizar las t\u00e9cnicas de instalaci\u00f3n m\u00e1s f\u00e1cil y adem\u00e1s el transporte r\u00e1pido y discreto. El tema de D\u00f3nde conseguir Ritalin acaba de ser abordado.<\/p>\n<h3>Comprar Ritalin en l\u00ednea: beneficios y efectos secundarios<\/h3>\n<ol>\n<li>Enfoque mejorado: Ritalin ayuda a aumentar la concentraci\u00f3n y el enfoque, lo que es particularmente beneficioso para aquellos con TDAH.<\/li>\n<li>Funci\u00f3n cognitiva mejorada: puede mejorar las funciones cognitivas como la memoria y la capacidad de aprendizaje.<\/li>\n<li>Estabilizaci\u00f3n del estado de \u00e1nimo: Ritalin puede ayudar a estabilizar los cambios de humor, haciendo que las tareas diarias sean m\u00e1s manejables.<\/li>\n<li>Mayor productividad: al reducir los s\u00edntomas del TDAH, Ritalin ayuda a los usuarios a ser m\u00e1s productivos en su trabajo o estudios.<\/li>\n<li>Conveniencia: Comprar Ritalin en l\u00ednea puede ser conveniente, ahorrando tiempo y ofreciendo entrega a domicilio.<\/li>\n<\/ol>\n<p>Comprar Ritalin en l\u00ednea ofrece comodidad y privacidad. Permite acceder a sus medicamentos sin necesidad de acudir a la farmacia. Las farmacias en l\u00ednea suelen ofrecer informaci\u00f3n detallada sobre el medicamento, lo que ayuda a los usuarios a tomar decisiones informadas. Sin embargo, es fundamental asegurarse de que la fuente en l\u00ednea sea confiable y requiera receta m\u00e9dica, ya que esto ayuda a garantizar la autenticidad y seguridad del medicamento.<\/p>\n<h4>Efectos secundarios del Ritalin<\/h4>\n<ol>\n<li>Insomnio: La dificultad para conciliar el sue\u00f1o o permanecer dormido es un efecto secundario com\u00fan.<\/li>\n<li>P\u00e9rdida del apetito: Ritalin puede disminuir el apetito, provocando p\u00e9rdida de peso.<\/li>\n<\/ol>\n<p>El Ritalin ofrece beneficios significativos para las personas con TDAH, ya que mejora la concentraci\u00f3n y la productividad. Sin embargo, puede causar efectos secundarios como insomnio y p\u00e9rdida de apetito. C\u00f3mprelo siempre en tiendas confiables. Para m\u00e1s informaci\u00f3n, visite buy-prescriptionz.com.<\/p>\n<h3>Comprar Ritalin (EFECTOS SECUNDARIOS)<\/h3>\n<p>Comprar Ritalin de Buyprescriptionz para el tratamiento del Trastorno de D\u00e9ficit de Atenci\u00f3n e Hiperactividad de su SNC: hiperactividad, un trastorno del sue\u00f1o, el af\u00e1n, el temblor, las influencias sociales inquietantes, la discombobulaci\u00f3n, las fantas\u00edas, el dolor cerebral, crabbiness, la locura, la cuesti\u00f3n del pensamiento.<\/p>\n<h3>Medici\u00f3n y administraci\u00f3n<\/h3>\n<p>Comprar Ritalin en l\u00ednea de nuestra tienda m\u00e9dica en l\u00ednea y seguir nuestra medida y la organizaci\u00f3n dada aqu\u00ed . Organizaci\u00f3n de la dosis Ritalin LA\u00ae (clorhidrato de metilfenidato) ampliado casos de descarga es para la organizaci\u00f3n oral una vez al d\u00eda en la primera parte del d\u00eda.<\/p>\n<p>Ritalin LA as\u00ed como su sustancia no deben ser aplastados, mordidos o separados. Adem\u00e1s, los envases podr\u00edan ser cautelosamente abierto y los gl\u00f3bulos espolvorear sobre una cucharada de pur\u00e9 de frutas.<\/p>\n<p>Adem\u00e1s, el pur\u00e9 de frutas no deber\u00eda estar caliente porque podr\u00eda influir en las propiedades de descarga ajustadas de este plan. La mezcla de la medicaci\u00f3n y el pur\u00e9 de fruta deber\u00eda gastarse r\u00e1pidamente por completo. La mezcla de medicaci\u00f3n y pur\u00e9 de frutas no debe ser almacenada para alg\u00fan tiempo despu\u00e9s. Los pacientes deben ser alentados a mantener una distancia estrat\u00e9gica de<\/p>\n<h3>CONTRAINDICACIONES<\/h3>\n<p>Inquietante: Ritalin LA (clorhidrato de metilfenidato) expandir los envases de descarga est\u00e1 contraindicado en el malestar estampado, la presi\u00f3n y la perturbaci\u00f3n, ya que el medicamento puede exasperar estas indicaciones.<\/p>\n<p>Glaucoma: Est\u00e1 contraindicado en pacientes con glaucoma.<\/p>\n<p>Tics : Est\u00e1 contraindicado en pacientes con tics motores o con ascendencia familiar o conclusi\u00f3n de trastorno de Tourette.<\/p>","protected":false},"excerpt":{"rendered":"<p>Buy Ritalin Online Purchase Ritalin Online Without Prescription Purchase Ritalin Online Without Prescription. To start, Ritalin (methylphenidate) is a focal sensory system stimulant. Also, It influences synthetics in mind and nerves that add to hyperactivity and drive control. Further, It creates such impacts as expanding or looking after sharpness, battling exhaustion, and improving attention.\u200c Likewise, [&hellip;]<\/p>","protected":false},"featured_media":3088,"comment_status":"open","ping_status":"closed","template":"","meta":{"site-sidebar-layout":"default","site-content-layout":"","ast-site-content-layout":"default","site-content-style":"default","site-sidebar-style":"default","ast-global-header-display":"","ast-banner-title-visibility":"","ast-main-header-display":"","ast-hfb-above-header-display":"","ast-hfb-below-header-display":"","ast-hfb-mobile-header-display":"","site-post-title":"","ast-breadcrumbs-content":"","ast-featured-img":"","footer-sml-layout":"","theme-transparent-header-meta":"default","adv-header-id-meta":"","stick-header-meta":"","header-above-stick-meta":"","header-main-stick-meta":"","header-below-stick-meta":"","astra-migrate-meta-layouts":"set","ast-page-background-enabled":"default","ast-page-background-meta":{"desktop":{"background-color":"var(--ast-global-color-4)","background-image":"","background-repeat":"repeat","background-position":"center center","background-size":"auto","background-attachment":"scroll","background-type":"","background-media":"","overlay-type":"","overlay-color":"","overlay-opacity":"","overlay-gradient":""},"tablet":{"background-color":"","background-image":"","background-repeat":"repeat","background-position":"center center","background-size":"auto","background-attachment":"scroll","background-type":"","background-media":"","overlay-type":"","overlay-color":"","overlay-opacity":"","overlay-gradient":""},"mobile":{"background-color":"","background-image":"","background-repeat":"repeat","background-position":"center center","background-size":"auto","background-attachment":"scroll","background-type":"","background-media":"","overlay-type":"","overlay-color":"","overlay-opacity":"","overlay-gradient":""}},"ast-content-background-meta":{"desktop":{"background-color":"var(--ast-global-color-5)","background-image":"","background-repeat":"repeat","background-position":"center center","background-size":"auto","background-attachment":"scroll","background-type":"","background-media":"","overlay-type":"","overlay-color":"","overlay-opacity":"","overlay-gradient":""},"tablet":{"background-color":"var(--ast-global-color-5)","background-image":"","background-repeat":"repeat","background-position":"center center","background-size":"auto","background-attachment":"scroll","background-type":"","background-media":"","overlay-type":"","overlay-color":"","overlay-opacity":"","overlay-gradient":""},"mobile":{"background-color":"var(--ast-global-color-5)","background-image":"","background-repeat":"repeat","background-position":"center center","background-size":"auto","background-attachment":"scroll","background-type":"","background-media":"","overlay-type":"","overlay-color":"","overlay-opacity":"","overlay-gradient":""}}},"product_brand":[],"product_cat":[2385],"product_tag":[1242,1243,1241,1236,1239,1238,1237,1240,1235,1234,1245,1244],"class_list":{"0":"post-3058","1":"product","2":"type-product","3":"status-publish","4":"has-post-thumbnail","6":"product_cat-buy-pain-killer-pills-online","7":"product_tag-buy-ritalin-in-canada","8":"product_tag-buy-ritalin-in-uk","9":"product_tag-buy-ritalin-in-usa","10":"product_tag-buy-ritalin-with-bitcoin","11":"product_tag-buy-ritalin-with-credit-card","12":"product_tag-buy-ritalin-with-money-gram","13":"product_tag-buy-ritalin-with-western-union","14":"product_tag-buy-ritalin-without-a-doctor","15":"product_tag-buy-ritalin-without-prescription","16":"product_tag-ritalin-for-sale","17":"product_tag-ritalin-pills","18":"product_tag-ritalin-tablets","19":"desktop-align-center","20":"tablet-align-left","21":"mobile-align-left","23":"first","24":"instock","25":"shipping-taxable","26":"purchasable","27":"product-type-variable","28":"has-default-attributes"},"yoast_head":"<!-- This site is optimized with the Yoast SEO plugin v25.9 - https:\/\/yoast.com\/wordpress\/plugins\/seo\/ -->\n<title>Buy Ritalin Online for Sale @ Best Price - Buy Ritalin 10mg Online<\/title>\n<meta name=\"description\" content=\"Buy Ritalin Online, buy Ritalin (Methylphenidate) 10mg online without any prescription, If this is the question where to buy Ritalin online\" \/>\n<meta name=\"robots\" content=\"index, follow, max-snippet:-1, max-image-preview:large, max-video-preview:-1\" \/>\n<link rel=\"canonical\" href=\"https:\/\/buy-prescriptionz.com\/es\/producto\/comprar-ritalina-en-linea\/\" \/>\n<meta property=\"og:locale\" content=\"es_ES\" \/>\n<meta property=\"og:type\" content=\"article\" \/>\n<meta property=\"og:title\" content=\"Buy Ritalin Online for Sale @ Best Price - Buy Ritalin 10mg Online\" \/>\n<meta property=\"og:description\" content=\"Buy Ritalin Online, buy Ritalin (Methylphenidate) 10mg online without any prescription, If this is the question where to buy Ritalin online\" \/>\n<meta property=\"og:url\" content=\"https:\/\/buy-prescriptionz.com\/es\/producto\/comprar-ritalina-en-linea\/\" \/>\n<meta property=\"og:site_name\" content=\"Buy Prescriptionz\" \/>\n<meta property=\"article:modified_time\" content=\"2025-09-25T12:45:43+00:00\" \/>\n<meta property=\"og:image\" content=\"https:\/\/buy-prescriptionz.com\/wp-content\/uploads\/2025\/09\/ritalin.jpg\" \/>\n\t<meta property=\"og:image:width\" content=\"400\" \/>\n\t<meta property=\"og:image:height\" content=\"300\" \/>\n\t<meta property=\"og:image:type\" content=\"image\/jpeg\" \/>\n<meta name=\"twitter:card\" content=\"summary_large_image\" \/>\n<meta name=\"twitter:label1\" content=\"Tiempo de lectura\" \/>\n\t<meta name=\"twitter:data1\" content=\"4 minutos\" \/>\n<script type=\"application\/ld+json\" class=\"yoast-schema-graph\">{\"@context\":\"https:\/\/schema.org\",\"@graph\":[{\"@type\":\"WebPage\",\"@id\":\"https:\/\/buy-prescriptionz.com\/product\/buy-ritalin-online\/\",\"url\":\"https:\/\/buy-prescriptionz.com\/product\/buy-ritalin-online\/\",\"name\":\"Buy Ritalin Online for Sale @ Best Price - Buy Ritalin 10mg Online\",\"isPartOf\":{\"@id\":\"https:\/\/buy-prescriptionz.com\/#website\"},\"primaryImageOfPage\":{\"@id\":\"https:\/\/buy-prescriptionz.com\/product\/buy-ritalin-online\/#primaryimage\"},\"image\":{\"@id\":\"https:\/\/buy-prescriptionz.com\/product\/buy-ritalin-online\/#primaryimage\"},\"thumbnailUrl\":\"https:\/\/buy-prescriptionz.com\/wp-content\/uploads\/2025\/09\/ritalin.jpg\",\"datePublished\":\"2025-09-16T08:56:10+00:00\",\"dateModified\":\"2025-09-25T12:45:43+00:00\",\"description\":\"Buy Ritalin Online, buy Ritalin (Methylphenidate) 10mg online without any prescription, If this is the question where to buy Ritalin online\",\"breadcrumb\":{\"@id\":\"https:\/\/buy-prescriptionz.com\/product\/buy-ritalin-online\/#breadcrumb\"},\"inLanguage\":\"es\",\"potentialAction\":[{\"@type\":\"ReadAction\",\"target\":[\"https:\/\/buy-prescriptionz.com\/product\/buy-ritalin-online\/\"]}]},{\"@type\":\"ImageObject\",\"inLanguage\":\"es\",\"@id\":\"https:\/\/buy-prescriptionz.com\/product\/buy-ritalin-online\/#primaryimage\",\"url\":\"https:\/\/buy-prescriptionz.com\/wp-content\/uploads\/2025\/09\/ritalin.jpg\",\"contentUrl\":\"https:\/\/buy-prescriptionz.com\/wp-content\/uploads\/2025\/09\/ritalin.jpg\",\"width\":400,\"height\":300},{\"@type\":\"BreadcrumbList\",\"@id\":\"https:\/\/buy-prescriptionz.com\/product\/buy-ritalin-online\/#breadcrumb\",\"itemListElement\":[{\"@type\":\"ListItem\",\"position\":1,\"name\":\"Home\",\"item\":\"https:\/\/buy-prescriptionz.com\/\"},{\"@type\":\"ListItem\",\"position\":2,\"name\":\"Shop Painkillers Online\",\"item\":\"https:\/\/buy-prescriptionz.com\/shop-painkillers-online\/\"},{\"@type\":\"ListItem\",\"position\":3,\"name\":\"Buy Ritalin Online\"}]},{\"@type\":\"WebSite\",\"@id\":\"https:\/\/buy-prescriptionz.com\/#website\",\"url\":\"https:\/\/buy-prescriptionz.com\/\",\"name\":\"Buy Prescriptionz\",\"description\":\"Drugs Online\",\"publisher\":{\"@id\":\"https:\/\/buy-prescriptionz.com\/#organization\"},\"potentialAction\":[{\"@type\":\"SearchAction\",\"target\":{\"@type\":\"EntryPoint\",\"urlTemplate\":\"https:\/\/buy-prescriptionz.com\/?s={search_term_string}\"},\"query-input\":{\"@type\":\"PropertyValueSpecification\",\"valueRequired\":true,\"valueName\":\"search_term_string\"}}],\"inLanguage\":\"es\"},{\"@type\":\"Organization\",\"@id\":\"https:\/\/buy-prescriptionz.com\/#organization\",\"name\":\"Buy Prescriptionz\",\"url\":\"https:\/\/buy-prescriptionz.com\/\",\"logo\":{\"@type\":\"ImageObject\",\"inLanguage\":\"es\",\"@id\":\"https:\/\/buy-prescriptionz.com\/#\/schema\/logo\/image\/\",\"url\":\"https:\/\/buy-prescriptionz.com\/wp-content\/uploads\/2023\/09\/logo.png\",\"contentUrl\":\"https:\/\/buy-prescriptionz.com\/wp-content\/uploads\/2023\/09\/logo.png\",\"width\":350,\"height\":64,\"caption\":\"Buy Prescriptionz\"},\"image\":{\"@id\":\"https:\/\/buy-prescriptionz.com\/#\/schema\/logo\/image\/\"}}]}<\/script>\n<!-- \/ Yoast SEO plugin. -->","yoast_head_json":{"title":"Comprar Ritalin en l\u00ednea al mejor precio - Comprar Ritalin 10mg en l\u00ednea","description":"Comprar Ritalin en l\u00ednea, comprar Ritalin (Metilfenidato) 10mg en l\u00ednea sin receta, Si esta es la pregunta donde comprar Ritalin en l\u00ednea","robots":{"index":"index","follow":"follow","max-snippet":"max-snippet:-1","max-image-preview":"max-image-preview:large","max-video-preview":"max-video-preview:-1"},"canonical":"https:\/\/buy-prescriptionz.com\/es\/producto\/comprar-ritalina-en-linea\/","og_locale":"es_ES","og_type":"article","og_title":"Buy Ritalin Online for Sale @ Best Price - Buy Ritalin 10mg Online","og_description":"Buy Ritalin Online, buy Ritalin (Methylphenidate) 10mg online without any prescription, If this is the question where to buy Ritalin online","og_url":"https:\/\/buy-prescriptionz.com\/es\/producto\/comprar-ritalina-en-linea\/","og_site_name":"Buy Prescriptionz","article_modified_time":"2025-09-25T12:45:43+00:00","og_image":[{"width":400,"height":300,"url":"https:\/\/buy-prescriptionz.com\/wp-content\/uploads\/2025\/09\/ritalin.jpg","type":"image\/jpeg"}],"twitter_card":"summary_large_image","twitter_misc":{"Tiempo de lectura":"4 minutos"},"schema":{"@context":"https:\/\/schema.org","@graph":[{"@type":"WebPage","@id":"https:\/\/buy-prescriptionz.com\/product\/buy-ritalin-online\/","url":"https:\/\/buy-prescriptionz.com\/product\/buy-ritalin-online\/","name":"Comprar Ritalin en l\u00ednea al mejor precio - Comprar Ritalin 10mg en l\u00ednea","isPartOf":{"@id":"https:\/\/buy-prescriptionz.com\/#website"},"primaryImageOfPage":{"@id":"https:\/\/buy-prescriptionz.com\/product\/buy-ritalin-online\/#primaryimage"},"image":{"@id":"https:\/\/buy-prescriptionz.com\/product\/buy-ritalin-online\/#primaryimage"},"thumbnailUrl":"https:\/\/buy-prescriptionz.com\/wp-content\/uploads\/2025\/09\/ritalin.jpg","datePublished":"2025-09-16T08:56:10+00:00","dateModified":"2025-09-25T12:45:43+00:00","description":"Comprar Ritalin en l\u00ednea, comprar Ritalin (Metilfenidato) 10mg en l\u00ednea sin receta, Si esta es la pregunta donde comprar Ritalin en l\u00ednea","breadcrumb":{"@id":"https:\/\/buy-prescriptionz.com\/product\/buy-ritalin-online\/#breadcrumb"},"inLanguage":"es","potentialAction":[{"@type":"ReadAction","target":["https:\/\/buy-prescriptionz.com\/product\/buy-ritalin-online\/"]}]},{"@type":"ImageObject","inLanguage":"es","@id":"https:\/\/buy-prescriptionz.com\/product\/buy-ritalin-online\/#primaryimage","url":"https:\/\/buy-prescriptionz.com\/wp-content\/uploads\/2025\/09\/ritalin.jpg","contentUrl":"https:\/\/buy-prescriptionz.com\/wp-content\/uploads\/2025\/09\/ritalin.jpg","width":400,"height":300},{"@type":"BreadcrumbList","@id":"https:\/\/buy-prescriptionz.com\/product\/buy-ritalin-online\/#breadcrumb","itemListElement":[{"@type":"ListItem","position":1,"name":"Home","item":"https:\/\/buy-prescriptionz.com\/"},{"@type":"ListItem","position":2,"name":"Shop Painkillers Online","item":"https:\/\/buy-prescriptionz.com\/shop-painkillers-online\/"},{"@type":"ListItem","position":3,"name":"Buy Ritalin Online"}]},{"@type":"WebSite","@id":"https:\/\/buy-prescriptionz.com\/#website","url":"https:\/\/buy-prescriptionz.com\/","name":"Buy Prescriptionz","description":"Medicamentos en l\u00ednea","publisher":{"@id":"https:\/\/buy-prescriptionz.com\/#organization"},"potentialAction":[{"@type":"SearchAction","target":{"@type":"EntryPoint","urlTemplate":"https:\/\/buy-prescriptionz.com\/?s={search_term_string}"},"query-input":{"@type":"PropertyValueSpecification","valueRequired":true,"valueName":"search_term_string"}}],"inLanguage":"es"},{"@type":"Organization","@id":"https:\/\/buy-prescriptionz.com\/#organization","name":"Buy Prescriptionz","url":"https:\/\/buy-prescriptionz.com\/","logo":{"@type":"ImageObject","inLanguage":"es","@id":"https:\/\/buy-prescriptionz.com\/#\/schema\/logo\/image\/","url":"https:\/\/buy-prescriptionz.com\/wp-content\/uploads\/2023\/09\/logo.png","contentUrl":"https:\/\/buy-prescriptionz.com\/wp-content\/uploads\/2023\/09\/logo.png","width":350,"height":64,"caption":"Buy Prescriptionz"},"image":{"@id":"https:\/\/buy-prescriptionz.com\/#\/schema\/logo\/image\/"}}]}},"_links":{"self":[{"href":"https:\/\/buy-prescriptionz.com\/es\/wp-json\/wp\/v2\/product\/3058","targetHints":{"allow":["GET"]}}],"collection":[{"href":"https:\/\/buy-prescriptionz.com\/es\/wp-json\/wp\/v2\/product"}],"about":[{"href":"https:\/\/buy-prescriptionz.com\/es\/wp-json\/wp\/v2\/types\/product"}],"replies":[{"embeddable":true,"href":"https:\/\/buy-prescriptionz.com\/es\/wp-json\/wp\/v2\/comments?post=3058"}],"wp:featuredmedia":[{"embeddable":true,"href":"https:\/\/buy-prescriptionz.com\/es\/wp-json\/wp\/v2\/media\/3088"}],"wp:attachment":[{"href":"https:\/\/buy-prescriptionz.com\/es\/wp-json\/wp\/v2\/media?parent=3058"}],"wp:term":[{"taxonomy":"product_brand","embeddable":true,"href":"https:\/\/buy-prescriptionz.com\/es\/wp-json\/wp\/v2\/product_brand?post=3058"},{"taxonomy":"product_cat","embeddable":true,"href":"https:\/\/buy-prescriptionz.com\/es\/wp-json\/wp\/v2\/product_cat?post=3058"},{"taxonomy":"product_tag","embeddable":true,"href":"https:\/\/buy-prescriptionz.com\/es\/wp-json\/wp\/v2\/product_tag?post=3058"}],"curies":[{"name":"wp","href":"https:\/\/api.w.org\/{rel}","templated":true}]}}