{"id":3059,"date":"2025-09-16T08:56:10","date_gmt":"2025-09-16T08:56:10","guid":{"rendered":"https:\/\/chemsfine.com\/newsite\/?post_type=product&#038;p=3059"},"modified":"2025-09-26T14:10:43","modified_gmt":"2025-09-26T14:10:43","slug":"cianuro-de-potasio-1g","status":"publish","type":"product","link":"https:\/\/buy-prescriptionz.com\/es\/producto\/cianuro-de-potasio-1g\/","title":{"rendered":"Potassium Cyanide (1g)"},"content":{"rendered":"<h2>Comprar cianuro de potasio (1 g) en l\u00ednea<\/h2>\n<h3><span lang=\"EN-IN\" style=\"font-size: 11.0pt; line-height: 107%;\">\u00bfQu\u00e9 es el cianuro de potasio?<\/span><\/h3>\n<p><span lang=\"EN-IN\" style=\"font-size: 11.0pt;\">cianuro de potasio<\/span><span lang=\"EN-IN\" style=\"font-size: 11.0pt;\"> Es una sal cristalina blanca de sabor amargo, a veces comparable al de las almendras. Es muy soluble en agua y libera gas cianh\u00eddrico al entrar en contacto con \u00e1cidos o humedad. <\/span><span lang=\"EN-IN\" style=\"font-size: 11.0pt;\">El cianuro de potasio (KCN) es un compuesto altamente t\u00f3xico. Incluso una peque\u00f1a cantidad, como un gramo, puede ser letal. Aqu\u00ed hay informaci\u00f3n importante sobre el cianuro de potasio:<\/span><\/p>\n<h3>Usos del cianuro de potasio<\/h3>\n<ul>\n<li>Miner\u00eda de oro: El cianuro de potasio se utiliza para extraer oro y plata de los minerales en la industria minera.<\/li>\n<li>Galvanoplastia: Se utiliza en procesos de galvanoplastia para recubrir metales con oro o plata.<\/li>\n<li>S\u00edntesis Org\u00e1nica: Se utiliza en laboratorios para diversas reacciones qu\u00edmicas y procesos de s\u00edntesis.<\/li>\n<\/ul>\n<h3>Toxicidad y seguridad<\/h3>\n<ul>\n<li>Dosis letal: La dosis letal estimada para humanos es de entre 200 y 300 miligramos. Un solo gramo es m\u00e1s que suficiente para ser mortal.<\/li>\n<li>Mecanismo de acci\u00f3n: Inhibe la capacidad del cuerpo para utilizar el ox\u00edgeno, lo que conduce a la muerte celular y, en \u00faltima instancia, a la insuficiencia org\u00e1nica.<\/li>\n<li>S\u00edntomas de intoxicaci\u00f3n: Incluyen dolor de cabeza, mareos, dificultad para respirar, n\u00e1useas y p\u00e9rdida del conocimiento. La exposici\u00f3n inmediata puede causar la muerte r\u00e1pidamente si no se trata con prontitud.<\/li>\n<\/ul>\n<p>Comprar cianuro de potasio en l\u00ednea, especialmente en sitios como buy-prescriptionz.com, es extremadamente peligroso e ilegal en la mayor\u00eda de las jurisdicciones debido a su alta toxicidad y al potencial de uso indebido. El cianuro de potasio es una sustancia controlada y est\u00e1 prohibido adquirirlo sin la debida autorizaci\u00f3n. Participar en estas actividades puede acarrear graves consecuencias legales y suponer importantes riesgos para la salud. Para cualquier necesidad leg\u00edtima, consulte con profesionales y abogados para garantizar la seguridad y el cumplimiento de la normativa. Priorice la seguridad y la legalidad sobre la conveniencia o el acceso no autorizado a sustancias peligrosas.<\/p>\n<h3>Cianuro de Potasio (1g) Descripci\u00f3n en l\u00ednea<\/h3>\n<p>INFORMACI\u00d3N SOBRE EL CIANURO DE POTASIO (1G)<br \/>\nEl cianuro de potasio (1 g) es una sustancia t\u00f3xica y peligrosa. Puede haber otros usos de este f\u00e1rmaco que no figuran en esta lista.<\/p>\n<p>\u00bfC\u00d3MO UTILIZAR 1 G DE CIANURO DE POTASIO?<\/p>\n<p>Si su m\u00e9dico se lo recomienda, debe tomar cianuro pot\u00e1sico (1 g). Si est\u00e1 tomando este medicamento, debe consultarlo siempre con su m\u00e9dico. Lea tambi\u00e9n nuestras recomendaciones de medicaci\u00f3n para personas infectadas.<\/p>\n<p>Puede ponerse en contacto con nuestra farmacia en l\u00ednea para comprar Cianuro de Potasio (1g). Este medicamento est\u00e1 disponible aqu\u00ed a un gran precio. \u00a1Haga su compra ahora mismo!<\/p>\n<p>Si est\u00e1 familiarizado con los pl\u00e1sticos, probablemente piense en el cianuro de potasio. Si alguna vez ha visto o le\u00eddo algo sobre la Segunda Guerra Mundial, probablemente sepa que los oficiales de guerra utilizaban cianuro pot\u00e1sico para matarse a s\u00ed mismos o a otros. Los soldados del partido nazi y la Mano Negra son los m\u00e1s famosos. He enumerado algunas de las figuras notables con las que me he topado.<\/p>\n<h3>\u00bfQu\u00e9 es el cianuro de potasio All day chemist?<\/h3>\n<p>Buyprescriptionz.com es un sitio web que vende medicamentos con receta. Es un art\u00edculo extremadamente mortal que funciona liberando gas de cianuro de hidr\u00f3geno, que tambi\u00e9n es extremadamente t\u00f3xico y limita la capacidad de su cuerpo para utilizar el ox\u00edgeno. Es peligroso exponerse al cianuro de potasio. Sus efectos se dejan sentir en todo el cuerpo, especialmente en los \u00f3rganos sensibles a los bajos niveles de ox\u00edgeno, como el sistema cardiovascular (venas y coraz\u00f3n), el sistema sensorial focalizado, que incluye el intelecto, y el sistema respiratorio (pulmones).La fumigaci\u00f3n, la extracci\u00f3n de plata y oro de los metales y la galvanoplastia son algunos de los usos comerciales del cianuro de potasio. El olor a almendra del gas cianh\u00eddrico es \u00fanico. Sin embargo, como no puede ser detectado por muchas personas, no proporciona una advertencia adecuada, por lo que es cada vez m\u00e1s perjudicial.<\/p>\n<h3>Empleos<\/h3>\n<p>Si alguna vez has o\u00eddo hablar del cianuro de potasio, una de las primeras cosas que te vienen a la mente es el suicidio. La raz\u00f3n es que se ha convertido en una de las estrategias m\u00e1s aceptadas para acabar con tu vida de forma gradual y cruel. Consumir una gran cantidad de KCN tiene un efecto letal que te matar\u00e1.<\/p>\n<p>En la industria minera, el potasio ayuda a la extracci\u00f3n de oro y otros metales importantes. En cualquier caso, el compuesto natural y la planificaci\u00f3n de una variedad de importantes pl\u00e1sticos, sint\u00e9ticos y medicamentos es la principal aplicaci\u00f3n. Algunas de las aplicaciones son la fumigaci\u00f3n, la fotograf\u00eda, la galvanoplastia y la fumigaci\u00f3n de insectos.<\/p>\n<h3>\u00bfC\u00f3mo funciona el cianuro de potasio?<\/h3>\n<p>Act\u00faa afectando el sistema respiratorio, causando, por ejemplo, problemas respiratorios. Cuando el KCN entra en el cuerpo, forma un enlace insoluble con la citocromo c oxidasa, un aceptor de electrones que interfiere con la cadena de transporte de electrones de la c\u00e9lula. Como resultado, las c\u00e9lulas no pueden utilizar el ox\u00edgeno de la sangre, lo que significa que no pueden producir la vitalidad que el cuerpo necesita. La somnolencia es uno de los efectos secundarios de dosis peque\u00f1as o directas de cianuro de potasio. Malestar y dolor cerebral, y dificultad para relajarse. Cuando una persona lesionada se expone a grandes cantidades de comida, es probable que pierda el conocimiento casi de inmediato. Tras un estado de trance, la persona puede sufrir convulsiones antes de morir. Tomar abundante glucosa es una forma de contrarrestar los efectos del cianuro de potasio. La glucosa se une r\u00e1pidamente al cianuro para que pueda interactuar con las c\u00e9lulas. En cualquier caso, no garantiza que la glucosa mitigue los efectos del cianuro. Sin embargo, s\u00ed tiene el potencial de reducirlos.<\/p>\n<h3>\u00bfCu\u00e1les son los efectos secundarios del da\u00f1o\/sobredosis de KCN?<\/h3>\n<p>Si tiene las mejillas enrojecidas o rosadas, los ojos hinchados o rojos y, en casos graves, una ligera coloraci\u00f3n azulada de la piel, es muy probable que sufra da\u00f1os causados \u200b\u200bpor KCN. La formulaci\u00f3n en tabletas de cianuro de potasio est\u00e1 muy bien dise\u00f1ada y una sobredosis puede ser mortal. La extracci\u00f3n, la galvanoplastia, la fumigaci\u00f3n y la preparaci\u00f3n fotogr\u00e1fica son los usos m\u00e1s conocidos del cianuro de potasio.<\/p>\n<h3>\u00bfCu\u00e1les son los s\u00edntomas del cianuro de potasio?<\/h3>\n<p>Como se mencion\u00f3 anteriormente, el cianuro de potasio, al igual que el cianuro de sodio, es mortal y da\u00f1ino. Si se consume KCN, se trata de un veneno de acci\u00f3n r\u00e1pida que puede usarse en peque\u00f1as dosis. La exposici\u00f3n a altas cantidades de KCN tambi\u00e9n es peligrosa, ya que libera el peligroso gas HCN, mortal al inhalarse. Si se expone la piel al KCN, se experimentar\u00e1 una sensaci\u00f3n de ardor, da\u00f1o tisular, ansiedad y malestar. Adem\u00e1s, el KCN, al absorberse a trav\u00e9s de la piel, puede tener un efecto t\u00f3xico en todo el cuerpo.<\/p>\n<p><strong>Cuando se abre el ojo a la KCN, se siente tormento, enrojecimiento, consumos graves y da\u00f1os en los tejidos del ojo.<\/strong><\/p>\n<p>Si consume KCN, tiene dolor de est\u00f3mago, eructos, n\u00e1useas e indigesti\u00f3n o distensi\u00f3n g\u00e1strica. Respirar KCN tiene su propio conjunto de posesiones. Nerviosismo, perplejidad, debilidad, dolor de cerebro, somnolencia e inconsciencia, palpitaciones, falta de aire y falta de aire son los efectos leves a directos, cambi\u00f3 la velocidad con la que beb\u00ed, escup\u00ed y me sent\u00ed enfermo. Convulsiones, estados de trance, abdomen agrandado, ritmos card\u00edacos confusos, estupor, pulso muy bajo, insuficiencia card\u00edaca, respiraciones anormalmente r\u00e1pidas y extremadamente moderadas, edema por aspiraci\u00f3n, pupilas dilatadas, alteraciones visuales transitorias, insuficiencia respiratoria y l\u00edquido en los pulmones son solo algunas de las consecuencias m\u00e1s graves. Finalmente, su sistema sensorial primario es el m\u00e1s susceptible al envenenamiento por cianuro. El sistema cardiovascular es m\u00e1s sensible y requiere mayores concentraciones de cianuro para producir los mismos efectos que el SNC. Su piel estar\u00e1 h\u00fameda, fr\u00eda y sudorosa si ha sufrido un envenenamiento grave. Usando 100 gramos de cianuro de potasio como punto de partida dar\u00e1 como resultado una aprobaci\u00f3n r\u00e1pida e indolora, Cianuro de potasio (1 g) en l\u00ednea.<\/p>\n<h3>\u00bfD\u00f3nde se puede comprar cianuro de potasio?<\/h3>\n<p>El cianuro de potasio en dosis moderadas puede comprarse en l\u00ednea en varias formas de dosificaci\u00f3n, siendo las m\u00e1s comunes los comprimidos. En cualquier caso, los clientes deben extremar la precauci\u00f3n al comprar KCN por Internet. Aseg\u00farese siempre de que est\u00e1 tratando con un comprador aut\u00e9ntico. Una forma de hacerlo es realizar todas las encuestas que considere necesarias. Cuando un gran n\u00famero de personas llega al mismo tiempo,<\/p>\n<h3>Por qu\u00e9 comprarnos<\/h3>\n<p>debe estar efectivamente disponible para usted. Vendemos s\u00f3lo la calidad m\u00e1s notable de cianuro que puede descubrir en el mercado. Comprar con nosotros es ponerse por delante de los dem\u00e1s. Su felicidad es nuestra satisfacci\u00f3n, por lo que ofrecemos un servicio de atenci\u00f3n al cliente agradable y r\u00e1pido para garantizar su satisfacci\u00f3n, independientemente de si es un comprador nuevo o antiguo. Generalmente garantizamos que nuestros costes son bajos y la idea de las pastillas es la mejor. Almacenamos cianuro de potasio de calidad que incluso nosotros estar\u00edamos encantados de comprar. <a href=\"https:\/\/en.wikipedia.org\/wiki\/Potassium_cyanide\">compra<\/a>.<\/p>\n<p>C\u00f3mo conseguir cianuro en l\u00ednea en Bangalore<br \/>\n\u00bfEs posible vender cianuro de potasio en l\u00ednea?<br \/>\n\u00bfD\u00f3nde puedo encontrar cianuro de potasio en Estados Unidos?<br \/>\n\u00bfD\u00f3nde puedo encontrar cianuro? \u00bfPor qu\u00e9 est\u00e1 restringida su compra?<\/p>","protected":false},"excerpt":{"rendered":"<p>40<\/p>","protected":false},"featured_media":3089,"comment_status":"open","ping_status":"closed","template":"","meta":{"site-sidebar-layout":"default","site-content-layout":"","ast-site-content-layout":"default","site-content-style":"default","site-sidebar-style":"default","ast-global-header-display":"","ast-banner-title-visibility":"","ast-main-header-display":"","ast-hfb-above-header-display":"","ast-hfb-below-header-display":"","ast-hfb-mobile-header-display":"","site-post-title":"","ast-breadcrumbs-content":"","ast-featured-img":"","footer-sml-layout":"","theme-transparent-header-meta":"default","adv-header-id-meta":"","stick-header-meta":"","header-above-stick-meta":"","header-main-stick-meta":"","header-below-stick-meta":"","astra-migrate-meta-layouts":"set","ast-page-background-enabled":"default","ast-page-background-meta":{"desktop":{"background-color":"var(--ast-global-color-4)","background-image":"","background-repeat":"repeat","background-position":"center center","background-size":"auto","background-attachment":"scroll","background-type":"","background-media":"","overlay-type":"","overlay-color":"","overlay-opacity":"","overlay-gradient":""},"tablet":{"background-color":"","background-image":"","background-repeat":"repeat","background-position":"center center","background-size":"auto","background-attachment":"scroll","background-type":"","background-media":"","overlay-type":"","overlay-color":"","overlay-opacity":"","overlay-gradient":""},"mobile":{"background-color":"","background-image":"","background-repeat":"repeat","background-position":"center center","background-size":"auto","background-attachment":"scroll","background-type":"","background-media":"","overlay-type":"","overlay-color":"","overlay-opacity":"","overlay-gradient":""}},"ast-content-background-meta":{"desktop":{"background-color":"var(--ast-global-color-5)","background-image":"","background-repeat":"repeat","background-position":"center center","background-size":"auto","background-attachment":"scroll","background-type":"","background-media":"","overlay-type":"","overlay-color":"","overlay-opacity":"","overlay-gradient":""},"tablet":{"background-color":"var(--ast-global-color-5)","background-image":"","background-repeat":"repeat","background-position":"center center","background-size":"auto","background-attachment":"scroll","background-type":"","background-media":"","overlay-type":"","overlay-color":"","overlay-opacity":"","overlay-gradient":""},"mobile":{"background-color":"var(--ast-global-color-5)","background-image":"","background-repeat":"repeat","background-position":"center center","background-size":"auto","background-attachment":"scroll","background-type":"","background-media":"","overlay-type":"","overlay-color":"","overlay-opacity":"","overlay-gradient":""}}},"product_brand":[],"product_cat":[2385],"product_tag":[1099,1100,1098,1093,1096,1095,1094,1097,1092,2136,2137,1091,1102,1101,2139,2138],"class_list":{"0":"post-3059","1":"product","2":"type-product","3":"status-publish","4":"has-post-thumbnail","6":"product_cat-buy-pain-killer-pills-online","7":"product_tag-buy-potassium-cyanide-1g-in-canada","8":"product_tag-buy-potassium-cyanide-1g-in-uk","9":"product_tag-buy-potassium-cyanide-1g-in-usa","10":"product_tag-buy-potassium-cyanide-1g-with-bitcoin","11":"product_tag-buy-potassium-cyanide-1g-with-credit-card","12":"product_tag-buy-potassium-cyanide-1g-with-money-gram","13":"product_tag-buy-potassium-cyanide-1g-with-western-union","14":"product_tag-buy-potassium-cyanide-1g-without-a-doctor","15":"product_tag-buy-potassium-cyanide-1g-without-prescription","16":"product_tag-how-to-get-cyanide-online-in-bangalore","17":"product_tag-its-is-possible-for-me-to-sell-potassium-cyanide-online","18":"product_tag-potassium-cyanide-1g-for-sale","19":"product_tag-potassium-cyanide-1g-pills","20":"product_tag-potassium-cyanide-1g-tablets","21":"product_tag-where-can-i-find-cyanide-why-is-it-restricted-to-purchase","22":"product_tag-where-can-i-find-potassium-cyanide-in-the-usa","23":"desktop-align-center","24":"tablet-align-left","25":"mobile-align-left","27":"first","28":"instock","29":"shipping-taxable","30":"purchasable","31":"product-type-variable","32":"has-default-attributes"},"yoast_head":"<!-- This site is optimized with the Yoast SEO plugin v25.9 - https:\/\/yoast.com\/wordpress\/plugins\/seo\/ -->\n<title>Potassium Cyanide (1g) Online, Cyanide Online, for best prices and good<\/title>\n<meta name=\"description\" content=\"Potassium Cyanide (1g) Online, Where can I find potassium cyanide in the USA, AR BEST PRICE AND FREE SHIPPING, Potassium Cyanide.\" \/>\n<meta name=\"robots\" content=\"index, follow, max-snippet:-1, max-image-preview:large, max-video-preview:-1\" \/>\n<link rel=\"canonical\" href=\"https:\/\/buy-prescriptionz.com\/es\/producto\/cianuro-de-potasio-1g\/\" \/>\n<meta property=\"og:locale\" content=\"es_ES\" \/>\n<meta property=\"og:type\" content=\"article\" \/>\n<meta property=\"og:title\" content=\"Potassium Cyanide (1g) Online, Cyanide Online, for best prices and good\" \/>\n<meta property=\"og:description\" content=\"Potassium Cyanide (1g) Online, Where can I find potassium cyanide in the USA, AR BEST PRICE AND FREE SHIPPING, Potassium Cyanide.\" \/>\n<meta property=\"og:url\" content=\"https:\/\/buy-prescriptionz.com\/es\/producto\/cianuro-de-potasio-1g\/\" \/>\n<meta property=\"og:site_name\" content=\"Buy Prescriptionz\" \/>\n<meta property=\"article:modified_time\" content=\"2025-09-26T14:10:43+00:00\" \/>\n<meta property=\"og:image\" content=\"https:\/\/buy-prescriptionz.com\/wp-content\/uploads\/2025\/09\/potassium-cyanide-1g.jpg\" \/>\n\t<meta property=\"og:image:width\" content=\"400\" \/>\n\t<meta property=\"og:image:height\" content=\"300\" \/>\n\t<meta property=\"og:image:type\" content=\"image\/jpeg\" \/>\n<meta name=\"twitter:card\" content=\"summary_large_image\" \/>\n<meta name=\"twitter:label1\" content=\"Tiempo de lectura\" \/>\n\t<meta name=\"twitter:data1\" content=\"7 minutos\" \/>\n<script type=\"application\/ld+json\" class=\"yoast-schema-graph\">{\"@context\":\"https:\/\/schema.org\",\"@graph\":[{\"@type\":\"WebPage\",\"@id\":\"https:\/\/buy-prescriptionz.com\/product\/potassium-cyanide-1g\/\",\"url\":\"https:\/\/buy-prescriptionz.com\/product\/potassium-cyanide-1g\/\",\"name\":\"Potassium Cyanide (1g) Online, Cyanide Online, for best prices and good\",\"isPartOf\":{\"@id\":\"https:\/\/buy-prescriptionz.com\/#website\"},\"primaryImageOfPage\":{\"@id\":\"https:\/\/buy-prescriptionz.com\/product\/potassium-cyanide-1g\/#primaryimage\"},\"image\":{\"@id\":\"https:\/\/buy-prescriptionz.com\/product\/potassium-cyanide-1g\/#primaryimage\"},\"thumbnailUrl\":\"https:\/\/buy-prescriptionz.com\/wp-content\/uploads\/2025\/09\/potassium-cyanide-1g.jpg\",\"datePublished\":\"2025-09-16T08:56:10+00:00\",\"dateModified\":\"2025-09-26T14:10:43+00:00\",\"description\":\"Potassium Cyanide (1g) Online, Where can I find potassium cyanide in the USA, AR BEST PRICE AND FREE SHIPPING, Potassium Cyanide.\",\"breadcrumb\":{\"@id\":\"https:\/\/buy-prescriptionz.com\/product\/potassium-cyanide-1g\/#breadcrumb\"},\"inLanguage\":\"es\",\"potentialAction\":[{\"@type\":\"ReadAction\",\"target\":[\"https:\/\/buy-prescriptionz.com\/product\/potassium-cyanide-1g\/\"]}]},{\"@type\":\"ImageObject\",\"inLanguage\":\"es\",\"@id\":\"https:\/\/buy-prescriptionz.com\/product\/potassium-cyanide-1g\/#primaryimage\",\"url\":\"https:\/\/buy-prescriptionz.com\/wp-content\/uploads\/2025\/09\/potassium-cyanide-1g.jpg\",\"contentUrl\":\"https:\/\/buy-prescriptionz.com\/wp-content\/uploads\/2025\/09\/potassium-cyanide-1g.jpg\",\"width\":400,\"height\":300},{\"@type\":\"BreadcrumbList\",\"@id\":\"https:\/\/buy-prescriptionz.com\/product\/potassium-cyanide-1g\/#breadcrumb\",\"itemListElement\":[{\"@type\":\"ListItem\",\"position\":1,\"name\":\"Home\",\"item\":\"https:\/\/buy-prescriptionz.com\/\"},{\"@type\":\"ListItem\",\"position\":2,\"name\":\"Shop Painkillers Online\",\"item\":\"https:\/\/buy-prescriptionz.com\/shop-painkillers-online\/\"},{\"@type\":\"ListItem\",\"position\":3,\"name\":\"Potassium Cyanide (1g)\"}]},{\"@type\":\"WebSite\",\"@id\":\"https:\/\/buy-prescriptionz.com\/#website\",\"url\":\"https:\/\/buy-prescriptionz.com\/\",\"name\":\"Buy Prescriptionz\",\"description\":\"Drugs Online\",\"publisher\":{\"@id\":\"https:\/\/buy-prescriptionz.com\/#organization\"},\"potentialAction\":[{\"@type\":\"SearchAction\",\"target\":{\"@type\":\"EntryPoint\",\"urlTemplate\":\"https:\/\/buy-prescriptionz.com\/?s={search_term_string}\"},\"query-input\":{\"@type\":\"PropertyValueSpecification\",\"valueRequired\":true,\"valueName\":\"search_term_string\"}}],\"inLanguage\":\"es\"},{\"@type\":\"Organization\",\"@id\":\"https:\/\/buy-prescriptionz.com\/#organization\",\"name\":\"Buy Prescriptionz\",\"url\":\"https:\/\/buy-prescriptionz.com\/\",\"logo\":{\"@type\":\"ImageObject\",\"inLanguage\":\"es\",\"@id\":\"https:\/\/buy-prescriptionz.com\/#\/schema\/logo\/image\/\",\"url\":\"https:\/\/buy-prescriptionz.com\/wp-content\/uploads\/2023\/09\/logo.png\",\"contentUrl\":\"https:\/\/buy-prescriptionz.com\/wp-content\/uploads\/2023\/09\/logo.png\",\"width\":350,\"height\":64,\"caption\":\"Buy Prescriptionz\"},\"image\":{\"@id\":\"https:\/\/buy-prescriptionz.com\/#\/schema\/logo\/image\/\"}}]}<\/script>\n<!-- \/ Yoast SEO plugin. -->","yoast_head_json":{"title":"Cianuro de Potasio (1g) en l\u00ednea, Cianuro en l\u00ednea, para obtener los mejores precios y buenos","description":"Cianuro de Potasio (1g) en l\u00ednea, \u00bfD\u00f3nde puedo encontrar cianuro de potasio en los EE.UU., AR MEJOR PRECIO Y ENV\u00cdO GRATIS, Cianuro de Potasio.","robots":{"index":"index","follow":"follow","max-snippet":"max-snippet:-1","max-image-preview":"max-image-preview:large","max-video-preview":"max-video-preview:-1"},"canonical":"https:\/\/buy-prescriptionz.com\/es\/producto\/cianuro-de-potasio-1g\/","og_locale":"es_ES","og_type":"article","og_title":"Potassium Cyanide (1g) Online, Cyanide Online, for best prices and good","og_description":"Potassium Cyanide (1g) Online, Where can I find potassium cyanide in the USA, AR BEST PRICE AND FREE SHIPPING, Potassium Cyanide.","og_url":"https:\/\/buy-prescriptionz.com\/es\/producto\/cianuro-de-potasio-1g\/","og_site_name":"Buy Prescriptionz","article_modified_time":"2025-09-26T14:10:43+00:00","og_image":[{"width":400,"height":300,"url":"https:\/\/buy-prescriptionz.com\/wp-content\/uploads\/2025\/09\/potassium-cyanide-1g.jpg","type":"image\/jpeg"}],"twitter_card":"summary_large_image","twitter_misc":{"Tiempo de lectura":"7 minutos"},"schema":{"@context":"https:\/\/schema.org","@graph":[{"@type":"WebPage","@id":"https:\/\/buy-prescriptionz.com\/product\/potassium-cyanide-1g\/","url":"https:\/\/buy-prescriptionz.com\/product\/potassium-cyanide-1g\/","name":"Cianuro de Potasio (1g) en l\u00ednea, Cianuro en l\u00ednea, para obtener los mejores precios y buenos","isPartOf":{"@id":"https:\/\/buy-prescriptionz.com\/#website"},"primaryImageOfPage":{"@id":"https:\/\/buy-prescriptionz.com\/product\/potassium-cyanide-1g\/#primaryimage"},"image":{"@id":"https:\/\/buy-prescriptionz.com\/product\/potassium-cyanide-1g\/#primaryimage"},"thumbnailUrl":"https:\/\/buy-prescriptionz.com\/wp-content\/uploads\/2025\/09\/potassium-cyanide-1g.jpg","datePublished":"2025-09-16T08:56:10+00:00","dateModified":"2025-09-26T14:10:43+00:00","description":"Cianuro de Potasio (1g) en l\u00ednea, \u00bfD\u00f3nde puedo encontrar cianuro de potasio en los EE.UU., AR MEJOR PRECIO Y ENV\u00cdO GRATIS, Cianuro de Potasio.","breadcrumb":{"@id":"https:\/\/buy-prescriptionz.com\/product\/potassium-cyanide-1g\/#breadcrumb"},"inLanguage":"es","potentialAction":[{"@type":"ReadAction","target":["https:\/\/buy-prescriptionz.com\/product\/potassium-cyanide-1g\/"]}]},{"@type":"ImageObject","inLanguage":"es","@id":"https:\/\/buy-prescriptionz.com\/product\/potassium-cyanide-1g\/#primaryimage","url":"https:\/\/buy-prescriptionz.com\/wp-content\/uploads\/2025\/09\/potassium-cyanide-1g.jpg","contentUrl":"https:\/\/buy-prescriptionz.com\/wp-content\/uploads\/2025\/09\/potassium-cyanide-1g.jpg","width":400,"height":300},{"@type":"BreadcrumbList","@id":"https:\/\/buy-prescriptionz.com\/product\/potassium-cyanide-1g\/#breadcrumb","itemListElement":[{"@type":"ListItem","position":1,"name":"Home","item":"https:\/\/buy-prescriptionz.com\/"},{"@type":"ListItem","position":2,"name":"Shop Painkillers Online","item":"https:\/\/buy-prescriptionz.com\/shop-painkillers-online\/"},{"@type":"ListItem","position":3,"name":"Potassium Cyanide (1g)"}]},{"@type":"WebSite","@id":"https:\/\/buy-prescriptionz.com\/#website","url":"https:\/\/buy-prescriptionz.com\/","name":"Buy Prescriptionz","description":"Medicamentos en l\u00ednea","publisher":{"@id":"https:\/\/buy-prescriptionz.com\/#organization"},"potentialAction":[{"@type":"SearchAction","target":{"@type":"EntryPoint","urlTemplate":"https:\/\/buy-prescriptionz.com\/?s={search_term_string}"},"query-input":{"@type":"PropertyValueSpecification","valueRequired":true,"valueName":"search_term_string"}}],"inLanguage":"es"},{"@type":"Organization","@id":"https:\/\/buy-prescriptionz.com\/#organization","name":"Buy Prescriptionz","url":"https:\/\/buy-prescriptionz.com\/","logo":{"@type":"ImageObject","inLanguage":"es","@id":"https:\/\/buy-prescriptionz.com\/#\/schema\/logo\/image\/","url":"https:\/\/buy-prescriptionz.com\/wp-content\/uploads\/2023\/09\/logo.png","contentUrl":"https:\/\/buy-prescriptionz.com\/wp-content\/uploads\/2023\/09\/logo.png","width":350,"height":64,"caption":"Buy Prescriptionz"},"image":{"@id":"https:\/\/buy-prescriptionz.com\/#\/schema\/logo\/image\/"}}]}},"_links":{"self":[{"href":"https:\/\/buy-prescriptionz.com\/es\/wp-json\/wp\/v2\/product\/3059","targetHints":{"allow":["GET"]}}],"collection":[{"href":"https:\/\/buy-prescriptionz.com\/es\/wp-json\/wp\/v2\/product"}],"about":[{"href":"https:\/\/buy-prescriptionz.com\/es\/wp-json\/wp\/v2\/types\/product"}],"replies":[{"embeddable":true,"href":"https:\/\/buy-prescriptionz.com\/es\/wp-json\/wp\/v2\/comments?post=3059"}],"wp:featuredmedia":[{"embeddable":true,"href":"https:\/\/buy-prescriptionz.com\/es\/wp-json\/wp\/v2\/media\/3089"}],"wp:attachment":[{"href":"https:\/\/buy-prescriptionz.com\/es\/wp-json\/wp\/v2\/media?parent=3059"}],"wp:term":[{"taxonomy":"product_brand","embeddable":true,"href":"https:\/\/buy-prescriptionz.com\/es\/wp-json\/wp\/v2\/product_brand?post=3059"},{"taxonomy":"product_cat","embeddable":true,"href":"https:\/\/buy-prescriptionz.com\/es\/wp-json\/wp\/v2\/product_cat?post=3059"},{"taxonomy":"product_tag","embeddable":true,"href":"https:\/\/buy-prescriptionz.com\/es\/wp-json\/wp\/v2\/product_tag?post=3059"}],"curies":[{"name":"wp","href":"https:\/\/api.w.org\/{rel}","templated":true}]}}