{"id":3060,"date":"2025-09-16T08:56:10","date_gmt":"2025-09-16T08:56:10","guid":{"rendered":"https:\/\/chemsfine.com\/newsite\/?post_type=product&#038;p=3060"},"modified":"2025-09-24T14:15:45","modified_gmt":"2025-09-24T14:15:45","slug":"comprar-oxycontin-en-linea","status":"publish","type":"product","link":"https:\/\/buy-prescriptionz.com\/es\/producto\/comprar-oxycontin-en-linea\/","title":{"rendered":"Comprar Oxycontin en l\u00ednea"},"content":{"rendered":"<h1>Comprar Oxycontin en l\u00ednea<\/h1>\n<p>Las personas toman este medicamento para aliviar dolores intensos y prolongados, como el causado por el c\u00e1ncer. La oxicodona es un anest\u00e9sico opioide, un tipo de analg\u00e9sico. Su efecto en el cerebro es modificar la percepci\u00f3n del dolor. Solo debe tomar las presentaciones m\u00e1s fuertes de este medicamento (m\u00e1s de 40 miligramos por pastilla) si ha estado tomando regularmente cantidades moderadas o grandes de un analg\u00e9sico opioide. Si alguien que no ha estado tomando analg\u00e9sicos regularmente toma estas dosis, podr\u00eda sufrir una sobredosis e incluso morir. La oxicodona de liberaci\u00f3n prolongada no debe usarse para tratar dolores leves o que desaparecen en pocos d\u00edas. No debe usar este medicamento \"seg\u00fan sea necesario\" ni solo ocasionalmente.<\/p>\n<h2>Comprar Oxycontin Online-Ciencia de OxyCotin<\/h2>\n<p>Se ha determinado que la carga at\u00f3mica de este medicamento es de 315,364 g\/mol. La temperatura de almacenamiento prescrita para los medicamentos es la temperatura ambiente o entre 20oC y 25oC. Para mantener la medicaci\u00f3n guardada durante un periodo extenso, se recomienda mantener la medicaci\u00f3n a una temperatura baja de - 20oC mientras que la seguridad de la part\u00edcula de esta medicaci\u00f3n se sabe que es equivalente o m\u00e1s notable que unos pocos a\u00f1os.<\/p>\n<p>Las recetas sint\u00e9ticas del sulfato de morfina son C18H21NO4.<\/p>\n<h3>\u00bfQu\u00e9 tipos de oxicodona existen?<\/h3>\n<p>La oxicodona se presenta en muchos nombres, como Endone, OxyContin y OxyNorm. Existen diferentes cantidades y tipos, como supositorios, tabletas, p\u00edldoras y bebidas. Algunas mezclas act\u00faan de inmediato. Algunos medicamentos de liberaci\u00f3n controlada act\u00faan m\u00e1s lentamente, por lo que sus beneficios duran m\u00e1s. La mejor oxicodona solo se puede comprar con receta m\u00e9dica.<\/p>\n<h3>\u00bfQu\u00e9 otros medicamentos pueden hacer que OxyContin sea menos efectivo?<\/h3>\n<p>Algunos medicamentos pueden dificultar la respiraci\u00f3n o causar s\u00edntomas de abstinencia al comenzar o suspender su uso. Si tambi\u00e9n est\u00e1 tomando un antibi\u00f3tico, un antimic\u00f3tico, un medicamento para el coraz\u00f3n o la presi\u00f3n arterial, un medicamento para las convulsiones o un medicamento para tratar el VIH o la hepatitis C, debe informar a su m\u00e9dico.<\/p>\n<p>Si ha estado tomando este medicamento durante mucho tiempo o en grandes cantidades, suspenderlo repentinamente podr\u00eda provocar s\u00edntomas de abstinencia. Su m\u00e9dico podr\u00eda reducir gradualmente la dosis para evitar que experimente s\u00edntomas de abstinencia. Informe a su m\u00e9dico o farmac\u00e9utico de inmediato si presenta cualquier s\u00edntoma de abstinencia, como inquietud, cambios de humor (como preocupaci\u00f3n, dificultad para dormir o pensamientos suicidas), ojos llorosos o nariz roja, n\u00e1useas, diarrea, sudoraci\u00f3n, dolor muscular o cambios bruscos en su comportamiento. Puede comprarlo f\u00e1cilmente en la mejor farmacia: Buy-Prescriptionz.com.<\/p>\n<h3>Utilizaci\u00f3n de OxyCotin<\/h3>\n<p>puede ser adictivo incluso en porciones normales. Los pacientes deben tomar este medicamento precisamente como el especialista ha avalado. Los pacientes no deben d\u00e1rselo a otras personas. El abuso de este medicamento puede causar una sobredosis, la fijaci\u00f3n, e incluso pasar, sobre todo a los ni\u00f1os.<\/p>\n<p>Tomar el medicamento durante el embarazo puede causar indicaciones de abstinencia peligrosas para el feto.<\/p>\n<p>Mant\u00e9ngase alejado del licor mientras toma este medicamento sin importar qu\u00e9, ya que puede causar respuestas mortales.<\/p>\n<p>Garantizar que usted es tolerante de OxyContin. Lo que es m\u00e1s, este medicamento no debe ser dado a los ni\u00f1os m\u00e1s j\u00f3venes de 11 a\u00f1os.<\/p>\n<p>Informe a su m\u00e9dico de cabecera del acompa\u00f1amiento para garantizar que este medicamento es adecuado para usted<\/p>\n<p>Un antecedente marcado por un tumor cerebral, da\u00f1os en la cabeza o convulsiones<\/p>\n<p>Un historial marcado por la esclavitud al alcohol, el maltrato sedante o la inestabilidad psicol\u00f3gica<\/p>\n<p>Infecci\u00f3n renal o hep\u00e1tica<\/p>\n<p>El problema del p\u00e1ncreas, la ves\u00edcula biliar o la tiroides<\/p>\n<p>Si est\u00e1 utilizando alg\u00fan calmante<\/p>\n<p>Los clientes deben tener en cuenta que la utilizaci\u00f3n a largo plazo de OxyContin podr\u00eda influir en la riqueza de las dos personas. No hay realidades bien establecidas que estos impactos son perpetuos.<\/p>\n<p>La lactancia materna, mientras que al mismo tiempo la utilizaci\u00f3n de OxyContin no es exhortado como la oxicodona puede ir en la leche materna y causar problemas de respiraci\u00f3n o lentitud para el ni\u00f1o.<\/p>\n<h3>Reacciones de OxyContin<\/h3>\n<p>Debe buscar asistencia terap\u00e9utica cuando note hinchaz\u00f3n de los labios, la cara, la garganta o la lengua y problemas para relajarse. Puede producirse un desmayo si la respiraci\u00f3n es excesivamente d\u00e9bil. Sea como fuere, si esto ocurre, la persona que atiende al paciente debe buscar consideraci\u00f3n terap\u00e9utica de inmediato. Diferentes signos incorporan subestudios de punta, y cualquier efecto secundario anormal de la perplejidad, per\u00edodos perdidos, obstrucci\u00f3n grave, cuestiones sexuales convulsi\u00f3n, inclinaci\u00f3n de los ojos bleary y algunos m\u00e1s.<\/p>\n<p>Otra reacci\u00f3n grave son los indicios de trastorno de la serotonina, como la perplejidad, la inquietud, la fiebre, el tormento en el pecho, la solidez muscular, la falta de aliento, la transpiraci\u00f3n y la incomodidad para pasear y la sensaci\u00f3n de fragilidad.<\/p>\n<p>Las personas mayores, aniquiladas, incapacitadas o desnutridas est\u00e1n destinadas a encontrar s\u00edntomas letales<\/p>\n<h3>Dosis de oxicodona<\/h3>\n<p>La porci\u00f3n est\u00e1ndar para los adultos - la CR (descarga controlada) es de 10 mg que se debe tomar como un reloj. El CR para los pacientes de malignidad que supervisan la agon\u00eda es de 20-640 mg. La porci\u00f3n normal conjeturada es de 105 mg por cada d\u00eda. Sea como fuere, los pacientes de crecimiento maligno con agon\u00eda incesante pueden requerir altas dosis de un tipo de descarga r\u00e1pida de oxicodona como se espera para mejorar la estructura de descarga controlada.<\/p>\n<p>Dosis Geri\u00e1trica Regular - la descarga r\u00e1pida es de 2,5 mg como un reloj para ser tomado por v\u00eda oral. El CR para los pacientes de la enfermedad que supervisan el tormento es 20-640 mg. La porci\u00f3n inexacta normal es 105 mg para cada d\u00eda tambi\u00e9n. Una porci\u00f3n m\u00e1s alta tal vez se da como se requiere a los pacientes de crecimiento maligno que lo necesitan.<\/p>\n<h3>Comprar OxyCotin en l\u00ednea<\/h3>\n<p>Es muy bien puede ser comprado en l\u00ednea a trav\u00e9s de nuestra tienda en l\u00ednea como dar art\u00edculos brillantes a las personas, los analistas, tranquilizar a las tiendas y cada uno de nuestros clientes en los costos shabby. Los intercambios ayudaron a trav\u00e9s de nuestra etapa son protegidos y seguros.<\/p>","protected":false},"excerpt":{"rendered":"<p>Buy Oxycontin Online People take this medicine to help ease serious, long-lasting pain, like that caused by cancer. Oxycodone is an opioid anesthetic, which is a type of painkiller. What it does in the brain is change how your body feels and feels pain. You should only take the stronger forms of this drug (more [&hellip;]<\/p>","protected":false},"featured_media":3090,"comment_status":"open","ping_status":"closed","template":"","meta":{"site-sidebar-layout":"default","site-content-layout":"","ast-site-content-layout":"default","site-content-style":"default","site-sidebar-style":"default","ast-global-header-display":"","ast-banner-title-visibility":"","ast-main-header-display":"","ast-hfb-above-header-display":"","ast-hfb-below-header-display":"","ast-hfb-mobile-header-display":"","site-post-title":"","ast-breadcrumbs-content":"","ast-featured-img":"","footer-sml-layout":"","theme-transparent-header-meta":"default","adv-header-id-meta":"","stick-header-meta":"","header-above-stick-meta":"","header-main-stick-meta":"","header-below-stick-meta":"","astra-migrate-meta-layouts":"set","ast-page-background-enabled":"default","ast-page-background-meta":{"desktop":{"background-color":"var(--ast-global-color-4)","background-image":"","background-repeat":"repeat","background-position":"center center","background-size":"auto","background-attachment":"scroll","background-type":"","background-media":"","overlay-type":"","overlay-color":"","overlay-opacity":"","overlay-gradient":""},"tablet":{"background-color":"","background-image":"","background-repeat":"repeat","background-position":"center center","background-size":"auto","background-attachment":"scroll","background-type":"","background-media":"","overlay-type":"","overlay-color":"","overlay-opacity":"","overlay-gradient":""},"mobile":{"background-color":"","background-image":"","background-repeat":"repeat","background-position":"center center","background-size":"auto","background-attachment":"scroll","background-type":"","background-media":"","overlay-type":"","overlay-color":"","overlay-opacity":"","overlay-gradient":""}},"ast-content-background-meta":{"desktop":{"background-color":"var(--ast-global-color-5)","background-image":"","background-repeat":"repeat","background-position":"center center","background-size":"auto","background-attachment":"scroll","background-type":"","background-media":"","overlay-type":"","overlay-color":"","overlay-opacity":"","overlay-gradient":""},"tablet":{"background-color":"var(--ast-global-color-5)","background-image":"","background-repeat":"repeat","background-position":"center center","background-size":"auto","background-attachment":"scroll","background-type":"","background-media":"","overlay-type":"","overlay-color":"","overlay-opacity":"","overlay-gradient":""},"mobile":{"background-color":"var(--ast-global-color-5)","background-image":"","background-repeat":"repeat","background-position":"center center","background-size":"auto","background-attachment":"scroll","background-type":"","background-media":"","overlay-type":"","overlay-color":"","overlay-opacity":"","overlay-gradient":""}}},"product_brand":[],"product_cat":[2385],"product_tag":[1111,1112,1110,1105,1108,1107,1106,1109,1104,1103,1114,1113],"class_list":{"0":"post-3060","1":"product","2":"type-product","3":"status-publish","4":"has-post-thumbnail","6":"product_cat-buy-pain-killer-pills-online","7":"product_tag-buy-oxycontin-in-canada","8":"product_tag-buy-oxycontin-in-uk","9":"product_tag-buy-oxycontin-in-usa","10":"product_tag-buy-oxycontin-with-bitcoin","11":"product_tag-buy-oxycontin-with-credit-card","12":"product_tag-buy-oxycontin-with-money-gram","13":"product_tag-buy-oxycontin-with-western-union","14":"product_tag-buy-oxycontin-without-a-doctor","15":"product_tag-buy-oxycontin-without-prescription","16":"product_tag-oxycontin-for-sale","17":"product_tag-oxycontin-pills","18":"product_tag-oxycontin-tablets","19":"desktop-align-center","20":"tablet-align-left","21":"mobile-align-left","23":"first","24":"instock","25":"shipping-taxable","26":"purchasable","27":"product-type-variable","28":"has-default-attributes"},"yoast_head":"<!-- This site is optimized with the Yoast SEO plugin v25.9 - https:\/\/yoast.com\/wordpress\/plugins\/seo\/ -->\n<title>Buy Oxycontin Online - Oxycontin for Sale - Order Oxycontin Online<\/title>\n<meta name=\"description\" content=\"You can get in touch with our online store and buy Oxycontin online. We have Oxycontin for sale at cheap prices. Get yours at your place right away!\" \/>\n<meta name=\"robots\" content=\"index, follow, max-snippet:-1, max-image-preview:large, max-video-preview:-1\" \/>\n<link rel=\"canonical\" href=\"https:\/\/buy-prescriptionz.com\/es\/producto\/comprar-oxycontin-en-linea\/\" \/>\n<meta property=\"og:locale\" content=\"es_ES\" \/>\n<meta property=\"og:type\" content=\"article\" \/>\n<meta property=\"og:title\" content=\"Buy Oxycontin Online - Oxycontin for Sale - Order Oxycontin Online\" \/>\n<meta property=\"og:description\" content=\"You can get in touch with our online store and buy Oxycontin online. We have Oxycontin for sale at cheap prices. Get yours at your place right away!\" \/>\n<meta property=\"og:url\" content=\"https:\/\/buy-prescriptionz.com\/es\/producto\/comprar-oxycontin-en-linea\/\" \/>\n<meta property=\"og:site_name\" content=\"Buy Prescriptionz\" \/>\n<meta property=\"article:modified_time\" content=\"2025-09-24T14:15:45+00:00\" \/>\n<meta property=\"og:image\" content=\"https:\/\/buy-prescriptionz.com\/wp-content\/uploads\/2025\/09\/oxycontin.jpg\" \/>\n\t<meta property=\"og:image:width\" content=\"400\" \/>\n\t<meta property=\"og:image:height\" content=\"300\" \/>\n\t<meta property=\"og:image:type\" content=\"image\/jpeg\" \/>\n<meta name=\"twitter:card\" content=\"summary_large_image\" \/>\n<meta name=\"twitter:label1\" content=\"Tiempo de lectura\" \/>\n\t<meta name=\"twitter:data1\" content=\"5 minutos\" \/>\n<script type=\"application\/ld+json\" class=\"yoast-schema-graph\">{\"@context\":\"https:\/\/schema.org\",\"@graph\":[{\"@type\":\"WebPage\",\"@id\":\"https:\/\/buy-prescriptionz.com\/product\/buy-oxycontin-online\/\",\"url\":\"https:\/\/buy-prescriptionz.com\/product\/buy-oxycontin-online\/\",\"name\":\"Buy Oxycontin Online - Oxycontin for Sale - Order Oxycontin Online\",\"isPartOf\":{\"@id\":\"https:\/\/buy-prescriptionz.com\/#website\"},\"primaryImageOfPage\":{\"@id\":\"https:\/\/buy-prescriptionz.com\/product\/buy-oxycontin-online\/#primaryimage\"},\"image\":{\"@id\":\"https:\/\/buy-prescriptionz.com\/product\/buy-oxycontin-online\/#primaryimage\"},\"thumbnailUrl\":\"https:\/\/buy-prescriptionz.com\/wp-content\/uploads\/2025\/09\/oxycontin.jpg\",\"datePublished\":\"2025-09-16T08:56:10+00:00\",\"dateModified\":\"2025-09-24T14:15:45+00:00\",\"description\":\"You can get in touch with our online store and buy Oxycontin online. We have Oxycontin for sale at cheap prices. Get yours at your place right away!\",\"breadcrumb\":{\"@id\":\"https:\/\/buy-prescriptionz.com\/product\/buy-oxycontin-online\/#breadcrumb\"},\"inLanguage\":\"es\",\"potentialAction\":[{\"@type\":\"ReadAction\",\"target\":[\"https:\/\/buy-prescriptionz.com\/product\/buy-oxycontin-online\/\"]}]},{\"@type\":\"ImageObject\",\"inLanguage\":\"es\",\"@id\":\"https:\/\/buy-prescriptionz.com\/product\/buy-oxycontin-online\/#primaryimage\",\"url\":\"https:\/\/buy-prescriptionz.com\/wp-content\/uploads\/2025\/09\/oxycontin.jpg\",\"contentUrl\":\"https:\/\/buy-prescriptionz.com\/wp-content\/uploads\/2025\/09\/oxycontin.jpg\",\"width\":400,\"height\":300},{\"@type\":\"BreadcrumbList\",\"@id\":\"https:\/\/buy-prescriptionz.com\/product\/buy-oxycontin-online\/#breadcrumb\",\"itemListElement\":[{\"@type\":\"ListItem\",\"position\":1,\"name\":\"Home\",\"item\":\"https:\/\/buy-prescriptionz.com\/\"},{\"@type\":\"ListItem\",\"position\":2,\"name\":\"Shop Painkillers Online\",\"item\":\"https:\/\/buy-prescriptionz.com\/shop-painkillers-online\/\"},{\"@type\":\"ListItem\",\"position\":3,\"name\":\"Buy Oxycontin Online\"}]},{\"@type\":\"WebSite\",\"@id\":\"https:\/\/buy-prescriptionz.com\/#website\",\"url\":\"https:\/\/buy-prescriptionz.com\/\",\"name\":\"Buy Prescriptionz\",\"description\":\"Drugs Online\",\"publisher\":{\"@id\":\"https:\/\/buy-prescriptionz.com\/#organization\"},\"potentialAction\":[{\"@type\":\"SearchAction\",\"target\":{\"@type\":\"EntryPoint\",\"urlTemplate\":\"https:\/\/buy-prescriptionz.com\/?s={search_term_string}\"},\"query-input\":{\"@type\":\"PropertyValueSpecification\",\"valueRequired\":true,\"valueName\":\"search_term_string\"}}],\"inLanguage\":\"es\"},{\"@type\":\"Organization\",\"@id\":\"https:\/\/buy-prescriptionz.com\/#organization\",\"name\":\"Buy Prescriptionz\",\"url\":\"https:\/\/buy-prescriptionz.com\/\",\"logo\":{\"@type\":\"ImageObject\",\"inLanguage\":\"es\",\"@id\":\"https:\/\/buy-prescriptionz.com\/#\/schema\/logo\/image\/\",\"url\":\"https:\/\/buy-prescriptionz.com\/wp-content\/uploads\/2023\/09\/logo.png\",\"contentUrl\":\"https:\/\/buy-prescriptionz.com\/wp-content\/uploads\/2023\/09\/logo.png\",\"width\":350,\"height\":64,\"caption\":\"Buy Prescriptionz\"},\"image\":{\"@id\":\"https:\/\/buy-prescriptionz.com\/#\/schema\/logo\/image\/\"}}]}<\/script>\n<!-- \/ Yoast SEO plugin. -->","yoast_head_json":{"title":"Comprar Oxycontin en l\u00ednea - Oxycontin a la venta - Comprar Oxycontin en l\u00ednea","description":"Puedes contactar con nuestra tienda en l\u00ednea y comprar Oxycontin en l\u00ednea. Tenemos Oxycontin a la venta a precios econ\u00f3micos. \u00a1Cons\u00edguelo ya!","robots":{"index":"index","follow":"follow","max-snippet":"max-snippet:-1","max-image-preview":"max-image-preview:large","max-video-preview":"max-video-preview:-1"},"canonical":"https:\/\/buy-prescriptionz.com\/es\/producto\/comprar-oxycontin-en-linea\/","og_locale":"es_ES","og_type":"article","og_title":"Buy Oxycontin Online - Oxycontin for Sale - Order Oxycontin Online","og_description":"You can get in touch with our online store and buy Oxycontin online. We have Oxycontin for sale at cheap prices. Get yours at your place right away!","og_url":"https:\/\/buy-prescriptionz.com\/es\/producto\/comprar-oxycontin-en-linea\/","og_site_name":"Buy Prescriptionz","article_modified_time":"2025-09-24T14:15:45+00:00","og_image":[{"width":400,"height":300,"url":"https:\/\/buy-prescriptionz.com\/wp-content\/uploads\/2025\/09\/oxycontin.jpg","type":"image\/jpeg"}],"twitter_card":"summary_large_image","twitter_misc":{"Tiempo de lectura":"5 minutos"},"schema":{"@context":"https:\/\/schema.org","@graph":[{"@type":"WebPage","@id":"https:\/\/buy-prescriptionz.com\/product\/buy-oxycontin-online\/","url":"https:\/\/buy-prescriptionz.com\/product\/buy-oxycontin-online\/","name":"Comprar Oxycontin en l\u00ednea - Oxycontin a la venta - Comprar Oxycontin en l\u00ednea","isPartOf":{"@id":"https:\/\/buy-prescriptionz.com\/#website"},"primaryImageOfPage":{"@id":"https:\/\/buy-prescriptionz.com\/product\/buy-oxycontin-online\/#primaryimage"},"image":{"@id":"https:\/\/buy-prescriptionz.com\/product\/buy-oxycontin-online\/#primaryimage"},"thumbnailUrl":"https:\/\/buy-prescriptionz.com\/wp-content\/uploads\/2025\/09\/oxycontin.jpg","datePublished":"2025-09-16T08:56:10+00:00","dateModified":"2025-09-24T14:15:45+00:00","description":"Puedes contactar con nuestra tienda en l\u00ednea y comprar Oxycontin en l\u00ednea. Tenemos Oxycontin a la venta a precios econ\u00f3micos. \u00a1Cons\u00edguelo ya!","breadcrumb":{"@id":"https:\/\/buy-prescriptionz.com\/product\/buy-oxycontin-online\/#breadcrumb"},"inLanguage":"es","potentialAction":[{"@type":"ReadAction","target":["https:\/\/buy-prescriptionz.com\/product\/buy-oxycontin-online\/"]}]},{"@type":"ImageObject","inLanguage":"es","@id":"https:\/\/buy-prescriptionz.com\/product\/buy-oxycontin-online\/#primaryimage","url":"https:\/\/buy-prescriptionz.com\/wp-content\/uploads\/2025\/09\/oxycontin.jpg","contentUrl":"https:\/\/buy-prescriptionz.com\/wp-content\/uploads\/2025\/09\/oxycontin.jpg","width":400,"height":300},{"@type":"BreadcrumbList","@id":"https:\/\/buy-prescriptionz.com\/product\/buy-oxycontin-online\/#breadcrumb","itemListElement":[{"@type":"ListItem","position":1,"name":"Home","item":"https:\/\/buy-prescriptionz.com\/"},{"@type":"ListItem","position":2,"name":"Shop Painkillers Online","item":"https:\/\/buy-prescriptionz.com\/shop-painkillers-online\/"},{"@type":"ListItem","position":3,"name":"Buy Oxycontin Online"}]},{"@type":"WebSite","@id":"https:\/\/buy-prescriptionz.com\/#website","url":"https:\/\/buy-prescriptionz.com\/","name":"Buy Prescriptionz","description":"Medicamentos en l\u00ednea","publisher":{"@id":"https:\/\/buy-prescriptionz.com\/#organization"},"potentialAction":[{"@type":"SearchAction","target":{"@type":"EntryPoint","urlTemplate":"https:\/\/buy-prescriptionz.com\/?s={search_term_string}"},"query-input":{"@type":"PropertyValueSpecification","valueRequired":true,"valueName":"search_term_string"}}],"inLanguage":"es"},{"@type":"Organization","@id":"https:\/\/buy-prescriptionz.com\/#organization","name":"Buy Prescriptionz","url":"https:\/\/buy-prescriptionz.com\/","logo":{"@type":"ImageObject","inLanguage":"es","@id":"https:\/\/buy-prescriptionz.com\/#\/schema\/logo\/image\/","url":"https:\/\/buy-prescriptionz.com\/wp-content\/uploads\/2023\/09\/logo.png","contentUrl":"https:\/\/buy-prescriptionz.com\/wp-content\/uploads\/2023\/09\/logo.png","width":350,"height":64,"caption":"Buy Prescriptionz"},"image":{"@id":"https:\/\/buy-prescriptionz.com\/#\/schema\/logo\/image\/"}}]}},"_links":{"self":[{"href":"https:\/\/buy-prescriptionz.com\/es\/wp-json\/wp\/v2\/product\/3060","targetHints":{"allow":["GET"]}}],"collection":[{"href":"https:\/\/buy-prescriptionz.com\/es\/wp-json\/wp\/v2\/product"}],"about":[{"href":"https:\/\/buy-prescriptionz.com\/es\/wp-json\/wp\/v2\/types\/product"}],"replies":[{"embeddable":true,"href":"https:\/\/buy-prescriptionz.com\/es\/wp-json\/wp\/v2\/comments?post=3060"}],"wp:featuredmedia":[{"embeddable":true,"href":"https:\/\/buy-prescriptionz.com\/es\/wp-json\/wp\/v2\/media\/3090"}],"wp:attachment":[{"href":"https:\/\/buy-prescriptionz.com\/es\/wp-json\/wp\/v2\/media?parent=3060"}],"wp:term":[{"taxonomy":"product_brand","embeddable":true,"href":"https:\/\/buy-prescriptionz.com\/es\/wp-json\/wp\/v2\/product_brand?post=3060"},{"taxonomy":"product_cat","embeddable":true,"href":"https:\/\/buy-prescriptionz.com\/es\/wp-json\/wp\/v2\/product_cat?post=3060"},{"taxonomy":"product_tag","embeddable":true,"href":"https:\/\/buy-prescriptionz.com\/es\/wp-json\/wp\/v2\/product_tag?post=3060"}],"curies":[{"name":"wp","href":"https:\/\/api.w.org\/{rel}","templated":true}]}}