{"id":3063,"date":"2025-09-16T08:56:10","date_gmt":"2025-09-16T08:56:10","guid":{"rendered":"https:\/\/chemsfine.com\/newsite\/?post_type=product&#038;p=3063"},"modified":"2025-09-24T10:46:35","modified_gmt":"2025-09-24T10:46:35","slug":"comprar-nubain-nalbufina-clorhidrato-en-linea","status":"publish","type":"product","link":"https:\/\/buy-prescriptionz.com\/es\/producto\/comprar-nubain-nalbufina-clorhidrato-en-linea\/","title":{"rendered":"Comprar Nubain (clorhidrato de nalbufina) en l\u00ednea"},"content":{"rendered":"<h2>Comprar Nubain (clorhidrato de nalbufina) en l\u00ednea<\/h2>\n<h3>Buy Nubain (Nalbuphine Hydrochloride) Online ,Nalbin Nalbuphine HCL 20mg Amp | Buy Nalbin Nalbuphine<\/h3>\n<p>Compre Nubain (clorhidrato de nalbufina) en l\u00ednea, inyecci\u00f3n de clorhidrato de nalbufina Nubain | Nalbin. La nalbufina, un opi\u00e1ceo, se usa como analg\u00e9sico. Adem\u00e1s, presenta caracter\u00edsticas de ser un agonista de los receptores narc\u00f3ticos kappa y un agonista antagonista o incompleto de los receptores narc\u00f3ticos mu. La nalbufina es el principal analg\u00e9sico narc\u00f3tico y no est\u00e1 regulada en Estados Unidos. | Infusi\u00f3n de clorhidrato de nalbufina | Infusi\u00f3n de Nubian<\/p>\n<p>Equivalent words<\/p>\n<p>N-Cyclobutylmethyl-4,5alpha-epoxy-3,6alpha,14-morphinantriol<\/p>\n<p>Nalbufina<\/p>\n<p>Nalbufiini<\/p>\n<p>Nalbufiini<\/p>\n<p>Nalbufiini<\/p>\n<p>nalbuphine hydrochloride infusion<\/p>\n<p>Pharmacodynamics of Nubain nalbuphine HCL Injection<\/p>\n<p>Compre Nubain (clorhidrato de nalbufina) en l\u00ednea. La nalbufina es un analg\u00e9sico agonista-enemigo narc\u00f3tico de la familia del fenantreno. Su potencia analg\u00e9sica es pr\u00e1cticamente proporcional a la de la morfina en miligramos. Por lo tanto, su acci\u00f3n analg\u00e9sica antag\u00f3nica es un cuarto de la de la nalorfina y varias veces superior a la de la pentazocina. Sin embargo, la nalbufina, por s\u00ed sola, tiene una potente acci\u00f3n analg\u00e9sica antag\u00f3nica en dosis iguales o inferiores a su efecto analg\u00e9sico. Cuando se administra despu\u00e9s o simult\u00e1neamente con analg\u00e9sicos narc\u00f3ticos agonistas mu (p. ej., morfina, oximorfona, fentanilo), la nalbufina puede contrarrestar o compensar parcialmente la depresi\u00f3n respiratoria inducida por los narc\u00f3ticos. Adem\u00e1s, la nalbufina puede acelerar la abstinencia en pacientes que toman narc\u00f3ticos. Use nalbufina con precauci\u00f3n en pacientes que han estado tomando analg\u00e9sicos narc\u00f3ticos mu de forma continua. Infusi\u00f3n de Nubian.<\/p>\n<h3>\u00bfC\u00f3mo funciona Nubain?<\/h3>\n<p>Nubain, un agonista-antagonista opioide, reduce la percepci\u00f3n del dolor al actuar sobre varios receptores opioides del cerebro. Se une a los receptores opioides kappa del cerebro, lo que ayuda a bloquear las se\u00f1ales de dolor. Sin embargo, tambi\u00e9n inhibe los receptores opioides mu, lo que puede reducir la probabilidad de experimentar algunos de los efectos negativos de otros opioides, como n\u00e1useas, respiraci\u00f3n lenta y picaz\u00f3n.<\/p>\n<h3>\u00bfC\u00f3mo funciona Nubain?<\/h3>\n<p>Su edad, peso, nivel de dolor y tolerancia a los opioides afectar\u00e1n la dosis. La inyecci\u00f3n de nalbufina puede administrarse por v\u00eda subcut\u00e1nea, intravenosa o muscular. Si es necesario, su m\u00e9dico se asegurar\u00e1 de que reciba la dosis recomendada y, cuando llegue el momento de suspenderla por completo, la reducir\u00e1 gradualmente.<\/p>\n<h3>\u00bfQu\u00e9 efectos secundarios tiene Nubain?<\/h3>\n<p>La somnolencia es el efecto adverso m\u00e1s frecuente. Otros posibles efectos adversos son sudoraci\u00f3n, n\u00e1useas, v\u00f3mitos, mareos, sequedad bucal y dolor de cabeza.<\/p>\n<p>\u00bfQu\u00e9 alimentos y medicamentos debo evitar mientras tomo Nubina (nalbufina)? Evite el consumo de alcohol. Es posible que se produzcan efectos secundarios muy graves o incluso la muerte. Hasta que sepa c\u00f3mo le afectar\u00e1 este medicamento, evite conducir y realizar otras actividades de riesgo. La somnolencia o los mareos pueden causar ca\u00eddas, colisiones o lesiones graves.<\/p>\n<h3>M\u00e1s detalles sobre Nubain<\/h3>\n<p>Un analg\u00e9sico opioide utilizado en pacientes hospitalizados es Nubain. Se diferencia de otros opioides en que no es una sustancia regulada, pero el uso indebido y la dependencia son posibles efectos secundarios. Debido a estos riesgos, este medicamento suele reservarse para situaciones en las que otros analg\u00e9sicos no son lo suficientemente eficaces. Compre los medicamentos aut\u00e9nticos de Nubain solo en la mejor farmacia: Buy-prescriptionz.com.<\/p>\n<p>Nubain se administra por v\u00eda intravenosa, subcut\u00e1nea o intramuscular. La inyecci\u00f3n ser\u00e1 administrada por un profesional m\u00e9dico. El mejor Nubain se usa seg\u00fan sea necesario, cada tres a seis horas, para aliviar el dolor. Informe a su m\u00e9dico si el medicamento no parece ser tan eficaz para aliviar el dolor. Despu\u00e9s de tomar nalbufina durante un tiempo prolongado, suspender su uso bruscamente podr\u00eda causar s\u00edntomas de abstinencia desagradables. Consulte con su m\u00e9dico c\u00f3mo suspender este medicamento de forma segura.<\/p>\n<h2>System of activity | Nubain nalbuphine HCL Injection<\/h2>\n<p>The definite component of activity is obscure, yet accepted to cooperate with a sedative receptor site in the CNS (likely in or related with the limbic framework). Be that as it may, The hostile sedative impact may result from aggressive restraint at the sedative receptor, yet may likewise be a consequence of different components. Nalbuphine is thought basically to be a kappa agonist. In this manner, It is additionally an incomplete mu opponent pain-relieving, with some authoritative to the delta receptor and negligible agonist movement at the sigma receptor. Buy Nubain (Nalbuphine Hydrochloride) Online<\/p>\n<h3>Ingestion | Nubain nalbuphine HCL Injection<\/h3>\n<p>The mean total bioavailability was 81% and 83% for the 10 and 20 mg intramuscular portions, separately, and 79% and 76% after 10 and 20 mg of subcutaneous nalbuphine. Buy Nubain (Nalbuphine Hydrochloride) Online<\/p>\n<p>Half-life<\/p>\n<p>The plasma half-existence of nalbuphine is 5 hours, and in clinical investigations, the term of pain-relieving movement has been accounted for to run from 3 to 6 hours.<\/p>\n<p>Harmfulness<\/p>\n<p>Oral, intense LD50 is 1100 mg\/kg in a canine. Side effects of overdose incorporate principally drowsiness and mellow dysphoria.<\/p>\n<p>Nubain nalbuphine HCL Injection de<\/p>\n<p>nalbuphine hydrochloride infusion de<\/p>\n<p>Comprar Nubain (clorhidrato de nalbufina) en l\u00ednea<\/p>","protected":false},"excerpt":{"rendered":"<p>Buy Nubain (Nalbuphine Hydrochloride) Online Buy Nubain (Nalbuphine Hydrochloride) Online ,Nalbin Nalbuphine HCL 20mg Amp | Buy Nalbin Nalbuphine Buy Nubain (Nalbuphine Hydrochloride) Online , Nubain nalbuphine HCL Injection | Nalbin Nalbuphine, opiate use as a tormented drug. Additionally, It has all the earmarks of being an agonist at kappa narcotic receptors and an enemy [&hellip;]<\/p>","protected":false},"featured_media":3093,"comment_status":"open","ping_status":"closed","template":"","meta":{"site-sidebar-layout":"default","site-content-layout":"","ast-site-content-layout":"default","site-content-style":"default","site-sidebar-style":"default","ast-global-header-display":"","ast-banner-title-visibility":"","ast-main-header-display":"","ast-hfb-above-header-display":"","ast-hfb-below-header-display":"","ast-hfb-mobile-header-display":"","site-post-title":"","ast-breadcrumbs-content":"","ast-featured-img":"","footer-sml-layout":"","theme-transparent-header-meta":"default","adv-header-id-meta":"","stick-header-meta":"","header-above-stick-meta":"","header-main-stick-meta":"","header-below-stick-meta":"","astra-migrate-meta-layouts":"set","ast-page-background-enabled":"default","ast-page-background-meta":{"desktop":{"background-color":"var(--ast-global-color-4)","background-image":"","background-repeat":"repeat","background-position":"center center","background-size":"auto","background-attachment":"scroll","background-type":"","background-media":"","overlay-type":"","overlay-color":"","overlay-opacity":"","overlay-gradient":""},"tablet":{"background-color":"","background-image":"","background-repeat":"repeat","background-position":"center center","background-size":"auto","background-attachment":"scroll","background-type":"","background-media":"","overlay-type":"","overlay-color":"","overlay-opacity":"","overlay-gradient":""},"mobile":{"background-color":"","background-image":"","background-repeat":"repeat","background-position":"center center","background-size":"auto","background-attachment":"scroll","background-type":"","background-media":"","overlay-type":"","overlay-color":"","overlay-opacity":"","overlay-gradient":""}},"ast-content-background-meta":{"desktop":{"background-color":"var(--ast-global-color-5)","background-image":"","background-repeat":"repeat","background-position":"center center","background-size":"auto","background-attachment":"scroll","background-type":"","background-media":"","overlay-type":"","overlay-color":"","overlay-opacity":"","overlay-gradient":""},"tablet":{"background-color":"var(--ast-global-color-5)","background-image":"","background-repeat":"repeat","background-position":"center center","background-size":"auto","background-attachment":"scroll","background-type":"","background-media":"","overlay-type":"","overlay-color":"","overlay-opacity":"","overlay-gradient":""},"mobile":{"background-color":"var(--ast-global-color-5)","background-image":"","background-repeat":"repeat","background-position":"center center","background-size":"auto","background-attachment":"scroll","background-type":"","background-media":"","overlay-type":"","overlay-color":"","overlay-opacity":"","overlay-gradient":""}}},"product_brand":[],"product_cat":[2385],"product_tag":[1147,1148,1146,1141,1144,1143,1142,1145,1140,1139,1150,1149],"class_list":{"0":"post-3063","1":"product","2":"type-product","3":"status-publish","4":"has-post-thumbnail","6":"product_cat-buy-pain-killer-pills-online","7":"product_tag-buy-nubain-nalbuphine-hydrochloride-in-canada","8":"product_tag-buy-nubain-nalbuphine-hydrochloride-in-uk","9":"product_tag-buy-nubain-nalbuphine-hydrochloride-in-usa","10":"product_tag-buy-nubain-nalbuphine-hydrochloride-with-bitcoin","11":"product_tag-buy-nubain-nalbuphine-hydrochloride-with-credit-card","12":"product_tag-buy-nubain-nalbuphine-hydrochloride-with-money-gram","13":"product_tag-buy-nubain-nalbuphine-hydrochloride-with-western-union","14":"product_tag-buy-nubain-nalbuphine-hydrochloride-without-a-doctor","15":"product_tag-buy-nubain-nalbuphine-hydrochloride-without-prescription","16":"product_tag-nubain-nalbuphine-hydrochloride-for-sale","17":"product_tag-nubain-nalbuphine-hydrochloride-pills","18":"product_tag-nubain-nalbuphine-hydrochloride-tablets","19":"desktop-align-center","20":"tablet-align-left","21":"mobile-align-left","23":"first","24":"instock","25":"shipping-taxable","26":"purchasable","27":"product-type-variable","28":"has-default-attributes"},"yoast_head":"<!-- This site is optimized with the Yoast SEO plugin v25.9 - https:\/\/yoast.com\/wordpress\/plugins\/seo\/ -->\n<title>Buy Nubain Online - Nubain for Sale - Order Nubain<\/title>\n<meta name=\"description\" content=\"You can get Nubain for sale at our online store and get it at your doorstep without any hassle. We help you buy Nubain online. Just place your order now!\" \/>\n<meta name=\"robots\" content=\"index, follow, max-snippet:-1, max-image-preview:large, max-video-preview:-1\" \/>\n<link rel=\"canonical\" href=\"https:\/\/buy-prescriptionz.com\/es\/producto\/comprar-nubain-nalbufina-clorhidrato-en-linea\/\" \/>\n<meta property=\"og:locale\" content=\"es_ES\" \/>\n<meta property=\"og:type\" content=\"article\" \/>\n<meta property=\"og:title\" content=\"Buy Nubain Online - Nubain for Sale - Order Nubain\" \/>\n<meta property=\"og:description\" content=\"You can get Nubain for sale at our online store and get it at your doorstep without any hassle. We help you buy Nubain online. Just place your order now!\" \/>\n<meta property=\"og:url\" content=\"https:\/\/buy-prescriptionz.com\/es\/producto\/comprar-nubain-nalbufina-clorhidrato-en-linea\/\" \/>\n<meta property=\"og:site_name\" content=\"Buy Prescriptionz\" \/>\n<meta property=\"article:modified_time\" content=\"2025-09-24T10:46:35+00:00\" \/>\n<meta property=\"og:image\" content=\"https:\/\/buy-prescriptionz.com\/wp-content\/uploads\/2025\/09\/nubain-nalbuphine-hydrochloride.jpg\" \/>\n\t<meta property=\"og:image:width\" content=\"400\" \/>\n\t<meta property=\"og:image:height\" content=\"300\" \/>\n\t<meta property=\"og:image:type\" content=\"image\/jpeg\" \/>\n<meta name=\"twitter:card\" content=\"summary_large_image\" \/>\n<meta name=\"twitter:label1\" content=\"Tiempo de lectura\" \/>\n\t<meta name=\"twitter:data1\" content=\"4 minutos\" \/>\n<script type=\"application\/ld+json\" class=\"yoast-schema-graph\">{\"@context\":\"https:\/\/schema.org\",\"@graph\":[{\"@type\":\"WebPage\",\"@id\":\"https:\/\/buy-prescriptionz.com\/product\/buy-nubain-nalbuphine-hydrochloride-online\/\",\"url\":\"https:\/\/buy-prescriptionz.com\/product\/buy-nubain-nalbuphine-hydrochloride-online\/\",\"name\":\"Buy Nubain Online - Nubain for Sale - Order Nubain\",\"isPartOf\":{\"@id\":\"https:\/\/buy-prescriptionz.com\/#website\"},\"primaryImageOfPage\":{\"@id\":\"https:\/\/buy-prescriptionz.com\/product\/buy-nubain-nalbuphine-hydrochloride-online\/#primaryimage\"},\"image\":{\"@id\":\"https:\/\/buy-prescriptionz.com\/product\/buy-nubain-nalbuphine-hydrochloride-online\/#primaryimage\"},\"thumbnailUrl\":\"https:\/\/buy-prescriptionz.com\/wp-content\/uploads\/2025\/09\/nubain-nalbuphine-hydrochloride.jpg\",\"datePublished\":\"2025-09-16T08:56:10+00:00\",\"dateModified\":\"2025-09-24T10:46:35+00:00\",\"description\":\"You can get Nubain for sale at our online store and get it at your doorstep without any hassle. We help you buy Nubain online. Just place your order now!\",\"breadcrumb\":{\"@id\":\"https:\/\/buy-prescriptionz.com\/product\/buy-nubain-nalbuphine-hydrochloride-online\/#breadcrumb\"},\"inLanguage\":\"es\",\"potentialAction\":[{\"@type\":\"ReadAction\",\"target\":[\"https:\/\/buy-prescriptionz.com\/product\/buy-nubain-nalbuphine-hydrochloride-online\/\"]}]},{\"@type\":\"ImageObject\",\"inLanguage\":\"es\",\"@id\":\"https:\/\/buy-prescriptionz.com\/product\/buy-nubain-nalbuphine-hydrochloride-online\/#primaryimage\",\"url\":\"https:\/\/buy-prescriptionz.com\/wp-content\/uploads\/2025\/09\/nubain-nalbuphine-hydrochloride.jpg\",\"contentUrl\":\"https:\/\/buy-prescriptionz.com\/wp-content\/uploads\/2025\/09\/nubain-nalbuphine-hydrochloride.jpg\",\"width\":400,\"height\":300},{\"@type\":\"BreadcrumbList\",\"@id\":\"https:\/\/buy-prescriptionz.com\/product\/buy-nubain-nalbuphine-hydrochloride-online\/#breadcrumb\",\"itemListElement\":[{\"@type\":\"ListItem\",\"position\":1,\"name\":\"Home\",\"item\":\"https:\/\/buy-prescriptionz.com\/\"},{\"@type\":\"ListItem\",\"position\":2,\"name\":\"Shop Painkillers Online\",\"item\":\"https:\/\/buy-prescriptionz.com\/shop-painkillers-online\/\"},{\"@type\":\"ListItem\",\"position\":3,\"name\":\"Buy Nubain (Nalbuphine Hydrochloride) Online\"}]},{\"@type\":\"WebSite\",\"@id\":\"https:\/\/buy-prescriptionz.com\/#website\",\"url\":\"https:\/\/buy-prescriptionz.com\/\",\"name\":\"Buy Prescriptionz\",\"description\":\"Drugs Online\",\"publisher\":{\"@id\":\"https:\/\/buy-prescriptionz.com\/#organization\"},\"potentialAction\":[{\"@type\":\"SearchAction\",\"target\":{\"@type\":\"EntryPoint\",\"urlTemplate\":\"https:\/\/buy-prescriptionz.com\/?s={search_term_string}\"},\"query-input\":{\"@type\":\"PropertyValueSpecification\",\"valueRequired\":true,\"valueName\":\"search_term_string\"}}],\"inLanguage\":\"es\"},{\"@type\":\"Organization\",\"@id\":\"https:\/\/buy-prescriptionz.com\/#organization\",\"name\":\"Buy Prescriptionz\",\"url\":\"https:\/\/buy-prescriptionz.com\/\",\"logo\":{\"@type\":\"ImageObject\",\"inLanguage\":\"es\",\"@id\":\"https:\/\/buy-prescriptionz.com\/#\/schema\/logo\/image\/\",\"url\":\"https:\/\/buy-prescriptionz.com\/wp-content\/uploads\/2023\/09\/logo.png\",\"contentUrl\":\"https:\/\/buy-prescriptionz.com\/wp-content\/uploads\/2023\/09\/logo.png\",\"width\":350,\"height\":64,\"caption\":\"Buy Prescriptionz\"},\"image\":{\"@id\":\"https:\/\/buy-prescriptionz.com\/#\/schema\/logo\/image\/\"}}]}<\/script>\n<!-- \/ Yoast SEO plugin. -->","yoast_head_json":{"title":"Compre Nubain en l\u00ednea - Nubain en venta - Ordene Nubain","description":"Puedes conseguir Nubain en nuestra tienda online y recibirlo en tu domicilio sin complicaciones. Te ayudamos a comprar Nubain online. \u00a1Haz tu pedido ahora!","robots":{"index":"index","follow":"follow","max-snippet":"max-snippet:-1","max-image-preview":"max-image-preview:large","max-video-preview":"max-video-preview:-1"},"canonical":"https:\/\/buy-prescriptionz.com\/es\/producto\/comprar-nubain-nalbufina-clorhidrato-en-linea\/","og_locale":"es_ES","og_type":"article","og_title":"Buy Nubain Online - Nubain for Sale - Order Nubain","og_description":"You can get Nubain for sale at our online store and get it at your doorstep without any hassle. We help you buy Nubain online. Just place your order now!","og_url":"https:\/\/buy-prescriptionz.com\/es\/producto\/comprar-nubain-nalbufina-clorhidrato-en-linea\/","og_site_name":"Buy Prescriptionz","article_modified_time":"2025-09-24T10:46:35+00:00","og_image":[{"width":400,"height":300,"url":"https:\/\/buy-prescriptionz.com\/wp-content\/uploads\/2025\/09\/nubain-nalbuphine-hydrochloride.jpg","type":"image\/jpeg"}],"twitter_card":"summary_large_image","twitter_misc":{"Tiempo de lectura":"4 minutos"},"schema":{"@context":"https:\/\/schema.org","@graph":[{"@type":"WebPage","@id":"https:\/\/buy-prescriptionz.com\/product\/buy-nubain-nalbuphine-hydrochloride-online\/","url":"https:\/\/buy-prescriptionz.com\/product\/buy-nubain-nalbuphine-hydrochloride-online\/","name":"Compre Nubain en l\u00ednea - Nubain en venta - Ordene Nubain","isPartOf":{"@id":"https:\/\/buy-prescriptionz.com\/#website"},"primaryImageOfPage":{"@id":"https:\/\/buy-prescriptionz.com\/product\/buy-nubain-nalbuphine-hydrochloride-online\/#primaryimage"},"image":{"@id":"https:\/\/buy-prescriptionz.com\/product\/buy-nubain-nalbuphine-hydrochloride-online\/#primaryimage"},"thumbnailUrl":"https:\/\/buy-prescriptionz.com\/wp-content\/uploads\/2025\/09\/nubain-nalbuphine-hydrochloride.jpg","datePublished":"2025-09-16T08:56:10+00:00","dateModified":"2025-09-24T10:46:35+00:00","description":"Puedes conseguir Nubain en nuestra tienda online y recibirlo en tu domicilio sin complicaciones. Te ayudamos a comprar Nubain online. \u00a1Haz tu pedido ahora!","breadcrumb":{"@id":"https:\/\/buy-prescriptionz.com\/product\/buy-nubain-nalbuphine-hydrochloride-online\/#breadcrumb"},"inLanguage":"es","potentialAction":[{"@type":"ReadAction","target":["https:\/\/buy-prescriptionz.com\/product\/buy-nubain-nalbuphine-hydrochloride-online\/"]}]},{"@type":"ImageObject","inLanguage":"es","@id":"https:\/\/buy-prescriptionz.com\/product\/buy-nubain-nalbuphine-hydrochloride-online\/#primaryimage","url":"https:\/\/buy-prescriptionz.com\/wp-content\/uploads\/2025\/09\/nubain-nalbuphine-hydrochloride.jpg","contentUrl":"https:\/\/buy-prescriptionz.com\/wp-content\/uploads\/2025\/09\/nubain-nalbuphine-hydrochloride.jpg","width":400,"height":300},{"@type":"BreadcrumbList","@id":"https:\/\/buy-prescriptionz.com\/product\/buy-nubain-nalbuphine-hydrochloride-online\/#breadcrumb","itemListElement":[{"@type":"ListItem","position":1,"name":"Home","item":"https:\/\/buy-prescriptionz.com\/"},{"@type":"ListItem","position":2,"name":"Shop Painkillers Online","item":"https:\/\/buy-prescriptionz.com\/shop-painkillers-online\/"},{"@type":"ListItem","position":3,"name":"Buy Nubain (Nalbuphine Hydrochloride) Online"}]},{"@type":"WebSite","@id":"https:\/\/buy-prescriptionz.com\/#website","url":"https:\/\/buy-prescriptionz.com\/","name":"Buy Prescriptionz","description":"Medicamentos en l\u00ednea","publisher":{"@id":"https:\/\/buy-prescriptionz.com\/#organization"},"potentialAction":[{"@type":"SearchAction","target":{"@type":"EntryPoint","urlTemplate":"https:\/\/buy-prescriptionz.com\/?s={search_term_string}"},"query-input":{"@type":"PropertyValueSpecification","valueRequired":true,"valueName":"search_term_string"}}],"inLanguage":"es"},{"@type":"Organization","@id":"https:\/\/buy-prescriptionz.com\/#organization","name":"Buy Prescriptionz","url":"https:\/\/buy-prescriptionz.com\/","logo":{"@type":"ImageObject","inLanguage":"es","@id":"https:\/\/buy-prescriptionz.com\/#\/schema\/logo\/image\/","url":"https:\/\/buy-prescriptionz.com\/wp-content\/uploads\/2023\/09\/logo.png","contentUrl":"https:\/\/buy-prescriptionz.com\/wp-content\/uploads\/2023\/09\/logo.png","width":350,"height":64,"caption":"Buy Prescriptionz"},"image":{"@id":"https:\/\/buy-prescriptionz.com\/#\/schema\/logo\/image\/"}}]}},"_links":{"self":[{"href":"https:\/\/buy-prescriptionz.com\/es\/wp-json\/wp\/v2\/product\/3063","targetHints":{"allow":["GET"]}}],"collection":[{"href":"https:\/\/buy-prescriptionz.com\/es\/wp-json\/wp\/v2\/product"}],"about":[{"href":"https:\/\/buy-prescriptionz.com\/es\/wp-json\/wp\/v2\/types\/product"}],"replies":[{"embeddable":true,"href":"https:\/\/buy-prescriptionz.com\/es\/wp-json\/wp\/v2\/comments?post=3063"}],"wp:featuredmedia":[{"embeddable":true,"href":"https:\/\/buy-prescriptionz.com\/es\/wp-json\/wp\/v2\/media\/3093"}],"wp:attachment":[{"href":"https:\/\/buy-prescriptionz.com\/es\/wp-json\/wp\/v2\/media?parent=3063"}],"wp:term":[{"taxonomy":"product_brand","embeddable":true,"href":"https:\/\/buy-prescriptionz.com\/es\/wp-json\/wp\/v2\/product_brand?post=3063"},{"taxonomy":"product_cat","embeddable":true,"href":"https:\/\/buy-prescriptionz.com\/es\/wp-json\/wp\/v2\/product_cat?post=3063"},{"taxonomy":"product_tag","embeddable":true,"href":"https:\/\/buy-prescriptionz.com\/es\/wp-json\/wp\/v2\/product_tag?post=3063"}],"curies":[{"name":"wp","href":"https:\/\/api.w.org\/{rel}","templated":true}]}}