{"id":3064,"date":"2025-09-16T08:56:10","date_gmt":"2025-09-16T08:56:10","guid":{"rendered":"https:\/\/chemsfine.com\/newsite\/?post_type=product&#038;p=3064"},"modified":"2025-09-24T10:04:29","modified_gmt":"2025-09-24T10:04:29","slug":"comprar-pastillas-norco-en-linea","status":"publish","type":"product","link":"https:\/\/buy-prescriptionz.com\/es\/producto\/comprar-pastillas-norco-en-linea\/","title":{"rendered":"Comprar Norco Tabs en l\u00ednea"},"content":{"rendered":"<h2>Comprar Norco Tabs en l\u00ednea<\/h2>\n<h3>\u00bfQu\u00e9 es Norco?<\/h3>\n<p>Las tabletas Norco contienen una combinaci\u00f3n de acetaminof\u00e9n e hidrocodona. La hidrocodona es un analg\u00e9sico opioide. Un narc\u00f3tico es otro t\u00e9rmino para un opioide. El acetaminof\u00e9n, un analg\u00e9sico menos efectivo, intensifica los efectos de la hidrocodona.<\/p>\n<h3>Comprar NORCO (PESTA\u00d1AS AMARILLAS) EN L\u00cdNEA<\/h3>\n<p>Comprar NORCO (YELLOW TABS) ONLINE Comprar Norco Tabs Online, Norco (Yellow Tabs) es un medicamento de mezcla de acetaminofeno e hidrocodona, que tiene un lugar con la reuni\u00f3n de los analg\u00e9sicos narc\u00f3ticos (opi\u00e1ceos). Las tabletas amarillas son lo suficientemente fuertes como para reducir la grave agon\u00eda en curso en los pacientes a causa de crecimiento maligno como Comprar Norco Tabs Online circunstancias y ...<\/p>\n<h3>\u00bfC\u00f3mo debo consumir Norco?<\/h3>\n<p>Siga estrictamente las instrucciones de Norco. Observe las instrucciones de la etiqueta de su medicamento. Nunca use este medicamento por m\u00e1s tiempo del recomendado ni en dosis mayores. Una sobredosis puede causar la muerte o da\u00f1o hep\u00e1tico. Informe a su m\u00e9dico si el medicamento no parece ser tan eficaz para aliviar el dolor. Incluso en dosis normales, la hidrocodona puede causar adicci\u00f3n. Nunca le d\u00e9 este medicamento a otra persona, especialmente si tiene antecedentes de adicci\u00f3n o abuso de drogas. Especialmente cuando el medicamento es usado sin receta por ni\u00f1os u otras personas, el abuso de narc\u00f3ticos puede causar adicci\u00f3n, sobredosis o la muerte. Es ilegal regalar o vender Norco.<\/p>\n<p>Informe a su m\u00e9dico con antelaci\u00f3n si va a tomar este medicamento si necesita cirug\u00eda u otras pruebas m\u00e9dicas. Es posible que deba dejar de tomarlo brevemente. Despu\u00e9s de tomarlo durante un tiempo prolongado, no lo suspenda bruscamente, ya que esto puede causar s\u00edntomas de abstinencia desagradables. Consulte con su m\u00e9dico c\u00f3mo dejar de tomar Norco de forma segura.<\/p>\n<p>El mejor Norco debe conservarse a temperatura ambiente, alejado del calor y la humedad. Registre la cantidad de medicamento que toma de cada frasco nuevo. Dado que la hidrocodona es una droga de abuso, debe estar atento a cualquier uso inapropiado o sin receta de su medicamento. Aseg\u00farese de obtener las mismas pastillas (del mismo tipo y marca) que le recet\u00f3 su m\u00e9dico revisando siempre el frasco. Para comprar Norco en l\u00ednea de forma confiable y c\u00f3moda, elija Buy-prescriptionz.com. Con una amplia selecci\u00f3n de medicamentos genuinos, precios competitivos, transacciones seguras y un excelente servicio al cliente, Buy-prescriptionz.com, una de las mejores farmacias, le garantiza una experiencia de compra sin complicaciones. Visite Buy-prescriptionz.com hoy mismo para satisfacer sus necesidades de medicamentos con confianza.<\/p>\n<h3>Norco se prescribe a las personas que padecen:<\/h3>\n<p>\u2022 Ajustes musculares<\/p>\n<p>\u2022 Las lesiones atormentan.<\/p>\n<h3>Medidas de precauci\u00f3n<\/h3>\n<p>\u2022 Norco no est\u00e1 protegido durante el embarazo, ya que podr\u00eda causar deformidades en el feto.<\/p>\n<p>\u2022 Se desaconseja cuidadosamente el uso de alcohol o marihuana junto con este medicamento.<\/p>\n<p>\u2022 Norco no es para pacientes con enfermedades card\u00edacas y pulmonares.<\/p>\n<h3>Reacciones<\/h3>\n<p>- Mareos,<\/p>\n<p>- Dolor de cabeza<\/p>\n<p>\u2022 Convulsiones<\/p>\n<p>\u2022 Hinchaz\u00f3n.<\/p>\n<h3>Advertencias<\/h3>\n<p>La hidrocodona puede ralentizar o detener la respiraci\u00f3n. Nunca use Norco por m\u00e1s tiempo del recomendado ni en dosis mayores. Incluso en dosis normales, los analg\u00e9sicos opioides pueden causar adicci\u00f3n. Nunca le d\u00e9 Norco a otra persona, especialmente si tiene antecedentes de adicci\u00f3n o abuso de drogas. Aseg\u00farese de mantener el medicamento fuera del alcance de otras personas. Especialmente cuando el medicamento se usa sin receta m\u00e9dica por ni\u00f1os u otras personas, el abuso de narc\u00f3ticos puede provocar adicci\u00f3n, sobredosis o la muerte.<\/p>\n<p>Si se utiliz\u00f3 un inhibidor de la MAO, como isocarboxazida, linezolida, inyecci\u00f3n de azul de metileno, fenelzina, rasagilina, selegilina o tranilcipromina, durante los 14 d\u00edas anteriores, evite usar Norco.<\/p>","protected":false},"excerpt":{"rendered":"<p>Buy Norco Tabs Online What is Norco? Acetaminophen and hydrocodone are combined in Norco tabs. One kind of opioid painkiller is hydrocodone. A narcotic is another term for an opioid. The less effective analgesic acetaminophen intensifies the effects of hydrocodone. Purchase NORCO (YELLOW TABS) ONLINE Buy Norco Tabs Online, Norco (Yellow Tabs) is a blend [&hellip;]<\/p>","protected":false},"featured_media":3094,"comment_status":"open","ping_status":"closed","template":"","meta":{"site-sidebar-layout":"default","site-content-layout":"","ast-site-content-layout":"default","site-content-style":"default","site-sidebar-style":"default","ast-global-header-display":"","ast-banner-title-visibility":"","ast-main-header-display":"","ast-hfb-above-header-display":"","ast-hfb-below-header-display":"","ast-hfb-mobile-header-display":"","site-post-title":"","ast-breadcrumbs-content":"","ast-featured-img":"","footer-sml-layout":"","theme-transparent-header-meta":"default","adv-header-id-meta":"","stick-header-meta":"","header-above-stick-meta":"","header-main-stick-meta":"","header-below-stick-meta":"","astra-migrate-meta-layouts":"set","ast-page-background-enabled":"default","ast-page-background-meta":{"desktop":{"background-color":"var(--ast-global-color-4)","background-image":"","background-repeat":"repeat","background-position":"center center","background-size":"auto","background-attachment":"scroll","background-type":"","background-media":"","overlay-type":"","overlay-color":"","overlay-opacity":"","overlay-gradient":""},"tablet":{"background-color":"","background-image":"","background-repeat":"repeat","background-position":"center center","background-size":"auto","background-attachment":"scroll","background-type":"","background-media":"","overlay-type":"","overlay-color":"","overlay-opacity":"","overlay-gradient":""},"mobile":{"background-color":"","background-image":"","background-repeat":"repeat","background-position":"center center","background-size":"auto","background-attachment":"scroll","background-type":"","background-media":"","overlay-type":"","overlay-color":"","overlay-opacity":"","overlay-gradient":""}},"ast-content-background-meta":{"desktop":{"background-color":"var(--ast-global-color-5)","background-image":"","background-repeat":"repeat","background-position":"center center","background-size":"auto","background-attachment":"scroll","background-type":"","background-media":"","overlay-type":"","overlay-color":"","overlay-opacity":"","overlay-gradient":""},"tablet":{"background-color":"var(--ast-global-color-5)","background-image":"","background-repeat":"repeat","background-position":"center center","background-size":"auto","background-attachment":"scroll","background-type":"","background-media":"","overlay-type":"","overlay-color":"","overlay-opacity":"","overlay-gradient":""},"mobile":{"background-color":"var(--ast-global-color-5)","background-image":"","background-repeat":"repeat","background-position":"center center","background-size":"auto","background-attachment":"scroll","background-type":"","background-media":"","overlay-type":"","overlay-color":"","overlay-opacity":"","overlay-gradient":""}}},"product_brand":[],"product_cat":[2385],"product_tag":[1159,1160,1158,1153,1156,1155,1154,1157,1152,1151,1162,1161],"class_list":{"0":"post-3064","1":"product","2":"type-product","3":"status-publish","4":"has-post-thumbnail","6":"product_cat-buy-pain-killer-pills-online","7":"product_tag-buy-norco-yellow-tabs-in-canada","8":"product_tag-buy-norco-yellow-tabs-in-uk","9":"product_tag-buy-norco-yellow-tabs-in-usa","10":"product_tag-buy-norco-yellow-tabs-with-bitcoin","11":"product_tag-buy-norco-yellow-tabs-with-credit-card","12":"product_tag-buy-norco-yellow-tabs-with-money-gram","13":"product_tag-buy-norco-yellow-tabs-with-western-union","14":"product_tag-buy-norco-yellow-tabs-without-a-doctor","15":"product_tag-buy-norco-yellow-tabs-without-prescription","16":"product_tag-norco-yellow-tabs-for-sale","17":"product_tag-norco-yellow-tabs-pills","18":"product_tag-norco-yellow-tabs-tablets","19":"desktop-align-center","20":"tablet-align-left","21":"mobile-align-left","23":"first","24":"instock","25":"shipping-taxable","26":"purchasable","27":"product-type-variable","28":"has-default-attributes"},"yoast_head":"<!-- This site is optimized with the Yoast SEO plugin v25.9 - https:\/\/yoast.com\/wordpress\/plugins\/seo\/ -->\n<title>Buy Norco Tabs Online - Norco Tabs for Sale - Order Norco Tabs<\/title>\n<meta name=\"description\" content=\"Your requirement to buy Norco Tabs online can be fulfilled at our online store as we have Norco Tabs for sale here. Place your order and get affordable deals every day. Order Now!\" \/>\n<meta name=\"robots\" content=\"index, follow, max-snippet:-1, max-image-preview:large, max-video-preview:-1\" \/>\n<link rel=\"canonical\" href=\"https:\/\/buy-prescriptionz.com\/es\/producto\/comprar-pastillas-norco-en-linea\/\" \/>\n<meta property=\"og:locale\" content=\"es_ES\" \/>\n<meta property=\"og:type\" content=\"article\" \/>\n<meta property=\"og:title\" content=\"Buy Norco Tabs Online - Norco Tabs for Sale - Order Norco Tabs\" \/>\n<meta property=\"og:description\" content=\"Your requirement to buy Norco Tabs online can be fulfilled at our online store as we have Norco Tabs for sale here. Place your order and get affordable deals every day. Order Now!\" \/>\n<meta property=\"og:url\" content=\"https:\/\/buy-prescriptionz.com\/es\/producto\/comprar-pastillas-norco-en-linea\/\" \/>\n<meta property=\"og:site_name\" content=\"Buy Prescriptionz\" \/>\n<meta property=\"article:modified_time\" content=\"2025-09-24T10:04:29+00:00\" \/>\n<meta property=\"og:image\" content=\"https:\/\/buy-prescriptionz.com\/wp-content\/uploads\/2025\/09\/norco-yellow-tabs.jpg\" \/>\n\t<meta property=\"og:image:width\" content=\"400\" \/>\n\t<meta property=\"og:image:height\" content=\"300\" \/>\n\t<meta property=\"og:image:type\" content=\"image\/jpeg\" \/>\n<meta name=\"twitter:card\" content=\"summary_large_image\" \/>\n<meta name=\"twitter:label1\" content=\"Tiempo de lectura\" \/>\n\t<meta name=\"twitter:data1\" content=\"3 minutos\" \/>\n<script type=\"application\/ld+json\" class=\"yoast-schema-graph\">{\"@context\":\"https:\/\/schema.org\",\"@graph\":[{\"@type\":\"WebPage\",\"@id\":\"https:\/\/buy-prescriptionz.com\/product\/buy-norco-tabs-online\/\",\"url\":\"https:\/\/buy-prescriptionz.com\/product\/buy-norco-tabs-online\/\",\"name\":\"Buy Norco Tabs Online - Norco Tabs for Sale - Order Norco Tabs\",\"isPartOf\":{\"@id\":\"https:\/\/buy-prescriptionz.com\/#website\"},\"primaryImageOfPage\":{\"@id\":\"https:\/\/buy-prescriptionz.com\/product\/buy-norco-tabs-online\/#primaryimage\"},\"image\":{\"@id\":\"https:\/\/buy-prescriptionz.com\/product\/buy-norco-tabs-online\/#primaryimage\"},\"thumbnailUrl\":\"https:\/\/buy-prescriptionz.com\/wp-content\/uploads\/2025\/09\/norco-yellow-tabs.jpg\",\"datePublished\":\"2025-09-16T08:56:10+00:00\",\"dateModified\":\"2025-09-24T10:04:29+00:00\",\"description\":\"Your requirement to buy Norco Tabs online can be fulfilled at our online store as we have Norco Tabs for sale here. Place your order and get affordable deals every day. Order Now!\",\"breadcrumb\":{\"@id\":\"https:\/\/buy-prescriptionz.com\/product\/buy-norco-tabs-online\/#breadcrumb\"},\"inLanguage\":\"es\",\"potentialAction\":[{\"@type\":\"ReadAction\",\"target\":[\"https:\/\/buy-prescriptionz.com\/product\/buy-norco-tabs-online\/\"]}]},{\"@type\":\"ImageObject\",\"inLanguage\":\"es\",\"@id\":\"https:\/\/buy-prescriptionz.com\/product\/buy-norco-tabs-online\/#primaryimage\",\"url\":\"https:\/\/buy-prescriptionz.com\/wp-content\/uploads\/2025\/09\/norco-yellow-tabs.jpg\",\"contentUrl\":\"https:\/\/buy-prescriptionz.com\/wp-content\/uploads\/2025\/09\/norco-yellow-tabs.jpg\",\"width\":400,\"height\":300},{\"@type\":\"BreadcrumbList\",\"@id\":\"https:\/\/buy-prescriptionz.com\/product\/buy-norco-tabs-online\/#breadcrumb\",\"itemListElement\":[{\"@type\":\"ListItem\",\"position\":1,\"name\":\"Home\",\"item\":\"https:\/\/buy-prescriptionz.com\/\"},{\"@type\":\"ListItem\",\"position\":2,\"name\":\"Shop Painkillers Online\",\"item\":\"https:\/\/buy-prescriptionz.com\/shop-painkillers-online\/\"},{\"@type\":\"ListItem\",\"position\":3,\"name\":\"Buy Norco Tabs Online\"}]},{\"@type\":\"WebSite\",\"@id\":\"https:\/\/buy-prescriptionz.com\/#website\",\"url\":\"https:\/\/buy-prescriptionz.com\/\",\"name\":\"Buy Prescriptionz\",\"description\":\"Drugs Online\",\"publisher\":{\"@id\":\"https:\/\/buy-prescriptionz.com\/#organization\"},\"potentialAction\":[{\"@type\":\"SearchAction\",\"target\":{\"@type\":\"EntryPoint\",\"urlTemplate\":\"https:\/\/buy-prescriptionz.com\/?s={search_term_string}\"},\"query-input\":{\"@type\":\"PropertyValueSpecification\",\"valueRequired\":true,\"valueName\":\"search_term_string\"}}],\"inLanguage\":\"es\"},{\"@type\":\"Organization\",\"@id\":\"https:\/\/buy-prescriptionz.com\/#organization\",\"name\":\"Buy Prescriptionz\",\"url\":\"https:\/\/buy-prescriptionz.com\/\",\"logo\":{\"@type\":\"ImageObject\",\"inLanguage\":\"es\",\"@id\":\"https:\/\/buy-prescriptionz.com\/#\/schema\/logo\/image\/\",\"url\":\"https:\/\/buy-prescriptionz.com\/wp-content\/uploads\/2023\/09\/logo.png\",\"contentUrl\":\"https:\/\/buy-prescriptionz.com\/wp-content\/uploads\/2023\/09\/logo.png\",\"width\":350,\"height\":64,\"caption\":\"Buy Prescriptionz\"},\"image\":{\"@id\":\"https:\/\/buy-prescriptionz.com\/#\/schema\/logo\/image\/\"}}]}<\/script>\n<!-- \/ Yoast SEO plugin. -->","yoast_head_json":{"title":"Compre Norco Tabs en l\u00ednea - Norco Tabs a la venta - Ordene Norco Tabs","description":"Si necesita comprar Norco Tabs en l\u00ednea, puede hacerlo en nuestra tienda en l\u00ednea, ya que tenemos Norco Tabs a la venta. Haga su pedido y obtenga ofertas incre\u00edbles todos los d\u00edas. \u00a1Compre ahora!","robots":{"index":"index","follow":"follow","max-snippet":"max-snippet:-1","max-image-preview":"max-image-preview:large","max-video-preview":"max-video-preview:-1"},"canonical":"https:\/\/buy-prescriptionz.com\/es\/producto\/comprar-pastillas-norco-en-linea\/","og_locale":"es_ES","og_type":"article","og_title":"Buy Norco Tabs Online - Norco Tabs for Sale - Order Norco Tabs","og_description":"Your requirement to buy Norco Tabs online can be fulfilled at our online store as we have Norco Tabs for sale here. Place your order and get affordable deals every day. Order Now!","og_url":"https:\/\/buy-prescriptionz.com\/es\/producto\/comprar-pastillas-norco-en-linea\/","og_site_name":"Buy Prescriptionz","article_modified_time":"2025-09-24T10:04:29+00:00","og_image":[{"width":400,"height":300,"url":"https:\/\/buy-prescriptionz.com\/wp-content\/uploads\/2025\/09\/norco-yellow-tabs.jpg","type":"image\/jpeg"}],"twitter_card":"summary_large_image","twitter_misc":{"Tiempo de lectura":"3 minutos"},"schema":{"@context":"https:\/\/schema.org","@graph":[{"@type":"WebPage","@id":"https:\/\/buy-prescriptionz.com\/product\/buy-norco-tabs-online\/","url":"https:\/\/buy-prescriptionz.com\/product\/buy-norco-tabs-online\/","name":"Compre Norco Tabs en l\u00ednea - Norco Tabs a la venta - Ordene Norco Tabs","isPartOf":{"@id":"https:\/\/buy-prescriptionz.com\/#website"},"primaryImageOfPage":{"@id":"https:\/\/buy-prescriptionz.com\/product\/buy-norco-tabs-online\/#primaryimage"},"image":{"@id":"https:\/\/buy-prescriptionz.com\/product\/buy-norco-tabs-online\/#primaryimage"},"thumbnailUrl":"https:\/\/buy-prescriptionz.com\/wp-content\/uploads\/2025\/09\/norco-yellow-tabs.jpg","datePublished":"2025-09-16T08:56:10+00:00","dateModified":"2025-09-24T10:04:29+00:00","description":"Si necesita comprar Norco Tabs en l\u00ednea, puede hacerlo en nuestra tienda en l\u00ednea, ya que tenemos Norco Tabs a la venta. Haga su pedido y obtenga ofertas incre\u00edbles todos los d\u00edas. \u00a1Compre ahora!","breadcrumb":{"@id":"https:\/\/buy-prescriptionz.com\/product\/buy-norco-tabs-online\/#breadcrumb"},"inLanguage":"es","potentialAction":[{"@type":"ReadAction","target":["https:\/\/buy-prescriptionz.com\/product\/buy-norco-tabs-online\/"]}]},{"@type":"ImageObject","inLanguage":"es","@id":"https:\/\/buy-prescriptionz.com\/product\/buy-norco-tabs-online\/#primaryimage","url":"https:\/\/buy-prescriptionz.com\/wp-content\/uploads\/2025\/09\/norco-yellow-tabs.jpg","contentUrl":"https:\/\/buy-prescriptionz.com\/wp-content\/uploads\/2025\/09\/norco-yellow-tabs.jpg","width":400,"height":300},{"@type":"BreadcrumbList","@id":"https:\/\/buy-prescriptionz.com\/product\/buy-norco-tabs-online\/#breadcrumb","itemListElement":[{"@type":"ListItem","position":1,"name":"Home","item":"https:\/\/buy-prescriptionz.com\/"},{"@type":"ListItem","position":2,"name":"Shop Painkillers Online","item":"https:\/\/buy-prescriptionz.com\/shop-painkillers-online\/"},{"@type":"ListItem","position":3,"name":"Buy Norco Tabs Online"}]},{"@type":"WebSite","@id":"https:\/\/buy-prescriptionz.com\/#website","url":"https:\/\/buy-prescriptionz.com\/","name":"Buy Prescriptionz","description":"Medicamentos en l\u00ednea","publisher":{"@id":"https:\/\/buy-prescriptionz.com\/#organization"},"potentialAction":[{"@type":"SearchAction","target":{"@type":"EntryPoint","urlTemplate":"https:\/\/buy-prescriptionz.com\/?s={search_term_string}"},"query-input":{"@type":"PropertyValueSpecification","valueRequired":true,"valueName":"search_term_string"}}],"inLanguage":"es"},{"@type":"Organization","@id":"https:\/\/buy-prescriptionz.com\/#organization","name":"Buy Prescriptionz","url":"https:\/\/buy-prescriptionz.com\/","logo":{"@type":"ImageObject","inLanguage":"es","@id":"https:\/\/buy-prescriptionz.com\/#\/schema\/logo\/image\/","url":"https:\/\/buy-prescriptionz.com\/wp-content\/uploads\/2023\/09\/logo.png","contentUrl":"https:\/\/buy-prescriptionz.com\/wp-content\/uploads\/2023\/09\/logo.png","width":350,"height":64,"caption":"Buy Prescriptionz"},"image":{"@id":"https:\/\/buy-prescriptionz.com\/#\/schema\/logo\/image\/"}}]}},"_links":{"self":[{"href":"https:\/\/buy-prescriptionz.com\/es\/wp-json\/wp\/v2\/product\/3064","targetHints":{"allow":["GET"]}}],"collection":[{"href":"https:\/\/buy-prescriptionz.com\/es\/wp-json\/wp\/v2\/product"}],"about":[{"href":"https:\/\/buy-prescriptionz.com\/es\/wp-json\/wp\/v2\/types\/product"}],"replies":[{"embeddable":true,"href":"https:\/\/buy-prescriptionz.com\/es\/wp-json\/wp\/v2\/comments?post=3064"}],"wp:featuredmedia":[{"embeddable":true,"href":"https:\/\/buy-prescriptionz.com\/es\/wp-json\/wp\/v2\/media\/3094"}],"wp:attachment":[{"href":"https:\/\/buy-prescriptionz.com\/es\/wp-json\/wp\/v2\/media?parent=3064"}],"wp:term":[{"taxonomy":"product_brand","embeddable":true,"href":"https:\/\/buy-prescriptionz.com\/es\/wp-json\/wp\/v2\/product_brand?post=3064"},{"taxonomy":"product_cat","embeddable":true,"href":"https:\/\/buy-prescriptionz.com\/es\/wp-json\/wp\/v2\/product_cat?post=3064"},{"taxonomy":"product_tag","embeddable":true,"href":"https:\/\/buy-prescriptionz.com\/es\/wp-json\/wp\/v2\/product_tag?post=3064"}],"curies":[{"name":"wp","href":"https:\/\/api.w.org\/{rel}","templated":true}]}}