{"id":3065,"date":"2025-09-16T08:56:10","date_gmt":"2025-09-16T08:56:10","guid":{"rendered":"https:\/\/chemsfine.com\/newsite\/?post_type=product&#038;p=3065"},"modified":"2025-09-24T06:50:48","modified_gmt":"2025-09-24T06:50:48","slug":"comprar-nitrazepam-en-linea","status":"publish","type":"product","link":"https:\/\/buy-prescriptionz.com\/es\/producto\/comprar-nitrazepam-en-linea\/","title":{"rendered":"Comprar Nitrazepam (Nipam) en l\u00ednea"},"content":{"rendered":"<h2>Comprar Nitrazepam (Nipam) en l\u00ednea<\/h2>\n<h3>Comprar Nitrazepam (Nipam) en l\u00ednea Informaci\u00f3n general:<\/h3>\n<p>El nitrazepam es un sedante que se usa a corto plazo para ayudar a conciliar el sue\u00f1o. Pertenece al grupo de las benzodiazepinas. Se utiliza principalmente en casos graves, incapacitantes o que causan angustia extrema.<\/p>\n<p>El costo del medicamento Buy Nitrazepam 5 mg es mucho menor que el precio minorista. Solicite recetas m\u00e9dicas que requieran poco o ning\u00fan esfuerzo, de medicamentos legales y confiables en EE. UU. El nitrazepam puede causar inestabilidad, somnolencia o cambios en la visi\u00f3n. Estos efectos pueden ser m\u00e1s graves si se toma con alcohol o ciertos medicamentos. Use Nitrazepam con precauci\u00f3n. Evite conducir o realizar otras tareas potencialmente peligrosas hasta que sepa c\u00f3mo reacciona. Contin\u00fae usando Nitrazepam con precauci\u00f3n la ma\u00f1ana siguiente a la toma de Nitrazepam. Evite beber alcohol o usar medicamentos que puedan causar somnolencia (por ejemplo, tranquilizantes, relajantes musculares) mientras est\u00e9 tomando Nitrazepam; esto podr\u00eda aumentar sus efectos. Consulte a su farmac\u00e9utico si tiene preguntas sobre qu\u00e9 medicamentos pueden causar somnolencia. Los s\u00edntomas comunes, como mareos, inestabilidad, problemas de coordinaci\u00f3n y problemas de memoria, suelen aparecer dentro de la hora posterior a la toma de Nitrazepam. Aseg\u00farese de tomar Nitrazepam justo antes de acostarse o despu\u00e9s de acostarse. Esto disminuir\u00e1 estos s\u00edntomas. El Nitrazepam puede aumentar la probabilidad de quemaduras solares. Evite el sol, las l\u00e1mparas solares o las \u00e1reas de bronceado hasta que sepa c\u00f3mo reacciona al Nitrazepam. Use protector solar o ropa protectora si va a estar al aire libre durante un per\u00edodo prolongado. Informe a su m\u00e9dico de cabecera u dentista que toma Nitrazepam antes de cualquier atenci\u00f3n m\u00e9dica, dental, de urgencia o procedimiento m\u00e9dico. Este producto puede contener colorante tartrazina. Esto puede causar una reacci\u00f3n al\u00e9rgica en algunos pacientes. Si alguna vez ha tenido una reacci\u00f3n al\u00e9rgica a la tartrazina, pregunte si su producto contiene tartrazina. No tome m\u00e1s de la dosis recomendada ni lo use por m\u00e1s tiempo del recomendado sin consultar a su m\u00e9dico de cabecera. Es posible que experimente molestias al quedarse dormido durante una o dos noches despu\u00e9s de dejar de tomar nitrazepam. Si esto persiste, consulte a su m\u00e9dico de cabecera.<\/p>\n<h3>Comprar Nitrazepam (Nipam) 5mg<\/h3>\n<p>Comprar Nitrazepam (Nipam) en l\u00ednea, Usted puede comprar Nitrazepam en la web (Nipam) 5mg solicitud aqu\u00ed, tenemos excelente Nitrazepam (Mogadon) 5mg p\u00edldoras. comprar Nitrazepam (Nipam) 5mg en l\u00ednea sin la medicina.<\/p>\n<p><strong>Comprar Nitrazepam (Nipam) 5mg en l\u00ednea por el mejor sitio en l\u00ednea sin receta.<\/strong><\/p>\n<p>Nitrazepam (Nipam) 5mg<\/p>\n<p>Nitrazepam (Nipam) 5mg Pastillas de primera calidad<\/p>\n<p>Entrega global<\/p>\n<p>Embalaje prudente<\/p>\n<p>Asistencia en vivo<\/p>\n<p>100% Garant\u00eda de satisfacci\u00f3n<\/p>\n<p><strong>Comprar Nitrazepam en la web (Nipam) 5mg por el mejor sitio en l\u00ednea sin receta.<\/strong><\/p>\n<p>OFRECEMOS SERVICIOS EN EL EXTRANJERO \u00a1ENV\u00cdO SEGURO A SU PUERTA!<\/p>\n<p>Puede realizar el pago mediante tarjeta de cr\u00e9dito y d\u00e9bito.<\/p>\n<p>EMS\/USPS Express Discreet TrackAble Delivery overall Range.<\/p>\n<p>Nitrazepam (Nipam) 5mg se utiliza para la administraci\u00f3n de la cuesti\u00f3n de la tensi\u00f3n, la ayuda transitoria de los efectos secundarios de nerviosismo o malestar relacionados con misery.buy-nitrazepam-nipam-online<\/p>\n<h3>Acerca de la tableta Nipam 5 MG<\/h3>\n<p>La tableta Nipam 5 mg es un tipo de benzodiazepam hipn\u00f3tico que se utiliza para tratar los espasmos infantiles y el insomnio. Se recomienda encarecidamente no tomar la tableta Nipam 5 mg si se padece EPOC, alergias, hipertensi\u00f3n ocular o da\u00f1o hep\u00e1tico grave. Este medicamento tambi\u00e9n puede ayudar con los trastornos del estado de \u00e1nimo, la abstinencia alcoh\u00f3lica, los relajantes musculares esquel\u00e9ticos y los trastornos que causan convulsiones.<br \/>\n<strong><br \/>\n<\/strong>La tableta de Nipam 5 mg se sigue administrando a mujeres embarazadas, aunque existe la posibilidad de que pueda da\u00f1ar al feto si se toma durante el embarazo. Esto se debe a que los posibles beneficios superan claramente los riesgos.<\/p>\n<h3><strong>\u00bfC\u00f3mo se debe tomar el monto?<\/strong><\/h3>\n<p>Si olvida tomar su comprimido de Nipam 5 mg, h\u00e1galo en cuanto lo recuerde. Si ya casi es la hora de su siguiente dosis, no tome la que olvid\u00f3. No tome dos dosis a la vez para compensar la que olvid\u00f3.<\/p>\n<p><strong>\u00bfExisten instrucciones en caso de sobredosis?<\/strong><\/p>\n<p>Si cree que alguien ha sufrido una sobredosis, busque atenci\u00f3n m\u00e9dica de emergencia o llame a su m\u00e9dico. Esta informaci\u00f3n se basa en la cantidad de sal que contiene el medicamento. Este medicamento puede tener diferentes efectos en diferentes personas. Antes de tomar este medicamento, consulte con un psiquiatra.<\/p>\n<p><strong>Informaci\u00f3n importante sobre la tableta Nipam 5 MG <\/strong><\/p>\n<p>\u00bfCu\u00e1nto dura el efecto?<\/p>\n<p>En general, los efectos de este medicamento duran entre 6 y 8 horas.<\/p>\n<p>\u00bfCuando empieza la pelea?<\/p>\n<p>Podr\u00e1s saber que este medicamento est\u00e1 funcionando despu\u00e9s de 30 a 60 minutos.<\/p>\n<p>\u00bfExisten se\u00f1ales de embarazo?<\/p>\n<p>Las mujeres embarazadas no deben tomar este medicamento. La tableta de Nipam 5 mg atraviesa la placenta. Se han reportado casos de fisura oral, pero datos m\u00e1s recientes no respaldan una asociaci\u00f3n entre el consumo de drogas y la fisura oral. Otros defectos cong\u00e9nitos reportados incluyen hernias inguinales, defectos card\u00edacos, espina b\u00edfida, rasgos faciales dism\u00f3rficos, defectos esquel\u00e9ticos y muchos otros. Tambi\u00e9n se han reportado hipoton\u00eda y s\u00edntomas de abstinencia despu\u00e9s del uso cerca del parto.<\/p>\n<p>\u00bfSe convierte en un h\u00e1bito?<\/p>\n<p>Se ha descrito una tendencia a formar h\u00e1bitos.<\/p>\n<p>\u00bfExisten algunos consejos sobre la lactancia materna?<\/p>\n<p>Las mujeres en per\u00edodo de lactancia no deben tomar este medicamento. La tableta de Nipam de 5 mg puede pasar a la leche materna.<\/p>\n<p>\u00bfEs seguro beber?<\/p>\n<p>Las benzodiazepinas se han relacionado con la tristeza aditiva del sistema nervioso central; evite o beba menos alcohol.<\/p>\n<p>\u00bfEst\u00e1 bien conducir despu\u00e9s de tomar este medicamento?<\/p>\n<p>Este medicamento tiene efectos secundarios que pueden provocar p\u00e9rdida del conocimiento. Por lo tanto, el paciente no debe conducir si se siente mal, como somnolencia, mareos o dificultad para ver.<\/p>\n<p>\u00bfEsto cambia el funcionamiento de los ri\u00f1ones?<\/p>\n<p>No se puede dializar (0% a 5%); no se necesita cantidad adicional.<\/p>\n<p>\u00bfEsto cambia el funcionamiento del h\u00edgado?<\/p>\n<p>No lo tome si tiene cirrosis o enfermedad hep\u00e1tica grave o aguda; reduzca la cantidad a la mitad.<\/p>\n<p>Si cree que alguien ha sufrido una sobredosis, busque atenci\u00f3n m\u00e9dica de emergencia o llame a su m\u00e9dico. Esta informaci\u00f3n se basa en la cantidad de sal que contiene el medicamento. Este medicamento puede tener diferentes efectos en diferentes personas. Antes de tomar este medicamento, consulte con un psiquiatra.<\/p>\n<h3>\u00bfC\u00f3mo enviar\u00edamos los paquetes?<\/h3>\n<p>Empaquetamos los bultos cuidadosamente con papeles de tungsteno y carbono para evitar que pasen por las m\u00e1quinas de rayos X de las terminales de los aviones. Los paquetes se rellenan impecablemente con papeles de bendici\u00f3n desde el exterior.<\/p>\n<h3>\u00bfC\u00f3mo puede funcionar?<\/h3>\n<p>Comprar Nitrazepam (Nipam) en l\u00ednea, Nitrazepam tiene un lugar con una reuni\u00f3n de medicamentos llamados benzodiazepinas. Sigue a los receptores en el cerebro (receptores GABA) causando la llegada de un compuesto llamado GABA (gamma amino butyric corrosive). El GABA es una sustancia inhibidora notable en el cerebro, asociada a la provocaci\u00f3n del letargo y al control de la inquietud y los ataques.<\/p>\n<p>El nitrazepam act\u00faa ampliando el movimiento del GABA, de esta manera, disminuyendo el funcionamiento de zonas espec\u00edficas de la mente. Este resultado en la languidez, una reducci\u00f3n de la tensi\u00f3n y la relajaci\u00f3n de los m\u00fasculos.<\/p>\n<p>El nitrazepam se utiliza normalmente para tratar un trastorno del sue\u00f1o. Disminuye el tiempo que se tarda en dormir y los despertares nocturnos, as\u00ed como la ampliaci\u00f3n de la suma total de tiempo de descanso. Como el nitrazepam permanece din\u00e1mico en el cuerpo durante mucho tiempo, el cansancio puede ocurrir al d\u00eda siguiente.buy-nitrazepam-nipam-online<\/p>\n<h3>\u00bfPor qu\u00e9 se utiliza la tableta Nipam 5 MG para el insomnio?<\/h3>\n<p>Si cree que alguien ha sufrido una sobredosis, busque atenci\u00f3n m\u00e9dica de emergencia o llame a su m\u00e9dico. Esta informaci\u00f3n se basa en la cantidad de sal que contiene el medicamento. Este medicamento puede tener diferentes efectos en diferentes personas. Antes de tomar este medicamento, consulte con un psiquiatra.<\/p>","protected":false},"excerpt":{"rendered":"<p>Buy Nitrazepam (Nipam) Online Buy Nitrazepam (Nipam) Online\u00a0General Information: buy-nitrazepam-nipam-online, Nitrazepam is a sedative medication which is used in the short-term to help people sleep. It belongs to a group of drugs called benzodiazepines. It is mostly used in cases which are severe, disabling or causing extreme distress The medicine cost on Buy Nitrazepam 5mg [&hellip;]<\/p>","protected":false},"featured_media":3095,"comment_status":"open","ping_status":"closed","template":"","meta":{"site-sidebar-layout":"default","site-content-layout":"","ast-site-content-layout":"default","site-content-style":"default","site-sidebar-style":"default","ast-global-header-display":"","ast-banner-title-visibility":"","ast-main-header-display":"","ast-hfb-above-header-display":"","ast-hfb-below-header-display":"","ast-hfb-mobile-header-display":"","site-post-title":"","ast-breadcrumbs-content":"","ast-featured-img":"","footer-sml-layout":"","theme-transparent-header-meta":"default","adv-header-id-meta":"","stick-header-meta":"","header-above-stick-meta":"","header-main-stick-meta":"","header-below-stick-meta":"","astra-migrate-meta-layouts":"set","ast-page-background-enabled":"default","ast-page-background-meta":{"desktop":{"background-color":"var(--ast-global-color-4)","background-image":"","background-repeat":"repeat","background-position":"center center","background-size":"auto","background-attachment":"scroll","background-type":"","background-media":"","overlay-type":"","overlay-color":"","overlay-opacity":"","overlay-gradient":""},"tablet":{"background-color":"","background-image":"","background-repeat":"repeat","background-position":"center center","background-size":"auto","background-attachment":"scroll","background-type":"","background-media":"","overlay-type":"","overlay-color":"","overlay-opacity":"","overlay-gradient":""},"mobile":{"background-color":"","background-image":"","background-repeat":"repeat","background-position":"center center","background-size":"auto","background-attachment":"scroll","background-type":"","background-media":"","overlay-type":"","overlay-color":"","overlay-opacity":"","overlay-gradient":""}},"ast-content-background-meta":{"desktop":{"background-color":"var(--ast-global-color-5)","background-image":"","background-repeat":"repeat","background-position":"center center","background-size":"auto","background-attachment":"scroll","background-type":"","background-media":"","overlay-type":"","overlay-color":"","overlay-opacity":"","overlay-gradient":""},"tablet":{"background-color":"var(--ast-global-color-5)","background-image":"","background-repeat":"repeat","background-position":"center center","background-size":"auto","background-attachment":"scroll","background-type":"","background-media":"","overlay-type":"","overlay-color":"","overlay-opacity":"","overlay-gradient":""},"mobile":{"background-color":"var(--ast-global-color-5)","background-image":"","background-repeat":"repeat","background-position":"center center","background-size":"auto","background-attachment":"scroll","background-type":"","background-media":"","overlay-type":"","overlay-color":"","overlay-opacity":"","overlay-gradient":""}}},"product_brand":[],"product_cat":[2385],"product_tag":[1087,1088,1086,1081,1084,1083,1082,1085,1080,1079,1090,1089],"class_list":{"0":"post-3065","1":"product","2":"type-product","3":"status-publish","4":"has-post-thumbnail","6":"product_cat-buy-pain-killer-pills-online","7":"product_tag-buy-nitrazeoam-nipam-in-canada","8":"product_tag-buy-nitrazeoam-nipam-in-uk","9":"product_tag-buy-nitrazeoam-nipam-in-usa","10":"product_tag-buy-nitrazeoam-nipam-with-bitcoin","11":"product_tag-buy-nitrazeoam-nipam-with-credit-card","12":"product_tag-buy-nitrazeoam-nipam-with-money-gram","13":"product_tag-buy-nitrazeoam-nipam-with-western-union","14":"product_tag-buy-nitrazeoam-nipam-without-a-doctor","15":"product_tag-buy-nitrazeoam-nipam-without-prescription","16":"product_tag-nitrazeoam-nipam-for-sale","17":"product_tag-nitrazeoam-nipam-pills","18":"product_tag-nitrazeoam-nipam-tablets","19":"desktop-align-center","20":"tablet-align-left","21":"mobile-align-left","23":"first","24":"instock","25":"shipping-taxable","26":"purchasable","27":"product-type-variable","28":"has-default-attributes"},"yoast_head":"<!-- This site is optimized with the Yoast SEO plugin v25.9 - https:\/\/yoast.com\/wordpress\/plugins\/seo\/ -->\n<title>Buy Nitrazepam (Nipam) Online - Sleeping Pills Vendor<\/title>\n<meta name=\"description\" content=\"Buy Nitrazepam (Nipam) Online, Nitrazepam-5-MG and there variants. Check for ... Nitrazepam 5 MG This composition has 44 Products ... NIPAM 5MG TAB\" \/>\n<meta name=\"robots\" content=\"index, follow, max-snippet:-1, max-image-preview:large, max-video-preview:-1\" \/>\n<link rel=\"canonical\" href=\"https:\/\/buy-prescriptionz.com\/es\/producto\/comprar-nitrazepam-en-linea\/\" \/>\n<meta property=\"og:locale\" content=\"es_ES\" \/>\n<meta property=\"og:type\" content=\"article\" \/>\n<meta property=\"og:title\" content=\"Buy Nitrazepam (Nipam) Online - Sleeping Pills Vendor\" \/>\n<meta property=\"og:description\" content=\"Buy Nitrazepam (Nipam) Online, Nitrazepam-5-MG and there variants. Check for ... Nitrazepam 5 MG This composition has 44 Products ... NIPAM 5MG TAB\" \/>\n<meta property=\"og:url\" content=\"https:\/\/buy-prescriptionz.com\/es\/producto\/comprar-nitrazepam-en-linea\/\" \/>\n<meta property=\"og:site_name\" content=\"Buy Prescriptionz\" \/>\n<meta property=\"article:modified_time\" content=\"2025-09-24T06:50:48+00:00\" \/>\n<meta property=\"og:image\" content=\"https:\/\/buy-prescriptionz.com\/wp-content\/uploads\/2025\/09\/nitrazeoam-nipam.jpg\" \/>\n\t<meta property=\"og:image:width\" content=\"400\" \/>\n\t<meta property=\"og:image:height\" content=\"300\" \/>\n\t<meta property=\"og:image:type\" content=\"image\/jpeg\" \/>\n<meta name=\"twitter:card\" content=\"summary_large_image\" \/>\n<meta name=\"twitter:label1\" content=\"Tiempo de lectura\" \/>\n\t<meta name=\"twitter:data1\" content=\"6 minutos\" \/>\n<script type=\"application\/ld+json\" class=\"yoast-schema-graph\">{\"@context\":\"https:\/\/schema.org\",\"@graph\":[{\"@type\":\"WebPage\",\"@id\":\"https:\/\/buy-prescriptionz.com\/product\/buy-nitrazepam-nipam-online\/\",\"url\":\"https:\/\/buy-prescriptionz.com\/product\/buy-nitrazepam-nipam-online\/\",\"name\":\"Buy Nitrazepam (Nipam) Online - Sleeping Pills Vendor\",\"isPartOf\":{\"@id\":\"https:\/\/buy-prescriptionz.com\/#website\"},\"primaryImageOfPage\":{\"@id\":\"https:\/\/buy-prescriptionz.com\/product\/buy-nitrazepam-nipam-online\/#primaryimage\"},\"image\":{\"@id\":\"https:\/\/buy-prescriptionz.com\/product\/buy-nitrazepam-nipam-online\/#primaryimage\"},\"thumbnailUrl\":\"https:\/\/buy-prescriptionz.com\/wp-content\/uploads\/2025\/09\/nitrazeoam-nipam.jpg\",\"datePublished\":\"2025-09-16T08:56:10+00:00\",\"dateModified\":\"2025-09-24T06:50:48+00:00\",\"description\":\"Buy Nitrazepam (Nipam) Online, Nitrazepam-5-MG and there variants. Check for ... Nitrazepam 5 MG This composition has 44 Products ... NIPAM 5MG TAB\",\"breadcrumb\":{\"@id\":\"https:\/\/buy-prescriptionz.com\/product\/buy-nitrazepam-nipam-online\/#breadcrumb\"},\"inLanguage\":\"es\",\"potentialAction\":[{\"@type\":\"ReadAction\",\"target\":[\"https:\/\/buy-prescriptionz.com\/product\/buy-nitrazepam-nipam-online\/\"]}]},{\"@type\":\"ImageObject\",\"inLanguage\":\"es\",\"@id\":\"https:\/\/buy-prescriptionz.com\/product\/buy-nitrazepam-nipam-online\/#primaryimage\",\"url\":\"https:\/\/buy-prescriptionz.com\/wp-content\/uploads\/2025\/09\/nitrazeoam-nipam.jpg\",\"contentUrl\":\"https:\/\/buy-prescriptionz.com\/wp-content\/uploads\/2025\/09\/nitrazeoam-nipam.jpg\",\"width\":400,\"height\":300},{\"@type\":\"BreadcrumbList\",\"@id\":\"https:\/\/buy-prescriptionz.com\/product\/buy-nitrazepam-nipam-online\/#breadcrumb\",\"itemListElement\":[{\"@type\":\"ListItem\",\"position\":1,\"name\":\"Home\",\"item\":\"https:\/\/buy-prescriptionz.com\/\"},{\"@type\":\"ListItem\",\"position\":2,\"name\":\"Shop Painkillers Online\",\"item\":\"https:\/\/buy-prescriptionz.com\/shop-painkillers-online\/\"},{\"@type\":\"ListItem\",\"position\":3,\"name\":\"Buy Nitrazepam (Nipam) Online\"}]},{\"@type\":\"WebSite\",\"@id\":\"https:\/\/buy-prescriptionz.com\/#website\",\"url\":\"https:\/\/buy-prescriptionz.com\/\",\"name\":\"Buy Prescriptionz\",\"description\":\"Drugs Online\",\"publisher\":{\"@id\":\"https:\/\/buy-prescriptionz.com\/#organization\"},\"potentialAction\":[{\"@type\":\"SearchAction\",\"target\":{\"@type\":\"EntryPoint\",\"urlTemplate\":\"https:\/\/buy-prescriptionz.com\/?s={search_term_string}\"},\"query-input\":{\"@type\":\"PropertyValueSpecification\",\"valueRequired\":true,\"valueName\":\"search_term_string\"}}],\"inLanguage\":\"es\"},{\"@type\":\"Organization\",\"@id\":\"https:\/\/buy-prescriptionz.com\/#organization\",\"name\":\"Buy Prescriptionz\",\"url\":\"https:\/\/buy-prescriptionz.com\/\",\"logo\":{\"@type\":\"ImageObject\",\"inLanguage\":\"es\",\"@id\":\"https:\/\/buy-prescriptionz.com\/#\/schema\/logo\/image\/\",\"url\":\"https:\/\/buy-prescriptionz.com\/wp-content\/uploads\/2023\/09\/logo.png\",\"contentUrl\":\"https:\/\/buy-prescriptionz.com\/wp-content\/uploads\/2023\/09\/logo.png\",\"width\":350,\"height\":64,\"caption\":\"Buy Prescriptionz\"},\"image\":{\"@id\":\"https:\/\/buy-prescriptionz.com\/#\/schema\/logo\/image\/\"}}]}<\/script>\n<!-- \/ Yoast SEO plugin. -->","yoast_head_json":{"title":"Comprar Nitrazepam (Nipam) en l\u00ednea - Proveedor de pastillas para dormir","description":"Comprar Nitrazepam (Nipam) en l\u00ednea, Nitrazepam-5-MG y sus variantes. Compruebe si ... Nitrazepam 5 MG Esta composici\u00f3n tiene 44 Productos ... NIPAM 5MG TAB","robots":{"index":"index","follow":"follow","max-snippet":"max-snippet:-1","max-image-preview":"max-image-preview:large","max-video-preview":"max-video-preview:-1"},"canonical":"https:\/\/buy-prescriptionz.com\/es\/producto\/comprar-nitrazepam-en-linea\/","og_locale":"es_ES","og_type":"article","og_title":"Buy Nitrazepam (Nipam) Online - Sleeping Pills Vendor","og_description":"Buy Nitrazepam (Nipam) Online, Nitrazepam-5-MG and there variants. Check for ... Nitrazepam 5 MG This composition has 44 Products ... NIPAM 5MG TAB","og_url":"https:\/\/buy-prescriptionz.com\/es\/producto\/comprar-nitrazepam-en-linea\/","og_site_name":"Buy Prescriptionz","article_modified_time":"2025-09-24T06:50:48+00:00","og_image":[{"width":400,"height":300,"url":"https:\/\/buy-prescriptionz.com\/wp-content\/uploads\/2025\/09\/nitrazeoam-nipam.jpg","type":"image\/jpeg"}],"twitter_card":"summary_large_image","twitter_misc":{"Tiempo de lectura":"6 minutos"},"schema":{"@context":"https:\/\/schema.org","@graph":[{"@type":"WebPage","@id":"https:\/\/buy-prescriptionz.com\/product\/buy-nitrazepam-nipam-online\/","url":"https:\/\/buy-prescriptionz.com\/product\/buy-nitrazepam-nipam-online\/","name":"Comprar Nitrazepam (Nipam) en l\u00ednea - Proveedor de pastillas para dormir","isPartOf":{"@id":"https:\/\/buy-prescriptionz.com\/#website"},"primaryImageOfPage":{"@id":"https:\/\/buy-prescriptionz.com\/product\/buy-nitrazepam-nipam-online\/#primaryimage"},"image":{"@id":"https:\/\/buy-prescriptionz.com\/product\/buy-nitrazepam-nipam-online\/#primaryimage"},"thumbnailUrl":"https:\/\/buy-prescriptionz.com\/wp-content\/uploads\/2025\/09\/nitrazeoam-nipam.jpg","datePublished":"2025-09-16T08:56:10+00:00","dateModified":"2025-09-24T06:50:48+00:00","description":"Comprar Nitrazepam (Nipam) en l\u00ednea, Nitrazepam-5-MG y sus variantes. Compruebe si ... Nitrazepam 5 MG Esta composici\u00f3n tiene 44 Productos ... NIPAM 5MG TAB","breadcrumb":{"@id":"https:\/\/buy-prescriptionz.com\/product\/buy-nitrazepam-nipam-online\/#breadcrumb"},"inLanguage":"es","potentialAction":[{"@type":"ReadAction","target":["https:\/\/buy-prescriptionz.com\/product\/buy-nitrazepam-nipam-online\/"]}]},{"@type":"ImageObject","inLanguage":"es","@id":"https:\/\/buy-prescriptionz.com\/product\/buy-nitrazepam-nipam-online\/#primaryimage","url":"https:\/\/buy-prescriptionz.com\/wp-content\/uploads\/2025\/09\/nitrazeoam-nipam.jpg","contentUrl":"https:\/\/buy-prescriptionz.com\/wp-content\/uploads\/2025\/09\/nitrazeoam-nipam.jpg","width":400,"height":300},{"@type":"BreadcrumbList","@id":"https:\/\/buy-prescriptionz.com\/product\/buy-nitrazepam-nipam-online\/#breadcrumb","itemListElement":[{"@type":"ListItem","position":1,"name":"Home","item":"https:\/\/buy-prescriptionz.com\/"},{"@type":"ListItem","position":2,"name":"Shop Painkillers Online","item":"https:\/\/buy-prescriptionz.com\/shop-painkillers-online\/"},{"@type":"ListItem","position":3,"name":"Buy Nitrazepam (Nipam) Online"}]},{"@type":"WebSite","@id":"https:\/\/buy-prescriptionz.com\/#website","url":"https:\/\/buy-prescriptionz.com\/","name":"Buy Prescriptionz","description":"Medicamentos en l\u00ednea","publisher":{"@id":"https:\/\/buy-prescriptionz.com\/#organization"},"potentialAction":[{"@type":"SearchAction","target":{"@type":"EntryPoint","urlTemplate":"https:\/\/buy-prescriptionz.com\/?s={search_term_string}"},"query-input":{"@type":"PropertyValueSpecification","valueRequired":true,"valueName":"search_term_string"}}],"inLanguage":"es"},{"@type":"Organization","@id":"https:\/\/buy-prescriptionz.com\/#organization","name":"Buy Prescriptionz","url":"https:\/\/buy-prescriptionz.com\/","logo":{"@type":"ImageObject","inLanguage":"es","@id":"https:\/\/buy-prescriptionz.com\/#\/schema\/logo\/image\/","url":"https:\/\/buy-prescriptionz.com\/wp-content\/uploads\/2023\/09\/logo.png","contentUrl":"https:\/\/buy-prescriptionz.com\/wp-content\/uploads\/2023\/09\/logo.png","width":350,"height":64,"caption":"Buy Prescriptionz"},"image":{"@id":"https:\/\/buy-prescriptionz.com\/#\/schema\/logo\/image\/"}}]}},"_links":{"self":[{"href":"https:\/\/buy-prescriptionz.com\/es\/wp-json\/wp\/v2\/product\/3065","targetHints":{"allow":["GET"]}}],"collection":[{"href":"https:\/\/buy-prescriptionz.com\/es\/wp-json\/wp\/v2\/product"}],"about":[{"href":"https:\/\/buy-prescriptionz.com\/es\/wp-json\/wp\/v2\/types\/product"}],"replies":[{"embeddable":true,"href":"https:\/\/buy-prescriptionz.com\/es\/wp-json\/wp\/v2\/comments?post=3065"}],"wp:featuredmedia":[{"embeddable":true,"href":"https:\/\/buy-prescriptionz.com\/es\/wp-json\/wp\/v2\/media\/3095"}],"wp:attachment":[{"href":"https:\/\/buy-prescriptionz.com\/es\/wp-json\/wp\/v2\/media?parent=3065"}],"wp:term":[{"taxonomy":"product_brand","embeddable":true,"href":"https:\/\/buy-prescriptionz.com\/es\/wp-json\/wp\/v2\/product_brand?post=3065"},{"taxonomy":"product_cat","embeddable":true,"href":"https:\/\/buy-prescriptionz.com\/es\/wp-json\/wp\/v2\/product_cat?post=3065"},{"taxonomy":"product_tag","embeddable":true,"href":"https:\/\/buy-prescriptionz.com\/es\/wp-json\/wp\/v2\/product_tag?post=3065"}],"curies":[{"name":"wp","href":"https:\/\/api.w.org\/{rel}","templated":true}]}}