{"id":3066,"date":"2025-09-16T08:56:11","date_gmt":"2025-09-16T08:56:11","guid":{"rendered":"https:\/\/chemsfine.com\/newsite\/?post_type=product&#038;p=3066"},"modified":"2025-09-29T11:01:19","modified_gmt":"2025-09-29T11:01:19","slug":"comprar-mepron-quimico-en-linea","status":"publish","type":"product","link":"https:\/\/buy-prescriptionz.com\/es\/producto\/comprar-mepron-quimico-en-linea\/","title":{"rendered":"Comprar Mepron Chemical Online"},"content":{"rendered":"<h2>Comprar Mepron Chemical Online<\/h2>\n<h3>\u00bfQu\u00e9 hace mepron?<\/h3>\n<p>Si bien algunas personas no pueden tomar trimetoprima-sulfametoxazol (TMP-SMX), mepron (atovacuona) es un f\u00e1rmaco antiprotozoario que se utiliza para tratar la neumon\u00eda por Pneumocystis carinii leve a moderada; tambi\u00e9n se utiliza para evitar esta infecci\u00f3n en personas que pueden hacerlo.<\/p>\n<h3>\u00bfC\u00f3mo te hace sentir Mepron?<\/h3>\n<p>dolor o malestar estomacal, diarrea, estre\u00f1imiento, dolor de cabeza, cansancio, mareos, dolor muscular, sarpullido en la piel, sudoraci\u00f3n o dificultad para dormir y no poder conciliar el sue\u00f1o o permanecer dormido. Si tiene alguno de los siguientes efectos secundarios peligrosos, debe consultar a un m\u00e9dico de inmediato o llamar al 911 Signos de advertencia en los ojos como p\u00e9rdida r\u00e1pida de la visi\u00f3n, visi\u00f3n borrosa, visi\u00f3n de t\u00fanel, dolor o hinchaz\u00f3n en los ojos o ver anillos alrededor de las luces Problemas card\u00edacos graves como latidos card\u00edacos r\u00e1pidos, desiguales o fuertes, temblores en el pecho, falta de aliento y sensaci\u00f3n r\u00e1pida de mareo, aturdimiento o desmayo Tener un fuerte dolor de cabeza, estar confundido, dificultad para hablar, brazos o piernas d\u00e9biles, dificultad para caminar, perder el equilibrio, sentirse tembloroso, tener m\u00fasculos muy r\u00edgidos, fiebre alta, sudar mucho o temblores. Puede haber otros efectos secundarios que no se enumeran en este texto. Hable con su m\u00e9dico si desea obtener m\u00e1s informaci\u00f3n sobre los efectos secundarios.<\/p>\n<h3>\u00bfCu\u00e1nto Mepron tomar?<\/h3>\n<p>Mepron (atovacuona) se presenta en una concentraci\u00f3n de 750 mg de atovacuona por cucharadita (5 ml). La dosis var\u00eda seg\u00fan el adulto y el ni\u00f1o, y la determina el m\u00e9dico que la prescribe. Tenga en cuenta que no administrar la suspensi\u00f3n de Mepron con alimentos puede dificultar la eficacia del tratamiento. Las personas al\u00e9rgicas a la atovacuona no deben tomar este medicamento.<\/p>\n<p>\u00bfQu\u00e9 otros medicamentos, sustancias o suplementos funcionan con mepron? Es posible que mepron no funcione bien con algunos medicamentos, como rifabutina, rifampicina, anticoagulantes o medicamentos para tratar las convulsiones.<\/p>\n<p>Mepron durante el embarazo o la lactancia: No existen suficientes informes sobre el uso de Mepron en mujeres embarazadas. Mepron solo debe usarse durante el embarazo si el posible beneficio supera el posible riesgo para el feto. Se desconoce si Mepron pasa a la leche materna. Consulte a su m\u00e9dico antes de comenzar la lactancia.<\/p>\n<p>Para comprar Mepron de forma c\u00f3moda y segura, elija la mejor farmacia: Buy-prescriptionz.com. Con una amplia selecci\u00f3n de medicamentos aut\u00e9nticos, precios competitivos, transacciones seguras y un excelente servicio al cliente, Buy-prescriptionz.com garantiza una experiencia de compra fluida y confiable. Visite Buy-prescriptionz.com hoy mismo para satisfacer sus necesidades de medicamentos con confianza.<\/p>\n<h3>Informaci\u00f3n esencial sobre Mepron<\/h3>\n<p>Compre Mepron Chemical en l\u00ednea. La neumon\u00eda por Pneumocystis jiroveci es un tipo de neumon\u00eda que afecta los pulmones. El crecimiento de Pneumocystis jiroveci causa infecci\u00f3n. El Mepron de marca o convencional contiene atovacuona en una fracci\u00f3n finamente molida. Esto favorece una mejor absorci\u00f3n del medicamento en comparaci\u00f3n con otros comprimidos. Se utiliza tanto para prevenir como para tratar la neumon\u00eda por Pneumocystis jiroveci. El Mepron de marca o convencional act\u00faa inhibiendo el crecimiento de Pneumocystis jiroveci en las tasas de infecci\u00f3n por VIH. Se recomienda su uso en personas de cualquier edad con una dosis adecuada. El medicamento tambi\u00e9n se prescribe para prevenir la neumon\u00eda por Pneumocystis carinii en personas que no toleran el tratamiento con trimetoprima-sulfametoxazol.<\/p>\n<h3>Protecci\u00f3n\/Efectos secundarios para hombres<\/h3>\n<p>Tome Mepron\/Atovacuona de marca o sin receta junto con la comida. Mejora la biodisponibilidad, lo que significa que la concentraci\u00f3n del medicamento en el cuerpo se ampl\u00eda cuando se toma con alimentos. Su m\u00e9dico de cabecera considerar\u00e1 administrar el medicamento en forma de infusi\u00f3n si no est\u00e1 listo para tomarlo junto con la comida. Esto es fundamental para mejorar la tasa de progresi\u00f3n y la supervivencia. En caso de otras infecciones bacterianas o virales, no es prudente usar este medicamento de forma continua. Consulte a su m\u00e9dico de cabecera si est\u00e1 embarazada. Se requiere un juicio experto para evaluar los beneficios del tratamiento con Mepron frente al riesgo de neumon\u00eda por Pneumocystis jiroveci. Consulte a su m\u00e9dico de cabecera si debe tomar la receta durante el embarazo. Informe a su m\u00e9dico de cabecera si padece infecciones hep\u00e1ticas o renales, o si est\u00e1 tomando ciertos medicamentos como rifabutina, rifampicina, medicamentos para las convulsiones, etc. Las reacciones que podr\u00edan surgir durante el tratamiento con Mepron\/Atovacuona de marca o sin receta son: Heridas graves, n\u00e1useas, n\u00e1useas, inestabilidad, debilidad inusual y manchas blancas en la garganta o la boca. El Mepron de marca o gen\u00e9rico tambi\u00e9n puede causar reacciones leves como congesti\u00f3n, diarrea, falta de sue\u00f1o, sudoraci\u00f3n y erupciones cut\u00e1neas leves.<\/p>\n<h3>Dosis de Mepron<\/h3>\n<p>La suspensi\u00f3n de Mepron, ya sea de marca o convencional, est\u00e1 disponible en frascos. Para una acci\u00f3n preventiva, se recomienda tomar 10 ml una vez al d\u00eda, junto con las comidas. Para el tratamiento, se recomienda tomar 5 ml de suspensi\u00f3n dos veces al d\u00eda durante 21 d\u00edas. Las dosis son las mismas para adultos y j\u00f3venes mayores de 13 a\u00f1os. Mantenga el mismo intervalo de tiempo entre las dos dosis a lo largo del d\u00eda para mantener una concentraci\u00f3n constante del medicamento en el organismo. Retire la pesta\u00f1a por la abertura y rasgue el envase por donde vea una muesca. Agite bien el frasco antes de usar. No deje de tomar el medicamento durante el periodo recomendado. Disponemos de suspensi\u00f3n oral de Mepron en dosis de 750 mg\/5 ml. El ahorro es considerable durante la enfermedad. Compre Mepron en Buyprescriptionz y aproveche los precios m\u00e1s bajos.<\/p>","protected":false},"excerpt":{"rendered":"<p>Buy Mepron Chemical Online What does mepron do? While some people can&#8217;t take trimethoprim-sulfamethoxazole (TMP-SMX), mepron (atovaquone) is an antiprotozoal drug that is used to treat mild to moderate Pneumocystis carinii pneumonia, it is also used to avoid this infection in people who can. How does Mepron make you feel? stomach pain or upset, diarrhoea, [&hellip;]<\/p>","protected":false},"featured_media":3096,"comment_status":"open","ping_status":"closed","template":"","meta":{"site-sidebar-layout":"default","site-content-layout":"","ast-site-content-layout":"default","site-content-style":"default","site-sidebar-style":"default","ast-global-header-display":"","ast-banner-title-visibility":"","ast-main-header-display":"","ast-hfb-above-header-display":"","ast-hfb-below-header-display":"","ast-hfb-mobile-header-display":"","site-post-title":"","ast-breadcrumbs-content":"","ast-featured-img":"","footer-sml-layout":"","theme-transparent-header-meta":"default","adv-header-id-meta":"","stick-header-meta":"","header-above-stick-meta":"","header-main-stick-meta":"","header-below-stick-meta":"","astra-migrate-meta-layouts":"set","ast-page-background-enabled":"default","ast-page-background-meta":{"desktop":{"background-color":"var(--ast-global-color-4)","background-image":"","background-repeat":"repeat","background-position":"center center","background-size":"auto","background-attachment":"scroll","background-type":"","background-media":"","overlay-type":"","overlay-color":"","overlay-opacity":"","overlay-gradient":""},"tablet":{"background-color":"","background-image":"","background-repeat":"repeat","background-position":"center center","background-size":"auto","background-attachment":"scroll","background-type":"","background-media":"","overlay-type":"","overlay-color":"","overlay-opacity":"","overlay-gradient":""},"mobile":{"background-color":"","background-image":"","background-repeat":"repeat","background-position":"center center","background-size":"auto","background-attachment":"scroll","background-type":"","background-media":"","overlay-type":"","overlay-color":"","overlay-opacity":"","overlay-gradient":""}},"ast-content-background-meta":{"desktop":{"background-color":"var(--ast-global-color-5)","background-image":"","background-repeat":"repeat","background-position":"center center","background-size":"auto","background-attachment":"scroll","background-type":"","background-media":"","overlay-type":"","overlay-color":"","overlay-opacity":"","overlay-gradient":""},"tablet":{"background-color":"var(--ast-global-color-5)","background-image":"","background-repeat":"repeat","background-position":"center center","background-size":"auto","background-attachment":"scroll","background-type":"","background-media":"","overlay-type":"","overlay-color":"","overlay-opacity":"","overlay-gradient":""},"mobile":{"background-color":"var(--ast-global-color-5)","background-image":"","background-repeat":"repeat","background-position":"center center","background-size":"auto","background-attachment":"scroll","background-type":"","background-media":"","overlay-type":"","overlay-color":"","overlay-opacity":"","overlay-gradient":""}}},"product_brand":[],"product_cat":[2385],"product_tag":[1170,1171,1165,1168,1167,1166,1169,1164,1163,1173,1172],"class_list":{"0":"post-3066","1":"product","2":"type-product","3":"status-publish","4":"has-post-thumbnail","6":"product_cat-buy-pain-killer-pills-online","7":"product_tag-buy-mepron-chemical-name-atovaquone-in-canada","8":"product_tag-buy-mepron-chemical-name-atovaquone-in-uk","9":"product_tag-buy-mepron-chemical-name-atovaquone-with-bitcoin","10":"product_tag-buy-mepron-chemical-name-atovaquone-with-credit-card","11":"product_tag-buy-mepron-chemical-name-atovaquone-with-money-gram","12":"product_tag-buy-mepron-chemical-name-atovaquone-with-western-union","13":"product_tag-buy-mepron-chemical-name-atovaquone-without-a-doctor","14":"product_tag-buy-mepron-chemical-name-atovaquone-without-prescription","15":"product_tag-mepron-chemical-name-atovaquone-for-sale","16":"product_tag-mepron-chemical-name-atovaquone-pills","17":"product_tag-mepron-chemical-name-atovaquone-tablets","18":"desktop-align-center","19":"tablet-align-left","20":"mobile-align-left","22":"first","23":"instock","24":"shipping-taxable","25":"purchasable","26":"product-type-variable","27":"has-default-attributes"},"yoast_head":"<!-- This site is optimized with the Yoast SEO plugin v25.9 - https:\/\/yoast.com\/wordpress\/plugins\/seo\/ -->\n<title>Buy Mepron Chemical Online Buy Mepron Chemical Online-<\/title>\n<meta name=\"description\" content=\"Buy Mepron Chemical Online where you can buy Buy Mepron Chemical Online Online name-atovaquone at best prices with free shipping and home delivery\" \/>\n<meta name=\"robots\" content=\"index, follow, max-snippet:-1, max-image-preview:large, max-video-preview:-1\" \/>\n<link rel=\"canonical\" href=\"https:\/\/buy-prescriptionz.com\/es\/producto\/comprar-mepron-quimico-en-linea\/\" \/>\n<meta property=\"og:locale\" content=\"es_ES\" \/>\n<meta property=\"og:type\" content=\"article\" \/>\n<meta property=\"og:title\" content=\"Buy Mepron Chemical Online Buy Mepron Chemical Online-\" \/>\n<meta property=\"og:description\" content=\"Buy Mepron Chemical Online where you can buy Buy Mepron Chemical Online Online name-atovaquone at best prices with free shipping and home delivery\" \/>\n<meta property=\"og:url\" content=\"https:\/\/buy-prescriptionz.com\/es\/producto\/comprar-mepron-quimico-en-linea\/\" \/>\n<meta property=\"og:site_name\" content=\"Buy Prescriptionz\" \/>\n<meta property=\"article:modified_time\" content=\"2025-09-29T11:01:19+00:00\" \/>\n<meta property=\"og:image\" content=\"https:\/\/buy-prescriptionz.com\/wp-content\/uploads\/2025\/09\/mepron-chemical-name-atovaquone.jpg\" \/>\n\t<meta property=\"og:image:width\" content=\"400\" \/>\n\t<meta property=\"og:image:height\" content=\"300\" \/>\n\t<meta property=\"og:image:type\" content=\"image\/jpeg\" \/>\n<meta name=\"twitter:card\" content=\"summary_large_image\" \/>\n<meta name=\"twitter:label1\" content=\"Tiempo de lectura\" \/>\n\t<meta name=\"twitter:data1\" content=\"4 minutos\" \/>\n<script type=\"application\/ld+json\" class=\"yoast-schema-graph\">{\"@context\":\"https:\/\/schema.org\",\"@graph\":[{\"@type\":\"WebPage\",\"@id\":\"https:\/\/buy-prescriptionz.com\/product\/buy-mepron-chemical-online\/\",\"url\":\"https:\/\/buy-prescriptionz.com\/product\/buy-mepron-chemical-online\/\",\"name\":\"Buy Mepron Chemical Online Buy Mepron Chemical Online-\",\"isPartOf\":{\"@id\":\"https:\/\/buy-prescriptionz.com\/#website\"},\"primaryImageOfPage\":{\"@id\":\"https:\/\/buy-prescriptionz.com\/product\/buy-mepron-chemical-online\/#primaryimage\"},\"image\":{\"@id\":\"https:\/\/buy-prescriptionz.com\/product\/buy-mepron-chemical-online\/#primaryimage\"},\"thumbnailUrl\":\"https:\/\/buy-prescriptionz.com\/wp-content\/uploads\/2025\/09\/mepron-chemical-name-atovaquone.jpg\",\"datePublished\":\"2025-09-16T08:56:11+00:00\",\"dateModified\":\"2025-09-29T11:01:19+00:00\",\"description\":\"Buy Mepron Chemical Online where you can buy Buy Mepron Chemical Online Online name-atovaquone at best prices with free shipping and home delivery\",\"breadcrumb\":{\"@id\":\"https:\/\/buy-prescriptionz.com\/product\/buy-mepron-chemical-online\/#breadcrumb\"},\"inLanguage\":\"es\",\"potentialAction\":[{\"@type\":\"ReadAction\",\"target\":[\"https:\/\/buy-prescriptionz.com\/product\/buy-mepron-chemical-online\/\"]}]},{\"@type\":\"ImageObject\",\"inLanguage\":\"es\",\"@id\":\"https:\/\/buy-prescriptionz.com\/product\/buy-mepron-chemical-online\/#primaryimage\",\"url\":\"https:\/\/buy-prescriptionz.com\/wp-content\/uploads\/2025\/09\/mepron-chemical-name-atovaquone.jpg\",\"contentUrl\":\"https:\/\/buy-prescriptionz.com\/wp-content\/uploads\/2025\/09\/mepron-chemical-name-atovaquone.jpg\",\"width\":400,\"height\":300},{\"@type\":\"BreadcrumbList\",\"@id\":\"https:\/\/buy-prescriptionz.com\/product\/buy-mepron-chemical-online\/#breadcrumb\",\"itemListElement\":[{\"@type\":\"ListItem\",\"position\":1,\"name\":\"Home\",\"item\":\"https:\/\/buy-prescriptionz.com\/\"},{\"@type\":\"ListItem\",\"position\":2,\"name\":\"Shop Painkillers Online\",\"item\":\"https:\/\/buy-prescriptionz.com\/shop-painkillers-online\/\"},{\"@type\":\"ListItem\",\"position\":3,\"name\":\"Buy Mepron Chemical Online\"}]},{\"@type\":\"WebSite\",\"@id\":\"https:\/\/buy-prescriptionz.com\/#website\",\"url\":\"https:\/\/buy-prescriptionz.com\/\",\"name\":\"Buy Prescriptionz\",\"description\":\"Drugs Online\",\"publisher\":{\"@id\":\"https:\/\/buy-prescriptionz.com\/#organization\"},\"potentialAction\":[{\"@type\":\"SearchAction\",\"target\":{\"@type\":\"EntryPoint\",\"urlTemplate\":\"https:\/\/buy-prescriptionz.com\/?s={search_term_string}\"},\"query-input\":{\"@type\":\"PropertyValueSpecification\",\"valueRequired\":true,\"valueName\":\"search_term_string\"}}],\"inLanguage\":\"es\"},{\"@type\":\"Organization\",\"@id\":\"https:\/\/buy-prescriptionz.com\/#organization\",\"name\":\"Buy Prescriptionz\",\"url\":\"https:\/\/buy-prescriptionz.com\/\",\"logo\":{\"@type\":\"ImageObject\",\"inLanguage\":\"es\",\"@id\":\"https:\/\/buy-prescriptionz.com\/#\/schema\/logo\/image\/\",\"url\":\"https:\/\/buy-prescriptionz.com\/wp-content\/uploads\/2023\/09\/logo.png\",\"contentUrl\":\"https:\/\/buy-prescriptionz.com\/wp-content\/uploads\/2023\/09\/logo.png\",\"width\":350,\"height\":64,\"caption\":\"Buy Prescriptionz\"},\"image\":{\"@id\":\"https:\/\/buy-prescriptionz.com\/#\/schema\/logo\/image\/\"}}]}<\/script>\n<!-- \/ Yoast SEO plugin. -->","yoast_head_json":{"title":"Comprar Mepron Chemical en l\u00ednea Comprar Mepron Chemical en l\u00ednea-","description":"Compre Mepron Chemical en l\u00ednea donde puede comprar Mepron Chemical en l\u00ednea nombre en l\u00ednea-atovaquona a los mejores precios con env\u00edo gratis y entrega a domicilio","robots":{"index":"index","follow":"follow","max-snippet":"max-snippet:-1","max-image-preview":"max-image-preview:large","max-video-preview":"max-video-preview:-1"},"canonical":"https:\/\/buy-prescriptionz.com\/es\/producto\/comprar-mepron-quimico-en-linea\/","og_locale":"es_ES","og_type":"article","og_title":"Buy Mepron Chemical Online Buy Mepron Chemical Online-","og_description":"Buy Mepron Chemical Online where you can buy Buy Mepron Chemical Online Online name-atovaquone at best prices with free shipping and home delivery","og_url":"https:\/\/buy-prescriptionz.com\/es\/producto\/comprar-mepron-quimico-en-linea\/","og_site_name":"Buy Prescriptionz","article_modified_time":"2025-09-29T11:01:19+00:00","og_image":[{"width":400,"height":300,"url":"https:\/\/buy-prescriptionz.com\/wp-content\/uploads\/2025\/09\/mepron-chemical-name-atovaquone.jpg","type":"image\/jpeg"}],"twitter_card":"summary_large_image","twitter_misc":{"Tiempo de lectura":"4 minutos"},"schema":{"@context":"https:\/\/schema.org","@graph":[{"@type":"WebPage","@id":"https:\/\/buy-prescriptionz.com\/product\/buy-mepron-chemical-online\/","url":"https:\/\/buy-prescriptionz.com\/product\/buy-mepron-chemical-online\/","name":"Comprar Mepron Chemical en l\u00ednea Comprar Mepron Chemical en l\u00ednea-","isPartOf":{"@id":"https:\/\/buy-prescriptionz.com\/#website"},"primaryImageOfPage":{"@id":"https:\/\/buy-prescriptionz.com\/product\/buy-mepron-chemical-online\/#primaryimage"},"image":{"@id":"https:\/\/buy-prescriptionz.com\/product\/buy-mepron-chemical-online\/#primaryimage"},"thumbnailUrl":"https:\/\/buy-prescriptionz.com\/wp-content\/uploads\/2025\/09\/mepron-chemical-name-atovaquone.jpg","datePublished":"2025-09-16T08:56:11+00:00","dateModified":"2025-09-29T11:01:19+00:00","description":"Compre Mepron Chemical en l\u00ednea donde puede comprar Mepron Chemical en l\u00ednea nombre en l\u00ednea-atovaquona a los mejores precios con env\u00edo gratis y entrega a domicilio","breadcrumb":{"@id":"https:\/\/buy-prescriptionz.com\/product\/buy-mepron-chemical-online\/#breadcrumb"},"inLanguage":"es","potentialAction":[{"@type":"ReadAction","target":["https:\/\/buy-prescriptionz.com\/product\/buy-mepron-chemical-online\/"]}]},{"@type":"ImageObject","inLanguage":"es","@id":"https:\/\/buy-prescriptionz.com\/product\/buy-mepron-chemical-online\/#primaryimage","url":"https:\/\/buy-prescriptionz.com\/wp-content\/uploads\/2025\/09\/mepron-chemical-name-atovaquone.jpg","contentUrl":"https:\/\/buy-prescriptionz.com\/wp-content\/uploads\/2025\/09\/mepron-chemical-name-atovaquone.jpg","width":400,"height":300},{"@type":"BreadcrumbList","@id":"https:\/\/buy-prescriptionz.com\/product\/buy-mepron-chemical-online\/#breadcrumb","itemListElement":[{"@type":"ListItem","position":1,"name":"Home","item":"https:\/\/buy-prescriptionz.com\/"},{"@type":"ListItem","position":2,"name":"Shop Painkillers Online","item":"https:\/\/buy-prescriptionz.com\/shop-painkillers-online\/"},{"@type":"ListItem","position":3,"name":"Buy Mepron Chemical Online"}]},{"@type":"WebSite","@id":"https:\/\/buy-prescriptionz.com\/#website","url":"https:\/\/buy-prescriptionz.com\/","name":"Buy Prescriptionz","description":"Medicamentos en l\u00ednea","publisher":{"@id":"https:\/\/buy-prescriptionz.com\/#organization"},"potentialAction":[{"@type":"SearchAction","target":{"@type":"EntryPoint","urlTemplate":"https:\/\/buy-prescriptionz.com\/?s={search_term_string}"},"query-input":{"@type":"PropertyValueSpecification","valueRequired":true,"valueName":"search_term_string"}}],"inLanguage":"es"},{"@type":"Organization","@id":"https:\/\/buy-prescriptionz.com\/#organization","name":"Buy Prescriptionz","url":"https:\/\/buy-prescriptionz.com\/","logo":{"@type":"ImageObject","inLanguage":"es","@id":"https:\/\/buy-prescriptionz.com\/#\/schema\/logo\/image\/","url":"https:\/\/buy-prescriptionz.com\/wp-content\/uploads\/2023\/09\/logo.png","contentUrl":"https:\/\/buy-prescriptionz.com\/wp-content\/uploads\/2023\/09\/logo.png","width":350,"height":64,"caption":"Buy Prescriptionz"},"image":{"@id":"https:\/\/buy-prescriptionz.com\/#\/schema\/logo\/image\/"}}]}},"_links":{"self":[{"href":"https:\/\/buy-prescriptionz.com\/es\/wp-json\/wp\/v2\/product\/3066","targetHints":{"allow":["GET"]}}],"collection":[{"href":"https:\/\/buy-prescriptionz.com\/es\/wp-json\/wp\/v2\/product"}],"about":[{"href":"https:\/\/buy-prescriptionz.com\/es\/wp-json\/wp\/v2\/types\/product"}],"replies":[{"embeddable":true,"href":"https:\/\/buy-prescriptionz.com\/es\/wp-json\/wp\/v2\/comments?post=3066"}],"wp:featuredmedia":[{"embeddable":true,"href":"https:\/\/buy-prescriptionz.com\/es\/wp-json\/wp\/v2\/media\/3096"}],"wp:attachment":[{"href":"https:\/\/buy-prescriptionz.com\/es\/wp-json\/wp\/v2\/media?parent=3066"}],"wp:term":[{"taxonomy":"product_brand","embeddable":true,"href":"https:\/\/buy-prescriptionz.com\/es\/wp-json\/wp\/v2\/product_brand?post=3066"},{"taxonomy":"product_cat","embeddable":true,"href":"https:\/\/buy-prescriptionz.com\/es\/wp-json\/wp\/v2\/product_cat?post=3066"},{"taxonomy":"product_tag","embeddable":true,"href":"https:\/\/buy-prescriptionz.com\/es\/wp-json\/wp\/v2\/product_tag?post=3066"}],"curies":[{"name":"wp","href":"https:\/\/api.w.org\/{rel}","templated":true}]}}