{"id":3068,"date":"2025-09-16T08:56:11","date_gmt":"2025-09-16T08:56:11","guid":{"rendered":"https:\/\/chemsfine.com\/newsite\/?post_type=product&#038;p=3068"},"modified":"2025-09-22T05:24:47","modified_gmt":"2025-09-22T05:24:47","slug":"comprar-ketaset-en-linea","status":"publish","type":"product","link":"https:\/\/buy-prescriptionz.com\/es\/producto\/comprar-ketaset-en-linea\/","title":{"rendered":"Comprar Ketaset en l\u00ednea"},"content":{"rendered":"<h2>Comprar Ketaset en l\u00ednea<\/h2>\n<p>Comprar Ketaset en l\u00ednea-Acerca de Ketaset Comprar Ketaset en l\u00ednea, Ketaset es un medicamento extraordinario para inducir la anestesia. Este elemento se utiliza justo antes de cualquier metodolog\u00eda terap\u00e9utica o procedimiento m\u00e9dico. Asimismo, podr\u00eda haber diferentes empleos de este elemento que no se habla aqu\u00ed. \u00bfC\u00f3mo utilizar Ketaset? Ketaset es un elemento inyectable, por lo que llevar esto en su ...<\/p>\n<h3>\u00bfC\u00f3mo utilizar Ketaset?<\/h3>\n<p>Ketaset es un elemento inyectable, por lo que llevar esto en sus m\u00fasculos a trav\u00e9s de una inyecci\u00f3n. Esto es normalmente utilizado por los especialistas en hacer que los pacientes let\u00e1rgico para no hacerles sentir dolor durante un procedimiento m\u00e9dico.<\/p>\n<p>Compre Ketaset a los mejores precios accesibles desde nuestra farmacia en l\u00ednea hoy. Su pedido le llegar\u00e1 en un breve plazo de tiempo. \u00a1Ofrezca sus requisitos ahora!<\/p>\n<h3>Comprar Ketaset en l\u00ednea<\/h3>\n<p>Ketaset es una sustancia controlada en todo el mundo debido a lo cual no es posible comprarla abiertamente sin una prescripci\u00f3n adecuada de un m\u00e9dico, por lo tanto es mejor aconsejar comprar ketaset en l\u00ednea a trav\u00e9s de tiendas en l\u00ednea est\u00e1ndar en lugar de comprarlo en las calles, ya que es m\u00e1s seguro y todos los pedidos realizados son discretos y protegidos bajo fuertes medidas de privacidad.<br \/>\nPuede aprovechar la opci\u00f3n de comprar en nuestras tiendas online ya que los pedidos de Ketaset son gestionados discretamente por nuestra tienda y el secreto de estos pedidos nunca se ve comprometido bajo ninguna circunstancia.<\/p>\n<h3>\u00bfQu\u00e9 es Ketaset?<\/h3>\n<p>Ketaset es uno de los muchos nombres de marca de la ketamina, que es un f\u00e1rmaco anest\u00e9sico y se clasifica en varias categor\u00edas, como antagonistas de los receptores de NDMA, antidepresivos, anest\u00e9sicos y alucin\u00f3genos. La amplia lista de categor\u00edas de Ketaset muestra que se utiliza ampliamente para diversos fines, aunque se utiliza principalmente para inducir la anestesia.<br \/>\nQu\u00edmica del Ketaset<br \/>\nEl nombre IUPAC del f\u00e1rmaco es \"(RS)-2-(2-Clorofenil)-2-(metil amino) ciclohexanona\", mientras que el n\u00famero CAS del f\u00e1rmaco es 6740-88-1. La f\u00f3rmula molecular del f\u00e1rmaco es C13H16ClNO, mientras que el peso molecular del cet\u00e1ceo es de 237,725 g\/mol.<br \/>\nLa responsabilidad de adicci\u00f3n de la droga es moderada.<\/p>\n<h3>Usos de Ketaset<\/h3>\n<p>Los usos de Ketaset son amplios, ya que se utiliza para el tratamiento tanto de seres humanos como de animales. En los seres humanos, el Ketaset se utiliza con diversos fines, como la inducci\u00f3n de la anestesia, el antidepresivo y el analg\u00e9sico. Al administrarlo, el ketaset provoca sedaci\u00f3n y se induce la anestesia en los pacientes si se ha administrado una cantidad considerable de f\u00e1rmaco.<br \/>\nEl Ketaset tiene propiedades antidepresivas y se utiliza para provocar efectos ansiol\u00edticos y de relajaci\u00f3n muscular en los pacientes ingresados en unidades de cuidados intensivos. El efecto de la droga es tal que, no afecta a la funci\u00f3n del cerebro y el coraz\u00f3n en la administraci\u00f3n.<br \/>\nEsta droga tambi\u00e9n es conocida por ser utilizada para la reducci\u00f3n del estr\u00e9s y la reubicaci\u00f3n de la memoria. Ketaset tambi\u00e9n es conocido por ser utilizado por la gente con fines recreativos, ya que puede producir efectos tales como la inflaci\u00f3n del ego, la supresi\u00f3n emocional, y la sensaci\u00f3n de sobriedad.<br \/>\nHaga clic aqu\u00ed para comprar ketamina en l\u00ednea<\/p>\n<h3>Efectos de Ketaset<\/h3>\n<p>Los efectos de Ketaset van desde lo f\u00edsico, lo psicol\u00f3gico y lo subjetivo. Ketaset provoca agitaci\u00f3n y alucinaciones cuando el medicamento desaparece. Tambi\u00e9n se ha asociado la presi\u00f3n arterial alta con el uso de ketaset.<br \/>\nAlgunos de los otros efectos causados por el ketaset son de naturaleza cardiovascular, gastrointestinal y respiratoria. Los efectos cardiovasculares incluyen cambios en el sistema nervioso. Los efectos gastrointestinales incluyen v\u00f3mitos y n\u00e1useas y estos efectos se suelen observar en aproximadamente 25% de los pacientes a los que se les ha administrado ketaset con fines anest\u00e9sicos. Los efectos respiratorios incluyen un broncodilatador en el que la v\u00eda respiratoria pierde la fricci\u00f3n y la resistencia al flujo de aire a trav\u00e9s de la v\u00eda a\u00e9rea disminuye. Esto da lugar a un aumento del flujo de aire a los pulmones que puede ser perjudicial en causas graves.<br \/>\nTambi\u00e9n se ha desaconsejado el uso de la droga con fines recreativos, ya que se han registrado muertes de personas que han consumido ketaset sin el asesoramiento adecuado en todo el mundo.<\/p>\n<h3>Ketaset Inyecci\u00f3n<\/h3>\n<p>La ketamina o la inyecci\u00f3n de ketaset pueden utilizarse para inducir la anestesia en los pacientes. El beneficio de la inyecci\u00f3n de ketaset es que tiene un mayor margen de seguridad y un efecto de acci\u00f3n r\u00e1pida.<br \/>\nHaga clic aqu\u00ed para comprar Focalin XR<\/p>\n<h3><strong>KETASET brief<\/strong><\/h3>\n<p>En gatos, KETASET puede usarse para mantenerlos inm\u00f3viles o como \u00fanico anest\u00e9sico para cirug\u00edas cortas, exploratorias o peque\u00f1as que no requieren relajaci\u00f3n muscular. En monos subhumanos, puede usarse para mantenerlos inm\u00f3viles.<\/p>\n<h3>Venta de Ketaset<\/h3>\n<p>Nuestra tienda online es una de las principales fuentes de la droga ketamina y las enviamos a todo el mundo a trav\u00e9s de nuestro servicio de env\u00edo est\u00e1ndar. Todas las formas de ketamina pura como Ketaset, ketalar, polvo, etc. est\u00e1n disponibles en nuestra tienda online.<\/p>\n<h3><strong>Dosis y administraci\u00f3n<\/strong><\/h3>\n<p>Al inyectarse en el m\u00fasculo, KETASET es bien aceptado por gatos y animales no humanos. Antes de iniciar la sedaci\u00f3n o la restricci\u00f3n con KETASET, no es necesario ayunar. Sin embargo, si se est\u00e1 preparando para una cirug\u00eda opcional, debe evitar comer durante al menos seis horas antes de administrar KETASET.<\/p>\n<p>La anestesia puede no durar tanto en gatos que a\u00fan no han alcanzado el desarrollo completo. En el caso de monos subhumanos reci\u00e9n nacidos (de menos de 24 horas de vida), es dif\u00edcil mantenerlos. Al igual que con otros anest\u00e9sicos, KETASET tiene un efecto ligeramente variable en cada persona, seg\u00fan la dosis, el estado general de salud y la edad. Por ello, no es posible recomendar una dosis exacta.<\/p>\n<p><strong>Detalles de la dosis<\/strong><\/p>\n<p>Para los gatos, se sugiere una cantidad de 11 mg\/kg (5 mg\/lb) para mantenerlos controlados.<\/p>\n<p>Entre 22 y 33 mg\/kg (10 a 15 mg\/lb) es un buen rango de dosis para la anestesia que funciona bien para cirug\u00edas peque\u00f1as o de diagn\u00f3stico que no necesitan relajar los m\u00fasculos.<\/p>","protected":false},"excerpt":{"rendered":"<p>Buy Ketaset Online Buy Ketaset Online ,Ketaset is an extraordinary medicine for inducing anaesthesia. This item is utilized just before any therapeutic methodology or medical procedure. There might likewise be different employments of this item that are not talked here. How To Use Ketaset? Ketaset is an injectable item, so bring this into your muscles [&hellip;]<\/p>","protected":false},"featured_media":3098,"comment_status":"open","ping_status":"closed","template":"","meta":{"site-sidebar-layout":"default","site-content-layout":"","ast-site-content-layout":"default","site-content-style":"default","site-sidebar-style":"default","ast-global-header-display":"","ast-banner-title-visibility":"","ast-main-header-display":"","ast-hfb-above-header-display":"","ast-hfb-below-header-display":"","ast-hfb-mobile-header-display":"","site-post-title":"","ast-breadcrumbs-content":"","ast-featured-img":"","footer-sml-layout":"","theme-transparent-header-meta":"default","adv-header-id-meta":"","stick-header-meta":"","header-above-stick-meta":"","header-main-stick-meta":"","header-below-stick-meta":"","astra-migrate-meta-layouts":"set","ast-page-background-enabled":"default","ast-page-background-meta":{"desktop":{"background-color":"var(--ast-global-color-4)","background-image":"","background-repeat":"repeat","background-position":"center center","background-size":"auto","background-attachment":"scroll","background-type":"","background-media":"","overlay-type":"","overlay-color":"","overlay-opacity":"","overlay-gradient":""},"tablet":{"background-color":"","background-image":"","background-repeat":"repeat","background-position":"center center","background-size":"auto","background-attachment":"scroll","background-type":"","background-media":"","overlay-type":"","overlay-color":"","overlay-opacity":"","overlay-gradient":""},"mobile":{"background-color":"","background-image":"","background-repeat":"repeat","background-position":"center center","background-size":"auto","background-attachment":"scroll","background-type":"","background-media":"","overlay-type":"","overlay-color":"","overlay-opacity":"","overlay-gradient":""}},"ast-content-background-meta":{"desktop":{"background-color":"var(--ast-global-color-5)","background-image":"","background-repeat":"repeat","background-position":"center center","background-size":"auto","background-attachment":"scroll","background-type":"","background-media":"","overlay-type":"","overlay-color":"","overlay-opacity":"","overlay-gradient":""},"tablet":{"background-color":"var(--ast-global-color-5)","background-image":"","background-repeat":"repeat","background-position":"center center","background-size":"auto","background-attachment":"scroll","background-type":"","background-media":"","overlay-type":"","overlay-color":"","overlay-opacity":"","overlay-gradient":""},"mobile":{"background-color":"var(--ast-global-color-5)","background-image":"","background-repeat":"repeat","background-position":"center center","background-size":"auto","background-attachment":"scroll","background-type":"","background-media":"","overlay-type":"","overlay-color":"","overlay-opacity":"","overlay-gradient":""}}},"product_brand":[],"product_cat":[2385],"product_tag":[1075,1076,1074,1069,1072,1071,1070,1073,1068,1067,1078,1077],"class_list":{"0":"post-3068","1":"product","2":"type-product","3":"status-publish","4":"has-post-thumbnail","6":"product_cat-buy-pain-killer-pills-online","7":"product_tag-buy-ketaset-in-canada","8":"product_tag-buy-ketaset-in-uk","9":"product_tag-buy-ketaset-in-usa","10":"product_tag-buy-ketaset-with-bitcoin","11":"product_tag-buy-ketaset-with-credit-card","12":"product_tag-buy-ketaset-with-money-gram","13":"product_tag-buy-ketaset-with-western-union","14":"product_tag-buy-ketaset-without-a-doctor","15":"product_tag-buy-ketaset-without-prescription","16":"product_tag-ketaset-for-sale","17":"product_tag-ketaset-pills","18":"product_tag-ketaset-tablets","19":"desktop-align-center","20":"tablet-align-left","21":"mobile-align-left","23":"first","24":"instock","25":"featured","26":"shipping-taxable","27":"purchasable","28":"product-type-variable","29":"has-default-attributes"},"yoast_head":"<!-- This site is optimized with the Yoast SEO plugin v25.9 - https:\/\/yoast.com\/wordpress\/plugins\/seo\/ -->\n<title>Buy Ketaset Online - Ketaset for Sale | Buy-Prescriptionz<\/title>\n<meta name=\"description\" content=\"Looking to buy Ketaset online at a reasonable price? Visit our reputable online chemical store and get Ketaset for sale today. Place an order now and get the best rate in our store.\" \/>\n<meta name=\"robots\" content=\"index, follow, max-snippet:-1, max-image-preview:large, max-video-preview:-1\" \/>\n<link rel=\"canonical\" href=\"https:\/\/buy-prescriptionz.com\/es\/producto\/comprar-ketaset-en-linea\/\" \/>\n<meta property=\"og:locale\" content=\"es_ES\" \/>\n<meta property=\"og:type\" content=\"article\" \/>\n<meta property=\"og:title\" content=\"Buy Ketaset Online - Ketaset for Sale | Buy-Prescriptionz\" \/>\n<meta property=\"og:description\" content=\"Looking to buy Ketaset online at a reasonable price? Visit our reputable online chemical store and get Ketaset for sale today. Place an order now and get the best rate in our store.\" \/>\n<meta property=\"og:url\" content=\"https:\/\/buy-prescriptionz.com\/es\/producto\/comprar-ketaset-en-linea\/\" \/>\n<meta property=\"og:site_name\" content=\"Buy Prescriptionz\" \/>\n<meta property=\"article:modified_time\" content=\"2025-09-22T05:24:47+00:00\" \/>\n<meta property=\"og:image\" content=\"https:\/\/buy-prescriptionz.com\/wp-content\/uploads\/2025\/09\/ketaset.jpeg\" \/>\n\t<meta property=\"og:image:width\" content=\"400\" \/>\n\t<meta property=\"og:image:height\" content=\"300\" \/>\n\t<meta property=\"og:image:type\" content=\"image\/jpeg\" \/>\n<meta name=\"twitter:card\" content=\"summary_large_image\" \/>\n<meta name=\"twitter:label1\" content=\"Tiempo de lectura\" \/>\n\t<meta name=\"twitter:data1\" content=\"5 minutos\" \/>\n<script type=\"application\/ld+json\" class=\"yoast-schema-graph\">{\"@context\":\"https:\/\/schema.org\",\"@graph\":[{\"@type\":\"WebPage\",\"@id\":\"https:\/\/buy-prescriptionz.com\/product\/buy-ketaset-online\/\",\"url\":\"https:\/\/buy-prescriptionz.com\/product\/buy-ketaset-online\/\",\"name\":\"Buy Ketaset Online - Ketaset for Sale | Buy-Prescriptionz\",\"isPartOf\":{\"@id\":\"https:\/\/buy-prescriptionz.com\/#website\"},\"primaryImageOfPage\":{\"@id\":\"https:\/\/buy-prescriptionz.com\/product\/buy-ketaset-online\/#primaryimage\"},\"image\":{\"@id\":\"https:\/\/buy-prescriptionz.com\/product\/buy-ketaset-online\/#primaryimage\"},\"thumbnailUrl\":\"https:\/\/buy-prescriptionz.com\/wp-content\/uploads\/2025\/09\/ketaset.jpeg\",\"datePublished\":\"2025-09-16T08:56:11+00:00\",\"dateModified\":\"2025-09-22T05:24:47+00:00\",\"description\":\"Looking to buy Ketaset online at a reasonable price? Visit our reputable online chemical store and get Ketaset for sale today. Place an order now and get the best rate in our store.\",\"breadcrumb\":{\"@id\":\"https:\/\/buy-prescriptionz.com\/product\/buy-ketaset-online\/#breadcrumb\"},\"inLanguage\":\"es\",\"potentialAction\":[{\"@type\":\"ReadAction\",\"target\":[\"https:\/\/buy-prescriptionz.com\/product\/buy-ketaset-online\/\"]}]},{\"@type\":\"ImageObject\",\"inLanguage\":\"es\",\"@id\":\"https:\/\/buy-prescriptionz.com\/product\/buy-ketaset-online\/#primaryimage\",\"url\":\"https:\/\/buy-prescriptionz.com\/wp-content\/uploads\/2025\/09\/ketaset.jpeg\",\"contentUrl\":\"https:\/\/buy-prescriptionz.com\/wp-content\/uploads\/2025\/09\/ketaset.jpeg\",\"width\":400,\"height\":300},{\"@type\":\"BreadcrumbList\",\"@id\":\"https:\/\/buy-prescriptionz.com\/product\/buy-ketaset-online\/#breadcrumb\",\"itemListElement\":[{\"@type\":\"ListItem\",\"position\":1,\"name\":\"Home\",\"item\":\"https:\/\/buy-prescriptionz.com\/\"},{\"@type\":\"ListItem\",\"position\":2,\"name\":\"Shop Painkillers Online\",\"item\":\"https:\/\/buy-prescriptionz.com\/shop-painkillers-online\/\"},{\"@type\":\"ListItem\",\"position\":3,\"name\":\"Buy Ketaset Online\"}]},{\"@type\":\"WebSite\",\"@id\":\"https:\/\/buy-prescriptionz.com\/#website\",\"url\":\"https:\/\/buy-prescriptionz.com\/\",\"name\":\"Buy Prescriptionz\",\"description\":\"Drugs Online\",\"publisher\":{\"@id\":\"https:\/\/buy-prescriptionz.com\/#organization\"},\"potentialAction\":[{\"@type\":\"SearchAction\",\"target\":{\"@type\":\"EntryPoint\",\"urlTemplate\":\"https:\/\/buy-prescriptionz.com\/?s={search_term_string}\"},\"query-input\":{\"@type\":\"PropertyValueSpecification\",\"valueRequired\":true,\"valueName\":\"search_term_string\"}}],\"inLanguage\":\"es\"},{\"@type\":\"Organization\",\"@id\":\"https:\/\/buy-prescriptionz.com\/#organization\",\"name\":\"Buy Prescriptionz\",\"url\":\"https:\/\/buy-prescriptionz.com\/\",\"logo\":{\"@type\":\"ImageObject\",\"inLanguage\":\"es\",\"@id\":\"https:\/\/buy-prescriptionz.com\/#\/schema\/logo\/image\/\",\"url\":\"https:\/\/buy-prescriptionz.com\/wp-content\/uploads\/2023\/09\/logo.png\",\"contentUrl\":\"https:\/\/buy-prescriptionz.com\/wp-content\/uploads\/2023\/09\/logo.png\",\"width\":350,\"height\":64,\"caption\":\"Buy Prescriptionz\"},\"image\":{\"@id\":\"https:\/\/buy-prescriptionz.com\/#\/schema\/logo\/image\/\"}}]}<\/script>\n<!-- \/ Yoast SEO plugin. -->","yoast_head_json":{"title":"Comprar Ketaset en l\u00ednea - Ketaset a la venta | Buy-Prescriptionz","description":"\u00bfBuscas comprar Ketaset online a un precio razonable? Visita nuestra prestigiosa tienda de productos qu\u00edmicos online y consigue Ketaset hoy mismo. Haz tu pedido ahora y consigue el mejor precio en nuestra tienda.","robots":{"index":"index","follow":"follow","max-snippet":"max-snippet:-1","max-image-preview":"max-image-preview:large","max-video-preview":"max-video-preview:-1"},"canonical":"https:\/\/buy-prescriptionz.com\/es\/producto\/comprar-ketaset-en-linea\/","og_locale":"es_ES","og_type":"article","og_title":"Buy Ketaset Online - Ketaset for Sale | Buy-Prescriptionz","og_description":"Looking to buy Ketaset online at a reasonable price? Visit our reputable online chemical store and get Ketaset for sale today. Place an order now and get the best rate in our store.","og_url":"https:\/\/buy-prescriptionz.com\/es\/producto\/comprar-ketaset-en-linea\/","og_site_name":"Buy Prescriptionz","article_modified_time":"2025-09-22T05:24:47+00:00","og_image":[{"width":400,"height":300,"url":"https:\/\/buy-prescriptionz.com\/wp-content\/uploads\/2025\/09\/ketaset.jpeg","type":"image\/jpeg"}],"twitter_card":"summary_large_image","twitter_misc":{"Tiempo de lectura":"5 minutos"},"schema":{"@context":"https:\/\/schema.org","@graph":[{"@type":"WebPage","@id":"https:\/\/buy-prescriptionz.com\/product\/buy-ketaset-online\/","url":"https:\/\/buy-prescriptionz.com\/product\/buy-ketaset-online\/","name":"Comprar Ketaset en l\u00ednea - Ketaset a la venta | Buy-Prescriptionz","isPartOf":{"@id":"https:\/\/buy-prescriptionz.com\/#website"},"primaryImageOfPage":{"@id":"https:\/\/buy-prescriptionz.com\/product\/buy-ketaset-online\/#primaryimage"},"image":{"@id":"https:\/\/buy-prescriptionz.com\/product\/buy-ketaset-online\/#primaryimage"},"thumbnailUrl":"https:\/\/buy-prescriptionz.com\/wp-content\/uploads\/2025\/09\/ketaset.jpeg","datePublished":"2025-09-16T08:56:11+00:00","dateModified":"2025-09-22T05:24:47+00:00","description":"\u00bfBuscas comprar Ketaset online a un precio razonable? Visita nuestra prestigiosa tienda de productos qu\u00edmicos online y consigue Ketaset hoy mismo. Haz tu pedido ahora y consigue el mejor precio en nuestra tienda.","breadcrumb":{"@id":"https:\/\/buy-prescriptionz.com\/product\/buy-ketaset-online\/#breadcrumb"},"inLanguage":"es","potentialAction":[{"@type":"ReadAction","target":["https:\/\/buy-prescriptionz.com\/product\/buy-ketaset-online\/"]}]},{"@type":"ImageObject","inLanguage":"es","@id":"https:\/\/buy-prescriptionz.com\/product\/buy-ketaset-online\/#primaryimage","url":"https:\/\/buy-prescriptionz.com\/wp-content\/uploads\/2025\/09\/ketaset.jpeg","contentUrl":"https:\/\/buy-prescriptionz.com\/wp-content\/uploads\/2025\/09\/ketaset.jpeg","width":400,"height":300},{"@type":"BreadcrumbList","@id":"https:\/\/buy-prescriptionz.com\/product\/buy-ketaset-online\/#breadcrumb","itemListElement":[{"@type":"ListItem","position":1,"name":"Home","item":"https:\/\/buy-prescriptionz.com\/"},{"@type":"ListItem","position":2,"name":"Shop Painkillers Online","item":"https:\/\/buy-prescriptionz.com\/shop-painkillers-online\/"},{"@type":"ListItem","position":3,"name":"Buy Ketaset Online"}]},{"@type":"WebSite","@id":"https:\/\/buy-prescriptionz.com\/#website","url":"https:\/\/buy-prescriptionz.com\/","name":"Buy Prescriptionz","description":"Medicamentos en l\u00ednea","publisher":{"@id":"https:\/\/buy-prescriptionz.com\/#organization"},"potentialAction":[{"@type":"SearchAction","target":{"@type":"EntryPoint","urlTemplate":"https:\/\/buy-prescriptionz.com\/?s={search_term_string}"},"query-input":{"@type":"PropertyValueSpecification","valueRequired":true,"valueName":"search_term_string"}}],"inLanguage":"es"},{"@type":"Organization","@id":"https:\/\/buy-prescriptionz.com\/#organization","name":"Buy Prescriptionz","url":"https:\/\/buy-prescriptionz.com\/","logo":{"@type":"ImageObject","inLanguage":"es","@id":"https:\/\/buy-prescriptionz.com\/#\/schema\/logo\/image\/","url":"https:\/\/buy-prescriptionz.com\/wp-content\/uploads\/2023\/09\/logo.png","contentUrl":"https:\/\/buy-prescriptionz.com\/wp-content\/uploads\/2023\/09\/logo.png","width":350,"height":64,"caption":"Buy Prescriptionz"},"image":{"@id":"https:\/\/buy-prescriptionz.com\/#\/schema\/logo\/image\/"}}]}},"_links":{"self":[{"href":"https:\/\/buy-prescriptionz.com\/es\/wp-json\/wp\/v2\/product\/3068","targetHints":{"allow":["GET"]}}],"collection":[{"href":"https:\/\/buy-prescriptionz.com\/es\/wp-json\/wp\/v2\/product"}],"about":[{"href":"https:\/\/buy-prescriptionz.com\/es\/wp-json\/wp\/v2\/types\/product"}],"replies":[{"embeddable":true,"href":"https:\/\/buy-prescriptionz.com\/es\/wp-json\/wp\/v2\/comments?post=3068"}],"wp:featuredmedia":[{"embeddable":true,"href":"https:\/\/buy-prescriptionz.com\/es\/wp-json\/wp\/v2\/media\/3098"}],"wp:attachment":[{"href":"https:\/\/buy-prescriptionz.com\/es\/wp-json\/wp\/v2\/media?parent=3068"}],"wp:term":[{"taxonomy":"product_brand","embeddable":true,"href":"https:\/\/buy-prescriptionz.com\/es\/wp-json\/wp\/v2\/product_brand?post=3068"},{"taxonomy":"product_cat","embeddable":true,"href":"https:\/\/buy-prescriptionz.com\/es\/wp-json\/wp\/v2\/product_cat?post=3068"},{"taxonomy":"product_tag","embeddable":true,"href":"https:\/\/buy-prescriptionz.com\/es\/wp-json\/wp\/v2\/product_tag?post=3068"}],"curies":[{"name":"wp","href":"https:\/\/api.w.org\/{rel}","templated":true}]}}