{"id":3069,"date":"2025-09-16T08:56:11","date_gmt":"2025-09-16T08:56:11","guid":{"rendered":"https:\/\/chemsfine.com\/newsite\/?post_type=product&#038;p=3069"},"modified":"2025-09-22T05:22:06","modified_gmt":"2025-09-22T05:22:06","slug":"comprar-inyeccion-de-ketalar-en-linea","status":"publish","type":"product","link":"https:\/\/buy-prescriptionz.com\/es\/producto\/comprar-inyeccion-de-ketalar-en-linea\/","title":{"rendered":"Comprar Ketalar Injection Online"},"content":{"rendered":"<h2>Comprar Ketalar Injection Online<\/h2>\n<p>Comprar Ketalar online sin receta Comprar Ketalar online sin receta en Buyprescriptionz.com. Ketalar Injection produce un efecto abrupto que dura aproximadamente una hora. Comienza alrededor de 2 a 5 minutos despu\u00e9s de que se haya fumado o tragado la dosis. Pero con la inyecci\u00f3n, ocurre alrededor de 30 segundos despu\u00e9s de que la inyecci\u00f3n se ha producido. La primera sensaci\u00f3n ...<\/p>\n<p>Das erste Highgef\u00fchl ist ein \u00fcberw\u00e4ltigendes Gef\u00fchl der Entspannung, das manchmal als Ganzk\u00f6rper-Summen beschrieben wird. Manche Konsumenten haben das Gef\u00fchl zu schweben, andere beschreiben es sogar als au\u00dferk\u00f6rperlich. Viele erleben Halluzinationen, die l\u00e4nger anhalten k\u00f6nnen als die bet\u00e4ubende Wirkung. Ketalar kann rezeptfrei online gekauft werden. H\u00f6here Dosen k\u00f6nnen intensivere Effekte hervorrufen, wobei Konsumenten von einer v\u00f6lligen Losl\u00f6sung vom K\u00f6rper berichten. Die Effekte \u00e4hneln denen von Menschen mit Nahtoderfahrungen und werden als \u201eK-Loch\u201c beschrieben.<\/p>\n<h3>QU\u00c9 PUEDE HACER LA INYECCI\u00d3N DE KETALAR POR USTED<\/h3>\n<p>Ketalar 50 mg\/ml. Se administra mediante inyecci\u00f3n. Este medicamento es utilizado por un m\u00e9dico especialista, el anestesista, para inducir la p\u00e9rdida temporal del conocimiento y la sensibilidad durante cirug\u00edas mayores en un hospital. Suele ser muy seguro, act\u00faa con bastante rapidez y permite que el tratamiento contin\u00fae sin causar dolor ni estr\u00e9s.<\/p>\n<h3>C\u00d3MO USAR LA INYECCI\u00d3N DE KETALAR<\/h3>\n<p>Su m\u00e9dico o enfermera le administrar\u00e1 la mejor inyecci\u00f3n de Ketalar. Por favor, no se preocupe.<\/p>\n<h3>C\u00d3MO FUNCIONA LA INYECCI\u00d3N<\/h3>\n<p>Ketalar 50 mg\/ml. Se administra un anest\u00e9sico general mediante inyecci\u00f3n. Su efecto consiste en la p\u00e9rdida de la consciencia durante un breve periodo. Esto permite realizar cirug\u00edas sin dolor ni estr\u00e9s.<\/p>\n<h3>SIDE EFFECTS OF KETAMINE HYDROCHLORIDE INJECTION<\/h3>\n<p>The drug does, of course, have side effects, and these can be quite profound. Short-term side effects include bad hallucinations. As with all psychotropic drugs, the pleasantness of the hallucination depends on the user\u2019s state of mind, and if the user is seeking to escape unhappiness, the hallucinations are likely to be unpleasant. Buy Ketalar Online Without Prescription here at our online drugstore.<\/p>\n<p><strong>Naturally, the side effects of ketamine Hydrochloride Injection include:<\/strong><\/p>\n<p>Drowsiness.<br \/>\nIncreased heart rate.<br \/>\nElevated blood pressure.<br \/>\nLarge doses of ketamine can result in what some describe as the \u201cK-hole,\u201d which can include intense and unpleasant visual and auditory hallucinations coupled with marked derealization and a frightening detachment from reality.<\/p>\n<h3>\u00bfCu\u00e1nta ketalar debo tomar?<\/h3>\n<p>Est\u00e1 compuesto por una soluci\u00f3n est\u00e9ril ligeramente \u00e1cida (pH 3,5-5,5) que puede inyectarse por v\u00eda intravenosa o intramuscular. Se presenta en concentraciones de 10, 50 o 100 mg de ketamina base por mililitro y, como conservante, se a\u00f1ade un m\u00e1ximo de 0,1 mg\/ml de fenerol (cloruro de bencetonio). Se utiliz\u00f3 cloruro de sal para que el l\u00edquido de 10 mg\/ml fuera isot\u00f3nico. Es necesario vigilar a los pacientes hasta que desaparezcan los efectos secundarios. Es posible que el medicamento genere adicci\u00f3n.<\/p>\n<h3>\u00bfQu\u00e9 otros medicamentos, sustancias o suplementos funcionan con Ketalar?<\/h3>\n<p>Ketalar podr\u00eda no ser tan eficaz con barbit\u00faricos o medicamentos. Informe a su m\u00e9dico sobre todos los medicamentos y vitaminas que toma. Ketalar no debe ser usado durante el embarazo o la lactancia. Ketalar inyectable no debe ser usado por mujeres embarazadas ni personas en trabajo de parto, y no se ha probado en ni\u00f1os menores de 16 a\u00f1os. Para obtener Ketalar inyectable aut\u00e9ntico, visite la mejor farmacia, Buy-Prescriptionz.com. Ofrecen medicamentos de alta calidad con env\u00edo r\u00e1pido y un servicio confiable. Conf\u00ede en Buy-Prescriptionz.com para sus necesidades m\u00e9dicas y obtenga una fuente segura y confiable de Ketalar inyectable.<\/p>","protected":false},"excerpt":{"rendered":"<p>Buy Ketalar Injection Online Buy Ketalar Online Without Prescription at buy-prescriptionz.com. Ketalar Injection produces an abrupt high that lasts for about an hour. It starts around 2 to 5 minutes after the dose has been smoked or swallowed. But with injection, it happens around 30 seconds after the injection has occurred. The first feeling of [&hellip;]<\/p>","protected":false},"featured_media":3099,"comment_status":"open","ping_status":"closed","template":"","meta":{"site-sidebar-layout":"default","site-content-layout":"","ast-site-content-layout":"default","site-content-style":"default","site-sidebar-style":"default","ast-global-header-display":"","ast-banner-title-visibility":"","ast-main-header-display":"","ast-hfb-above-header-display":"","ast-hfb-below-header-display":"","ast-hfb-mobile-header-display":"","site-post-title":"","ast-breadcrumbs-content":"","ast-featured-img":"","footer-sml-layout":"","theme-transparent-header-meta":"default","adv-header-id-meta":"","stick-header-meta":"","header-above-stick-meta":"","header-main-stick-meta":"","header-below-stick-meta":"","astra-migrate-meta-layouts":"set","ast-page-background-enabled":"default","ast-page-background-meta":{"desktop":{"background-color":"var(--ast-global-color-4)","background-image":"","background-repeat":"repeat","background-position":"center center","background-size":"auto","background-attachment":"scroll","background-type":"","background-media":"","overlay-type":"","overlay-color":"","overlay-opacity":"","overlay-gradient":""},"tablet":{"background-color":"","background-image":"","background-repeat":"repeat","background-position":"center center","background-size":"auto","background-attachment":"scroll","background-type":"","background-media":"","overlay-type":"","overlay-color":"","overlay-opacity":"","overlay-gradient":""},"mobile":{"background-color":"","background-image":"","background-repeat":"repeat","background-position":"center center","background-size":"auto","background-attachment":"scroll","background-type":"","background-media":"","overlay-type":"","overlay-color":"","overlay-opacity":"","overlay-gradient":""}},"ast-content-background-meta":{"desktop":{"background-color":"var(--ast-global-color-5)","background-image":"","background-repeat":"repeat","background-position":"center center","background-size":"auto","background-attachment":"scroll","background-type":"","background-media":"","overlay-type":"","overlay-color":"","overlay-opacity":"","overlay-gradient":""},"tablet":{"background-color":"var(--ast-global-color-5)","background-image":"","background-repeat":"repeat","background-position":"center center","background-size":"auto","background-attachment":"scroll","background-type":"","background-media":"","overlay-type":"","overlay-color":"","overlay-opacity":"","overlay-gradient":""},"mobile":{"background-color":"var(--ast-global-color-5)","background-image":"","background-repeat":"repeat","background-position":"center center","background-size":"auto","background-attachment":"scroll","background-type":"","background-media":"","overlay-type":"","overlay-color":"","overlay-opacity":"","overlay-gradient":""}}},"product_brand":[],"product_cat":[2385],"product_tag":[1063,1064,1062,1057,1060,1059,1058,1061,1056,1055,1066,1065],"class_list":{"0":"post-3069","1":"product","2":"type-product","3":"status-publish","4":"has-post-thumbnail","6":"product_cat-buy-pain-killer-pills-online","7":"product_tag-buy-ketalar-injection-in-canada","8":"product_tag-buy-ketalar-injection-in-uk","9":"product_tag-buy-ketalar-injection-in-usa","10":"product_tag-buy-ketalar-injection-with-bitcoin","11":"product_tag-buy-ketalar-injection-with-credit-card","12":"product_tag-buy-ketalar-injection-with-money-gram","13":"product_tag-buy-ketalar-injection-with-western-union","14":"product_tag-buy-ketalar-injection-without-a-doctor","15":"product_tag-buy-ketalar-injection-without-prescription","16":"product_tag-ketalar-injection-for-sale","17":"product_tag-ketalar-injection-pills","18":"product_tag-ketalar-injection-tablets","19":"desktop-align-center","20":"tablet-align-left","21":"mobile-align-left","23":"first","24":"instock","25":"shipping-taxable","26":"purchasable","27":"product-type-variable","28":"has-default-attributes"},"yoast_head":"<!-- This site is optimized with the Yoast SEO plugin v25.9 - https:\/\/yoast.com\/wordpress\/plugins\/seo\/ -->\n<title>Buy Ketalar Injection Online USA - Buy Ketalar Injection Online for Sale - Buy Prescriptionz<\/title>\n<meta name=\"description\" content=\"Buyprescriptionz.com is an online pharmacy store where you can Buy Ketalar Injection Online at best price without doctor&#039;s prescription. Buy Ketalar Injection Online Now with Free &amp; Secure Shipping!\" \/>\n<meta name=\"robots\" content=\"index, follow, max-snippet:-1, max-image-preview:large, max-video-preview:-1\" \/>\n<link rel=\"canonical\" href=\"https:\/\/buy-prescriptionz.com\/es\/producto\/comprar-inyeccion-de-ketalar-en-linea\/\" \/>\n<meta property=\"og:locale\" content=\"es_ES\" \/>\n<meta property=\"og:type\" content=\"article\" \/>\n<meta property=\"og:title\" content=\"Buy Ketalar Injection Online USA - Buy Ketalar Injection Online for Sale - Buy Prescriptionz\" \/>\n<meta property=\"og:description\" content=\"Buyprescriptionz.com is an online pharmacy store where you can Buy Ketalar Injection Online at best price without doctor&#039;s prescription. Buy Ketalar Injection Online Now with Free &amp; Secure Shipping!\" \/>\n<meta property=\"og:url\" content=\"https:\/\/buy-prescriptionz.com\/es\/producto\/comprar-inyeccion-de-ketalar-en-linea\/\" \/>\n<meta property=\"og:site_name\" content=\"Buy Prescriptionz\" \/>\n<meta property=\"article:modified_time\" content=\"2025-09-22T05:22:06+00:00\" \/>\n<meta property=\"og:image\" content=\"https:\/\/buy-prescriptionz.com\/wp-content\/uploads\/2025\/09\/ketalar-injection.jpg\" \/>\n\t<meta property=\"og:image:width\" content=\"400\" \/>\n\t<meta property=\"og:image:height\" content=\"300\" \/>\n\t<meta property=\"og:image:type\" content=\"image\/jpeg\" \/>\n<meta name=\"twitter:card\" content=\"summary_large_image\" \/>\n<meta name=\"twitter:label1\" content=\"Tiempo de lectura\" \/>\n\t<meta name=\"twitter:data1\" content=\"3 minutos\" \/>\n<script type=\"application\/ld+json\" class=\"yoast-schema-graph\">{\"@context\":\"https:\/\/schema.org\",\"@graph\":[{\"@type\":\"WebPage\",\"@id\":\"https:\/\/buy-prescriptionz.com\/product\/buy-ketalar-injection-online\/\",\"url\":\"https:\/\/buy-prescriptionz.com\/product\/buy-ketalar-injection-online\/\",\"name\":\"Buy Ketalar Injection Online USA - Buy Ketalar Injection Online for Sale - Buy Prescriptionz\",\"isPartOf\":{\"@id\":\"https:\/\/buy-prescriptionz.com\/#website\"},\"primaryImageOfPage\":{\"@id\":\"https:\/\/buy-prescriptionz.com\/product\/buy-ketalar-injection-online\/#primaryimage\"},\"image\":{\"@id\":\"https:\/\/buy-prescriptionz.com\/product\/buy-ketalar-injection-online\/#primaryimage\"},\"thumbnailUrl\":\"https:\/\/buy-prescriptionz.com\/wp-content\/uploads\/2025\/09\/ketalar-injection.jpg\",\"datePublished\":\"2025-09-16T08:56:11+00:00\",\"dateModified\":\"2025-09-22T05:22:06+00:00\",\"description\":\"Buyprescriptionz.com is an online pharmacy store where you can Buy Ketalar Injection Online at best price without doctor's prescription. Buy Ketalar Injection Online Now with Free & Secure Shipping!\",\"breadcrumb\":{\"@id\":\"https:\/\/buy-prescriptionz.com\/product\/buy-ketalar-injection-online\/#breadcrumb\"},\"inLanguage\":\"es\",\"potentialAction\":[{\"@type\":\"ReadAction\",\"target\":[\"https:\/\/buy-prescriptionz.com\/product\/buy-ketalar-injection-online\/\"]}]},{\"@type\":\"ImageObject\",\"inLanguage\":\"es\",\"@id\":\"https:\/\/buy-prescriptionz.com\/product\/buy-ketalar-injection-online\/#primaryimage\",\"url\":\"https:\/\/buy-prescriptionz.com\/wp-content\/uploads\/2025\/09\/ketalar-injection.jpg\",\"contentUrl\":\"https:\/\/buy-prescriptionz.com\/wp-content\/uploads\/2025\/09\/ketalar-injection.jpg\",\"width\":400,\"height\":300},{\"@type\":\"BreadcrumbList\",\"@id\":\"https:\/\/buy-prescriptionz.com\/product\/buy-ketalar-injection-online\/#breadcrumb\",\"itemListElement\":[{\"@type\":\"ListItem\",\"position\":1,\"name\":\"Home\",\"item\":\"https:\/\/buy-prescriptionz.com\/\"},{\"@type\":\"ListItem\",\"position\":2,\"name\":\"Shop Painkillers Online\",\"item\":\"https:\/\/buy-prescriptionz.com\/shop-painkillers-online\/\"},{\"@type\":\"ListItem\",\"position\":3,\"name\":\"Buy Ketalar Injection Online\"}]},{\"@type\":\"WebSite\",\"@id\":\"https:\/\/buy-prescriptionz.com\/#website\",\"url\":\"https:\/\/buy-prescriptionz.com\/\",\"name\":\"Buy Prescriptionz\",\"description\":\"Drugs Online\",\"publisher\":{\"@id\":\"https:\/\/buy-prescriptionz.com\/#organization\"},\"potentialAction\":[{\"@type\":\"SearchAction\",\"target\":{\"@type\":\"EntryPoint\",\"urlTemplate\":\"https:\/\/buy-prescriptionz.com\/?s={search_term_string}\"},\"query-input\":{\"@type\":\"PropertyValueSpecification\",\"valueRequired\":true,\"valueName\":\"search_term_string\"}}],\"inLanguage\":\"es\"},{\"@type\":\"Organization\",\"@id\":\"https:\/\/buy-prescriptionz.com\/#organization\",\"name\":\"Buy Prescriptionz\",\"url\":\"https:\/\/buy-prescriptionz.com\/\",\"logo\":{\"@type\":\"ImageObject\",\"inLanguage\":\"es\",\"@id\":\"https:\/\/buy-prescriptionz.com\/#\/schema\/logo\/image\/\",\"url\":\"https:\/\/buy-prescriptionz.com\/wp-content\/uploads\/2023\/09\/logo.png\",\"contentUrl\":\"https:\/\/buy-prescriptionz.com\/wp-content\/uploads\/2023\/09\/logo.png\",\"width\":350,\"height\":64,\"caption\":\"Buy Prescriptionz\"},\"image\":{\"@id\":\"https:\/\/buy-prescriptionz.com\/#\/schema\/logo\/image\/\"}}]}<\/script>\n<!-- \/ Yoast SEO plugin. -->","yoast_head_json":{"title":"Compre Ketalar inyectable en l\u00ednea en EE. UU. - Compre Ketalar inyectable en l\u00ednea a la venta - Compre con receta","description":"Buyprescriptionz.com is an online pharmacy store where you can Buy Ketalar Injection Online at best price without doctor's prescription. Buy Ketalar Injection Online Now with Free & Secure Shipping!","robots":{"index":"index","follow":"follow","max-snippet":"max-snippet:-1","max-image-preview":"max-image-preview:large","max-video-preview":"max-video-preview:-1"},"canonical":"https:\/\/buy-prescriptionz.com\/es\/producto\/comprar-inyeccion-de-ketalar-en-linea\/","og_locale":"es_ES","og_type":"article","og_title":"Buy Ketalar Injection Online USA - Buy Ketalar Injection Online for Sale - Buy Prescriptionz","og_description":"Buyprescriptionz.com is an online pharmacy store where you can Buy Ketalar Injection Online at best price without doctor's prescription. Buy Ketalar Injection Online Now with Free & Secure Shipping!","og_url":"https:\/\/buy-prescriptionz.com\/es\/producto\/comprar-inyeccion-de-ketalar-en-linea\/","og_site_name":"Buy Prescriptionz","article_modified_time":"2025-09-22T05:22:06+00:00","og_image":[{"width":400,"height":300,"url":"https:\/\/buy-prescriptionz.com\/wp-content\/uploads\/2025\/09\/ketalar-injection.jpg","type":"image\/jpeg"}],"twitter_card":"summary_large_image","twitter_misc":{"Tiempo de lectura":"3 minutos"},"schema":{"@context":"https:\/\/schema.org","@graph":[{"@type":"WebPage","@id":"https:\/\/buy-prescriptionz.com\/product\/buy-ketalar-injection-online\/","url":"https:\/\/buy-prescriptionz.com\/product\/buy-ketalar-injection-online\/","name":"Compre Ketalar inyectable en l\u00ednea en EE. UU. - Compre Ketalar inyectable en l\u00ednea a la venta - Compre con receta","isPartOf":{"@id":"https:\/\/buy-prescriptionz.com\/#website"},"primaryImageOfPage":{"@id":"https:\/\/buy-prescriptionz.com\/product\/buy-ketalar-injection-online\/#primaryimage"},"image":{"@id":"https:\/\/buy-prescriptionz.com\/product\/buy-ketalar-injection-online\/#primaryimage"},"thumbnailUrl":"https:\/\/buy-prescriptionz.com\/wp-content\/uploads\/2025\/09\/ketalar-injection.jpg","datePublished":"2025-09-16T08:56:11+00:00","dateModified":"2025-09-22T05:22:06+00:00","description":"Buyprescriptionz.com is an online pharmacy store where you can Buy Ketalar Injection Online at best price without doctor's prescription. Buy Ketalar Injection Online Now with Free & Secure Shipping!","breadcrumb":{"@id":"https:\/\/buy-prescriptionz.com\/product\/buy-ketalar-injection-online\/#breadcrumb"},"inLanguage":"es","potentialAction":[{"@type":"ReadAction","target":["https:\/\/buy-prescriptionz.com\/product\/buy-ketalar-injection-online\/"]}]},{"@type":"ImageObject","inLanguage":"es","@id":"https:\/\/buy-prescriptionz.com\/product\/buy-ketalar-injection-online\/#primaryimage","url":"https:\/\/buy-prescriptionz.com\/wp-content\/uploads\/2025\/09\/ketalar-injection.jpg","contentUrl":"https:\/\/buy-prescriptionz.com\/wp-content\/uploads\/2025\/09\/ketalar-injection.jpg","width":400,"height":300},{"@type":"BreadcrumbList","@id":"https:\/\/buy-prescriptionz.com\/product\/buy-ketalar-injection-online\/#breadcrumb","itemListElement":[{"@type":"ListItem","position":1,"name":"Home","item":"https:\/\/buy-prescriptionz.com\/"},{"@type":"ListItem","position":2,"name":"Shop Painkillers Online","item":"https:\/\/buy-prescriptionz.com\/shop-painkillers-online\/"},{"@type":"ListItem","position":3,"name":"Buy Ketalar Injection Online"}]},{"@type":"WebSite","@id":"https:\/\/buy-prescriptionz.com\/#website","url":"https:\/\/buy-prescriptionz.com\/","name":"Buy Prescriptionz","description":"Medicamentos en l\u00ednea","publisher":{"@id":"https:\/\/buy-prescriptionz.com\/#organization"},"potentialAction":[{"@type":"SearchAction","target":{"@type":"EntryPoint","urlTemplate":"https:\/\/buy-prescriptionz.com\/?s={search_term_string}"},"query-input":{"@type":"PropertyValueSpecification","valueRequired":true,"valueName":"search_term_string"}}],"inLanguage":"es"},{"@type":"Organization","@id":"https:\/\/buy-prescriptionz.com\/#organization","name":"Buy Prescriptionz","url":"https:\/\/buy-prescriptionz.com\/","logo":{"@type":"ImageObject","inLanguage":"es","@id":"https:\/\/buy-prescriptionz.com\/#\/schema\/logo\/image\/","url":"https:\/\/buy-prescriptionz.com\/wp-content\/uploads\/2023\/09\/logo.png","contentUrl":"https:\/\/buy-prescriptionz.com\/wp-content\/uploads\/2023\/09\/logo.png","width":350,"height":64,"caption":"Buy Prescriptionz"},"image":{"@id":"https:\/\/buy-prescriptionz.com\/#\/schema\/logo\/image\/"}}]}},"_links":{"self":[{"href":"https:\/\/buy-prescriptionz.com\/es\/wp-json\/wp\/v2\/product\/3069","targetHints":{"allow":["GET"]}}],"collection":[{"href":"https:\/\/buy-prescriptionz.com\/es\/wp-json\/wp\/v2\/product"}],"about":[{"href":"https:\/\/buy-prescriptionz.com\/es\/wp-json\/wp\/v2\/types\/product"}],"replies":[{"embeddable":true,"href":"https:\/\/buy-prescriptionz.com\/es\/wp-json\/wp\/v2\/comments?post=3069"}],"wp:featuredmedia":[{"embeddable":true,"href":"https:\/\/buy-prescriptionz.com\/es\/wp-json\/wp\/v2\/media\/3099"}],"wp:attachment":[{"href":"https:\/\/buy-prescriptionz.com\/es\/wp-json\/wp\/v2\/media?parent=3069"}],"wp:term":[{"taxonomy":"product_brand","embeddable":true,"href":"https:\/\/buy-prescriptionz.com\/es\/wp-json\/wp\/v2\/product_brand?post=3069"},{"taxonomy":"product_cat","embeddable":true,"href":"https:\/\/buy-prescriptionz.com\/es\/wp-json\/wp\/v2\/product_cat?post=3069"},{"taxonomy":"product_tag","embeddable":true,"href":"https:\/\/buy-prescriptionz.com\/es\/wp-json\/wp\/v2\/product_tag?post=3069"}],"curies":[{"name":"wp","href":"https:\/\/api.w.org\/{rel}","templated":true}]}}