{"id":3070,"date":"2025-09-16T08:56:11","date_gmt":"2025-09-16T08:56:11","guid":{"rendered":"https:\/\/chemsfine.com\/newsite\/?post_type=product&#038;p=3070"},"modified":"2025-09-22T08:46:34","modified_gmt":"2025-09-22T08:46:34","slug":"comprar-flexeril-en-linea-ciclobenzaprina","status":"publish","type":"product","link":"https:\/\/buy-prescriptionz.com\/es\/producto\/comprar-flexeril-en-linea-ciclobenzaprina\/","title":{"rendered":"Comprar Flexeril Online(Ciclobenzaprina)"},"content":{"rendered":"<h2>Comprar Flexeril (Ciclobenzaprina) en l\u00ednea<\/h2>\n<h3>\u00bfQu\u00e9 es Flexeril? \u00bfPor qu\u00e9 se utiliza?<\/h3>\n<p>\u00bfQu\u00e9 es el Flexeril? \u00bfPor qu\u00e9 se utiliza? Comprar Flexeril Online(Cyclobenzaprine), Flexeril es un medicamento, com\u00fanmente conocido por su nombre de marca Cyclobenzaprine. Este f\u00e1rmaco (Flexeril) es un calmante muscular del SNC (sistema nervioso central) lo que significa que ayuda a conseguir relajar los m\u00fasculos. Flexiril utilizado para algunos fisioterapia, as\u00ed como prescrito por el m\u00e9dico y ...<\/p>\n<p>Flexeril, conocido gen\u00e9ricamente como ciclobenzaprina, es un relajante muscular que se receta frecuentemente para tratar espasmos musculares. Se usa com\u00fanmente junto con reposo y fisioterapia para aliviar las molestias causadas por afecciones musculoesquel\u00e9ticas agudas. Al usar Flexeril como parte de su medicaci\u00f3n para la relajaci\u00f3n muscular, notar\u00e1 ciertos cambios en su cuerpo. Los m\u00fasculos extremadamente tensos se relajar\u00e1n, lo que acelerar\u00e1 su actividad f\u00edsica. Puede comprar Flexeril en l\u00ednea en nuestro sitio web a precios razonables.<\/p>\n<h3>\u00bfQu\u00e9 otras cosas no se deben usar junto con Flexeril?<\/h3>\n<p>Compre Flexeril en l\u00ednea (ciclobenzaprina). Hay ciertos productos y medicamentos que no deben tomarse junto con Flexeril. Esto se debe a que ciertos depresores del sistema nervioso central (SNC) pueden tener efectos adversos si se usan junto con Flexeril. Si desea comprar Flexeril en l\u00ednea, debe conocer estos t\u00e9rminos que pueden causar problemas. Estos depresores son medicamentos como las benzodiazepinas, los barbit\u00faricos y el alcohol.<\/p>\n<p>Ya le hemos mencionado que tomar Flexeril seg\u00fan la dosis prescrita no le causar\u00e1 da\u00f1o. Sin embargo, tomarlo en exceso y sin consultar a un m\u00e9dico puede tener consecuencias perjudiciales.<\/p>\n<h3>C\u00f3mo usar Flexeril<strong><br \/>\n<\/strong><\/h3>\n<p>Dosis: Siga estrictamente la prescripci\u00f3n m\u00e9dica. La dosis inicial habitual es de 5 mg tres veces al d\u00eda, que puede ajustarse seg\u00fan su respuesta y condici\u00f3n m\u00e9dica.<\/p>\n<p>Administraci\u00f3n: Flexeril se suele tomar por v\u00eda oral, con o sin alimentos. Es beneficioso tomar el medicamento a la misma hora todos los d\u00edas.<\/p>\n<p>Duraci\u00f3n: Generalmente se prescribe para uso a corto plazo, hasta 2-3 semanas, a menos que un proveedor de atenci\u00f3n m\u00e9dica indique lo contrario.<\/p>\n<p>Flexeril (ciclobenzaprina) es un relajante muscular eficaz que se utiliza para aliviar los espasmos musculares y el dolor asociado. Al considerar comprar Flexeril en l\u00ednea, priorice la seguridad consultando con un profesional de la salud, utilizando farmacias en l\u00ednea confiables y verificadas (por ejemplo, buy-prescriptionz.com) y siguiendo las instrucciones del m\u00e9dico. Siempre tenga en cuenta los posibles efectos secundarios e interacciones farmacol\u00f3gicas, y use el medicamento de forma responsable para un alivio a corto plazo.<\/p>\n<h3>Usos de Flexeril<\/h3>\n<p>Espasmos musculares: Flexeril se utiliza principalmente para tratar espasmos musculares resultantes de afecciones musculoesquel\u00e9ticas agudas, como distensiones y esguinces.<\/p>\n<p>Alivio del dolor: A menudo se utiliza en combinaci\u00f3n con descanso y fisioterapia para aliviar el dolor muscular y mejorar la movilidad.<\/p>\n<p>Usos fuera de etiqueta: si bien no es com\u00fan, a veces puede usarse fuera de etiqueta para afecciones como fibromialgia o s\u00edndromes de dolor cr\u00f3nico, bajo la supervisi\u00f3n de un proveedor de atenci\u00f3n m\u00e9dica.<\/p>\n<h3>Consideraciones importantes<\/h3>\n<p>Dosis y modo de empleo: Siga las instrucciones de dosificaci\u00f3n de su m\u00e9dico. No se automedique ni ajuste la dosis sin consejo m\u00e9dico.<\/p>\n<p>Posibles efectos secundarios: Tenga en cuenta posibles efectos secundarios como somnolencia, sequedad bucal o mareos. Consulte a su m\u00e9dico si experimenta alguna reacci\u00f3n adversa.<\/p>\n<p>Almacenamiento: Conserve el mejor Flexeril a temperatura ambiente, lejos de la humedad y el calor.<\/p>\n<h3>Efectos secundarios de Flexeril<\/h3>\n<p>Si compra Flexeril en l\u00ednea, obtendr\u00e1 un medicamento recetado para el tratamiento a corto plazo de lesiones musculares graves, con ejercicio f\u00edsico y descanso. Sin embargo, debe saber que, independientemente de la dosis, un medicamento recetado siempre presenta efectos secundarios. Estos pueden presentarse o no seg\u00fan su consumo y afectarle o no seg\u00fan su sistema inmunitario.<\/p>\n<p><strong>Por lo tanto, es mejor conocer los efectos secundarios de Flexeril antes de comprarlo y comenzar su consumo:<\/strong><\/p>\n<p>Lis\u00e4\u00e4ntynyt syke.<br \/>\nN\u00e1useas<br \/>\nMareos<br \/>\nSuu alkaa kuivua toistuvasti<br \/>\nDolor de cabeza<br \/>\nConfusi\u00f3n<\/p>\n<p>Si toma el medicamento mientras contin\u00faa consumiendo alcohol u otras drogas, incluso si compra Flexeril en l\u00ednea y comienza a tomarlo sin receta, tambi\u00e9n podr\u00eda sufrir efectos secundarios graves, como:<\/p>","protected":false},"excerpt":{"rendered":"<p>Buy Flexeril (Cyclobenzaprine) Online What is Flexeril? Why is it used? Buy Flexeril Online(Cyclobenzaprine), Flexeril is a medication, commonly known by its brand name Cyclobenzaprine. This drug (Flexeril) is a CNS (central nervous system) muscle soothing which means that it helps to get relax your muscles. Flexiril used for some physiotherapy as well as prescribed [&hellip;]<\/p>","protected":false},"featured_media":3100,"comment_status":"open","ping_status":"closed","template":"","meta":{"site-sidebar-layout":"default","site-content-layout":"","ast-site-content-layout":"default","site-content-style":"default","site-sidebar-style":"default","ast-global-header-display":"","ast-banner-title-visibility":"","ast-main-header-display":"","ast-hfb-above-header-display":"","ast-hfb-below-header-display":"","ast-hfb-mobile-header-display":"","site-post-title":"","ast-breadcrumbs-content":"","ast-featured-img":"","footer-sml-layout":"","theme-transparent-header-meta":"default","adv-header-id-meta":"","stick-header-meta":"","header-above-stick-meta":"","header-main-stick-meta":"","header-below-stick-meta":"","astra-migrate-meta-layouts":"set","ast-page-background-enabled":"default","ast-page-background-meta":{"desktop":{"background-color":"var(--ast-global-color-4)","background-image":"","background-repeat":"repeat","background-position":"center center","background-size":"auto","background-attachment":"scroll","background-type":"","background-media":"","overlay-type":"","overlay-color":"","overlay-opacity":"","overlay-gradient":""},"tablet":{"background-color":"","background-image":"","background-repeat":"repeat","background-position":"center center","background-size":"auto","background-attachment":"scroll","background-type":"","background-media":"","overlay-type":"","overlay-color":"","overlay-opacity":"","overlay-gradient":""},"mobile":{"background-color":"","background-image":"","background-repeat":"repeat","background-position":"center center","background-size":"auto","background-attachment":"scroll","background-type":"","background-media":"","overlay-type":"","overlay-color":"","overlay-opacity":"","overlay-gradient":""}},"ast-content-background-meta":{"desktop":{"background-color":"var(--ast-global-color-5)","background-image":"","background-repeat":"repeat","background-position":"center center","background-size":"auto","background-attachment":"scroll","background-type":"","background-media":"","overlay-type":"","overlay-color":"","overlay-opacity":"","overlay-gradient":""},"tablet":{"background-color":"var(--ast-global-color-5)","background-image":"","background-repeat":"repeat","background-position":"center center","background-size":"auto","background-attachment":"scroll","background-type":"","background-media":"","overlay-type":"","overlay-color":"","overlay-opacity":"","overlay-gradient":""},"mobile":{"background-color":"var(--ast-global-color-5)","background-image":"","background-repeat":"repeat","background-position":"center center","background-size":"auto","background-attachment":"scroll","background-type":"","background-media":"","overlay-type":"","overlay-color":"","overlay-opacity":"","overlay-gradient":""}}},"product_brand":[],"product_cat":[2385],"product_tag":[1051,1052,1050,1045,1048,1047,1046,1049,1044,1043,1054,1053],"class_list":{"0":"post-3070","1":"product","2":"type-product","3":"status-publish","4":"has-post-thumbnail","6":"product_cat-buy-pain-killer-pills-online","7":"product_tag-buy-flexeril-cyclobenzaprine-in-canada","8":"product_tag-buy-flexeril-cyclobenzaprine-in-uk","9":"product_tag-buy-flexeril-cyclobenzaprine-in-usa","10":"product_tag-buy-flexeril-cyclobenzaprine-with-bitcoin","11":"product_tag-buy-flexeril-cyclobenzaprine-with-credit-card","12":"product_tag-buy-flexeril-cyclobenzaprine-with-money-gram","13":"product_tag-buy-flexeril-cyclobenzaprine-with-western-union","14":"product_tag-buy-flexeril-cyclobenzaprine-without-a-doctor","15":"product_tag-buy-flexeril-cyclobenzaprine-without-prescription","16":"product_tag-flexeril-cyclobenzaprine-for-sale","17":"product_tag-flexeril-cyclobenzaprine-pills","18":"product_tag-flexeril-cyclobenzaprine-tablets","19":"desktop-align-center","20":"tablet-align-left","21":"mobile-align-left","23":"first","24":"instock","25":"shipping-taxable","26":"purchasable","27":"product-type-variable","28":"has-default-attributes"},"yoast_head":"<!-- This site is optimized with the Yoast SEO plugin v25.9 - https:\/\/yoast.com\/wordpress\/plugins\/seo\/ -->\n<title>Buy Flexeril Online - Flexeril for Sale - Order Flexeril<\/title>\n<meta name=\"description\" content=\"Our online Buy-Prescriptionz store has the best quality Flexeril for sale. If you want to buy Flexeril online, then we can help you from all ends. Order today!\" \/>\n<meta name=\"robots\" content=\"index, follow, max-snippet:-1, max-image-preview:large, max-video-preview:-1\" \/>\n<link rel=\"canonical\" href=\"https:\/\/buy-prescriptionz.com\/es\/producto\/comprar-flexeril-en-linea-ciclobenzaprina\/\" \/>\n<meta property=\"og:locale\" content=\"es_ES\" \/>\n<meta property=\"og:type\" content=\"article\" \/>\n<meta property=\"og:title\" content=\"Buy Flexeril Online - Flexeril for Sale - Order Flexeril\" \/>\n<meta property=\"og:description\" content=\"Our online Buy-Prescriptionz store has the best quality Flexeril for sale. If you want to buy Flexeril online, then we can help you from all ends. Order today!\" \/>\n<meta property=\"og:url\" content=\"https:\/\/buy-prescriptionz.com\/es\/producto\/comprar-flexeril-en-linea-ciclobenzaprina\/\" \/>\n<meta property=\"og:site_name\" content=\"Buy Prescriptionz\" \/>\n<meta property=\"article:modified_time\" content=\"2025-09-22T08:46:34+00:00\" \/>\n<meta property=\"og:image\" content=\"https:\/\/buy-prescriptionz.com\/wp-content\/uploads\/2025\/09\/flexeril-cyclobenzaprine.jpeg\" \/>\n\t<meta property=\"og:image:width\" content=\"400\" \/>\n\t<meta property=\"og:image:height\" content=\"300\" \/>\n\t<meta property=\"og:image:type\" content=\"image\/jpeg\" \/>\n<meta name=\"twitter:card\" content=\"summary_large_image\" \/>\n<meta name=\"twitter:label1\" content=\"Tiempo de lectura\" \/>\n\t<meta name=\"twitter:data1\" content=\"4 minutos\" \/>\n<script type=\"application\/ld+json\" class=\"yoast-schema-graph\">{\"@context\":\"https:\/\/schema.org\",\"@graph\":[{\"@type\":\"WebPage\",\"@id\":\"https:\/\/buy-prescriptionz.com\/product\/buy-flexeril-onlinecyclobenzaprine\/\",\"url\":\"https:\/\/buy-prescriptionz.com\/product\/buy-flexeril-onlinecyclobenzaprine\/\",\"name\":\"Buy Flexeril Online - Flexeril for Sale - Order Flexeril\",\"isPartOf\":{\"@id\":\"https:\/\/buy-prescriptionz.com\/#website\"},\"primaryImageOfPage\":{\"@id\":\"https:\/\/buy-prescriptionz.com\/product\/buy-flexeril-onlinecyclobenzaprine\/#primaryimage\"},\"image\":{\"@id\":\"https:\/\/buy-prescriptionz.com\/product\/buy-flexeril-onlinecyclobenzaprine\/#primaryimage\"},\"thumbnailUrl\":\"https:\/\/buy-prescriptionz.com\/wp-content\/uploads\/2025\/09\/flexeril-cyclobenzaprine.jpeg\",\"datePublished\":\"2025-09-16T08:56:11+00:00\",\"dateModified\":\"2025-09-22T08:46:34+00:00\",\"description\":\"Our online Buy-Prescriptionz store has the best quality Flexeril for sale. If you want to buy Flexeril online, then we can help you from all ends. Order today!\",\"breadcrumb\":{\"@id\":\"https:\/\/buy-prescriptionz.com\/product\/buy-flexeril-onlinecyclobenzaprine\/#breadcrumb\"},\"inLanguage\":\"es\",\"potentialAction\":[{\"@type\":\"ReadAction\",\"target\":[\"https:\/\/buy-prescriptionz.com\/product\/buy-flexeril-onlinecyclobenzaprine\/\"]}]},{\"@type\":\"ImageObject\",\"inLanguage\":\"es\",\"@id\":\"https:\/\/buy-prescriptionz.com\/product\/buy-flexeril-onlinecyclobenzaprine\/#primaryimage\",\"url\":\"https:\/\/buy-prescriptionz.com\/wp-content\/uploads\/2025\/09\/flexeril-cyclobenzaprine.jpeg\",\"contentUrl\":\"https:\/\/buy-prescriptionz.com\/wp-content\/uploads\/2025\/09\/flexeril-cyclobenzaprine.jpeg\",\"width\":400,\"height\":300},{\"@type\":\"BreadcrumbList\",\"@id\":\"https:\/\/buy-prescriptionz.com\/product\/buy-flexeril-onlinecyclobenzaprine\/#breadcrumb\",\"itemListElement\":[{\"@type\":\"ListItem\",\"position\":1,\"name\":\"Home\",\"item\":\"https:\/\/buy-prescriptionz.com\/\"},{\"@type\":\"ListItem\",\"position\":2,\"name\":\"Shop Painkillers Online\",\"item\":\"https:\/\/buy-prescriptionz.com\/shop-painkillers-online\/\"},{\"@type\":\"ListItem\",\"position\":3,\"name\":\"Buy Flexeril Online(Cyclobenzaprine)\"}]},{\"@type\":\"WebSite\",\"@id\":\"https:\/\/buy-prescriptionz.com\/#website\",\"url\":\"https:\/\/buy-prescriptionz.com\/\",\"name\":\"Buy Prescriptionz\",\"description\":\"Drugs Online\",\"publisher\":{\"@id\":\"https:\/\/buy-prescriptionz.com\/#organization\"},\"potentialAction\":[{\"@type\":\"SearchAction\",\"target\":{\"@type\":\"EntryPoint\",\"urlTemplate\":\"https:\/\/buy-prescriptionz.com\/?s={search_term_string}\"},\"query-input\":{\"@type\":\"PropertyValueSpecification\",\"valueRequired\":true,\"valueName\":\"search_term_string\"}}],\"inLanguage\":\"es\"},{\"@type\":\"Organization\",\"@id\":\"https:\/\/buy-prescriptionz.com\/#organization\",\"name\":\"Buy Prescriptionz\",\"url\":\"https:\/\/buy-prescriptionz.com\/\",\"logo\":{\"@type\":\"ImageObject\",\"inLanguage\":\"es\",\"@id\":\"https:\/\/buy-prescriptionz.com\/#\/schema\/logo\/image\/\",\"url\":\"https:\/\/buy-prescriptionz.com\/wp-content\/uploads\/2023\/09\/logo.png\",\"contentUrl\":\"https:\/\/buy-prescriptionz.com\/wp-content\/uploads\/2023\/09\/logo.png\",\"width\":350,\"height\":64,\"caption\":\"Buy Prescriptionz\"},\"image\":{\"@id\":\"https:\/\/buy-prescriptionz.com\/#\/schema\/logo\/image\/\"}}]}<\/script>\n<!-- \/ Yoast SEO plugin. -->","yoast_head_json":{"title":"Compre Flexeril en l\u00ednea - Flexeril en venta - Ordene Flexeril","description":"Nuestra tienda online Buy-Prescriptionz tiene Flexeril de la mejor calidad. Si quiere comprar Flexeril online, podemos ayudarle en todo. \u00a1Compre hoy mismo!","robots":{"index":"index","follow":"follow","max-snippet":"max-snippet:-1","max-image-preview":"max-image-preview:large","max-video-preview":"max-video-preview:-1"},"canonical":"https:\/\/buy-prescriptionz.com\/es\/producto\/comprar-flexeril-en-linea-ciclobenzaprina\/","og_locale":"es_ES","og_type":"article","og_title":"Buy Flexeril Online - Flexeril for Sale - Order Flexeril","og_description":"Our online Buy-Prescriptionz store has the best quality Flexeril for sale. If you want to buy Flexeril online, then we can help you from all ends. Order today!","og_url":"https:\/\/buy-prescriptionz.com\/es\/producto\/comprar-flexeril-en-linea-ciclobenzaprina\/","og_site_name":"Buy Prescriptionz","article_modified_time":"2025-09-22T08:46:34+00:00","og_image":[{"width":400,"height":300,"url":"https:\/\/buy-prescriptionz.com\/wp-content\/uploads\/2025\/09\/flexeril-cyclobenzaprine.jpeg","type":"image\/jpeg"}],"twitter_card":"summary_large_image","twitter_misc":{"Tiempo de lectura":"4 minutos"},"schema":{"@context":"https:\/\/schema.org","@graph":[{"@type":"WebPage","@id":"https:\/\/buy-prescriptionz.com\/product\/buy-flexeril-onlinecyclobenzaprine\/","url":"https:\/\/buy-prescriptionz.com\/product\/buy-flexeril-onlinecyclobenzaprine\/","name":"Compre Flexeril en l\u00ednea - Flexeril en venta - Ordene Flexeril","isPartOf":{"@id":"https:\/\/buy-prescriptionz.com\/#website"},"primaryImageOfPage":{"@id":"https:\/\/buy-prescriptionz.com\/product\/buy-flexeril-onlinecyclobenzaprine\/#primaryimage"},"image":{"@id":"https:\/\/buy-prescriptionz.com\/product\/buy-flexeril-onlinecyclobenzaprine\/#primaryimage"},"thumbnailUrl":"https:\/\/buy-prescriptionz.com\/wp-content\/uploads\/2025\/09\/flexeril-cyclobenzaprine.jpeg","datePublished":"2025-09-16T08:56:11+00:00","dateModified":"2025-09-22T08:46:34+00:00","description":"Nuestra tienda online Buy-Prescriptionz tiene Flexeril de la mejor calidad. Si quiere comprar Flexeril online, podemos ayudarle en todo. \u00a1Compre hoy mismo!","breadcrumb":{"@id":"https:\/\/buy-prescriptionz.com\/product\/buy-flexeril-onlinecyclobenzaprine\/#breadcrumb"},"inLanguage":"es","potentialAction":[{"@type":"ReadAction","target":["https:\/\/buy-prescriptionz.com\/product\/buy-flexeril-onlinecyclobenzaprine\/"]}]},{"@type":"ImageObject","inLanguage":"es","@id":"https:\/\/buy-prescriptionz.com\/product\/buy-flexeril-onlinecyclobenzaprine\/#primaryimage","url":"https:\/\/buy-prescriptionz.com\/wp-content\/uploads\/2025\/09\/flexeril-cyclobenzaprine.jpeg","contentUrl":"https:\/\/buy-prescriptionz.com\/wp-content\/uploads\/2025\/09\/flexeril-cyclobenzaprine.jpeg","width":400,"height":300},{"@type":"BreadcrumbList","@id":"https:\/\/buy-prescriptionz.com\/product\/buy-flexeril-onlinecyclobenzaprine\/#breadcrumb","itemListElement":[{"@type":"ListItem","position":1,"name":"Home","item":"https:\/\/buy-prescriptionz.com\/"},{"@type":"ListItem","position":2,"name":"Shop Painkillers Online","item":"https:\/\/buy-prescriptionz.com\/shop-painkillers-online\/"},{"@type":"ListItem","position":3,"name":"Buy Flexeril Online(Cyclobenzaprine)"}]},{"@type":"WebSite","@id":"https:\/\/buy-prescriptionz.com\/#website","url":"https:\/\/buy-prescriptionz.com\/","name":"Buy Prescriptionz","description":"Medicamentos en l\u00ednea","publisher":{"@id":"https:\/\/buy-prescriptionz.com\/#organization"},"potentialAction":[{"@type":"SearchAction","target":{"@type":"EntryPoint","urlTemplate":"https:\/\/buy-prescriptionz.com\/?s={search_term_string}"},"query-input":{"@type":"PropertyValueSpecification","valueRequired":true,"valueName":"search_term_string"}}],"inLanguage":"es"},{"@type":"Organization","@id":"https:\/\/buy-prescriptionz.com\/#organization","name":"Buy Prescriptionz","url":"https:\/\/buy-prescriptionz.com\/","logo":{"@type":"ImageObject","inLanguage":"es","@id":"https:\/\/buy-prescriptionz.com\/#\/schema\/logo\/image\/","url":"https:\/\/buy-prescriptionz.com\/wp-content\/uploads\/2023\/09\/logo.png","contentUrl":"https:\/\/buy-prescriptionz.com\/wp-content\/uploads\/2023\/09\/logo.png","width":350,"height":64,"caption":"Buy Prescriptionz"},"image":{"@id":"https:\/\/buy-prescriptionz.com\/#\/schema\/logo\/image\/"}}]}},"_links":{"self":[{"href":"https:\/\/buy-prescriptionz.com\/es\/wp-json\/wp\/v2\/product\/3070","targetHints":{"allow":["GET"]}}],"collection":[{"href":"https:\/\/buy-prescriptionz.com\/es\/wp-json\/wp\/v2\/product"}],"about":[{"href":"https:\/\/buy-prescriptionz.com\/es\/wp-json\/wp\/v2\/types\/product"}],"replies":[{"embeddable":true,"href":"https:\/\/buy-prescriptionz.com\/es\/wp-json\/wp\/v2\/comments?post=3070"}],"wp:featuredmedia":[{"embeddable":true,"href":"https:\/\/buy-prescriptionz.com\/es\/wp-json\/wp\/v2\/media\/3100"}],"wp:attachment":[{"href":"https:\/\/buy-prescriptionz.com\/es\/wp-json\/wp\/v2\/media?parent=3070"}],"wp:term":[{"taxonomy":"product_brand","embeddable":true,"href":"https:\/\/buy-prescriptionz.com\/es\/wp-json\/wp\/v2\/product_brand?post=3070"},{"taxonomy":"product_cat","embeddable":true,"href":"https:\/\/buy-prescriptionz.com\/es\/wp-json\/wp\/v2\/product_cat?post=3070"},{"taxonomy":"product_tag","embeddable":true,"href":"https:\/\/buy-prescriptionz.com\/es\/wp-json\/wp\/v2\/product_tag?post=3070"}],"curies":[{"name":"wp","href":"https:\/\/api.w.org\/{rel}","templated":true}]}}