{"id":3071,"date":"2025-09-16T08:56:11","date_gmt":"2025-09-16T08:56:11","guid":{"rendered":"https:\/\/chemsfine.com\/newsite\/?post_type=product&#038;p=3071"},"modified":"2025-09-21T12:21:54","modified_gmt":"2025-09-21T12:21:54","slug":"comprar-fioricet-butalbitol-en-linea","status":"publish","type":"product","link":"https:\/\/buy-prescriptionz.com\/es\/producto\/comprar-fioricet-butalbitol-en-linea\/","title":{"rendered":"Comprar Fioricet (Butalbitol) en l\u00ednea"},"content":{"rendered":"<h2>Comprar Fioricet en l\u00ednea<\/h2>\n<p>Comprar Fioricet (Butalbitol) en l\u00ednea, Los pacientes que necesitan una receta para Fioricet ahora tienen la oportunidad de comprar fioricet en l\u00ednea con tarjeta de cr\u00e9dito en EE.UU.. Poder comprar Fioricet online es mucho m\u00e1s c\u00f3modo para el paciente. El paciente no necesita una prescripci\u00f3n previa de un m\u00e9dico para poder pedir fioricet online a trav\u00e9s de la farmacia online. La farmacia en l\u00ednea est\u00e1 dise\u00f1ada para proporcionar medicamentos de alta calidad a los pacientes a una tasa de descuento sin la molestia de un consultorio m\u00e9dico. Fioricet es s\u00f3lo uno de los muchos medicamentos que no requieren una visita al m\u00e9dico para obtener una receta. Comprar Fioricet (Butalbitol) en l\u00ednea, esto significa que el paciente ni siquiera tiene que salir de su casa para obtener el medicamento que necesitan.<\/p>\n<p>Fioricet es un medicamento combinado que incluye cafe\u00edna, acetaminof\u00e9n y butalbital. Se administra por v\u00eda oral seg\u00fan sea necesario para aliviar las cefaleas tensionales, generalmente cada 4 horas. Sin embargo, dado que puede volverse adictivo y exacerbar las cefaleas si se usa con demasiada frecuencia, no se recomienda como primera alternativa. El mejor Fioricet tambi\u00e9n puede tener efectos adversos, como mareos y somnolencia. Existen medicamentos y un jarabe oral para su tratamiento.<\/p>\n<p>Las pastillas Fioricet contienen butalbital, cafe\u00edna y acetaminof\u00e9n. El acetaminof\u00e9n es un analg\u00e9sico y antipir\u00e9tico. Los barbit\u00faricos son una clase de medicamentos que incluye el butalbital. Alivia los espasmos musculares causados \u200b\u200bpor la cefalea tensional. La cafe\u00edna, un estimulante del sistema nervioso central, alivia los espasmos musculares de los vasos sangu\u00edneos al aumentar el flujo sangu\u00edneo. Las personas con cefalea tensional (causada por tensi\u00f3n muscular) toman Fioricet.<\/p>\n<p>Para obtener Fioricet en l\u00ednea, un paciente debe completar un cuestionario con preguntas m\u00e9dicas y de salud. Una vez completado, podr\u00e1 enviarlo a la farmacia en l\u00ednea. El cuestionario se enviar\u00e1 a uno de los muchos m\u00e9dicos colegiados de la farmacia. El m\u00e9dico colegiado revisar\u00e1 el cuestionario y decidir\u00e1 si aprueba el pedido. Si se aprueba, el paciente podr\u00e1 comprar Fioricet a bajo precio en l\u00ednea. El m\u00e9dico enviar\u00e1 la receta de Fioricet en l\u00ednea a los farmac\u00e9uticos colegiados, quienes la completar\u00e1n y la enviar\u00e1n a la direcci\u00f3n proporcionada por el paciente. Compre Fioricet (butalbitol) en l\u00ednea. Los pedidos de medicamentos generalmente se env\u00edan con entrega al d\u00eda siguiente para que el paciente no tenga que esperar.<\/p>\n<h3><strong>Comprar Fioricet (Butalbitol) en l\u00ednea<\/strong><\/h3>\n<p>Fioricet es un medicamento combinado que incluye cafe\u00edna, acetaminof\u00e9n y butalbital. Se administra por v\u00eda oral seg\u00fan sea necesario para aliviar las cefaleas tensionales, generalmente cada 4 horas. Sin embargo, dado que puede volverse adictivo y exacerbar las cefaleas si se usa con demasiada frecuencia, no se recomienda como primera alternativa. El mejor Fioricet tambi\u00e9n puede tener efectos adversos, como mareos y somnolencia. Existen medicamentos y un jarabe oral para su tratamiento.<\/p>\n<p>Las pastillas Fioricet contienen butalbital, cafe\u00edna y acetaminof\u00e9n. El acetaminof\u00e9n es un analg\u00e9sico y antipir\u00e9tico. Los barbit\u00faricos son una clase de medicamentos que incluye el butalbital. Alivia los espasmos musculares causados \u200b\u200bpor la cefalea tensional. La cafe\u00edna, un estimulante del sistema nervioso central, alivia los espasmos musculares de los vasos sangu\u00edneos al aumentar el flujo sangu\u00edneo. Las personas con cefalea tensional (causada por tensi\u00f3n muscular) toman Fioricet.<\/p>\n<p>Advertencias<\/p>\n<p>Si tiene porfiria o si recientemente ha consumido alcohol, sedantes, tranquilizantes u otros narc\u00f3ticos, no debe utilizar Fioricet.<\/p>\n<p>Si ha tomado un inhibidor de la MAO en los \u00faltimos 14 d\u00edas, no use Fioricet. Podr\u00eda existir una interacci\u00f3n medicamentosa peligrosa. La isocarboxazida, la linezolida, la inyecci\u00f3n de azul de metileno, la fenelzina y la tranilcipromina son ejemplos de inhibidores de la MAO.<\/p>\n<p>No tome m\u00e1s Fioricet del indicado. La sobredosis de acetaminof\u00e9n puede da\u00f1ar el h\u00edgado o incluso causar la muerte. Si presenta alguno de los siguientes s\u00edntomas: orina oscura, heces color arcilla, n\u00e1useas, malestar en la parte superior del abdomen, picaz\u00f3n, falta de apetito o ictericia (coloraci\u00f3n amarillenta de la piel o los ojos), consulte a su m\u00e9dico lo antes posible. En raras ocasiones, el acetaminof\u00e9n puede provocar una reacci\u00f3n cut\u00e1nea grave. Si su piel se enrojece o presenta sarpullido con ardor y descamaci\u00f3n, deje de tomar Fioricet y consulte a su m\u00e9dico de inmediato.<\/p>\n<p>Fioricet es un medicamento eficaz para aliviar las cefaleas tensionales. Combina acetaminof\u00e9n, butalbital y cafe\u00edna para proporcionar un alivio completo del dolor y relajaci\u00f3n muscular. Debido a sus posibles efectos secundarios y a la necesidad de una dosis adecuada, debe usarse de forma responsable bajo la supervisi\u00f3n de un profesional de la salud. Para un acceso seguro y confiable a Fioricet, considere comprarlo en la mejor farmacia. <a href=\"https:\/\/buy-prescriptionz.com\/es\/\">buy-prescriptionz.com<\/a>Siga siempre las indicaciones de su profesional de la salud y cons\u00faltele cualquier duda o inquietud sobre su uso.<\/p>\n<h3>Advertencias<\/h3>\n<p>Si tiene porfiria o si recientemente ha consumido alcohol, sedantes, tranquilizantes u otros narc\u00f3ticos, no debe utilizar Fioricet.<\/p>\n<p>Si ha tomado un inhibidor de la MAO en los \u00faltimos 14 d\u00edas, no use Fioricet. Podr\u00eda existir una interacci\u00f3n medicamentosa peligrosa. La isocarboxazida, la linezolida, la inyecci\u00f3n de azul de metileno, la fenelzina y la tranilcipromina son ejemplos de inhibidores de la MAO.<\/p>\n<p>No tome m\u00e1s Fioricet del indicado. La sobredosis de acetaminof\u00e9n puede da\u00f1ar el h\u00edgado o incluso causar la muerte. Si presenta alguno de los siguientes s\u00edntomas: orina oscura, heces color arcilla, n\u00e1useas, malestar en la parte superior del abdomen, picaz\u00f3n, falta de apetito o ictericia (coloraci\u00f3n amarillenta de la piel o los ojos), consulte a su m\u00e9dico lo antes posible. En raras ocasiones, el acetaminof\u00e9n puede provocar una reacci\u00f3n cut\u00e1nea grave. Si su piel se enrojece o presenta sarpullido con ardor y descamaci\u00f3n, deje de tomar Fioricet y consulte a su m\u00e9dico de inmediato.<\/p>\n<p>Fioricet es un medicamento eficaz para aliviar las cefaleas tensionales. Combina acetaminof\u00e9n, butalbital y cafe\u00edna para proporcionar un alivio completo del dolor y relajaci\u00f3n muscular. Debido a sus posibles efectos secundarios y a la necesidad de una dosis adecuada, debe usarse de forma responsable bajo la supervisi\u00f3n de un profesional de la salud. Para un acceso seguro y confiable a Fioricet, considere comprarlo en la mejor farmacia. <a href=\"https:\/\/buy-prescriptionz.com\/es\/\">Buy-Prescriptionz.com<\/a>Siga siempre las indicaciones de su profesional de la salud y cons\u00faltele cualquier duda o inquietud sobre su uso.<\/p>","protected":false},"excerpt":{"rendered":"<p>Buy Fioricet Online Buy Fioricet (Butalbitol) Online, Patients who need a prescription for Fioricet now have the opportunity to buy fioricet online with credit card in USA. Being able to buy online Fioricet is much more convenient to the patient. The patient does not need a prior prescription for a physician to be able to [&hellip;]<\/p>","protected":false},"featured_media":3101,"comment_status":"open","ping_status":"closed","template":"","meta":{"site-sidebar-layout":"default","site-content-layout":"","ast-site-content-layout":"default","site-content-style":"default","site-sidebar-style":"default","ast-global-header-display":"","ast-banner-title-visibility":"","ast-main-header-display":"","ast-hfb-above-header-display":"","ast-hfb-below-header-display":"","ast-hfb-mobile-header-display":"","site-post-title":"","ast-breadcrumbs-content":"","ast-featured-img":"","footer-sml-layout":"","theme-transparent-header-meta":"default","adv-header-id-meta":"","stick-header-meta":"","header-above-stick-meta":"","header-main-stick-meta":"","header-below-stick-meta":"","astra-migrate-meta-layouts":"set","ast-page-background-enabled":"default","ast-page-background-meta":{"desktop":{"background-color":"var(--ast-global-color-4)","background-image":"","background-repeat":"repeat","background-position":"center center","background-size":"auto","background-attachment":"scroll","background-type":"","background-media":"","overlay-type":"","overlay-color":"","overlay-opacity":"","overlay-gradient":""},"tablet":{"background-color":"","background-image":"","background-repeat":"repeat","background-position":"center center","background-size":"auto","background-attachment":"scroll","background-type":"","background-media":"","overlay-type":"","overlay-color":"","overlay-opacity":"","overlay-gradient":""},"mobile":{"background-color":"","background-image":"","background-repeat":"repeat","background-position":"center center","background-size":"auto","background-attachment":"scroll","background-type":"","background-media":"","overlay-type":"","overlay-color":"","overlay-opacity":"","overlay-gradient":""}},"ast-content-background-meta":{"desktop":{"background-color":"var(--ast-global-color-5)","background-image":"","background-repeat":"repeat","background-position":"center center","background-size":"auto","background-attachment":"scroll","background-type":"","background-media":"","overlay-type":"","overlay-color":"","overlay-opacity":"","overlay-gradient":""},"tablet":{"background-color":"var(--ast-global-color-5)","background-image":"","background-repeat":"repeat","background-position":"center center","background-size":"auto","background-attachment":"scroll","background-type":"","background-media":"","overlay-type":"","overlay-color":"","overlay-opacity":"","overlay-gradient":""},"mobile":{"background-color":"var(--ast-global-color-5)","background-image":"","background-repeat":"repeat","background-position":"center center","background-size":"auto","background-attachment":"scroll","background-type":"","background-media":"","overlay-type":"","overlay-color":"","overlay-opacity":"","overlay-gradient":""}}},"product_brand":[],"product_cat":[2385],"product_tag":[1039,1040,1038,1033,1036,1035,1034,1037,1032,1031,1042,1041],"class_list":{"0":"post-3071","1":"product","2":"type-product","3":"status-publish","4":"has-post-thumbnail","6":"product_cat-buy-pain-killer-pills-online","7":"product_tag-buy-fioricet-butalbitol-in-canada","8":"product_tag-buy-fioricet-butalbitol-in-uk","9":"product_tag-buy-fioricet-butalbitol-in-usa","10":"product_tag-buy-fioricet-butalbitol-with-bitcoin","11":"product_tag-buy-fioricet-butalbitol-with-credit-card","12":"product_tag-buy-fioricet-butalbitol-with-money-gram","13":"product_tag-buy-fioricet-butalbitol-with-western-union","14":"product_tag-buy-fioricet-butalbitol-without-a-doctor","15":"product_tag-buy-fioricet-butalbitol-without-prescription","16":"product_tag-fioricet-butalbitol-for-sale","17":"product_tag-fioricet-butalbitol-pills","18":"product_tag-fioricet-butalbitol-tablets","19":"desktop-align-center","20":"tablet-align-left","21":"mobile-align-left","23":"first","24":"instock","25":"shipping-taxable","26":"purchasable","27":"product-type-variable","28":"has-default-attributes"},"yoast_head":"<!-- This site is optimized with the Yoast SEO plugin v25.9 - https:\/\/yoast.com\/wordpress\/plugins\/seo\/ -->\n<title>Buy Fioricet (Butalbitol) Online , Online USA - Fioricet for Sale<\/title>\n<meta name=\"description\" content=\"Buy Fioricet (Butalbitol) Online at best price without doctor&#039;s prescription. Buy Fioricet (Butalbitol) Online, buy-prescriptionz.com ,\" \/>\n<meta name=\"robots\" content=\"index, follow, max-snippet:-1, max-image-preview:large, max-video-preview:-1\" \/>\n<link rel=\"canonical\" href=\"https:\/\/buy-prescriptionz.com\/es\/producto\/comprar-fioricet-butalbitol-en-linea\/\" \/>\n<meta property=\"og:locale\" content=\"es_ES\" \/>\n<meta property=\"og:type\" content=\"article\" \/>\n<meta property=\"og:title\" content=\"Buy Fioricet (Butalbitol) Online , Online USA - Fioricet for Sale\" \/>\n<meta property=\"og:description\" content=\"Buy Fioricet (Butalbitol) Online at best price without doctor&#039;s prescription. Buy Fioricet (Butalbitol) Online, buy-prescriptionz.com ,\" \/>\n<meta property=\"og:url\" content=\"https:\/\/buy-prescriptionz.com\/es\/producto\/comprar-fioricet-butalbitol-en-linea\/\" \/>\n<meta property=\"og:site_name\" content=\"Buy Prescriptionz\" \/>\n<meta property=\"article:modified_time\" content=\"2025-09-21T12:21:54+00:00\" \/>\n<meta property=\"og:image\" content=\"https:\/\/buy-prescriptionz.com\/wp-content\/uploads\/2025\/09\/fioricet-butalbitol.jpg\" \/>\n\t<meta property=\"og:image:width\" content=\"400\" \/>\n\t<meta property=\"og:image:height\" content=\"300\" \/>\n\t<meta property=\"og:image:type\" content=\"image\/jpeg\" \/>\n<meta name=\"twitter:card\" content=\"summary_large_image\" \/>\n<meta name=\"twitter:label1\" content=\"Tiempo de lectura\" \/>\n\t<meta name=\"twitter:data1\" content=\"5 minutos\" \/>\n<script type=\"application\/ld+json\" class=\"yoast-schema-graph\">{\"@context\":\"https:\/\/schema.org\",\"@graph\":[{\"@type\":\"WebPage\",\"@id\":\"https:\/\/buy-prescriptionz.com\/product\/buy-fioricet-butalbitol-online\/\",\"url\":\"https:\/\/buy-prescriptionz.com\/product\/buy-fioricet-butalbitol-online\/\",\"name\":\"Buy Fioricet (Butalbitol) Online , Online USA - Fioricet for Sale\",\"isPartOf\":{\"@id\":\"https:\/\/buy-prescriptionz.com\/#website\"},\"primaryImageOfPage\":{\"@id\":\"https:\/\/buy-prescriptionz.com\/product\/buy-fioricet-butalbitol-online\/#primaryimage\"},\"image\":{\"@id\":\"https:\/\/buy-prescriptionz.com\/product\/buy-fioricet-butalbitol-online\/#primaryimage\"},\"thumbnailUrl\":\"https:\/\/buy-prescriptionz.com\/wp-content\/uploads\/2025\/09\/fioricet-butalbitol.jpg\",\"datePublished\":\"2025-09-16T08:56:11+00:00\",\"dateModified\":\"2025-09-21T12:21:54+00:00\",\"description\":\"Buy Fioricet (Butalbitol) Online at best price without doctor's prescription. Buy Fioricet (Butalbitol) Online, buy-prescriptionz.com ,\",\"breadcrumb\":{\"@id\":\"https:\/\/buy-prescriptionz.com\/product\/buy-fioricet-butalbitol-online\/#breadcrumb\"},\"inLanguage\":\"es\",\"potentialAction\":[{\"@type\":\"ReadAction\",\"target\":[\"https:\/\/buy-prescriptionz.com\/product\/buy-fioricet-butalbitol-online\/\"]}]},{\"@type\":\"ImageObject\",\"inLanguage\":\"es\",\"@id\":\"https:\/\/buy-prescriptionz.com\/product\/buy-fioricet-butalbitol-online\/#primaryimage\",\"url\":\"https:\/\/buy-prescriptionz.com\/wp-content\/uploads\/2025\/09\/fioricet-butalbitol.jpg\",\"contentUrl\":\"https:\/\/buy-prescriptionz.com\/wp-content\/uploads\/2025\/09\/fioricet-butalbitol.jpg\",\"width\":400,\"height\":300},{\"@type\":\"BreadcrumbList\",\"@id\":\"https:\/\/buy-prescriptionz.com\/product\/buy-fioricet-butalbitol-online\/#breadcrumb\",\"itemListElement\":[{\"@type\":\"ListItem\",\"position\":1,\"name\":\"Home\",\"item\":\"https:\/\/buy-prescriptionz.com\/\"},{\"@type\":\"ListItem\",\"position\":2,\"name\":\"Shop Painkillers Online\",\"item\":\"https:\/\/buy-prescriptionz.com\/shop-painkillers-online\/\"},{\"@type\":\"ListItem\",\"position\":3,\"name\":\"Buy Fioricet (Butalbitol) Online\"}]},{\"@type\":\"WebSite\",\"@id\":\"https:\/\/buy-prescriptionz.com\/#website\",\"url\":\"https:\/\/buy-prescriptionz.com\/\",\"name\":\"Buy Prescriptionz\",\"description\":\"Drugs Online\",\"publisher\":{\"@id\":\"https:\/\/buy-prescriptionz.com\/#organization\"},\"potentialAction\":[{\"@type\":\"SearchAction\",\"target\":{\"@type\":\"EntryPoint\",\"urlTemplate\":\"https:\/\/buy-prescriptionz.com\/?s={search_term_string}\"},\"query-input\":{\"@type\":\"PropertyValueSpecification\",\"valueRequired\":true,\"valueName\":\"search_term_string\"}}],\"inLanguage\":\"es\"},{\"@type\":\"Organization\",\"@id\":\"https:\/\/buy-prescriptionz.com\/#organization\",\"name\":\"Buy Prescriptionz\",\"url\":\"https:\/\/buy-prescriptionz.com\/\",\"logo\":{\"@type\":\"ImageObject\",\"inLanguage\":\"es\",\"@id\":\"https:\/\/buy-prescriptionz.com\/#\/schema\/logo\/image\/\",\"url\":\"https:\/\/buy-prescriptionz.com\/wp-content\/uploads\/2023\/09\/logo.png\",\"contentUrl\":\"https:\/\/buy-prescriptionz.com\/wp-content\/uploads\/2023\/09\/logo.png\",\"width\":350,\"height\":64,\"caption\":\"Buy Prescriptionz\"},\"image\":{\"@id\":\"https:\/\/buy-prescriptionz.com\/#\/schema\/logo\/image\/\"}}]}<\/script>\n<!-- \/ Yoast SEO plugin. -->","yoast_head_json":{"title":"Comprar Fioricet (Butalbitol) en l\u00ednea , Online USA - Fioricet en venta","description":"Buy Fioricet (Butalbitol) Online at best price without doctor's prescription. Buy Fioricet (Butalbitol) Online, buy-prescriptionz.com ,","robots":{"index":"index","follow":"follow","max-snippet":"max-snippet:-1","max-image-preview":"max-image-preview:large","max-video-preview":"max-video-preview:-1"},"canonical":"https:\/\/buy-prescriptionz.com\/es\/producto\/comprar-fioricet-butalbitol-en-linea\/","og_locale":"es_ES","og_type":"article","og_title":"Buy Fioricet (Butalbitol) Online , Online USA - Fioricet for Sale","og_description":"Buy Fioricet (Butalbitol) Online at best price without doctor's prescription. Buy Fioricet (Butalbitol) Online, buy-prescriptionz.com ,","og_url":"https:\/\/buy-prescriptionz.com\/es\/producto\/comprar-fioricet-butalbitol-en-linea\/","og_site_name":"Buy Prescriptionz","article_modified_time":"2025-09-21T12:21:54+00:00","og_image":[{"width":400,"height":300,"url":"https:\/\/buy-prescriptionz.com\/wp-content\/uploads\/2025\/09\/fioricet-butalbitol.jpg","type":"image\/jpeg"}],"twitter_card":"summary_large_image","twitter_misc":{"Tiempo de lectura":"5 minutos"},"schema":{"@context":"https:\/\/schema.org","@graph":[{"@type":"WebPage","@id":"https:\/\/buy-prescriptionz.com\/product\/buy-fioricet-butalbitol-online\/","url":"https:\/\/buy-prescriptionz.com\/product\/buy-fioricet-butalbitol-online\/","name":"Comprar Fioricet (Butalbitol) en l\u00ednea , Online USA - Fioricet en venta","isPartOf":{"@id":"https:\/\/buy-prescriptionz.com\/#website"},"primaryImageOfPage":{"@id":"https:\/\/buy-prescriptionz.com\/product\/buy-fioricet-butalbitol-online\/#primaryimage"},"image":{"@id":"https:\/\/buy-prescriptionz.com\/product\/buy-fioricet-butalbitol-online\/#primaryimage"},"thumbnailUrl":"https:\/\/buy-prescriptionz.com\/wp-content\/uploads\/2025\/09\/fioricet-butalbitol.jpg","datePublished":"2025-09-16T08:56:11+00:00","dateModified":"2025-09-21T12:21:54+00:00","description":"Buy Fioricet (Butalbitol) Online at best price without doctor's prescription. Buy Fioricet (Butalbitol) Online, buy-prescriptionz.com ,","breadcrumb":{"@id":"https:\/\/buy-prescriptionz.com\/product\/buy-fioricet-butalbitol-online\/#breadcrumb"},"inLanguage":"es","potentialAction":[{"@type":"ReadAction","target":["https:\/\/buy-prescriptionz.com\/product\/buy-fioricet-butalbitol-online\/"]}]},{"@type":"ImageObject","inLanguage":"es","@id":"https:\/\/buy-prescriptionz.com\/product\/buy-fioricet-butalbitol-online\/#primaryimage","url":"https:\/\/buy-prescriptionz.com\/wp-content\/uploads\/2025\/09\/fioricet-butalbitol.jpg","contentUrl":"https:\/\/buy-prescriptionz.com\/wp-content\/uploads\/2025\/09\/fioricet-butalbitol.jpg","width":400,"height":300},{"@type":"BreadcrumbList","@id":"https:\/\/buy-prescriptionz.com\/product\/buy-fioricet-butalbitol-online\/#breadcrumb","itemListElement":[{"@type":"ListItem","position":1,"name":"Home","item":"https:\/\/buy-prescriptionz.com\/"},{"@type":"ListItem","position":2,"name":"Shop Painkillers Online","item":"https:\/\/buy-prescriptionz.com\/shop-painkillers-online\/"},{"@type":"ListItem","position":3,"name":"Buy Fioricet (Butalbitol) Online"}]},{"@type":"WebSite","@id":"https:\/\/buy-prescriptionz.com\/#website","url":"https:\/\/buy-prescriptionz.com\/","name":"Buy Prescriptionz","description":"Medicamentos en l\u00ednea","publisher":{"@id":"https:\/\/buy-prescriptionz.com\/#organization"},"potentialAction":[{"@type":"SearchAction","target":{"@type":"EntryPoint","urlTemplate":"https:\/\/buy-prescriptionz.com\/?s={search_term_string}"},"query-input":{"@type":"PropertyValueSpecification","valueRequired":true,"valueName":"search_term_string"}}],"inLanguage":"es"},{"@type":"Organization","@id":"https:\/\/buy-prescriptionz.com\/#organization","name":"Buy Prescriptionz","url":"https:\/\/buy-prescriptionz.com\/","logo":{"@type":"ImageObject","inLanguage":"es","@id":"https:\/\/buy-prescriptionz.com\/#\/schema\/logo\/image\/","url":"https:\/\/buy-prescriptionz.com\/wp-content\/uploads\/2023\/09\/logo.png","contentUrl":"https:\/\/buy-prescriptionz.com\/wp-content\/uploads\/2023\/09\/logo.png","width":350,"height":64,"caption":"Buy Prescriptionz"},"image":{"@id":"https:\/\/buy-prescriptionz.com\/#\/schema\/logo\/image\/"}}]}},"_links":{"self":[{"href":"https:\/\/buy-prescriptionz.com\/es\/wp-json\/wp\/v2\/product\/3071","targetHints":{"allow":["GET"]}}],"collection":[{"href":"https:\/\/buy-prescriptionz.com\/es\/wp-json\/wp\/v2\/product"}],"about":[{"href":"https:\/\/buy-prescriptionz.com\/es\/wp-json\/wp\/v2\/types\/product"}],"replies":[{"embeddable":true,"href":"https:\/\/buy-prescriptionz.com\/es\/wp-json\/wp\/v2\/comments?post=3071"}],"wp:featuredmedia":[{"embeddable":true,"href":"https:\/\/buy-prescriptionz.com\/es\/wp-json\/wp\/v2\/media\/3101"}],"wp:attachment":[{"href":"https:\/\/buy-prescriptionz.com\/es\/wp-json\/wp\/v2\/media?parent=3071"}],"wp:term":[{"taxonomy":"product_brand","embeddable":true,"href":"https:\/\/buy-prescriptionz.com\/es\/wp-json\/wp\/v2\/product_brand?post=3071"},{"taxonomy":"product_cat","embeddable":true,"href":"https:\/\/buy-prescriptionz.com\/es\/wp-json\/wp\/v2\/product_cat?post=3071"},{"taxonomy":"product_tag","embeddable":true,"href":"https:\/\/buy-prescriptionz.com\/es\/wp-json\/wp\/v2\/product_tag?post=3071"}],"curies":[{"name":"wp","href":"https:\/\/api.w.org\/{rel}","templated":true}]}}