{"id":3102,"date":"2025-09-16T08:56:24","date_gmt":"2025-09-16T08:56:24","guid":{"rendered":"https:\/\/chemsfine.com\/newsite\/?post_type=product&#038;p=3102"},"modified":"2025-09-16T08:58:25","modified_gmt":"2025-09-16T08:58:25","slug":"comprar-dormicum-en-linea","status":"publish","type":"product","link":"https:\/\/buy-prescriptionz.com\/es\/producto\/comprar-dormicum-en-linea\/","title":{"rendered":"Comprar Dormicum en l\u00ednea"},"content":{"rendered":"<h2>Comprar lirones online | lirones en venta<\/h2>\n<p>Dormicum es un medicamento que contiene el principio activo midazolam. Pertenece a una clase de medicamentos conocidos como benzodiacepinas. Se utiliza para tratar el insomnio y para ayudar a los pacientes a prepararse para la cirug\u00eda. Es un hipn\u00f3tico de acci\u00f3n r\u00e1pida con una vida media biol\u00f3gica corta, y se presenta en dos dosis (Dormicum 15 mg y Dormicum 7,5 mg). Los comprimidos redujeron con \u00e9xito el tiempo de inicio del sue\u00f1o en muchos ensayos controlados, as\u00ed como en el laboratorio del sue\u00f1o. Esto significa que al tomar la dosis adecuada de Dormicum para dormir, usted puede extender su tiempo de sue\u00f1o sin comprometer su sue\u00f1o REM. Como resultado, la eficiencia del sue\u00f1o mejora.<\/p>\n<p>Puede quedarse dormido a los 20 minutos de tomar Dormicum, y la duraci\u00f3n de su sue\u00f1o se ajustar\u00e1 autom\u00e1ticamente para adaptarse a sus patrones de sue\u00f1o seg\u00fan la edad. Debido a que el Midazolam, el ingrediente activo de Dormicum, tiene caracter\u00edsticas ansiol\u00edticas, anticonvulsivas, relajantes musculares y sedantes, no notar\u00e1 ninguna alteraci\u00f3n del rendimiento cuando se despierte.<\/p>\n<h3>Dormicum online<\/h3>\n<p>Comprar dormicum online |dormicum a la venta | dormicum , El midazolam es un somn\u00edfero con un r\u00e1pido inicio de acci\u00f3n, una corta vida media en el organismo y una administraci\u00f3n eficaz, constante y sencilla. En estudios cl\u00ednicos y pruebas de laboratorio se ha comprobado que DORMICUM abrevia el inicio del sue\u00f1o y prolonga su duraci\u00f3n sin causar alteraciones cuantitativas en el sue\u00f1o parad\u00f3jico (REM). Por lo general, el tiempo que transcurre entre la toma de Dormicum y la aparici\u00f3n del sue\u00f1o es inferior a 20 minutos, y el sue\u00f1o vuelve a la normalidad despu\u00e9s. El paciente se siente renovado y descansado cuando se despierta.<br \/>\nEn segundo lugar, usted puede ordenar Midazolam (Dormicum) 15mg p\u00edldoras en l\u00ednea de nosotros; tenemos Midazolam (Dormicum) 15mg p\u00edldoras de alta calidad. Sin receta m\u00e9dica, comprar Midazolam (Dormicum) 15mg en l\u00ednea.<br \/>\nEl mejor sitio en l\u00ednea sin receta vende Midazolam (Lorazepam) 15mg.<br \/>\n15mg de Midazolam (Dormicum)<br \/>\nMidazolam (Dormicum) 15mg Pastillas de Calidad Superior<br \/>\nEntrega en cualquier pa\u00eds del mundo<br \/>\nEmbalaje discreto<br \/>\nLa asistencia est\u00e1 disponible las 24 horas del d\u00eda, los 7 d\u00edas de la semana.<br \/>\nSatisfacci\u00f3n del cliente 100% garantizada<br \/>\nComprar Midazolam en l\u00ednea (Dormicum) 15mg por el mejor sitio en l\u00ednea sin receta.<\/p>\n<div>\n<div class=\"b_factrow\">Propofol<\/div>\n<\/div>\n<div>\n<div class=\"b_factrow\">Lorazepam<\/div>\n<\/div>\n<div>\n<div class=\"b_factrow\">Fentanilo<\/div>\n<\/div>\n<div>\n<div class=\"b_factrow\">Diazepam<\/div>\n<\/div>\n<div>\n<div class=\"b_factrow\">Ketamina<\/div>\n<div>\n<h3>Descripci\u00f3n general<\/h3>\n<p>Dormicum 15 mg es un medicamento eficaz para el tratamiento a corto plazo del insomnio y la ansiedad graves antes de cirug\u00edas. Debe usarse bajo supervisi\u00f3n m\u00e9dica debido a su potencia y posibles efectos secundarios.<\/p>\n<p>El maleato de midazolam se encuentra en comprimidos de Dormicum, mientras que el clorhidrato de midazolam se encuentra en ampollas.<br \/>\nComo excipientes, cada ampolla tambi\u00e9n incluye hidr\u00f3xido de sodio, \u00e1cido clorh\u00eddrico, cloruro de sodio y agua para inyecci\u00f3n.<br \/>\nEl midazolam es 8-cloro-6-(2-fluorofenil)-1-metil-4H-imidazo[1,5-a][1,4] benzodiazepina.<\/p>\n<h3><strong>Se\u00f1ales y usos <\/strong><\/h3>\n<p>Comprimido: Como somn\u00edfero temporal. Solo los trastornos graves que causan discapacidad o gran sufrimiento deben tratarse con benzodiazepinas. Antes de cirug\u00edas o tratamientos diagn\u00f3sticos, se utiliza la sedaci\u00f3n como premedicaci\u00f3n.<br \/>\nAmpoule: Inducing conscious sedation, either with or without local anesthetic (IV injection), prior to diagnostic or therapeutic treatments.<br \/>\nPremedication prior to anesthetic induction (intranasal or rectal in youngsters).<br \/>\nInducci\u00f3n y mantenimiento de la anestesia: ya sea como sedante en anestesia mixta, como anestesia IV completa (inyecci\u00f3n IV, infusi\u00f3n IV), o como f\u00e1rmaco de inducci\u00f3n en anestesia por inhalaci\u00f3n.<br \/>\nEn j\u00f3venes, ataralgesia combinada con ketamina (administraci\u00f3n IM).<br \/>\ntratamiento sedado prolongado en unidades de cuidados cr\u00edticos (administraci\u00f3n intravenosa como infusi\u00f3n continua o como inyecci\u00f3n en bolo).<\/p>\n<p>Para una fuente confiable, considere comprar Dormicum 15 mg en Buy-Prescriptionz.com. Ofrecen medicamentos genuinos con entrega r\u00e1pida y un excelente servicio al cliente. Aseg\u00farese de recibir un tratamiento seguro y eficaz eligiendo la mejor farmacia como Buy-Prescriptionz.com.<\/p>\n<\/div>\n<\/div>\n<h2>Empleos<\/h2>\n<p>Este medicamento se utiliza como parte de los ni\u00f1os antes de una metodolog\u00eda o la anestesia para causar somnolencia, disminuir la tensi\u00f3n, y la raz\u00f3n de distracci\u00f3n de la cirug\u00eda o m\u00e9todo. Debe ser utilizado mientras el ni\u00f1o est\u00e1 bajo la consideraci\u00f3n de un profesional de la salud. El midazolam forma parte de una clase de f\u00e1rmacos llamados benzodiazepinas, que tienen un efecto tranquilizador sobre el cerebro y los nervios (sistema sensorial focal). Se cree que funciona ampliando el impacto de un determinado brebaje regular (GABA) en el cerebro. Esta p\u00edldora tambi\u00e9n se puede utilizar para problemas de sue\u00f1o (por ejemplo, problemas de descanso, \"miedo nocturno\").<\/p>\n<p><strong>OFRECEMOS SERVICIOS EN EL EXTRANJERO \u00a1ENV\u00cdO SEGURO A SU PUERTA!<\/strong><\/p>\n<p>Adem\u00e1s, puede realizar el pago mediante tarjeta de cr\u00e9dito y d\u00e9bito.<br \/>\nEMS\/USPS Express Discreet Trackable Delivery en todo el mundo.<br \/>\n\u00bfC\u00f3mo se env\u00edan los paquetes?<br \/>\nAdem\u00e1s, embalamos los paquetes cuidadosamente con papeles de tungsteno y carbono para que no pasen por las m\u00e1quinas de rayos X de las aduanas en los aeropuertos.<br \/>\nPor \u00faltimo, puede<\/p>\n<p>Comprar Dormicum en l\u00ednea, usted puede comprar Dormicum 15mg en l\u00ednea aqu\u00ed sin la representaci\u00f3n en la tasa de mala calidad.<\/p>\n<p>\u00bfpuedo comprar midazolam?<br \/>\ndormicum donde comprar<\/p>\n<h3>Para relajarse antes de la operaci\u00f3n, tome 15 mg de Domicum Midazolam.<\/h3>\n<p><strong>Introducci\u00f3n<\/strong>:<\/p>\n<p>Dormicum Midazolam 15mg es un relajante muscular y medicamento calmante utilizado en los ni\u00f1os antes de un procedimiento o anestesia para promover la somnolencia, reducir la ansiedad y hacer que la cirug\u00eda o procedimiento olvidable. Es un f\u00e1rmaco narc\u00f3tico con caracter\u00edsticas amn\u00e9sicas. Este medicamento es \u00fanico en este grupo porque sus efectos son breves e inmediatos. Este medicamento \u00fanico puede ser utilizado en una variedad de entornos biom\u00e9dicos, incluyendo procedimientos m\u00e9dicos cardiovasculares, odontolog\u00eda y sistemas endosc\u00f3picos. Debe utilizarse mientras el joven est\u00e9 bajo la supervisi\u00f3n de un m\u00e9dico. No est\u00e1 pensado para su uso en casa o durante un periodo de tiempo prolongado. El midazolam pertenece a la clase de los f\u00e1rmacos benzodiacep\u00ednicos, que tienen un efecto calmante sobre el cerebro y los nervios, tambi\u00e9n conocido como sistema nervioso central. Se considera que funciona potenciando los efectos de una sustancia qu\u00edmica natural del cerebro.<\/p>\n<p>&nbsp;<\/p>","protected":false},"excerpt":{"rendered":"<p><strong>Dormicum<\/strong>\u00a0(Midazolam) 7,5mg pastillas\/comprimidos:\u00a0<strong>Dormicum<\/strong>\u00a0(Midazolam) Se utiliza antes de una intervenci\u00f3n quir\u00fargica o de ciertas\u00a0<strong>m\u00e9dico<\/strong>\u00a0pruebas para producir sue\u00f1o, somnolencia o relajaci\u00f3n. Pertenece a una clase de medicamentos llamados benzodiacepinas. PRECIO\/TABLETA.\u00a0<strong>Dormicum<\/strong>\u00a0(Midazolam) 15 mg cantidad.<\/p>","protected":false},"featured_media":3132,"comment_status":"open","ping_status":"closed","template":"","meta":{"site-sidebar-layout":"default","site-content-layout":"","ast-site-content-layout":"default","site-content-style":"default","site-sidebar-style":"default","ast-global-header-display":"","ast-banner-title-visibility":"","ast-main-header-display":"","ast-hfb-above-header-display":"","ast-hfb-below-header-display":"","ast-hfb-mobile-header-display":"","site-post-title":"","ast-breadcrumbs-content":"","ast-featured-img":"","footer-sml-layout":"","theme-transparent-header-meta":"default","adv-header-id-meta":"","stick-header-meta":"","header-above-stick-meta":"","header-main-stick-meta":"","header-below-stick-meta":"","astra-migrate-meta-layouts":"","ast-page-background-enabled":"default","ast-page-background-meta":{"desktop":{"background-color":"var(--ast-global-color-4)","background-image":"","background-repeat":"repeat","background-position":"center center","background-size":"auto","background-attachment":"scroll","background-type":"","background-media":"","overlay-type":"","overlay-color":"","overlay-opacity":"","overlay-gradient":""},"tablet":{"background-color":"","background-image":"","background-repeat":"repeat","background-position":"center center","background-size":"auto","background-attachment":"scroll","background-type":"","background-media":"","overlay-type":"","overlay-color":"","overlay-opacity":"","overlay-gradient":""},"mobile":{"background-color":"","background-image":"","background-repeat":"repeat","background-position":"center center","background-size":"auto","background-attachment":"scroll","background-type":"","background-media":"","overlay-type":"","overlay-color":"","overlay-opacity":"","overlay-gradient":""}},"ast-content-background-meta":{"desktop":{"background-color":"var(--ast-global-color-5)","background-image":"","background-repeat":"repeat","background-position":"center center","background-size":"auto","background-attachment":"scroll","background-type":"","background-media":"","overlay-type":"","overlay-color":"","overlay-opacity":"","overlay-gradient":""},"tablet":{"background-color":"var(--ast-global-color-5)","background-image":"","background-repeat":"repeat","background-position":"center center","background-size":"auto","background-attachment":"scroll","background-type":"","background-media":"","overlay-type":"","overlay-color":"","overlay-opacity":"","overlay-gradient":""},"mobile":{"background-color":"var(--ast-global-color-5)","background-image":"","background-repeat":"repeat","background-position":"center center","background-size":"auto","background-attachment":"scroll","background-type":"","background-media":"","overlay-type":"","overlay-color":"","overlay-opacity":"","overlay-gradient":""}}},"product_brand":[],"product_cat":[2385],"product_tag":[2313,1015,1016,1014,1009,1012,1011,1010,1013,1008,2314,2312,1007,1018,1017],"class_list":{"0":"post-3102","1":"product","2":"type-product","3":"status-publish","4":"has-post-thumbnail","6":"product_cat-buy-pain-killer-pills-online","7":"product_tag-buy-dormicum","8":"product_tag-buy-dormicum-in-canada","9":"product_tag-buy-dormicum-in-uk","10":"product_tag-buy-dormicum-in-usa","11":"product_tag-buy-dormicum-with-bitcoin","12":"product_tag-buy-dormicum-with-credit-card","13":"product_tag-buy-dormicum-with-money-gram","14":"product_tag-buy-dormicum-with-western-union","15":"product_tag-buy-dormicum-without-a-doctor","16":"product_tag-buy-dormicum-without-prescription","17":"product_tag-dormicum-15mg-price","18":"product_tag-dormicum-15mg-sleeping-tablets","19":"product_tag-dormicum-for-sale","20":"product_tag-dormicum-pills","21":"product_tag-dormicum-tablets","22":"desktop-align-center","23":"tablet-align-left","24":"mobile-align-left","26":"first","27":"instock","28":"shipping-taxable","29":"purchasable","30":"product-type-variable","31":"has-default-attributes"},"yoast_head":"<!-- This site is optimized with the Yoast SEO plugin v25.9 - https:\/\/yoast.com\/wordpress\/plugins\/seo\/ -->\n<title>Buy Dormicum Online - Dormicum for Sale<\/title>\n<meta name=\"description\" content=\"If you want to buy Dormicum online, then visit our online store buy-prescriptionz. We have high-quality products like Dormicum for sale. Place your order now!\" \/>\n<meta name=\"robots\" content=\"index, follow, max-snippet:-1, max-image-preview:large, max-video-preview:-1\" \/>\n<link rel=\"canonical\" href=\"https:\/\/buy-prescriptionz.com\/es\/producto\/comprar-dormicum-en-linea\/\" \/>\n<meta property=\"og:locale\" content=\"es_ES\" \/>\n<meta property=\"og:type\" content=\"article\" \/>\n<meta property=\"og:title\" content=\"Buy Dormicum Online - Dormicum for Sale\" \/>\n<meta property=\"og:description\" content=\"If you want to buy Dormicum online, then visit our online store buy-prescriptionz. We have high-quality products like Dormicum for sale. Place your order now!\" \/>\n<meta property=\"og:url\" content=\"https:\/\/buy-prescriptionz.com\/es\/producto\/comprar-dormicum-en-linea\/\" \/>\n<meta property=\"og:site_name\" content=\"Buy Prescriptionz\" \/>\n<meta property=\"article:modified_time\" content=\"2025-09-16T08:58:25+00:00\" \/>\n<meta property=\"og:image\" content=\"https:\/\/buy-prescriptionz.com\/wp-content\/uploads\/2025\/09\/dormicum.jpg\" \/>\n\t<meta property=\"og:image:width\" content=\"400\" \/>\n\t<meta property=\"og:image:height\" content=\"300\" \/>\n\t<meta property=\"og:image:type\" content=\"image\/jpeg\" \/>\n<meta name=\"twitter:card\" content=\"summary_large_image\" \/>\n<meta name=\"twitter:label1\" content=\"Tiempo de lectura\" \/>\n\t<meta name=\"twitter:data1\" content=\"5 minutos\" \/>\n<script type=\"application\/ld+json\" class=\"yoast-schema-graph\">{\"@context\":\"https:\/\/schema.org\",\"@graph\":[{\"@type\":\"WebPage\",\"@id\":\"https:\/\/buy-prescriptionz.com\/product\/buy-dormicum-online\/\",\"url\":\"https:\/\/buy-prescriptionz.com\/product\/buy-dormicum-online\/\",\"name\":\"Buy Dormicum Online - Dormicum for Sale\",\"isPartOf\":{\"@id\":\"https:\/\/buy-prescriptionz.com\/#website\"},\"primaryImageOfPage\":{\"@id\":\"https:\/\/buy-prescriptionz.com\/product\/buy-dormicum-online\/#primaryimage\"},\"image\":{\"@id\":\"https:\/\/buy-prescriptionz.com\/product\/buy-dormicum-online\/#primaryimage\"},\"thumbnailUrl\":\"https:\/\/buy-prescriptionz.com\/wp-content\/uploads\/2025\/09\/dormicum.jpg\",\"datePublished\":\"2025-09-16T08:56:24+00:00\",\"dateModified\":\"2025-09-16T08:58:25+00:00\",\"description\":\"If you want to buy Dormicum online, then visit our online store buy-prescriptionz. We have high-quality products like Dormicum for sale. Place your order now!\",\"breadcrumb\":{\"@id\":\"https:\/\/buy-prescriptionz.com\/product\/buy-dormicum-online\/#breadcrumb\"},\"inLanguage\":\"es\",\"potentialAction\":[{\"@type\":\"ReadAction\",\"target\":[\"https:\/\/buy-prescriptionz.com\/product\/buy-dormicum-online\/\"]}]},{\"@type\":\"ImageObject\",\"inLanguage\":\"es\",\"@id\":\"https:\/\/buy-prescriptionz.com\/product\/buy-dormicum-online\/#primaryimage\",\"url\":\"https:\/\/buy-prescriptionz.com\/wp-content\/uploads\/2025\/09\/dormicum.jpg\",\"contentUrl\":\"https:\/\/buy-prescriptionz.com\/wp-content\/uploads\/2025\/09\/dormicum.jpg\",\"width\":400,\"height\":300},{\"@type\":\"BreadcrumbList\",\"@id\":\"https:\/\/buy-prescriptionz.com\/product\/buy-dormicum-online\/#breadcrumb\",\"itemListElement\":[{\"@type\":\"ListItem\",\"position\":1,\"name\":\"Home\",\"item\":\"https:\/\/buy-prescriptionz.com\/\"},{\"@type\":\"ListItem\",\"position\":2,\"name\":\"Shop Painkillers Online\",\"item\":\"https:\/\/buy-prescriptionz.com\/shop-painkillers-online\/\"},{\"@type\":\"ListItem\",\"position\":3,\"name\":\"Buy Dormicum Online\"}]},{\"@type\":\"WebSite\",\"@id\":\"https:\/\/buy-prescriptionz.com\/#website\",\"url\":\"https:\/\/buy-prescriptionz.com\/\",\"name\":\"Buy Prescriptionz\",\"description\":\"Drugs Online\",\"publisher\":{\"@id\":\"https:\/\/buy-prescriptionz.com\/#organization\"},\"potentialAction\":[{\"@type\":\"SearchAction\",\"target\":{\"@type\":\"EntryPoint\",\"urlTemplate\":\"https:\/\/buy-prescriptionz.com\/?s={search_term_string}\"},\"query-input\":{\"@type\":\"PropertyValueSpecification\",\"valueRequired\":true,\"valueName\":\"search_term_string\"}}],\"inLanguage\":\"es\"},{\"@type\":\"Organization\",\"@id\":\"https:\/\/buy-prescriptionz.com\/#organization\",\"name\":\"Buy Prescriptionz\",\"url\":\"https:\/\/buy-prescriptionz.com\/\",\"logo\":{\"@type\":\"ImageObject\",\"inLanguage\":\"es\",\"@id\":\"https:\/\/buy-prescriptionz.com\/#\/schema\/logo\/image\/\",\"url\":\"https:\/\/buy-prescriptionz.com\/wp-content\/uploads\/2023\/09\/logo.png\",\"contentUrl\":\"https:\/\/buy-prescriptionz.com\/wp-content\/uploads\/2023\/09\/logo.png\",\"width\":350,\"height\":64,\"caption\":\"Buy Prescriptionz\"},\"image\":{\"@id\":\"https:\/\/buy-prescriptionz.com\/#\/schema\/logo\/image\/\"}}]}<\/script>\n<!-- \/ Yoast SEO plugin. -->","yoast_head_json":{"title":"Compre Dormicum en l\u00ednea - Dormicum en venta","description":"Si desea comprar Dormicum en l\u00ednea, visite nuestra tienda en l\u00ednea buy-prescriptionz. Tenemos productos de alta calidad como Dormicum a la venta. \u00a1Haga su pedido ahora!","robots":{"index":"index","follow":"follow","max-snippet":"max-snippet:-1","max-image-preview":"max-image-preview:large","max-video-preview":"max-video-preview:-1"},"canonical":"https:\/\/buy-prescriptionz.com\/es\/producto\/comprar-dormicum-en-linea\/","og_locale":"es_ES","og_type":"article","og_title":"Buy Dormicum Online - Dormicum for Sale","og_description":"If you want to buy Dormicum online, then visit our online store buy-prescriptionz. We have high-quality products like Dormicum for sale. Place your order now!","og_url":"https:\/\/buy-prescriptionz.com\/es\/producto\/comprar-dormicum-en-linea\/","og_site_name":"Buy Prescriptionz","article_modified_time":"2025-09-16T08:58:25+00:00","og_image":[{"width":400,"height":300,"url":"https:\/\/buy-prescriptionz.com\/wp-content\/uploads\/2025\/09\/dormicum.jpg","type":"image\/jpeg"}],"twitter_card":"summary_large_image","twitter_misc":{"Tiempo de lectura":"5 minutos"},"schema":{"@context":"https:\/\/schema.org","@graph":[{"@type":"WebPage","@id":"https:\/\/buy-prescriptionz.com\/product\/buy-dormicum-online\/","url":"https:\/\/buy-prescriptionz.com\/product\/buy-dormicum-online\/","name":"Compre Dormicum en l\u00ednea - Dormicum en venta","isPartOf":{"@id":"https:\/\/buy-prescriptionz.com\/#website"},"primaryImageOfPage":{"@id":"https:\/\/buy-prescriptionz.com\/product\/buy-dormicum-online\/#primaryimage"},"image":{"@id":"https:\/\/buy-prescriptionz.com\/product\/buy-dormicum-online\/#primaryimage"},"thumbnailUrl":"https:\/\/buy-prescriptionz.com\/wp-content\/uploads\/2025\/09\/dormicum.jpg","datePublished":"2025-09-16T08:56:24+00:00","dateModified":"2025-09-16T08:58:25+00:00","description":"Si desea comprar Dormicum en l\u00ednea, visite nuestra tienda en l\u00ednea buy-prescriptionz. Tenemos productos de alta calidad como Dormicum a la venta. \u00a1Haga su pedido ahora!","breadcrumb":{"@id":"https:\/\/buy-prescriptionz.com\/product\/buy-dormicum-online\/#breadcrumb"},"inLanguage":"es","potentialAction":[{"@type":"ReadAction","target":["https:\/\/buy-prescriptionz.com\/product\/buy-dormicum-online\/"]}]},{"@type":"ImageObject","inLanguage":"es","@id":"https:\/\/buy-prescriptionz.com\/product\/buy-dormicum-online\/#primaryimage","url":"https:\/\/buy-prescriptionz.com\/wp-content\/uploads\/2025\/09\/dormicum.jpg","contentUrl":"https:\/\/buy-prescriptionz.com\/wp-content\/uploads\/2025\/09\/dormicum.jpg","width":400,"height":300},{"@type":"BreadcrumbList","@id":"https:\/\/buy-prescriptionz.com\/product\/buy-dormicum-online\/#breadcrumb","itemListElement":[{"@type":"ListItem","position":1,"name":"Home","item":"https:\/\/buy-prescriptionz.com\/"},{"@type":"ListItem","position":2,"name":"Shop Painkillers Online","item":"https:\/\/buy-prescriptionz.com\/shop-painkillers-online\/"},{"@type":"ListItem","position":3,"name":"Buy Dormicum Online"}]},{"@type":"WebSite","@id":"https:\/\/buy-prescriptionz.com\/#website","url":"https:\/\/buy-prescriptionz.com\/","name":"Buy Prescriptionz","description":"Medicamentos en l\u00ednea","publisher":{"@id":"https:\/\/buy-prescriptionz.com\/#organization"},"potentialAction":[{"@type":"SearchAction","target":{"@type":"EntryPoint","urlTemplate":"https:\/\/buy-prescriptionz.com\/?s={search_term_string}"},"query-input":{"@type":"PropertyValueSpecification","valueRequired":true,"valueName":"search_term_string"}}],"inLanguage":"es"},{"@type":"Organization","@id":"https:\/\/buy-prescriptionz.com\/#organization","name":"Buy Prescriptionz","url":"https:\/\/buy-prescriptionz.com\/","logo":{"@type":"ImageObject","inLanguage":"es","@id":"https:\/\/buy-prescriptionz.com\/#\/schema\/logo\/image\/","url":"https:\/\/buy-prescriptionz.com\/wp-content\/uploads\/2023\/09\/logo.png","contentUrl":"https:\/\/buy-prescriptionz.com\/wp-content\/uploads\/2023\/09\/logo.png","width":350,"height":64,"caption":"Buy Prescriptionz"},"image":{"@id":"https:\/\/buy-prescriptionz.com\/#\/schema\/logo\/image\/"}}]}},"_links":{"self":[{"href":"https:\/\/buy-prescriptionz.com\/es\/wp-json\/wp\/v2\/product\/3102","targetHints":{"allow":["GET"]}}],"collection":[{"href":"https:\/\/buy-prescriptionz.com\/es\/wp-json\/wp\/v2\/product"}],"about":[{"href":"https:\/\/buy-prescriptionz.com\/es\/wp-json\/wp\/v2\/types\/product"}],"replies":[{"embeddable":true,"href":"https:\/\/buy-prescriptionz.com\/es\/wp-json\/wp\/v2\/comments?post=3102"}],"wp:featuredmedia":[{"embeddable":true,"href":"https:\/\/buy-prescriptionz.com\/es\/wp-json\/wp\/v2\/media\/3132"}],"wp:attachment":[{"href":"https:\/\/buy-prescriptionz.com\/es\/wp-json\/wp\/v2\/media?parent=3102"}],"wp:term":[{"taxonomy":"product_brand","embeddable":true,"href":"https:\/\/buy-prescriptionz.com\/es\/wp-json\/wp\/v2\/product_brand?post=3102"},{"taxonomy":"product_cat","embeddable":true,"href":"https:\/\/buy-prescriptionz.com\/es\/wp-json\/wp\/v2\/product_cat?post=3102"},{"taxonomy":"product_tag","embeddable":true,"href":"https:\/\/buy-prescriptionz.com\/es\/wp-json\/wp\/v2\/product_tag?post=3102"}],"curies":[{"name":"wp","href":"https:\/\/api.w.org\/{rel}","templated":true}]}}