{"id":3103,"date":"2025-09-16T08:56:25","date_gmt":"2025-09-16T08:56:25","guid":{"rendered":"https:\/\/chemsfine.com\/newsite\/?post_type=product&#038;p=3103"},"modified":"2025-09-21T07:00:54","modified_gmt":"2025-09-21T07:00:54","slug":"comprar-demerol-en-linea","status":"publish","type":"product","link":"https:\/\/buy-prescriptionz.com\/es\/producto\/comprar-demerol-en-linea\/","title":{"rendered":"Comprar Demerol Online"},"content":{"rendered":"<h2>Comprar Demerol online<\/h2>\n<p>Comprar Demerol online Comprar Demerol Online La petidina, tambi\u00e9n conocida como meperidina y vendida bajo la marca Demerol entre otras, es un analg\u00e9sico opioide sint\u00e9tico de la clase de la fenilpiperidina. Sintetizado en 1939 como un potencial agente anticolin\u00e9rgico por el qu\u00edmico alem\u00e1n Otto Eisleb, sus propiedades analg\u00e9sicas fueron reconocidas por primera vez por Otto Schaumann mientras trabajaba ...<\/p>\n<h3><strong>Comprender los beneficios del Demerol para aliviar el dolor<\/strong><\/h3>\n<p>El Demerol, tambi\u00e9n conocido por su nombre gen\u00e9rico, meperidina, es un medicamento con receta que se usa para aliviar el dolor de moderado a intenso. Pertenece a una clase de f\u00e1rmacos llamados opioides, que act\u00faan modificando la respuesta del cerebro y el sistema nervioso al dolor. Si bien el Demerol de mejor calidad es m\u00e1s eficaz que otros analg\u00e9sicos, ofrece beneficios notables si se usa adecuadamente.<\/p>\n<h3><strong>Beneficios del Demerol<\/strong><\/h3>\n<p>El demerol, tambi\u00e9n llamado meperidina, es un analg\u00e9sico potente que se usa a menudo para tratar el dolor moderado a intenso. Estos son algunos de sus principales beneficios:<\/p>\n<h4>Alivio r\u00e1pido del dolor<\/h4>\n<ul>\n<li>Acci\u00f3n r\u00e1pida: Demerol act\u00faa r\u00e1pidamente para reducir el dolor, lo que lo hace \u00fatil en emergencias o despu\u00e9s de una cirug\u00eda.<\/li>\n<li>Eficaz: Es potente y puede controlar el dolor que otros medicamentos no pueden aliviar.<\/li>\n<\/ul>\n<h4>Uso vers\u00e1til<\/h4>\n<ul>\n<li>Diferentes presentaciones: Puede tomar Demerol en forma de pastilla, l\u00edquido o inyecci\u00f3n, seg\u00fan lo que le recete su m\u00e9dico y lo que funcione mejor para usted.<\/li>\n<li>Uso hospitalario: La forma inyectable es especialmente \u00fatil en hospitales donde se necesita un alivio r\u00e1pido del dolor.<\/li>\n<\/ul>\n<h4>Adecuado para algunos pacientes<\/h4>\n<ul>\n<li>Opci\u00f3n alternativa: Si es al\u00e9rgico a otros analg\u00e9sicos, Demerol podr\u00eda ser una buena alternativa.<\/li>\n<li>Uso a corto plazo: Debido a que act\u00faa r\u00e1pidamente y no dura mucho, a menudo se utiliza para el tratamiento del dolor a corto plazo, lo que reduce el riesgo de desarrollar dependencia.<\/li>\n<\/ul>\n<h4>Auttaa leikkauksessa<\/h4>\n<ul>\n<li>Auxiliar de anestesia: Demerol se puede utilizar durante la cirug\u00eda para ayudar a controlar el dolor y mantener a los pacientes c\u00f3modos.<\/li>\n<\/ul>\n<p>Demerol sigue siendo una opci\u00f3n valiosa para el manejo del dolor agudo gracias a su eficacia y r\u00e1pida aparici\u00f3n de efectos. Su versatilidad de administraci\u00f3n y su idoneidad para ciertos grupos de pacientes resaltan sus beneficios. Sin embargo, debe usarse con precauci\u00f3n debido a sus posibles efectos secundarios, dependencia e interacciones. Siempre consulte a un profesional de la salud antes de usar Demerol para asegurarse de que sea la opci\u00f3n adecuada para sus necesidades de manejo del dolor.<\/p>\n<p>Conf\u00ede en buy-prescriptionz.com<\/p>\n<p>Para una fuente confiable para comprar Demerol en l\u00ednea, visite la mejor farmacia. <a href=\"https:\/\/buy-prescriptionz.com\/es\/\">buy-prescriptionz.com<\/a>Ofrecen medicamentos genuinos, transacciones seguras y env\u00edos r\u00e1pidos para garantizar que reciba el alivio del dolor que necesita r\u00e1pidamente.<\/p>\n<h3>INFORMACI\u00d3N ESENCIAL SOBRE DEMEROL<\/h3>\n<p>Demerol es altamente adictivo y est\u00e1 estrictamente prohibido tomar cuando usted tiene asma o respiraci\u00f3n extrema. Adem\u00e1s, no utilizar meperidina Cuando usted puede haber sido la utilizaci\u00f3n de inhibidores de la MAO en los 14 d\u00edas anteriores, como iscarboxazid, azul de metileno, tranilcipromina y as\u00ed sucesivamente. La droga puede retroceder o detener su procedimiento de respiraci\u00f3n. Nunca utilice esta receta con el licor, ya que puede detener por completo su in y out Proceso de respiraci\u00f3n. Hay ciertos medicamentos que pueden interactuar con la prescripci\u00f3n y puede causar verdadera condici\u00f3n de bienestar conocido como trastorno de la serotonina. Aseg\u00farese de que su especialista sabe si usted est\u00e1 experimentando la enfermedad psicol\u00f3gica, dolor de cabeza dolores cerebrales, enfermedad de Parkinson y as\u00ed sucesivamente, mientras que tomar este medicamento.<\/p>\n<p>Algunas prescripciones pueden conectar con meperidina y causar una condici\u00f3n genuina llamada trastorno de la serotonina. Aseg\u00farese de que su especialista o m\u00e9dico es plenamente consciente de cualquier ingesta adicional de la prescripci\u00f3n de estimulantes, art\u00edculos naturales, o medicamentos para la melancol\u00eda, inestabilidad psicol\u00f3gica, la dolencia de Parkinson, dolor de cabeza dolores cerebrales, enfermedades genuinas, o la acci\u00f3n contrarrestante de la enfermedad y heaving. Pregunte a su especialista antes de realizar cualquier mejora en c\u00f3mo o cu\u00e1ndo toma sus recetas.<\/p>\n<h3><strong>Comprender los beneficios del Demerol para aliviar el dolor<\/strong><\/h3>\n<p>El Demerol, tambi\u00e9n conocido por su nombre gen\u00e9rico, meperidina, es un medicamento con receta que se usa para aliviar el dolor de moderado a intenso. Pertenece a una clase de f\u00e1rmacos llamados opioides, que act\u00faan modificando la respuesta del cerebro y el sistema nervioso al dolor. Si bien el Demerol de mejor calidad es m\u00e1s eficaz que otros analg\u00e9sicos, ofrece beneficios notables si se usa adecuadamente.<\/p>\n<h3>C\u00d3MO USAR DEMEROL<\/h3>\n<p>Tome este medicamento exactamente como lo indique su m\u00e9dico. Adhi\u00e9rase a cada uno de las pautas dadas a usted por su Doctor o lea con frecuencia la gu\u00eda de medicina proporcionada a usted por Doctor antes del uso. Meperidine es conocido por causar respiracion corta o respiracion dificil y a veces respiracion completamente agarrotada. Trate de no tomar Demerol en el per\u00edodo m\u00e1s largo que recomendado y Espec\u00edficamente usted debe evitar tomarlo m\u00e1s que la dosis prescrita. Ilumine inmediatamente a su especialista si el medicamento deja de funcionar o de aliviar el tormento. Es una propensi\u00f3n a la formaci\u00f3n de la medicaci\u00f3n y en lo sucesivo usted debe tomar en particular bajo la medicina de un especialista terap\u00e9utico afirmado.<\/p>\n<p>Independientemente de si usted compra en l\u00ednea Demerol convencional vendido por nombre de Meperidina o compra Demerol marcado obtendr\u00e1 resultados indistinguibles de ellos dos contienen una din\u00e1mica similar fijaciones. Como se recomienda, es muy aconsejable tomar s\u00f3lo la prescripci\u00f3n correcta para Evitar los impactos inseguros de la medicaci\u00f3n. Es muy aconsejable evitar conducir despu\u00e9s de tomar Demerol debido a su frecuente mareos, n\u00e1useas y otros efectos secundarios relacionados que pueden impedir una suave o una completa sesi\u00f3n de conducci\u00f3n activa.<\/p>\n<h3>Beneficios del Demerol<\/h3>\n<p>El demerol, tambi\u00e9n llamado meperidina, es un analg\u00e9sico potente que se usa a menudo para tratar el dolor moderado a intenso. Estos son algunos de sus principales beneficios:<\/p>\n<h4>Alivio r\u00e1pido del dolor<\/h4>\n<ul>\n<li>Acci\u00f3n r\u00e1pida: Demerol act\u00faa r\u00e1pidamente para reducir el dolor, lo que lo hace \u00fatil en emergencias o despu\u00e9s de una cirug\u00eda.<\/li>\n<li>Eficaz: Es potente y puede controlar el dolor que otros medicamentos no pueden aliviar.<\/li>\n<\/ul>\n<h4>Uso vers\u00e1til<\/h4>\n<ul>\n<li>Diferentes presentaciones: Puede tomar Demerol en forma de pastilla, l\u00edquido o inyecci\u00f3n, seg\u00fan lo que le recete su m\u00e9dico y lo que funcione mejor para usted.<\/li>\n<li>Uso hospitalario: La forma inyectable es especialmente \u00fatil en hospitales donde se necesita un alivio r\u00e1pido del dolor.<\/li>\n<\/ul>\n<h4>Adecuado para algunos pacientes<\/h4>\n<ul>\n<li>Opci\u00f3n alternativa: Si es al\u00e9rgico a otros analg\u00e9sicos, Demerol podr\u00eda ser una buena alternativa.<\/li>\n<li>Uso a corto plazo: Debido a que act\u00faa r\u00e1pidamente y no dura mucho, a menudo se utiliza para el tratamiento del dolor a corto plazo, lo que reduce el riesgo de desarrollar dependencia.<\/li>\n<\/ul>\n<h4>Auttaa leikkauksessa<\/h4>\n<ul>\n<li>Auxiliar de anestesia: Demerol se puede utilizar durante la cirug\u00eda para ayudar a controlar el dolor y mantener a los pacientes c\u00f3modos.<\/li>\n<\/ul>\n<p>Demerol sigue siendo una opci\u00f3n valiosa para el manejo del dolor agudo gracias a su eficacia y r\u00e1pida aparici\u00f3n de efectos. Su versatilidad de administraci\u00f3n y su idoneidad para ciertos grupos de pacientes resaltan sus beneficios. Sin embargo, debe usarse con precauci\u00f3n debido a sus posibles efectos secundarios, dependencia e interacciones. Siempre consulte a un profesional de la salud antes de usar Demerol para asegurarse de que sea la opci\u00f3n adecuada para sus necesidades de manejo del dolor.<\/p>\n<p>Trust Buy-Prescriptionz.com<\/p>\n<p>Para una fuente confiable para comprar Demerol en l\u00ednea, visite la mejor farmacia. <a href=\"https:\/\/buy-prescriptionz.com\/es\/\">Buy-Prescriptionz.com<\/a>Ofrecen medicamentos genuinos, transacciones seguras y env\u00edos r\u00e1pidos para garantizar que reciba el alivio del dolor que necesita r\u00e1pidamente.<\/p>\n<p>&nbsp;<\/p>\n<p>&nbsp;<\/p>","protected":false},"excerpt":{"rendered":"<p>Buy Demerol online Buy Demerol Online Pethidine, also known as meperidine and sold under the brand name Demerol among others, is a synthetic opioid pain medication of the phenylpiperidine class. Synthesized in 1939 as a potential anticholinergic agent by the German chemist Otto Eisleb, its analgesic properties were first recognized by Otto Schaumann while working [&hellip;]<\/p>","protected":false},"featured_media":3133,"comment_status":"open","ping_status":"closed","template":"","meta":{"site-sidebar-layout":"default","site-content-layout":"","ast-site-content-layout":"default","site-content-style":"default","site-sidebar-style":"default","ast-global-header-display":"","ast-banner-title-visibility":"","ast-main-header-display":"","ast-hfb-above-header-display":"","ast-hfb-below-header-display":"","ast-hfb-mobile-header-display":"","site-post-title":"","ast-breadcrumbs-content":"","ast-featured-img":"","footer-sml-layout":"","theme-transparent-header-meta":"default","adv-header-id-meta":"","stick-header-meta":"","header-above-stick-meta":"","header-main-stick-meta":"","header-below-stick-meta":"","astra-migrate-meta-layouts":"set","ast-page-background-enabled":"default","ast-page-background-meta":{"desktop":{"background-color":"var(--ast-global-color-4)","background-image":"","background-repeat":"repeat","background-position":"center center","background-size":"auto","background-attachment":"scroll","background-type":"","background-media":"","overlay-type":"","overlay-color":"","overlay-opacity":"","overlay-gradient":""},"tablet":{"background-color":"","background-image":"","background-repeat":"repeat","background-position":"center center","background-size":"auto","background-attachment":"scroll","background-type":"","background-media":"","overlay-type":"","overlay-color":"","overlay-opacity":"","overlay-gradient":""},"mobile":{"background-color":"","background-image":"","background-repeat":"repeat","background-position":"center center","background-size":"auto","background-attachment":"scroll","background-type":"","background-media":"","overlay-type":"","overlay-color":"","overlay-opacity":"","overlay-gradient":""}},"ast-content-background-meta":{"desktop":{"background-color":"var(--ast-global-color-5)","background-image":"","background-repeat":"repeat","background-position":"center center","background-size":"auto","background-attachment":"scroll","background-type":"","background-media":"","overlay-type":"","overlay-color":"","overlay-opacity":"","overlay-gradient":""},"tablet":{"background-color":"var(--ast-global-color-5)","background-image":"","background-repeat":"repeat","background-position":"center center","background-size":"auto","background-attachment":"scroll","background-type":"","background-media":"","overlay-type":"","overlay-color":"","overlay-opacity":"","overlay-gradient":""},"mobile":{"background-color":"var(--ast-global-color-5)","background-image":"","background-repeat":"repeat","background-position":"center center","background-size":"auto","background-attachment":"scroll","background-type":"","background-media":"","overlay-type":"","overlay-color":"","overlay-opacity":"","overlay-gradient":""}}},"product_brand":[],"product_cat":[2385],"product_tag":[1004,1005,1003,998,1001,1000,999,1002,997,996,1006],"class_list":{"0":"post-3103","1":"product","2":"type-product","3":"status-publish","4":"has-post-thumbnail","6":"product_cat-buy-pain-killer-pills-online","7":"product_tag-buy-demerol-in-canada","8":"product_tag-buy-demerol-in-uk","9":"product_tag-buy-demerol-in-usa","10":"product_tag-buy-demerol-with-bitcoin","11":"product_tag-buy-demerol-with-credit-card","12":"product_tag-buy-demerol-with-money-gram","13":"product_tag-buy-demerol-with-western-union","14":"product_tag-buy-demerol-without-a-doctor","15":"product_tag-buy-demerol-without-prescription","16":"product_tag-demerol-for-sale","17":"product_tag-demerol-injection","18":"desktop-align-center","19":"tablet-align-left","20":"mobile-align-left","22":"first","23":"instock","24":"shipping-taxable","25":"purchasable","26":"product-type-variable","27":"has-default-attributes"},"yoast_head":"<!-- This site is optimized with the Yoast SEO plugin v25.9 - https:\/\/yoast.com\/wordpress\/plugins\/seo\/ -->\n<title>Buy Demerol Online USA - Buy Demerol Online for Sale - Buy Prescriptionz<\/title>\n<meta name=\"description\" content=\"Buyprescriptionz.com is an online pharmacy store where you can Buy Demerol Online at best price without doctor&#039;s prescription. Buy Demerol Online Now with Free &amp; Secure Shipping!\" \/>\n<meta name=\"robots\" content=\"index, follow, max-snippet:-1, max-image-preview:large, max-video-preview:-1\" \/>\n<link rel=\"canonical\" href=\"https:\/\/buy-prescriptionz.com\/es\/producto\/comprar-demerol-en-linea\/\" \/>\n<meta property=\"og:locale\" content=\"es_ES\" \/>\n<meta property=\"og:type\" content=\"article\" \/>\n<meta property=\"og:title\" content=\"Buy Demerol Online USA - Buy Demerol Online for Sale - Buy Prescriptionz\" \/>\n<meta property=\"og:description\" content=\"Buyprescriptionz.com is an online pharmacy store where you can Buy Demerol Online at best price without doctor&#039;s prescription. Buy Demerol Online Now with Free &amp; Secure Shipping!\" \/>\n<meta property=\"og:url\" content=\"https:\/\/buy-prescriptionz.com\/es\/producto\/comprar-demerol-en-linea\/\" \/>\n<meta property=\"og:site_name\" content=\"Buy Prescriptionz\" \/>\n<meta property=\"article:modified_time\" content=\"2025-09-21T07:00:54+00:00\" \/>\n<meta property=\"og:image\" content=\"https:\/\/buy-prescriptionz.com\/wp-content\/uploads\/2025\/09\/demerol.jpg\" \/>\n\t<meta property=\"og:image:width\" content=\"400\" \/>\n\t<meta property=\"og:image:height\" content=\"300\" \/>\n\t<meta property=\"og:image:type\" content=\"image\/jpeg\" \/>\n<meta name=\"twitter:card\" content=\"summary_large_image\" \/>\n<meta name=\"twitter:label1\" content=\"Tiempo de lectura\" \/>\n\t<meta name=\"twitter:data1\" content=\"6 minutos\" \/>\n<script type=\"application\/ld+json\" class=\"yoast-schema-graph\">{\"@context\":\"https:\/\/schema.org\",\"@graph\":[{\"@type\":\"WebPage\",\"@id\":\"https:\/\/buy-prescriptionz.com\/cs\/produkt\/koupit-demerol-online\/\",\"url\":\"https:\/\/buy-prescriptionz.com\/cs\/produkt\/koupit-demerol-online\/\",\"name\":\"Buy Demerol Online USA - Buy Demerol Online for Sale - Buy Prescriptionz\",\"isPartOf\":{\"@id\":\"https:\/\/buy-prescriptionz.com\/#website\"},\"primaryImageOfPage\":{\"@id\":\"https:\/\/buy-prescriptionz.com\/cs\/produkt\/koupit-demerol-online\/#primaryimage\"},\"image\":{\"@id\":\"https:\/\/buy-prescriptionz.com\/cs\/produkt\/koupit-demerol-online\/#primaryimage\"},\"thumbnailUrl\":\"https:\/\/buy-prescriptionz.com\/wp-content\/uploads\/2025\/09\/demerol.jpg\",\"datePublished\":\"2025-09-16T08:56:25+00:00\",\"dateModified\":\"2025-09-21T07:00:54+00:00\",\"description\":\"Buyprescriptionz.com is an online pharmacy store where you can Buy Demerol Online at best price without doctor's prescription. Buy Demerol Online Now with Free & Secure Shipping!\",\"breadcrumb\":{\"@id\":\"https:\/\/buy-prescriptionz.com\/cs\/produkt\/koupit-demerol-online\/#breadcrumb\"},\"inLanguage\":\"es\",\"potentialAction\":[{\"@type\":\"ReadAction\",\"target\":[\"https:\/\/buy-prescriptionz.com\/cs\/produkt\/koupit-demerol-online\/\"]}]},{\"@type\":\"ImageObject\",\"inLanguage\":\"es\",\"@id\":\"https:\/\/buy-prescriptionz.com\/cs\/produkt\/koupit-demerol-online\/#primaryimage\",\"url\":\"https:\/\/buy-prescriptionz.com\/wp-content\/uploads\/2025\/09\/demerol.jpg\",\"contentUrl\":\"https:\/\/buy-prescriptionz.com\/wp-content\/uploads\/2025\/09\/demerol.jpg\",\"width\":400,\"height\":300},{\"@type\":\"BreadcrumbList\",\"@id\":\"https:\/\/buy-prescriptionz.com\/cs\/produkt\/koupit-demerol-online\/#breadcrumb\",\"itemListElement\":[{\"@type\":\"ListItem\",\"position\":1,\"name\":\"Home\",\"item\":\"https:\/\/buy-prescriptionz.com\/\"},{\"@type\":\"ListItem\",\"position\":2,\"name\":\"Shop Painkillers Online\",\"item\":\"https:\/\/buy-prescriptionz.com\/shop-painkillers-online\/\"},{\"@type\":\"ListItem\",\"position\":3,\"name\":\"Buy Demerol Online\"}]},{\"@type\":\"WebSite\",\"@id\":\"https:\/\/buy-prescriptionz.com\/#website\",\"url\":\"https:\/\/buy-prescriptionz.com\/\",\"name\":\"Buy Prescriptionz\",\"description\":\"Drugs Online\",\"publisher\":{\"@id\":\"https:\/\/buy-prescriptionz.com\/#organization\"},\"potentialAction\":[{\"@type\":\"SearchAction\",\"target\":{\"@type\":\"EntryPoint\",\"urlTemplate\":\"https:\/\/buy-prescriptionz.com\/?s={search_term_string}\"},\"query-input\":{\"@type\":\"PropertyValueSpecification\",\"valueRequired\":true,\"valueName\":\"search_term_string\"}}],\"inLanguage\":\"es\"},{\"@type\":\"Organization\",\"@id\":\"https:\/\/buy-prescriptionz.com\/#organization\",\"name\":\"Buy Prescriptionz\",\"url\":\"https:\/\/buy-prescriptionz.com\/\",\"logo\":{\"@type\":\"ImageObject\",\"inLanguage\":\"es\",\"@id\":\"https:\/\/buy-prescriptionz.com\/#\/schema\/logo\/image\/\",\"url\":\"https:\/\/buy-prescriptionz.com\/wp-content\/uploads\/2023\/09\/logo.png\",\"contentUrl\":\"https:\/\/buy-prescriptionz.com\/wp-content\/uploads\/2023\/09\/logo.png\",\"width\":350,\"height\":64,\"caption\":\"Buy Prescriptionz\"},\"image\":{\"@id\":\"https:\/\/buy-prescriptionz.com\/#\/schema\/logo\/image\/\"}}]}<\/script>\n<!-- \/ Yoast SEO plugin. -->","yoast_head_json":{"title":"Comprar Demerol en l\u00ednea en EE. UU. - Comprar Demerol en l\u00ednea a la venta - Comprar medicamentos con receta","description":"Buyprescriptionz.com is an online pharmacy store where you can Buy Demerol Online at best price without doctor's prescription. Buy Demerol Online Now with Free & Secure Shipping!","robots":{"index":"index","follow":"follow","max-snippet":"max-snippet:-1","max-image-preview":"max-image-preview:large","max-video-preview":"max-video-preview:-1"},"canonical":"https:\/\/buy-prescriptionz.com\/es\/producto\/comprar-demerol-en-linea\/","og_locale":"es_ES","og_type":"article","og_title":"Buy Demerol Online USA - Buy Demerol Online for Sale - Buy Prescriptionz","og_description":"Buyprescriptionz.com is an online pharmacy store where you can Buy Demerol Online at best price without doctor's prescription. Buy Demerol Online Now with Free & Secure Shipping!","og_url":"https:\/\/buy-prescriptionz.com\/es\/producto\/comprar-demerol-en-linea\/","og_site_name":"Buy Prescriptionz","article_modified_time":"2025-09-21T07:00:54+00:00","og_image":[{"width":400,"height":300,"url":"https:\/\/buy-prescriptionz.com\/wp-content\/uploads\/2025\/09\/demerol.jpg","type":"image\/jpeg"}],"twitter_card":"summary_large_image","twitter_misc":{"Tiempo de lectura":"6 minutos"},"schema":{"@context":"https:\/\/schema.org","@graph":[{"@type":"WebPage","@id":"https:\/\/buy-prescriptionz.com\/cs\/produkt\/koupit-demerol-online\/","url":"https:\/\/buy-prescriptionz.com\/cs\/produkt\/koupit-demerol-online\/","name":"Comprar Demerol en l\u00ednea en EE. UU. - Comprar Demerol en l\u00ednea a la venta - Comprar medicamentos con receta","isPartOf":{"@id":"https:\/\/buy-prescriptionz.com\/#website"},"primaryImageOfPage":{"@id":"https:\/\/buy-prescriptionz.com\/cs\/produkt\/koupit-demerol-online\/#primaryimage"},"image":{"@id":"https:\/\/buy-prescriptionz.com\/cs\/produkt\/koupit-demerol-online\/#primaryimage"},"thumbnailUrl":"https:\/\/buy-prescriptionz.com\/wp-content\/uploads\/2025\/09\/demerol.jpg","datePublished":"2025-09-16T08:56:25+00:00","dateModified":"2025-09-21T07:00:54+00:00","description":"Buyprescriptionz.com is an online pharmacy store where you can Buy Demerol Online at best price without doctor's prescription. Buy Demerol Online Now with Free & Secure Shipping!","breadcrumb":{"@id":"https:\/\/buy-prescriptionz.com\/cs\/produkt\/koupit-demerol-online\/#breadcrumb"},"inLanguage":"es","potentialAction":[{"@type":"ReadAction","target":["https:\/\/buy-prescriptionz.com\/cs\/produkt\/koupit-demerol-online\/"]}]},{"@type":"ImageObject","inLanguage":"es","@id":"https:\/\/buy-prescriptionz.com\/cs\/produkt\/koupit-demerol-online\/#primaryimage","url":"https:\/\/buy-prescriptionz.com\/wp-content\/uploads\/2025\/09\/demerol.jpg","contentUrl":"https:\/\/buy-prescriptionz.com\/wp-content\/uploads\/2025\/09\/demerol.jpg","width":400,"height":300},{"@type":"BreadcrumbList","@id":"https:\/\/buy-prescriptionz.com\/cs\/produkt\/koupit-demerol-online\/#breadcrumb","itemListElement":[{"@type":"ListItem","position":1,"name":"Home","item":"https:\/\/buy-prescriptionz.com\/"},{"@type":"ListItem","position":2,"name":"Shop Painkillers Online","item":"https:\/\/buy-prescriptionz.com\/shop-painkillers-online\/"},{"@type":"ListItem","position":3,"name":"Buy Demerol Online"}]},{"@type":"WebSite","@id":"https:\/\/buy-prescriptionz.com\/#website","url":"https:\/\/buy-prescriptionz.com\/","name":"Buy Prescriptionz","description":"Medicamentos en l\u00ednea","publisher":{"@id":"https:\/\/buy-prescriptionz.com\/#organization"},"potentialAction":[{"@type":"SearchAction","target":{"@type":"EntryPoint","urlTemplate":"https:\/\/buy-prescriptionz.com\/?s={search_term_string}"},"query-input":{"@type":"PropertyValueSpecification","valueRequired":true,"valueName":"search_term_string"}}],"inLanguage":"es"},{"@type":"Organization","@id":"https:\/\/buy-prescriptionz.com\/#organization","name":"Buy Prescriptionz","url":"https:\/\/buy-prescriptionz.com\/","logo":{"@type":"ImageObject","inLanguage":"es","@id":"https:\/\/buy-prescriptionz.com\/#\/schema\/logo\/image\/","url":"https:\/\/buy-prescriptionz.com\/wp-content\/uploads\/2023\/09\/logo.png","contentUrl":"https:\/\/buy-prescriptionz.com\/wp-content\/uploads\/2023\/09\/logo.png","width":350,"height":64,"caption":"Buy Prescriptionz"},"image":{"@id":"https:\/\/buy-prescriptionz.com\/#\/schema\/logo\/image\/"}}]}},"_links":{"self":[{"href":"https:\/\/buy-prescriptionz.com\/es\/wp-json\/wp\/v2\/product\/3103","targetHints":{"allow":["GET"]}}],"collection":[{"href":"https:\/\/buy-prescriptionz.com\/es\/wp-json\/wp\/v2\/product"}],"about":[{"href":"https:\/\/buy-prescriptionz.com\/es\/wp-json\/wp\/v2\/types\/product"}],"replies":[{"embeddable":true,"href":"https:\/\/buy-prescriptionz.com\/es\/wp-json\/wp\/v2\/comments?post=3103"}],"wp:featuredmedia":[{"embeddable":true,"href":"https:\/\/buy-prescriptionz.com\/es\/wp-json\/wp\/v2\/media\/3133"}],"wp:attachment":[{"href":"https:\/\/buy-prescriptionz.com\/es\/wp-json\/wp\/v2\/media?parent=3103"}],"wp:term":[{"taxonomy":"product_brand","embeddable":true,"href":"https:\/\/buy-prescriptionz.com\/es\/wp-json\/wp\/v2\/product_brand?post=3103"},{"taxonomy":"product_cat","embeddable":true,"href":"https:\/\/buy-prescriptionz.com\/es\/wp-json\/wp\/v2\/product_cat?post=3103"},{"taxonomy":"product_tag","embeddable":true,"href":"https:\/\/buy-prescriptionz.com\/es\/wp-json\/wp\/v2\/product_tag?post=3103"}],"curies":[{"name":"wp","href":"https:\/\/api.w.org\/{rel}","templated":true}]}}