{"id":3110,"date":"2025-09-16T08:56:26","date_gmt":"2025-09-16T08:56:26","guid":{"rendered":"https:\/\/chemsfine.com\/newsite\/?post_type=product&#038;p=3110"},"modified":"2025-09-29T12:06:32","modified_gmt":"2025-09-29T12:06:32","slug":"polvo-de-nembutal","status":"publish","type":"product","link":"https:\/\/buy-prescriptionz.com\/es\/producto\/polvo-de-nembutal\/","title":{"rendered":"Nembutal en polvo"},"content":{"rendered":"<h2>Comprar Nembutal en l\u00ednea<\/h2>\n<p>Comprar Nembutal Online, Comprar Nembutal Online espa\u00f1a , Comprar Nembutal Uk, Comprar Nembutal En berlin. Comprar Nembutal legal sin receta y en Europa. Estamos ofreciendo que tenemos buena calidad Nembutal en polvo, l\u00edquido y tabletas a precios moderados y sin receta. Embalaje y env\u00edo son discretos, mientras que la entrega est\u00e1 garantizada al 100%.<\/p>\n<p>Proporcionamos Nembutal puro y de alta calidad a la venta sin receta. Hemos estado entregando nuestros productos durante los \u00faltimos a\u00f1os y tenemos comentarios de clientes que son verificables en google. Mantenemos un registro de su compra, por lo que podemos garantizar la entrega del producto y la satisfacci\u00f3n del cliente.<\/p>\n<p>Si usted est\u00e1 buscando Nembutal, entonces usted ha llegado al lugar correcto. Estamos ofreciendo la mejor calidad de Nembutal a precios baratos, junto con la facilidad de env\u00edo r\u00e1pido. Nuestros t\u00e9rminos y condiciones son muy razonables, \u00a1as\u00ed que haga su pedido hoy mismo!<\/p>\n<p>Ofrecemos precios competitivos y una garant\u00eda de entrega del 100%. Las botellas vienen en envases de 10,000 mg cada una y solo le pedimos que nos deje una rese\u00f1a.<\/p>\n<p><a href=\"https:\/\/buy-prescriptionz.com\/es\/\">Nembutal en polvo en venta<\/a><\/p>\n<h2>Nembutal en polvo en venta<\/h2>\n<p>Si le gusta leer libros o art\u00edculos sobre la eutanasia, existe la posibilidad de que se haya topado con la palabra Nembutal. El polvo de Nembutal es un f\u00e1rmaco que pertenece a la clase de los barbit\u00faricos. En el pasado, este f\u00e1rmaco era popular porque resultaba muy eficaz para tratar los trastornos del sue\u00f1o o la ansiedad. Sin embargo, debes saber que el Nembutal es muy letal en sobredosis. Por este motivo, la mayor\u00eda de la gente lo utiliza para la eutanasia y el suicidio.<\/p>\n<p>Dado que era f\u00e1cil sufrir una sobredosis con Nembutal en polvo (ya sea intencional o accidentalmente), hoy en d\u00eda es raro encontrar este medicamento, ya que la mayor\u00eda de los pa\u00edses lo han reemplazado por pastillas para dormir m\u00e1s seguras. Sin embargo, los veterinarios a\u00fan lo utilizan para facilitar la eutanasia en animales m\u00e1s grandes. La mayor\u00eda de las personas a\u00fan pueden obtener Nembutal en polvo con \u00e9xito para terminar con su vida. Por ejemplo, se rumorea que la estrella de cine estadounidense Marilyn Monroe lo us\u00f3 para suicidarse.<\/p>\n<p>John S Lundy acu\u00f1\u00f3 la marca Nembutal. Empez\u00f3 a utilizar el nombre en 1930.<\/p>\n<p><strong>Compre Nembutal en polvo en l\u00ednea solo en buy-prescriptionz.com<\/strong><\/p>\n<p>El polvo de Nembutal es un sedante conocido que se usa frecuentemente con fines m\u00e9dicos. En buy-prescriptionz.com, puede comprar Nembutal en polvo en l\u00ednea de forma segura y c\u00f3moda. Nuestra plataforma garantiza una experiencia de compra fluida con un servicio confiable y productos de calidad.<\/p>\n<p><strong>\u00bfRazones para comprar polvo de Nembutal en buy-prescriptionz.com?<\/strong><\/p>\n<p>Fuente confiable de Nembutal: En buy-prescriptionz.com, la mejor farmacia, nos enorgullecemos de ser una fuente confiable de Nembutal en polvo. Garantizamos que nuestros productos son genuinos y cumplen con los m\u00e1s altos est\u00e1ndares de calidad y seguridad.<\/p>\n<p>Compra segura en l\u00ednea: Comprar Nembutal en polvo en l\u00ednea en buy-prescriptionz.com es seguro y sencillo. Nuestro sitio web utiliza medidas de seguridad avanzadas para proteger su informaci\u00f3n personal y garantizar una transacci\u00f3n segura.<\/p>\n<p>Env\u00edo r\u00e1pido y discreto: Entendemos la importancia de una entrega puntual, especialmente para necesidades m\u00e9dicas. Nuestro proceso de env\u00edo es r\u00e1pido y discreto, garantizando su privacidad y comodidad.<\/p>\n<p>Proceso de pedido sencillo: El proceso de pedido en buy-prescriptionz.com es intuitivo. Simplemente seleccione la cantidad deseada del mejor polvo de Nembutal, a\u00f1\u00e1dalo a su carrito y proceda a pagar.<\/p>\n<p>Atenci\u00f3n al cliente: Si tiene alguna pregunta o necesita ayuda, nuestro equipo de atenci\u00f3n al cliente est\u00e1 disponible para ayudarle. Nos dedicamos a brindar un servicio excelente y a garantizar su satisfacci\u00f3n con cada compra.<\/p>\n<p>Eficaz y fiable: El polvo de Nembutal es conocido por su eficacia y fiabilidad como sedante y anest\u00e9sico. Se utiliza ampliamente en diversos campos m\u00e9dicos gracias a sus resultados comprobados.<\/p>\n<p>Consulta profesional: antes de comprar, recomendamos consultar con un profesional de la salud para asegurarse de que el polvo de Nembutal sea adecuado para sus necesidades.<\/p>\n<p><strong>Beneficios del polvo de Nembutal<\/strong><\/p>\n<p>El polvo de Nembutal tiene varios beneficios terap\u00e9uticos, entre ellos:<\/p>\n<ol>\n<li>Sedaci\u00f3n: Se utiliza por sus efectos calmantes.<\/li>\n<li>Anestesia: A menudo se utiliza como anest\u00e9sico en entornos m\u00e9dicos.<\/li>\n<li>Eutanasia: A veces se utiliza en pr\u00e1cticas veterinarias para la eutanasia humanitaria.<\/li>\n<\/ol>\n<p>Para comprar Nembutal en polvo en l\u00ednea de forma segura, confiable y discreta, elija buy-prescriptionz.com, una de las mejores farmacias. Nuestro compromiso con la calidad y la satisfacci\u00f3n del cliente nos convierte en la mejor opci\u00f3n para sus necesidades m\u00e9dicas. Explore nuestro sitio web hoy mismo y experimente la comodidad de comprar Nembutal en polvo genuino de una fuente confiable.<\/p>\n<h3>Informaci\u00f3n crucial a tener en cuenta sobre el polvo de Nembutal<\/h3>\n<p>Las personas al\u00e9rgicas al Nembutal o a medicamentos relacionados no deben utilizar este f\u00e1rmaco. Adem\u00e1s, debe evitar este medicamento si padece porfiria. La porfiria es una enfermedad enzim\u00e1tica gen\u00e9tica que afecta al sistema nervioso y a la piel.<\/p>\n<p>El Nembutal crea h\u00e1bito y es adictivo, y solo deben usarlo personas con receta m\u00e9dica. Nunca comparta este medicamento con otras personas, especialmente con quienes tengan antecedentes de abuso de drogas o adicci\u00f3n. El Nembutal puede causar efectos secundarios que pueden afectar su razonamiento o reacci\u00f3n, por lo que debe evitar actividades que requieran estar alerta y despierto. Nunca tome Nembutal junto con bebidas alcoh\u00f3licas.<\/p>\n<p>Nembutal hace que las p\u00edldoras anticonceptivas sean menos eficaces. Debe utilizar m\u00e9todos anticonceptivos no hormonales, como preservativos, mientras use pentobarbital para asegurarse de no quedarse embarazada.<\/p>\n<h3>\u00bfCu\u00e1les son los usos del Nembutal en polvo?<\/h3>\n<p>En el pasado, el Nembutal se utilizaba sobre todo para tratar los trastornos del sue\u00f1o. Desde que la mayor\u00eda de los pa\u00edses lo prohibieron y lo sustituyeron por somn\u00edferos, este f\u00e1rmaco se ha vuelto muy raro. Sin embargo, en muchas partes del mundo se sigue utilizando el Nembutal. La mayor\u00eda de los laboratorios de todo el mundo lo utilizan, as\u00ed como otros barbit\u00faricos relacionados, por razones estrictamente m\u00e9dicas, como sedar animales, agente anest\u00e9sico por veterinarios y otros casos de emergencia. En las dosis correctas, se puede utilizar Nembutal para los animales y la eutanasia humanitaria. Nembutal es m\u00e1s famoso por su uso en el suicidio sin dolor o final pac\u00edfico.<\/p>\n<h3>Contraindicaciones<\/h3>\n<p>Los especialistas contraindican el Nembutal en personas conocidas por su sensibilidad a los barbit\u00faricos y en pacientes con porfiria latente.<\/p>\n<h3>\u00bfQu\u00e9 ocurre en caso de sobredosis?<\/h3>\n<p>Busque atenci\u00f3n m\u00e9dica de emergencia si cree que ha consumido demasiado de este medicamento. Una sobredosis de Nembutal puede ser grave. Puede saber que ha sufrido una sobredosis si nota pupilas dilatadas, sensaci\u00f3n de flacidez o debilidad, micci\u00f3n frecuente o nula, ritmo card\u00edaco lento o acelerado, desmayos, pulso d\u00e9bil o respiraci\u00f3n lenta. Una sobredosis de Nembutal tambi\u00e9n puede causar la muerte o da\u00f1os f\u00edsicos al cerebro y otras partes cruciales del cuerpo, como los ri\u00f1ones.<\/p>\n<p>La dosis letal de Nembutal en polvo var\u00eda entre 17 gramos y 50 gramos dependiendo de la edad, el peso y el estado de salud del usuario. es necesario mezclarlo con 50 ml a 100 ml de agua y beber, el sue\u00f1o se produce despu\u00e9s del consumo. El consumo de la dosis letal conduce a la muerte indolora en una hora.<\/p>\n<p>Las sobredosis de Lethals experimentadas despu\u00e9s del consumo son las siguientes:<\/p>\n<p>20 grams lethal for a human 50kg \u2013 125kg<\/p>\n<p>35 grams lethal for a human 130kg \u2013 295kg<\/p>\n<p>50 grams lethal for a human 300kg \u2013 500kg<\/p>\n<h3>\u00bfQu\u00e9 sucede cuando alguien olvida tomar una dosis de Nembutal?<\/h3>\n<p>Dado que la mayor\u00eda de las personas toman Nembutal cuando lo necesitan, es menos probable que se olviden una dosis. Sin embargo, si usa el medicamento con regularidad y se olvida el tratamiento, debe tomar la dosis necesaria inmediatamente. Omita una dosis si es casi la hora de la siguiente. Nunca tome una dosis adicional para compensar la dosis olvidada, ya que corre el riesgo de sufrir una sobredosis.<\/p>\n<h3>\u00bfCu\u00e1les son los efectos secundarios del Nembutal?<\/h3>\n<p>Todos los barbit\u00faricos tienen efectos secundarios. El m\u00e1s com\u00fan es la adicci\u00f3n y la formaci\u00f3n de h\u00e1bito. Quienes han tomado Nembutal durante un tiempo prolongado suelen presentar s\u00edntomas de abstinencia si no lo toman. Adem\u00e1s, quienes lo consumen deben buscar atenci\u00f3n m\u00e9dica si experimentan estas reacciones al\u00e9rgicas: dificultad para respirar, urticaria, hinchaz\u00f3n de la cara, la lengua, los labios, la garganta o la lengua. Otros efectos pueden ser alucinaciones, confusi\u00f3n, respiraci\u00f3n superficial o d\u00e9bil, pulso d\u00e9bil, ritmo card\u00edaco lento y sensaci\u00f3n de desmayo.<\/p>\n<h3>Cosas que debes evitar al tomar Nembutal<\/h3>\n<p>No opere m\u00e1quinas que requieran atenci\u00f3n, ya que el Nembutal puede afectar su capacidad de reacci\u00f3n o razonamiento. No conduzca despu\u00e9s de tomar Nembutal, ya que necesita mantenerse alerta. El alcohol produce somnolencia, lo cual puede ser muy peligroso, por lo que debe evitarlo a toda costa.<\/p>\n<p>Encontrar Nembutal hoy en d\u00eda no es tan f\u00e1cil como antes. La mayor\u00eda de las multinacionales farmac\u00e9uticas en pa\u00edses desarrollados sol\u00edan producir Nembutal en polvo a granel. Sin embargo, la producci\u00f3n se ha reducido dr\u00e1sticamente debido a que otros sedantes y ansiol\u00edticos con menores efectos secundarios lo han reemplazado. Para comprar Nembutal en Estados Unidos, necesita una receta m\u00e9dica. Sin embargo, estamos aqu\u00ed para evitarle todas estas complicaciones. Somos los principales vendedores en l\u00ednea de Nembutal y le ofrecemos Nembutal en polvo de calidad con una excelente relaci\u00f3n calidad-precio.<\/p>\n<h3>\u00bfPor qu\u00e9 comprar Nembutal con nosotros?<\/h3>\n<p>Llevamos muchos a\u00f1os en el negocio del Nembutal y entendemos exactamente lo que usted necesita como cliente. Tambi\u00e9n suministramos otros barbit\u00faricos discretamente en todo el mundo. Comprar Nembutal en polvo con nosotros es ponerse por delante de los dem\u00e1s. P\u00f3ngase en contacto con nosotros hoy mismo y obtenga m\u00e1s informaci\u00f3n.<\/p>","protected":false},"excerpt":{"rendered":"<p>Nembutal en polvo para la venta, es un barbit\u00farico de acci\u00f3n corta, qu\u00edmicamente designado como sodio 5-etil-5-(1-metilbutil) barbit\u00farico. Esta es una de las razones por las que es m\u00e1s adecuado para el suicidio que los barbit\u00faricos de acci\u00f3n m\u00e1s prolongada, como el fenobarbital.<\/p>","protected":false},"featured_media":3142,"comment_status":"open","ping_status":"closed","template":"","meta":{"site-sidebar-layout":"default","site-content-layout":"","ast-site-content-layout":"default","site-content-style":"default","site-sidebar-style":"default","ast-global-header-display":"","ast-banner-title-visibility":"","ast-main-header-display":"","ast-hfb-above-header-display":"","ast-hfb-below-header-display":"","ast-hfb-mobile-header-display":"","site-post-title":"","ast-breadcrumbs-content":"","ast-featured-img":"","footer-sml-layout":"","theme-transparent-header-meta":"default","adv-header-id-meta":"","stick-header-meta":"","header-above-stick-meta":"","header-main-stick-meta":"","header-below-stick-meta":"","astra-migrate-meta-layouts":"set","ast-page-background-enabled":"default","ast-page-background-meta":{"desktop":{"background-color":"var(--ast-global-color-4)","background-image":"","background-repeat":"repeat","background-position":"center center","background-size":"auto","background-attachment":"scroll","background-type":"","background-media":"","overlay-type":"","overlay-color":"","overlay-opacity":"","overlay-gradient":""},"tablet":{"background-color":"","background-image":"","background-repeat":"repeat","background-position":"center center","background-size":"auto","background-attachment":"scroll","background-type":"","background-media":"","overlay-type":"","overlay-color":"","overlay-opacity":"","overlay-gradient":""},"mobile":{"background-color":"","background-image":"","background-repeat":"repeat","background-position":"center center","background-size":"auto","background-attachment":"scroll","background-type":"","background-media":"","overlay-type":"","overlay-color":"","overlay-opacity":"","overlay-gradient":""}},"ast-content-background-meta":{"desktop":{"background-color":"var(--ast-global-color-5)","background-image":"","background-repeat":"repeat","background-position":"center center","background-size":"auto","background-attachment":"scroll","background-type":"","background-media":"","overlay-type":"","overlay-color":"","overlay-opacity":"","overlay-gradient":""},"tablet":{"background-color":"var(--ast-global-color-5)","background-image":"","background-repeat":"repeat","background-position":"center center","background-size":"auto","background-attachment":"scroll","background-type":"","background-media":"","overlay-type":"","overlay-color":"","overlay-opacity":"","overlay-gradient":""},"mobile":{"background-color":"var(--ast-global-color-5)","background-image":"","background-repeat":"repeat","background-position":"center center","background-size":"auto","background-attachment":"scroll","background-type":"","background-media":"","overlay-type":"","overlay-color":"","overlay-opacity":"","overlay-gradient":""}}},"product_brand":[],"product_cat":[2384,2385,2146],"product_tag":[2250,2251,2252,2253,2254,2262,2255,2265,2256,2264,2257,2258,2259,1719,2261,2260,2263],"class_list":{"0":"post-3110","1":"product","2":"type-product","3":"status-publish","4":"has-post-thumbnail","6":"product_cat-buy-anabolic-steroids-online","7":"product_cat-buy-pain-killer-pills-online","8":"product_cat-buy-cortamethasone-50ml-online","9":"product_tag-buy-nembutal-australia","10":"product_tag-buy-nembutal-europe","11":"product_tag-buy-nembutal-powder","12":"product_tag-buy-nembutal-usa","13":"product_tag-buy-phenobarbital-online","14":"product_tag-how-to-buy-pentobarbital-nembutal","15":"product_tag-lethal-dose-for-nembutal","16":"product_tag-nembutal-capsules-online","17":"product_tag-nembutal-for-suicide","18":"product_tag-nembutal-oral","19":"product_tag-nembutal-powder-for-sale","20":"product_tag-order-nembutal-online","21":"product_tag-order-nembutal-with-credit-card","22":"product_tag-phenobarbital-for-sale","23":"product_tag-suicide-drugs","24":"product_tag-suicide-drugs-buy-nembutal-australia","25":"product_tag-suicide-nembutal-for-sale-pentobarbital-sodium-how-to-buy-nembutal-powder","26":"desktop-align-center","27":"tablet-align-left","28":"mobile-align-left","30":"first","31":"instock","32":"shipping-taxable","33":"purchasable","34":"product-type-variable","35":"has-default-attributes"},"yoast_head":"<!-- This site is optimized with the Yoast SEO plugin v25.9 - https:\/\/yoast.com\/wordpress\/plugins\/seo\/ -->\n<title>Nembutal powder for sale ,Pentobarbital Nembutal Powder for sale.<\/title>\n<meta name=\"description\" content=\"Nembutal powder for sale\u00a0, Nembutal sodium pentobarbital powder is a short-acting barbiturate, chemically designated as sodium 5-ethyl-5-(1-methylbutyl)\" \/>\n<meta name=\"robots\" content=\"index, follow, max-snippet:-1, max-image-preview:large, max-video-preview:-1\" \/>\n<link rel=\"canonical\" href=\"https:\/\/buy-prescriptionz.com\/es\/producto\/polvo-de-nembutal\/\" \/>\n<meta property=\"og:locale\" content=\"es_ES\" \/>\n<meta property=\"og:type\" content=\"article\" \/>\n<meta property=\"og:title\" content=\"Nembutal powder for sale ,Pentobarbital Nembutal Powder for sale.\" \/>\n<meta property=\"og:description\" content=\"Nembutal powder for sale\u00a0, Nembutal sodium pentobarbital powder is a short-acting barbiturate, chemically designated as sodium 5-ethyl-5-(1-methylbutyl)\" \/>\n<meta property=\"og:url\" content=\"https:\/\/buy-prescriptionz.com\/es\/producto\/polvo-de-nembutal\/\" \/>\n<meta property=\"og:site_name\" content=\"Buy Prescriptionz\" \/>\n<meta property=\"article:modified_time\" content=\"2025-09-29T12:06:32+00:00\" \/>\n<meta property=\"og:image\" content=\"https:\/\/buy-prescriptionz.com\/wp-content\/uploads\/2025\/09\/buy-nembutal-powder.jpg\" \/>\n\t<meta property=\"og:image:width\" content=\"400\" \/>\n\t<meta property=\"og:image:height\" content=\"400\" \/>\n\t<meta property=\"og:image:type\" content=\"image\/jpeg\" \/>\n<meta name=\"twitter:card\" content=\"summary_large_image\" \/>\n<meta name=\"twitter:label1\" content=\"Tiempo de lectura\" \/>\n\t<meta name=\"twitter:data1\" content=\"7 minutos\" \/>\n<script type=\"application\/ld+json\" class=\"yoast-schema-graph\">{\"@context\":\"https:\/\/schema.org\",\"@graph\":[{\"@type\":\"WebPage\",\"@id\":\"https:\/\/buy-prescriptionz.com\/product\/nembutal-powder\/\",\"url\":\"https:\/\/buy-prescriptionz.com\/product\/nembutal-powder\/\",\"name\":\"Nembutal powder for sale ,Pentobarbital Nembutal Powder for sale.\",\"isPartOf\":{\"@id\":\"https:\/\/buy-prescriptionz.com\/#website\"},\"primaryImageOfPage\":{\"@id\":\"https:\/\/buy-prescriptionz.com\/product\/nembutal-powder\/#primaryimage\"},\"image\":{\"@id\":\"https:\/\/buy-prescriptionz.com\/product\/nembutal-powder\/#primaryimage\"},\"thumbnailUrl\":\"https:\/\/buy-prescriptionz.com\/wp-content\/uploads\/2025\/09\/buy-nembutal-powder.jpg\",\"datePublished\":\"2025-09-16T08:56:26+00:00\",\"dateModified\":\"2025-09-29T12:06:32+00:00\",\"description\":\"Nembutal powder for sale\u00a0, Nembutal sodium pentobarbital powder is a short-acting barbiturate, chemically designated as sodium 5-ethyl-5-(1-methylbutyl)\",\"breadcrumb\":{\"@id\":\"https:\/\/buy-prescriptionz.com\/product\/nembutal-powder\/#breadcrumb\"},\"inLanguage\":\"es\",\"potentialAction\":[{\"@type\":\"ReadAction\",\"target\":[\"https:\/\/buy-prescriptionz.com\/product\/nembutal-powder\/\"]}]},{\"@type\":\"ImageObject\",\"inLanguage\":\"es\",\"@id\":\"https:\/\/buy-prescriptionz.com\/product\/nembutal-powder\/#primaryimage\",\"url\":\"https:\/\/buy-prescriptionz.com\/wp-content\/uploads\/2025\/09\/buy-nembutal-powder.jpg\",\"contentUrl\":\"https:\/\/buy-prescriptionz.com\/wp-content\/uploads\/2025\/09\/buy-nembutal-powder.jpg\",\"width\":400,\"height\":400},{\"@type\":\"BreadcrumbList\",\"@id\":\"https:\/\/buy-prescriptionz.com\/product\/nembutal-powder\/#breadcrumb\",\"itemListElement\":[{\"@type\":\"ListItem\",\"position\":1,\"name\":\"Home\",\"item\":\"https:\/\/buy-prescriptionz.com\/\"},{\"@type\":\"ListItem\",\"position\":2,\"name\":\"Shop Painkillers Online\",\"item\":\"https:\/\/buy-prescriptionz.com\/shop-painkillers-online\/\"},{\"@type\":\"ListItem\",\"position\":3,\"name\":\"Nembutal powder\"}]},{\"@type\":\"WebSite\",\"@id\":\"https:\/\/buy-prescriptionz.com\/#website\",\"url\":\"https:\/\/buy-prescriptionz.com\/\",\"name\":\"Buy Prescriptionz\",\"description\":\"Drugs Online\",\"publisher\":{\"@id\":\"https:\/\/buy-prescriptionz.com\/#organization\"},\"potentialAction\":[{\"@type\":\"SearchAction\",\"target\":{\"@type\":\"EntryPoint\",\"urlTemplate\":\"https:\/\/buy-prescriptionz.com\/?s={search_term_string}\"},\"query-input\":{\"@type\":\"PropertyValueSpecification\",\"valueRequired\":true,\"valueName\":\"search_term_string\"}}],\"inLanguage\":\"es\"},{\"@type\":\"Organization\",\"@id\":\"https:\/\/buy-prescriptionz.com\/#organization\",\"name\":\"Buy Prescriptionz\",\"url\":\"https:\/\/buy-prescriptionz.com\/\",\"logo\":{\"@type\":\"ImageObject\",\"inLanguage\":\"es\",\"@id\":\"https:\/\/buy-prescriptionz.com\/#\/schema\/logo\/image\/\",\"url\":\"https:\/\/buy-prescriptionz.com\/wp-content\/uploads\/2023\/09\/logo.png\",\"contentUrl\":\"https:\/\/buy-prescriptionz.com\/wp-content\/uploads\/2023\/09\/logo.png\",\"width\":350,\"height\":64,\"caption\":\"Buy Prescriptionz\"},\"image\":{\"@id\":\"https:\/\/buy-prescriptionz.com\/#\/schema\/logo\/image\/\"}}]}<\/script>\n<!-- \/ Yoast SEO plugin. -->","yoast_head_json":{"title":"Venta de polvo de nembutal, venta de polvo de nembutal pentobarbital.","description":"Polvo de Nembutal a la venta. El polvo de pentobarbital s\u00f3dico de Nembutal es un barbit\u00farico de acci\u00f3n corta, designado qu\u00edmicamente como 5-etil-5-(1-metilbutil) sodio.","robots":{"index":"index","follow":"follow","max-snippet":"max-snippet:-1","max-image-preview":"max-image-preview:large","max-video-preview":"max-video-preview:-1"},"canonical":"https:\/\/buy-prescriptionz.com\/es\/producto\/polvo-de-nembutal\/","og_locale":"es_ES","og_type":"article","og_title":"Nembutal powder for sale ,Pentobarbital Nembutal Powder for sale.","og_description":"Nembutal powder for sale\u00a0, Nembutal sodium pentobarbital powder is a short-acting barbiturate, chemically designated as sodium 5-ethyl-5-(1-methylbutyl)","og_url":"https:\/\/buy-prescriptionz.com\/es\/producto\/polvo-de-nembutal\/","og_site_name":"Buy Prescriptionz","article_modified_time":"2025-09-29T12:06:32+00:00","og_image":[{"width":400,"height":400,"url":"https:\/\/buy-prescriptionz.com\/wp-content\/uploads\/2025\/09\/buy-nembutal-powder.jpg","type":"image\/jpeg"}],"twitter_card":"summary_large_image","twitter_misc":{"Tiempo de lectura":"7 minutos"},"schema":{"@context":"https:\/\/schema.org","@graph":[{"@type":"WebPage","@id":"https:\/\/buy-prescriptionz.com\/product\/nembutal-powder\/","url":"https:\/\/buy-prescriptionz.com\/product\/nembutal-powder\/","name":"Venta de polvo de nembutal, venta de polvo de nembutal pentobarbital.","isPartOf":{"@id":"https:\/\/buy-prescriptionz.com\/#website"},"primaryImageOfPage":{"@id":"https:\/\/buy-prescriptionz.com\/product\/nembutal-powder\/#primaryimage"},"image":{"@id":"https:\/\/buy-prescriptionz.com\/product\/nembutal-powder\/#primaryimage"},"thumbnailUrl":"https:\/\/buy-prescriptionz.com\/wp-content\/uploads\/2025\/09\/buy-nembutal-powder.jpg","datePublished":"2025-09-16T08:56:26+00:00","dateModified":"2025-09-29T12:06:32+00:00","description":"Polvo de Nembutal a la venta. El polvo de pentobarbital s\u00f3dico de Nembutal es un barbit\u00farico de acci\u00f3n corta, designado qu\u00edmicamente como 5-etil-5-(1-metilbutil) sodio.","breadcrumb":{"@id":"https:\/\/buy-prescriptionz.com\/product\/nembutal-powder\/#breadcrumb"},"inLanguage":"es","potentialAction":[{"@type":"ReadAction","target":["https:\/\/buy-prescriptionz.com\/product\/nembutal-powder\/"]}]},{"@type":"ImageObject","inLanguage":"es","@id":"https:\/\/buy-prescriptionz.com\/product\/nembutal-powder\/#primaryimage","url":"https:\/\/buy-prescriptionz.com\/wp-content\/uploads\/2025\/09\/buy-nembutal-powder.jpg","contentUrl":"https:\/\/buy-prescriptionz.com\/wp-content\/uploads\/2025\/09\/buy-nembutal-powder.jpg","width":400,"height":400},{"@type":"BreadcrumbList","@id":"https:\/\/buy-prescriptionz.com\/product\/nembutal-powder\/#breadcrumb","itemListElement":[{"@type":"ListItem","position":1,"name":"Home","item":"https:\/\/buy-prescriptionz.com\/"},{"@type":"ListItem","position":2,"name":"Shop Painkillers Online","item":"https:\/\/buy-prescriptionz.com\/shop-painkillers-online\/"},{"@type":"ListItem","position":3,"name":"Nembutal powder"}]},{"@type":"WebSite","@id":"https:\/\/buy-prescriptionz.com\/#website","url":"https:\/\/buy-prescriptionz.com\/","name":"Buy Prescriptionz","description":"Medicamentos en l\u00ednea","publisher":{"@id":"https:\/\/buy-prescriptionz.com\/#organization"},"potentialAction":[{"@type":"SearchAction","target":{"@type":"EntryPoint","urlTemplate":"https:\/\/buy-prescriptionz.com\/?s={search_term_string}"},"query-input":{"@type":"PropertyValueSpecification","valueRequired":true,"valueName":"search_term_string"}}],"inLanguage":"es"},{"@type":"Organization","@id":"https:\/\/buy-prescriptionz.com\/#organization","name":"Buy Prescriptionz","url":"https:\/\/buy-prescriptionz.com\/","logo":{"@type":"ImageObject","inLanguage":"es","@id":"https:\/\/buy-prescriptionz.com\/#\/schema\/logo\/image\/","url":"https:\/\/buy-prescriptionz.com\/wp-content\/uploads\/2023\/09\/logo.png","contentUrl":"https:\/\/buy-prescriptionz.com\/wp-content\/uploads\/2023\/09\/logo.png","width":350,"height":64,"caption":"Buy Prescriptionz"},"image":{"@id":"https:\/\/buy-prescriptionz.com\/#\/schema\/logo\/image\/"}}]}},"_links":{"self":[{"href":"https:\/\/buy-prescriptionz.com\/es\/wp-json\/wp\/v2\/product\/3110","targetHints":{"allow":["GET"]}}],"collection":[{"href":"https:\/\/buy-prescriptionz.com\/es\/wp-json\/wp\/v2\/product"}],"about":[{"href":"https:\/\/buy-prescriptionz.com\/es\/wp-json\/wp\/v2\/types\/product"}],"replies":[{"embeddable":true,"href":"https:\/\/buy-prescriptionz.com\/es\/wp-json\/wp\/v2\/comments?post=3110"}],"wp:featuredmedia":[{"embeddable":true,"href":"https:\/\/buy-prescriptionz.com\/es\/wp-json\/wp\/v2\/media\/3142"}],"wp:attachment":[{"href":"https:\/\/buy-prescriptionz.com\/es\/wp-json\/wp\/v2\/media?parent=3110"}],"wp:term":[{"taxonomy":"product_brand","embeddable":true,"href":"https:\/\/buy-prescriptionz.com\/es\/wp-json\/wp\/v2\/product_brand?post=3110"},{"taxonomy":"product_cat","embeddable":true,"href":"https:\/\/buy-prescriptionz.com\/es\/wp-json\/wp\/v2\/product_cat?post=3110"},{"taxonomy":"product_tag","embeddable":true,"href":"https:\/\/buy-prescriptionz.com\/es\/wp-json\/wp\/v2\/product_tag?post=3110"}],"curies":[{"name":"wp","href":"https:\/\/api.w.org\/{rel}","templated":true}]}}