{"id":978,"date":"2019-05-08T05:46:53","date_gmt":"2019-05-08T05:46:53","guid":{"rendered":"https:\/\/buyprescriptionz.com\/?page_id=978"},"modified":"2019-05-08T05:46:53","modified_gmt":"2019-05-08T05:46:53","slug":"ayurvedic-urea","status":"publish","type":"page","link":"https:\/\/buy-prescriptionz.com\/fi\/ayurvedic-urea\/","title":{"rendered":"Ayurvedic Urea"},"content":{"rendered":"<h3 style=\"text-align: justify;\">Mik\u00e4 on ayurvedic-urea Buyprescriptionz Pharmacyssa?<\/h3>\n<p style=\"text-align: justify;\">Ayurvedic Urea on laillinen maailmassa saatavilla oleva korkeutta lis\u00e4\u00e4v\u00e4 l\u00e4\u00e4ke, jolla ei ole sivuvaikutuksia, mutta se on rajoitettu 16-40-vuotiaille. Sin\u00e4 pystyt\u00a0<strong>buy Ayurvedic Urea online\u00a0<\/strong>nesteen\u00e4 ja jauheena, eik\u00e4 se v\u00e4ltt\u00e4m\u00e4tt\u00e4 ole halpaa.<\/p>\n<p style=\"text-align: justify;\"><strong>Dhatrumurgasiniy: Maaginen yrtti Himalajalta<\/strong><\/p>\n<p style=\"text-align: justify;\"><strong>Osta Ayurvedic Urea\u00a0<\/strong>jonka p\u00e4\u00e4ainesosana on maaginen yrtti. Sit\u00e4 on luonnehdittu yhdeksi harvinaisimmista yrteist\u00e4, joita l\u00f6ytyy Himalajan paksuista er\u00e4maista Nepalin ymp\u00e4rill\u00e4 Etel\u00e4-Aasiassa. Meill\u00e4 on\u00a0<strong>Ayurvedic Urea verkossa\u00a0<\/strong>kohtuuhintaan.<\/p>\n<p style=\"text-align: justify;\"><strong>Ayurvedic Urea myynniss\u00e4 alkaen\u00a0<\/strong>Etel\u00e4-Aasian maaginen yrttien koti ja silmille parasta luonnon monimuotoisuutta. Dhatrumurgasiniy on kallis yrtti, joka l\u00f6ytyy ja sit\u00e4 ei ole saatavilla kuin sahrami.\u00a0<strong>Kuinka ostaa ayurvedic-ureaa verkosta,\u00a0<\/strong>se on helppoa, tilaa m\u00e4\u00e4r\u00e4si osoitteessa buy-prescriptionz.com.<\/p>\n<p style=\"text-align: justify;\"><strong>Hanki toimenpiteit\u00e4: Ayurvedic-urean p\u00e4\u00e4ainesosa<\/strong><\/p>\n<p style=\"text-align: justify;\">T\u00e4m\u00e4 saattaa olla sinulle paras vaihtoehto\u00a0<strong>mist\u00e4 ostaa Ayurvedic Ureaa verkossa<\/strong>\u00a0Ayurvedic Urean virallisen toimittajan konsolidoidulla ponnistuksella osoitteessa buy-prescriptionz.com. Meill\u00e4 voit\u00a0<strong>ostaa Ayurvedic Ureaa ilman resepti\u00e4\u00a0<\/strong>ja<strong>\u00a0l\u00e4\u00e4k\u00e4riin\u00a0<\/strong>miss\u00e4 tahansa vaaditussa m\u00e4\u00e4r\u00e4ss\u00e4 ja laadussa.<\/p>\n<h3 style=\"text-align: justify;\">Kuinka Ayurvedic Urea toimii verkosta ostettuna?<\/h3>\n<p style=\"text-align: justify;\">Ayurvedic Urea toimii auttamalla kasvusoluja ihmisen luissa ja uusien solujen muodostumista luissa.<\/p>\n<p style=\"text-align: justify;\">Painopistealueet ovat sinun\u00a0<strong>Tilaus\u00a0<\/strong>\/\u00a0<strong>Ayurvedic Urea verkossa<\/strong>\u00a0ovat jalat (enint\u00e4\u00e4n 5 tuumaa), selk\u00e4ydin (max 3 tuumaa) ja kaula (max 1 tuuma).<\/p>\n<p style=\"text-align: justify;\"><strong>Ayurvedic-ureaamme on saatavana jauheena, nesteen\u00e4 ja yrttin\u00e4, ja se sis\u00e4lt\u00e4\u00e4 mikrobeja, jotka auttavat luomaan luusoluja nopeasti. N\u00e4m\u00e4 mikrobit n\u00e4hd\u00e4\u00e4n muuttuvan Dhatrumurgasiniyn kanssa seuraavilla tavoilla:<\/strong><\/p>\n<ul style=\"text-align: justify;\">\n<li>Konservatiivinen kudos<\/li>\n<li>Solumainen kudos<\/li>\n<li>Subkondraalinen kudos<\/li>\n<li>osteoblastos<\/li>\n<li>Osteoklastit<\/li>\n<li>Osteosyytit<\/li>\n<li>Hematopoieettinen<\/li>\n<\/ul>\n<p style=\"text-align: justify;\">Saantim\u00e4\u00e4r\u00e4 keskittymiseen ja tavoitteesi saavuttamiseen samalla\u00a0<strong>Osta Ayurvedic Urea verkosta edulliseen hintaan huomaamattomalla pakkauksella\u00a0<\/strong>ja kanssa<strong>\u00a0nopea ja turvallinen toimituspalvelu.<\/strong><\/p>\n<p style=\"text-align: justify;\"><strong>Toimitamme l\u00e4\u00e4kkeet nopealla ja turvallisella toimituspalvelullamme seuraavilla m\u00e4\u00e4rill\u00e4 ja hinnoilla:<\/strong><\/p>\n<ul>\n<li style=\"text-align: justify;\">2 tuumaa (10 kg) = 1500 dollaria<\/li>\n<li style=\"text-align: justify;\">4 tuumaa (25 kg) = 2500 dollaria<\/li>\n<li style=\"text-align: justify;\">6 tuumaa (42 kg) = 4000 dollaria<\/li>\n<li style=\"text-align: justify;\">8 tuumaa (56 kg) = 6000 dollaria<\/li>\n<\/ul>","protected":false},"excerpt":{"rendered":"<p>What is Ayurvedic Urea at Buyprescriptionz Pharmacy? Ayurvedic Urea is the legit height increasing medication available in the world that has no side-effects, but it has limited working on age from 16-40 years. You can\u00a0buy Ayurvedic Urea online\u00a0in liquid and powder, and it may not come cheap. Dhatrumurgasiniy: Magical Herb from the Himalayas Buy Ayurvedic [&hellip;]<\/p>","protected":false},"author":1,"featured_media":0,"parent":0,"menu_order":0,"comment_status":"open","ping_status":"open","template":"","meta":{"site-sidebar-layout":"default","site-content-layout":"","ast-site-content-layout":"default","site-content-style":"default","site-sidebar-style":"default","ast-global-header-display":"","ast-banner-title-visibility":"","ast-main-header-display":"","ast-hfb-above-header-display":"","ast-hfb-below-header-display":"","ast-hfb-mobile-header-display":"","site-post-title":"","ast-breadcrumbs-content":"","ast-featured-img":"","footer-sml-layout":"","theme-transparent-header-meta":"","adv-header-id-meta":"","stick-header-meta":"","header-above-stick-meta":"","header-main-stick-meta":"","header-below-stick-meta":"","astra-migrate-meta-layouts":"default","ast-page-background-enabled":"default","ast-page-background-meta":{"desktop":{"background-color":"var(--ast-global-color-4)","background-image":"","background-repeat":"repeat","background-position":"center center","background-size":"auto","background-attachment":"scroll","background-type":"","background-media":"","overlay-type":"","overlay-color":"","overlay-opacity":"","overlay-gradient":""},"tablet":{"background-color":"","background-image":"","background-repeat":"repeat","background-position":"center center","background-size":"auto","background-attachment":"scroll","background-type":"","background-media":"","overlay-type":"","overlay-color":"","overlay-opacity":"","overlay-gradient":""},"mobile":{"background-color":"","background-image":"","background-repeat":"repeat","background-position":"center center","background-size":"auto","background-attachment":"scroll","background-type":"","background-media":"","overlay-type":"","overlay-color":"","overlay-opacity":"","overlay-gradient":""}},"ast-content-background-meta":{"desktop":{"background-color":"var(--ast-global-color-5)","background-image":"","background-repeat":"repeat","background-position":"center center","background-size":"auto","background-attachment":"scroll","background-type":"","background-media":"","overlay-type":"","overlay-color":"","overlay-opacity":"","overlay-gradient":""},"tablet":{"background-color":"var(--ast-global-color-5)","background-image":"","background-repeat":"repeat","background-position":"center center","background-size":"auto","background-attachment":"scroll","background-type":"","background-media":"","overlay-type":"","overlay-color":"","overlay-opacity":"","overlay-gradient":""},"mobile":{"background-color":"var(--ast-global-color-5)","background-image":"","background-repeat":"repeat","background-position":"center center","background-size":"auto","background-attachment":"scroll","background-type":"","background-media":"","overlay-type":"","overlay-color":"","overlay-opacity":"","overlay-gradient":""}},"footnotes":""},"class_list":["post-978","page","type-page","status-publish","hentry"],"yoast_head":"<!-- This site is optimized with the Yoast SEO plugin v25.9 - https:\/\/yoast.com\/wordpress\/plugins\/seo\/ -->\n<title>Ayurvedic Urea - Buy Prescriptionz<\/title>\n<meta name=\"robots\" content=\"index, follow, max-snippet:-1, max-image-preview:large, max-video-preview:-1\" \/>\n<link rel=\"canonical\" href=\"https:\/\/buy-prescriptionz.com\/fi\/ayurvedic-urea\/\" \/>\n<meta property=\"og:locale\" content=\"fi_FI\" \/>\n<meta property=\"og:type\" content=\"article\" \/>\n<meta property=\"og:title\" content=\"Ayurvedic Urea - Buy Prescriptionz\" \/>\n<meta property=\"og:description\" content=\"What is Ayurvedic Urea at Buyprescriptionz Pharmacy? Ayurvedic Urea is the legit height increasing medication available in the world that has no side-effects, but it has limited working on age from 16-40 years. You can\u00a0buy Ayurvedic Urea online\u00a0in liquid and powder, and it may not come cheap. Dhatrumurgasiniy: Magical Herb from the Himalayas Buy Ayurvedic [&hellip;]\" \/>\n<meta property=\"og:url\" content=\"https:\/\/buy-prescriptionz.com\/fi\/ayurvedic-urea\/\" \/>\n<meta property=\"og:site_name\" content=\"Buy Prescriptionz\" \/>\n<meta name=\"twitter:card\" content=\"summary_large_image\" \/>\n<meta name=\"twitter:label1\" content=\"Arvioitu lukuaika\" \/>\n\t<meta name=\"twitter:data1\" content=\"2 minuuttia\" \/>\n<script type=\"application\/ld+json\" class=\"yoast-schema-graph\">{\"@context\":\"https:\/\/schema.org\",\"@graph\":[{\"@type\":\"WebPage\",\"@id\":\"https:\/\/buy-prescriptionz.com\/ayurvedic-urea\/\",\"url\":\"https:\/\/buy-prescriptionz.com\/ayurvedic-urea\/\",\"name\":\"Ayurvedic Urea - Buy Prescriptionz\",\"isPartOf\":{\"@id\":\"https:\/\/buy-prescriptionz.com\/#website\"},\"datePublished\":\"2019-05-08T05:46:53+00:00\",\"breadcrumb\":{\"@id\":\"https:\/\/buy-prescriptionz.com\/ayurvedic-urea\/#breadcrumb\"},\"inLanguage\":\"fi\",\"potentialAction\":[{\"@type\":\"ReadAction\",\"target\":[\"https:\/\/buy-prescriptionz.com\/ayurvedic-urea\/\"]}]},{\"@type\":\"BreadcrumbList\",\"@id\":\"https:\/\/buy-prescriptionz.com\/ayurvedic-urea\/#breadcrumb\",\"itemListElement\":[{\"@type\":\"ListItem\",\"position\":1,\"name\":\"Home\",\"item\":\"https:\/\/buy-prescriptionz.com\/\"},{\"@type\":\"ListItem\",\"position\":2,\"name\":\"Ayurvedic Urea\"}]},{\"@type\":\"WebSite\",\"@id\":\"https:\/\/buy-prescriptionz.com\/#website\",\"url\":\"https:\/\/buy-prescriptionz.com\/\",\"name\":\"Buy Prescriptionz\",\"description\":\"Drugs Online\",\"publisher\":{\"@id\":\"https:\/\/buy-prescriptionz.com\/#organization\"},\"potentialAction\":[{\"@type\":\"SearchAction\",\"target\":{\"@type\":\"EntryPoint\",\"urlTemplate\":\"https:\/\/buy-prescriptionz.com\/?s={search_term_string}\"},\"query-input\":{\"@type\":\"PropertyValueSpecification\",\"valueRequired\":true,\"valueName\":\"search_term_string\"}}],\"inLanguage\":\"fi\"},{\"@type\":\"Organization\",\"@id\":\"https:\/\/buy-prescriptionz.com\/#organization\",\"name\":\"Buy Prescriptionz\",\"url\":\"https:\/\/buy-prescriptionz.com\/\",\"logo\":{\"@type\":\"ImageObject\",\"inLanguage\":\"fi\",\"@id\":\"https:\/\/buy-prescriptionz.com\/#\/schema\/logo\/image\/\",\"url\":\"https:\/\/buy-prescriptionz.com\/wp-content\/uploads\/2023\/09\/logo.png\",\"contentUrl\":\"https:\/\/buy-prescriptionz.com\/wp-content\/uploads\/2023\/09\/logo.png\",\"width\":350,\"height\":64,\"caption\":\"Buy Prescriptionz\"},\"image\":{\"@id\":\"https:\/\/buy-prescriptionz.com\/#\/schema\/logo\/image\/\"}}]}<\/script>\n<!-- \/ Yoast SEO plugin. -->","yoast_head_json":{"title":"Ayurvedic Urea - Buy Prescriptionz","robots":{"index":"index","follow":"follow","max-snippet":"max-snippet:-1","max-image-preview":"max-image-preview:large","max-video-preview":"max-video-preview:-1"},"canonical":"https:\/\/buy-prescriptionz.com\/fi\/ayurvedic-urea\/","og_locale":"fi_FI","og_type":"article","og_title":"Ayurvedic Urea - Buy Prescriptionz","og_description":"What is Ayurvedic Urea at Buyprescriptionz Pharmacy? Ayurvedic Urea is the legit height increasing medication available in the world that has no side-effects, but it has limited working on age from 16-40 years. You can\u00a0buy Ayurvedic Urea online\u00a0in liquid and powder, and it may not come cheap. Dhatrumurgasiniy: Magical Herb from the Himalayas Buy Ayurvedic [&hellip;]","og_url":"https:\/\/buy-prescriptionz.com\/fi\/ayurvedic-urea\/","og_site_name":"Buy Prescriptionz","twitter_card":"summary_large_image","twitter_misc":{"Arvioitu lukuaika":"2 minuuttia"},"schema":{"@context":"https:\/\/schema.org","@graph":[{"@type":"WebPage","@id":"https:\/\/buy-prescriptionz.com\/ayurvedic-urea\/","url":"https:\/\/buy-prescriptionz.com\/ayurvedic-urea\/","name":"Ayurvedic Urea - Buy Prescriptionz","isPartOf":{"@id":"https:\/\/buy-prescriptionz.com\/#website"},"datePublished":"2019-05-08T05:46:53+00:00","breadcrumb":{"@id":"https:\/\/buy-prescriptionz.com\/ayurvedic-urea\/#breadcrumb"},"inLanguage":"fi","potentialAction":[{"@type":"ReadAction","target":["https:\/\/buy-prescriptionz.com\/ayurvedic-urea\/"]}]},{"@type":"BreadcrumbList","@id":"https:\/\/buy-prescriptionz.com\/ayurvedic-urea\/#breadcrumb","itemListElement":[{"@type":"ListItem","position":1,"name":"Home","item":"https:\/\/buy-prescriptionz.com\/"},{"@type":"ListItem","position":2,"name":"Ayurvedic Urea"}]},{"@type":"WebSite","@id":"https:\/\/buy-prescriptionz.com\/#website","url":"https:\/\/buy-prescriptionz.com\/","name":"Buy Prescriptionz","description":"Huumeet verkossa","publisher":{"@id":"https:\/\/buy-prescriptionz.com\/#organization"},"potentialAction":[{"@type":"SearchAction","target":{"@type":"EntryPoint","urlTemplate":"https:\/\/buy-prescriptionz.com\/?s={search_term_string}"},"query-input":{"@type":"PropertyValueSpecification","valueRequired":true,"valueName":"search_term_string"}}],"inLanguage":"fi"},{"@type":"Organization","@id":"https:\/\/buy-prescriptionz.com\/#organization","name":"Buy Prescriptionz","url":"https:\/\/buy-prescriptionz.com\/","logo":{"@type":"ImageObject","inLanguage":"fi","@id":"https:\/\/buy-prescriptionz.com\/#\/schema\/logo\/image\/","url":"https:\/\/buy-prescriptionz.com\/wp-content\/uploads\/2023\/09\/logo.png","contentUrl":"https:\/\/buy-prescriptionz.com\/wp-content\/uploads\/2023\/09\/logo.png","width":350,"height":64,"caption":"Buy Prescriptionz"},"image":{"@id":"https:\/\/buy-prescriptionz.com\/#\/schema\/logo\/image\/"}}]}},"_links":{"self":[{"href":"https:\/\/buy-prescriptionz.com\/fi\/wp-json\/wp\/v2\/pages\/978","targetHints":{"allow":["GET"]}}],"collection":[{"href":"https:\/\/buy-prescriptionz.com\/fi\/wp-json\/wp\/v2\/pages"}],"about":[{"href":"https:\/\/buy-prescriptionz.com\/fi\/wp-json\/wp\/v2\/types\/page"}],"author":[{"embeddable":true,"href":"https:\/\/buy-prescriptionz.com\/fi\/wp-json\/wp\/v2\/users\/1"}],"replies":[{"embeddable":true,"href":"https:\/\/buy-prescriptionz.com\/fi\/wp-json\/wp\/v2\/comments?post=978"}],"version-history":[{"count":0,"href":"https:\/\/buy-prescriptionz.com\/fi\/wp-json\/wp\/v2\/pages\/978\/revisions"}],"wp:attachment":[{"href":"https:\/\/buy-prescriptionz.com\/fi\/wp-json\/wp\/v2\/media?parent=978"}],"curies":[{"name":"wp","href":"https:\/\/api.w.org\/{rel}","templated":true}]}}