{"id":980,"date":"2019-05-08T05:48:55","date_gmt":"2019-05-08T05:48:55","guid":{"rendered":"https:\/\/buyprescriptionz.com\/?page_id=980"},"modified":"2019-10-27T09:25:04","modified_gmt":"2019-10-27T09:25:04","slug":"nembutal-pentobarbital","status":"publish","type":"page","link":"https:\/\/buy-prescriptionz.com\/fi\/nembutal-pentobarbital\/","title":{"rendered":"Nembutal Pentobarbitaali"},"content":{"rendered":"<h3 style=\"text-align: justify;\">Miksi ostaa Nembutal Pentobarbital verkossa?<\/h3>\n<p style=\"text-align: justify;\">Osta Nembutal pentobarbitaali verkossa, Pentobarbitaali tai pentobarbitoni on lyhytvaikutteinen barbituraatti. Suurina annoksina pentobarbitaali aiheuttaa hengitysrappeumaa. Abbott Pharmaceuticals myy sit\u00e4 nimell\u00e4 Nembutal, jota on saatavana 50 ja 100 mg:n <a href=\"https:\/\/de.wikipedia.org\/w\/index.php?sort=relevance&amp;search=Nembutal&amp;title=Spezial%3ASuche&amp;profile=advanced&amp;fulltext=1&amp;advancedSearch-current=%7B%7D&amp;ns0=1\">packaging<\/a>. Os Buyprescriptionz.com,\u00a0<strong>ostaa Nembutal Pentobarbital verkossa\u00a0<\/strong>chat-tukemme avulla lis\u00e4tietoja ja toimitusvarmuutta.<\/p>\n<h3 style=\"text-align: justify;\" class=\"translation-block\">L\u00e4\u00e4ketieteelliset ja virkistysk\u00e4ytt\u00f6\u00e4 Nembutal Pentobarbital verkossa<\/h3>\n<p style=\"text-align: justify;\" class=\"translation-block\">T\u00e4m\u00e4 l\u00e4\u00e4kitys on m\u00e4\u00e4r\u00e4tty unih\u00e4iri\u00f6\u00f6n, ja se kuuluu bentsodiatsepiinien ryhm\u00e4\u00e4n. Nembutalia myyd\u00e4\u00e4n kaduilla my\u00f6s keltaisina takkeina niiden keltaisen ulkon\u00e4\u00f6n vuoksi. Voit ostaa Nembutal Pentobarbital ilman l\u00e4\u00e4k\u00e4ri\u00e4 verkkoapteekista nimelt\u00e4 Buyprescriptionz.com.<\/p>\n<p style=\"text-align: justify;\" class=\"translation-block\">Osta Nembutal Pentobarbitaali yhteisvaikutukset pentobarbitaali ovat rauhoittava, unta aiheuttava hetkeksi, preanestesia, unih\u00e4iri\u00f6, ja hallita kouristuksia h\u00e4t\u00e4tilanteissa. Pentobarbitaalia pillerin\u00e4 ei en\u00e4\u00e4 valmisteta, mutta injektiona se on saatavilla, ja pillereit\u00e4 on edelleen saatavilla luotettavien toimittajien kanssa Buyprescriptionz.com-sivustolla. Nyt siis tied\u00e4t, mist\u00e4 voit ostaa Nembutal Pentobarbitalia verkossa.<\/p>\n<p style=\"text-align: justify;\" class=\"translation-block\">Sit\u00e4 on k\u00e4ytetty el\u00e4inl\u00e4\u00e4kinn\u00e4llisen\u00e4 unil\u00e4\u00e4kkeen\u00e4 jo vuosia. Jos olet el\u00e4inl\u00e4\u00e4ketieteen harrastaja, voit tilata Nembutal Pentobarbitalia ilman resepti\u00e4 osoitteesta Buyprescriptionz.com.<\/p>\n<p style=\"text-align: justify;\" class=\"translation-block\">Pentobarbitaalia k\u00e4ytet\u00e4\u00e4n v\u00e4hent\u00e4m\u00e4\u00e4n kallonsis\u00e4ist\u00e4 painoa Reyen h\u00e4iri\u00f6ss\u00e4, aivovaurioissa ja transsin kaltaisen tilan hyv\u00e4ksymisess\u00e4 aivojen iskeemipotilailla. Pentobarbitaalin k\u00e4ynnist\u00e4m\u00e4 transsin kaltainen tila ty\u00f6nnet\u00e4\u00e4n potilailla, joilla on vakava maksavaurio mannitoliin. Nembutal Pentobarbitaali myyt\u00e4v\u00e4n\u00e4 on saatavana irtotilauksina meilt\u00e4 ja nopealla ja turvallisella toimituspalvelulla.<\/p>\n<h3 style=\"text-align: justify;\">Nembutal-pentobarbitaalin farmakologia ja vaikutukset<\/h3>\n<p style=\"text-align: justify;\" class=\"translation-block\">Pentobarbitaali sekoitetaan amobarbitaalista poikkeamattomilla strategioilla, joista t\u00e4rkein on se, ett\u00e4 \u03b1-etyylimaloniesterin alkylointi tapahtuu 1-bromi-3-metyylibutaanin sijasta 2-bromipentaanilla, jolloin saadaan pentobarbitaalia. Kokeile tilata puhdasta Nembutal Pentobarbital verkossa Buyprescriptionz.<\/p>\n<p style=\"text-align: justify;\" class=\"translation-block\">Miten ostaa Nembutal Pentobarbital verkossa edulliseen hintaan huomaamattomalla pakkauksella ja nopealla ja turvallisella toimituksella? Voit tilata Buyprescriptionz.com-sivustolta, ja koet l\u00e4\u00e4kityksen hoidettavimmat vaikutukset tarvitsevalle potilaallesi.<\/p>\n<p style=\"text-align: justify;\">Tunnetuin sivuvaikutus on hermoston hoitamaton nukkuminen. Antagonistiset vasteet kuten levottomuus, h\u00e4mmentyneisyys, hyperkinesia, ataksia, keskushermoston lannistuminen, pahat unet, huolestuneisuus, levoton henkinen vaikutus, fantasiat, univaje, levottomuus, k\u00e4rsim\u00e4tt\u00f6myys ja ajattelun ep\u00e4s\u00e4\u00e4nn\u00f6llisyys.<\/p>","protected":false},"excerpt":{"rendered":"<p>Why\u00a0buy Nembutal Pentobarbital online? Buy Nembutal pentobarbital online, Pentobarbital or pentobarbitone is a short-acting barbiturate. In high dosages, pentobarbital causes respiratory rapture. Abbott Pharmaceuticals sells it as Nembutal that\u2019s available in 50 and 100 mg packaging. At Buyprescriptionz.com,\u00a0purchase Nembutal Pentobarbital online\u00a0with the help of our chat support on more details and delivery assurance. Medical and [&hellip;]<\/p>","protected":false},"author":1,"featured_media":0,"parent":0,"menu_order":0,"comment_status":"open","ping_status":"open","template":"","meta":{"site-sidebar-layout":"default","site-content-layout":"","ast-site-content-layout":"default","site-content-style":"default","site-sidebar-style":"default","ast-global-header-display":"","ast-banner-title-visibility":"","ast-main-header-display":"","ast-hfb-above-header-display":"","ast-hfb-below-header-display":"","ast-hfb-mobile-header-display":"","site-post-title":"","ast-breadcrumbs-content":"","ast-featured-img":"","footer-sml-layout":"","theme-transparent-header-meta":"","adv-header-id-meta":"","stick-header-meta":"","header-above-stick-meta":"","header-main-stick-meta":"","header-below-stick-meta":"","astra-migrate-meta-layouts":"default","ast-page-background-enabled":"default","ast-page-background-meta":{"desktop":{"background-color":"var(--ast-global-color-4)","background-image":"","background-repeat":"repeat","background-position":"center center","background-size":"auto","background-attachment":"scroll","background-type":"","background-media":"","overlay-type":"","overlay-color":"","overlay-opacity":"","overlay-gradient":""},"tablet":{"background-color":"","background-image":"","background-repeat":"repeat","background-position":"center center","background-size":"auto","background-attachment":"scroll","background-type":"","background-media":"","overlay-type":"","overlay-color":"","overlay-opacity":"","overlay-gradient":""},"mobile":{"background-color":"","background-image":"","background-repeat":"repeat","background-position":"center center","background-size":"auto","background-attachment":"scroll","background-type":"","background-media":"","overlay-type":"","overlay-color":"","overlay-opacity":"","overlay-gradient":""}},"ast-content-background-meta":{"desktop":{"background-color":"var(--ast-global-color-5)","background-image":"","background-repeat":"repeat","background-position":"center center","background-size":"auto","background-attachment":"scroll","background-type":"","background-media":"","overlay-type":"","overlay-color":"","overlay-opacity":"","overlay-gradient":""},"tablet":{"background-color":"var(--ast-global-color-5)","background-image":"","background-repeat":"repeat","background-position":"center center","background-size":"auto","background-attachment":"scroll","background-type":"","background-media":"","overlay-type":"","overlay-color":"","overlay-opacity":"","overlay-gradient":""},"mobile":{"background-color":"var(--ast-global-color-5)","background-image":"","background-repeat":"repeat","background-position":"center center","background-size":"auto","background-attachment":"scroll","background-type":"","background-media":"","overlay-type":"","overlay-color":"","overlay-opacity":"","overlay-gradient":""}},"footnotes":""},"class_list":["post-980","page","type-page","status-publish","hentry"],"yoast_head":"<!-- This site is optimized with the Yoast SEO plugin v25.9 - https:\/\/yoast.com\/wordpress\/plugins\/seo\/ -->\n<title>Buy Nembutal pentobarbital online | Pentobarbital for sale<\/title>\n<meta name=\"description\" content=\"Buy Real Nembutal pentobarbital online,Buy Nembutal online and have it shipped to your home, We supply Nembutal sodium solution, Nembutal pill\" \/>\n<meta name=\"robots\" content=\"index, follow, max-snippet:-1, max-image-preview:large, max-video-preview:-1\" \/>\n<link rel=\"canonical\" href=\"https:\/\/buy-prescriptionz.com\/fi\/nembutal-pentobarbital\/\" \/>\n<meta property=\"og:locale\" content=\"fi_FI\" \/>\n<meta property=\"og:type\" content=\"article\" \/>\n<meta property=\"og:title\" content=\"Buy Nembutal pentobarbital online | Pentobarbital for sale\" \/>\n<meta property=\"og:description\" content=\"Buy Real Nembutal pentobarbital online,Buy Nembutal online and have it shipped to your home, We supply Nembutal sodium solution, Nembutal pill\" \/>\n<meta property=\"og:url\" content=\"https:\/\/buy-prescriptionz.com\/fi\/nembutal-pentobarbital\/\" \/>\n<meta property=\"og:site_name\" content=\"Buy Prescriptionz\" \/>\n<meta property=\"article:modified_time\" content=\"2019-10-27T09:25:04+00:00\" \/>\n<meta name=\"twitter:card\" content=\"summary_large_image\" \/>\n<meta name=\"twitter:label1\" content=\"Arvioitu lukuaika\" \/>\n\t<meta name=\"twitter:data1\" content=\"2 minuuttia\" \/>\n<script type=\"application\/ld+json\" class=\"yoast-schema-graph\">{\"@context\":\"https:\/\/schema.org\",\"@graph\":[{\"@type\":\"WebPage\",\"@id\":\"https:\/\/buy-prescriptionz.com\/nembutal-pentobarbital\/\",\"url\":\"https:\/\/buy-prescriptionz.com\/nembutal-pentobarbital\/\",\"name\":\"Buy Nembutal pentobarbital online | Pentobarbital for sale\",\"isPartOf\":{\"@id\":\"https:\/\/buy-prescriptionz.com\/#website\"},\"datePublished\":\"2019-05-08T05:48:55+00:00\",\"dateModified\":\"2019-10-27T09:25:04+00:00\",\"description\":\"Buy Real Nembutal pentobarbital online,Buy Nembutal online and have it shipped to your home, We supply Nembutal sodium solution, Nembutal pill\",\"breadcrumb\":{\"@id\":\"https:\/\/buy-prescriptionz.com\/nembutal-pentobarbital\/#breadcrumb\"},\"inLanguage\":\"fi\",\"potentialAction\":[{\"@type\":\"ReadAction\",\"target\":[\"https:\/\/buy-prescriptionz.com\/nembutal-pentobarbital\/\"]}]},{\"@type\":\"BreadcrumbList\",\"@id\":\"https:\/\/buy-prescriptionz.com\/nembutal-pentobarbital\/#breadcrumb\",\"itemListElement\":[{\"@type\":\"ListItem\",\"position\":1,\"name\":\"Home\",\"item\":\"https:\/\/buy-prescriptionz.com\/\"},{\"@type\":\"ListItem\",\"position\":2,\"name\":\"Nembutal Pentobarbital\"}]},{\"@type\":\"WebSite\",\"@id\":\"https:\/\/buy-prescriptionz.com\/#website\",\"url\":\"https:\/\/buy-prescriptionz.com\/\",\"name\":\"Buy Prescriptionz\",\"description\":\"Drugs Online\",\"publisher\":{\"@id\":\"https:\/\/buy-prescriptionz.com\/#organization\"},\"potentialAction\":[{\"@type\":\"SearchAction\",\"target\":{\"@type\":\"EntryPoint\",\"urlTemplate\":\"https:\/\/buy-prescriptionz.com\/?s={search_term_string}\"},\"query-input\":{\"@type\":\"PropertyValueSpecification\",\"valueRequired\":true,\"valueName\":\"search_term_string\"}}],\"inLanguage\":\"fi\"},{\"@type\":\"Organization\",\"@id\":\"https:\/\/buy-prescriptionz.com\/#organization\",\"name\":\"Buy Prescriptionz\",\"url\":\"https:\/\/buy-prescriptionz.com\/\",\"logo\":{\"@type\":\"ImageObject\",\"inLanguage\":\"fi\",\"@id\":\"https:\/\/buy-prescriptionz.com\/#\/schema\/logo\/image\/\",\"url\":\"https:\/\/buy-prescriptionz.com\/wp-content\/uploads\/2023\/09\/logo.png\",\"contentUrl\":\"https:\/\/buy-prescriptionz.com\/wp-content\/uploads\/2023\/09\/logo.png\",\"width\":350,\"height\":64,\"caption\":\"Buy Prescriptionz\"},\"image\":{\"@id\":\"https:\/\/buy-prescriptionz.com\/#\/schema\/logo\/image\/\"}}]}<\/script>\n<!-- \/ Yoast SEO plugin. -->","yoast_head_json":{"title":"Osta Nembutal pentobarbitaali verkossa | Nembutal Pentobarbitaali myyt\u00e4v\u00e4n\u00e4","description":"Osta Real Nembutal pentobarbitaali verkossa, Osta Nembutal verkossa ja saada se toimitetaan kotiin, Toimitamme Nembutal natrium liuos, Nembutal pilleri","robots":{"index":"index","follow":"follow","max-snippet":"max-snippet:-1","max-image-preview":"max-image-preview:large","max-video-preview":"max-video-preview:-1"},"canonical":"https:\/\/buy-prescriptionz.com\/fi\/nembutal-pentobarbital\/","og_locale":"fi_FI","og_type":"article","og_title":"Buy Nembutal pentobarbital online | Pentobarbital for sale","og_description":"Buy Real Nembutal pentobarbital online,Buy Nembutal online and have it shipped to your home, We supply Nembutal sodium solution, Nembutal pill","og_url":"https:\/\/buy-prescriptionz.com\/fi\/nembutal-pentobarbital\/","og_site_name":"Buy Prescriptionz","article_modified_time":"2019-10-27T09:25:04+00:00","twitter_card":"summary_large_image","twitter_misc":{"Arvioitu lukuaika":"2 minuuttia"},"schema":{"@context":"https:\/\/schema.org","@graph":[{"@type":"WebPage","@id":"https:\/\/buy-prescriptionz.com\/nembutal-pentobarbital\/","url":"https:\/\/buy-prescriptionz.com\/nembutal-pentobarbital\/","name":"Osta Nembutal pentobarbitaali verkossa | Nembutal Pentobarbitaali myyt\u00e4v\u00e4n\u00e4","isPartOf":{"@id":"https:\/\/buy-prescriptionz.com\/#website"},"datePublished":"2019-05-08T05:48:55+00:00","dateModified":"2019-10-27T09:25:04+00:00","description":"Osta Real Nembutal pentobarbitaali verkossa, Osta Nembutal verkossa ja saada se toimitetaan kotiin, Toimitamme Nembutal natrium liuos, Nembutal pilleri","breadcrumb":{"@id":"https:\/\/buy-prescriptionz.com\/nembutal-pentobarbital\/#breadcrumb"},"inLanguage":"fi","potentialAction":[{"@type":"ReadAction","target":["https:\/\/buy-prescriptionz.com\/nembutal-pentobarbital\/"]}]},{"@type":"BreadcrumbList","@id":"https:\/\/buy-prescriptionz.com\/nembutal-pentobarbital\/#breadcrumb","itemListElement":[{"@type":"ListItem","position":1,"name":"Home","item":"https:\/\/buy-prescriptionz.com\/"},{"@type":"ListItem","position":2,"name":"Nembutal Pentobarbital"}]},{"@type":"WebSite","@id":"https:\/\/buy-prescriptionz.com\/#website","url":"https:\/\/buy-prescriptionz.com\/","name":"Buy Prescriptionz","description":"Huumeet verkossa","publisher":{"@id":"https:\/\/buy-prescriptionz.com\/#organization"},"potentialAction":[{"@type":"SearchAction","target":{"@type":"EntryPoint","urlTemplate":"https:\/\/buy-prescriptionz.com\/?s={search_term_string}"},"query-input":{"@type":"PropertyValueSpecification","valueRequired":true,"valueName":"search_term_string"}}],"inLanguage":"fi"},{"@type":"Organization","@id":"https:\/\/buy-prescriptionz.com\/#organization","name":"Buy Prescriptionz","url":"https:\/\/buy-prescriptionz.com\/","logo":{"@type":"ImageObject","inLanguage":"fi","@id":"https:\/\/buy-prescriptionz.com\/#\/schema\/logo\/image\/","url":"https:\/\/buy-prescriptionz.com\/wp-content\/uploads\/2023\/09\/logo.png","contentUrl":"https:\/\/buy-prescriptionz.com\/wp-content\/uploads\/2023\/09\/logo.png","width":350,"height":64,"caption":"Buy Prescriptionz"},"image":{"@id":"https:\/\/buy-prescriptionz.com\/#\/schema\/logo\/image\/"}}]}},"_links":{"self":[{"href":"https:\/\/buy-prescriptionz.com\/fi\/wp-json\/wp\/v2\/pages\/980","targetHints":{"allow":["GET"]}}],"collection":[{"href":"https:\/\/buy-prescriptionz.com\/fi\/wp-json\/wp\/v2\/pages"}],"about":[{"href":"https:\/\/buy-prescriptionz.com\/fi\/wp-json\/wp\/v2\/types\/page"}],"author":[{"embeddable":true,"href":"https:\/\/buy-prescriptionz.com\/fi\/wp-json\/wp\/v2\/users\/1"}],"replies":[{"embeddable":true,"href":"https:\/\/buy-prescriptionz.com\/fi\/wp-json\/wp\/v2\/comments?post=980"}],"version-history":[{"count":0,"href":"https:\/\/buy-prescriptionz.com\/fi\/wp-json\/wp\/v2\/pages\/980\/revisions"}],"wp:attachment":[{"href":"https:\/\/buy-prescriptionz.com\/fi\/wp-json\/wp\/v2\/media?parent=980"}],"curies":[{"name":"wp","href":"https:\/\/api.w.org\/{rel}","templated":true}]}}