{"id":2941,"date":"2025-09-16T08:55:29","date_gmt":"2025-09-16T08:55:29","guid":{"rendered":"https:\/\/chemsfine.com\/newsite\/?post_type=product&#038;p=2941"},"modified":"2025-09-20T05:00:36","modified_gmt":"2025-09-20T05:00:36","slug":"osta-anabolisia-steroideja-verkossa","status":"publish","type":"product","link":"https:\/\/buy-prescriptionz.com\/fi\/tuote\/osta-anabolisia-steroideja-verkossa\/","title":{"rendered":"Osta anaboliset steroidit verkossa"},"content":{"rendered":"<h2 style=\"text-align: justify;\">OSTAA ANABOLISIA STEROIDEJA VERKOSSA OSTAA PRESCRITION PARHAASEEN HINTAAN<\/h2>\n<p style=\"text-align: justify;\">Anaboliset steroidit ovat suun kautta nautittavia synteettisi\u00e4 l\u00e4\u00e4kkeit\u00e4, jotka toimivat kuten testosteroni. Ne aiheuttavat sukupuolielinten kasvua ja kehityst\u00e4, toissijaisia sukupuoliominaisuuksia sek\u00e4 lihasten koon ja voiman kasvua.<\/p>\n<h3 style=\"text-align: justify;\">ANABOLISTEN STEROIDIEN OMINAISUUDET<\/h3>\n<p style=\"text-align: justify;\">Anaboliset steroidit stimuloivat muunlaisten kudosten, erityisesti luun ja lihasten kasvua ihmiskehossa.<\/p>\n<h3 style=\"text-align: justify;\">ANABOLISIA STEROIDEJA KOSKEVAT YLEISET VAROTOIMET<\/h3>\n<p style=\"text-align: justify;\">L\u00e4\u00e4k\u00e4rin on tarkistettava edistymisesi s\u00e4\u00e4nn\u00f6llisin v\u00e4liajoin varmistaakseen, ettei t\u00e4m\u00e4 l\u00e4\u00e4ke aiheuta ei-toivottuja vaikutuksia.<br \/>\nJos lapsesi k\u00e4ytt\u00e4\u00e4 t\u00e4t\u00e4 l\u00e4\u00e4kett\u00e4, on t\u00e4rke\u00e4\u00e4, ett\u00e4 l\u00e4\u00e4k\u00e4ri ottaa r\u00f6ntgenkuvat 6 kuukauden v\u00e4lein luuston kasvun ja pituuden tarkistamiseksi. Anaboliset steroidit voivat h\u00e4irit\u00e4 normaalia luun kasvua.<\/p>\n<p style=\"text-align: justify;\"><strong>Diabeetikoille:<\/strong><\/p>\n<p style=\"text-align: justify;\">T\u00e4m\u00e4 l\u00e4\u00e4ke voi vaikuttaa verensokeriarvoihin. Jos huomaat muutoksia veren tai virtsan sokerirasituskokeissa tai jos sinulla on kysytt\u00e4v\u00e4\u00e4, k\u00e4\u00e4nny l\u00e4\u00e4k\u00e4risi puoleen.<\/p>\n<p>Anaboliset steroidit ovat synteettisi\u00e4 testosteronin muunnelmia. Testosteroni on hormoni, joka edist\u00e4\u00e4 lihaskasvua ja parantaa miehisi\u00e4 ominaisuuksia. Niit\u00e4 k\u00e4ytet\u00e4\u00e4n laajalti l\u00e4\u00e4ketieteess\u00e4 sellaisten tilojen hoitoon kuin viiv\u00e4stynyt murrosik\u00e4 ja sairauksien aiheuttama lihaskato. Ne ovat kuitenkin my\u00f6s kiistanalaisia \u200b\u200bniiden v\u00e4\u00e4rink\u00e4yt\u00f6n vuoksi urheilussa ja kehonrakennuksessa.<\/p>\n<h3>Anabolisten steroidien hy\u00f6dyt<\/h3>\n<ol>\n<li><strong>Muscle Growth:<\/strong> Anaboliset steroidit stimuloivat proteiinisynteesi\u00e4, mik\u00e4 johtaa lihasmassan ja voiman kasvuun.<\/li>\n<li><strong>Enhanced Performance:<\/strong> Urheilijat k\u00e4ytt\u00e4v\u00e4t steroideja parantaakseen suorituskyky\u00e4\u00e4n lis\u00e4\u00e4m\u00e4ll\u00e4 kest\u00e4vyytt\u00e4 ja lyhent\u00e4m\u00e4ll\u00e4 palautumisaikaa harjoitusten v\u00e4lill\u00e4.<\/li>\n<li><strong>Medical Uses:<\/strong> Niit\u00e4 m\u00e4\u00e4r\u00e4t\u00e4\u00e4n lihaskatoa aiheuttavien sairauksien, kuten HIV\/AIDSin, hoitoon ja vakavien palovammojen j\u00e4lkeisen toipumisen tukemiseen.<\/li>\n<\/ol>\n<h3>K\u00e4ytt\u00f6<\/h3>\n<p>Anabolisia steroideja voidaan ottaa suun kautta tai pist\u00e4\u00e4, ja niiden tehon kesto vaihtelee:<\/p>\n<ul>\n<li><strong>Oral Steroids:<\/strong> Antaa nopeita tuloksia, mutta on ankarampi maksalle.<\/li>\n<li><strong>Injektoitavat steroidit:<\/strong> Pitk\u00e4kestoisempia vaikutuksia ja v\u00e4hemm\u00e4n maksan rasitusta.<\/li>\n<\/ul>\n<h3>Suositellut annokset<\/h3>\n<p>Annokset vaihtelevat steroidityypin, k\u00e4ytt\u00f6kokemuksen ja tavoitteiden mukaan:<\/p>\n<ul>\n<li><strong>Aloittelijat:<\/strong> Aloita pienill\u00e4 annoksilla toleranssin arvioimiseksi ja sivuvaikutusten minimoimiseksi.<\/li>\n<li><strong>Kokeneet k\u00e4ytt\u00e4j\u00e4t:<\/strong> Lis\u00e4\u00e4 annosta v\u00e4hitellen tehon yll\u00e4pit\u00e4miseksi, usein jaksottaen lis\u00e4\u00e4m\u00e4ll\u00e4 ja v\u00e4hent\u00e4m\u00e4ll\u00e4 annosta toleranssin est\u00e4miseksi ja terveysriskien hallitsemiseksi.<\/li>\n<\/ul>\n<p>Vaikka anaboliset steroidit tarjoavat l\u00e4\u00e4ketieteellisi\u00e4 hy\u00f6tyj\u00e4 ja parantavat suorituskyky\u00e4, ne vaativat huolellista harkintaa mahdollisten sivuvaikutusten, kuten maksavaurioiden, syd\u00e4n- ja verisuoniongelmien ja hormonaalisen ep\u00e4tasapainon, vuoksi. Asianmukainen valvonta ja suositeltujen annosten noudattaminen ovat ratkaisevan t\u00e4rkeit\u00e4 riskien minimoimiseksi.<\/p>\n<p>Luotettavan p\u00e4\u00e4syn farmaseuttisen luokan steroideihin ja niihin liittyviin tuotteisiin l\u00f6yd\u00e4t parhaasta apteekista <a href=\"http:\/\/buy-prescriptionz.com\/fi\/\">buy-prescriptionz.com<\/a>He tarjoavat laajan valikoiman turvallisia ja tehokkaita l\u00e4\u00e4kkeit\u00e4 varmistaen laadun ja asiakastyytyv\u00e4isyyden. Olipa kyseess\u00e4 l\u00e4\u00e4ketieteelliset tarpeet tai suorituskyvyn parantaminen, luota heid\u00e4n tuotteisiinsa, jotka t\u00e4ytt\u00e4v\u00e4t vaatimuksesi turvallisesti ja tehokkaasti.<\/p>\n<h3 style=\"text-align: justify;\">PIT\u00c4ISI TIET\u00c4\u00c4 ANABOLISTEN STEROIDIEN SIVUVAIKUTUKSISTA.<\/h3>\n<p style=\"text-align: justify;\"><strong>Anabolisilla steroideilla on monia sivuvaikutuksia, koska testosteronilla on monia vaikutuksia kehossa. Pitk\u00e4 luettelo haittavaikutuksista sis\u00e4lt\u00e4\u00e4:<\/strong><\/p>\n<p style=\"text-align: justify;\">- Kivesten kutistuminen<br \/>\n- Rintojen suureneminen (gynekomastia)<br \/>\n- Alhainen siitti\u00f6iden m\u00e4\u00e4r\u00e4<br \/>\n- Lis\u00e4\u00e4ntynyt hiusten kasvu<br \/>\n- V\u00e4kivalta<br \/>\n- Aggressio<br \/>\n- My\u00f6s maksasairauksia ja maksasy\u00f6p\u00e4\u00e4 voi esiinty\u00e4.<br \/>\nMIT\u00c4 TAPAHTUU, JOS OTAT YLIANNOSTUKSEN?<\/p>\n<p style=\"text-align: justify;\">Anaboliset steroidit ovat p\u00e4\u00e4asiassa laboratoriossa luotuja testosteronin analogeja, ja ne toimivat kehossamme samalla tavalla kuin t\u00e4m\u00e4 hormoni. Vaikka on mahdollista kokea hetkellinen yliannostus anabolisten steroidien usein ilmenee eri tavalla.<\/p>\n<p style=\"text-align: justify;\">- Munuais-\/maksavaurio.<br \/>\n- Kohonnut verenpaine.<br \/>\n- Laajentunut syd\u00e4n.<br \/>\n- Suuret mielialan vaihtelut.<br \/>\n- Aggressiivisuus ja \u00e4rtyneisyys.<br \/>\n- Harhaluulot.<br \/>\n- Nuorten k\u00e4ytt\u00e4jien kasvun hidastuminen.<\/p>\n<h3 style=\"text-align: justify;\">OLETETAAN, ETT\u00c4 ANNOS ON J\u00c4\u00c4NYT OTTAMATTA?<\/h3>\n<p style=\"text-align: justify;\">- Jos huomaat sen l\u00e4hell\u00e4 unohtuneen annoksen ajankohtaa, ota annos.<br \/>\n- Jos huomaat sen l\u00e4hell\u00e4 seuraavan annoksesi ajankohtaa, j\u00e4t\u00e4 unohtunut annos v\u00e4liin. Ota vain seuraava annos.<br \/>\n- \u00c4l\u00e4 ota kahta annosta kerralla, koska se voi johtaa yliannostukseen.<\/p>\n<h3 style=\"text-align: justify;\">VARASTOI ANBOLISET STEROIDIT<\/h3>\n<p style=\"text-align: justify;\">S\u00e4ilyt\u00e4 anaboliset steroidit yleisess\u00e4 huoneenl\u00e4mm\u00f6ss\u00e4 ja pid\u00e4 ne poissa lasten ulottuvilta.<\/p>\n<h3 style=\"text-align: justify;\">MIST\u00c4 OSTAA ANABOLISIA STEROIDEJA VERKOSSA?<\/h3>\n<p style=\"text-align: justify;\">Hanki Anaboliset steroidit kotiovellesi Buyprescriptionzista ja pid\u00e4 kehosi paljon paremmin. Tilaa nyt!<\/p>","protected":false},"excerpt":{"rendered":"<p>Anaboliset steroidit, jotka tunnetaan my\u00f6s paremmin nimell\u00e4 anaboliset-androgeeniset steroidit (AAS), ovat steroidisia androgeeneja, joihin kuuluvat luonnolliset androgeenit, kuten testosteroni, sek\u00e4 synteettiset androgeenit, jotka ovat rakenteellisesti sukua ja joilla on samanlaisia vaikutuksia kuin testosteronilla.<br \/>\nKadun nimet: Anadrol, Oxandrin, Durabolin, Depo-Testosterone, Equipoise: roids, mehu, kuntosali karkkia, pumpperit.<\/p>","protected":false},"featured_media":2971,"comment_status":"open","ping_status":"closed","template":"","meta":{"site-sidebar-layout":"default","site-content-layout":"","ast-site-content-layout":"default","site-content-style":"default","site-sidebar-style":"default","ast-global-header-display":"","ast-banner-title-visibility":"","ast-main-header-display":"","ast-hfb-above-header-display":"","ast-hfb-below-header-display":"","ast-hfb-mobile-header-display":"","site-post-title":"","ast-breadcrumbs-content":"","ast-featured-img":"","footer-sml-layout":"","theme-transparent-header-meta":"default","adv-header-id-meta":"","stick-header-meta":"","header-above-stick-meta":"","header-main-stick-meta":"","header-below-stick-meta":"","astra-migrate-meta-layouts":"set","ast-page-background-enabled":"default","ast-page-background-meta":{"desktop":{"background-color":"var(--ast-global-color-4)","background-image":"","background-repeat":"repeat","background-position":"center center","background-size":"auto","background-attachment":"scroll","background-type":"","background-media":"","overlay-type":"","overlay-color":"","overlay-opacity":"","overlay-gradient":""},"tablet":{"background-color":"","background-image":"","background-repeat":"repeat","background-position":"center center","background-size":"auto","background-attachment":"scroll","background-type":"","background-media":"","overlay-type":"","overlay-color":"","overlay-opacity":"","overlay-gradient":""},"mobile":{"background-color":"","background-image":"","background-repeat":"repeat","background-position":"center center","background-size":"auto","background-attachment":"scroll","background-type":"","background-media":"","overlay-type":"","overlay-color":"","overlay-opacity":"","overlay-gradient":""}},"ast-content-background-meta":{"desktop":{"background-color":"var(--ast-global-color-5)","background-image":"","background-repeat":"repeat","background-position":"center center","background-size":"auto","background-attachment":"scroll","background-type":"","background-media":"","overlay-type":"","overlay-color":"","overlay-opacity":"","overlay-gradient":""},"tablet":{"background-color":"var(--ast-global-color-5)","background-image":"","background-repeat":"repeat","background-position":"center center","background-size":"auto","background-attachment":"scroll","background-type":"","background-media":"","overlay-type":"","overlay-color":"","overlay-opacity":"","overlay-gradient":""},"mobile":{"background-color":"var(--ast-global-color-5)","background-image":"","background-repeat":"repeat","background-position":"center center","background-size":"auto","background-attachment":"scroll","background-type":"","background-media":"","overlay-type":"","overlay-color":"","overlay-opacity":"","overlay-gradient":""}}},"product_brand":[],"product_cat":[15],"product_tag":[1938,1928,1936,1937,1935,1930,1933,1932,1931,1934,1929],"class_list":{"0":"post-2941","1":"product","2":"type-product","3":"status-publish","4":"has-post-thumbnail","6":"product_cat-buy-prescription-drugs","7":"product_tag-anabolic-steroids","8":"product_tag-anabolic-steroids-for-sale","9":"product_tag-buy-anabolic-steroids-in-canada","10":"product_tag-buy-anabolic-steroids-in-uk","11":"product_tag-buy-anabolic-steroids-in-usa","12":"product_tag-buy-anabolic-steroids-with-bitcoin","13":"product_tag-buy-anabolic-steroids-with-credit-card","14":"product_tag-buy-anabolic-steroids-with-money-gram","15":"product_tag-buy-anabolic-steroids-with-western-union","16":"product_tag-buy-anabolic-steroids-without-a-doctor","17":"product_tag-buy-anabolic-steroids-without-prescription","18":"desktop-align-center","19":"tablet-align-left","20":"mobile-align-left","22":"first","23":"instock","24":"shipping-taxable","25":"purchasable","26":"product-type-variable","27":"has-default-attributes"},"yoast_head":"<!-- This site is optimized with the Yoast SEO plugin v25.9 - https:\/\/yoast.com\/wordpress\/plugins\/seo\/ -->\n<title>Buy Anabolic Steroids Online - Anabolic Steroids for Sale | BuyPrescriptionz<\/title>\n<meta name=\"description\" content=\"You can buy Anabolic Steroids online without any prescription from an online pharmacy store buy-prescriptionz.com. Order Now with Free &amp; Secure Shipping!\" \/>\n<meta name=\"robots\" content=\"index, follow, max-snippet:-1, max-image-preview:large, max-video-preview:-1\" \/>\n<link rel=\"canonical\" href=\"https:\/\/buy-prescriptionz.com\/fi\/tuote\/osta-anabolisia-steroideja-verkossa\/\" \/>\n<meta property=\"og:locale\" content=\"fi_FI\" \/>\n<meta property=\"og:type\" content=\"article\" \/>\n<meta property=\"og:title\" content=\"Buy Anabolic Steroids Online - Anabolic Steroids for Sale | BuyPrescriptionz\" \/>\n<meta property=\"og:description\" content=\"You can buy Anabolic Steroids online without any prescription from an online pharmacy store buy-prescriptionz.com. Order Now with Free &amp; Secure Shipping!\" \/>\n<meta property=\"og:url\" content=\"https:\/\/buy-prescriptionz.com\/fi\/tuote\/osta-anabolisia-steroideja-verkossa\/\" \/>\n<meta property=\"og:site_name\" content=\"Buy Prescriptionz\" \/>\n<meta property=\"article:modified_time\" content=\"2025-09-20T05:00:36+00:00\" \/>\n<meta property=\"og:image\" content=\"https:\/\/buy-prescriptionz.com\/wp-content\/uploads\/2025\/09\/anabolic-steroids.jpg\" \/>\n\t<meta property=\"og:image:width\" content=\"400\" \/>\n\t<meta property=\"og:image:height\" content=\"300\" \/>\n\t<meta property=\"og:image:type\" content=\"image\/jpeg\" \/>\n<meta name=\"twitter:card\" content=\"summary_large_image\" \/>\n<meta name=\"twitter:label1\" content=\"Arvioitu lukuaika\" \/>\n\t<meta name=\"twitter:data1\" content=\"4 minuuttia\" \/>\n<script type=\"application\/ld+json\" class=\"yoast-schema-graph\">{\"@context\":\"https:\/\/schema.org\",\"@graph\":[{\"@type\":\"WebPage\",\"@id\":\"https:\/\/buy-prescriptionz.com\/product\/buy-anabolic-steroids-online\/\",\"url\":\"https:\/\/buy-prescriptionz.com\/product\/buy-anabolic-steroids-online\/\",\"name\":\"Buy Anabolic Steroids Online - Anabolic Steroids for Sale | BuyPrescriptionz\",\"isPartOf\":{\"@id\":\"https:\/\/buy-prescriptionz.com\/#website\"},\"primaryImageOfPage\":{\"@id\":\"https:\/\/buy-prescriptionz.com\/product\/buy-anabolic-steroids-online\/#primaryimage\"},\"image\":{\"@id\":\"https:\/\/buy-prescriptionz.com\/product\/buy-anabolic-steroids-online\/#primaryimage\"},\"thumbnailUrl\":\"https:\/\/buy-prescriptionz.com\/wp-content\/uploads\/2025\/09\/anabolic-steroids.jpg\",\"datePublished\":\"2025-09-16T08:55:29+00:00\",\"dateModified\":\"2025-09-20T05:00:36+00:00\",\"description\":\"You can buy Anabolic Steroids online without any prescription from an online pharmacy store buy-prescriptionz.com. Order Now with Free & Secure Shipping!\",\"breadcrumb\":{\"@id\":\"https:\/\/buy-prescriptionz.com\/product\/buy-anabolic-steroids-online\/#breadcrumb\"},\"inLanguage\":\"fi\",\"potentialAction\":[{\"@type\":\"ReadAction\",\"target\":[\"https:\/\/buy-prescriptionz.com\/product\/buy-anabolic-steroids-online\/\"]}]},{\"@type\":\"ImageObject\",\"inLanguage\":\"fi\",\"@id\":\"https:\/\/buy-prescriptionz.com\/product\/buy-anabolic-steroids-online\/#primaryimage\",\"url\":\"https:\/\/buy-prescriptionz.com\/wp-content\/uploads\/2025\/09\/anabolic-steroids.jpg\",\"contentUrl\":\"https:\/\/buy-prescriptionz.com\/wp-content\/uploads\/2025\/09\/anabolic-steroids.jpg\",\"width\":400,\"height\":300},{\"@type\":\"BreadcrumbList\",\"@id\":\"https:\/\/buy-prescriptionz.com\/product\/buy-anabolic-steroids-online\/#breadcrumb\",\"itemListElement\":[{\"@type\":\"ListItem\",\"position\":1,\"name\":\"Home\",\"item\":\"https:\/\/buy-prescriptionz.com\/\"},{\"@type\":\"ListItem\",\"position\":2,\"name\":\"Shop Painkillers Online\",\"item\":\"https:\/\/buy-prescriptionz.com\/shop-painkillers-online\/\"},{\"@type\":\"ListItem\",\"position\":3,\"name\":\"Buy Anabolic Steroids Online\"}]},{\"@type\":\"WebSite\",\"@id\":\"https:\/\/buy-prescriptionz.com\/#website\",\"url\":\"https:\/\/buy-prescriptionz.com\/\",\"name\":\"Buy Prescriptionz\",\"description\":\"Drugs Online\",\"publisher\":{\"@id\":\"https:\/\/buy-prescriptionz.com\/#organization\"},\"potentialAction\":[{\"@type\":\"SearchAction\",\"target\":{\"@type\":\"EntryPoint\",\"urlTemplate\":\"https:\/\/buy-prescriptionz.com\/?s={search_term_string}\"},\"query-input\":{\"@type\":\"PropertyValueSpecification\",\"valueRequired\":true,\"valueName\":\"search_term_string\"}}],\"inLanguage\":\"fi\"},{\"@type\":\"Organization\",\"@id\":\"https:\/\/buy-prescriptionz.com\/#organization\",\"name\":\"Buy Prescriptionz\",\"url\":\"https:\/\/buy-prescriptionz.com\/\",\"logo\":{\"@type\":\"ImageObject\",\"inLanguage\":\"fi\",\"@id\":\"https:\/\/buy-prescriptionz.com\/#\/schema\/logo\/image\/\",\"url\":\"https:\/\/buy-prescriptionz.com\/wp-content\/uploads\/2023\/09\/logo.png\",\"contentUrl\":\"https:\/\/buy-prescriptionz.com\/wp-content\/uploads\/2023\/09\/logo.png\",\"width\":350,\"height\":64,\"caption\":\"Buy Prescriptionz\"},\"image\":{\"@id\":\"https:\/\/buy-prescriptionz.com\/#\/schema\/logo\/image\/\"}}]}<\/script>\n<!-- \/ Yoast SEO plugin. -->","yoast_head_json":{"title":"Osta anaboliset steroidit verkossa - Anaboliset steroidit myyt\u00e4v\u00e4n\u00e4 | BuyPrescriptionz","description":"Voit ostaa anabolisia steroideja verkossa ilman resepti\u00e4 verkkoapteekista Buyprescriptionz.com. Tilaa nyt ilmainen ja turvallinen toimitus!","robots":{"index":"index","follow":"follow","max-snippet":"max-snippet:-1","max-image-preview":"max-image-preview:large","max-video-preview":"max-video-preview:-1"},"canonical":"https:\/\/buy-prescriptionz.com\/fi\/tuote\/osta-anabolisia-steroideja-verkossa\/","og_locale":"fi_FI","og_type":"article","og_title":"Buy Anabolic Steroids Online - Anabolic Steroids for Sale | BuyPrescriptionz","og_description":"You can buy Anabolic Steroids online without any prescription from an online pharmacy store buy-prescriptionz.com. Order Now with Free & Secure Shipping!","og_url":"https:\/\/buy-prescriptionz.com\/fi\/tuote\/osta-anabolisia-steroideja-verkossa\/","og_site_name":"Buy Prescriptionz","article_modified_time":"2025-09-20T05:00:36+00:00","og_image":[{"width":400,"height":300,"url":"https:\/\/buy-prescriptionz.com\/wp-content\/uploads\/2025\/09\/anabolic-steroids.jpg","type":"image\/jpeg"}],"twitter_card":"summary_large_image","twitter_misc":{"Arvioitu lukuaika":"4 minuuttia"},"schema":{"@context":"https:\/\/schema.org","@graph":[{"@type":"WebPage","@id":"https:\/\/buy-prescriptionz.com\/product\/buy-anabolic-steroids-online\/","url":"https:\/\/buy-prescriptionz.com\/product\/buy-anabolic-steroids-online\/","name":"Osta anaboliset steroidit verkossa - Anaboliset steroidit myyt\u00e4v\u00e4n\u00e4 | BuyPrescriptionz","isPartOf":{"@id":"https:\/\/buy-prescriptionz.com\/#website"},"primaryImageOfPage":{"@id":"https:\/\/buy-prescriptionz.com\/product\/buy-anabolic-steroids-online\/#primaryimage"},"image":{"@id":"https:\/\/buy-prescriptionz.com\/product\/buy-anabolic-steroids-online\/#primaryimage"},"thumbnailUrl":"https:\/\/buy-prescriptionz.com\/wp-content\/uploads\/2025\/09\/anabolic-steroids.jpg","datePublished":"2025-09-16T08:55:29+00:00","dateModified":"2025-09-20T05:00:36+00:00","description":"Voit ostaa anabolisia steroideja verkossa ilman resepti\u00e4 verkkoapteekista Buyprescriptionz.com. Tilaa nyt ilmainen ja turvallinen toimitus!","breadcrumb":{"@id":"https:\/\/buy-prescriptionz.com\/product\/buy-anabolic-steroids-online\/#breadcrumb"},"inLanguage":"fi","potentialAction":[{"@type":"ReadAction","target":["https:\/\/buy-prescriptionz.com\/product\/buy-anabolic-steroids-online\/"]}]},{"@type":"ImageObject","inLanguage":"fi","@id":"https:\/\/buy-prescriptionz.com\/product\/buy-anabolic-steroids-online\/#primaryimage","url":"https:\/\/buy-prescriptionz.com\/wp-content\/uploads\/2025\/09\/anabolic-steroids.jpg","contentUrl":"https:\/\/buy-prescriptionz.com\/wp-content\/uploads\/2025\/09\/anabolic-steroids.jpg","width":400,"height":300},{"@type":"BreadcrumbList","@id":"https:\/\/buy-prescriptionz.com\/product\/buy-anabolic-steroids-online\/#breadcrumb","itemListElement":[{"@type":"ListItem","position":1,"name":"Home","item":"https:\/\/buy-prescriptionz.com\/"},{"@type":"ListItem","position":2,"name":"Shop Painkillers Online","item":"https:\/\/buy-prescriptionz.com\/shop-painkillers-online\/"},{"@type":"ListItem","position":3,"name":"Buy Anabolic Steroids Online"}]},{"@type":"WebSite","@id":"https:\/\/buy-prescriptionz.com\/#website","url":"https:\/\/buy-prescriptionz.com\/","name":"Buy Prescriptionz","description":"Huumeet verkossa","publisher":{"@id":"https:\/\/buy-prescriptionz.com\/#organization"},"potentialAction":[{"@type":"SearchAction","target":{"@type":"EntryPoint","urlTemplate":"https:\/\/buy-prescriptionz.com\/?s={search_term_string}"},"query-input":{"@type":"PropertyValueSpecification","valueRequired":true,"valueName":"search_term_string"}}],"inLanguage":"fi"},{"@type":"Organization","@id":"https:\/\/buy-prescriptionz.com\/#organization","name":"Buy Prescriptionz","url":"https:\/\/buy-prescriptionz.com\/","logo":{"@type":"ImageObject","inLanguage":"fi","@id":"https:\/\/buy-prescriptionz.com\/#\/schema\/logo\/image\/","url":"https:\/\/buy-prescriptionz.com\/wp-content\/uploads\/2023\/09\/logo.png","contentUrl":"https:\/\/buy-prescriptionz.com\/wp-content\/uploads\/2023\/09\/logo.png","width":350,"height":64,"caption":"Buy Prescriptionz"},"image":{"@id":"https:\/\/buy-prescriptionz.com\/#\/schema\/logo\/image\/"}}]}},"_links":{"self":[{"href":"https:\/\/buy-prescriptionz.com\/fi\/wp-json\/wp\/v2\/product\/2941","targetHints":{"allow":["GET"]}}],"collection":[{"href":"https:\/\/buy-prescriptionz.com\/fi\/wp-json\/wp\/v2\/product"}],"about":[{"href":"https:\/\/buy-prescriptionz.com\/fi\/wp-json\/wp\/v2\/types\/product"}],"replies":[{"embeddable":true,"href":"https:\/\/buy-prescriptionz.com\/fi\/wp-json\/wp\/v2\/comments?post=2941"}],"wp:featuredmedia":[{"embeddable":true,"href":"https:\/\/buy-prescriptionz.com\/fi\/wp-json\/wp\/v2\/media\/2971"}],"wp:attachment":[{"href":"https:\/\/buy-prescriptionz.com\/fi\/wp-json\/wp\/v2\/media?parent=2941"}],"wp:term":[{"taxonomy":"product_brand","embeddable":true,"href":"https:\/\/buy-prescriptionz.com\/fi\/wp-json\/wp\/v2\/product_brand?post=2941"},{"taxonomy":"product_cat","embeddable":true,"href":"https:\/\/buy-prescriptionz.com\/fi\/wp-json\/wp\/v2\/product_cat?post=2941"},{"taxonomy":"product_tag","embeddable":true,"href":"https:\/\/buy-prescriptionz.com\/fi\/wp-json\/wp\/v2\/product_tag?post=2941"}],"curies":[{"name":"wp","href":"https:\/\/api.w.org\/{rel}","templated":true}]}}