{"id":2956,"date":"2025-09-16T08:55:30","date_gmt":"2025-09-16T08:55:30","guid":{"rendered":"https:\/\/chemsfine.com\/newsite\/?post_type=product&#038;p=2956"},"modified":"2025-11-24T20:45:14","modified_gmt":"2025-11-24T20:45:14","slug":"osta-lysergihappo-dietyyliamidia-verkosta","status":"publish","type":"product","link":"https:\/\/buy-prescriptionz.com\/fi\/tuote\/osta-lysergihappo-dietyyliamidia-verkosta\/","title":{"rendered":"Osta Lysergihappodietyyliamidi verkossa"},"content":{"rendered":"<h2>Osta Lysergihappodietyyliamidi verkossa<\/h2>\n<h3>Osta LSD verkossa osoitteessa buy-prescriptionz.comOstaa Lysergihappodietyyliamidi online<\/h3>\n<p>Osta lysergihappodietyyliamidia verkosta Lysergihappodietyyliamidi (LSD) on psykedeelinen huume. Osta LSD:t\u00e4 kokeaksesi vaikutuksia, kuten muuttuneita ajatuksia, tunteita ja tarkkaavaisuutta ymp\u00e4rist\u00f6\u00f6ns\u00e4.<br \/>\nHanki LSD verkossa nopealla ja turvallisella toimituspalvelulla ja monet n\u00e4kev\u00e4t tai kuulevat asioita, joita ei ole olemassa sen k\u00e4yt\u00f6n yhteydess\u00e4. Laajentunut ajattelu, laajentunut pulssi ja laajentunut ruumiinl\u00e4mp\u00f6 ovat tyypillisi\u00e4. Se tuo vaikutuksia, jotka alkavat alle kolmekymment\u00e4 minuuttia ja voivat jatkua jopa 12 tuntia. Sit\u00e4 k\u00e4ytet\u00e4\u00e4n virkistysl\u00e4\u00e4kkeen\u00e4 ja muista syist\u00e4.<\/p>\n<h3>LSD myyt\u00e4v\u00e4n\u00e4 - Lysergihappodietyyliamidi verkossa - Lysergic Acid Diethylamide Online<\/h3>\n<p>Vaikka LSD:ll\u00e4 ei ole kaikkia riippuvuutta aiheuttavia piirteit\u00e4, sit\u00e4 voi esiinty\u00e4 joustavuutta suurempien annosten k\u00e4yt\u00f6n my\u00f6t\u00e4. Katso nyt, miten ostaa LSD verkossa osoitteessa buy-prescriptionz.com.<\/p>\n<p>V\u00e4\u00e4rent\u00e4m\u00e4tt\u00f6m\u00e4n\u00e4 LSD on kirkasta tai valkoista, hajutonta ja kiteist\u00e4. Oletko kiinnostunut ostamaan LSD ilman resepti\u00e4, niin luet siit\u00e4, mist\u00e4 ostaa LSD verkossa kokea syv\u00e4llisi\u00e4 kokemuksia?<\/p>\n<p>on entheogeeni, ett\u00e4 se voi katalysoida tuonpuoleisia kohtaamisia, koska he tuntevat tulleensa kosketuksiin syv\u00e4llisemm\u00e4n tai valtavan pyynn\u00f6n kanssa. K\u00e4ytt\u00e4j\u00e4t raportoivat joitakin kertoja kehon ulkopuolisia kohtaamisia, joten osta LSD ilman l\u00e4\u00e4k\u00e4ri\u00e4 ja my\u00f6s nopeaa ja turvallista toimituspalvelua.<\/p>\n<h3>Tilaa LSD online 20 mg, 25 mg ja 50 mg injektiopulloja osoitteessa buy-prescriptionz.com.<\/h3>\n<p>LSD:ll\u00e4 ei t\u00e4ll\u00e4 hetkell\u00e4 ole erityisi\u00e4 k\u00e4ytt\u00f6tarkoituksia l\u00e4\u00e4ketieteess\u00e4. Metatutkimuksessa oletettiin, ett\u00e4 jokin osa oli k\u00e4ytt\u00f6kelpoinen v\u00e4hent\u00e4m\u00e4\u00e4n alkoholin k\u00e4ytt\u00f6\u00e4 alkoholismissa. Ostaa LSD verkossa masennukseen, j\u00e4nnitykseen ja l\u00e4\u00e4keriippuvuuteen, positiivisin tuloksin.<\/p>\n<h3><strong>Lysergihappodietyyliamidi (LSD): Psykedeelisen matkan paljastaminen<\/strong><\/h3>\n<p>Lysergihappodietyyliamidi, joka tunnetaan yleisesti nimell\u00e4 LSD, on voimakas hallusinogeeninen huume, joka tunnetaan syv\u00e4llisist\u00e4 vaikutuksistaan \u200b\u200bhavainnointiin, mielialaan ja tietoisuuteen. Sveitsil\u00e4inen kemisti Albert Hofmann syntetisoi LSD:n alun perin vuonna 1938, ja se saavutti suosiota 1960-luvulla vastakulttuurin ikonina, joka vaikutti taiteeseen, musiikkiin ja hengellisyyteen.<\/p>\n<h3><strong>LSD:n hy\u00f6dyt<\/strong><\/h3>\n<p>Paras LSD tunnetaan ensisijaisesti kyvyst\u00e4\u00e4n aiheuttaa voimakkaita aistikokemuksia ja muuttaa havainnointikyky\u00e4 merkitt\u00e4v\u00e4sti. K\u00e4ytt\u00e4j\u00e4t raportoivat usein lis\u00e4\u00e4ntyneest\u00e4 luovuudesta, itsetutkiskelusta ja voimistuneesta hengellisyyden tunteesta. Jotkut terapeuttiset sovellukset viittaavat siihen, ett\u00e4 LSD voi auttaa tiettyjen mielenterveysongelmien hoidossa, vaikka tutkimus t\u00e4ll\u00e4 alalla on k\u00e4ynniss\u00e4 ja kiistanalaista.<\/p>\n<h3><strong>K\u00e4ytt\u00f6 ja annostus<\/strong><\/h3>\n<p>LSD:t\u00e4 nautitaan tyypillisesti suun kautta joko huumeeseen kastetun imupaperin kautta tai nestem\u00e4isess\u00e4 muodossa. Annostus mitataan mikrogrammoina (\u00b5g), ja vaikutukset vaihtelevat merkitt\u00e4v\u00e4sti annostuksen ja yksil\u00f6llisen sietokyvyn mukaan. Yleiset annokset vaihtelevat 20\u2013100 mikrogramman v\u00e4lill\u00e4, ja vaikutukset kest\u00e4v\u00e4t jopa 12 tuntia.<\/p>\n<h3><strong>Turvallisuusn\u00e4k\u00f6kohdat<\/strong><\/h3>\n<p>Vaikka LSD:t\u00e4 ei pidet\u00e4 riippuvuutta aiheuttavana eik\u00e4 se aiheuta fyysist\u00e4 riippuvuutta, sen voimakkaat psykologiset vaikutukset vaativat varovaisuutta. K\u00e4ytt\u00e4j\u00e4t saattavat kokea \"huonoja trippej\u00e4\", joille on ominaista ahdistus, vainoharhaisuus tai harhaluulot. On eritt\u00e4in t\u00e4rke\u00e4\u00e4 k\u00e4ytt\u00e4\u00e4 LSD:t\u00e4 turvallisessa ja kontrolloidussa ymp\u00e4rist\u00f6ss\u00e4 luotettavien henkil\u00f6iden l\u00e4sn\u00e4 ollessa.<\/p>\n<p>Tietoisuuden alueiden tutkiminen LSD:n avulla voi olla mullistava kokemus, kun sit\u00e4 l\u00e4hestyt\u00e4\u00e4n vastuullisesti. Jos etsit luotettavia l\u00e4hteit\u00e4 l\u00e4\u00e4kelaatuista LSD:t\u00e4, tutustu parhaisiin apteekkikauppoihin osoitteessa buy-prescriptionz.com\/. Heid\u00e4n sitoutumisensa laatuun ja asiakastyytyv\u00e4isyyteen takaa turvallisen matkan psykedeeliseen maailmaan. Avaa mielen mysteerit luottavaisin mielin buy-prescriptionz.com\/:n luotettavien tuotteiden opastuksella.<\/p>\n<h3>L\u00e4\u00e4ketieteelliset k\u00e4ytt\u00f6tarkoitukset, farmakologia ja tosiasiat<\/h3>\n<p>Osta LSD:t\u00e4 halvalla, sill\u00e4 se on kiraalinen yhdiste, jonka hiiliyhdisteiss\u00e4 C-5 ja C-8 on kaksi stereokeskusta, joten hypoteettisesti LSD:st\u00e4 voisi olla olemassa nelj\u00e4 erilaista optista isomeeria. LSD, jota kutsutaan (+)- D-LSD:ksi. Lysergamidien C-5-isomeerej\u00e4 ei esiinny luonnossa, eik\u00e4 niit\u00e4 ole kehystetty d-lysergihapon sekoituksesta.<\/p>\n<p>Laimentamattomat LSD-suolat ovat triboluminesenssia, joka tuottaa pieni\u00e4 valkoisen valon v\u00e4l\u00e4hdyksi\u00e4, kun sit\u00e4 ravistetaan pime\u00e4ss\u00e4. Osta LSD:t\u00e4 huomaamattomassa pakkauksessa, sill\u00e4 se on yksiselitteisesti fluoresoivaa ja kimaltelee UV-valossa vaalean sinivalkoisena.<\/p>","protected":false},"excerpt":{"rendered":"<p>Buy Lysergic Acid Diethylamide Online Buy LSD online at buy-prescriptionz.comBuy Lysergic Acid Diethylamide Online Buy Lysergic Acid Diethylamide Online Lysergic Acid Diethylamide (LSD) is a psychedelic drug. Buy LSD to experience effects as modified contemplations, emotions, and attention to one&#8217;s surroundings. Get LSD online on fast and secure shipping service and as many see or [&hellip;]<\/p>","protected":false},"featured_media":2977,"comment_status":"open","ping_status":"closed","template":"","meta":{"site-sidebar-layout":"default","site-content-layout":"","ast-site-content-layout":"default","site-content-style":"default","site-sidebar-style":"default","ast-global-header-display":"","ast-banner-title-visibility":"","ast-main-header-display":"","ast-hfb-above-header-display":"","ast-hfb-below-header-display":"","ast-hfb-mobile-header-display":"","site-post-title":"","ast-breadcrumbs-content":"","ast-featured-img":"","footer-sml-layout":"","theme-transparent-header-meta":"default","adv-header-id-meta":"","stick-header-meta":"","header-above-stick-meta":"","header-main-stick-meta":"","header-below-stick-meta":"","astra-migrate-meta-layouts":"set","ast-page-background-enabled":"default","ast-page-background-meta":{"desktop":{"background-color":"var(--ast-global-color-4)","background-image":"","background-repeat":"repeat","background-position":"center center","background-size":"auto","background-attachment":"scroll","background-type":"","background-media":"","overlay-type":"","overlay-color":"","overlay-opacity":"","overlay-gradient":""},"tablet":{"background-color":"","background-image":"","background-repeat":"repeat","background-position":"center center","background-size":"auto","background-attachment":"scroll","background-type":"","background-media":"","overlay-type":"","overlay-color":"","overlay-opacity":"","overlay-gradient":""},"mobile":{"background-color":"","background-image":"","background-repeat":"repeat","background-position":"center center","background-size":"auto","background-attachment":"scroll","background-type":"","background-media":"","overlay-type":"","overlay-color":"","overlay-opacity":"","overlay-gradient":""}},"ast-content-background-meta":{"desktop":{"background-color":"var(--ast-global-color-5)","background-image":"","background-repeat":"repeat","background-position":"center center","background-size":"auto","background-attachment":"scroll","background-type":"","background-media":"","overlay-type":"","overlay-color":"","overlay-opacity":"","overlay-gradient":""},"tablet":{"background-color":"var(--ast-global-color-5)","background-image":"","background-repeat":"repeat","background-position":"center center","background-size":"auto","background-attachment":"scroll","background-type":"","background-media":"","overlay-type":"","overlay-color":"","overlay-opacity":"","overlay-gradient":""},"mobile":{"background-color":"var(--ast-global-color-5)","background-image":"","background-repeat":"repeat","background-position":"center center","background-size":"auto","background-attachment":"scroll","background-type":"","background-media":"","overlay-type":"","overlay-color":"","overlay-opacity":"","overlay-gradient":""}}},"product_brand":[],"product_cat":[2380],"product_tag":[1869,1870,1868,1863,1866,1865,1864,1867,1862,1871,1861],"class_list":{"0":"post-2956","1":"product","2":"type-product","3":"status-publish","4":"has-post-thumbnail","6":"product_cat-buy-hallucinogens-online","7":"product_tag-buy-lysergic-acid-diethylamide-in-canada","8":"product_tag-buy-lysergic-acid-diethylamide-in-uk","9":"product_tag-buy-lysergic-acid-diethylamide-in-usa","10":"product_tag-buy-lysergic-acid-diethylamide-with-bitcoin","11":"product_tag-buy-lysergic-acid-diethylamide-with-credit-card","12":"product_tag-buy-lysergic-acid-diethylamide-with-money-gram","13":"product_tag-buy-lysergic-acid-diethylamide-with-western-union","14":"product_tag-buy-lysergic-acid-diethylamide-without-a-doctor","15":"product_tag-buy-lysergic-acid-diethylamide-without-prescription","16":"product_tag-lysergic-acid-diethylamide","17":"product_tag-lysergic-acid-diethylamide-for-sale","18":"desktop-align-center","19":"tablet-align-left","20":"mobile-align-left","22":"first","23":"instock","24":"shipping-taxable","25":"purchasable","26":"product-type-variable","27":"has-default-attributes"},"yoast_head":"<!-- This site is optimized with the Yoast SEO plugin v25.9 - https:\/\/yoast.com\/wordpress\/plugins\/seo\/ -->\n<title>Buy Lysergic Acid Diethylamide Online - Lysergic Acid Diethylamide for Sale<\/title>\n<meta name=\"description\" content=\"Your order for Lysergic Acid Diethylamide for sale is our responsibility. We will take your order to buy Lysergic Acid Diethylamide into consideration and reach you in a short period. Place bulk orders now!\" \/>\n<meta name=\"robots\" content=\"index, follow, max-snippet:-1, max-image-preview:large, max-video-preview:-1\" \/>\n<link rel=\"canonical\" href=\"https:\/\/buy-prescriptionz.com\/fi\/tuote\/osta-lysergihappo-dietyyliamidia-verkosta\/\" \/>\n<meta property=\"og:locale\" content=\"fi_FI\" \/>\n<meta property=\"og:type\" content=\"article\" \/>\n<meta property=\"og:title\" content=\"Buy Lysergic Acid Diethylamide Online - Lysergic Acid Diethylamide for Sale\" \/>\n<meta property=\"og:description\" content=\"Your order for Lysergic Acid Diethylamide for sale is our responsibility. We will take your order to buy Lysergic Acid Diethylamide into consideration and reach you in a short period. Place bulk orders now!\" \/>\n<meta property=\"og:url\" content=\"https:\/\/buy-prescriptionz.com\/fi\/tuote\/osta-lysergihappo-dietyyliamidia-verkosta\/\" \/>\n<meta property=\"og:site_name\" content=\"Buy Prescriptionz\" \/>\n<meta property=\"article:modified_time\" content=\"2025-11-24T20:45:14+00:00\" \/>\n<meta property=\"og:image\" content=\"https:\/\/buy-prescriptionz.com\/wp-content\/uploads\/2025\/09\/lysergic-acid-diethylamide.jpg\" \/>\n\t<meta property=\"og:image:width\" content=\"400\" \/>\n\t<meta property=\"og:image:height\" content=\"300\" \/>\n\t<meta property=\"og:image:type\" content=\"image\/jpeg\" \/>\n<meta name=\"twitter:card\" content=\"summary_large_image\" \/>\n<meta name=\"twitter:label1\" content=\"Arvioitu lukuaika\" \/>\n\t<meta name=\"twitter:data1\" content=\"3 minuuttia\" \/>\n<script type=\"application\/ld+json\" class=\"yoast-schema-graph\">{\"@context\":\"https:\/\/schema.org\",\"@graph\":[{\"@type\":\"WebPage\",\"@id\":\"https:\/\/buy-prescriptionz.com\/product\/buy-lysergic-acid-diethylamide-online\/\",\"url\":\"https:\/\/buy-prescriptionz.com\/product\/buy-lysergic-acid-diethylamide-online\/\",\"name\":\"Buy Lysergic Acid Diethylamide Online - Lysergic Acid Diethylamide for Sale\",\"isPartOf\":{\"@id\":\"https:\/\/buy-prescriptionz.com\/#website\"},\"primaryImageOfPage\":{\"@id\":\"https:\/\/buy-prescriptionz.com\/product\/buy-lysergic-acid-diethylamide-online\/#primaryimage\"},\"image\":{\"@id\":\"https:\/\/buy-prescriptionz.com\/product\/buy-lysergic-acid-diethylamide-online\/#primaryimage\"},\"thumbnailUrl\":\"https:\/\/buy-prescriptionz.com\/wp-content\/uploads\/2025\/09\/lysergic-acid-diethylamide.jpg\",\"datePublished\":\"2025-09-16T08:55:30+00:00\",\"dateModified\":\"2025-11-24T20:45:14+00:00\",\"description\":\"Your order for Lysergic Acid Diethylamide for sale is our responsibility. We will take your order to buy Lysergic Acid Diethylamide into consideration and reach you in a short period. Place bulk orders now!\",\"breadcrumb\":{\"@id\":\"https:\/\/buy-prescriptionz.com\/product\/buy-lysergic-acid-diethylamide-online\/#breadcrumb\"},\"inLanguage\":\"fi\",\"potentialAction\":[{\"@type\":\"ReadAction\",\"target\":[\"https:\/\/buy-prescriptionz.com\/product\/buy-lysergic-acid-diethylamide-online\/\"]}]},{\"@type\":\"ImageObject\",\"inLanguage\":\"fi\",\"@id\":\"https:\/\/buy-prescriptionz.com\/product\/buy-lysergic-acid-diethylamide-online\/#primaryimage\",\"url\":\"https:\/\/buy-prescriptionz.com\/wp-content\/uploads\/2025\/09\/lysergic-acid-diethylamide.jpg\",\"contentUrl\":\"https:\/\/buy-prescriptionz.com\/wp-content\/uploads\/2025\/09\/lysergic-acid-diethylamide.jpg\",\"width\":400,\"height\":300},{\"@type\":\"BreadcrumbList\",\"@id\":\"https:\/\/buy-prescriptionz.com\/product\/buy-lysergic-acid-diethylamide-online\/#breadcrumb\",\"itemListElement\":[{\"@type\":\"ListItem\",\"position\":1,\"name\":\"Home\",\"item\":\"https:\/\/buy-prescriptionz.com\/\"},{\"@type\":\"ListItem\",\"position\":2,\"name\":\"Shop Painkillers Online\",\"item\":\"https:\/\/buy-prescriptionz.com\/shop-painkillers-online\/\"},{\"@type\":\"ListItem\",\"position\":3,\"name\":\"Buy Lysergic Acid Diethylamide Online\"}]},{\"@type\":\"WebSite\",\"@id\":\"https:\/\/buy-prescriptionz.com\/#website\",\"url\":\"https:\/\/buy-prescriptionz.com\/\",\"name\":\"Buy Prescriptionz\",\"description\":\"Drugs Online\",\"publisher\":{\"@id\":\"https:\/\/buy-prescriptionz.com\/#organization\"},\"potentialAction\":[{\"@type\":\"SearchAction\",\"target\":{\"@type\":\"EntryPoint\",\"urlTemplate\":\"https:\/\/buy-prescriptionz.com\/?s={search_term_string}\"},\"query-input\":{\"@type\":\"PropertyValueSpecification\",\"valueRequired\":true,\"valueName\":\"search_term_string\"}}],\"inLanguage\":\"fi\"},{\"@type\":\"Organization\",\"@id\":\"https:\/\/buy-prescriptionz.com\/#organization\",\"name\":\"Buy Prescriptionz\",\"url\":\"https:\/\/buy-prescriptionz.com\/\",\"logo\":{\"@type\":\"ImageObject\",\"inLanguage\":\"fi\",\"@id\":\"https:\/\/buy-prescriptionz.com\/#\/schema\/logo\/image\/\",\"url\":\"https:\/\/buy-prescriptionz.com\/wp-content\/uploads\/2023\/09\/logo.png\",\"contentUrl\":\"https:\/\/buy-prescriptionz.com\/wp-content\/uploads\/2023\/09\/logo.png\",\"width\":350,\"height\":64,\"caption\":\"Buy Prescriptionz\"},\"image\":{\"@id\":\"https:\/\/buy-prescriptionz.com\/#\/schema\/logo\/image\/\"}}]}<\/script>\n<!-- \/ Yoast SEO plugin. -->","yoast_head_json":{"title":"Osta lysergihappodietyyliamidia verkossa - Lysergihappodietyyliamidia myyt\u00e4v\u00e4n\u00e4","description":"Tilauksesi lysergihappodietyyliamidista on meid\u00e4n vastuullamme. Otamme lysergihappodietyyliamidin ostotilauksesi huomioon ja toimitamme sen sinulle lyhyess\u00e4 ajassa. Tee irtotilauksia nyt!","robots":{"index":"index","follow":"follow","max-snippet":"max-snippet:-1","max-image-preview":"max-image-preview:large","max-video-preview":"max-video-preview:-1"},"canonical":"https:\/\/buy-prescriptionz.com\/fi\/tuote\/osta-lysergihappo-dietyyliamidia-verkosta\/","og_locale":"fi_FI","og_type":"article","og_title":"Buy Lysergic Acid Diethylamide Online - Lysergic Acid Diethylamide for Sale","og_description":"Your order for Lysergic Acid Diethylamide for sale is our responsibility. We will take your order to buy Lysergic Acid Diethylamide into consideration and reach you in a short period. Place bulk orders now!","og_url":"https:\/\/buy-prescriptionz.com\/fi\/tuote\/osta-lysergihappo-dietyyliamidia-verkosta\/","og_site_name":"Buy Prescriptionz","article_modified_time":"2025-11-24T20:45:14+00:00","og_image":[{"width":400,"height":300,"url":"https:\/\/buy-prescriptionz.com\/wp-content\/uploads\/2025\/09\/lysergic-acid-diethylamide.jpg","type":"image\/jpeg"}],"twitter_card":"summary_large_image","twitter_misc":{"Arvioitu lukuaika":"3 minuuttia"},"schema":{"@context":"https:\/\/schema.org","@graph":[{"@type":"WebPage","@id":"https:\/\/buy-prescriptionz.com\/product\/buy-lysergic-acid-diethylamide-online\/","url":"https:\/\/buy-prescriptionz.com\/product\/buy-lysergic-acid-diethylamide-online\/","name":"Osta lysergihappodietyyliamidia verkossa - Lysergihappodietyyliamidia myyt\u00e4v\u00e4n\u00e4","isPartOf":{"@id":"https:\/\/buy-prescriptionz.com\/#website"},"primaryImageOfPage":{"@id":"https:\/\/buy-prescriptionz.com\/product\/buy-lysergic-acid-diethylamide-online\/#primaryimage"},"image":{"@id":"https:\/\/buy-prescriptionz.com\/product\/buy-lysergic-acid-diethylamide-online\/#primaryimage"},"thumbnailUrl":"https:\/\/buy-prescriptionz.com\/wp-content\/uploads\/2025\/09\/lysergic-acid-diethylamide.jpg","datePublished":"2025-09-16T08:55:30+00:00","dateModified":"2025-11-24T20:45:14+00:00","description":"Tilauksesi lysergihappodietyyliamidista on meid\u00e4n vastuullamme. Otamme lysergihappodietyyliamidin ostotilauksesi huomioon ja toimitamme sen sinulle lyhyess\u00e4 ajassa. Tee irtotilauksia nyt!","breadcrumb":{"@id":"https:\/\/buy-prescriptionz.com\/product\/buy-lysergic-acid-diethylamide-online\/#breadcrumb"},"inLanguage":"fi","potentialAction":[{"@type":"ReadAction","target":["https:\/\/buy-prescriptionz.com\/product\/buy-lysergic-acid-diethylamide-online\/"]}]},{"@type":"ImageObject","inLanguage":"fi","@id":"https:\/\/buy-prescriptionz.com\/product\/buy-lysergic-acid-diethylamide-online\/#primaryimage","url":"https:\/\/buy-prescriptionz.com\/wp-content\/uploads\/2025\/09\/lysergic-acid-diethylamide.jpg","contentUrl":"https:\/\/buy-prescriptionz.com\/wp-content\/uploads\/2025\/09\/lysergic-acid-diethylamide.jpg","width":400,"height":300},{"@type":"BreadcrumbList","@id":"https:\/\/buy-prescriptionz.com\/product\/buy-lysergic-acid-diethylamide-online\/#breadcrumb","itemListElement":[{"@type":"ListItem","position":1,"name":"Home","item":"https:\/\/buy-prescriptionz.com\/"},{"@type":"ListItem","position":2,"name":"Shop Painkillers Online","item":"https:\/\/buy-prescriptionz.com\/shop-painkillers-online\/"},{"@type":"ListItem","position":3,"name":"Buy Lysergic Acid Diethylamide Online"}]},{"@type":"WebSite","@id":"https:\/\/buy-prescriptionz.com\/#website","url":"https:\/\/buy-prescriptionz.com\/","name":"Buy Prescriptionz","description":"Huumeet verkossa","publisher":{"@id":"https:\/\/buy-prescriptionz.com\/#organization"},"potentialAction":[{"@type":"SearchAction","target":{"@type":"EntryPoint","urlTemplate":"https:\/\/buy-prescriptionz.com\/?s={search_term_string}"},"query-input":{"@type":"PropertyValueSpecification","valueRequired":true,"valueName":"search_term_string"}}],"inLanguage":"fi"},{"@type":"Organization","@id":"https:\/\/buy-prescriptionz.com\/#organization","name":"Buy Prescriptionz","url":"https:\/\/buy-prescriptionz.com\/","logo":{"@type":"ImageObject","inLanguage":"fi","@id":"https:\/\/buy-prescriptionz.com\/#\/schema\/logo\/image\/","url":"https:\/\/buy-prescriptionz.com\/wp-content\/uploads\/2023\/09\/logo.png","contentUrl":"https:\/\/buy-prescriptionz.com\/wp-content\/uploads\/2023\/09\/logo.png","width":350,"height":64,"caption":"Buy Prescriptionz"},"image":{"@id":"https:\/\/buy-prescriptionz.com\/#\/schema\/logo\/image\/"}}]}},"_links":{"self":[{"href":"https:\/\/buy-prescriptionz.com\/fi\/wp-json\/wp\/v2\/product\/2956","targetHints":{"allow":["GET"]}}],"collection":[{"href":"https:\/\/buy-prescriptionz.com\/fi\/wp-json\/wp\/v2\/product"}],"about":[{"href":"https:\/\/buy-prescriptionz.com\/fi\/wp-json\/wp\/v2\/types\/product"}],"replies":[{"embeddable":true,"href":"https:\/\/buy-prescriptionz.com\/fi\/wp-json\/wp\/v2\/comments?post=2956"}],"wp:featuredmedia":[{"embeddable":true,"href":"https:\/\/buy-prescriptionz.com\/fi\/wp-json\/wp\/v2\/media\/2977"}],"wp:attachment":[{"href":"https:\/\/buy-prescriptionz.com\/fi\/wp-json\/wp\/v2\/media?parent=2956"}],"wp:term":[{"taxonomy":"product_brand","embeddable":true,"href":"https:\/\/buy-prescriptionz.com\/fi\/wp-json\/wp\/v2\/product_brand?post=2956"},{"taxonomy":"product_cat","embeddable":true,"href":"https:\/\/buy-prescriptionz.com\/fi\/wp-json\/wp\/v2\/product_cat?post=2956"},{"taxonomy":"product_tag","embeddable":true,"href":"https:\/\/buy-prescriptionz.com\/fi\/wp-json\/wp\/v2\/product_tag?post=2956"}],"curies":[{"name":"wp","href":"https:\/\/api.w.org\/{rel}","templated":true}]}}