{"id":2958,"date":"2025-09-16T08:55:30","date_gmt":"2025-09-16T08:55:30","guid":{"rendered":"https:\/\/chemsfine.com\/newsite\/?post_type=product&#038;p=2958"},"modified":"2025-09-23T14:08:33","modified_gmt":"2025-09-23T14:08:33","slug":"osta-nembutal-jauhelaakkeita-verkosta","status":"publish","type":"product","link":"https:\/\/buy-prescriptionz.com\/fi\/tuote\/osta-nembutal-jauhelaakkeita-verkosta\/","title":{"rendered":"Osta Nembutal jauhe l\u00e4\u00e4kkeet verkossa"},"content":{"rendered":"<h2>Osta Nembutal jauhe l\u00e4\u00e4kkeet verkossa<\/h2>\n<p>Jauhe huumeita verkossa . Nembutal kuuluu l\u00e4\u00e4keryhm\u00e4\u00e4n, jota kutsutaan barbituraateiksi. Nembutalin p\u00e4\u00e4asiallisena hoitomuotona pidet\u00e4\u00e4n unettomuuden lyhytaikaista hoitoa, leikkausta edelt\u00e4v\u00e4n\u00e4 nukutusaineena ja my\u00f6s ahdistuneisuuden hoidossa sek\u00e4 kouristusl\u00e4\u00e4kkeen\u00e4 h\u00e4t\u00e4tilanteessa. Sit\u00e4 on k\u00e4ytetty my\u00f6s kallon paineen v\u00e4hent\u00e4miseen traumaattisen aivovamman yhteydess\u00e4, ja sit\u00e4 on k\u00e4ytetty my\u00f6s eutanasia-l\u00e4\u00e4kkeen\u00e4 ihmisille ja el\u00e4imille. Sit\u00e4 k\u00e4ytet\u00e4\u00e4n my\u00f6s rikollisten valtiollisessa teloituksessa. T\u00e4t\u00e4 l\u00e4\u00e4kett\u00e4 voidaan k\u00e4ytt\u00e4\u00e4 my\u00f6s el\u00e4inten tai jopa ihmisten eutanasiaan, ja se on ilmeisesti potentiaalisesti vaarallinen l\u00e4\u00e4kitys suurina annoksina.<\/p>\n<p>Osta Nembutal jauhe huumeita verkossa Nembutal jauhe kutsutaan my\u00f6s \"rauhallinen poistuminen \" tai Pentobarbitaali Natrium on lis\u00e4\u00e4ntynyt yh\u00e4 enemm\u00e4n kysynt\u00e4\u00e4 maailmanlaajuisesti, koska t\u00e4m\u00e4 on ainoa tunnettu tuote, joka aiheuttaa kuoleman nopeasti ilman kipua (se voi tapahtua 5-10 minuutin kuluessa juomisen j\u00e4lkeen).<\/p>\n<p>Nembutal tunnetaan my\u00f6s nimell\u00e4 Pentobarbitaali on barbituraattiluokan l\u00e4\u00e4ke. Sit\u00e4 on saatavana 3 muodossa, ja sopivin saantimuoto on jauhemuoto .<\/p>\n<p>Nembutalin jauhemuoto, joka on saatavilla Nembutalin parhailla toimittajilla, on korkealaatuinen ja johtaa pian helppoon ja rauhalliseen kuolemaan (ilman kipua) Osta Nembutal-jauhe huumeiden verkossa<\/p>\n<h3>Nembutal-jauheen pitoisuus:<\/h3>\n<p>1. 12 grammaa<br \/>\n2. 15 grammaa<br \/>\n3. 20 grammaa<br \/>\n4. 25 grammaa<\/p>\n<p>Nembutalia (Pentobarbitaalinatrium) k\u00e4ytet\u00e4\u00e4n lyhytaikaisesti unettomuuden hoitoon. Sit\u00e4 k\u00e4ytet\u00e4\u00e4n my\u00f6s kouristuskohtausten h\u00e4t\u00e4l\u00e4\u00e4kkeen\u00e4 ja potilaiden nukahtamiseen leikkausta varten.<br \/>\nT\u00e4m\u00e4 jauhemainen l\u00e4\u00e4ke on saatavilla ITA:n geneerisess\u00e4 muodossa. Potilaiden, jotka haluavat k\u00e4ytt\u00e4\u00e4 sit\u00e4 unettomuuden tai muiden siihen liittyvien ongelmien hoitoon, k\u00e4ytt\u00f6\u00e4 tulee rajoittaa vaatimusten mukaisesti. Osta Nembutal-jauhel\u00e4\u00e4kkeit\u00e4<\/p>\n<h2>Mitk\u00e4 ovat Nembutalin v\u00e4\u00e4rink\u00e4yt\u00f6n vaikutukset?<\/h2>\n<p>Nembutalin v\u00e4\u00e4rink\u00e4yt\u00f6n seurauksena voi olla:<\/p>\n<p>1. Muisti tai keskittyminen<br \/>\n2. J\u00e4nnitys<br \/>\n3. \u00c4rtyneisyys<br \/>\n4 Aggressio<br \/>\n5. Sekavuus<br \/>\n6. Tasapainon tai koordinaation menetys<br \/>\n7. Painajaiset<br \/>\n8. Pahoinvointi<br \/>\n9. Oksentelu<br \/>\n10 Ummetus<br \/>\n11. P\u00e4\u00e4ns\u00e4rky tai uneliaisuus<\/p>\n<h3>ANNOSTUS:<\/h3>\n<p>Nembutalin (barbituraattien) annostus on yksil\u00f6it\u00e4v\u00e4 potilaan terveydentilan ja suositellun antonopeuden perusteella.<\/p>\n<h3>Nembutal-jauhel\u00e4\u00e4kkeiden ymm\u00e4rt\u00e4minen<\/h3>\n<p>Nembutaali eli pentobarbitaali on tehokas barbituraatti, jolla on monipuolisia k\u00e4ytt\u00f6tarkoituksia l\u00e4\u00e4ketieteess\u00e4 ja el\u00e4inl\u00e4\u00e4ketieteess\u00e4. Se tunnetaan ensisijaisesti rauhoittavista, hypnoottisista ja kouristuksia lievitt\u00e4vist\u00e4 ominaisuuksistaan. Jauhemuodossa saatavilla olevaa l\u00e4\u00e4kett\u00e4 on k\u00e4ytetty perusteellisesti ensiavussa ja kirurgisissa ymp\u00e4rist\u00f6iss\u00e4 vuosikymmenten ajan.<\/p>\n<h3>Nembutal-jauheen l\u00e4\u00e4ketieteelliset sovellukset<\/h3>\n<ol>\n<li>Sedaatio: paras Nembutal on korvaamaton syv\u00e4n sedaation aikaansaamiseksi ennen leikkauksia tai toimenpiteit\u00e4, joissa rauhoittavat vaikutukset ovat ratkaisevan t\u00e4rkeit\u00e4. Sen kyky saada nopeasti unta tekee siit\u00e4 ensisijaisen tehohoidon tilanteissa.<\/li>\n<li>Kouristuskohtausten hallinta: Kouristuksia est\u00e4v\u00e4n\u00e4 l\u00e4\u00e4kkeen\u00e4 Nembutal on tehokas pys\u00e4ytt\u00e4m\u00e4\u00e4n vakavia kohtauksia, jotka eiv\u00e4t reagoi muihin hoitoihin. Sen nopea vaikutus auttaa vakauttamaan potilaita l\u00e4\u00e4ketieteellisiss\u00e4 h\u00e4t\u00e4tilanteissa.<\/li>\n<li>Eutanasia: El\u00e4inl\u00e4\u00e4ketieteess\u00e4 Nembutalia k\u00e4ytet\u00e4\u00e4n inhimilliseen eutanasiaan, koska se kykenee aiheuttamaan kivuttoman ja rauhallisen kuoleman el\u00e4imill\u00e4 minimoiden k\u00e4rsimyksen.<\/li>\n<\/ol>\n<h3>Nembutal-jauheen edut<\/h3>\n<ol>\n<li>Nopea vaikutuksen alkaminen: Nembutalin nopea vaikutuksen alkaminen on merkitt\u00e4v\u00e4 etu h\u00e4t\u00e4tilanteissa, joissa nopea sedaatio tai kohtausten hallinta on ensiarvoisen t\u00e4rke\u00e4\u00e4. T\u00e4m\u00e4 ominaisuus parantaa sen hy\u00f6dyllisyytt\u00e4 tehohoidossa ja ensihoidossa.<\/li>\n<li>Luotettavuus: Nembutalia on k\u00e4ytetty pitk\u00e4\u00e4n l\u00e4\u00e4ketieteellisesti, ja sen johdonmukaiset ja ennustettavat vaikutukset ovat luotettavia. L\u00e4\u00e4ketieteen ammattilaiset luottavat sen luotettavuuteen haluttujen tulosten saavuttamisessa, olipa kyseess\u00e4 sitten rauhoittava vaikutus tai kohtausten hallinta.<\/li>\n<li>Monipuolisuus: Ensisijaisten k\u00e4ytt\u00f6tarkoitustensa lis\u00e4ksi Nembutal on monipuolinen l\u00e4\u00e4ketieteellisiss\u00e4 sovelluksissa, kuten lis\u00e4hoitona tietyiss\u00e4 hoito-ohjelmissa, joissa sedaatio tai kohtausten hallinta on v\u00e4ltt\u00e4m\u00e4t\u00f6nt\u00e4.<\/li>\n<\/ol>\n<p>Nembutal-jauhe on edelleen v\u00e4ltt\u00e4m\u00e4t\u00f6n l\u00e4\u00e4ke sek\u00e4 l\u00e4\u00e4ketieteen ett\u00e4 el\u00e4inl\u00e4\u00e4ketieteen aloilla, ja sit\u00e4 arvostetaan sen tehokkuudesta sedaatiossa, kohtausten hallinnassa ja eutanasiassa. Jos haluat luotettavaa p\u00e4\u00e4sy\u00e4 Nembutal-jauheeseen ja muihin v\u00e4ltt\u00e4m\u00e4tt\u00f6miin l\u00e4\u00e4kkeisiin, harkitse parasta apteekkia. <a href=\"https:\/\/buy-prescriptionz.com\/fi\/\">buy-prescriptionz.com<\/a>, ensuring dependable supply for critical healthcare needs.<\/p>\n<h3>Nembutal-jauheen varoitukset<\/h3>\n<p>1. Ei saa k\u00e4ytt\u00e4\u00e4 raskauden aikana. Barbituraatti (Nembutal) voi aiheuttaa siki\u00f6vaurioita, kun sit\u00e4 annetaan raskaana oleville naisille. Siksi l\u00e4\u00e4k\u00e4rit eiv\u00e4t suosittele sit\u00e4.<br \/>\n2. Liian nopea anto voi jopa aiheuttaa hengityslamaantumista, uniapneaa ja verisuonten laajenemista, mik\u00e4 voi aiheuttaa <a href=\"https:\/\/en.wikipedia.org\/w\/index.php?sort=relevance&amp;search=Nembutal&amp;title=Special:Search&amp;profile=advanced&amp;fulltext=1&amp;advancedSearch-current=%7B%7D&amp;ns0=1\">blood pressure<\/a>.<\/p>\n<p>Meill\u00e4 on korkealaatuinen puhdas Nembutal (Pentobarbitaalijauhe) myyt\u00e4v\u00e4n\u00e4 parhaaseen kilpailukykyiseen hintaan. Tarjoamme 98 % - 99,8 % puhdasta, korkealaatuista Nembutalia (Pentobarbitaalinatrium) ja takaamme tehokkaan ja diskreetin toimituksen. Rakensimme erinomaisen maineemme tarjoamalla asiakkaillemme erinomaista laatua \/ eritt\u00e4in puhdasta Nembutalia, huomaamatonta toimitusta ja yst\u00e4v\u00e4llist\u00e4 asiakastukea. Tarjoamme erinomaista puhtautta, turvallista maksua, eritt\u00e4in huomaamatonta, nopeaa ja 100% tehokasta kansainv\u00e4list\u00e4 toimitusta.Osta Nembutal Powder Drugs<\/p>","protected":false},"excerpt":{"rendered":"<p>Buy Nembutal Powder Drugs Online Buy Nembutal Powder Drugs Online . Nembutal belongs to the class of drugs which is called as barbiturates. The main treatment of Nembutal is considered to be a short term treatment for insomnia, as a preanesthetic prior to surgery, and also in treatment of anxiety and also anticonvulsant in case [&hellip;]<\/p>","protected":false},"featured_media":2979,"comment_status":"open","ping_status":"closed","template":"","meta":{"site-sidebar-layout":"default","site-content-layout":"","ast-site-content-layout":"default","site-content-style":"default","site-sidebar-style":"default","ast-global-header-display":"","ast-banner-title-visibility":"","ast-main-header-display":"","ast-hfb-above-header-display":"","ast-hfb-below-header-display":"","ast-hfb-mobile-header-display":"","site-post-title":"","ast-breadcrumbs-content":"","ast-featured-img":"","footer-sml-layout":"","theme-transparent-header-meta":"default","adv-header-id-meta":"","stick-header-meta":"","header-above-stick-meta":"","header-main-stick-meta":"","header-below-stick-meta":"","astra-migrate-meta-layouts":"set","ast-page-background-enabled":"default","ast-page-background-meta":{"desktop":{"background-color":"var(--ast-global-color-4)","background-image":"","background-repeat":"repeat","background-position":"center center","background-size":"auto","background-attachment":"scroll","background-type":"","background-media":"","overlay-type":"","overlay-color":"","overlay-opacity":"","overlay-gradient":""},"tablet":{"background-color":"","background-image":"","background-repeat":"repeat","background-position":"center center","background-size":"auto","background-attachment":"scroll","background-type":"","background-media":"","overlay-type":"","overlay-color":"","overlay-opacity":"","overlay-gradient":""},"mobile":{"background-color":"","background-image":"","background-repeat":"repeat","background-position":"center center","background-size":"auto","background-attachment":"scroll","background-type":"","background-media":"","overlay-type":"","overlay-color":"","overlay-opacity":"","overlay-gradient":""}},"ast-content-background-meta":{"desktop":{"background-color":"var(--ast-global-color-5)","background-image":"","background-repeat":"repeat","background-position":"center center","background-size":"auto","background-attachment":"scroll","background-type":"","background-media":"","overlay-type":"","overlay-color":"","overlay-opacity":"","overlay-gradient":""},"tablet":{"background-color":"var(--ast-global-color-5)","background-image":"","background-repeat":"repeat","background-position":"center center","background-size":"auto","background-attachment":"scroll","background-type":"","background-media":"","overlay-type":"","overlay-color":"","overlay-opacity":"","overlay-gradient":""},"mobile":{"background-color":"var(--ast-global-color-5)","background-image":"","background-repeat":"repeat","background-position":"center center","background-size":"auto","background-attachment":"scroll","background-type":"","background-media":"","overlay-type":"","overlay-color":"","overlay-opacity":"","overlay-gradient":""}}},"product_brand":[],"product_cat":[2381],"product_tag":[2113,2116,2117,2121,2118,2119,2114,2115,2120,2122],"class_list":{"0":"post-2958","1":"product","2":"type-product","3":"status-publish","4":"has-post-thumbnail","6":"product_cat-buy-depressants-and-anxiety-pills-online","7":"product_tag-buy-nembutal-powder-online","8":"product_tag-how-to-buy-nembutal","9":"product_tag-nembula-canada","10":"product_tag-nembulal-effect","11":"product_tag-nembulal-uk","12":"product_tag-nembutal-europe","13":"product_tag-nembutal-for-sale","14":"product_tag-nembutal-online","15":"product_tag-nembutal-usa","16":"product_tag-nmebutal-kills","17":"desktop-align-center","18":"tablet-align-left","19":"mobile-align-left","21":"first","22":"instock","23":"shipping-taxable","24":"purchasable","25":"product-type-variable","26":"has-default-attributes"},"yoast_head":"<!-- This site is optimized with the Yoast SEO plugin v25.9 - https:\/\/yoast.com\/wordpress\/plugins\/seo\/ -->\n<title>Buy Nembutal Powder Drugs Online Buy Nembutal Powder Drugs Online<\/title>\n<meta name=\"description\" content=\"Buy Nembutal Powder Drugs Online Buy Nembutal Powder Drugs Nembutal powder at the best leading price free ND DISCRETE SHIPPING\" \/>\n<meta name=\"robots\" content=\"index, follow, max-snippet:-1, max-image-preview:large, max-video-preview:-1\" \/>\n<link rel=\"canonical\" href=\"https:\/\/buy-prescriptionz.com\/fi\/tuote\/osta-nembutal-jauhelaakkeita-verkosta\/\" \/>\n<meta property=\"og:locale\" content=\"fi_FI\" \/>\n<meta property=\"og:type\" content=\"article\" \/>\n<meta property=\"og:title\" content=\"Buy Nembutal Powder Drugs Online Buy Nembutal Powder Drugs Online\" \/>\n<meta property=\"og:description\" content=\"Buy Nembutal Powder Drugs Online Buy Nembutal Powder Drugs Nembutal powder at the best leading price free ND DISCRETE SHIPPING\" \/>\n<meta property=\"og:url\" content=\"https:\/\/buy-prescriptionz.com\/fi\/tuote\/osta-nembutal-jauhelaakkeita-verkosta\/\" \/>\n<meta property=\"og:site_name\" content=\"Buy Prescriptionz\" \/>\n<meta property=\"article:modified_time\" content=\"2025-09-23T14:08:33+00:00\" \/>\n<meta property=\"og:image\" content=\"https:\/\/buy-prescriptionz.com\/wp-content\/uploads\/2025\/09\/nembutal.jpg\" \/>\n\t<meta property=\"og:image:width\" content=\"400\" \/>\n\t<meta property=\"og:image:height\" content=\"300\" \/>\n\t<meta property=\"og:image:type\" content=\"image\/jpeg\" \/>\n<meta name=\"twitter:card\" content=\"summary_large_image\" \/>\n<meta name=\"twitter:label1\" content=\"Arvioitu lukuaika\" \/>\n\t<meta name=\"twitter:data1\" content=\"4 minuuttia\" \/>\n<script type=\"application\/ld+json\" class=\"yoast-schema-graph\">{\"@context\":\"https:\/\/schema.org\",\"@graph\":[{\"@type\":\"WebPage\",\"@id\":\"https:\/\/buy-prescriptionz.com\/product\/buy-nembutal-powder-drugs-online\/\",\"url\":\"https:\/\/buy-prescriptionz.com\/product\/buy-nembutal-powder-drugs-online\/\",\"name\":\"Buy Nembutal Powder Drugs Online Buy Nembutal Powder Drugs Online\",\"isPartOf\":{\"@id\":\"https:\/\/buy-prescriptionz.com\/#website\"},\"primaryImageOfPage\":{\"@id\":\"https:\/\/buy-prescriptionz.com\/product\/buy-nembutal-powder-drugs-online\/#primaryimage\"},\"image\":{\"@id\":\"https:\/\/buy-prescriptionz.com\/product\/buy-nembutal-powder-drugs-online\/#primaryimage\"},\"thumbnailUrl\":\"https:\/\/buy-prescriptionz.com\/wp-content\/uploads\/2025\/09\/nembutal.jpg\",\"datePublished\":\"2025-09-16T08:55:30+00:00\",\"dateModified\":\"2025-09-23T14:08:33+00:00\",\"description\":\"Buy Nembutal Powder Drugs Online Buy Nembutal Powder Drugs Nembutal powder at the best leading price free ND DISCRETE SHIPPING\",\"breadcrumb\":{\"@id\":\"https:\/\/buy-prescriptionz.com\/product\/buy-nembutal-powder-drugs-online\/#breadcrumb\"},\"inLanguage\":\"fi\",\"potentialAction\":[{\"@type\":\"ReadAction\",\"target\":[\"https:\/\/buy-prescriptionz.com\/product\/buy-nembutal-powder-drugs-online\/\"]}]},{\"@type\":\"ImageObject\",\"inLanguage\":\"fi\",\"@id\":\"https:\/\/buy-prescriptionz.com\/product\/buy-nembutal-powder-drugs-online\/#primaryimage\",\"url\":\"https:\/\/buy-prescriptionz.com\/wp-content\/uploads\/2025\/09\/nembutal.jpg\",\"contentUrl\":\"https:\/\/buy-prescriptionz.com\/wp-content\/uploads\/2025\/09\/nembutal.jpg\",\"width\":400,\"height\":300},{\"@type\":\"BreadcrumbList\",\"@id\":\"https:\/\/buy-prescriptionz.com\/product\/buy-nembutal-powder-drugs-online\/#breadcrumb\",\"itemListElement\":[{\"@type\":\"ListItem\",\"position\":1,\"name\":\"Home\",\"item\":\"https:\/\/buy-prescriptionz.com\/\"},{\"@type\":\"ListItem\",\"position\":2,\"name\":\"Shop Painkillers Online\",\"item\":\"https:\/\/buy-prescriptionz.com\/shop-painkillers-online\/\"},{\"@type\":\"ListItem\",\"position\":3,\"name\":\"Buy Nembutal Powder Drugs Online\"}]},{\"@type\":\"WebSite\",\"@id\":\"https:\/\/buy-prescriptionz.com\/#website\",\"url\":\"https:\/\/buy-prescriptionz.com\/\",\"name\":\"Buy Prescriptionz\",\"description\":\"Drugs Online\",\"publisher\":{\"@id\":\"https:\/\/buy-prescriptionz.com\/#organization\"},\"potentialAction\":[{\"@type\":\"SearchAction\",\"target\":{\"@type\":\"EntryPoint\",\"urlTemplate\":\"https:\/\/buy-prescriptionz.com\/?s={search_term_string}\"},\"query-input\":{\"@type\":\"PropertyValueSpecification\",\"valueRequired\":true,\"valueName\":\"search_term_string\"}}],\"inLanguage\":\"fi\"},{\"@type\":\"Organization\",\"@id\":\"https:\/\/buy-prescriptionz.com\/#organization\",\"name\":\"Buy Prescriptionz\",\"url\":\"https:\/\/buy-prescriptionz.com\/\",\"logo\":{\"@type\":\"ImageObject\",\"inLanguage\":\"fi\",\"@id\":\"https:\/\/buy-prescriptionz.com\/#\/schema\/logo\/image\/\",\"url\":\"https:\/\/buy-prescriptionz.com\/wp-content\/uploads\/2023\/09\/logo.png\",\"contentUrl\":\"https:\/\/buy-prescriptionz.com\/wp-content\/uploads\/2023\/09\/logo.png\",\"width\":350,\"height\":64,\"caption\":\"Buy Prescriptionz\"},\"image\":{\"@id\":\"https:\/\/buy-prescriptionz.com\/#\/schema\/logo\/image\/\"}}]}<\/script>\n<!-- \/ Yoast SEO plugin. -->","yoast_head_json":{"title":"Osta Nembutal-jauhel\u00e4\u00e4kkeit\u00e4 verkosta Osta Nembutal-jauhel\u00e4\u00e4kkeit\u00e4 verkosta","description":"Osta Nembutal-jauhel\u00e4\u00e4kkeit\u00e4 verkosta Osta Nembutal-jauhel\u00e4\u00e4kkeit\u00e4 Nembutal-jauhe parhaaseen johtavaan hintaan ilmainen ja huomaamaton toimitus","robots":{"index":"index","follow":"follow","max-snippet":"max-snippet:-1","max-image-preview":"max-image-preview:large","max-video-preview":"max-video-preview:-1"},"canonical":"https:\/\/buy-prescriptionz.com\/fi\/tuote\/osta-nembutal-jauhelaakkeita-verkosta\/","og_locale":"fi_FI","og_type":"article","og_title":"Buy Nembutal Powder Drugs Online Buy Nembutal Powder Drugs Online","og_description":"Buy Nembutal Powder Drugs Online Buy Nembutal Powder Drugs Nembutal powder at the best leading price free ND DISCRETE SHIPPING","og_url":"https:\/\/buy-prescriptionz.com\/fi\/tuote\/osta-nembutal-jauhelaakkeita-verkosta\/","og_site_name":"Buy Prescriptionz","article_modified_time":"2025-09-23T14:08:33+00:00","og_image":[{"width":400,"height":300,"url":"https:\/\/buy-prescriptionz.com\/wp-content\/uploads\/2025\/09\/nembutal.jpg","type":"image\/jpeg"}],"twitter_card":"summary_large_image","twitter_misc":{"Arvioitu lukuaika":"4 minuuttia"},"schema":{"@context":"https:\/\/schema.org","@graph":[{"@type":"WebPage","@id":"https:\/\/buy-prescriptionz.com\/product\/buy-nembutal-powder-drugs-online\/","url":"https:\/\/buy-prescriptionz.com\/product\/buy-nembutal-powder-drugs-online\/","name":"Osta Nembutal-jauhel\u00e4\u00e4kkeit\u00e4 verkosta Osta Nembutal-jauhel\u00e4\u00e4kkeit\u00e4 verkosta","isPartOf":{"@id":"https:\/\/buy-prescriptionz.com\/#website"},"primaryImageOfPage":{"@id":"https:\/\/buy-prescriptionz.com\/product\/buy-nembutal-powder-drugs-online\/#primaryimage"},"image":{"@id":"https:\/\/buy-prescriptionz.com\/product\/buy-nembutal-powder-drugs-online\/#primaryimage"},"thumbnailUrl":"https:\/\/buy-prescriptionz.com\/wp-content\/uploads\/2025\/09\/nembutal.jpg","datePublished":"2025-09-16T08:55:30+00:00","dateModified":"2025-09-23T14:08:33+00:00","description":"Osta Nembutal-jauhel\u00e4\u00e4kkeit\u00e4 verkosta Osta Nembutal-jauhel\u00e4\u00e4kkeit\u00e4 Nembutal-jauhe parhaaseen johtavaan hintaan ilmainen ja huomaamaton toimitus","breadcrumb":{"@id":"https:\/\/buy-prescriptionz.com\/product\/buy-nembutal-powder-drugs-online\/#breadcrumb"},"inLanguage":"fi","potentialAction":[{"@type":"ReadAction","target":["https:\/\/buy-prescriptionz.com\/product\/buy-nembutal-powder-drugs-online\/"]}]},{"@type":"ImageObject","inLanguage":"fi","@id":"https:\/\/buy-prescriptionz.com\/product\/buy-nembutal-powder-drugs-online\/#primaryimage","url":"https:\/\/buy-prescriptionz.com\/wp-content\/uploads\/2025\/09\/nembutal.jpg","contentUrl":"https:\/\/buy-prescriptionz.com\/wp-content\/uploads\/2025\/09\/nembutal.jpg","width":400,"height":300},{"@type":"BreadcrumbList","@id":"https:\/\/buy-prescriptionz.com\/product\/buy-nembutal-powder-drugs-online\/#breadcrumb","itemListElement":[{"@type":"ListItem","position":1,"name":"Home","item":"https:\/\/buy-prescriptionz.com\/"},{"@type":"ListItem","position":2,"name":"Shop Painkillers Online","item":"https:\/\/buy-prescriptionz.com\/shop-painkillers-online\/"},{"@type":"ListItem","position":3,"name":"Buy Nembutal Powder Drugs Online"}]},{"@type":"WebSite","@id":"https:\/\/buy-prescriptionz.com\/#website","url":"https:\/\/buy-prescriptionz.com\/","name":"Buy Prescriptionz","description":"Huumeet verkossa","publisher":{"@id":"https:\/\/buy-prescriptionz.com\/#organization"},"potentialAction":[{"@type":"SearchAction","target":{"@type":"EntryPoint","urlTemplate":"https:\/\/buy-prescriptionz.com\/?s={search_term_string}"},"query-input":{"@type":"PropertyValueSpecification","valueRequired":true,"valueName":"search_term_string"}}],"inLanguage":"fi"},{"@type":"Organization","@id":"https:\/\/buy-prescriptionz.com\/#organization","name":"Buy Prescriptionz","url":"https:\/\/buy-prescriptionz.com\/","logo":{"@type":"ImageObject","inLanguage":"fi","@id":"https:\/\/buy-prescriptionz.com\/#\/schema\/logo\/image\/","url":"https:\/\/buy-prescriptionz.com\/wp-content\/uploads\/2023\/09\/logo.png","contentUrl":"https:\/\/buy-prescriptionz.com\/wp-content\/uploads\/2023\/09\/logo.png","width":350,"height":64,"caption":"Buy Prescriptionz"},"image":{"@id":"https:\/\/buy-prescriptionz.com\/#\/schema\/logo\/image\/"}}]}},"_links":{"self":[{"href":"https:\/\/buy-prescriptionz.com\/fi\/wp-json\/wp\/v2\/product\/2958","targetHints":{"allow":["GET"]}}],"collection":[{"href":"https:\/\/buy-prescriptionz.com\/fi\/wp-json\/wp\/v2\/product"}],"about":[{"href":"https:\/\/buy-prescriptionz.com\/fi\/wp-json\/wp\/v2\/types\/product"}],"replies":[{"embeddable":true,"href":"https:\/\/buy-prescriptionz.com\/fi\/wp-json\/wp\/v2\/comments?post=2958"}],"wp:featuredmedia":[{"embeddable":true,"href":"https:\/\/buy-prescriptionz.com\/fi\/wp-json\/wp\/v2\/media\/2979"}],"wp:attachment":[{"href":"https:\/\/buy-prescriptionz.com\/fi\/wp-json\/wp\/v2\/media?parent=2958"}],"wp:term":[{"taxonomy":"product_brand","embeddable":true,"href":"https:\/\/buy-prescriptionz.com\/fi\/wp-json\/wp\/v2\/product_brand?post=2958"},{"taxonomy":"product_cat","embeddable":true,"href":"https:\/\/buy-prescriptionz.com\/fi\/wp-json\/wp\/v2\/product_cat?post=2958"},{"taxonomy":"product_tag","embeddable":true,"href":"https:\/\/buy-prescriptionz.com\/fi\/wp-json\/wp\/v2\/product_tag?post=2958"}],"curies":[{"name":"wp","href":"https:\/\/api.w.org\/{rel}","templated":true}]}}