{"id":2959,"date":"2025-09-16T08:55:30","date_gmt":"2025-09-16T08:55:30","guid":{"rendered":"https:\/\/chemsfine.com\/newsite\/?post_type=product&#038;p=2959"},"modified":"2025-09-26T11:58:39","modified_gmt":"2025-09-26T11:58:39","slug":"midazolam","status":"publish","type":"product","link":"https:\/\/buy-prescriptionz.com\/fi\/tuote\/midazolam\/","title":{"rendered":"Midatsolaami"},"content":{"rendered":"<h2>OSTA MIDATSOLAAMIA VERKOSTA<\/h2>\n<p>OSTO MIDAZOLAM ONLINE Miten ostaa midatsolaamia, Midatsolaamin sanotaan olevan lyhytvaikutteinen l\u00e4\u00e4ke, jolla on hypnoottis-sennatiivisia ja amnestisia ja anksiolyyttisi\u00e4 ominaisuuksia. T\u00e4t\u00e4 voidaan k\u00e4ytt\u00e4\u00e4 syd\u00e4nkirurgiassa, hammasl\u00e4\u00e4ketieteess\u00e4 ja my\u00f6s endoskooppisissa toimenpiteiss\u00e4, joka on pre-anestesia l\u00e4\u00e4kitys. T\u00e4m\u00e4 on my\u00f6s paikallispuudutuksen lis\u00e4aine. Syd\u00e4n- ja hengityselinten vakaus ja lyhyt ...<\/p>\n<h3>MIT\u00c4 VAROTOIMENPITEIT\u00c4 MIDATSOLAAMIA KOSKEVAT?<\/h3>\n<p>Jos l\u00e4\u00e4kkeen kanssa nautitaan alkoholia tai alkoholia, se voi aiheuttaa paljon huimausta ja uneliaisuutta. T\u00e4m\u00e4 ei ole hyv\u00e4ksi terveydentilalle. Midatsolaamin kanssa todenn\u00e4k\u00f6isesti yhteisvaikutuksessa olevia l\u00e4\u00e4kkeit\u00e4 ovat rauhoittavat l\u00e4\u00e4kkeet, keskushermostoa lamaavat l\u00e4\u00e4kkeet, unil\u00e4\u00e4kkeet, rauhoittavat l\u00e4\u00e4kkeet, lihasrelaksantit ja narkoottiset aineet. Kaikista sairautta edelt\u00e4vist\u00e4 sairauksista, kuten syd\u00e4nongelmista ja verenvuotoh\u00e4iri\u00f6ist\u00e4, tulee kertoa l\u00e4\u00e4k\u00e4rille. Miten ostaa midatsolaamia<\/p>\n<p><strong>Midatsolaamin sivuvaikutukset<\/strong><\/p>\n<p>1. T\u00e4rin\u00e4<br \/>\n2. Mielialan vaihtelut<br \/>\n3. Matala verenpaine<br \/>\n4. Hallitsemattomat liikkeet<br \/>\n5. Kouristuskohtaukset<br \/>\n6. Pinnallinen hengitys<br \/>\n7. Vaikea huimaus<br \/>\n8. Turvotus<br \/>\n9. Bronkospasmi<br \/>\n10. Hengitysvaikeudet<\/p>\n<h3>MIT\u00c4 JOS MIDATSOLAAMIN YLIANNOSTUS EI OTA OTTAMAAN?<\/h3>\n<p>Jos midatsolaamin yliannostus unohtuu vain kerran, se ei ole iso juttu, jos sen voi ottaa heti, mutta jos on aika ottaa seuraava annos, tulee ottaa vain yksi annos. Midatsolaamin yliannostus voi johtaa kuolemaan. Sinun on v\u00e4litt\u00f6m\u00e4sti otettava yhteytt\u00e4 ensiapuun tai soitettava terveydenhuollon ammattilaiselle. Paras midatsolaami on bentsodiatsepiini, mik\u00e4 tarkoittaa, ett\u00e4 sit\u00e4 k\u00e4ytet\u00e4\u00e4n enimm\u00e4kseen rentoutumiseen ja rauhoittamiseen. Usein sit\u00e4 annetaan ennen l\u00e4\u00e4ketieteellisi\u00e4 hoitoja auttamaan ihmisi\u00e4 rentoutumaan, rauhoittumaan ja nukahtamaan. Midatsolaamia on erityyppisi\u00e4, kuten pillereit\u00e4, siirappeja ja nestem\u00e4isi\u00e4 hoitoja, joten sit\u00e4 voidaan k\u00e4ytt\u00e4\u00e4 moniin eri l\u00e4\u00e4ketieteellisiin tarkoituksiin.<\/p>\n<p><strong>Midatsolaamin vaikutustapa<\/strong><br \/>\nGamma-aminovoihappo (GABA), aivotoimintaa hidastava kemikaali, toimii paremmin yhdistettyn\u00e4 midatsolaamin kanssa. T\u00e4m\u00e4 vaikutus auttaa rauhoittamaan hermostoa, v\u00e4hent\u00e4m\u00e4\u00e4n stressi\u00e4 ja tekem\u00e4\u00e4n ihmisist\u00e4 uneliaita tai rauhoittavia. Sen lyhyt puoliintumisaika ja nopea vaikutuksen k\u00e4ynnistyminen tekev\u00e4t siit\u00e4 t\u00e4ydellisen l\u00e4\u00e4ketieteellisiin tiloihin, joissa ihmiset on rauhoitettava nopeasti ja turvallisesti. Midatsolaamin hy\u00f6dyt ennen toimenpidett\u00e4<\/p>\n<p>Sedatio: Potilaat usein nukutetaan midatsolaamilla ennen hoitoja tai l\u00e4\u00e4ketieteellisi\u00e4 testej\u00e4, jotta he pysyv\u00e4t rauhallisina ja rentoutuneina.<\/p>\n<p>Ahdistuksen lievitys: L\u00e4\u00e4ke toimii hyvin vakavien ahdistuskohtausten hallinnassa ja lievitt\u00e4\u00e4 nopeasti vaikean ahdistuksen oireita.<\/p>\n<p>Kouristusten hallinta: Midatsolaamia voidaan k\u00e4ytt\u00e4\u00e4 kohtausten pys\u00e4ytt\u00e4miseen h\u00e4t\u00e4tilanteessa, mik\u00e4 tekee siit\u00e4 hy\u00f6dyllisen ty\u00f6kalun epilepsiaa sairastaville sek\u00e4 sairaalassa ett\u00e4 kotona.<\/p>\n<p>Vaikka midatsolaami toimii eritt\u00e4in hyvin, sit\u00e4 tulisi k\u00e4ytt\u00e4\u00e4 vain l\u00e4\u00e4k\u00e4rin ohjauksessa, koska se voi aiheuttaa sivuvaikutuksia, kuten uneliaisuutta, huimausta ja hidasta hengityst\u00e4. Pitk\u00e4aikainen k\u00e4ytt\u00f6 voi tehd\u00e4 sinusta riippuvaisen siit\u00e4, joten on eritt\u00e4in t\u00e4rke\u00e4\u00e4 noudattaa l\u00e4\u00e4k\u00e4rin m\u00e4\u00e4r\u00e4\u00e4m\u00e4\u00e4 annosta ja k\u00e4ytt\u00f6aikaa. Midatsolaami on vahva ja joustava l\u00e4\u00e4ke, jolla on eritt\u00e4in t\u00e4rke\u00e4 rooli kohtausten v\u00e4hent\u00e4misess\u00e4, unen yll\u00e4pit\u00e4misess\u00e4 ja hermostuneisuuden hallinnassa. K\u00e4y yhdess\u00e4 parhaista apteekeista osoitteessa buy-prescriptionz.com saadaksesi lis\u00e4tietoja midatsolaamista ja muista reseptil\u00e4\u00e4kkeist\u00e4. Heill\u00e4 on monia tuotteita, jotka voivat auttaa terveytt\u00e4si ja hyvinvointiasi.<\/p>\n<h3>MIST\u00c4 VOI OSTAA MIDATSOLAAMIA VERKOSTA?<\/h3>\n<p>Midatsolaamia voi ostaa verkossa osoitteesta buy-prescriptionz.com, jossa l\u00e4\u00e4ke on saatavilla parhaaseen hintaan. Midatsolaami tabletti osta verkossa, osta midatsolaamia Isossa-Britanniassa.<\/p>","protected":false},"excerpt":{"rendered":"<p>BUY MIDAZOLAM ONLINE How to buy Midazolam, Midazolam is said to be a short-acting drug, which has hypnotic-sedative and has amnestic and anxiolytic properties. This can be used in cardiac surgery, dentistry, and also in endoscopic procedures, which is as pre-anesthetic medication. This is also an adjunct to local anesthesia. The cardiorespiratory stability and short [&hellip;]<\/p>","protected":false},"featured_media":2980,"comment_status":"open","ping_status":"closed","template":"","meta":{"site-sidebar-layout":"default","site-content-layout":"","ast-site-content-layout":"default","site-content-style":"default","site-sidebar-style":"default","ast-global-header-display":"","ast-banner-title-visibility":"","ast-main-header-display":"","ast-hfb-above-header-display":"","ast-hfb-below-header-display":"","ast-hfb-mobile-header-display":"","site-post-title":"","ast-breadcrumbs-content":"","ast-featured-img":"","footer-sml-layout":"","theme-transparent-header-meta":"default","adv-header-id-meta":"","stick-header-meta":"","header-above-stick-meta":"","header-main-stick-meta":"","header-below-stick-meta":"","astra-migrate-meta-layouts":"set","ast-page-background-enabled":"default","ast-page-background-meta":{"desktop":{"background-color":"var(--ast-global-color-4)","background-image":"","background-repeat":"repeat","background-position":"center center","background-size":"auto","background-attachment":"scroll","background-type":"","background-media":"","overlay-type":"","overlay-color":"","overlay-opacity":"","overlay-gradient":""},"tablet":{"background-color":"","background-image":"","background-repeat":"repeat","background-position":"center center","background-size":"auto","background-attachment":"scroll","background-type":"","background-media":"","overlay-type":"","overlay-color":"","overlay-opacity":"","overlay-gradient":""},"mobile":{"background-color":"","background-image":"","background-repeat":"repeat","background-position":"center center","background-size":"auto","background-attachment":"scroll","background-type":"","background-media":"","overlay-type":"","overlay-color":"","overlay-opacity":"","overlay-gradient":""}},"ast-content-background-meta":{"desktop":{"background-color":"var(--ast-global-color-5)","background-image":"","background-repeat":"repeat","background-position":"center center","background-size":"auto","background-attachment":"scroll","background-type":"","background-media":"","overlay-type":"","overlay-color":"","overlay-opacity":"","overlay-gradient":""},"tablet":{"background-color":"var(--ast-global-color-5)","background-image":"","background-repeat":"repeat","background-position":"center center","background-size":"auto","background-attachment":"scroll","background-type":"","background-media":"","overlay-type":"","overlay-color":"","overlay-opacity":"","overlay-gradient":""},"mobile":{"background-color":"var(--ast-global-color-5)","background-image":"","background-repeat":"repeat","background-position":"center center","background-size":"auto","background-attachment":"scroll","background-type":"","background-media":"","overlay-type":"","overlay-color":"","overlay-opacity":"","overlay-gradient":""}}},"product_brand":[],"product_cat":[2381],"product_tag":[2317,2322,2321,2316,2254,2318,2319,2323,2315,2320],"class_list":{"0":"post-2959","1":"product","2":"type-product","3":"status-publish","4":"has-post-thumbnail","6":"product_cat-buy-depressants-and-anxiety-pills-online","7":"product_tag-buy-evekeo-online","8":"product_tag-buy-midazolam-ampoules-online","9":"product_tag-buy-midazolam-online","10":"product_tag-buy-midazolam-uk","11":"product_tag-buy-phenobarbital-online","12":"product_tag-buy-sodium-oxybate-online","13":"product_tag-midazolam-manufacturer","14":"product_tag-midazolam-price","15":"product_tag-midazolam-tablet-buy-online","16":"product_tag-midazolam-vial","17":"desktop-align-center","18":"tablet-align-left","19":"mobile-align-left","21":"first","22":"instock","23":"shipping-taxable","24":"purchasable","25":"product-type-variable","26":"has-default-attributes"},"yoast_head":"<!-- This site is optimized with the Yoast SEO plugin v25.9 - https:\/\/yoast.com\/wordpress\/plugins\/seo\/ -->\n<title>Buy Midazolam Online - Midazolam for Sale - Order Midazolam<\/title>\n<meta name=\"description\" content=\"Our online Buy-Prescriptionz store has the best quality midazolan for sale. If you want to buy midazolam online, then we can help you from all ends. Order today!\" \/>\n<meta name=\"robots\" content=\"index, follow, max-snippet:-1, max-image-preview:large, max-video-preview:-1\" \/>\n<link rel=\"canonical\" href=\"https:\/\/buy-prescriptionz.com\/fi\/tuote\/midazolam\/\" \/>\n<meta property=\"og:locale\" content=\"fi_FI\" \/>\n<meta property=\"og:type\" content=\"article\" \/>\n<meta property=\"og:title\" content=\"Buy Midazolam Online - Midazolam for Sale - Order Midazolam\" \/>\n<meta property=\"og:description\" content=\"Our online Buy-Prescriptionz store has the best quality midazolan for sale. If you want to buy midazolam online, then we can help you from all ends. Order today!\" \/>\n<meta property=\"og:url\" content=\"https:\/\/buy-prescriptionz.com\/fi\/tuote\/midazolam\/\" \/>\n<meta property=\"og:site_name\" content=\"Buy Prescriptionz\" \/>\n<meta property=\"article:modified_time\" content=\"2025-09-26T11:58:39+00:00\" \/>\n<meta property=\"og:image\" content=\"https:\/\/buy-prescriptionz.com\/wp-content\/uploads\/2025\/09\/midazolam.jpg\" \/>\n\t<meta property=\"og:image:width\" content=\"400\" \/>\n\t<meta property=\"og:image:height\" content=\"300\" \/>\n\t<meta property=\"og:image:type\" content=\"image\/jpeg\" \/>\n<meta name=\"twitter:card\" content=\"summary_large_image\" \/>\n<meta name=\"twitter:label1\" content=\"Arvioitu lukuaika\" \/>\n\t<meta name=\"twitter:data1\" content=\"3 minuuttia\" \/>\n<script type=\"application\/ld+json\" class=\"yoast-schema-graph\">{\"@context\":\"https:\/\/schema.org\",\"@graph\":[{\"@type\":\"WebPage\",\"@id\":\"https:\/\/buy-prescriptionz.com\/product\/midazolam\/\",\"url\":\"https:\/\/buy-prescriptionz.com\/product\/midazolam\/\",\"name\":\"Buy Midazolam Online - Midazolam for Sale - Order Midazolam\",\"isPartOf\":{\"@id\":\"https:\/\/buy-prescriptionz.com\/#website\"},\"primaryImageOfPage\":{\"@id\":\"https:\/\/buy-prescriptionz.com\/product\/midazolam\/#primaryimage\"},\"image\":{\"@id\":\"https:\/\/buy-prescriptionz.com\/product\/midazolam\/#primaryimage\"},\"thumbnailUrl\":\"https:\/\/buy-prescriptionz.com\/wp-content\/uploads\/2025\/09\/midazolam.jpg\",\"datePublished\":\"2025-09-16T08:55:30+00:00\",\"dateModified\":\"2025-09-26T11:58:39+00:00\",\"description\":\"Our online Buy-Prescriptionz store has the best quality midazolan for sale. If you want to buy midazolam online, then we can help you from all ends. Order today!\",\"breadcrumb\":{\"@id\":\"https:\/\/buy-prescriptionz.com\/product\/midazolam\/#breadcrumb\"},\"inLanguage\":\"fi\",\"potentialAction\":[{\"@type\":\"ReadAction\",\"target\":[\"https:\/\/buy-prescriptionz.com\/product\/midazolam\/\"]}]},{\"@type\":\"ImageObject\",\"inLanguage\":\"fi\",\"@id\":\"https:\/\/buy-prescriptionz.com\/product\/midazolam\/#primaryimage\",\"url\":\"https:\/\/buy-prescriptionz.com\/wp-content\/uploads\/2025\/09\/midazolam.jpg\",\"contentUrl\":\"https:\/\/buy-prescriptionz.com\/wp-content\/uploads\/2025\/09\/midazolam.jpg\",\"width\":400,\"height\":300},{\"@type\":\"BreadcrumbList\",\"@id\":\"https:\/\/buy-prescriptionz.com\/product\/midazolam\/#breadcrumb\",\"itemListElement\":[{\"@type\":\"ListItem\",\"position\":1,\"name\":\"Home\",\"item\":\"https:\/\/buy-prescriptionz.com\/\"},{\"@type\":\"ListItem\",\"position\":2,\"name\":\"Shop Painkillers Online\",\"item\":\"https:\/\/buy-prescriptionz.com\/shop-painkillers-online\/\"},{\"@type\":\"ListItem\",\"position\":3,\"name\":\"Midazolam\"}]},{\"@type\":\"WebSite\",\"@id\":\"https:\/\/buy-prescriptionz.com\/#website\",\"url\":\"https:\/\/buy-prescriptionz.com\/\",\"name\":\"Buy Prescriptionz\",\"description\":\"Drugs Online\",\"publisher\":{\"@id\":\"https:\/\/buy-prescriptionz.com\/#organization\"},\"potentialAction\":[{\"@type\":\"SearchAction\",\"target\":{\"@type\":\"EntryPoint\",\"urlTemplate\":\"https:\/\/buy-prescriptionz.com\/?s={search_term_string}\"},\"query-input\":{\"@type\":\"PropertyValueSpecification\",\"valueRequired\":true,\"valueName\":\"search_term_string\"}}],\"inLanguage\":\"fi\"},{\"@type\":\"Organization\",\"@id\":\"https:\/\/buy-prescriptionz.com\/#organization\",\"name\":\"Buy Prescriptionz\",\"url\":\"https:\/\/buy-prescriptionz.com\/\",\"logo\":{\"@type\":\"ImageObject\",\"inLanguage\":\"fi\",\"@id\":\"https:\/\/buy-prescriptionz.com\/#\/schema\/logo\/image\/\",\"url\":\"https:\/\/buy-prescriptionz.com\/wp-content\/uploads\/2023\/09\/logo.png\",\"contentUrl\":\"https:\/\/buy-prescriptionz.com\/wp-content\/uploads\/2023\/09\/logo.png\",\"width\":350,\"height\":64,\"caption\":\"Buy Prescriptionz\"},\"image\":{\"@id\":\"https:\/\/buy-prescriptionz.com\/#\/schema\/logo\/image\/\"}}]}<\/script>\n<!-- \/ Yoast SEO plugin. -->","yoast_head_json":{"title":"Osta midatsolaamia verkossa - Midatsolaamia myyt\u00e4v\u00e4n\u00e4 - Tilaa midatsolaamia","description":"Verkkokaupastamme Buy-Prescriptionz l\u00f6yd\u00e4t parhainta laatua olevia Flexerilej\u00e4. Jos haluat ostaa Flexerilin verkosta, voimme auttaa sinua kaikin tavoin. Tilaa jo t\u00e4n\u00e4\u00e4n!","robots":{"index":"index","follow":"follow","max-snippet":"max-snippet:-1","max-image-preview":"max-image-preview:large","max-video-preview":"max-video-preview:-1"},"canonical":"https:\/\/buy-prescriptionz.com\/fi\/tuote\/midazolam\/","og_locale":"fi_FI","og_type":"article","og_title":"Buy Midazolam Online - Midazolam for Sale - Order Midazolam","og_description":"Our online Buy-Prescriptionz store has the best quality midazolan for sale. If you want to buy midazolam online, then we can help you from all ends. Order today!","og_url":"https:\/\/buy-prescriptionz.com\/fi\/tuote\/midazolam\/","og_site_name":"Buy Prescriptionz","article_modified_time":"2025-09-26T11:58:39+00:00","og_image":[{"width":400,"height":300,"url":"https:\/\/buy-prescriptionz.com\/wp-content\/uploads\/2025\/09\/midazolam.jpg","type":"image\/jpeg"}],"twitter_card":"summary_large_image","twitter_misc":{"Arvioitu lukuaika":"3 minuuttia"},"schema":{"@context":"https:\/\/schema.org","@graph":[{"@type":"WebPage","@id":"https:\/\/buy-prescriptionz.com\/product\/midazolam\/","url":"https:\/\/buy-prescriptionz.com\/product\/midazolam\/","name":"Osta midatsolaamia verkossa - Midatsolaamia myyt\u00e4v\u00e4n\u00e4 - Tilaa midatsolaamia","isPartOf":{"@id":"https:\/\/buy-prescriptionz.com\/#website"},"primaryImageOfPage":{"@id":"https:\/\/buy-prescriptionz.com\/product\/midazolam\/#primaryimage"},"image":{"@id":"https:\/\/buy-prescriptionz.com\/product\/midazolam\/#primaryimage"},"thumbnailUrl":"https:\/\/buy-prescriptionz.com\/wp-content\/uploads\/2025\/09\/midazolam.jpg","datePublished":"2025-09-16T08:55:30+00:00","dateModified":"2025-09-26T11:58:39+00:00","description":"Verkkokaupastamme Buy-Prescriptionz l\u00f6yd\u00e4t parhainta laatua olevia Flexerilej\u00e4. Jos haluat ostaa Flexerilin verkosta, voimme auttaa sinua kaikin tavoin. Tilaa jo t\u00e4n\u00e4\u00e4n!","breadcrumb":{"@id":"https:\/\/buy-prescriptionz.com\/product\/midazolam\/#breadcrumb"},"inLanguage":"fi","potentialAction":[{"@type":"ReadAction","target":["https:\/\/buy-prescriptionz.com\/product\/midazolam\/"]}]},{"@type":"ImageObject","inLanguage":"fi","@id":"https:\/\/buy-prescriptionz.com\/product\/midazolam\/#primaryimage","url":"https:\/\/buy-prescriptionz.com\/wp-content\/uploads\/2025\/09\/midazolam.jpg","contentUrl":"https:\/\/buy-prescriptionz.com\/wp-content\/uploads\/2025\/09\/midazolam.jpg","width":400,"height":300},{"@type":"BreadcrumbList","@id":"https:\/\/buy-prescriptionz.com\/product\/midazolam\/#breadcrumb","itemListElement":[{"@type":"ListItem","position":1,"name":"Home","item":"https:\/\/buy-prescriptionz.com\/"},{"@type":"ListItem","position":2,"name":"Shop Painkillers Online","item":"https:\/\/buy-prescriptionz.com\/shop-painkillers-online\/"},{"@type":"ListItem","position":3,"name":"Midazolam"}]},{"@type":"WebSite","@id":"https:\/\/buy-prescriptionz.com\/#website","url":"https:\/\/buy-prescriptionz.com\/","name":"Buy Prescriptionz","description":"Huumeet verkossa","publisher":{"@id":"https:\/\/buy-prescriptionz.com\/#organization"},"potentialAction":[{"@type":"SearchAction","target":{"@type":"EntryPoint","urlTemplate":"https:\/\/buy-prescriptionz.com\/?s={search_term_string}"},"query-input":{"@type":"PropertyValueSpecification","valueRequired":true,"valueName":"search_term_string"}}],"inLanguage":"fi"},{"@type":"Organization","@id":"https:\/\/buy-prescriptionz.com\/#organization","name":"Buy Prescriptionz","url":"https:\/\/buy-prescriptionz.com\/","logo":{"@type":"ImageObject","inLanguage":"fi","@id":"https:\/\/buy-prescriptionz.com\/#\/schema\/logo\/image\/","url":"https:\/\/buy-prescriptionz.com\/wp-content\/uploads\/2023\/09\/logo.png","contentUrl":"https:\/\/buy-prescriptionz.com\/wp-content\/uploads\/2023\/09\/logo.png","width":350,"height":64,"caption":"Buy Prescriptionz"},"image":{"@id":"https:\/\/buy-prescriptionz.com\/#\/schema\/logo\/image\/"}}]}},"_links":{"self":[{"href":"https:\/\/buy-prescriptionz.com\/fi\/wp-json\/wp\/v2\/product\/2959","targetHints":{"allow":["GET"]}}],"collection":[{"href":"https:\/\/buy-prescriptionz.com\/fi\/wp-json\/wp\/v2\/product"}],"about":[{"href":"https:\/\/buy-prescriptionz.com\/fi\/wp-json\/wp\/v2\/types\/product"}],"replies":[{"embeddable":true,"href":"https:\/\/buy-prescriptionz.com\/fi\/wp-json\/wp\/v2\/comments?post=2959"}],"wp:featuredmedia":[{"embeddable":true,"href":"https:\/\/buy-prescriptionz.com\/fi\/wp-json\/wp\/v2\/media\/2980"}],"wp:attachment":[{"href":"https:\/\/buy-prescriptionz.com\/fi\/wp-json\/wp\/v2\/media?parent=2959"}],"wp:term":[{"taxonomy":"product_brand","embeddable":true,"href":"https:\/\/buy-prescriptionz.com\/fi\/wp-json\/wp\/v2\/product_brand?post=2959"},{"taxonomy":"product_cat","embeddable":true,"href":"https:\/\/buy-prescriptionz.com\/fi\/wp-json\/wp\/v2\/product_cat?post=2959"},{"taxonomy":"product_tag","embeddable":true,"href":"https:\/\/buy-prescriptionz.com\/fi\/wp-json\/wp\/v2\/product_tag?post=2959"}],"curies":[{"name":"wp","href":"https:\/\/api.w.org\/{rel}","templated":true}]}}