{"id":2982,"date":"2025-09-16T08:55:51","date_gmt":"2025-09-16T08:55:51","guid":{"rendered":"https:\/\/chemsfine.com\/newsite\/?post_type=product&#038;p=2982"},"modified":"2025-09-20T12:20:33","modified_gmt":"2025-09-20T12:20:33","slug":"osta-klonatsepaamia-verkossa","status":"publish","type":"product","link":"https:\/\/buy-prescriptionz.com\/fi\/tuote\/osta-klonatsepaamia-verkossa\/","title":{"rendered":"Osta klonatsepaamia verkossa"},"content":{"rendered":"<h2>Osta klonatsepaamia netist\u00e4: Mik\u00e4 on klonatsepaami?<\/h2>\n<p>Mik\u00e4 on klonatsepaami Osta klonatsepaamia verkossa Klonatsepaamia k\u00e4ytet\u00e4\u00e4n tietyntyyppisten kohtausten hallintaan, ja sit\u00e4 voidaan k\u00e4ytt\u00e4\u00e4 yksin tai yhdess\u00e4 muiden l\u00e4\u00e4kkeiden kanssa. Sit\u00e4 voidaan k\u00e4ytt\u00e4\u00e4 my\u00f6s paniikkikohtausten lievitt\u00e4miseen. Klonatsepaami kuuluu l\u00e4\u00e4kkeiden luokkaan, jota kutsutaan bentsodiatsepiineiksi. Se v\u00e4hent\u00e4\u00e4 aivojen ep\u00e4normaalia s\u00e4hk\u00f6ist\u00e4 toimintaa. Mit\u00e4 ...<\/p>\n<h3>Mit\u00e4 ominaisuuksia Clonazepamilla on?<\/h3>\n<p>Klonatsepaamilla on paljon terapeuttisia k\u00e4ytt\u00f6tarkoituksia, ja se kuuluu bentsodiatsepiinien piiriin. Sit\u00e4 voidaan k\u00e4ytt\u00e4\u00e4:<\/p>\n<p>1. Hallitse kouristuskohtausta<br \/>\n2. Hallitse ahdistuneisuush\u00e4iri\u00f6t\u00e4<br \/>\n3. Toimi unil\u00e4\u00e4kkeen\u00e4<\/p>\n<h3>Mit\u00e4 varotoimia tulisi noudattaa klonatsepaamia k\u00e4ytett\u00e4ess\u00e4?<\/h3>\n<p>1. L\u00e4\u00e4k\u00e4rille tulee kertoa esisairauksista, kuten hengitysvaikeuksista, mielenterveysh\u00e4iri\u00f6ist\u00e4, munuais- tai keuhkosairauksista, ennen klonatsepaamin k\u00e4ytt\u00f6\u00e4.<br \/>\n2. Marihuanan tai alkoholin nauttiminen klonatsepaamin kanssa on vaarallista. Se on vaarallista, koska se voi aiheuttaa voimakasta huimausta.<\/p>\n<h3>Mit\u00e4 voi tapahtua, jos Clonazepamia unohdetaan tai otetaan yliannostustapauksessa?<\/h3>\n<p>1. Jos Clonazepam-annos unohtuu, se tulee ottaa heti kun muistaa, mutta sit\u00e4 ei tule ottaa seuraavan annosaikataulun yhteydess\u00e4.<br \/>\n2. Clonazepamin yliannostus voi olla uhkaava. Siksi on soitettava h\u00e4t\u00e4numeroon tai terveydenhuollon ammattilaiselle komplikaatioiden v\u00e4ltt\u00e4miseksi.<\/p>\n<h3>Mit\u00e4 ominaisuuksia Clonazepamilla on?<\/h3>\n<p>Alla on lueteltu klonatsepaamin mahdolliset haittavaikutukset, kuten:<\/p>\n<p>1. Painajaiset<br \/>\n2. Hallusinaatiot<br \/>\n3. Lyhytkestoisen muistin katkokset<br \/>\n4. Sekavuus<br \/>\n5. \u00c4killiset mielialan vaihtelut<br \/>\n6. \u00c4rtyneisyys<\/p>\n<h3>Klonatsepaamin yleiskatsaus ja hy\u00f6dyt<\/h3>\n<p>Klonatsepaami on bentsodiatsepiinien l\u00e4\u00e4keluokkaan kuuluva l\u00e4\u00e4ke. Sit\u00e4 m\u00e4\u00e4r\u00e4t\u00e4\u00e4n yleisesti kohtausten, paniikkih\u00e4iri\u00f6iden ja ahdistuksen hoitoon. L\u00e4\u00e4ke toimii rauhoittamalla aivoja ja hermoja, mik\u00e4 auttaa v\u00e4hent\u00e4m\u00e4\u00e4n kohtausten ja paniikkikohtausten esiintymistiheytt\u00e4 ja vakavuutta.<\/p>\n<p>Yksi parhaista klonatsepaamin ensisijaisista k\u00e4ytt\u00f6tarkoituksista on kohtauskohtausten, kuten epilepsian, hallinta. Se auttaa ehk\u00e4isem\u00e4\u00e4n ja hallitsemaan kohtauksia vakauttamalla aivojen s\u00e4hk\u00f6ist\u00e4 toimintaa. T\u00e4m\u00e4 tekee siit\u00e4 v\u00e4ltt\u00e4m\u00e4tt\u00f6m\u00e4n l\u00e4\u00e4kkeen epilepsiaa sairastaville, mik\u00e4 parantaa heid\u00e4n sairautensa hallintaa ja el\u00e4m\u00e4nlaatua.<\/p>\n<p>Klonatsepaamia k\u00e4ytet\u00e4\u00e4n my\u00f6s laajalti paniikkih\u00e4iri\u00f6n hoitoon, jolle on ominaista \u00e4killiset ja odottamattomat voimakkaan pelon kohtaukset. N\u00e4m\u00e4 kohtaukset voivat olla heikent\u00e4vi\u00e4 ja h\u00e4irit\u00e4 p\u00e4ivitt\u00e4isi\u00e4 toimintoja. V\u00e4hent\u00e4m\u00e4ll\u00e4 paniikkikohtauksiin johtavaa ep\u00e4normaalia aivotoimintaa klonatsepaami auttaa yksil\u00f6it\u00e4 hallitsemaan oireitaan tehokkaammin, jolloin he voivat el\u00e4\u00e4 normaalimpaa ja tuottavampaa el\u00e4m\u00e4\u00e4.<\/p>\n<p>Toinen merkitt\u00e4v\u00e4 klonatsepaamin hy\u00f6ty on sen tehokkuus ahdistuneisuush\u00e4iri\u00f6iden hoidossa. Se tarjoaa nopean helpotuksen oireisiin, kuten liialliseen huoleen, levottomuuteen ja j\u00e4nnittyneisyyteen. Klonatsepaamin rauhoittava vaikutus voi auttaa ihmisi\u00e4 tuntemaan olonsa rennommaksi ja v\u00e4hemm\u00e4n ahdistuneeksi, mik\u00e4 on erityisen hy\u00f6dyllist\u00e4 niille, jotka kamppailevat kroonisen ahdistuksen kanssa.<\/p>\n<p>Ensisijaisten k\u00e4ytt\u00f6tarkoitustensa lis\u00e4ksi klonatsepaamia voidaan m\u00e4\u00e4r\u00e4t\u00e4 my\u00f6s muihin sairauksiin terveydenhuollon tarjoajan m\u00e4\u00e4ritt\u00e4m\u00e4ll\u00e4 tavalla. On kuitenkin t\u00e4rke\u00e4\u00e4 k\u00e4ytt\u00e4\u00e4 t\u00e4t\u00e4 l\u00e4\u00e4kett\u00e4 l\u00e4\u00e4k\u00e4rin valvonnassa riippuvuuden ja muiden sivuvaikutusten mahdollisuuden vuoksi.<\/p>\n<p>Klonatsepaami tarjoaa arvokkaita hy\u00f6tyj\u00e4 kohtauksista, paniikkih\u00e4iri\u00f6ist\u00e4 ja ahdistuksesta k\u00e4rsiville. Sen kyky vakauttaa aivotoimintaa ja tarjota nopeaa helpotusta oireisiin tekee siit\u00e4 ratkaisevan t\u00e4rke\u00e4n l\u00e4\u00e4kkeen monille ihmisille. Jos harkitset klonatsepaamia hoitoon, muista keskustella terveydenhuollon ammattilaisen kanssa saadaksesi asianmukaista ohjausta.<\/p>\n<h3><strong>Mist\u00e4 voin ostaa klonazepamia?<\/strong><\/h3>\n<p>K\u00e4tev\u00e4n ja luotettavan l\u00e4hteen klonatsepaamin ostamiseen l\u00f6yd\u00e4t parhaasta apteekista. <a href=\"https:\/\/buy-prescriptionz.com\/fi\/\">buy-prescriptionz.com<\/a>He tarjoavat laajan valikoiman reseptil\u00e4\u00e4kkeit\u00e4 terveydentilasi tarpeisiin.<\/p>\n<h3>Mist\u00e4 voi ostaa klonatsepaamia netist\u00e4?<\/h3>\n<p>Clonazepamia voi ostaa Buy Prescriptionsista parhaaseen hintaan. Voit tilata parhaat l\u00e4\u00e4kkeet t\u00e4\u00e4lt\u00e4 nyt!<\/p>","protected":false},"excerpt":{"rendered":"<p>Buy Clonazepam Online: What is Clonazepam Buy Clonazepam Online Clonazepam is used to control certain types of seizures and can be used alone or with other medications. It can also be used to relieve panic attacks. Clonazepam comes in a class of medication which is called as benzodiazepines. It reduces the abnormal electric activity in [&hellip;]<\/p>","protected":false},"featured_media":3012,"comment_status":"open","ping_status":"closed","template":"","meta":{"site-sidebar-layout":"default","site-content-layout":"","ast-site-content-layout":"default","site-content-style":"default","site-sidebar-style":"default","ast-global-header-display":"","ast-banner-title-visibility":"","ast-main-header-display":"","ast-hfb-above-header-display":"","ast-hfb-below-header-display":"","ast-hfb-mobile-header-display":"","site-post-title":"","ast-breadcrumbs-content":"","ast-featured-img":"","footer-sml-layout":"","theme-transparent-header-meta":"default","adv-header-id-meta":"","stick-header-meta":"","header-above-stick-meta":"","header-main-stick-meta":"","header-below-stick-meta":"","astra-migrate-meta-layouts":"set","ast-page-background-enabled":"default","ast-page-background-meta":{"desktop":{"background-color":"var(--ast-global-color-4)","background-image":"","background-repeat":"repeat","background-position":"center center","background-size":"auto","background-attachment":"scroll","background-type":"","background-media":"","overlay-type":"","overlay-color":"","overlay-opacity":"","overlay-gradient":""},"tablet":{"background-color":"","background-image":"","background-repeat":"repeat","background-position":"center center","background-size":"auto","background-attachment":"scroll","background-type":"","background-media":"","overlay-type":"","overlay-color":"","overlay-opacity":"","overlay-gradient":""},"mobile":{"background-color":"","background-image":"","background-repeat":"repeat","background-position":"center center","background-size":"auto","background-attachment":"scroll","background-type":"","background-media":"","overlay-type":"","overlay-color":"","overlay-opacity":"","overlay-gradient":""}},"ast-content-background-meta":{"desktop":{"background-color":"var(--ast-global-color-5)","background-image":"","background-repeat":"repeat","background-position":"center center","background-size":"auto","background-attachment":"scroll","background-type":"","background-media":"","overlay-type":"","overlay-color":"","overlay-opacity":"","overlay-gradient":""},"tablet":{"background-color":"var(--ast-global-color-5)","background-image":"","background-repeat":"repeat","background-position":"center center","background-size":"auto","background-attachment":"scroll","background-type":"","background-media":"","overlay-type":"","overlay-color":"","overlay-opacity":"","overlay-gradient":""},"mobile":{"background-color":"var(--ast-global-color-5)","background-image":"","background-repeat":"repeat","background-position":"center center","background-size":"auto","background-attachment":"scroll","background-type":"","background-media":"","overlay-type":"","overlay-color":"","overlay-opacity":"","overlay-gradient":""}}},"product_brand":[],"product_cat":[2381],"product_tag":[1858,1859,1857,1852,1855,1854,1853,1856,1851,1850,1860],"class_list":{"0":"post-2982","1":"product","2":"type-product","3":"status-publish","4":"has-post-thumbnail","6":"product_cat-buy-depressants-and-anxiety-pills-online","7":"product_tag-buy-clonazepam-in-canada","8":"product_tag-buy-clonazepam-in-uk","9":"product_tag-buy-clonazepam-in-usa","10":"product_tag-buy-clonazepam-with-bitcoin","11":"product_tag-buy-clonazepam-with-credit-card","12":"product_tag-buy-clonazepam-with-money-gram","13":"product_tag-buy-clonazepam-with-western-union","14":"product_tag-buy-clonazepam-without-a-doctor","15":"product_tag-buy-clonazepam-without-prescription","16":"product_tag-clonazepam-for-sale","17":"product_tag-clonazepam-pills","18":"desktop-align-center","19":"tablet-align-left","20":"mobile-align-left","22":"first","23":"instock","24":"shipping-taxable","25":"purchasable","26":"product-type-variable","27":"has-default-attributes"},"yoast_head":"<!-- This site is optimized with the Yoast SEO plugin v25.9 - https:\/\/yoast.com\/wordpress\/plugins\/seo\/ -->\n<title>Buy Clonazepam Online, Buy Rivotril Online, Purchase Rivotril<\/title>\n<meta name=\"description\" content=\"Buy clonazepam online.Buy klonopin online, buy clonazepam online, buy clonazepam, Buy klonopin online legally, buy klonopin, buy klonopin online reviews\" \/>\n<meta name=\"robots\" content=\"index, follow, max-snippet:-1, max-image-preview:large, max-video-preview:-1\" \/>\n<link rel=\"canonical\" href=\"https:\/\/buy-prescriptionz.com\/fi\/tuote\/osta-klonatsepaamia-verkossa\/\" \/>\n<meta property=\"og:locale\" content=\"fi_FI\" \/>\n<meta property=\"og:type\" content=\"article\" \/>\n<meta property=\"og:title\" content=\"Buy Clonazepam Online, Buy Rivotril Online, Purchase Rivotril\" \/>\n<meta property=\"og:description\" content=\"Buy clonazepam online.Buy klonopin online, buy clonazepam online, buy clonazepam, Buy klonopin online legally, buy klonopin, buy klonopin online reviews\" \/>\n<meta property=\"og:url\" content=\"https:\/\/buy-prescriptionz.com\/fi\/tuote\/osta-klonatsepaamia-verkossa\/\" \/>\n<meta property=\"og:site_name\" content=\"Buy Prescriptionz\" \/>\n<meta property=\"article:modified_time\" content=\"2025-09-20T12:20:33+00:00\" \/>\n<meta property=\"og:image\" content=\"https:\/\/buy-prescriptionz.com\/wp-content\/uploads\/2025\/09\/clonazepam.jpg\" \/>\n\t<meta property=\"og:image:width\" content=\"400\" \/>\n\t<meta property=\"og:image:height\" content=\"300\" \/>\n\t<meta property=\"og:image:type\" content=\"image\/jpeg\" \/>\n<meta name=\"twitter:card\" content=\"summary_large_image\" \/>\n<meta name=\"twitter:label1\" content=\"Arvioitu lukuaika\" \/>\n\t<meta name=\"twitter:data1\" content=\"3 minuuttia\" \/>\n<script type=\"application\/ld+json\" class=\"yoast-schema-graph\">{\"@context\":\"https:\/\/schema.org\",\"@graph\":[{\"@type\":\"WebPage\",\"@id\":\"https:\/\/buy-prescriptionz.com\/product\/buy-clonazepam-online\/\",\"url\":\"https:\/\/buy-prescriptionz.com\/product\/buy-clonazepam-online\/\",\"name\":\"Buy Clonazepam Online, Buy Rivotril Online, Purchase Rivotril\",\"isPartOf\":{\"@id\":\"https:\/\/buy-prescriptionz.com\/#website\"},\"primaryImageOfPage\":{\"@id\":\"https:\/\/buy-prescriptionz.com\/product\/buy-clonazepam-online\/#primaryimage\"},\"image\":{\"@id\":\"https:\/\/buy-prescriptionz.com\/product\/buy-clonazepam-online\/#primaryimage\"},\"thumbnailUrl\":\"https:\/\/buy-prescriptionz.com\/wp-content\/uploads\/2025\/09\/clonazepam.jpg\",\"datePublished\":\"2025-09-16T08:55:51+00:00\",\"dateModified\":\"2025-09-20T12:20:33+00:00\",\"description\":\"Buy clonazepam online.Buy klonopin online, buy clonazepam online, buy clonazepam, Buy klonopin online legally, buy klonopin, buy klonopin online reviews\",\"breadcrumb\":{\"@id\":\"https:\/\/buy-prescriptionz.com\/product\/buy-clonazepam-online\/#breadcrumb\"},\"inLanguage\":\"fi\",\"potentialAction\":[{\"@type\":\"ReadAction\",\"target\":[\"https:\/\/buy-prescriptionz.com\/product\/buy-clonazepam-online\/\"]}]},{\"@type\":\"ImageObject\",\"inLanguage\":\"fi\",\"@id\":\"https:\/\/buy-prescriptionz.com\/product\/buy-clonazepam-online\/#primaryimage\",\"url\":\"https:\/\/buy-prescriptionz.com\/wp-content\/uploads\/2025\/09\/clonazepam.jpg\",\"contentUrl\":\"https:\/\/buy-prescriptionz.com\/wp-content\/uploads\/2025\/09\/clonazepam.jpg\",\"width\":400,\"height\":300},{\"@type\":\"BreadcrumbList\",\"@id\":\"https:\/\/buy-prescriptionz.com\/product\/buy-clonazepam-online\/#breadcrumb\",\"itemListElement\":[{\"@type\":\"ListItem\",\"position\":1,\"name\":\"Home\",\"item\":\"https:\/\/buy-prescriptionz.com\/\"},{\"@type\":\"ListItem\",\"position\":2,\"name\":\"Shop Painkillers Online\",\"item\":\"https:\/\/buy-prescriptionz.com\/shop-painkillers-online\/\"},{\"@type\":\"ListItem\",\"position\":3,\"name\":\"Buy Clonazepam Online\"}]},{\"@type\":\"WebSite\",\"@id\":\"https:\/\/buy-prescriptionz.com\/#website\",\"url\":\"https:\/\/buy-prescriptionz.com\/\",\"name\":\"Buy Prescriptionz\",\"description\":\"Drugs Online\",\"publisher\":{\"@id\":\"https:\/\/buy-prescriptionz.com\/#organization\"},\"potentialAction\":[{\"@type\":\"SearchAction\",\"target\":{\"@type\":\"EntryPoint\",\"urlTemplate\":\"https:\/\/buy-prescriptionz.com\/?s={search_term_string}\"},\"query-input\":{\"@type\":\"PropertyValueSpecification\",\"valueRequired\":true,\"valueName\":\"search_term_string\"}}],\"inLanguage\":\"fi\"},{\"@type\":\"Organization\",\"@id\":\"https:\/\/buy-prescriptionz.com\/#organization\",\"name\":\"Buy Prescriptionz\",\"url\":\"https:\/\/buy-prescriptionz.com\/\",\"logo\":{\"@type\":\"ImageObject\",\"inLanguage\":\"fi\",\"@id\":\"https:\/\/buy-prescriptionz.com\/#\/schema\/logo\/image\/\",\"url\":\"https:\/\/buy-prescriptionz.com\/wp-content\/uploads\/2023\/09\/logo.png\",\"contentUrl\":\"https:\/\/buy-prescriptionz.com\/wp-content\/uploads\/2023\/09\/logo.png\",\"width\":350,\"height\":64,\"caption\":\"Buy Prescriptionz\"},\"image\":{\"@id\":\"https:\/\/buy-prescriptionz.com\/#\/schema\/logo\/image\/\"}}]}<\/script>\n<!-- \/ Yoast SEO plugin. -->","yoast_head_json":{"title":"Osta klonatsepaamia netist\u00e4, osta Rivotrilia netist\u00e4, osta Rivotrilia","description":"Osta klonatsepaamia netist\u00e4. Osta klonopinia netist\u00e4, osta klonatsepaamia netist\u00e4, osta klonatsepaamia, Osta klonopinia netist\u00e4 laillisesti, osta klonopinia, osta klonopinia netist\u00e4 arvostelut","robots":{"index":"index","follow":"follow","max-snippet":"max-snippet:-1","max-image-preview":"max-image-preview:large","max-video-preview":"max-video-preview:-1"},"canonical":"https:\/\/buy-prescriptionz.com\/fi\/tuote\/osta-klonatsepaamia-verkossa\/","og_locale":"fi_FI","og_type":"article","og_title":"Buy Clonazepam Online, Buy Rivotril Online, Purchase Rivotril","og_description":"Buy clonazepam online.Buy klonopin online, buy clonazepam online, buy clonazepam, Buy klonopin online legally, buy klonopin, buy klonopin online reviews","og_url":"https:\/\/buy-prescriptionz.com\/fi\/tuote\/osta-klonatsepaamia-verkossa\/","og_site_name":"Buy Prescriptionz","article_modified_time":"2025-09-20T12:20:33+00:00","og_image":[{"width":400,"height":300,"url":"https:\/\/buy-prescriptionz.com\/wp-content\/uploads\/2025\/09\/clonazepam.jpg","type":"image\/jpeg"}],"twitter_card":"summary_large_image","twitter_misc":{"Arvioitu lukuaika":"3 minuuttia"},"schema":{"@context":"https:\/\/schema.org","@graph":[{"@type":"WebPage","@id":"https:\/\/buy-prescriptionz.com\/product\/buy-clonazepam-online\/","url":"https:\/\/buy-prescriptionz.com\/product\/buy-clonazepam-online\/","name":"Osta klonatsepaamia netist\u00e4, osta Rivotrilia netist\u00e4, osta Rivotrilia","isPartOf":{"@id":"https:\/\/buy-prescriptionz.com\/#website"},"primaryImageOfPage":{"@id":"https:\/\/buy-prescriptionz.com\/product\/buy-clonazepam-online\/#primaryimage"},"image":{"@id":"https:\/\/buy-prescriptionz.com\/product\/buy-clonazepam-online\/#primaryimage"},"thumbnailUrl":"https:\/\/buy-prescriptionz.com\/wp-content\/uploads\/2025\/09\/clonazepam.jpg","datePublished":"2025-09-16T08:55:51+00:00","dateModified":"2025-09-20T12:20:33+00:00","description":"Osta klonatsepaamia netist\u00e4. Osta klonopinia netist\u00e4, osta klonatsepaamia netist\u00e4, osta klonatsepaamia, Osta klonopinia netist\u00e4 laillisesti, osta klonopinia, osta klonopinia netist\u00e4 arvostelut","breadcrumb":{"@id":"https:\/\/buy-prescriptionz.com\/product\/buy-clonazepam-online\/#breadcrumb"},"inLanguage":"fi","potentialAction":[{"@type":"ReadAction","target":["https:\/\/buy-prescriptionz.com\/product\/buy-clonazepam-online\/"]}]},{"@type":"ImageObject","inLanguage":"fi","@id":"https:\/\/buy-prescriptionz.com\/product\/buy-clonazepam-online\/#primaryimage","url":"https:\/\/buy-prescriptionz.com\/wp-content\/uploads\/2025\/09\/clonazepam.jpg","contentUrl":"https:\/\/buy-prescriptionz.com\/wp-content\/uploads\/2025\/09\/clonazepam.jpg","width":400,"height":300},{"@type":"BreadcrumbList","@id":"https:\/\/buy-prescriptionz.com\/product\/buy-clonazepam-online\/#breadcrumb","itemListElement":[{"@type":"ListItem","position":1,"name":"Home","item":"https:\/\/buy-prescriptionz.com\/"},{"@type":"ListItem","position":2,"name":"Shop Painkillers Online","item":"https:\/\/buy-prescriptionz.com\/shop-painkillers-online\/"},{"@type":"ListItem","position":3,"name":"Buy Clonazepam Online"}]},{"@type":"WebSite","@id":"https:\/\/buy-prescriptionz.com\/#website","url":"https:\/\/buy-prescriptionz.com\/","name":"Buy Prescriptionz","description":"Huumeet verkossa","publisher":{"@id":"https:\/\/buy-prescriptionz.com\/#organization"},"potentialAction":[{"@type":"SearchAction","target":{"@type":"EntryPoint","urlTemplate":"https:\/\/buy-prescriptionz.com\/?s={search_term_string}"},"query-input":{"@type":"PropertyValueSpecification","valueRequired":true,"valueName":"search_term_string"}}],"inLanguage":"fi"},{"@type":"Organization","@id":"https:\/\/buy-prescriptionz.com\/#organization","name":"Buy Prescriptionz","url":"https:\/\/buy-prescriptionz.com\/","logo":{"@type":"ImageObject","inLanguage":"fi","@id":"https:\/\/buy-prescriptionz.com\/#\/schema\/logo\/image\/","url":"https:\/\/buy-prescriptionz.com\/wp-content\/uploads\/2023\/09\/logo.png","contentUrl":"https:\/\/buy-prescriptionz.com\/wp-content\/uploads\/2023\/09\/logo.png","width":350,"height":64,"caption":"Buy Prescriptionz"},"image":{"@id":"https:\/\/buy-prescriptionz.com\/#\/schema\/logo\/image\/"}}]}},"_links":{"self":[{"href":"https:\/\/buy-prescriptionz.com\/fi\/wp-json\/wp\/v2\/product\/2982","targetHints":{"allow":["GET"]}}],"collection":[{"href":"https:\/\/buy-prescriptionz.com\/fi\/wp-json\/wp\/v2\/product"}],"about":[{"href":"https:\/\/buy-prescriptionz.com\/fi\/wp-json\/wp\/v2\/types\/product"}],"replies":[{"embeddable":true,"href":"https:\/\/buy-prescriptionz.com\/fi\/wp-json\/wp\/v2\/comments?post=2982"}],"wp:featuredmedia":[{"embeddable":true,"href":"https:\/\/buy-prescriptionz.com\/fi\/wp-json\/wp\/v2\/media\/3012"}],"wp:attachment":[{"href":"https:\/\/buy-prescriptionz.com\/fi\/wp-json\/wp\/v2\/media?parent=2982"}],"wp:term":[{"taxonomy":"product_brand","embeddable":true,"href":"https:\/\/buy-prescriptionz.com\/fi\/wp-json\/wp\/v2\/product_brand?post=2982"},{"taxonomy":"product_cat","embeddable":true,"href":"https:\/\/buy-prescriptionz.com\/fi\/wp-json\/wp\/v2\/product_cat?post=2982"},{"taxonomy":"product_tag","embeddable":true,"href":"https:\/\/buy-prescriptionz.com\/fi\/wp-json\/wp\/v2\/product_tag?post=2982"}],"curies":[{"name":"wp","href":"https:\/\/api.w.org\/{rel}","templated":true}]}}