{"id":2983,"date":"2025-09-16T08:55:51","date_gmt":"2025-09-16T08:55:51","guid":{"rendered":"https:\/\/chemsfine.com\/newsite\/?post_type=product&#038;p=2983"},"modified":"2025-09-24T06:26:41","modified_gmt":"2025-09-24T06:26:41","slug":"osta-nirvana-verkossa","status":"publish","type":"product","link":"https:\/\/buy-prescriptionz.com\/fi\/tuote\/osta-nirvana-verkossa\/","title":{"rendered":"Osta Niravam verkossa"},"content":{"rendered":"<h2>Osta Niravam verkossa<\/h2>\n<p>Osta Niravam (geneerinen l\u00e4\u00e4ke). Niravamia k\u00e4ytet\u00e4\u00e4n paniikkih\u00e4iri\u00f6iden ja ahdistuksen hoitoon. Se auttaa sinua pysym\u00e4\u00e4n rauhallisena ja tyynen\u00e4. Osta Niravam verkosta ilman resepti\u00e4 ja anna l\u00e4\u00e4kkeen vaikuttaa aivoihisi ja hermoihisi lievitt\u00e4\u00e4kseen mainittujen kohtausten oireita.<\/p>\n<p><strong>Uses\u00a0<\/strong>\u2013 Treats panic disorders<\/p>\n<p><strong>Side effects\u00a0<\/strong>\u2013 Dizziness, increased saliva production Buy Niravam (Generic)<\/p>\n<p>Jos tarvitset l\u00e4\u00e4kett\u00e4, voit etsi\u00e4 Niravamia my\u00f6s verkosta. \u00c4l\u00e4 ota t\u00e4t\u00e4 l\u00e4\u00e4kett\u00e4 runsasrasvaisen aterian yhteydess\u00e4, koska se hidastaisi l\u00e4\u00e4kkeen imeytymist\u00e4. Osta Niravamia ja l\u00f6yd\u00e4 my\u00f6s Niravamia myynniss\u00e4 saadaksesi saman halvemmalla hinnalla. Niravam on nopeasti liukeneva suun kautta otettava l\u00e4\u00e4ke, jota k\u00e4ytet\u00e4\u00e4n ahdistuksen ja paniikkih\u00e4iri\u00f6iden hoitoon. Se sis\u00e4lt\u00e4\u00e4 alpratsolaamia, er\u00e4\u00e4nlaista bentsodiatsepiinia, joka toimii tehostamalla elimist\u00f6ss\u00e4 luonnollisen kemikaalin, gamma-aminovoihapon (GABA), vaikutuksia. T\u00e4m\u00e4 auttaa rauhoittamaan hermostoa ja lievitt\u00e4m\u00e4\u00e4n ahdistusoireita.<\/p>\n<h3>Miten Niravam toimii<\/h3>\n<p>Paras Niravam on ainutlaatuinen, koska se liukenee nopeasti kielell\u00e4, mik\u00e4 helpottaa pillereiden nielemisvaikeuksista k\u00e4rsivien nielemist\u00e4. Liuottuaan l\u00e4\u00e4ke imeytyy nopeasti verenkiertoon, mik\u00e4 tarjoaa nopean helpotuksen ahdistukseen ja paniikkikohtauksiin. T\u00e4m\u00e4 nopea vaikutus on erityisen hy\u00f6dyllinen akuuttien ahdistusjaksojen aikana.<\/p>\n<h3>Niravamin hy\u00f6dyt<\/h3>\n<ol>\n<li>Nopea helpotus: Niravamin nopeasti liukeneva koostumus tarjoaa l\u00e4hes v\u00e4litt\u00f6m\u00e4n helpotuksen ahdistukseen ja paniikkikohtauksiin, mik\u00e4 on ratkaisevan t\u00e4rke\u00e4\u00e4 vakavien kohtausten aikana.<\/li>\n<li>K\u00e4tev\u00e4 anto: Helppok\u00e4ytt\u00f6isyys ilman veden tarvetta tekee Niravamista k\u00e4tev\u00e4n vaihtoehdon niille, jotka tarvitsevat nopeasti vaikuttavaa ahdistuksen lievityst\u00e4 liikkeell\u00e4 ollessaan.<\/li>\n<li>Tehokas hoito: Niravamin vaikuttava aine, alpratsolaami, on hyvin dokumentoitu tehokkuudestaan \u200b\u200byleistyneen ahdistuneisuush\u00e4iri\u00f6n (GAD) ja paniikkih\u00e4iri\u00f6n hoidossa, sill\u00e4 se auttaa v\u00e4hent\u00e4m\u00e4\u00e4n oireita ja parantamaan el\u00e4m\u00e4nlaatua.<\/li>\n<\/ol>\n<h3>Huomioitavaa ja sivuvaikutuksia<\/h3>\n<p>Vaikka Niravam on tehokas, on t\u00e4rke\u00e4\u00e4 k\u00e4ytt\u00e4\u00e4 sit\u00e4 terveydenhuollon ammattilaisen ohjeiden mukaisesti. Mahdollisia sivuvaikutuksia ovat uneliaisuus, huimaus ja riippuvuus pitk\u00e4aikaisessa k\u00e4yt\u00f6ss\u00e4. On eritt\u00e4in t\u00e4rke\u00e4\u00e4 noudattaa l\u00e4\u00e4k\u00e4risi ohjeita riskien minimoimiseksi ja hy\u00f6tyjen maksimoimiseksi. Niravam tarjoaa k\u00e4tev\u00e4n ja tehokkaan ratkaisun ahdistuneisuus- ja paniikkih\u00e4iri\u00f6iden kanssa kamppaileville, ja se tarjoaa nopeaa helpotusta silloin, kun sit\u00e4 eniten tarvitaan. Lis\u00e4tietoja Niravamista ja muista reseptil\u00e4\u00e4kkeist\u00e4 saat parhaasta apteekista. <a href=\"https:\/\/buy-prescriptionz.com\/fi\/\">buy-prescriptionz.com<\/a>Ne tarjoavat erilaisia \u200b\u200btuotteita terveytesi ja hyvinvointisi tukemiseksi.<\/p>","protected":false},"excerpt":{"rendered":"<p>Buy Niravam Online Buy Niravam (Generic) ,Used to treat panic disorders as well as anxiety, Niravam lets you stay calm and composed. Buy Niravam online without prescription and let the drug act on your brain and nerve so as to relieve you from the symptoms of mentioned attacks. Uses\u00a0\u2013 Treats panic disorders Side effects\u00a0\u2013 Dizziness, [&hellip;]<\/p>","protected":false},"featured_media":3013,"comment_status":"open","ping_status":"closed","template":"","meta":{"site-sidebar-layout":"default","site-content-layout":"","ast-site-content-layout":"default","site-content-style":"default","site-sidebar-style":"default","ast-global-header-display":"","ast-banner-title-visibility":"","ast-main-header-display":"","ast-hfb-above-header-display":"","ast-hfb-below-header-display":"","ast-hfb-mobile-header-display":"","site-post-title":"","ast-breadcrumbs-content":"","ast-featured-img":"","footer-sml-layout":"","theme-transparent-header-meta":"default","adv-header-id-meta":"","stick-header-meta":"","header-above-stick-meta":"","header-main-stick-meta":"","header-below-stick-meta":"","astra-migrate-meta-layouts":"set","ast-page-background-enabled":"default","ast-page-background-meta":{"desktop":{"background-color":"var(--ast-global-color-4)","background-image":"","background-repeat":"repeat","background-position":"center center","background-size":"auto","background-attachment":"scroll","background-type":"","background-media":"","overlay-type":"","overlay-color":"","overlay-opacity":"","overlay-gradient":""},"tablet":{"background-color":"","background-image":"","background-repeat":"repeat","background-position":"center center","background-size":"auto","background-attachment":"scroll","background-type":"","background-media":"","overlay-type":"","overlay-color":"","overlay-opacity":"","overlay-gradient":""},"mobile":{"background-color":"","background-image":"","background-repeat":"repeat","background-position":"center center","background-size":"auto","background-attachment":"scroll","background-type":"","background-media":"","overlay-type":"","overlay-color":"","overlay-opacity":"","overlay-gradient":""}},"ast-content-background-meta":{"desktop":{"background-color":"var(--ast-global-color-5)","background-image":"","background-repeat":"repeat","background-position":"center center","background-size":"auto","background-attachment":"scroll","background-type":"","background-media":"","overlay-type":"","overlay-color":"","overlay-opacity":"","overlay-gradient":""},"tablet":{"background-color":"var(--ast-global-color-5)","background-image":"","background-repeat":"repeat","background-position":"center center","background-size":"auto","background-attachment":"scroll","background-type":"","background-media":"","overlay-type":"","overlay-color":"","overlay-opacity":"","overlay-gradient":""},"mobile":{"background-color":"var(--ast-global-color-5)","background-image":"","background-repeat":"repeat","background-position":"center center","background-size":"auto","background-attachment":"scroll","background-type":"","background-media":"","overlay-type":"","overlay-color":"","overlay-opacity":"","overlay-gradient":""}}},"product_brand":[],"product_cat":[2381],"product_tag":[1836,1837,1835,1830,1833,1832,1831,1834,1829,1828,1838],"class_list":{"0":"post-2983","1":"product","2":"type-product","3":"status-publish","4":"has-post-thumbnail","6":"product_cat-buy-depressants-and-anxiety-pills-online","7":"product_tag-buy-niravam-in-canada","8":"product_tag-buy-niravam-in-uk","9":"product_tag-buy-niravam-in-usa","10":"product_tag-buy-niravam-with-bitcoin","11":"product_tag-buy-niravam-with-credit-card","12":"product_tag-buy-niravam-with-money-gram","13":"product_tag-buy-niravam-with-western-union","14":"product_tag-buy-niravam-without-a-doctor","15":"product_tag-buy-niravam-without-prescription","16":"product_tag-niravam-for-sale","17":"product_tag-niravam-tablets","18":"desktop-align-center","19":"tablet-align-left","20":"mobile-align-left","22":"first","23":"instock","24":"shipping-taxable","25":"purchasable","26":"product-type-variable","27":"has-default-attributes"},"yoast_head":"<!-- This site is optimized with the Yoast SEO plugin v25.9 - https:\/\/yoast.com\/wordpress\/plugins\/seo\/ -->\n<title>Buy Niravam (Generic) | Best Online Prices &amp; Good Deals<\/title>\n<meta name=\"description\" content=\"Buy Niravam (Generic) , niravam for sale online. Where to order niravam where to buy no prescription meds.Niravam 2mg (Alprazolam) tablets online\" \/>\n<meta name=\"robots\" content=\"index, follow, max-snippet:-1, max-image-preview:large, max-video-preview:-1\" \/>\n<link rel=\"canonical\" href=\"https:\/\/buy-prescriptionz.com\/fi\/tuote\/osta-nirvana-verkossa\/\" \/>\n<meta property=\"og:locale\" content=\"fi_FI\" \/>\n<meta property=\"og:type\" content=\"article\" \/>\n<meta property=\"og:title\" content=\"Buy Niravam (Generic) | Best Online Prices &amp; Good Deals\" \/>\n<meta property=\"og:description\" content=\"Buy Niravam (Generic) , niravam for sale online. Where to order niravam where to buy no prescription meds.Niravam 2mg (Alprazolam) tablets online\" \/>\n<meta property=\"og:url\" content=\"https:\/\/buy-prescriptionz.com\/fi\/tuote\/osta-nirvana-verkossa\/\" \/>\n<meta property=\"og:site_name\" content=\"Buy Prescriptionz\" \/>\n<meta property=\"article:modified_time\" content=\"2025-09-24T06:26:41+00:00\" \/>\n<meta property=\"og:image\" content=\"https:\/\/buy-prescriptionz.com\/wp-content\/uploads\/2025\/09\/niravam.jpg\" \/>\n\t<meta property=\"og:image:width\" content=\"400\" \/>\n\t<meta property=\"og:image:height\" content=\"300\" \/>\n\t<meta property=\"og:image:type\" content=\"image\/jpeg\" \/>\n<meta name=\"twitter:card\" content=\"summary_large_image\" \/>\n<meta name=\"twitter:label1\" content=\"Arvioitu lukuaika\" \/>\n\t<meta name=\"twitter:data1\" content=\"2 minuuttia\" \/>\n<script type=\"application\/ld+json\" class=\"yoast-schema-graph\">{\"@context\":\"https:\/\/schema.org\",\"@graph\":[{\"@type\":\"WebPage\",\"@id\":\"https:\/\/buy-prescriptionz.com\/product\/buy-niravam-online\/\",\"url\":\"https:\/\/buy-prescriptionz.com\/product\/buy-niravam-online\/\",\"name\":\"Buy Niravam (Generic) | Best Online Prices & Good Deals\",\"isPartOf\":{\"@id\":\"https:\/\/buy-prescriptionz.com\/#website\"},\"primaryImageOfPage\":{\"@id\":\"https:\/\/buy-prescriptionz.com\/product\/buy-niravam-online\/#primaryimage\"},\"image\":{\"@id\":\"https:\/\/buy-prescriptionz.com\/product\/buy-niravam-online\/#primaryimage\"},\"thumbnailUrl\":\"https:\/\/buy-prescriptionz.com\/wp-content\/uploads\/2025\/09\/niravam.jpg\",\"datePublished\":\"2025-09-16T08:55:51+00:00\",\"dateModified\":\"2025-09-24T06:26:41+00:00\",\"description\":\"Buy Niravam (Generic) , niravam for sale online. Where to order niravam where to buy no prescription meds.Niravam 2mg (Alprazolam) tablets online\",\"breadcrumb\":{\"@id\":\"https:\/\/buy-prescriptionz.com\/product\/buy-niravam-online\/#breadcrumb\"},\"inLanguage\":\"fi\",\"potentialAction\":[{\"@type\":\"ReadAction\",\"target\":[\"https:\/\/buy-prescriptionz.com\/product\/buy-niravam-online\/\"]}]},{\"@type\":\"ImageObject\",\"inLanguage\":\"fi\",\"@id\":\"https:\/\/buy-prescriptionz.com\/product\/buy-niravam-online\/#primaryimage\",\"url\":\"https:\/\/buy-prescriptionz.com\/wp-content\/uploads\/2025\/09\/niravam.jpg\",\"contentUrl\":\"https:\/\/buy-prescriptionz.com\/wp-content\/uploads\/2025\/09\/niravam.jpg\",\"width\":400,\"height\":300},{\"@type\":\"BreadcrumbList\",\"@id\":\"https:\/\/buy-prescriptionz.com\/product\/buy-niravam-online\/#breadcrumb\",\"itemListElement\":[{\"@type\":\"ListItem\",\"position\":1,\"name\":\"Home\",\"item\":\"https:\/\/buy-prescriptionz.com\/\"},{\"@type\":\"ListItem\",\"position\":2,\"name\":\"Shop Painkillers Online\",\"item\":\"https:\/\/buy-prescriptionz.com\/shop-painkillers-online\/\"},{\"@type\":\"ListItem\",\"position\":3,\"name\":\"Buy Niravam Online\"}]},{\"@type\":\"WebSite\",\"@id\":\"https:\/\/buy-prescriptionz.com\/#website\",\"url\":\"https:\/\/buy-prescriptionz.com\/\",\"name\":\"Buy Prescriptionz\",\"description\":\"Drugs Online\",\"publisher\":{\"@id\":\"https:\/\/buy-prescriptionz.com\/#organization\"},\"potentialAction\":[{\"@type\":\"SearchAction\",\"target\":{\"@type\":\"EntryPoint\",\"urlTemplate\":\"https:\/\/buy-prescriptionz.com\/?s={search_term_string}\"},\"query-input\":{\"@type\":\"PropertyValueSpecification\",\"valueRequired\":true,\"valueName\":\"search_term_string\"}}],\"inLanguage\":\"fi\"},{\"@type\":\"Organization\",\"@id\":\"https:\/\/buy-prescriptionz.com\/#organization\",\"name\":\"Buy Prescriptionz\",\"url\":\"https:\/\/buy-prescriptionz.com\/\",\"logo\":{\"@type\":\"ImageObject\",\"inLanguage\":\"fi\",\"@id\":\"https:\/\/buy-prescriptionz.com\/#\/schema\/logo\/image\/\",\"url\":\"https:\/\/buy-prescriptionz.com\/wp-content\/uploads\/2023\/09\/logo.png\",\"contentUrl\":\"https:\/\/buy-prescriptionz.com\/wp-content\/uploads\/2023\/09\/logo.png\",\"width\":350,\"height\":64,\"caption\":\"Buy Prescriptionz\"},\"image\":{\"@id\":\"https:\/\/buy-prescriptionz.com\/#\/schema\/logo\/image\/\"}}]}<\/script>\n<!-- \/ Yoast SEO plugin. -->","yoast_head_json":{"title":"Buy Niravam (Generic) | Best Online Prices & Good Deals","description":"Buy Niravam (Generic) , niravam for sale online. Where to order niravam where to buy no prescription meds.Niravam 2mg (Alprazolam) tablets online","robots":{"index":"index","follow":"follow","max-snippet":"max-snippet:-1","max-image-preview":"max-image-preview:large","max-video-preview":"max-video-preview:-1"},"canonical":"https:\/\/buy-prescriptionz.com\/fi\/tuote\/osta-nirvana-verkossa\/","og_locale":"fi_FI","og_type":"article","og_title":"Buy Niravam (Generic) | Best Online Prices & Good Deals","og_description":"Buy Niravam (Generic) , niravam for sale online. Where to order niravam where to buy no prescription meds.Niravam 2mg (Alprazolam) tablets online","og_url":"https:\/\/buy-prescriptionz.com\/fi\/tuote\/osta-nirvana-verkossa\/","og_site_name":"Buy Prescriptionz","article_modified_time":"2025-09-24T06:26:41+00:00","og_image":[{"width":400,"height":300,"url":"https:\/\/buy-prescriptionz.com\/wp-content\/uploads\/2025\/09\/niravam.jpg","type":"image\/jpeg"}],"twitter_card":"summary_large_image","twitter_misc":{"Arvioitu lukuaika":"2 minuuttia"},"schema":{"@context":"https:\/\/schema.org","@graph":[{"@type":"WebPage","@id":"https:\/\/buy-prescriptionz.com\/product\/buy-niravam-online\/","url":"https:\/\/buy-prescriptionz.com\/product\/buy-niravam-online\/","name":"Buy Niravam (Generic) | Best Online Prices & Good Deals","isPartOf":{"@id":"https:\/\/buy-prescriptionz.com\/#website"},"primaryImageOfPage":{"@id":"https:\/\/buy-prescriptionz.com\/product\/buy-niravam-online\/#primaryimage"},"image":{"@id":"https:\/\/buy-prescriptionz.com\/product\/buy-niravam-online\/#primaryimage"},"thumbnailUrl":"https:\/\/buy-prescriptionz.com\/wp-content\/uploads\/2025\/09\/niravam.jpg","datePublished":"2025-09-16T08:55:51+00:00","dateModified":"2025-09-24T06:26:41+00:00","description":"Buy Niravam (Generic) , niravam for sale online. Where to order niravam where to buy no prescription meds.Niravam 2mg (Alprazolam) tablets online","breadcrumb":{"@id":"https:\/\/buy-prescriptionz.com\/product\/buy-niravam-online\/#breadcrumb"},"inLanguage":"fi","potentialAction":[{"@type":"ReadAction","target":["https:\/\/buy-prescriptionz.com\/product\/buy-niravam-online\/"]}]},{"@type":"ImageObject","inLanguage":"fi","@id":"https:\/\/buy-prescriptionz.com\/product\/buy-niravam-online\/#primaryimage","url":"https:\/\/buy-prescriptionz.com\/wp-content\/uploads\/2025\/09\/niravam.jpg","contentUrl":"https:\/\/buy-prescriptionz.com\/wp-content\/uploads\/2025\/09\/niravam.jpg","width":400,"height":300},{"@type":"BreadcrumbList","@id":"https:\/\/buy-prescriptionz.com\/product\/buy-niravam-online\/#breadcrumb","itemListElement":[{"@type":"ListItem","position":1,"name":"Home","item":"https:\/\/buy-prescriptionz.com\/"},{"@type":"ListItem","position":2,"name":"Shop Painkillers Online","item":"https:\/\/buy-prescriptionz.com\/shop-painkillers-online\/"},{"@type":"ListItem","position":3,"name":"Buy Niravam Online"}]},{"@type":"WebSite","@id":"https:\/\/buy-prescriptionz.com\/#website","url":"https:\/\/buy-prescriptionz.com\/","name":"Buy Prescriptionz","description":"Huumeet verkossa","publisher":{"@id":"https:\/\/buy-prescriptionz.com\/#organization"},"potentialAction":[{"@type":"SearchAction","target":{"@type":"EntryPoint","urlTemplate":"https:\/\/buy-prescriptionz.com\/?s={search_term_string}"},"query-input":{"@type":"PropertyValueSpecification","valueRequired":true,"valueName":"search_term_string"}}],"inLanguage":"fi"},{"@type":"Organization","@id":"https:\/\/buy-prescriptionz.com\/#organization","name":"Buy Prescriptionz","url":"https:\/\/buy-prescriptionz.com\/","logo":{"@type":"ImageObject","inLanguage":"fi","@id":"https:\/\/buy-prescriptionz.com\/#\/schema\/logo\/image\/","url":"https:\/\/buy-prescriptionz.com\/wp-content\/uploads\/2023\/09\/logo.png","contentUrl":"https:\/\/buy-prescriptionz.com\/wp-content\/uploads\/2023\/09\/logo.png","width":350,"height":64,"caption":"Buy Prescriptionz"},"image":{"@id":"https:\/\/buy-prescriptionz.com\/#\/schema\/logo\/image\/"}}]}},"_links":{"self":[{"href":"https:\/\/buy-prescriptionz.com\/fi\/wp-json\/wp\/v2\/product\/2983","targetHints":{"allow":["GET"]}}],"collection":[{"href":"https:\/\/buy-prescriptionz.com\/fi\/wp-json\/wp\/v2\/product"}],"about":[{"href":"https:\/\/buy-prescriptionz.com\/fi\/wp-json\/wp\/v2\/types\/product"}],"replies":[{"embeddable":true,"href":"https:\/\/buy-prescriptionz.com\/fi\/wp-json\/wp\/v2\/comments?post=2983"}],"wp:featuredmedia":[{"embeddable":true,"href":"https:\/\/buy-prescriptionz.com\/fi\/wp-json\/wp\/v2\/media\/3013"}],"wp:attachment":[{"href":"https:\/\/buy-prescriptionz.com\/fi\/wp-json\/wp\/v2\/media?parent=2983"}],"wp:term":[{"taxonomy":"product_brand","embeddable":true,"href":"https:\/\/buy-prescriptionz.com\/fi\/wp-json\/wp\/v2\/product_brand?post=2983"},{"taxonomy":"product_cat","embeddable":true,"href":"https:\/\/buy-prescriptionz.com\/fi\/wp-json\/wp\/v2\/product_cat?post=2983"},{"taxonomy":"product_tag","embeddable":true,"href":"https:\/\/buy-prescriptionz.com\/fi\/wp-json\/wp\/v2\/product_tag?post=2983"}],"curies":[{"name":"wp","href":"https:\/\/api.w.org\/{rel}","templated":true}]}}