{"id":2985,"date":"2025-09-16T08:55:51","date_gmt":"2025-09-16T08:55:51","guid":{"rendered":"https:\/\/chemsfine.com\/newsite\/?post_type=product&#038;p=2985"},"modified":"2026-01-30T13:59:44","modified_gmt":"2026-01-30T13:59:44","slug":"alpratsolaami","status":"publish","type":"product","link":"https:\/\/buy-prescriptionz.com\/fi\/tuote\/alpratsolaami\/","title":{"rendered":"Alprazolam"},"content":{"rendered":"<h2 style=\"text-align: justify;\">OSTAA ALPRATSOLAAMI VERKOSSA<\/h2>\n<p style=\"text-align: justify;\">OSTA ALPRAZOLAM ONLINE Osta alpratsolaami verkossa, Alprazolam l\u00e4\u00e4ke on yleinen bentsodiatsepiini l\u00e4\u00e4ketieteellisiss\u00e4 olosuhteissa, joka on my\u00f6s otettu virkistystarkoituksiin. Sit\u00e4 k\u00e4ytet\u00e4\u00e4n tavallisesti ahdistukseen ja paniikkih\u00e4iri\u00f6\u00f6n, vaikka sill\u00e4 on masennusl\u00e4\u00e4kkeit\u00e4. Sen virkistysvaikutukset koostuvat anksiolyysist\u00e4, estottomuudesta ja euforiasta. K\u00e4ytt\u00f6aiheet Alpratsolaamia k\u00e4ytet\u00e4\u00e4n ahdistuksen ja ...<\/p>\n<p style=\"text-align: justify;\">Sen virkistysvaikutukset koostuvat ahdistuneisuudesta, estottomuudesta ja euforiasta.<\/p>\n<h3>Yleiskatsaus alpratsolaamiin<\/h3>\n<p>Alpratsolaami on reseptil\u00e4\u00e4ke, jota k\u00e4ytet\u00e4\u00e4n p\u00e4\u00e4asiassa ahdistuneisuush\u00e4iri\u00f6iden ja paniikkih\u00e4iri\u00f6iden hoitoon. Bentsodiatsepiinien luokkaan kuuluva l\u00e4\u00e4ke toimii tehostamalla tietyn luonnollisen kemikaalin (GABA) vaikutuksia kehossa ja tuottamalla rauhoittavan vaikutuksen. Sit\u00e4 markkinoidaan usein tuotenimell\u00e4 Xanax.<\/p>\n<h3>Alpratsolaamin k\u00e4ytt\u00f6tarkoitukset<\/h3>\n<ol>\n<li><strong>Ahdistuneisuush\u00e4iri\u00f6t<\/strong>: La <strong>paras alpratsolaami <\/strong>on yleisesti m\u00e4\u00e4r\u00e4tty ahdistuneisuush\u00e4iri\u00f6iden hoitoon, ja se lievitt\u00e4\u00e4 oireita, kuten liiallista huolta, levottomuutta ja \u00e4rtyneisyytt\u00e4.<\/li>\n<li><strong>Paniikkih\u00e4iri\u00f6t<\/strong>Se on tehokas paniikkih\u00e4iri\u00f6iden hoidossa, joille on ominaista \u00e4killiset voimakkaan pelon ja huolen kohtaukset.<\/li>\n<li><strong>Lyhytaikainen helpotus<\/strong>K\u00e4ytet\u00e4\u00e4n usein ahdistusoireiden lyhytaikaiseen hoitoon, kun pitk\u00e4n aikav\u00e4lin hoitosuunnitelmia laaditaan.<\/li>\n<\/ol>\n<h3>Alpratsolaamin hy\u00f6dyt<\/h3>\n<ol>\n<li><strong>Nopea helpotus<\/strong>Alpratsolaami tunnetaan nopeasti vaikuttavasta vaikutuksestaan, joka lievitt\u00e4\u00e4 ahdistusta ja paniikkioireita nopeasti.<\/li>\n<li><strong>Parantaa el\u00e4m\u00e4nlaatua<\/strong>Hallitsemalla oireita tehokkaasti se voi parantaa merkitt\u00e4v\u00e4sti ahdistuneisuush\u00e4iri\u00f6ist\u00e4 k\u00e4rsivien henkil\u00f6iden el\u00e4m\u00e4nlaatua.<\/li>\n<li><strong>Hyvin tutkittu<\/strong>Alpratsolaamia on tutkittu ja k\u00e4ytetty laajasti vuosikymmenten ajan, mik\u00e4 tekee siit\u00e4 hyvin ymm\u00e4rretyn ja luotetun l\u00e4\u00e4kkeen l\u00e4\u00e4ketieteellisess\u00e4 yhteis\u00f6ss\u00e4.<\/li>\n<\/ol>\n<h3>T\u00e4rkeit\u00e4 huomioitavia asioita<\/h3>\n<ol>\n<li><strong>riippuvuus ja<\/strong>Pitk\u00e4aikaiseen k\u00e4ytt\u00f6\u00f6n liittyy riippuvuusriski, joten sit\u00e4 m\u00e4\u00e4r\u00e4t\u00e4\u00e4n yleens\u00e4 lyhytaikaiseen k\u00e4ytt\u00f6\u00f6n.<\/li>\n<li><strong>Sivuvaikutukset<\/strong>Yleisi\u00e4 sivuvaikutuksia ovat uneliaisuus, huimaus ja lis\u00e4\u00e4ntynyt syljeneritys. On t\u00e4rke\u00e4\u00e4 noudattaa m\u00e4\u00e4r\u00e4tty\u00e4 annostusta ja ohjeita n\u00e4iden vaikutusten minimoimiseksi.<\/li>\n<li><strong>Vuorovaikutukset<\/strong>Alpratsolaami voi olla yhteisvaikutuksessa muiden l\u00e4\u00e4kkeiden ja aineiden kanssa, joten on eritt\u00e4in t\u00e4rke\u00e4\u00e4 kertoa l\u00e4\u00e4k\u00e4rillesi kaikista k\u00e4ytt\u00e4mist\u00e4si l\u00e4\u00e4kkeist\u00e4.<\/li>\n<\/ol>\n<p>Alpratsolaami on arvokas l\u00e4\u00e4ke ahdistuneisuus- ja paniikkih\u00e4iri\u00f6ist\u00e4 k\u00e4rsiville, sill\u00e4 se tarjoaa nopeaa ja tehokasta helpotusta. Sen k\u00e4ytt\u00f6 on kuitenkin v\u00e4ltt\u00e4m\u00e4t\u00f6nt\u00e4 l\u00e4\u00e4k\u00e4rin valvonnassa riippuvuuden ja sivuvaikutusten mahdollisuuden vuoksi. Niille, jotka haluavat ostaa alpratsolaamia turvallisesti ja k\u00e4tev\u00e4sti, yksi parhaista apteekeista... <a href=\"https:\/\/buy-prescriptionz.com\/fi\/\">buy-prescriptionz.com<\/a>.<\/p>\n<h3 style=\"text-align: justify;\">OMINAISUUDET<\/h3>\n<p style=\"text-align: justify;\">Alpratsolaamia k\u00e4ytet\u00e4\u00e4n ahdistus- ja paniikkih\u00e4iri\u00f6iden hoitoon. Se kuuluu bentsodiatsepiineiksi kutsuttujen l\u00e4\u00e4kkeiden luokkaan, jotka vaikuttavat aivoihin ja hermoihin tuottaen rauhoittavan vaikutuksen. Se toimii tehostamalla tietyn luonnollisen kemikaalin vaikutuksia ihmiskehossa.<\/p>\n<h3 style=\"text-align: justify;\">VAROTOIMENPITEET<\/h3>\n<p style=\"text-align: justify;\">Ennen kuin otat t\u00e4m\u00e4n, kerro l\u00e4\u00e4k\u00e4rillesi tai apteekkiin, jos olet allerginen sille; tai muille bentsodiatsepiineille (kuten diatsepaami, loratsepaami); tai jos sinulla on muita allergioita. T\u00e4m\u00e4 tuote saattaa sis\u00e4lt\u00e4\u00e4 inaktiivisia ainesosia, jotka aiheuttavat allergisia reaktioita tai muita ongelmia.Osta alpratsolaamia verkosta<\/p>\n<p style=\"text-align: justify;\">Se erittyy \u00e4idinmaitoon ja sill\u00e4 voi olla ei-toivottuja vaikutuksia imetett\u00e4v\u00e4\u00e4n lapseen. Imetyst\u00e4 ei suositella t\u00e4m\u00e4n l\u00e4\u00e4kkeen k\u00e4yt\u00f6n aikana. Keskustele l\u00e4\u00e4k\u00e4risi kanssa ennen imetyst\u00e4.<\/p>\n<h3 style=\"text-align: justify;\">SIVUVAIKUTUKSET<\/h3>\n<p style=\"text-align: justify;\">\u2022 Uneliaisuus<br \/>\nV\u00e4symys<br \/>\nMuita sivuvaikutuksia ovat mm<br \/>\nMuistiongelmat<br \/>\n\u2022 Speech problems<br \/>\n- Ummetus<br \/>\n\u2022 Changes in weight<br \/>\n\u2022 Riippuvuus (riippuvuus)<br \/>\n- P\u00e4\u00e4ns\u00e4rky<br \/>\n- Ummetus<br \/>\n- Kuiva suu<\/p>\n<h3 style=\"text-align: justify;\">YLIANNOSTUS<\/h3>\n<p style=\"text-align: justify;\">Yliannostuksen oireita voivat olla: voimakas uneliaisuus, hidastuneet\/v\u00e4hentyneet refleksit, hidastunut hengitys, tajunnan menetys.<\/p>\n<p style=\"text-align: justify;\">Jos ep\u00e4ill\u00e4\u00e4n yliannostusta, ota v\u00e4litt\u00f6m\u00e4sti yhteys l\u00e4\u00e4k\u00e4riin.<\/p>\n<h3 style=\"text-align: justify;\">UNOHTUNUT ANNOS<\/h3>\n<p style=\"text-align: justify;\">Jos unohdat annoksen, ota se niin pian kuin mahdollista. Jos on seuraavan annoksen aika, j\u00e4t\u00e4 unohtunut annos v\u00e4liin ja jatka tavanomaista annosteluaikataulua. \u00c4l\u00e4 kaksinkertaista annosta kuroaksesi umpeen.<\/p>\n<h3 style=\"text-align: justify;\">VARASTOINTI<\/h3>\n<p style=\"text-align: justify;\">S\u00e4ilyt\u00e4 alpratsolaamia huoneenl\u00e4mm\u00f6ss\u00e4 valolta ja kosteudelta suojassa. \u00c4l\u00e4 s\u00e4ilyt\u00e4 kylpyhuoneessa. Pid\u00e4 kaikki l\u00e4\u00e4kkeet poissa lasten ja lemmikkien ulottuvilta. \u00c4l\u00e4 huuhtele n\u00e4it\u00e4 l\u00e4\u00e4kkeit\u00e4 WC:hen tai kaada niit\u00e4 viem\u00e4riin, ellei niin kehoteta.<\/p>\n<h3 style=\"text-align: justify;\">MIST\u00c4 OSTAA ALPRAZOLAMIA VERKOSSA?<\/h3>\n<p style=\"text-align: justify;\">Buyprescriptionz.com on paras apteekkikauppa Alprazolam myyt\u00e4v\u00e4n\u00e4. Osta Alprazolam verkossa ilman l\u00e4\u00e4k\u00e4rin resepti\u00e4 Buyprescriptionz kanssa parhaaseen hintaan.<\/p>","protected":false},"excerpt":{"rendered":"<p>BUY ALPRAZOLAM ONLINE Buy alprazolam online, Alprazolam drug is a common benzodiazepine in medical settings that is also taken for the recreational purposes. It\u2019s normally used for anxiety and panic disorder, though it has antidepressant properties. Its recreational effects consist of anxiolysis, disinhibition, and euphoria. Overview of Alprazolam Alprazolam is a prescription medication primarily used [&hellip;]<\/p>","protected":false},"featured_media":3015,"comment_status":"open","ping_status":"closed","template":"","meta":{"site-sidebar-layout":"default","site-content-layout":"","ast-site-content-layout":"default","site-content-style":"default","site-sidebar-style":"default","ast-global-header-display":"","ast-banner-title-visibility":"","ast-main-header-display":"","ast-hfb-above-header-display":"","ast-hfb-below-header-display":"","ast-hfb-mobile-header-display":"","site-post-title":"","ast-breadcrumbs-content":"","ast-featured-img":"","footer-sml-layout":"","theme-transparent-header-meta":"","adv-header-id-meta":"","stick-header-meta":"","header-above-stick-meta":"","header-main-stick-meta":"","header-below-stick-meta":"","astra-migrate-meta-layouts":"default","ast-page-background-enabled":"default","ast-page-background-meta":{"desktop":{"background-color":"var(--ast-global-color-4)","background-image":"","background-repeat":"repeat","background-position":"center center","background-size":"auto","background-attachment":"scroll","background-type":"","background-media":"","overlay-type":"","overlay-color":"","overlay-opacity":"","overlay-gradient":""},"tablet":{"background-color":"","background-image":"","background-repeat":"repeat","background-position":"center center","background-size":"auto","background-attachment":"scroll","background-type":"","background-media":"","overlay-type":"","overlay-color":"","overlay-opacity":"","overlay-gradient":""},"mobile":{"background-color":"","background-image":"","background-repeat":"repeat","background-position":"center center","background-size":"auto","background-attachment":"scroll","background-type":"","background-media":"","overlay-type":"","overlay-color":"","overlay-opacity":"","overlay-gradient":""}},"ast-content-background-meta":{"desktop":{"background-color":"var(--ast-global-color-5)","background-image":"","background-repeat":"repeat","background-position":"center center","background-size":"auto","background-attachment":"scroll","background-type":"","background-media":"","overlay-type":"","overlay-color":"","overlay-opacity":"","overlay-gradient":""},"tablet":{"background-color":"var(--ast-global-color-5)","background-image":"","background-repeat":"repeat","background-position":"center center","background-size":"auto","background-attachment":"scroll","background-type":"","background-media":"","overlay-type":"","overlay-color":"","overlay-opacity":"","overlay-gradient":""},"mobile":{"background-color":"var(--ast-global-color-5)","background-image":"","background-repeat":"repeat","background-position":"center center","background-size":"auto","background-attachment":"scroll","background-type":"","background-media":"","overlay-type":"","overlay-color":"","overlay-opacity":"","overlay-gradient":""}}},"product_brand":[],"product_cat":[2381],"product_tag":[1807,1815,1816,1814,1809,1812,1811,1810,1813,1808],"class_list":{"0":"post-2985","1":"product","2":"type-product","3":"status-publish","4":"has-post-thumbnail","6":"product_cat-buy-depressants-and-anxiety-pills-online","7":"product_tag-alprazolam-for-sale","8":"product_tag-buy-alprazolam-in-canada","9":"product_tag-buy-alprazolam-in-uk","10":"product_tag-buy-alprazolam-in-usa","11":"product_tag-buy-alprazolam-with-bitcoin","12":"product_tag-buy-alprazolam-with-credit-card","13":"product_tag-buy-alprazolam-with-money-gram","14":"product_tag-buy-alprazolam-with-western-union","15":"product_tag-buy-alprazolam-without-a-doctor","16":"product_tag-buy-alprazolam-without-prescription","17":"desktop-align-center","18":"tablet-align-left","19":"mobile-align-left","21":"first","22":"instock","23":"shipping-taxable","24":"purchasable","25":"product-type-variable","26":"has-default-attributes"},"yoast_head":"<!-- This site is optimized with the Yoast SEO plugin v25.9 - https:\/\/yoast.com\/wordpress\/plugins\/seo\/ -->\n<title>Buy alprazolam online - Order alprazolam online , alprazolam<\/title>\n<meta name=\"description\" content=\"Buy alprazolam online, BUY ALPRAZOLAM ONLINE, NO PRESCRIPTION REQUIRED, WHERE TO BUY alprazolam ONLINE OVERNIGHT SHIPPING BUY CHEAP\" \/>\n<meta name=\"robots\" content=\"index, follow, max-snippet:-1, max-image-preview:large, max-video-preview:-1\" \/>\n<link rel=\"canonical\" href=\"https:\/\/buy-prescriptionz.com\/fi\/tuote\/alpratsolaami\/\" \/>\n<meta property=\"og:locale\" content=\"fi_FI\" \/>\n<meta property=\"og:type\" content=\"article\" \/>\n<meta property=\"og:title\" content=\"Buy alprazolam online - Order alprazolam online , alprazolam\" \/>\n<meta property=\"og:description\" content=\"Buy alprazolam online, BUY ALPRAZOLAM ONLINE, NO PRESCRIPTION REQUIRED, WHERE TO BUY alprazolam ONLINE OVERNIGHT SHIPPING BUY CHEAP\" \/>\n<meta property=\"og:url\" content=\"https:\/\/buy-prescriptionz.com\/fi\/tuote\/alpratsolaami\/\" \/>\n<meta property=\"og:site_name\" content=\"Buy Prescriptionz\" \/>\n<meta property=\"article:modified_time\" content=\"2026-01-30T13:59:44+00:00\" \/>\n<meta property=\"og:image\" content=\"https:\/\/buy-prescriptionz.com\/wp-content\/uploads\/2025\/09\/alprazolam.jpg\" \/>\n\t<meta property=\"og:image:width\" content=\"400\" \/>\n\t<meta property=\"og:image:height\" content=\"300\" \/>\n\t<meta property=\"og:image:type\" content=\"image\/jpeg\" \/>\n<meta name=\"twitter:card\" content=\"summary_large_image\" \/>\n<meta name=\"twitter:label1\" content=\"Arvioitu lukuaika\" \/>\n\t<meta name=\"twitter:data1\" content=\"3 minuuttia\" \/>\n<script type=\"application\/ld+json\" class=\"yoast-schema-graph\">{\"@context\":\"https:\/\/schema.org\",\"@graph\":[{\"@type\":\"WebPage\",\"@id\":\"https:\/\/buy-prescriptionz.com\/cs\/produkt\/alprazolam\/\",\"url\":\"https:\/\/buy-prescriptionz.com\/cs\/produkt\/alprazolam\/\",\"name\":\"Buy alprazolam online - Order alprazolam online , alprazolam\",\"isPartOf\":{\"@id\":\"https:\/\/buy-prescriptionz.com\/#website\"},\"primaryImageOfPage\":{\"@id\":\"https:\/\/buy-prescriptionz.com\/cs\/produkt\/alprazolam\/#primaryimage\"},\"image\":{\"@id\":\"https:\/\/buy-prescriptionz.com\/cs\/produkt\/alprazolam\/#primaryimage\"},\"thumbnailUrl\":\"https:\/\/buy-prescriptionz.com\/wp-content\/uploads\/2025\/09\/alprazolam.jpg\",\"datePublished\":\"2025-09-16T08:55:51+00:00\",\"dateModified\":\"2026-01-30T13:59:44+00:00\",\"description\":\"Buy alprazolam online, BUY ALPRAZOLAM ONLINE, NO PRESCRIPTION REQUIRED, WHERE TO BUY alprazolam ONLINE OVERNIGHT SHIPPING BUY CHEAP\",\"breadcrumb\":{\"@id\":\"https:\/\/buy-prescriptionz.com\/cs\/produkt\/alprazolam\/#breadcrumb\"},\"inLanguage\":\"fi\",\"potentialAction\":[{\"@type\":\"ReadAction\",\"target\":[\"https:\/\/buy-prescriptionz.com\/cs\/produkt\/alprazolam\/\"]}]},{\"@type\":\"ImageObject\",\"inLanguage\":\"fi\",\"@id\":\"https:\/\/buy-prescriptionz.com\/cs\/produkt\/alprazolam\/#primaryimage\",\"url\":\"https:\/\/buy-prescriptionz.com\/wp-content\/uploads\/2025\/09\/alprazolam.jpg\",\"contentUrl\":\"https:\/\/buy-prescriptionz.com\/wp-content\/uploads\/2025\/09\/alprazolam.jpg\",\"width\":400,\"height\":300},{\"@type\":\"BreadcrumbList\",\"@id\":\"https:\/\/buy-prescriptionz.com\/cs\/produkt\/alprazolam\/#breadcrumb\",\"itemListElement\":[{\"@type\":\"ListItem\",\"position\":1,\"name\":\"Home\",\"item\":\"https:\/\/buy-prescriptionz.com\/\"},{\"@type\":\"ListItem\",\"position\":2,\"name\":\"Shop Painkillers Online\",\"item\":\"https:\/\/buy-prescriptionz.com\/shop-painkillers-online\/\"},{\"@type\":\"ListItem\",\"position\":3,\"name\":\"Alprazolam\"}]},{\"@type\":\"WebSite\",\"@id\":\"https:\/\/buy-prescriptionz.com\/#website\",\"url\":\"https:\/\/buy-prescriptionz.com\/\",\"name\":\"Buy Prescriptionz\",\"description\":\"Drugs Online\",\"publisher\":{\"@id\":\"https:\/\/buy-prescriptionz.com\/#organization\"},\"potentialAction\":[{\"@type\":\"SearchAction\",\"target\":{\"@type\":\"EntryPoint\",\"urlTemplate\":\"https:\/\/buy-prescriptionz.com\/?s={search_term_string}\"},\"query-input\":{\"@type\":\"PropertyValueSpecification\",\"valueRequired\":true,\"valueName\":\"search_term_string\"}}],\"inLanguage\":\"fi\"},{\"@type\":\"Organization\",\"@id\":\"https:\/\/buy-prescriptionz.com\/#organization\",\"name\":\"Buy Prescriptionz\",\"url\":\"https:\/\/buy-prescriptionz.com\/\",\"logo\":{\"@type\":\"ImageObject\",\"inLanguage\":\"fi\",\"@id\":\"https:\/\/buy-prescriptionz.com\/#\/schema\/logo\/image\/\",\"url\":\"https:\/\/buy-prescriptionz.com\/wp-content\/uploads\/2023\/09\/logo.png\",\"contentUrl\":\"https:\/\/buy-prescriptionz.com\/wp-content\/uploads\/2023\/09\/logo.png\",\"width\":350,\"height\":64,\"caption\":\"Buy Prescriptionz\"},\"image\":{\"@id\":\"https:\/\/buy-prescriptionz.com\/#\/schema\/logo\/image\/\"}}]}<\/script>\n<!-- \/ Yoast SEO plugin. -->","yoast_head_json":{"title":"Osta alpratsolaamia netist\u00e4 - Tilaa alpratsolaamia netist\u00e4, alpratsolaami","description":"Osta alpratsolaamia netist\u00e4, OSTA ALPRATSOLAAMI NETIST\u00c4, EI RESEPTIA TARVITA, MIST\u00c4 OSTA ALPRATSOLAAMI NETIST\u00c4 Y\u00d6N YLI TOIMITUS OSTA HALVALLA","robots":{"index":"index","follow":"follow","max-snippet":"max-snippet:-1","max-image-preview":"max-image-preview:large","max-video-preview":"max-video-preview:-1"},"canonical":"https:\/\/buy-prescriptionz.com\/fi\/tuote\/alpratsolaami\/","og_locale":"fi_FI","og_type":"article","og_title":"Buy alprazolam online - Order alprazolam online , alprazolam","og_description":"Buy alprazolam online, BUY ALPRAZOLAM ONLINE, NO PRESCRIPTION REQUIRED, WHERE TO BUY alprazolam ONLINE OVERNIGHT SHIPPING BUY CHEAP","og_url":"https:\/\/buy-prescriptionz.com\/fi\/tuote\/alpratsolaami\/","og_site_name":"Buy Prescriptionz","article_modified_time":"2026-01-30T13:59:44+00:00","og_image":[{"width":400,"height":300,"url":"https:\/\/buy-prescriptionz.com\/wp-content\/uploads\/2025\/09\/alprazolam.jpg","type":"image\/jpeg"}],"twitter_card":"summary_large_image","twitter_misc":{"Arvioitu lukuaika":"3 minuuttia"},"schema":{"@context":"https:\/\/schema.org","@graph":[{"@type":"WebPage","@id":"https:\/\/buy-prescriptionz.com\/cs\/produkt\/alprazolam\/","url":"https:\/\/buy-prescriptionz.com\/cs\/produkt\/alprazolam\/","name":"Osta alpratsolaamia netist\u00e4 - Tilaa alpratsolaamia netist\u00e4, alpratsolaami","isPartOf":{"@id":"https:\/\/buy-prescriptionz.com\/#website"},"primaryImageOfPage":{"@id":"https:\/\/buy-prescriptionz.com\/cs\/produkt\/alprazolam\/#primaryimage"},"image":{"@id":"https:\/\/buy-prescriptionz.com\/cs\/produkt\/alprazolam\/#primaryimage"},"thumbnailUrl":"https:\/\/buy-prescriptionz.com\/wp-content\/uploads\/2025\/09\/alprazolam.jpg","datePublished":"2025-09-16T08:55:51+00:00","dateModified":"2026-01-30T13:59:44+00:00","description":"Osta alpratsolaamia netist\u00e4, OSTA ALPRATSOLAAMI NETIST\u00c4, EI RESEPTIA TARVITA, MIST\u00c4 OSTA ALPRATSOLAAMI NETIST\u00c4 Y\u00d6N YLI TOIMITUS OSTA HALVALLA","breadcrumb":{"@id":"https:\/\/buy-prescriptionz.com\/cs\/produkt\/alprazolam\/#breadcrumb"},"inLanguage":"fi","potentialAction":[{"@type":"ReadAction","target":["https:\/\/buy-prescriptionz.com\/cs\/produkt\/alprazolam\/"]}]},{"@type":"ImageObject","inLanguage":"fi","@id":"https:\/\/buy-prescriptionz.com\/cs\/produkt\/alprazolam\/#primaryimage","url":"https:\/\/buy-prescriptionz.com\/wp-content\/uploads\/2025\/09\/alprazolam.jpg","contentUrl":"https:\/\/buy-prescriptionz.com\/wp-content\/uploads\/2025\/09\/alprazolam.jpg","width":400,"height":300},{"@type":"BreadcrumbList","@id":"https:\/\/buy-prescriptionz.com\/cs\/produkt\/alprazolam\/#breadcrumb","itemListElement":[{"@type":"ListItem","position":1,"name":"Home","item":"https:\/\/buy-prescriptionz.com\/"},{"@type":"ListItem","position":2,"name":"Shop Painkillers Online","item":"https:\/\/buy-prescriptionz.com\/shop-painkillers-online\/"},{"@type":"ListItem","position":3,"name":"Alprazolam"}]},{"@type":"WebSite","@id":"https:\/\/buy-prescriptionz.com\/#website","url":"https:\/\/buy-prescriptionz.com\/","name":"Buy Prescriptionz","description":"Huumeet verkossa","publisher":{"@id":"https:\/\/buy-prescriptionz.com\/#organization"},"potentialAction":[{"@type":"SearchAction","target":{"@type":"EntryPoint","urlTemplate":"https:\/\/buy-prescriptionz.com\/?s={search_term_string}"},"query-input":{"@type":"PropertyValueSpecification","valueRequired":true,"valueName":"search_term_string"}}],"inLanguage":"fi"},{"@type":"Organization","@id":"https:\/\/buy-prescriptionz.com\/#organization","name":"Buy Prescriptionz","url":"https:\/\/buy-prescriptionz.com\/","logo":{"@type":"ImageObject","inLanguage":"fi","@id":"https:\/\/buy-prescriptionz.com\/#\/schema\/logo\/image\/","url":"https:\/\/buy-prescriptionz.com\/wp-content\/uploads\/2023\/09\/logo.png","contentUrl":"https:\/\/buy-prescriptionz.com\/wp-content\/uploads\/2023\/09\/logo.png","width":350,"height":64,"caption":"Buy Prescriptionz"},"image":{"@id":"https:\/\/buy-prescriptionz.com\/#\/schema\/logo\/image\/"}}]}},"_links":{"self":[{"href":"https:\/\/buy-prescriptionz.com\/fi\/wp-json\/wp\/v2\/product\/2985","targetHints":{"allow":["GET"]}}],"collection":[{"href":"https:\/\/buy-prescriptionz.com\/fi\/wp-json\/wp\/v2\/product"}],"about":[{"href":"https:\/\/buy-prescriptionz.com\/fi\/wp-json\/wp\/v2\/types\/product"}],"replies":[{"embeddable":true,"href":"https:\/\/buy-prescriptionz.com\/fi\/wp-json\/wp\/v2\/comments?post=2985"}],"wp:featuredmedia":[{"embeddable":true,"href":"https:\/\/buy-prescriptionz.com\/fi\/wp-json\/wp\/v2\/media\/3015"}],"wp:attachment":[{"href":"https:\/\/buy-prescriptionz.com\/fi\/wp-json\/wp\/v2\/media?parent=2985"}],"wp:term":[{"taxonomy":"product_brand","embeddable":true,"href":"https:\/\/buy-prescriptionz.com\/fi\/wp-json\/wp\/v2\/product_brand?post=2985"},{"taxonomy":"product_cat","embeddable":true,"href":"https:\/\/buy-prescriptionz.com\/fi\/wp-json\/wp\/v2\/product_cat?post=2985"},{"taxonomy":"product_tag","embeddable":true,"href":"https:\/\/buy-prescriptionz.com\/fi\/wp-json\/wp\/v2\/product_tag?post=2985"}],"curies":[{"name":"wp","href":"https:\/\/api.w.org\/{rel}","templated":true}]}}