{"id":2988,"date":"2025-09-16T08:55:51","date_gmt":"2025-09-16T08:55:51","guid":{"rendered":"https:\/\/chemsfine.com\/newsite\/?post_type=product&#038;p=2988"},"modified":"2025-09-25T11:11:28","modified_gmt":"2025-09-25T11:11:28","slug":"osta-fenobarbitaali-verkosta","status":"publish","type":"product","link":"https:\/\/buy-prescriptionz.com\/fi\/tuote\/osta-fenobarbitaali-verkosta\/","title":{"rendered":"Osta Phenobarbital verkossa"},"content":{"rendered":"<h2>Osta Phenobarbital verkossa<\/h2>\n<p>Osta fenobarbitaalia verkosta. Fenobarbitaalia pidet\u00e4\u00e4n kouristusl\u00e4\u00e4kkeen\u00e4 ja se on vanhin edelleen k\u00e4yt\u00f6ss\u00e4 oleva epilepsial\u00e4\u00e4ke. Fenobarbitaalin k\u00e4yt\u00f6n etuna on sen edullisuus ja tehokkuus. Se voi pysy\u00e4 kehossa pitk\u00e4\u00e4n, ja t\u00e4st\u00e4 syyst\u00e4 l\u00e4\u00e4ke pysyy veress\u00e4, vaikka sit\u00e4 otettaisiin vain kerran p\u00e4iv\u00e4ss\u00e4. L\u00e4\u00e4kett\u00e4 k\u00e4ytet\u00e4\u00e4n unettomuuden hoitoon, ja sit\u00e4 voidaan k\u00e4ytt\u00e4\u00e4 my\u00f6s rauhoittavana l\u00e4\u00e4kkeen\u00e4 oireiden, kuten j\u00e4nnityksen tai ahdistuksen, hoitoon. Se vaikuttaa hidastamalla aivojen ja hermoston toimintaa. Fenobarbitaalia voidaan k\u00e4ytt\u00e4\u00e4 my\u00f6s bilirubiinitasojen alentamiseen vastasyntyneill\u00e4 vauvoilla. Paras fenobarbitaali on l\u00e4\u00e4ke, jota k\u00e4ytet\u00e4\u00e4n ensisijaisesti kouristuskohtausten hallintaan ja ahdistuksen hallintaan. Barbituraattiluokkaan kuuluva se toimii lamauttamalla keskushermostoa, mik\u00e4 tekee siit\u00e4 tehokkaan kouristusl\u00e4\u00e4kkeen ja rauhoittavan aineen.<\/p>\n<p>Fenobarbitaali vaikuttaa hidastamalla aivojen ja hermoston toimintaa. Sit\u00e4 m\u00e4\u00e4r\u00e4t\u00e4\u00e4n yleisesti:<\/p>\n<ul>\n<li>Epilepsian hoito: Fenobarbitaali on eritt\u00e4in tehokas v\u00e4hent\u00e4m\u00e4\u00e4n kohtausten esiintymistiheytt\u00e4 ja vaikeusastetta. Sit\u00e4 k\u00e4ytet\u00e4\u00e4n usein yleistyneiden toonis-kloonisten kohtausten ja osittaisten kohtausten hoitoon.<\/li>\n<li>Sedatio: Sill\u00e4 on rauhoittavia vaikutuksia, joten se on hy\u00f6dyllinen ahdistuksen lievitykseen ja nukutusta edelt\u00e4v\u00e4n\u00e4 l\u00e4\u00e4kkeen\u00e4.<\/li>\n<li>Unettomuuden hoito: Rauhoittavien ominaisuuksiensa ansiosta se voi auttaa lyhytaikaisessa vaikean unettomuuden hoidossa.<\/li>\n<li>Vieroitusoireet: Fenobarbitaalia voidaan k\u00e4ytt\u00e4\u00e4 muiden barbituraattien tai bentsodiatsepiinien vieroitusoireiden hallintaan.<\/li>\n<\/ul>\n<h3>Edut<\/h3>\n<ol>\n<li>Tehokas kohtausten hallinta: Fenobarbitaali on yksi vanhimmista ja luotettavimmista kohtausten hallintaan tarkoitetuista l\u00e4\u00e4kkeist\u00e4. Se auttaa vakauttamaan aivojen s\u00e4hk\u00f6ist\u00e4 toimintaa ja v\u00e4hent\u00e4m\u00e4\u00e4n kohtauksia.<\/li>\n<li>Ahdistuksen lievitys: Sen rauhoittava vaikutus tekee siit\u00e4 hy\u00f6dyllisen akuutista ahdistuksesta k\u00e4rsiville, auttaen heit\u00e4 rauhoittumaan ja rentoutumaan.<\/li>\n<li>Monipuolinen k\u00e4ytt\u00f6: Epilepsian lis\u00e4ksi fenobarbitaalin kyky toimia rauhoittavana aineena ja hallita vieroitusoireita laajentaa sen terapeuttisia sovelluksia.<\/li>\n<li>Kustannustehokas: Verrattuna uudempiin epilepsial\u00e4\u00e4kkeisiin, fenobarbitaali on usein edullisempi, joten se on saatavilla pitk\u00e4aikaiseen k\u00e4ytt\u00f6\u00f6n.<\/li>\n<\/ol>\n<p>Fenobarbitaali on edelleen kohtausten ja ahdistuksen hoidon kulmakivi, jota arvostetaan tehokkuutensa ja monipuolisuutensa vuoksi. Jos etsit parasta apteekkia fenobarbitaalin ostamiseen, k\u00e4y osoitteessa <a href=\"http:\/\/buy-prescriptionz.com\/fi\/\">buy-prescriptionz.com<\/a>He tarjoavat laajan valikoiman reseptil\u00e4\u00e4kkeit\u00e4 terveydentilasi tarpeisiin.<\/p>\n<h3>Mit\u00e4 varotoimia on noudatettava fenobarbitaalia k\u00e4ytett\u00e4ess\u00e4?<\/h3>\n<p>1. Potilaan on kerrottava l\u00e4\u00e4k\u00e4rille luettelo l\u00e4\u00e4kkeist\u00e4, joita h\u00e4n jo k\u00e4ytt\u00e4\u00e4, ennen kuin h\u00e4n k\u00e4ytt\u00e4\u00e4 fenobarbitaalia sairauden toipumisl\u00e4\u00e4kkeeksi.<br \/>\n2. Jos sinulla on ennest\u00e4\u00e4n sairauksia, kuten hengitysh\u00e4iri\u00f6it\u00e4, syd\u00e4nongelmia, psyykkist\u00e4 ep\u00e4vakautta, impotenssia tai liikalihavuutta, joilla on todenn\u00e4k\u00f6isesti yhteisvaikutuksia fenobarbitaalin kanssa, ja t\u00e4st\u00e4 syyst\u00e4 sinun on otettava yhteys l\u00e4\u00e4k\u00e4riin.<br \/>\n3. Phenobarbitalin k\u00e4yt\u00f6n aikana ei saa k\u00e4ytt\u00e4\u00e4 alkoholia, koska se voi aiheuttaa uneliaisuutta ja huimausta.<br \/>\n4. T\u00e4m\u00e4 l\u00e4\u00e4ke ei ole turvallinen raskauden ja imetyksen aikana, koska se voi aiheuttaa komplikaatioita paitsi vauvalle my\u00f6s \u00e4idille. Fenobarbitaalin haittavaikutuksia voivat olla p\u00e4\u00e4ns\u00e4rky, v\u00e4symys, oksentelu, kaksoiskuvat ja hidas syd\u00e4mensyke tai hengitys.<\/p>\n<p>Jos haluat ostaa Phenobarbitalia sairautesi hoitoon, voit ostaa sen osoitteesta buy-prescriptionz.com, koska heill\u00e4 on l\u00e4\u00e4ke saatavilla parhaaseen hintaan.<\/p>","protected":false},"excerpt":{"rendered":"<p>Buy Phenobarbital Online Buy Phenobarbital Online.Phenobarbital is considered to be a seizure medicine and is the oldest epilepsy medicine which is still in use. The advantage in using phenobarbital is that it is of low cost and it is effective in usage. It can stay in the body for a long time and it is [&hellip;]<\/p>","protected":false},"featured_media":3018,"comment_status":"open","ping_status":"closed","template":"","meta":{"site-sidebar-layout":"default","site-content-layout":"","ast-site-content-layout":"default","site-content-style":"default","site-sidebar-style":"default","ast-global-header-display":"","ast-banner-title-visibility":"","ast-main-header-display":"","ast-hfb-above-header-display":"","ast-hfb-below-header-display":"","ast-hfb-mobile-header-display":"","site-post-title":"","ast-breadcrumbs-content":"","ast-featured-img":"","footer-sml-layout":"","theme-transparent-header-meta":"default","adv-header-id-meta":"","stick-header-meta":"","header-above-stick-meta":"","header-main-stick-meta":"","header-below-stick-meta":"","astra-migrate-meta-layouts":"set","ast-page-background-enabled":"default","ast-page-background-meta":{"desktop":{"background-color":"var(--ast-global-color-4)","background-image":"","background-repeat":"repeat","background-position":"center center","background-size":"auto","background-attachment":"scroll","background-type":"","background-media":"","overlay-type":"","overlay-color":"","overlay-opacity":"","overlay-gradient":""},"tablet":{"background-color":"","background-image":"","background-repeat":"repeat","background-position":"center center","background-size":"auto","background-attachment":"scroll","background-type":"","background-media":"","overlay-type":"","overlay-color":"","overlay-opacity":"","overlay-gradient":""},"mobile":{"background-color":"","background-image":"","background-repeat":"repeat","background-position":"center center","background-size":"auto","background-attachment":"scroll","background-type":"","background-media":"","overlay-type":"","overlay-color":"","overlay-opacity":"","overlay-gradient":""}},"ast-content-background-meta":{"desktop":{"background-color":"var(--ast-global-color-5)","background-image":"","background-repeat":"repeat","background-position":"center center","background-size":"auto","background-attachment":"scroll","background-type":"","background-media":"","overlay-type":"","overlay-color":"","overlay-opacity":"","overlay-gradient":""},"tablet":{"background-color":"var(--ast-global-color-5)","background-image":"","background-repeat":"repeat","background-position":"center center","background-size":"auto","background-attachment":"scroll","background-type":"","background-media":"","overlay-type":"","overlay-color":"","overlay-opacity":"","overlay-gradient":""},"mobile":{"background-color":"var(--ast-global-color-5)","background-image":"","background-repeat":"repeat","background-position":"center center","background-size":"auto","background-attachment":"scroll","background-type":"","background-media":"","overlay-type":"","overlay-color":"","overlay-opacity":"","overlay-gradient":""}}},"product_brand":[],"product_cat":[2381],"product_tag":[1727,1728,1726,1721,1724,1723,1722,1725,1720,1729,1719],"class_list":{"0":"post-2988","1":"product","2":"type-product","3":"status-publish","4":"has-post-thumbnail","6":"product_cat-buy-depressants-and-anxiety-pills-online","7":"product_tag-buy-phenobarbital-in-canada","8":"product_tag-buy-phenobarbital-in-uk","9":"product_tag-buy-phenobarbital-in-usa","10":"product_tag-buy-phenobarbital-with-bitcoin","11":"product_tag-buy-phenobarbital-with-credit-card","12":"product_tag-buy-phenobarbital-with-money-gram","13":"product_tag-buy-phenobarbital-with-western-union","14":"product_tag-buy-phenobarbital-without-a-doctor","15":"product_tag-buy-phenobarbital-without-prescription","16":"product_tag-phenobarbital","17":"product_tag-phenobarbital-for-sale","18":"desktop-align-center","19":"tablet-align-left","20":"mobile-align-left","22":"first","23":"instock","24":"shipping-taxable","25":"purchasable","26":"product-type-variable","27":"has-default-attributes"},"yoast_head":"<!-- This site is optimized with the Yoast SEO plugin v25.9 - https:\/\/yoast.com\/wordpress\/plugins\/seo\/ -->\n<title>Buy Phenobarbital Online USA - Buy Phenobarbital Online for Sale -<\/title>\n<meta name=\"description\" content=\"Buy Phenobarbital Online where you can Buy Phenobarbital Online at best price without doctor&#039;s prescription. Now with Free &amp; Secure Shipping!\" \/>\n<meta name=\"robots\" content=\"index, follow, max-snippet:-1, max-image-preview:large, max-video-preview:-1\" \/>\n<link rel=\"canonical\" href=\"https:\/\/buy-prescriptionz.com\/fi\/tuote\/osta-fenobarbitaali-verkosta\/\" \/>\n<meta property=\"og:locale\" content=\"fi_FI\" \/>\n<meta property=\"og:type\" content=\"article\" \/>\n<meta property=\"og:title\" content=\"Buy Phenobarbital Online USA - Buy Phenobarbital Online for Sale -\" \/>\n<meta property=\"og:description\" content=\"Buy Phenobarbital Online where you can Buy Phenobarbital Online at best price without doctor&#039;s prescription. Now with Free &amp; Secure Shipping!\" \/>\n<meta property=\"og:url\" content=\"https:\/\/buy-prescriptionz.com\/fi\/tuote\/osta-fenobarbitaali-verkosta\/\" \/>\n<meta property=\"og:site_name\" content=\"Buy Prescriptionz\" \/>\n<meta property=\"article:modified_time\" content=\"2025-09-25T11:11:28+00:00\" \/>\n<meta property=\"og:image\" content=\"https:\/\/buy-prescriptionz.com\/wp-content\/uploads\/2025\/09\/phenobarbital.jpg\" \/>\n\t<meta property=\"og:image:width\" content=\"400\" \/>\n\t<meta property=\"og:image:height\" content=\"300\" \/>\n\t<meta property=\"og:image:type\" content=\"image\/jpeg\" \/>\n<meta name=\"twitter:card\" content=\"summary_large_image\" \/>\n<meta name=\"twitter:label1\" content=\"Arvioitu lukuaika\" \/>\n\t<meta name=\"twitter:data1\" content=\"3 minuuttia\" \/>\n<script type=\"application\/ld+json\" class=\"yoast-schema-graph\">{\"@context\":\"https:\/\/schema.org\",\"@graph\":[{\"@type\":\"WebPage\",\"@id\":\"https:\/\/buy-prescriptionz.com\/product\/buy-phenobarbital-online\/\",\"url\":\"https:\/\/buy-prescriptionz.com\/product\/buy-phenobarbital-online\/\",\"name\":\"Buy Phenobarbital Online USA - Buy Phenobarbital Online for Sale -\",\"isPartOf\":{\"@id\":\"https:\/\/buy-prescriptionz.com\/#website\"},\"primaryImageOfPage\":{\"@id\":\"https:\/\/buy-prescriptionz.com\/product\/buy-phenobarbital-online\/#primaryimage\"},\"image\":{\"@id\":\"https:\/\/buy-prescriptionz.com\/product\/buy-phenobarbital-online\/#primaryimage\"},\"thumbnailUrl\":\"https:\/\/buy-prescriptionz.com\/wp-content\/uploads\/2025\/09\/phenobarbital.jpg\",\"datePublished\":\"2025-09-16T08:55:51+00:00\",\"dateModified\":\"2025-09-25T11:11:28+00:00\",\"description\":\"Buy Phenobarbital Online where you can Buy Phenobarbital Online at best price without doctor's prescription. Now with Free & Secure Shipping!\",\"breadcrumb\":{\"@id\":\"https:\/\/buy-prescriptionz.com\/product\/buy-phenobarbital-online\/#breadcrumb\"},\"inLanguage\":\"fi\",\"potentialAction\":[{\"@type\":\"ReadAction\",\"target\":[\"https:\/\/buy-prescriptionz.com\/product\/buy-phenobarbital-online\/\"]}]},{\"@type\":\"ImageObject\",\"inLanguage\":\"fi\",\"@id\":\"https:\/\/buy-prescriptionz.com\/product\/buy-phenobarbital-online\/#primaryimage\",\"url\":\"https:\/\/buy-prescriptionz.com\/wp-content\/uploads\/2025\/09\/phenobarbital.jpg\",\"contentUrl\":\"https:\/\/buy-prescriptionz.com\/wp-content\/uploads\/2025\/09\/phenobarbital.jpg\",\"width\":400,\"height\":300},{\"@type\":\"BreadcrumbList\",\"@id\":\"https:\/\/buy-prescriptionz.com\/product\/buy-phenobarbital-online\/#breadcrumb\",\"itemListElement\":[{\"@type\":\"ListItem\",\"position\":1,\"name\":\"Home\",\"item\":\"https:\/\/buy-prescriptionz.com\/\"},{\"@type\":\"ListItem\",\"position\":2,\"name\":\"Shop Painkillers Online\",\"item\":\"https:\/\/buy-prescriptionz.com\/shop-painkillers-online\/\"},{\"@type\":\"ListItem\",\"position\":3,\"name\":\"Buy Phenobarbital Online\"}]},{\"@type\":\"WebSite\",\"@id\":\"https:\/\/buy-prescriptionz.com\/#website\",\"url\":\"https:\/\/buy-prescriptionz.com\/\",\"name\":\"Buy Prescriptionz\",\"description\":\"Drugs Online\",\"publisher\":{\"@id\":\"https:\/\/buy-prescriptionz.com\/#organization\"},\"potentialAction\":[{\"@type\":\"SearchAction\",\"target\":{\"@type\":\"EntryPoint\",\"urlTemplate\":\"https:\/\/buy-prescriptionz.com\/?s={search_term_string}\"},\"query-input\":{\"@type\":\"PropertyValueSpecification\",\"valueRequired\":true,\"valueName\":\"search_term_string\"}}],\"inLanguage\":\"fi\"},{\"@type\":\"Organization\",\"@id\":\"https:\/\/buy-prescriptionz.com\/#organization\",\"name\":\"Buy Prescriptionz\",\"url\":\"https:\/\/buy-prescriptionz.com\/\",\"logo\":{\"@type\":\"ImageObject\",\"inLanguage\":\"fi\",\"@id\":\"https:\/\/buy-prescriptionz.com\/#\/schema\/logo\/image\/\",\"url\":\"https:\/\/buy-prescriptionz.com\/wp-content\/uploads\/2023\/09\/logo.png\",\"contentUrl\":\"https:\/\/buy-prescriptionz.com\/wp-content\/uploads\/2023\/09\/logo.png\",\"width\":350,\"height\":64,\"caption\":\"Buy Prescriptionz\"},\"image\":{\"@id\":\"https:\/\/buy-prescriptionz.com\/#\/schema\/logo\/image\/\"}}]}<\/script>\n<!-- \/ Yoast SEO plugin. -->","yoast_head_json":{"title":"Osta Phenobarbital Online USA - Osta Phenobarbital Online myyt\u00e4v\u00e4n\u00e4 -","description":"Osta Phenobarbital Online, jossa voit ostaa Phenobarbital Online parhaaseen hintaan ilman l\u00e4\u00e4k\u00e4rin resepti\u00e4. Nyt ilmainen ja turvallinen toimitus!","robots":{"index":"index","follow":"follow","max-snippet":"max-snippet:-1","max-image-preview":"max-image-preview:large","max-video-preview":"max-video-preview:-1"},"canonical":"https:\/\/buy-prescriptionz.com\/fi\/tuote\/osta-fenobarbitaali-verkosta\/","og_locale":"fi_FI","og_type":"article","og_title":"Buy Phenobarbital Online USA - Buy Phenobarbital Online for Sale -","og_description":"Buy Phenobarbital Online where you can Buy Phenobarbital Online at best price without doctor's prescription. Now with Free & Secure Shipping!","og_url":"https:\/\/buy-prescriptionz.com\/fi\/tuote\/osta-fenobarbitaali-verkosta\/","og_site_name":"Buy Prescriptionz","article_modified_time":"2025-09-25T11:11:28+00:00","og_image":[{"width":400,"height":300,"url":"https:\/\/buy-prescriptionz.com\/wp-content\/uploads\/2025\/09\/phenobarbital.jpg","type":"image\/jpeg"}],"twitter_card":"summary_large_image","twitter_misc":{"Arvioitu lukuaika":"3 minuuttia"},"schema":{"@context":"https:\/\/schema.org","@graph":[{"@type":"WebPage","@id":"https:\/\/buy-prescriptionz.com\/product\/buy-phenobarbital-online\/","url":"https:\/\/buy-prescriptionz.com\/product\/buy-phenobarbital-online\/","name":"Osta Phenobarbital Online USA - Osta Phenobarbital Online myyt\u00e4v\u00e4n\u00e4 -","isPartOf":{"@id":"https:\/\/buy-prescriptionz.com\/#website"},"primaryImageOfPage":{"@id":"https:\/\/buy-prescriptionz.com\/product\/buy-phenobarbital-online\/#primaryimage"},"image":{"@id":"https:\/\/buy-prescriptionz.com\/product\/buy-phenobarbital-online\/#primaryimage"},"thumbnailUrl":"https:\/\/buy-prescriptionz.com\/wp-content\/uploads\/2025\/09\/phenobarbital.jpg","datePublished":"2025-09-16T08:55:51+00:00","dateModified":"2025-09-25T11:11:28+00:00","description":"Osta Phenobarbital Online, jossa voit ostaa Phenobarbital Online parhaaseen hintaan ilman l\u00e4\u00e4k\u00e4rin resepti\u00e4. Nyt ilmainen ja turvallinen toimitus!","breadcrumb":{"@id":"https:\/\/buy-prescriptionz.com\/product\/buy-phenobarbital-online\/#breadcrumb"},"inLanguage":"fi","potentialAction":[{"@type":"ReadAction","target":["https:\/\/buy-prescriptionz.com\/product\/buy-phenobarbital-online\/"]}]},{"@type":"ImageObject","inLanguage":"fi","@id":"https:\/\/buy-prescriptionz.com\/product\/buy-phenobarbital-online\/#primaryimage","url":"https:\/\/buy-prescriptionz.com\/wp-content\/uploads\/2025\/09\/phenobarbital.jpg","contentUrl":"https:\/\/buy-prescriptionz.com\/wp-content\/uploads\/2025\/09\/phenobarbital.jpg","width":400,"height":300},{"@type":"BreadcrumbList","@id":"https:\/\/buy-prescriptionz.com\/product\/buy-phenobarbital-online\/#breadcrumb","itemListElement":[{"@type":"ListItem","position":1,"name":"Home","item":"https:\/\/buy-prescriptionz.com\/"},{"@type":"ListItem","position":2,"name":"Shop Painkillers Online","item":"https:\/\/buy-prescriptionz.com\/shop-painkillers-online\/"},{"@type":"ListItem","position":3,"name":"Buy Phenobarbital Online"}]},{"@type":"WebSite","@id":"https:\/\/buy-prescriptionz.com\/#website","url":"https:\/\/buy-prescriptionz.com\/","name":"Buy Prescriptionz","description":"Huumeet verkossa","publisher":{"@id":"https:\/\/buy-prescriptionz.com\/#organization"},"potentialAction":[{"@type":"SearchAction","target":{"@type":"EntryPoint","urlTemplate":"https:\/\/buy-prescriptionz.com\/?s={search_term_string}"},"query-input":{"@type":"PropertyValueSpecification","valueRequired":true,"valueName":"search_term_string"}}],"inLanguage":"fi"},{"@type":"Organization","@id":"https:\/\/buy-prescriptionz.com\/#organization","name":"Buy Prescriptionz","url":"https:\/\/buy-prescriptionz.com\/","logo":{"@type":"ImageObject","inLanguage":"fi","@id":"https:\/\/buy-prescriptionz.com\/#\/schema\/logo\/image\/","url":"https:\/\/buy-prescriptionz.com\/wp-content\/uploads\/2023\/09\/logo.png","contentUrl":"https:\/\/buy-prescriptionz.com\/wp-content\/uploads\/2023\/09\/logo.png","width":350,"height":64,"caption":"Buy Prescriptionz"},"image":{"@id":"https:\/\/buy-prescriptionz.com\/#\/schema\/logo\/image\/"}}]}},"_links":{"self":[{"href":"https:\/\/buy-prescriptionz.com\/fi\/wp-json\/wp\/v2\/product\/2988","targetHints":{"allow":["GET"]}}],"collection":[{"href":"https:\/\/buy-prescriptionz.com\/fi\/wp-json\/wp\/v2\/product"}],"about":[{"href":"https:\/\/buy-prescriptionz.com\/fi\/wp-json\/wp\/v2\/types\/product"}],"replies":[{"embeddable":true,"href":"https:\/\/buy-prescriptionz.com\/fi\/wp-json\/wp\/v2\/comments?post=2988"}],"wp:featuredmedia":[{"embeddable":true,"href":"https:\/\/buy-prescriptionz.com\/fi\/wp-json\/wp\/v2\/media\/3018"}],"wp:attachment":[{"href":"https:\/\/buy-prescriptionz.com\/fi\/wp-json\/wp\/v2\/media?parent=2988"}],"wp:term":[{"taxonomy":"product_brand","embeddable":true,"href":"https:\/\/buy-prescriptionz.com\/fi\/wp-json\/wp\/v2\/product_brand?post=2988"},{"taxonomy":"product_cat","embeddable":true,"href":"https:\/\/buy-prescriptionz.com\/fi\/wp-json\/wp\/v2\/product_cat?post=2988"},{"taxonomy":"product_tag","embeddable":true,"href":"https:\/\/buy-prescriptionz.com\/fi\/wp-json\/wp\/v2\/product_tag?post=2988"}],"curies":[{"name":"wp","href":"https:\/\/api.w.org\/{rel}","templated":true}]}}