{"id":2989,"date":"2025-09-16T08:55:51","date_gmt":"2025-09-16T08:55:51","guid":{"rendered":"https:\/\/chemsfine.com\/newsite\/?post_type=product&#038;p=2989"},"modified":"2025-09-20T12:16:19","modified_gmt":"2025-09-20T12:16:19","slug":"osta-cbd-hamppuoljya-verkosta","status":"publish","type":"product","link":"https:\/\/buy-prescriptionz.com\/fi\/tuote\/osta-cbd-hamppuoljya-verkosta\/","title":{"rendered":"Osta CBD Hamppu\u00f6ljy verkossa"},"content":{"rendered":"<h2>Osta CBD Hamppu\u00f6ljy verkossa<\/h2>\n<p>osoitti hy\u00f6dyt Hamppu\u00f6ljy, joka voi lievitt\u00e4\u00e4 paljon vaivoja. T\u00e4m\u00e4 l\u00e4\u00e4ke sis\u00e4lt\u00e4\u00e4 runsaasti v\u00e4ltt\u00e4m\u00e4tt\u00f6mi\u00e4 rasvahappoja, omega-3- ja omega-6-rasvahappoja, jolloin hamppu\u00f6ljy\u00e4 voidaan k\u00e4ytt\u00e4\u00e4 lis\u00e4\u00e4m\u00e4\u00e4n immuniteettia, parantamaan syd\u00e4n- ja verisuoniterveytt\u00e4 ja my\u00f6s torjumaan ihon ik\u00e4\u00e4ntymist\u00e4. Marihuanan luonnollisten voimien vuoksi on olemassa hamppu\u00f6ljyn luominen ja jakelu. . <a href=\"https:\/\/en.wikipedia.org\/w\/index.php?sort=relevance&amp;search=Buy+CBD+Hemp+Online&amp;title=Special%3ASearch&amp;profile=advanced&amp;fulltext=1&amp;advancedSearch-current=%7B%7D&amp;ns0=1\">CBD<\/a> joka sis\u00e4ltyy tuotteeseen, on per\u00e4isin ihanasta Sativa-kasvista, joka on kannabis. T\u00e4m\u00e4 l\u00e4\u00e4ke on uutettu hamppukasvin varresta, jossa sit\u00e4 k\u00e4ytet\u00e4\u00e4n p\u00e4\u00e4asiassa sen CBD-pitoisuuden vuoksi. Lailliselta pohjalta sen THC-pitoisuuden on oltava alle 0,3 prosenttia.<\/p>\n<h3>CBD-hamppu\u00f6ljy: Yleiskatsaus ja hy\u00f6dyt<\/h3>\n<p>CBD-hamppu\u00f6ljy on per\u00e4isin hamppukasvista, joka on marihuanakasvin serkku. Toisin kuin THC, marihuanan p\u00e4ihtymist\u00e4 aiheuttava yhdiste, CBD (kannabidioli) ei ole psykoaktiivinen, joten se on suosittu valinta niille, jotka etsiv\u00e4t luonnollista helpotusta ilman tajuntaa muuttavia vaikutuksia.<\/p>\n<p><strong>Miten CBD-hamppu\u00f6ljy toimii<\/strong><\/p>\n<p>Paras CBD on vuorovaikutuksessa kehon endokannabinoidij\u00e4rjestelm\u00e4n kanssa, jolla on ratkaiseva rooli erilaisten fysiologisten prosessien, kuten kivun, mielialan, ruokahalun ja unen, s\u00e4\u00e4telyss\u00e4. Vaikuttamalla n\u00e4ihin reseptoreihin CBD voi auttaa yll\u00e4pit\u00e4m\u00e4\u00e4n tasapainoa kehossa.<\/p>\n<p><strong>CBD-hamppu\u00f6ljyn hy\u00f6dyt<\/strong><\/p>\n<ol>\n<li>Kivunlievitys CBD-hamppu\u00f6ljy tunnetaan laajalti sen kipua lievitt\u00e4vist\u00e4 ominaisuuksista. Se voi auttaa lievitt\u00e4m\u00e4\u00e4n kroonista kipua, niveltulehdusta ja lihaskipua v\u00e4hent\u00e4m\u00e4ll\u00e4 tulehdusta ja vuorovaikuttamalla hermoston v\u00e4litt\u00e4j\u00e4aineiden kanssa.<\/li>\n<li>Ahdistuksen ja stressin v\u00e4hent\u00e4minen Monet k\u00e4ytt\u00e4j\u00e4t huomaavat, ett\u00e4 CBD auttaa hallitsemaan ahdistusta ja stressi\u00e4. Se edist\u00e4\u00e4 rauhallisuuden ja rentoutumisen tunnetta ilman muihin hoitoihin liittyvi\u00e4 rauhoittavia vaikutuksia.<\/li>\n<li>Parempi uni CBD voi auttaa parantamaan unen laatua ja kestoa. Puuttumalla unettomuuden perimm\u00e4isiin syihin, kuten ahdistukseen ja kipuun, CBD auttaa k\u00e4ytt\u00e4ji\u00e4 saavuttamaan levollisemman unen.<\/li>\n<li>Neuroprotektiiviset ominaisuudet Tutkimukset viittaavat siihen, ett\u00e4 CBD:ll\u00e4 voi olla neuroprotektiivisia ominaisuuksia, joista voi olla hy\u00f6ty\u00e4 neurologisista sairauksista, kuten epilepsiasta ja multippeliskleroosista, k\u00e4rsiville. Se voi my\u00f6s tukea aivojen terveytt\u00e4 v\u00e4hent\u00e4m\u00e4ll\u00e4 oksidatiivista stressi\u00e4.<\/li>\n<li>Ihon terveys CBD-hamppu\u00f6ljy\u00e4 k\u00e4ytet\u00e4\u00e4n my\u00f6s ihonhoitotuotteissa sen tulehdusta est\u00e4vien ja antioksidanttisten ominaisuuksien vuoksi. Se voi auttaa hallitsemaan aknea, ekseemaa ja psoriasista edist\u00e4en terveellisemp\u00e4\u00e4 ihoa.<\/li>\n<\/ol>\n<p>CBD-hamppu\u00f6ljy tarjoaa luonnollisen vaihtoehdon niille, jotka etsiv\u00e4t helpotusta kipuun, ahdistukseen ja muihin terveysongelmiin. Sen monipuoliset hy\u00f6dyt tekev\u00e4t siit\u00e4 arvokkaan lis\u00e4n hyvinvointirutiineihin.<\/p>\n<p>Korkealaatuista CBD-hamppu\u00f6ljy\u00e4 ja muita reseptil\u00e4\u00e4kkeit\u00e4 parhaasta apteekista <a href=\"https:\/\/buy-prescriptionz.com\/fi\/\">buy-prescriptionz.com<\/a>L\u00f6yd\u00e4 luonnollinen tapa parantaa hyvinvointiasi jo t\u00e4n\u00e4\u00e4n.<\/p>\n<p><strong>CBD-\u00f6ljy 500mg Tuotteen kohokohdat<\/strong><br \/>\n30 ml (1 oz) \/ 30 annosta per pullo.<br \/>\nCBD:t\u00e4 yhteens\u00e4: 500 mg (16,66 mg annosta kohti).<br \/>\nT\u00e4yden spektrin hamppuuute (CBD + muut fytokannabinoidit).<br \/>\nHankittu luonnonmukaisesti kasvatetuista, GMO-vapaista, torjunta-aineettomista hamppukasveista.<br \/>\nTestattu riippumattomissa laboratorioissa tehon ja puhtauden varmistamiseksi.<br \/>\nSis\u00e4ltyy kylm\u00e4puristettuun korkealaatuiseen MCT-\u00f6ljyyn.<br \/>\nAlle 0,3% THC (ei-psykoaktiivinen).<\/p>\n<p><strong>Edut CBD Oil Hamppu\u00f6ljy<\/strong><br \/>\nKorkein puhtausaste, ei riski\u00e4 korkeasta puhtausasteesta.<br \/>\nHampusta per\u00e4isin oleva CBD-\u00f6ljymme sis\u00e4lt\u00e4\u00e4 alle 0,3% THC:t\u00e4, joten voit nauttia kannabiksen monista hy\u00f6dyist\u00e4 ilman psykoaktiivista huumetta.<br \/>\n1. Torjuu ihon ik\u00e4\u00e4ntymist\u00e4<br \/>\n2. Lis\u00e4t\u00e4 immuniteettia<br \/>\n3. Parantaa syd\u00e4n- ja verisuoniterveytt\u00e4<\/p>\n<p><strong>Miten k\u00e4ytt\u00e4\u00e4 CBD Hamppu\u00f6ljy<\/strong><\/p>\n<p>Useimmat ihmiset ottavat CBD-\u00f6ljyn suun kautta, koska se on nopein ja tehokkain nauttimismuoto.T\u00e4yt\u00e4 tippaputki annoksellasi CBD-\u00f6ljy\u00e4, laita muutama tippa kielen alle ja odota yksi tai kaksi minuuttia, jotta \u00f6ljy imeytyy suun limarauhasten l\u00e4pi - nielaise sitten.<br \/>\nJos et pid\u00e4 CBD-\u00f6ljyn luonnollisesta mausta, voit sekoittaa t\u00e4yden spektrin uutetta ruokaan. Lis\u00e4\u00e4 sit\u00e4 smoothieen, pirtel\u00f6\u00f6n, salaattikastikkeeseen, kastikkeeseen tai ripottele muutama tippa aterian p\u00e4\u00e4lle.<\/p>\n<p><strong>Mit\u00e4 sivuvaikutuksia Hamppu Oil sis\u00e4lt\u00e4v\u00e4t:<\/strong><\/p>\n<p>1. Kuiva suu<br \/>\n2. Alhainen verenpaine<br \/>\n3. Uneliaisuus<br \/>\n4. Turvotus<br \/>\n5. Pahoinvointi<br \/>\n6. Syd\u00e4men toimintah\u00e4iri\u00f6<br \/>\n7. Bakteeri-infektioiden kasvu<\/p>\n<p><strong>Kulutus on lopetettava, jos he kohtaavat t\u00e4llaisia sivuvaikutuksia.<\/strong><\/p>\n<h3>Mist\u00e4 voi ostaa Hamppu\u00f6ljy verkossa?<\/h3>\n<p>Hamppua voi ostaa verkossa osoitteessa buy-prescriptionz.com<\/p>","protected":false},"excerpt":{"rendered":"<p>Buy CBD Hemp Oil Online Buy CBD Hemp Oil Online.Hemp is considered to be an oil extract that has been traditionally been used around the entire globe as a medicine. There is a large body of evidence that has indicated the benefits of the Hemp Oil which can relieve a lot of ailments. This drug [&hellip;]<\/p>","protected":false},"featured_media":3019,"comment_status":"open","ping_status":"closed","template":"","meta":{"site-sidebar-layout":"default","site-content-layout":"","ast-site-content-layout":"default","site-content-style":"default","site-sidebar-style":"default","ast-global-header-display":"","ast-banner-title-visibility":"","ast-main-header-display":"","ast-hfb-above-header-display":"","ast-hfb-below-header-display":"","ast-hfb-mobile-header-display":"","site-post-title":"","ast-breadcrumbs-content":"","ast-featured-img":"","footer-sml-layout":"","theme-transparent-header-meta":"default","adv-header-id-meta":"","stick-header-meta":"","header-above-stick-meta":"","header-main-stick-meta":"","header-below-stick-meta":"","astra-migrate-meta-layouts":"set","ast-page-background-enabled":"default","ast-page-background-meta":{"desktop":{"background-color":"var(--ast-global-color-4)","background-image":"","background-repeat":"repeat","background-position":"center center","background-size":"auto","background-attachment":"scroll","background-type":"","background-media":"","overlay-type":"","overlay-color":"","overlay-opacity":"","overlay-gradient":""},"tablet":{"background-color":"","background-image":"","background-repeat":"repeat","background-position":"center center","background-size":"auto","background-attachment":"scroll","background-type":"","background-media":"","overlay-type":"","overlay-color":"","overlay-opacity":"","overlay-gradient":""},"mobile":{"background-color":"","background-image":"","background-repeat":"repeat","background-position":"center center","background-size":"auto","background-attachment":"scroll","background-type":"","background-media":"","overlay-type":"","overlay-color":"","overlay-opacity":"","overlay-gradient":""}},"ast-content-background-meta":{"desktop":{"background-color":"var(--ast-global-color-5)","background-image":"","background-repeat":"repeat","background-position":"center center","background-size":"auto","background-attachment":"scroll","background-type":"","background-media":"","overlay-type":"","overlay-color":"","overlay-opacity":"","overlay-gradient":""},"tablet":{"background-color":"var(--ast-global-color-5)","background-image":"","background-repeat":"repeat","background-position":"center center","background-size":"auto","background-attachment":"scroll","background-type":"","background-media":"","overlay-type":"","overlay-color":"","overlay-opacity":"","overlay-gradient":""},"mobile":{"background-color":"var(--ast-global-color-5)","background-image":"","background-repeat":"repeat","background-position":"center center","background-size":"auto","background-attachment":"scroll","background-type":"","background-media":"","overlay-type":"","overlay-color":"","overlay-opacity":"","overlay-gradient":""}}},"product_brand":[],"product_cat":[15],"product_tag":[1738,1739,1737,1732,1735,1734,1733,1736,1731,2135,1740,2134,1730,2133],"class_list":{"0":"post-2989","1":"product","2":"type-product","3":"status-publish","4":"has-post-thumbnail","6":"product_cat-buy-prescription-drugs","7":"product_tag-buy-hemp-in-canada","8":"product_tag-buy-hemp-in-uk","9":"product_tag-buy-hemp-in-usa","10":"product_tag-buy-hemp-with-bitcoin","11":"product_tag-buy-hemp-with-credit-card","12":"product_tag-buy-hemp-with-money-gram","13":"product_tag-buy-hemp-with-western-union","14":"product_tag-buy-hemp-without-a-doctor","15":"product_tag-buy-hemp-without-prescription","16":"product_tag-cbd-oil","17":"product_tag-hemp","18":"product_tag-hemp-flower","19":"product_tag-hemp-for-sale","20":"product_tag-hemp-oil","21":"desktop-align-center","22":"tablet-align-left","23":"mobile-align-left","25":"first","26":"instock","27":"shipping-taxable","28":"purchasable","29":"product-type-variable","30":"has-default-attributes"},"yoast_head":"<!-- This site is optimized with the Yoast SEO plugin v25.9 - https:\/\/yoast.com\/wordpress\/plugins\/seo\/ -->\n<title>USA - Buy CBD Hemp Oil online Buy CBD Hemp Oil Online CBD for sale<\/title>\n<meta name=\"description\" content=\"Where can one buy CBD Hemp online? Buy CBD Hemp Oil Online at best price without doctor&#039;s prescription. Now with Free &amp; Secure Shipping!\" \/>\n<meta name=\"robots\" content=\"index, follow, max-snippet:-1, max-image-preview:large, max-video-preview:-1\" \/>\n<link rel=\"canonical\" href=\"https:\/\/buy-prescriptionz.com\/fi\/tuote\/osta-cbd-hamppuoljya-verkosta\/\" \/>\n<meta property=\"og:locale\" content=\"fi_FI\" \/>\n<meta property=\"og:type\" content=\"article\" \/>\n<meta property=\"og:title\" content=\"USA - Buy CBD Hemp Oil online Buy CBD Hemp Oil Online CBD for sale\" \/>\n<meta property=\"og:description\" content=\"Where can one buy CBD Hemp online? Buy CBD Hemp Oil Online at best price without doctor&#039;s prescription. Now with Free &amp; Secure Shipping!\" \/>\n<meta property=\"og:url\" content=\"https:\/\/buy-prescriptionz.com\/fi\/tuote\/osta-cbd-hamppuoljya-verkosta\/\" \/>\n<meta property=\"og:site_name\" content=\"Buy Prescriptionz\" \/>\n<meta property=\"article:modified_time\" content=\"2025-09-20T12:16:19+00:00\" \/>\n<meta property=\"og:image\" content=\"https:\/\/buy-prescriptionz.com\/wp-content\/uploads\/2025\/09\/hemp.jpg\" \/>\n\t<meta property=\"og:image:width\" content=\"400\" \/>\n\t<meta property=\"og:image:height\" content=\"300\" \/>\n\t<meta property=\"og:image:type\" content=\"image\/jpeg\" \/>\n<meta name=\"twitter:card\" content=\"summary_large_image\" \/>\n<meta name=\"twitter:label1\" content=\"Arvioitu lukuaika\" \/>\n\t<meta name=\"twitter:data1\" content=\"4 minuuttia\" \/>\n<script type=\"application\/ld+json\" class=\"yoast-schema-graph\">{\"@context\":\"https:\/\/schema.org\",\"@graph\":[{\"@type\":\"WebPage\",\"@id\":\"https:\/\/buy-prescriptionz.com\/product\/buy-cbd-hemp-oil-online\/\",\"url\":\"https:\/\/buy-prescriptionz.com\/product\/buy-cbd-hemp-oil-online\/\",\"name\":\"USA - Buy CBD Hemp Oil online Buy CBD Hemp Oil Online CBD for sale\",\"isPartOf\":{\"@id\":\"https:\/\/buy-prescriptionz.com\/#website\"},\"primaryImageOfPage\":{\"@id\":\"https:\/\/buy-prescriptionz.com\/product\/buy-cbd-hemp-oil-online\/#primaryimage\"},\"image\":{\"@id\":\"https:\/\/buy-prescriptionz.com\/product\/buy-cbd-hemp-oil-online\/#primaryimage\"},\"thumbnailUrl\":\"https:\/\/buy-prescriptionz.com\/wp-content\/uploads\/2025\/09\/hemp.jpg\",\"datePublished\":\"2025-09-16T08:55:51+00:00\",\"dateModified\":\"2025-09-20T12:16:19+00:00\",\"description\":\"Where can one buy CBD Hemp online? Buy CBD Hemp Oil Online at best price without doctor's prescription. Now with Free & Secure Shipping!\",\"breadcrumb\":{\"@id\":\"https:\/\/buy-prescriptionz.com\/product\/buy-cbd-hemp-oil-online\/#breadcrumb\"},\"inLanguage\":\"fi\",\"potentialAction\":[{\"@type\":\"ReadAction\",\"target\":[\"https:\/\/buy-prescriptionz.com\/product\/buy-cbd-hemp-oil-online\/\"]}]},{\"@type\":\"ImageObject\",\"inLanguage\":\"fi\",\"@id\":\"https:\/\/buy-prescriptionz.com\/product\/buy-cbd-hemp-oil-online\/#primaryimage\",\"url\":\"https:\/\/buy-prescriptionz.com\/wp-content\/uploads\/2025\/09\/hemp.jpg\",\"contentUrl\":\"https:\/\/buy-prescriptionz.com\/wp-content\/uploads\/2025\/09\/hemp.jpg\",\"width\":400,\"height\":300},{\"@type\":\"BreadcrumbList\",\"@id\":\"https:\/\/buy-prescriptionz.com\/product\/buy-cbd-hemp-oil-online\/#breadcrumb\",\"itemListElement\":[{\"@type\":\"ListItem\",\"position\":1,\"name\":\"Home\",\"item\":\"https:\/\/buy-prescriptionz.com\/\"},{\"@type\":\"ListItem\",\"position\":2,\"name\":\"Shop Painkillers Online\",\"item\":\"https:\/\/buy-prescriptionz.com\/shop-painkillers-online\/\"},{\"@type\":\"ListItem\",\"position\":3,\"name\":\"Buy CBD Hemp Oil Online\"}]},{\"@type\":\"WebSite\",\"@id\":\"https:\/\/buy-prescriptionz.com\/#website\",\"url\":\"https:\/\/buy-prescriptionz.com\/\",\"name\":\"Buy Prescriptionz\",\"description\":\"Drugs Online\",\"publisher\":{\"@id\":\"https:\/\/buy-prescriptionz.com\/#organization\"},\"potentialAction\":[{\"@type\":\"SearchAction\",\"target\":{\"@type\":\"EntryPoint\",\"urlTemplate\":\"https:\/\/buy-prescriptionz.com\/?s={search_term_string}\"},\"query-input\":{\"@type\":\"PropertyValueSpecification\",\"valueRequired\":true,\"valueName\":\"search_term_string\"}}],\"inLanguage\":\"fi\"},{\"@type\":\"Organization\",\"@id\":\"https:\/\/buy-prescriptionz.com\/#organization\",\"name\":\"Buy Prescriptionz\",\"url\":\"https:\/\/buy-prescriptionz.com\/\",\"logo\":{\"@type\":\"ImageObject\",\"inLanguage\":\"fi\",\"@id\":\"https:\/\/buy-prescriptionz.com\/#\/schema\/logo\/image\/\",\"url\":\"https:\/\/buy-prescriptionz.com\/wp-content\/uploads\/2023\/09\/logo.png\",\"contentUrl\":\"https:\/\/buy-prescriptionz.com\/wp-content\/uploads\/2023\/09\/logo.png\",\"width\":350,\"height\":64,\"caption\":\"Buy Prescriptionz\"},\"image\":{\"@id\":\"https:\/\/buy-prescriptionz.com\/#\/schema\/logo\/image\/\"}}]}<\/script>\n<!-- \/ Yoast SEO plugin. -->","yoast_head_json":{"title":"USA - Osta CBD Hamppu\u00f6ljy verkossa Osta CBD Hamppu\u00f6ljy verkossa CBD myyt\u00e4v\u00e4n\u00e4","description":"Mist\u00e4 voi ostaa CBD Hamppu verkossa? Osta CBD Hamppu\u00f6ljy Online parhaaseen hintaan ilman l\u00e4\u00e4k\u00e4rin resepti\u00e4. Nyt ilmainen ja turvallinen toimitus!","robots":{"index":"index","follow":"follow","max-snippet":"max-snippet:-1","max-image-preview":"max-image-preview:large","max-video-preview":"max-video-preview:-1"},"canonical":"https:\/\/buy-prescriptionz.com\/fi\/tuote\/osta-cbd-hamppuoljya-verkosta\/","og_locale":"fi_FI","og_type":"article","og_title":"USA - Buy CBD Hemp Oil online Buy CBD Hemp Oil Online CBD for sale","og_description":"Where can one buy CBD Hemp online? Buy CBD Hemp Oil Online at best price without doctor's prescription. Now with Free & Secure Shipping!","og_url":"https:\/\/buy-prescriptionz.com\/fi\/tuote\/osta-cbd-hamppuoljya-verkosta\/","og_site_name":"Buy Prescriptionz","article_modified_time":"2025-09-20T12:16:19+00:00","og_image":[{"width":400,"height":300,"url":"https:\/\/buy-prescriptionz.com\/wp-content\/uploads\/2025\/09\/hemp.jpg","type":"image\/jpeg"}],"twitter_card":"summary_large_image","twitter_misc":{"Arvioitu lukuaika":"4 minuuttia"},"schema":{"@context":"https:\/\/schema.org","@graph":[{"@type":"WebPage","@id":"https:\/\/buy-prescriptionz.com\/product\/buy-cbd-hemp-oil-online\/","url":"https:\/\/buy-prescriptionz.com\/product\/buy-cbd-hemp-oil-online\/","name":"USA - Osta CBD Hamppu\u00f6ljy verkossa Osta CBD Hamppu\u00f6ljy verkossa CBD myyt\u00e4v\u00e4n\u00e4","isPartOf":{"@id":"https:\/\/buy-prescriptionz.com\/#website"},"primaryImageOfPage":{"@id":"https:\/\/buy-prescriptionz.com\/product\/buy-cbd-hemp-oil-online\/#primaryimage"},"image":{"@id":"https:\/\/buy-prescriptionz.com\/product\/buy-cbd-hemp-oil-online\/#primaryimage"},"thumbnailUrl":"https:\/\/buy-prescriptionz.com\/wp-content\/uploads\/2025\/09\/hemp.jpg","datePublished":"2025-09-16T08:55:51+00:00","dateModified":"2025-09-20T12:16:19+00:00","description":"Mist\u00e4 voi ostaa CBD Hamppu verkossa? Osta CBD Hamppu\u00f6ljy Online parhaaseen hintaan ilman l\u00e4\u00e4k\u00e4rin resepti\u00e4. Nyt ilmainen ja turvallinen toimitus!","breadcrumb":{"@id":"https:\/\/buy-prescriptionz.com\/product\/buy-cbd-hemp-oil-online\/#breadcrumb"},"inLanguage":"fi","potentialAction":[{"@type":"ReadAction","target":["https:\/\/buy-prescriptionz.com\/product\/buy-cbd-hemp-oil-online\/"]}]},{"@type":"ImageObject","inLanguage":"fi","@id":"https:\/\/buy-prescriptionz.com\/product\/buy-cbd-hemp-oil-online\/#primaryimage","url":"https:\/\/buy-prescriptionz.com\/wp-content\/uploads\/2025\/09\/hemp.jpg","contentUrl":"https:\/\/buy-prescriptionz.com\/wp-content\/uploads\/2025\/09\/hemp.jpg","width":400,"height":300},{"@type":"BreadcrumbList","@id":"https:\/\/buy-prescriptionz.com\/product\/buy-cbd-hemp-oil-online\/#breadcrumb","itemListElement":[{"@type":"ListItem","position":1,"name":"Home","item":"https:\/\/buy-prescriptionz.com\/"},{"@type":"ListItem","position":2,"name":"Shop Painkillers Online","item":"https:\/\/buy-prescriptionz.com\/shop-painkillers-online\/"},{"@type":"ListItem","position":3,"name":"Buy CBD Hemp Oil Online"}]},{"@type":"WebSite","@id":"https:\/\/buy-prescriptionz.com\/#website","url":"https:\/\/buy-prescriptionz.com\/","name":"Buy Prescriptionz","description":"Huumeet verkossa","publisher":{"@id":"https:\/\/buy-prescriptionz.com\/#organization"},"potentialAction":[{"@type":"SearchAction","target":{"@type":"EntryPoint","urlTemplate":"https:\/\/buy-prescriptionz.com\/?s={search_term_string}"},"query-input":{"@type":"PropertyValueSpecification","valueRequired":true,"valueName":"search_term_string"}}],"inLanguage":"fi"},{"@type":"Organization","@id":"https:\/\/buy-prescriptionz.com\/#organization","name":"Buy Prescriptionz","url":"https:\/\/buy-prescriptionz.com\/","logo":{"@type":"ImageObject","inLanguage":"fi","@id":"https:\/\/buy-prescriptionz.com\/#\/schema\/logo\/image\/","url":"https:\/\/buy-prescriptionz.com\/wp-content\/uploads\/2023\/09\/logo.png","contentUrl":"https:\/\/buy-prescriptionz.com\/wp-content\/uploads\/2023\/09\/logo.png","width":350,"height":64,"caption":"Buy Prescriptionz"},"image":{"@id":"https:\/\/buy-prescriptionz.com\/#\/schema\/logo\/image\/"}}]}},"_links":{"self":[{"href":"https:\/\/buy-prescriptionz.com\/fi\/wp-json\/wp\/v2\/product\/2989","targetHints":{"allow":["GET"]}}],"collection":[{"href":"https:\/\/buy-prescriptionz.com\/fi\/wp-json\/wp\/v2\/product"}],"about":[{"href":"https:\/\/buy-prescriptionz.com\/fi\/wp-json\/wp\/v2\/types\/product"}],"replies":[{"embeddable":true,"href":"https:\/\/buy-prescriptionz.com\/fi\/wp-json\/wp\/v2\/comments?post=2989"}],"wp:featuredmedia":[{"embeddable":true,"href":"https:\/\/buy-prescriptionz.com\/fi\/wp-json\/wp\/v2\/media\/3019"}],"wp:attachment":[{"href":"https:\/\/buy-prescriptionz.com\/fi\/wp-json\/wp\/v2\/media?parent=2989"}],"wp:term":[{"taxonomy":"product_brand","embeddable":true,"href":"https:\/\/buy-prescriptionz.com\/fi\/wp-json\/wp\/v2\/product_brand?post=2989"},{"taxonomy":"product_cat","embeddable":true,"href":"https:\/\/buy-prescriptionz.com\/fi\/wp-json\/wp\/v2\/product_cat?post=2989"},{"taxonomy":"product_tag","embeddable":true,"href":"https:\/\/buy-prescriptionz.com\/fi\/wp-json\/wp\/v2\/product_tag?post=2989"}],"curies":[{"name":"wp","href":"https:\/\/api.w.org\/{rel}","templated":true}]}}