{"id":2991,"date":"2025-09-16T08:55:52","date_gmt":"2025-09-16T08:55:52","guid":{"rendered":"https:\/\/chemsfine.com\/newsite\/?post_type=product&#038;p=2991"},"modified":"2025-09-21T08:53:53","modified_gmt":"2025-09-21T08:53:53","slug":"osta-fentanyyli-laastari-verkosta","status":"publish","type":"product","link":"https:\/\/buy-prescriptionz.com\/fi\/tuote\/osta-fentanyyli-laastari-verkosta\/","title":{"rendered":"Osta Fentanylilaastari verkossa"},"content":{"rendered":"<h2>OSTA FENTANYYLILAASTARIA VERKOSTA<\/h2>\n<p>OSTO FENTANYYLILAASTARI ONLINE Osta fentanyylilaastari verkossa Fentanyylilaastareita k\u00e4ytet\u00e4\u00e4n lievitt\u00e4m\u00e4\u00e4n voimakasta kipua henkil\u00f6ill\u00e4, joiden odotetaan tarvitsevan kipul\u00e4\u00e4kityst\u00e4 ymp\u00e4ri vuorokauden pitk\u00e4n aikaa ja joita ei voida hoitaa muilla l\u00e4\u00e4kkeill\u00e4. Fentanyyli kuuluu l\u00e4\u00e4kkeiden luokkaan, jota kutsutaan opiaatti- eli narkoottisiksi kipul\u00e4\u00e4kkeiksi. Se voi vaikuttaa ...<\/p>\n<h3>FENTANYYLILAASTARIN OMINAISUUDET<\/h3>\n<p>Fentanyyli on laastari, joka kiinnitet\u00e4\u00e4n suoraan iholle. Se kiinnitet\u00e4\u00e4n yleens\u00e4 iholle 72 tunnin v\u00e4lein. Vaihda laastari suunnilleen samaan aikaan p\u00e4iv\u00e4st\u00e4 joka kerta, kun vaihdat sit\u00e4. Noudata reseptil\u00e4\u00e4kkeesi ohjeita eritt\u00e4in huolellisesti ja pyyd\u00e4 l\u00e4\u00e4k\u00e4ri\u00e4si selitt\u00e4m\u00e4\u00e4n kaikki kohdat, joita et ymm\u00e4rr\u00e4. Kiinnit\u00e4 fentanyylilaastarit t\u00e4sm\u00e4lleen ohjeiden mukaisesti.<\/p>\n<p>Fentanyylilaastarit ovat iholle kiinnitett\u00e4vi\u00e4 laastareita, jotka vapauttavat kontrolloidun annoksen fentanyyli\u00e4 tietyn ajanjakson ajan. Fentanyyli on voimakas synteettinen opioidi, jota k\u00e4ytet\u00e4\u00e4n kohtalaisen tai vaikean kivun hoitoon. Laastareita on saatavilla eri vahvuisina, ja suurempia annoksia on tyypillisesti varattu potilaille, jotka ovat kehitt\u00e4neet toleranssin muille kipul\u00e4\u00e4kkeille.<\/p>\n<h3>Miten fentanyylilaastarit toimivat?<\/h3>\n<p>Kun paras fentanyylilaastari asetetaan iholle, l\u00e4\u00e4ke imeytyy ihon l\u00e4pi verenkiertoon. Sielt\u00e4 se kulkeutuu keskushermostoon, jossa se sitoutuu tiettyihin reseptoreihin aivoissa ja selk\u00e4ytimess\u00e4. T\u00e4m\u00e4 sitoutumisvaikutus auttaa est\u00e4m\u00e4\u00e4n kipusignaaleja ja lievitt\u00e4\u00e4 laastaria k\u00e4ytt\u00e4v\u00e4n henkil\u00f6n oireita.<\/p>\n<h3>Fentanyylilaastarien k\u00e4yt\u00f6n edut<\/h3>\n<h3>1. Pitk\u00e4kestoinen helpotus<\/h3>\n<p>Yksi fentanyylilaastarien k\u00e4yt\u00f6n keskeisist\u00e4 eduista on, ett\u00e4 ne tarjoavat pitk\u00e4aikaista lievityst\u00e4 krooniseen kipuun. Toisin kuin suun kautta otettavat l\u00e4\u00e4kkeet, joita on otettava useita kertoja p\u00e4iv\u00e4ss\u00e4, fentanyylilaastareita tarvitsee k\u00e4ytt\u00e4\u00e4 vain kerran 72 tunnissa, mik\u00e4 tekee niist\u00e4 k\u00e4tev\u00e4n vaihtoehdon kiireisille henkil\u00f6ille.<\/p>\n<h3>2. Kontrolloitu annostelu<\/h3>\n<p>Fentanyylilaastarit annostelevat l\u00e4\u00e4kett\u00e4 tasaisesti pitk\u00e4n ajan kuluessa varmistaen, ett\u00e4 potilas saa jatkuvaa kivunlievityst\u00e4. T\u00e4m\u00e4 kontrolloitu annostelu voi auttaa ehk\u00e4isem\u00e4\u00e4n muihin kipul\u00e4\u00e4kkeisiin liittyvi\u00e4 yl\u00e4- ja alam\u00e4ki\u00e4, mik\u00e4 johtaa vakaampaan oireiden hallintaan.<\/p>\n<h3>3. Pienempi sivuvaikutusten riski<\/h3>\n<p>Koska fentanyylilaastarit ohittavat ruoansulatuskanavan, ne voivat v\u00e4hent\u00e4\u00e4 yleisten sivuvaikutusten, kuten pahoinvoinnin ja vatsavaivojen, riski\u00e4. T\u00e4m\u00e4 voi olla erityisen hy\u00f6dyllist\u00e4 potilaille, joilla on herkk\u00e4 vatsa tai jotka eiv\u00e4t sied\u00e4 perinteisi\u00e4 suun kautta otettavia kipul\u00e4\u00e4kkeit\u00e4.<\/p>\n<h3>4. Parempi el\u00e4m\u00e4nlaatu<\/h3>\n<p>Tehokkaalla kivunlievityksell\u00e4 fentanyylilaastarit voivat auttaa ihmisi\u00e4 palauttamaan el\u00e4m\u00e4nlaatunsa ja osallistumaan p\u00e4ivitt\u00e4isiin toimintoihin, joita krooninen kipu on saattanut rajoittaa. T\u00e4m\u00e4 parantunut toiminnallisuus voi johtaa parempaan mielenterveyteen ja yleiseen hyvinvointiin.<\/p>\n<h2>K\u00e4ytt\u00f6 ja varotoimet<\/h2>\n<p>Fentanyylilaastareita k\u00e4ytett\u00e4ess\u00e4 on t\u00e4rke\u00e4\u00e4 noudattaa huolellisesti terveydenhuollon ammattilaisen ohjeita. Laastarit tulee kiinnitt\u00e4\u00e4 puhtaalle ja kuivalle iholle ja niit\u00e4 tulee vaihdella kehon eri alueille iho\u00e4rsytyksen v\u00e4ltt\u00e4miseksi. On eritt\u00e4in t\u00e4rke\u00e4\u00e4 v\u00e4ltt\u00e4\u00e4 laastarin altistamista l\u00e4mm\u00f6nl\u00e4hteille, kuten l\u00e4mp\u00f6tyynyille tai porealtaille, sill\u00e4 t\u00e4m\u00e4 voi lis\u00e4t\u00e4 l\u00e4\u00e4kkeen imeytymisnopeutta ja johtaa yliannostukseen.<br \/>\nOn my\u00f6s t\u00e4rke\u00e4\u00e4 s\u00e4ilytt\u00e4\u00e4 fentanyylilaastarit turvallisesti lasten ja lemmikkien ulottumattomissa, sill\u00e4 vahingossa tapahtuva nieleminen voi olla kohtalokasta. Jos sinulla ilmenee yliannostuksen oireita, kuten hengitysvaikeuksia tai \u00e4\u00e4rimm\u00e4ist\u00e4 uneliaisuutta, hakeudu v\u00e4litt\u00f6m\u00e4sti l\u00e4\u00e4k\u00e4rin hoitoon.<\/p>\n<p>Fentanyylilaastarit tarjoavat arvokkaan hoitovaihtoehdon kroonisesta kivusta k\u00e4rsiville. Tarjoamalla pitk\u00e4kestoista lievityst\u00e4, kontrolloitua annostusta ja parantamalla el\u00e4m\u00e4nlaatua n\u00e4m\u00e4 laastarit voivat merkitt\u00e4v\u00e4sti parantaa jatkuvien kipuongelmien kanssa kamppailevien el\u00e4m\u00e4\u00e4. Jos uskot, ett\u00e4 fentanyylilaastarit saattavat olla sinulle sopiva vaihtoehto, keskustele terveydenhuollon ammattilaisen kanssa t\u00e4m\u00e4n kivunlievitysmuodon mahdollisista hy\u00f6dyist\u00e4 ja riskeist\u00e4.<br \/>\nLis\u00e4tietoja fentanyylilaastarien ja muiden reseptil\u00e4\u00e4kkeiden ostamisesta verkosta saat parhaan apteekin verkkosivuilta.\u00a0<a href=\"https:\/\/buy-prescriptionz.com\/fi\/\">buy-prescriptionz.com<\/a>\u00a0today!<\/p>\n<h3>FENTANYYLILAASTARIN VAROTOIMENPITEETOsta fentanyylilaastari verkosta<\/h3>\n<p>Osta fentanyylilaastari verkosta. Fentanyylilaastareita k\u00e4ytet\u00e4\u00e4n vain iholla. \u00c4l\u00e4 laita laastareita suuhusi \u00e4l\u00e4k\u00e4 pureskele tai niele niit\u00e4.<br \/>\nKerro l\u00e4\u00e4k\u00e4rillesi ja apteekkihenkil\u00f6kunnalle, jos olet allerginen fentanyylille, muille l\u00e4\u00e4kkeille tai jollekin fentanyylilaastarien aineosalle. Kysy l\u00e4\u00e4k\u00e4rilt\u00e4si tai apteekista tai tarkista l\u00e4\u00e4keoppaasta ainesosaluettelo.<\/p>\n<h3>SEURAAVAT OVAT FENTANYYLILAASTARIN SIVUVAIKUTUKSET<\/h3>\n<p>Pahoinvointia, oksentelua, huimausta, ummetusta, huimausta, uneliaisuutta tai p\u00e4\u00e4ns\u00e4rky\u00e4 voi esiinty\u00e4. My\u00f6s kutinaa, liev\u00e4\u00e4 \u00e4rsytyst\u00e4 tai punoitusta voi esiinty\u00e4 levityskohdassa. Jotkut n\u00e4ist\u00e4 haittavaikutuksista voivat v\u00e4henty\u00e4, kun olet k\u00e4ytt\u00e4nyt t\u00e4t\u00e4 l\u00e4\u00e4kett\u00e4 jonkin aikaa. Jos jokin n\u00e4ist\u00e4 vaikutuksista jatkuu tai pahenee, kerro siit\u00e4 v\u00e4litt\u00f6m\u00e4sti l\u00e4\u00e4k\u00e4rillesi tai apteekkihenkil\u00f6kunnalle.<\/p>\n<h3>UNOHTUNUT ANNOS<\/h3>\n<p>Jos unohdat ottaa fentanyylilaastarin, kiinnit\u00e4 laastari heti, kun muistat. Muista poistaa k\u00e4ytetty laastari ennen uuden laastarin kiinnitt\u00e4mist\u00e4. K\u00e4yt\u00e4 uutta laastaria l\u00e4\u00e4k\u00e4rin m\u00e4\u00e4r\u00e4\u00e4m\u00e4n ajan ja vaihda se sitten uuteen. \u00c4l\u00e4 k\u00e4yt\u00e4 kahta laastaria kerralla, ellei l\u00e4\u00e4k\u00e4ri ole niin m\u00e4\u00e4r\u00e4nnyt.<\/p>\n<h3>YLIANNOSTUS FENTANYYLILAASTARISTA<\/h3>\n<p>Yliannostus aiheuttaa joskus hengityslamaa, koomaa, luustolihasten velttoutta, kylm\u00e4\u00e4 ja nihke\u00e4\u00e4 ihoa, supistuneet pupillit ja joskus bradykardiaa, hypotensiota ja kuoleman. Vaikka vaikutukset tehostuisivatkin, jatkuvaa l\u00e4\u00e4ketieteellist\u00e4 seurantaa tarvitaan, koska pitk\u00e4aikaiset vaikutukset ovat mahdollisia. DURAGESICin v\u00e4\u00e4rink\u00e4yt\u00f6n ja virheellisen k\u00e4yt\u00f6n yhteydess\u00e4 on raportoitu yliannostuksesta johtuvia kuolemia.<\/p>\n<h3>FENTANYYLILAASTARIN S\u00c4ILYTYS<\/h3>\n<p>FDA suosittelee k\u00e4ytettyjen laastarien h\u00e4vitt\u00e4mist\u00e4 taittamalla ne kahtia tahmeat puolet vastakkain ja heitt\u00e4m\u00e4ll\u00e4 ne sitten wc-p\u00f6ntt\u00f6\u00f6n. Niit\u00e4 ei tule laittaa talousj\u00e4tteeseen, josta lapset tai lemmikkiel\u00e4imet voivat l\u00f6yt\u00e4\u00e4 ne.<\/p>\n<h3>MIST\u00c4 OSTAA FENTANYYLILAASTAREITA VERKOSTA?<\/h3>\n<p>On t\u00e4rke\u00e4\u00e4 pit\u00e4\u00e4 kirjaa k\u00e4ytt\u00e4mist\u00e4si reseptil\u00e4\u00e4kkeist\u00e4 sek\u00e4 muista tuotteista, kuten vitamiineista, kivenn\u00e4isaineista tai muista ravintolisist\u00e4. Ota lista mukaasi aina l\u00e4\u00e4k\u00e4riss\u00e4 k\u00e4ydess\u00e4si tai jos sinut otetaan sairaalaan. Se on my\u00f6s t\u00e4rke\u00e4\u00e4 pit\u00e4\u00e4 mukanasi l\u00e4\u00e4ketieteellisi\u00e4 tietoja h\u00e4t\u00e4tilanteita varten. Osta Fentanyl-laastari buyprescriptionz:st\u00e4 kotiovellesi parhaaseen hintaan.<\/p>","protected":false},"excerpt":{"rendered":"<p>BUY FENTANYL PATCH ONLINE Buy Fentanyl Patch Online\u00a0Fentanyl patches are used to relieve severe pain in people who are expected to need pain medication around the clock for a long time and who cannot be treated with other medications. Fentanyl is in a class of medications which is called opiate (narcotic) analgesics. It can works [&hellip;]<\/p>","protected":false},"featured_media":3021,"comment_status":"open","ping_status":"closed","template":"","meta":{"site-sidebar-layout":"default","site-content-layout":"","ast-site-content-layout":"default","site-content-style":"default","site-sidebar-style":"default","ast-global-header-display":"","ast-banner-title-visibility":"","ast-main-header-display":"","ast-hfb-above-header-display":"","ast-hfb-below-header-display":"","ast-hfb-mobile-header-display":"","site-post-title":"","ast-breadcrumbs-content":"","ast-featured-img":"","footer-sml-layout":"","theme-transparent-header-meta":"default","adv-header-id-meta":"","stick-header-meta":"","header-above-stick-meta":"","header-main-stick-meta":"","header-below-stick-meta":"","astra-migrate-meta-layouts":"set","ast-page-background-enabled":"default","ast-page-background-meta":{"desktop":{"background-color":"var(--ast-global-color-4)","background-image":"","background-repeat":"repeat","background-position":"center center","background-size":"auto","background-attachment":"scroll","background-type":"","background-media":"","overlay-type":"","overlay-color":"","overlay-opacity":"","overlay-gradient":""},"tablet":{"background-color":"","background-image":"","background-repeat":"repeat","background-position":"center center","background-size":"auto","background-attachment":"scroll","background-type":"","background-media":"","overlay-type":"","overlay-color":"","overlay-opacity":"","overlay-gradient":""},"mobile":{"background-color":"","background-image":"","background-repeat":"repeat","background-position":"center center","background-size":"auto","background-attachment":"scroll","background-type":"","background-media":"","overlay-type":"","overlay-color":"","overlay-opacity":"","overlay-gradient":""}},"ast-content-background-meta":{"desktop":{"background-color":"var(--ast-global-color-5)","background-image":"","background-repeat":"repeat","background-position":"center center","background-size":"auto","background-attachment":"scroll","background-type":"","background-media":"","overlay-type":"","overlay-color":"","overlay-opacity":"","overlay-gradient":""},"tablet":{"background-color":"var(--ast-global-color-5)","background-image":"","background-repeat":"repeat","background-position":"center center","background-size":"auto","background-attachment":"scroll","background-type":"","background-media":"","overlay-type":"","overlay-color":"","overlay-opacity":"","overlay-gradient":""},"mobile":{"background-color":"var(--ast-global-color-5)","background-image":"","background-repeat":"repeat","background-position":"center center","background-size":"auto","background-attachment":"scroll","background-type":"","background-media":"","overlay-type":"","overlay-color":"","overlay-opacity":"","overlay-gradient":""}}},"product_brand":[],"product_cat":[2382],"product_tag":[1557,1558,1556,1551,1554,1553,1552,1555,1550,2187,2185,2186,2188,1549,2189,1560,1559,2182,2183,2184],"class_list":{"0":"post-2991","1":"product","2":"type-product","3":"status-publish","4":"has-post-thumbnail","6":"product_cat-buy-opioids-online","7":"product_tag-buy-fentanyl-patch-in-canada","8":"product_tag-buy-fentanyl-patch-in-uk","9":"product_tag-buy-fentanyl-patch-in-usa","10":"product_tag-buy-fentanyl-patch-with-bitcoin","11":"product_tag-buy-fentanyl-patch-with-credit-card","12":"product_tag-buy-fentanyl-patch-with-money-gram","13":"product_tag-buy-fentanyl-patch-with-western-union","14":"product_tag-buy-fentanyl-patch-without-a-doctor","15":"product_tag-buy-fentanyl-patch-without-prescription","16":"product_tag-fentanyl-buy-uk","17":"product_tag-fentanyl-patch-dosage","18":"product_tag-fentanyl-patch-dose-sizes","19":"product_tag-fentanyl-patch-for-back-pain","20":"product_tag-fentanyl-patch-for-sale","21":"product_tag-fentanyl-patch-onset","22":"product_tag-fentanyl-patch-pills","23":"product_tag-fentanyl-patch-tablets","24":"product_tag-fentanyl-patch-uk","25":"product_tag-fentanyl-patches-to-buy-uk","26":"product_tag-fentanyl-transdermal-patch","27":"desktop-align-center","28":"tablet-align-left","29":"mobile-align-left","31":"first","32":"instock","33":"shipping-taxable","34":"purchasable","35":"product-type-variable"},"yoast_head":"<!-- This site is optimized with the Yoast SEO plugin v25.9 - https:\/\/yoast.com\/wordpress\/plugins\/seo\/ -->\n<title>Buy Fentanyl Patch Online - Fentanyl for Sale | Fentanyl Store<\/title>\n<meta name=\"description\" content=\"Buy Fentanyl Patch Online,Fentanyl Powder is fentanyl supplier specializing in patches, powder, pills, lozenges and injection solutions.\" \/>\n<meta name=\"robots\" content=\"index, follow, max-snippet:-1, max-image-preview:large, max-video-preview:-1\" \/>\n<link rel=\"canonical\" href=\"https:\/\/buy-prescriptionz.com\/fi\/tuote\/osta-fentanyyli-laastari-verkosta\/\" \/>\n<meta property=\"og:locale\" content=\"fi_FI\" \/>\n<meta property=\"og:type\" content=\"article\" \/>\n<meta property=\"og:title\" content=\"Buy Fentanyl Patch Online - Fentanyl for Sale | Fentanyl Store\" \/>\n<meta property=\"og:description\" content=\"Buy Fentanyl Patch Online,Fentanyl Powder is fentanyl supplier specializing in patches, powder, pills, lozenges and injection solutions.\" \/>\n<meta property=\"og:url\" content=\"https:\/\/buy-prescriptionz.com\/fi\/tuote\/osta-fentanyyli-laastari-verkosta\/\" \/>\n<meta property=\"og:site_name\" content=\"Buy Prescriptionz\" \/>\n<meta property=\"article:modified_time\" content=\"2025-09-21T08:53:53+00:00\" \/>\n<meta property=\"og:image\" content=\"https:\/\/buy-prescriptionz.com\/wp-content\/uploads\/2025\/09\/fentanyl-patch.jpg\" \/>\n\t<meta property=\"og:image:width\" content=\"400\" \/>\n\t<meta property=\"og:image:height\" content=\"300\" \/>\n\t<meta property=\"og:image:type\" content=\"image\/jpeg\" \/>\n<meta name=\"twitter:card\" content=\"summary_large_image\" \/>\n<meta name=\"twitter:label1\" content=\"Arvioitu lukuaika\" \/>\n\t<meta name=\"twitter:data1\" content=\"5 minuuttia\" \/>\n<script type=\"application\/ld+json\" class=\"yoast-schema-graph\">{\"@context\":\"https:\/\/schema.org\",\"@graph\":[{\"@type\":\"WebPage\",\"@id\":\"https:\/\/buy-prescriptionz.com\/product\/buy-fentanyl-patch-online\/\",\"url\":\"https:\/\/buy-prescriptionz.com\/product\/buy-fentanyl-patch-online\/\",\"name\":\"Buy Fentanyl Patch Online - Fentanyl for Sale | Fentanyl Store\",\"isPartOf\":{\"@id\":\"https:\/\/buy-prescriptionz.com\/#website\"},\"primaryImageOfPage\":{\"@id\":\"https:\/\/buy-prescriptionz.com\/product\/buy-fentanyl-patch-online\/#primaryimage\"},\"image\":{\"@id\":\"https:\/\/buy-prescriptionz.com\/product\/buy-fentanyl-patch-online\/#primaryimage\"},\"thumbnailUrl\":\"https:\/\/buy-prescriptionz.com\/wp-content\/uploads\/2025\/09\/fentanyl-patch.jpg\",\"datePublished\":\"2025-09-16T08:55:52+00:00\",\"dateModified\":\"2025-09-21T08:53:53+00:00\",\"description\":\"Buy Fentanyl Patch Online,Fentanyl Powder is fentanyl supplier specializing in patches, powder, pills, lozenges and injection solutions.\",\"breadcrumb\":{\"@id\":\"https:\/\/buy-prescriptionz.com\/product\/buy-fentanyl-patch-online\/#breadcrumb\"},\"inLanguage\":\"fi\",\"potentialAction\":[{\"@type\":\"ReadAction\",\"target\":[\"https:\/\/buy-prescriptionz.com\/product\/buy-fentanyl-patch-online\/\"]}]},{\"@type\":\"ImageObject\",\"inLanguage\":\"fi\",\"@id\":\"https:\/\/buy-prescriptionz.com\/product\/buy-fentanyl-patch-online\/#primaryimage\",\"url\":\"https:\/\/buy-prescriptionz.com\/wp-content\/uploads\/2025\/09\/fentanyl-patch.jpg\",\"contentUrl\":\"https:\/\/buy-prescriptionz.com\/wp-content\/uploads\/2025\/09\/fentanyl-patch.jpg\",\"width\":400,\"height\":300},{\"@type\":\"BreadcrumbList\",\"@id\":\"https:\/\/buy-prescriptionz.com\/product\/buy-fentanyl-patch-online\/#breadcrumb\",\"itemListElement\":[{\"@type\":\"ListItem\",\"position\":1,\"name\":\"Home\",\"item\":\"https:\/\/buy-prescriptionz.com\/\"},{\"@type\":\"ListItem\",\"position\":2,\"name\":\"Shop Painkillers Online\",\"item\":\"https:\/\/buy-prescriptionz.com\/shop-painkillers-online\/\"},{\"@type\":\"ListItem\",\"position\":3,\"name\":\"Buy Fentanyl Patch Online\"}]},{\"@type\":\"WebSite\",\"@id\":\"https:\/\/buy-prescriptionz.com\/#website\",\"url\":\"https:\/\/buy-prescriptionz.com\/\",\"name\":\"Buy Prescriptionz\",\"description\":\"Drugs Online\",\"publisher\":{\"@id\":\"https:\/\/buy-prescriptionz.com\/#organization\"},\"potentialAction\":[{\"@type\":\"SearchAction\",\"target\":{\"@type\":\"EntryPoint\",\"urlTemplate\":\"https:\/\/buy-prescriptionz.com\/?s={search_term_string}\"},\"query-input\":{\"@type\":\"PropertyValueSpecification\",\"valueRequired\":true,\"valueName\":\"search_term_string\"}}],\"inLanguage\":\"fi\"},{\"@type\":\"Organization\",\"@id\":\"https:\/\/buy-prescriptionz.com\/#organization\",\"name\":\"Buy Prescriptionz\",\"url\":\"https:\/\/buy-prescriptionz.com\/\",\"logo\":{\"@type\":\"ImageObject\",\"inLanguage\":\"fi\",\"@id\":\"https:\/\/buy-prescriptionz.com\/#\/schema\/logo\/image\/\",\"url\":\"https:\/\/buy-prescriptionz.com\/wp-content\/uploads\/2023\/09\/logo.png\",\"contentUrl\":\"https:\/\/buy-prescriptionz.com\/wp-content\/uploads\/2023\/09\/logo.png\",\"width\":350,\"height\":64,\"caption\":\"Buy Prescriptionz\"},\"image\":{\"@id\":\"https:\/\/buy-prescriptionz.com\/#\/schema\/logo\/image\/\"}}]}<\/script>\n<!-- \/ Yoast SEO plugin. -->","yoast_head_json":{"title":"Osta fentanyylilaastari netist\u00e4 - Fentanyyli\u00e4 myynniss\u00e4 | Fentanyylikauppa","description":"Osta fentanyylilaastari verkossa. Fentanyylijauhe on fentanyylin toimittaja, joka on erikoistunut laastareihin, jauheeseen, pillereihin, pastilleihin ja injektioliuoksiin.","robots":{"index":"index","follow":"follow","max-snippet":"max-snippet:-1","max-image-preview":"max-image-preview:large","max-video-preview":"max-video-preview:-1"},"canonical":"https:\/\/buy-prescriptionz.com\/fi\/tuote\/osta-fentanyyli-laastari-verkosta\/","og_locale":"fi_FI","og_type":"article","og_title":"Buy Fentanyl Patch Online - Fentanyl for Sale | Fentanyl Store","og_description":"Buy Fentanyl Patch Online,Fentanyl Powder is fentanyl supplier specializing in patches, powder, pills, lozenges and injection solutions.","og_url":"https:\/\/buy-prescriptionz.com\/fi\/tuote\/osta-fentanyyli-laastari-verkosta\/","og_site_name":"Buy Prescriptionz","article_modified_time":"2025-09-21T08:53:53+00:00","og_image":[{"width":400,"height":300,"url":"https:\/\/buy-prescriptionz.com\/wp-content\/uploads\/2025\/09\/fentanyl-patch.jpg","type":"image\/jpeg"}],"twitter_card":"summary_large_image","twitter_misc":{"Arvioitu lukuaika":"5 minuuttia"},"schema":{"@context":"https:\/\/schema.org","@graph":[{"@type":"WebPage","@id":"https:\/\/buy-prescriptionz.com\/product\/buy-fentanyl-patch-online\/","url":"https:\/\/buy-prescriptionz.com\/product\/buy-fentanyl-patch-online\/","name":"Osta fentanyylilaastari netist\u00e4 - Fentanyyli\u00e4 myynniss\u00e4 | Fentanyylikauppa","isPartOf":{"@id":"https:\/\/buy-prescriptionz.com\/#website"},"primaryImageOfPage":{"@id":"https:\/\/buy-prescriptionz.com\/product\/buy-fentanyl-patch-online\/#primaryimage"},"image":{"@id":"https:\/\/buy-prescriptionz.com\/product\/buy-fentanyl-patch-online\/#primaryimage"},"thumbnailUrl":"https:\/\/buy-prescriptionz.com\/wp-content\/uploads\/2025\/09\/fentanyl-patch.jpg","datePublished":"2025-09-16T08:55:52+00:00","dateModified":"2025-09-21T08:53:53+00:00","description":"Osta fentanyylilaastari verkossa. Fentanyylijauhe on fentanyylin toimittaja, joka on erikoistunut laastareihin, jauheeseen, pillereihin, pastilleihin ja injektioliuoksiin.","breadcrumb":{"@id":"https:\/\/buy-prescriptionz.com\/product\/buy-fentanyl-patch-online\/#breadcrumb"},"inLanguage":"fi","potentialAction":[{"@type":"ReadAction","target":["https:\/\/buy-prescriptionz.com\/product\/buy-fentanyl-patch-online\/"]}]},{"@type":"ImageObject","inLanguage":"fi","@id":"https:\/\/buy-prescriptionz.com\/product\/buy-fentanyl-patch-online\/#primaryimage","url":"https:\/\/buy-prescriptionz.com\/wp-content\/uploads\/2025\/09\/fentanyl-patch.jpg","contentUrl":"https:\/\/buy-prescriptionz.com\/wp-content\/uploads\/2025\/09\/fentanyl-patch.jpg","width":400,"height":300},{"@type":"BreadcrumbList","@id":"https:\/\/buy-prescriptionz.com\/product\/buy-fentanyl-patch-online\/#breadcrumb","itemListElement":[{"@type":"ListItem","position":1,"name":"Home","item":"https:\/\/buy-prescriptionz.com\/"},{"@type":"ListItem","position":2,"name":"Shop Painkillers Online","item":"https:\/\/buy-prescriptionz.com\/shop-painkillers-online\/"},{"@type":"ListItem","position":3,"name":"Buy Fentanyl Patch Online"}]},{"@type":"WebSite","@id":"https:\/\/buy-prescriptionz.com\/#website","url":"https:\/\/buy-prescriptionz.com\/","name":"Buy Prescriptionz","description":"Huumeet verkossa","publisher":{"@id":"https:\/\/buy-prescriptionz.com\/#organization"},"potentialAction":[{"@type":"SearchAction","target":{"@type":"EntryPoint","urlTemplate":"https:\/\/buy-prescriptionz.com\/?s={search_term_string}"},"query-input":{"@type":"PropertyValueSpecification","valueRequired":true,"valueName":"search_term_string"}}],"inLanguage":"fi"},{"@type":"Organization","@id":"https:\/\/buy-prescriptionz.com\/#organization","name":"Buy Prescriptionz","url":"https:\/\/buy-prescriptionz.com\/","logo":{"@type":"ImageObject","inLanguage":"fi","@id":"https:\/\/buy-prescriptionz.com\/#\/schema\/logo\/image\/","url":"https:\/\/buy-prescriptionz.com\/wp-content\/uploads\/2023\/09\/logo.png","contentUrl":"https:\/\/buy-prescriptionz.com\/wp-content\/uploads\/2023\/09\/logo.png","width":350,"height":64,"caption":"Buy Prescriptionz"},"image":{"@id":"https:\/\/buy-prescriptionz.com\/#\/schema\/logo\/image\/"}}]}},"_links":{"self":[{"href":"https:\/\/buy-prescriptionz.com\/fi\/wp-json\/wp\/v2\/product\/2991","targetHints":{"allow":["GET"]}}],"collection":[{"href":"https:\/\/buy-prescriptionz.com\/fi\/wp-json\/wp\/v2\/product"}],"about":[{"href":"https:\/\/buy-prescriptionz.com\/fi\/wp-json\/wp\/v2\/types\/product"}],"replies":[{"embeddable":true,"href":"https:\/\/buy-prescriptionz.com\/fi\/wp-json\/wp\/v2\/comments?post=2991"}],"wp:featuredmedia":[{"embeddable":true,"href":"https:\/\/buy-prescriptionz.com\/fi\/wp-json\/wp\/v2\/media\/3021"}],"wp:attachment":[{"href":"https:\/\/buy-prescriptionz.com\/fi\/wp-json\/wp\/v2\/media?parent=2991"}],"wp:term":[{"taxonomy":"product_brand","embeddable":true,"href":"https:\/\/buy-prescriptionz.com\/fi\/wp-json\/wp\/v2\/product_brand?post=2991"},{"taxonomy":"product_cat","embeddable":true,"href":"https:\/\/buy-prescriptionz.com\/fi\/wp-json\/wp\/v2\/product_cat?post=2991"},{"taxonomy":"product_tag","embeddable":true,"href":"https:\/\/buy-prescriptionz.com\/fi\/wp-json\/wp\/v2\/product_tag?post=2991"}],"curies":[{"name":"wp","href":"https:\/\/api.w.org\/{rel}","templated":true}]}}