{"id":2992,"date":"2025-09-16T08:55:52","date_gmt":"2025-09-16T08:55:52","guid":{"rendered":"https:\/\/chemsfine.com\/newsite\/?post_type=product&#038;p=2992"},"modified":"2025-09-30T12:37:28","modified_gmt":"2025-09-30T12:37:28","slug":"osta-suboxone-verkosta","status":"publish","type":"product","link":"https:\/\/buy-prescriptionz.com\/fi\/tuote\/osta-suboxone-verkosta\/","title":{"rendered":"Osta Suboxone verkossa"},"content":{"rendered":"<h2>Osta Suboxonea netist\u00e4<\/h2>\n<p>Buprenorfiini\/naloksoni, jota myyd\u00e4\u00e4n tuotenimell\u00e4 Suboxone, on l\u00e4\u00e4ke, joka on buprenorfiinin ja naloksonin sekoitus. Suboxonea myyd\u00e4\u00e4n huumeriippuvuush\u00e4iri\u00f6n hoitoon. Se v\u00e4hent\u00e4\u00e4 vieroitusoireita noin 24 tunnin ajan. Osta Suboxonea k\u00e4ytett\u00e4v\u00e4ksi kahtena eri muotona, kielen alle tai poskeen.<\/p>\n<h3>Kuinka ostaa Suboxonea verkossa osoitteessa buy-prescriptionz.com<\/h3>\n<p>Suboxonea voi ostaa verkosta oireisiin, kuten hengitysvaikeuksiin, v\u00e4symykseen ja alhaiseen verenpaineeseen. Naloksoni-niminen yhdiste on narkoottinen torjuja, joka kilpailee muiden narkoottisten aineiden, kuten buprenorfiinin, kanssa ja est\u00e4\u00e4 niiden vaikutuksen. Naloksonia s\u00e4ilytet\u00e4\u00e4n suun kautta otettuna, ja sit\u00e4 lis\u00e4t\u00e4\u00e4n v\u00e4hent\u00e4m\u00e4\u00e4n ongelmia, joita yksil\u00f6t voivat aiheuttaa l\u00e4\u00e4kkeen v\u00e4\u00e4rink\u00e4yt\u00f6lle pist\u00e4misen kautta. Buprenorfiini\/naloksoni on tarkoitettu narkoottisten h\u00e4iri\u00f6iden hoitoon. Pitk\u00e4aikaiset tulokset ovat yleens\u00e4 parempia buprenorfiinin\/naloksonin k\u00e4yt\u00f6ll\u00e4 kuin pelk\u00e4n narkoottisen l\u00e4\u00e4kkeen k\u00e4yt\u00f6ll\u00e4. Mist\u00e4 ostaa Suboxonea verkosta? N\u00e4iden kahden reseptin yhdistelm\u00e4\u00e4 suositaan pelkk\u00e4\u00e4n buprenorfiiniin verrattuna tukihoitoon, koska m\u00e4\u00e4ritelm\u00e4ss\u00e4 on naloksoni, joka toimii v\u00e4\u00e4rink\u00e4yt\u00f6n lievityksen\u00e4, erityisesti laskimonsis\u00e4ist\u00e4 k\u00e4ytt\u00f6\u00e4 vastaan.<\/p>\n<h3>Osta Suboxonea edulliseen hintaan 8 mg, 4 mg tai 2 mg<\/h3>\n<p>Osta Suboxonea huomaamattomassa pakkauksessa huumeriippuvuuden hoitoon, ja se toimii Yhdysvaltain kansallisen huumeiden v\u00e4\u00e4rink\u00e4yt\u00f6n instituutin (National Institute on Drug Abuse) m\u00e4\u00e4r\u00e4\u00e4m\u00e4n\u00e4 ensilinjan l\u00e4\u00e4kkeen\u00e4 nopealla ja turvallisella toimituspalvelulla osoitteessa buy-prescriptionz.com. L\u00e4\u00e4ke on tehokas yll\u00e4pitohoito huumeriippuvuuteen ja sen teho on yleens\u00e4 verrattavissa metadoniin, joka on sek\u00e4 tehokkaampi kuin muut p\u00e4ihdepohjaiset hoidot.<\/p>\n<h3>Osta Suboxone ilman resepti\u00e4: L\u00e4\u00e4ketieteellinen k\u00e4ytt\u00f6<\/h3>\n<p>Osta Suboxonea ilman l\u00e4\u00e4k\u00e4ri\u00e4, koska siihen liittyy siten enemm\u00e4n vaaroja t\u00e4ss\u00e4 voimattomassa huumeriippuvuudessa. Tilaa Suboxonea verkosta sosiaalisesti vakaille huumepotilaille, jotka eiv\u00e4t pysty nostamaan reseptej\u00e4 keskip\u00e4iv\u00e4ll\u00e4. Se on tarkoitettu niille, joilla on jokin muu sairaus, joka vaatii s\u00e4\u00e4nn\u00f6llisi\u00e4 v\u00e4ltt\u00e4m\u00e4tt\u00f6mi\u00e4 hoitok\u00e4yntej\u00e4, nopealla ja turvallisella toimituspalvelulla osoitteessa buy-prescriptionz.com. Osta Suboxonea verkosta metadonin sijaan, jos metadonin tappavuuden riski on suuri, esimerkiksi ik\u00e4\u00e4ntyneille, niille, jotka k\u00e4ytt\u00e4v\u00e4t suuria annoksia bentsodiatsepiineja tai muita rauhoittavia l\u00e4\u00e4kkeit\u00e4, ja niille, joilla on suuri viiv\u00e4styneen QT-ajan riski.<\/p>\n<p>Ennen kuin perehdymme Suboxonen ostamisen hy\u00f6tyihin verkossa, on t\u00e4rke\u00e4\u00e4 ymm\u00e4rt\u00e4\u00e4, mik\u00e4 Suboxone on ja miten se toimii. Paras Suboxone on yhdistelm\u00e4l\u00e4\u00e4ke, joka sis\u00e4lt\u00e4\u00e4 buprenorfiinia ja naloksonia. Buprenorfiini on osittainen opioidiagonisti, mik\u00e4 tarkoittaa, ett\u00e4 se aktivoi aivojen opioidireseptoreita, mutta v\u00e4h\u00e4isemm\u00e4ss\u00e4 m\u00e4\u00e4rin kuin t\u00e4ydelliset opioidiagonistit, kuten heroiini tai morfiini. Naloksonia lis\u00e4t\u00e4\u00e4n l\u00e4\u00e4kkeen v\u00e4\u00e4rink\u00e4yt\u00f6n est\u00e4miseksi, koska se voi est\u00e4\u00e4 opioidien vaikutukset ja laukaista vieroitusoireita, jos sit\u00e4 otetaan v\u00e4\u00e4rin. Suboxonea k\u00e4ytet\u00e4\u00e4n yleisesti l\u00e4\u00e4kehoito-ohjelmissa (MAT) auttamaan yksil\u00f6it\u00e4 v\u00e4hent\u00e4m\u00e4\u00e4n tai lopettamaan opioidien k\u00e4yt\u00f6n. Se voi auttaa hallitsemaan vieroitusoireita ja himoja, jolloin yksil\u00f6t voivat keskitty\u00e4 toipumiseensa ilman opioidien vieroituksen voimakkaita fysiologisia vaikutuksia.<\/p>\n<h3>Opioidiriippuvuuden hoito<\/h3>\n<p>Yksi Suboxonen ensisijaisista k\u00e4ytt\u00f6tarkoituksista on opioidiriippuvuuden hoito. Opioidiriippuvuus on vakava ja laajalle levinnyt ongelma, jolla voi olla tuhoisia vaikutuksia yksil\u00f6n terveyteen, ihmissuhteisiin ja yleiseen el\u00e4m\u00e4nlaatuun. Suboxone toimii v\u00e4hent\u00e4m\u00e4ll\u00e4 vieroitusoireita ja mielitekoja, mik\u00e4 helpottaa yksil\u00f6iden riippuvuuden voittamista ja keskittymist\u00e4 toipumiseen.<\/p>\n<h3>Miten Suboxone auttaa?<\/h3>\n<p>Kun Suboxonea otetaan m\u00e4\u00e4r\u00e4ysten mukaisesti, se voi auttaa yksil\u00f6it\u00e4 v\u00e4hent\u00e4m\u00e4\u00e4n opioidien k\u00e4ytt\u00f6\u00e4 v\u00e4hitellen ja pyrkim\u00e4\u00e4n raittiuteen. Koska buprenorfiini on osittainen agonisti, sill\u00e4 on pienempi v\u00e4\u00e4rink\u00e4yt\u00f6n ja riippuvuuden riski verrattuna t\u00e4ysiin opioidiagonisteihin. T\u00e4m\u00e4 tekee siit\u00e4 turvallisemman vaihtoehdon henkil\u00f6ille, jotka kamppailevat opioidiriippuvuuden kanssa ja joilla voi olla uusiutumisen riski.<\/p>\n<h2>Kivunhallinta<\/h2>\n<p>Opioidiriippuvuuden hoidon lis\u00e4ksi Suboxonea voidaan k\u00e4ytt\u00e4\u00e4 my\u00f6s kivunlievitykseen. Buprenorfiini, Suboxonen ensisijainen vaikuttava aine, on tehokas kipul\u00e4\u00e4ke, joka voi olla tehokas sek\u00e4 akuuteissa ett\u00e4 kroonisissa kiputiloissa. Sit\u00e4 k\u00e4ytet\u00e4\u00e4n usein vaihtoehtona perinteisille opioideille, kuten morfiinille tai oksikodonille, erityisesti henkil\u00f6ille, joilla on riippuvuuden tai yliannostuksen riski.<\/p>\n<h3>Suboxonen hy\u00f6dyt kivunhallinnassa<\/h3>\n<p>Yksi Suboxonen k\u00e4yt\u00f6n t\u00e4rkeimmist\u00e4 eduista kivunlievityksess\u00e4 on sen pienempi v\u00e4\u00e4rink\u00e4yt\u00f6n ja riippuvuuden riski. Koska buprenorfiini on osittainen agonisti, sill\u00e4 on kattovaikutus, mik\u00e4 tarkoittaa, ett\u00e4 suuremman annoksen ottaminen ei johda suurempaan vaikutukseen. T\u00e4m\u00e4 voi auttaa v\u00e4hent\u00e4m\u00e4\u00e4n yliannostuksen ja muiden perinteisiin opioideihin liittyvien vakavien sivuvaikutusten todenn\u00e4k\u00f6isyytt\u00e4.<\/p>\n<h3>Kaksoisdiagnoosin hoito<\/h3>\n<p>Suboxonea k\u00e4ytet\u00e4\u00e4n my\u00f6s kaksoisdiagnoosihoito-ohjelmissa henkil\u00f6ille, joilla on samanaikaisesti opioidiriippuvuus ja mielenterveysh\u00e4iri\u00f6it\u00e4. Monilla riippuvuuden kanssa kamppailevilla henkil\u00f6ill\u00e4 on my\u00f6s taustalla olevia mielenterveysongelmia, kuten masennusta, ahdistusta tai kaksisuuntaista mielialah\u00e4iri\u00f6t\u00e4. Suboxone voi auttaa vakauttamaan heid\u00e4n mielialaansa ja parantamaan heid\u00e4n yleist\u00e4 mielenterveytt\u00e4\u00e4n, mik\u00e4 helpottaa heid\u00e4n osallistumistaan \u200b\u200bterapiaan ja muihin hoitoihin.<\/p>\n<h3>\u00a0Miksi valita buy-prescriptionz.com?<\/h3>\n<p>Niille, jotka harkitsevat Suboxonen ostamista verkosta, buy-prescriptionz.com on hyv\u00e4maineinen ja paras apteekkikauppa. K\u00e4ytt\u00e4j\u00e4yst\u00e4v\u00e4llisen verkkosivuston, turvallisten maksuvaihtoehtojen ja huomaamattoman pakkauksen ansiosta buy-prescriptionz.com asettaa etusijalle asiakastyytyv\u00e4isyyden ja turvallisuuden. Valitsemalla buy-prescriptionz.comin ihmiset voivat saada korkealaatuista Suboxonea kilpailukykyiseen hintaan. Verkkotilauksen helppous yhdistettyn\u00e4 yksityisyyden ja kustannuss\u00e4\u00e4st\u00f6jen etuihin tekee buy-prescriptionz.comista ensiluokkaisen vaihtoehdon Suboxonea verkosta etsiville.<\/p>","protected":false},"excerpt":{"rendered":"<p>Buy Suboxone online Buprenorphine\/naloxone, sold under the brand name Suboxone, is a medicine that is a blend of buprenorphine and naloxone. Suboxone for sale is to treat drug dependence disorder. It diminishes withdrawal side effects for around 24 hours. Buy Suboxone for use in two unique structures, under the tongue or in the cheek. How [&hellip;]<\/p>","protected":false},"featured_media":3022,"comment_status":"open","ping_status":"closed","template":"","meta":{"site-sidebar-layout":"default","site-content-layout":"","ast-site-content-layout":"default","site-content-style":"default","site-sidebar-style":"default","ast-global-header-display":"","ast-banner-title-visibility":"","ast-main-header-display":"","ast-hfb-above-header-display":"","ast-hfb-below-header-display":"","ast-hfb-mobile-header-display":"","site-post-title":"","ast-breadcrumbs-content":"","ast-featured-img":"","footer-sml-layout":"","theme-transparent-header-meta":"default","adv-header-id-meta":"","stick-header-meta":"","header-above-stick-meta":"","header-main-stick-meta":"","header-below-stick-meta":"","astra-migrate-meta-layouts":"set","ast-page-background-enabled":"default","ast-page-background-meta":{"desktop":{"background-color":"var(--ast-global-color-4)","background-image":"","background-repeat":"repeat","background-position":"center center","background-size":"auto","background-attachment":"scroll","background-type":"","background-media":"","overlay-type":"","overlay-color":"","overlay-opacity":"","overlay-gradient":""},"tablet":{"background-color":"","background-image":"","background-repeat":"repeat","background-position":"center center","background-size":"auto","background-attachment":"scroll","background-type":"","background-media":"","overlay-type":"","overlay-color":"","overlay-opacity":"","overlay-gradient":""},"mobile":{"background-color":"","background-image":"","background-repeat":"repeat","background-position":"center center","background-size":"auto","background-attachment":"scroll","background-type":"","background-media":"","overlay-type":"","overlay-color":"","overlay-opacity":"","overlay-gradient":""}},"ast-content-background-meta":{"desktop":{"background-color":"var(--ast-global-color-5)","background-image":"","background-repeat":"repeat","background-position":"center center","background-size":"auto","background-attachment":"scroll","background-type":"","background-media":"","overlay-type":"","overlay-color":"","overlay-opacity":"","overlay-gradient":""},"tablet":{"background-color":"var(--ast-global-color-5)","background-image":"","background-repeat":"repeat","background-position":"center center","background-size":"auto","background-attachment":"scroll","background-type":"","background-media":"","overlay-type":"","overlay-color":"","overlay-opacity":"","overlay-gradient":""},"mobile":{"background-color":"var(--ast-global-color-5)","background-image":"","background-repeat":"repeat","background-position":"center center","background-size":"auto","background-attachment":"scroll","background-type":"","background-media":"","overlay-type":"","overlay-color":"","overlay-opacity":"","overlay-gradient":""}}},"product_brand":[],"product_cat":[2382],"product_tag":[1581,1582,1580,1575,1578,1577,1576,1579,1574,1583,1573],"class_list":{"0":"post-2992","1":"product","2":"type-product","3":"status-publish","4":"has-post-thumbnail","6":"product_cat-buy-opioids-online","7":"product_tag-buy-suboxone-in-canada","8":"product_tag-buy-suboxone-in-uk","9":"product_tag-buy-suboxone-in-usa","10":"product_tag-buy-suboxone-with-bitcoin","11":"product_tag-buy-suboxone-with-credit-card","12":"product_tag-buy-suboxone-with-money-gram","13":"product_tag-buy-suboxone-with-western-union","14":"product_tag-buy-suboxone-without-a-doctor","15":"product_tag-buy-suboxone-without-prescription","16":"product_tag-suboxone","17":"product_tag-suboxone-for-sale","18":"desktop-align-center","19":"tablet-align-left","20":"mobile-align-left","22":"first","23":"instock","24":"shipping-taxable","25":"purchasable","26":"product-type-variable","27":"has-default-attributes"},"yoast_head":"<!-- This site is optimized with the Yoast SEO plugin v25.9 - https:\/\/yoast.com\/wordpress\/plugins\/seo\/ -->\n<title>Buy Suboxone Online USA - Buy Suboxone Online for Sale - Buy Prescriptionz<\/title>\n<meta name=\"description\" content=\"Buyprescriptionz.com is an online pharmacy store where you can Buy Suboxone Online at best price without doctor&#039;s prescription. Buy Suboxone Online Now with Free &amp; Secure Shipping!\" \/>\n<meta name=\"robots\" content=\"index, follow, max-snippet:-1, max-image-preview:large, max-video-preview:-1\" \/>\n<link rel=\"canonical\" href=\"https:\/\/buy-prescriptionz.com\/fi\/tuote\/osta-suboxone-verkosta\/\" \/>\n<meta property=\"og:locale\" content=\"fi_FI\" \/>\n<meta property=\"og:type\" content=\"article\" \/>\n<meta property=\"og:title\" content=\"Buy Suboxone Online USA - Buy Suboxone Online for Sale - Buy Prescriptionz\" \/>\n<meta property=\"og:description\" content=\"Buyprescriptionz.com is an online pharmacy store where you can Buy Suboxone Online at best price without doctor&#039;s prescription. Buy Suboxone Online Now with Free &amp; Secure Shipping!\" \/>\n<meta property=\"og:url\" content=\"https:\/\/buy-prescriptionz.com\/fi\/tuote\/osta-suboxone-verkosta\/\" \/>\n<meta property=\"og:site_name\" content=\"Buy Prescriptionz\" \/>\n<meta property=\"article:modified_time\" content=\"2025-09-30T12:37:28+00:00\" \/>\n<meta property=\"og:image\" content=\"https:\/\/buy-prescriptionz.com\/wp-content\/uploads\/2025\/09\/suboxone.jpg\" \/>\n\t<meta property=\"og:image:width\" content=\"400\" \/>\n\t<meta property=\"og:image:height\" content=\"300\" \/>\n\t<meta property=\"og:image:type\" content=\"image\/jpeg\" \/>\n<meta name=\"twitter:card\" content=\"summary_large_image\" \/>\n<meta name=\"twitter:label1\" content=\"Arvioitu lukuaika\" \/>\n\t<meta name=\"twitter:data1\" content=\"5 minuuttia\" \/>\n<script type=\"application\/ld+json\" class=\"yoast-schema-graph\">{\"@context\":\"https:\/\/schema.org\",\"@graph\":[{\"@type\":\"WebPage\",\"@id\":\"https:\/\/buy-prescriptionz.com\/product\/buy-suboxone-online\/\",\"url\":\"https:\/\/buy-prescriptionz.com\/product\/buy-suboxone-online\/\",\"name\":\"Buy Suboxone Online USA - Buy Suboxone Online for Sale - Buy Prescriptionz\",\"isPartOf\":{\"@id\":\"https:\/\/buy-prescriptionz.com\/#website\"},\"primaryImageOfPage\":{\"@id\":\"https:\/\/buy-prescriptionz.com\/product\/buy-suboxone-online\/#primaryimage\"},\"image\":{\"@id\":\"https:\/\/buy-prescriptionz.com\/product\/buy-suboxone-online\/#primaryimage\"},\"thumbnailUrl\":\"https:\/\/buy-prescriptionz.com\/wp-content\/uploads\/2025\/09\/suboxone.jpg\",\"datePublished\":\"2025-09-16T08:55:52+00:00\",\"dateModified\":\"2025-09-30T12:37:28+00:00\",\"description\":\"Buyprescriptionz.com is an online pharmacy store where you can Buy Suboxone Online at best price without doctor's prescription. Buy Suboxone Online Now with Free & Secure Shipping!\",\"breadcrumb\":{\"@id\":\"https:\/\/buy-prescriptionz.com\/product\/buy-suboxone-online\/#breadcrumb\"},\"inLanguage\":\"fi\",\"potentialAction\":[{\"@type\":\"ReadAction\",\"target\":[\"https:\/\/buy-prescriptionz.com\/product\/buy-suboxone-online\/\"]}]},{\"@type\":\"ImageObject\",\"inLanguage\":\"fi\",\"@id\":\"https:\/\/buy-prescriptionz.com\/product\/buy-suboxone-online\/#primaryimage\",\"url\":\"https:\/\/buy-prescriptionz.com\/wp-content\/uploads\/2025\/09\/suboxone.jpg\",\"contentUrl\":\"https:\/\/buy-prescriptionz.com\/wp-content\/uploads\/2025\/09\/suboxone.jpg\",\"width\":400,\"height\":300},{\"@type\":\"BreadcrumbList\",\"@id\":\"https:\/\/buy-prescriptionz.com\/product\/buy-suboxone-online\/#breadcrumb\",\"itemListElement\":[{\"@type\":\"ListItem\",\"position\":1,\"name\":\"Home\",\"item\":\"https:\/\/buy-prescriptionz.com\/\"},{\"@type\":\"ListItem\",\"position\":2,\"name\":\"Shop Painkillers Online\",\"item\":\"https:\/\/buy-prescriptionz.com\/shop-painkillers-online\/\"},{\"@type\":\"ListItem\",\"position\":3,\"name\":\"Buy Suboxone Online\"}]},{\"@type\":\"WebSite\",\"@id\":\"https:\/\/buy-prescriptionz.com\/#website\",\"url\":\"https:\/\/buy-prescriptionz.com\/\",\"name\":\"Buy Prescriptionz\",\"description\":\"Drugs Online\",\"publisher\":{\"@id\":\"https:\/\/buy-prescriptionz.com\/#organization\"},\"potentialAction\":[{\"@type\":\"SearchAction\",\"target\":{\"@type\":\"EntryPoint\",\"urlTemplate\":\"https:\/\/buy-prescriptionz.com\/?s={search_term_string}\"},\"query-input\":{\"@type\":\"PropertyValueSpecification\",\"valueRequired\":true,\"valueName\":\"search_term_string\"}}],\"inLanguage\":\"fi\"},{\"@type\":\"Organization\",\"@id\":\"https:\/\/buy-prescriptionz.com\/#organization\",\"name\":\"Buy Prescriptionz\",\"url\":\"https:\/\/buy-prescriptionz.com\/\",\"logo\":{\"@type\":\"ImageObject\",\"inLanguage\":\"fi\",\"@id\":\"https:\/\/buy-prescriptionz.com\/#\/schema\/logo\/image\/\",\"url\":\"https:\/\/buy-prescriptionz.com\/wp-content\/uploads\/2023\/09\/logo.png\",\"contentUrl\":\"https:\/\/buy-prescriptionz.com\/wp-content\/uploads\/2023\/09\/logo.png\",\"width\":350,\"height\":64,\"caption\":\"Buy Prescriptionz\"},\"image\":{\"@id\":\"https:\/\/buy-prescriptionz.com\/#\/schema\/logo\/image\/\"}}]}<\/script>\n<!-- \/ Yoast SEO plugin. -->","yoast_head_json":{"title":"Osta Suboxone netist\u00e4 USA:sta - Osta Suboxone netist\u00e4 myyt\u00e4v\u00e4n\u00e4 - Osta reseptill\u00e4","description":"Buyprescriptionz.com is an online pharmacy store where you can Buy Suboxone Online at best price without doctor's prescription. Buy Suboxone Online Now with Free & Secure Shipping!","robots":{"index":"index","follow":"follow","max-snippet":"max-snippet:-1","max-image-preview":"max-image-preview:large","max-video-preview":"max-video-preview:-1"},"canonical":"https:\/\/buy-prescriptionz.com\/fi\/tuote\/osta-suboxone-verkosta\/","og_locale":"fi_FI","og_type":"article","og_title":"Buy Suboxone Online USA - Buy Suboxone Online for Sale - Buy Prescriptionz","og_description":"Buyprescriptionz.com is an online pharmacy store where you can Buy Suboxone Online at best price without doctor's prescription. Buy Suboxone Online Now with Free & Secure Shipping!","og_url":"https:\/\/buy-prescriptionz.com\/fi\/tuote\/osta-suboxone-verkosta\/","og_site_name":"Buy Prescriptionz","article_modified_time":"2025-09-30T12:37:28+00:00","og_image":[{"width":400,"height":300,"url":"https:\/\/buy-prescriptionz.com\/wp-content\/uploads\/2025\/09\/suboxone.jpg","type":"image\/jpeg"}],"twitter_card":"summary_large_image","twitter_misc":{"Arvioitu lukuaika":"5 minuuttia"},"schema":{"@context":"https:\/\/schema.org","@graph":[{"@type":"WebPage","@id":"https:\/\/buy-prescriptionz.com\/product\/buy-suboxone-online\/","url":"https:\/\/buy-prescriptionz.com\/product\/buy-suboxone-online\/","name":"Osta Suboxone netist\u00e4 USA:sta - Osta Suboxone netist\u00e4 myyt\u00e4v\u00e4n\u00e4 - Osta reseptill\u00e4","isPartOf":{"@id":"https:\/\/buy-prescriptionz.com\/#website"},"primaryImageOfPage":{"@id":"https:\/\/buy-prescriptionz.com\/product\/buy-suboxone-online\/#primaryimage"},"image":{"@id":"https:\/\/buy-prescriptionz.com\/product\/buy-suboxone-online\/#primaryimage"},"thumbnailUrl":"https:\/\/buy-prescriptionz.com\/wp-content\/uploads\/2025\/09\/suboxone.jpg","datePublished":"2025-09-16T08:55:52+00:00","dateModified":"2025-09-30T12:37:28+00:00","description":"Buyprescriptionz.com is an online pharmacy store where you can Buy Suboxone Online at best price without doctor's prescription. Buy Suboxone Online Now with Free & Secure Shipping!","breadcrumb":{"@id":"https:\/\/buy-prescriptionz.com\/product\/buy-suboxone-online\/#breadcrumb"},"inLanguage":"fi","potentialAction":[{"@type":"ReadAction","target":["https:\/\/buy-prescriptionz.com\/product\/buy-suboxone-online\/"]}]},{"@type":"ImageObject","inLanguage":"fi","@id":"https:\/\/buy-prescriptionz.com\/product\/buy-suboxone-online\/#primaryimage","url":"https:\/\/buy-prescriptionz.com\/wp-content\/uploads\/2025\/09\/suboxone.jpg","contentUrl":"https:\/\/buy-prescriptionz.com\/wp-content\/uploads\/2025\/09\/suboxone.jpg","width":400,"height":300},{"@type":"BreadcrumbList","@id":"https:\/\/buy-prescriptionz.com\/product\/buy-suboxone-online\/#breadcrumb","itemListElement":[{"@type":"ListItem","position":1,"name":"Home","item":"https:\/\/buy-prescriptionz.com\/"},{"@type":"ListItem","position":2,"name":"Shop Painkillers Online","item":"https:\/\/buy-prescriptionz.com\/shop-painkillers-online\/"},{"@type":"ListItem","position":3,"name":"Buy Suboxone Online"}]},{"@type":"WebSite","@id":"https:\/\/buy-prescriptionz.com\/#website","url":"https:\/\/buy-prescriptionz.com\/","name":"Buy Prescriptionz","description":"Huumeet verkossa","publisher":{"@id":"https:\/\/buy-prescriptionz.com\/#organization"},"potentialAction":[{"@type":"SearchAction","target":{"@type":"EntryPoint","urlTemplate":"https:\/\/buy-prescriptionz.com\/?s={search_term_string}"},"query-input":{"@type":"PropertyValueSpecification","valueRequired":true,"valueName":"search_term_string"}}],"inLanguage":"fi"},{"@type":"Organization","@id":"https:\/\/buy-prescriptionz.com\/#organization","name":"Buy Prescriptionz","url":"https:\/\/buy-prescriptionz.com\/","logo":{"@type":"ImageObject","inLanguage":"fi","@id":"https:\/\/buy-prescriptionz.com\/#\/schema\/logo\/image\/","url":"https:\/\/buy-prescriptionz.com\/wp-content\/uploads\/2023\/09\/logo.png","contentUrl":"https:\/\/buy-prescriptionz.com\/wp-content\/uploads\/2023\/09\/logo.png","width":350,"height":64,"caption":"Buy Prescriptionz"},"image":{"@id":"https:\/\/buy-prescriptionz.com\/#\/schema\/logo\/image\/"}}]}},"_links":{"self":[{"href":"https:\/\/buy-prescriptionz.com\/fi\/wp-json\/wp\/v2\/product\/2992","targetHints":{"allow":["GET"]}}],"collection":[{"href":"https:\/\/buy-prescriptionz.com\/fi\/wp-json\/wp\/v2\/product"}],"about":[{"href":"https:\/\/buy-prescriptionz.com\/fi\/wp-json\/wp\/v2\/types\/product"}],"replies":[{"embeddable":true,"href":"https:\/\/buy-prescriptionz.com\/fi\/wp-json\/wp\/v2\/comments?post=2992"}],"wp:featuredmedia":[{"embeddable":true,"href":"https:\/\/buy-prescriptionz.com\/fi\/wp-json\/wp\/v2\/media\/3022"}],"wp:attachment":[{"href":"https:\/\/buy-prescriptionz.com\/fi\/wp-json\/wp\/v2\/media?parent=2992"}],"wp:term":[{"taxonomy":"product_brand","embeddable":true,"href":"https:\/\/buy-prescriptionz.com\/fi\/wp-json\/wp\/v2\/product_brand?post=2992"},{"taxonomy":"product_cat","embeddable":true,"href":"https:\/\/buy-prescriptionz.com\/fi\/wp-json\/wp\/v2\/product_cat?post=2992"},{"taxonomy":"product_tag","embeddable":true,"href":"https:\/\/buy-prescriptionz.com\/fi\/wp-json\/wp\/v2\/product_tag?post=2992"}],"curies":[{"name":"wp","href":"https:\/\/api.w.org\/{rel}","templated":true}]}}