{"id":2995,"date":"2025-09-16T08:55:52","date_gmt":"2025-09-16T08:55:52","guid":{"rendered":"https:\/\/chemsfine.com\/newsite\/?post_type=product&#038;p=2995"},"modified":"2026-03-26T18:00:50","modified_gmt":"2026-03-26T18:00:50","slug":"osta-tramadolia-verkosta","status":"publish","type":"product","link":"https:\/\/buy-prescriptionz.com\/fi\/tuote\/osta-tramadolia-verkosta\/","title":{"rendered":"Osta Tramadol verkossa"},"content":{"rendered":"<h2>Osta Tramadol verkossa<\/h2>\n<p>Osta Tramadolia netist\u00e4. Tramadoli on narkoottinen kipul\u00e4\u00e4ke, jota k\u00e4ytet\u00e4\u00e4n krooniseen kipuun. Osta Tramadolia netist\u00e4 suun kautta otettavaksi nopeasti imeytyv\u00e4ss\u00e4 muodossa, kipua lievitt\u00e4v\u00e4 vaikutus alkaa useimmiten noin tunnissa. Se on saatavilla injektiona. Osta Tramadolia sekoitettuna parasetamoliin tai pitk\u00e4vaikutteisina valmisteina.<\/p>\n<h3>Tramadolia myyt\u00e4v\u00e4n\u00e4 100 mg ja 50 mg vahvuisina<\/h3>\n<p>Tramadoli verkossa vaikuttaa hermosolujen \u03bc-narkoottisiin reseptoreihin. Se on serotoniinin ja noradrenaliinin takaisinoton est\u00e4j\u00e4. Se muuttuu maksassa O-desmetyylitramadoliksi, narkoottiseksi aineeksi, jolla on vahvempi yhteys \u03bc-narkoottisiin reseptoreihin. Sinun on etsitt\u00e4v\u00e4 t\u00e4t\u00e4 ainetta kaikkialta krooniseen kipuusi, ja sinun on tiedett\u00e4v\u00e4, miten ostaa Tramadolia verkossa. Vastaus on yht\u00e4 yksinkertainen kuin muutkin: hanki se osoitteesta buy-prescriptionz.com. Osta Tramadolia ilman resepti\u00e4, sill\u00e4 sen kipua lievitt\u00e4v\u00e4t vaikutukset alkavat noin tunnissa ja huipentuvat 2\u20134 tunnissa suun kautta ottamisen j\u00e4lkeen nopeasti imeytyv\u00e4ll\u00e4 muodossa. Tramadolin teho on noin kymmenesosa morfiinin tehosta ja se on yht\u00e4 voimakas verrattuna petidiiniin ja kodeiiniin. Desmetramadoli vastaa yksinomaan tramadolin narkoottisista vaikutuksista. Sek\u00e4 tramadolilla ett\u00e4 desmetramadolilla on selke\u00e4 selektiivisyys MOR:iin verrattuna DOR:iin ja KOR:iin affiniteetin rajoittamisen osalta.<\/p>\n<p>Tramadoli on laajalti m\u00e4\u00e4r\u00e4tty l\u00e4\u00e4ke kohtalaisen tai kohtalaisen vaikean kivun hoitoon. Se on opioidikipul\u00e4\u00e4ke, joka toimii muuttamalla tapaa, jolla aivot ja hermosto reagoivat kipuun, tarjoten tehokasta lievityst\u00e4 erilaisiin vaivoihin. Tramadolin ensisijainen etu on sen monipuolisuus erityyppisten kipujen hoidossa, olivatpa ne akuutteja tai kroonisia. Sit\u00e4 k\u00e4ytet\u00e4\u00e4n usein esimerkiksi leikkauksen j\u00e4lkeiseen kipuun, niveltulehdukseen ja muihin tuki- ja liikuntaelinten kipuihin. Tramadolin kyky hallita kipua tehokkaasti voi parantaa merkitt\u00e4v\u00e4sti potilaan el\u00e4m\u00e4nlaatua, jolloin he voivat suorittaa p\u00e4ivitt\u00e4isi\u00e4 toimintoja v\u00e4hemm\u00e4ll\u00e4 ep\u00e4mukavuudella. Tramadolia on saatavana useissa muodoissa, mukaan lukien v\u00e4litt\u00f6m\u00e4sti vapautuvat ja pitk\u00e4vaikutteiset muodot, jotka tarjoavat joustavuutta annostuksessa yksil\u00f6llisten potilaiden tarpeiden mukaan. Pitk\u00e4vaikutteinen versio tarjoaa pitk\u00e4aikaista kivunlievityst\u00e4, mik\u00e4 v\u00e4hent\u00e4\u00e4 useiden annosten tarvetta p\u00e4iv\u00e4n aikana. Kivunlievitysominaisuuksiensa lis\u00e4ksi tramadoli on yleens\u00e4 hyvin siedetty, kun sit\u00e4 k\u00e4ytet\u00e4\u00e4n ohjeiden mukaisesti. Sill\u00e4 on pienempi riippuvuuden ja v\u00e4\u00e4rink\u00e4yt\u00f6n riski verrattuna muihin vahvempiin opioideihin, joten se on turvallisempi vaihtoehto monille potilaille. On kuitenkin t\u00e4rke\u00e4\u00e4 k\u00e4ytt\u00e4\u00e4 Tramadolia terveydenhuollon ammattilaisen valvonnassa mahdollisten sivuvaikutusten ja yhteisvaikutusten v\u00e4ltt\u00e4miseksi muiden l\u00e4\u00e4kkeiden kanssa. Niille, jotka haluavat ostaa parasta Tramadolia k\u00e4tev\u00e4sti ja turvallisesti, verkkol\u00e4hteet, kuten buy-prescriptionz.com, tarjoavat luotettavan vaihtoehdon. T\u00e4m\u00e4 alusta varmistaa, ett\u00e4 potilaat saavat aitoa l\u00e4\u00e4kett\u00e4, s\u00e4ilytt\u00e4en sek\u00e4 hoidon tehokkuuden ett\u00e4 turvallisuuden. Tramadoli on tehokas ja monipuolinen kivunhallintavaihtoehto, joka voi parantaa merkitt\u00e4v\u00e4sti erilaisista kiputiloista k\u00e4rsivien potilaiden el\u00e4m\u00e4nlaatua. Kun l\u00e4\u00e4ke hankitaan parhaasta apteekista, kuten buy-prescriptionz.comista, potilaat voivat varmistaa, ett\u00e4 he saavat aitoa ja korkealaatuista l\u00e4\u00e4kett\u00e4.<\/p>\n<h3>Tramadolin saatavuus<\/h3>\n<p>Tilaa Tramadolia verkosta edullisina m\u00e4\u00e4rin\u00e4 nestein\u00e4, siirappina, tippoina, eliksiirein\u00e4, kuplivina tabletteina ja veteen sekoitettavaksi tarkoitettuina jauheina, pakkauksina, tabletteina, mukaan lukien laajennetut annostelumenetelm\u00e4t, per\u00e4puikkoina, pahentavana jauheena ja injektioina. Voit my\u00f6s ostaa Tramadolia verkosta nopealla ja turvallisella toimituspalvelulla osoitteessa buy-prescriptionz.com.<\/p>\n<h3>Osta Tramadolia huomaamattomassa pakkauksessa mist\u00e4 tahansa<\/h3>\n<p>Osta Tramadolia edulliseen hintaan, joka seuraa narkoottisia reseptoreita merkitt\u00e4v\u00e4n dynaamisen metaboliittinsa desmetramadolin kautta, jolla on jopa 700-kertaisesti suurempi herkkyys MOR:lle. Tramadolia on saatavilla nopealla ja turvallisella toimituksella, mutta sen itsens\u00e4 on todettu olevan tehoton MOR:n aktivoinnissa k\u00e4ytt\u00f6kelpoisessa tutkimuksessa. Ei ole paljon arvailtavaa, mist\u00e4 ostaa Tramadolia verkosta, sill\u00e4 sen teho on yht\u00e4 suuri kuin morfiinin; \u00e4\u00e4rimm\u00e4iseen kipuun se on heikompi kuin morfiini. N\u00e4m\u00e4 kipua lievitt\u00e4v\u00e4t vaikutukset kest\u00e4v\u00e4t noin 6 tuntia.<\/p>","protected":false},"excerpt":{"rendered":"<p>Buy Tramadol Online Buy Tramadol Online,Tramadol is a narcotic pain prescription used for chronic pain. Buy Tramadol online to take by mouth in a fast discharge formula, the relief from discomfort, for the most part, starts around an hour. It is accessible by injection. Buy Tramadol in blend with paracetamol or as longer-acting formulations. Tramadol [&hellip;]<\/p>","protected":false},"featured_media":3025,"comment_status":"open","ping_status":"closed","template":"","meta":{"site-sidebar-layout":"default","site-content-layout":"","ast-site-content-layout":"default","site-content-style":"default","site-sidebar-style":"default","ast-global-header-display":"","ast-banner-title-visibility":"","ast-main-header-display":"","ast-hfb-above-header-display":"","ast-hfb-below-header-display":"","ast-hfb-mobile-header-display":"","site-post-title":"","ast-breadcrumbs-content":"","ast-featured-img":"","footer-sml-layout":"","theme-transparent-header-meta":"default","adv-header-id-meta":"","stick-header-meta":"","header-above-stick-meta":"","header-main-stick-meta":"","header-below-stick-meta":"","astra-migrate-meta-layouts":"set","ast-page-background-enabled":"default","ast-page-background-meta":{"desktop":{"background-color":"var(--ast-global-color-4)","background-image":"","background-repeat":"repeat","background-position":"center center","background-size":"auto","background-attachment":"scroll","background-type":"","background-media":"","overlay-type":"","overlay-color":"","overlay-opacity":"","overlay-gradient":""},"tablet":{"background-color":"","background-image":"","background-repeat":"repeat","background-position":"center center","background-size":"auto","background-attachment":"scroll","background-type":"","background-media":"","overlay-type":"","overlay-color":"","overlay-opacity":"","overlay-gradient":""},"mobile":{"background-color":"","background-image":"","background-repeat":"repeat","background-position":"center center","background-size":"auto","background-attachment":"scroll","background-type":"","background-media":"","overlay-type":"","overlay-color":"","overlay-opacity":"","overlay-gradient":""}},"ast-content-background-meta":{"desktop":{"background-color":"var(--ast-global-color-5)","background-image":"","background-repeat":"repeat","background-position":"center center","background-size":"auto","background-attachment":"scroll","background-type":"","background-media":"","overlay-type":"","overlay-color":"","overlay-opacity":"","overlay-gradient":""},"tablet":{"background-color":"var(--ast-global-color-5)","background-image":"","background-repeat":"repeat","background-position":"center center","background-size":"auto","background-attachment":"scroll","background-type":"","background-media":"","overlay-type":"","overlay-color":"","overlay-opacity":"","overlay-gradient":""},"mobile":{"background-color":"var(--ast-global-color-5)","background-image":"","background-repeat":"repeat","background-position":"center center","background-size":"auto","background-attachment":"scroll","background-type":"","background-media":"","overlay-type":"","overlay-color":"","overlay-opacity":"","overlay-gradient":""}}},"product_brand":[],"product_cat":[2382],"product_tag":[1545,1546,1544,1539,1542,1541,1540,1543,1538,1537,1548,1547],"class_list":{"0":"post-2995","1":"product","2":"type-product","3":"status-publish","4":"has-post-thumbnail","6":"product_cat-buy-opioids-online","7":"product_tag-buy-tramadol-in-canada","8":"product_tag-buy-tramadol-in-uk","9":"product_tag-buy-tramadol-in-usa","10":"product_tag-buy-tramadol-with-bitcoin","11":"product_tag-buy-tramadol-with-credit-card","12":"product_tag-buy-tramadol-with-money-gram","13":"product_tag-buy-tramadol-with-western-union","14":"product_tag-buy-tramadol-without-a-doctor","15":"product_tag-buy-tramadol-without-prescription","16":"product_tag-tramadol-for-sale","17":"product_tag-tramadol-pills","18":"product_tag-tramadol-tablets","19":"desktop-align-center","20":"tablet-align-left","21":"mobile-align-left","23":"first","24":"instock","25":"shipping-taxable","26":"purchasable","27":"product-type-variable","28":"has-default-attributes"},"yoast_head":"<!-- This site is optimized with the Yoast SEO plugin v25.9 - https:\/\/yoast.com\/wordpress\/plugins\/seo\/ -->\n<title>Buy Tramadol Online - Tramadol for Sale Online<\/title>\n<meta name=\"description\" content=\"At our chem store, you can get Tramadol for sale at cheap rates. We deal with a-grade quality products only. Buy Tramadol online from our store now. Place your order right away!\" \/>\n<meta name=\"robots\" content=\"index, follow, max-snippet:-1, max-image-preview:large, max-video-preview:-1\" \/>\n<link rel=\"canonical\" href=\"https:\/\/buy-prescriptionz.com\/fi\/tuote\/osta-tramadolia-verkosta\/\" \/>\n<meta property=\"og:locale\" content=\"fi_FI\" \/>\n<meta property=\"og:type\" content=\"article\" \/>\n<meta property=\"og:title\" content=\"Buy Tramadol Online - Tramadol for Sale Online\" \/>\n<meta property=\"og:description\" content=\"At our chem store, you can get Tramadol for sale at cheap rates. We deal with a-grade quality products only. Buy Tramadol online from our store now. Place your order right away!\" \/>\n<meta property=\"og:url\" content=\"https:\/\/buy-prescriptionz.com\/fi\/tuote\/osta-tramadolia-verkosta\/\" \/>\n<meta property=\"og:site_name\" content=\"Buy Prescriptionz\" \/>\n<meta property=\"article:modified_time\" content=\"2026-03-26T18:00:50+00:00\" \/>\n<meta property=\"og:image\" content=\"https:\/\/buy-prescriptionz.com\/wp-content\/uploads\/2025\/09\/tramadol.jpg\" \/>\n\t<meta property=\"og:image:width\" content=\"400\" \/>\n\t<meta property=\"og:image:height\" content=\"300\" \/>\n\t<meta property=\"og:image:type\" content=\"image\/jpeg\" \/>\n<meta name=\"twitter:card\" content=\"summary_large_image\" \/>\n<meta name=\"twitter:label1\" content=\"Arvioitu lukuaika\" \/>\n\t<meta name=\"twitter:data1\" content=\"2 minuuttia\" \/>\n<script type=\"application\/ld+json\" class=\"yoast-schema-graph\">{\"@context\":\"https:\/\/schema.org\",\"@graph\":[{\"@type\":\"WebPage\",\"@id\":\"https:\/\/buy-prescriptionz.com\/product\/buy-tramadol-online\/\",\"url\":\"https:\/\/buy-prescriptionz.com\/product\/buy-tramadol-online\/\",\"name\":\"Buy Tramadol Online - Tramadol for Sale Online\",\"isPartOf\":{\"@id\":\"https:\/\/buy-prescriptionz.com\/#website\"},\"primaryImageOfPage\":{\"@id\":\"https:\/\/buy-prescriptionz.com\/product\/buy-tramadol-online\/#primaryimage\"},\"image\":{\"@id\":\"https:\/\/buy-prescriptionz.com\/product\/buy-tramadol-online\/#primaryimage\"},\"thumbnailUrl\":\"https:\/\/buy-prescriptionz.com\/wp-content\/uploads\/2025\/09\/tramadol.jpg\",\"datePublished\":\"2025-09-16T08:55:52+00:00\",\"dateModified\":\"2026-03-26T18:00:50+00:00\",\"description\":\"At our chem store, you can get Tramadol for sale at cheap rates. We deal with a-grade quality products only. Buy Tramadol online from our store now. Place your order right away!\",\"breadcrumb\":{\"@id\":\"https:\/\/buy-prescriptionz.com\/product\/buy-tramadol-online\/#breadcrumb\"},\"inLanguage\":\"fi\",\"potentialAction\":[{\"@type\":\"ReadAction\",\"target\":[\"https:\/\/buy-prescriptionz.com\/product\/buy-tramadol-online\/\"]}]},{\"@type\":\"ImageObject\",\"inLanguage\":\"fi\",\"@id\":\"https:\/\/buy-prescriptionz.com\/product\/buy-tramadol-online\/#primaryimage\",\"url\":\"https:\/\/buy-prescriptionz.com\/wp-content\/uploads\/2025\/09\/tramadol.jpg\",\"contentUrl\":\"https:\/\/buy-prescriptionz.com\/wp-content\/uploads\/2025\/09\/tramadol.jpg\",\"width\":400,\"height\":300},{\"@type\":\"BreadcrumbList\",\"@id\":\"https:\/\/buy-prescriptionz.com\/product\/buy-tramadol-online\/#breadcrumb\",\"itemListElement\":[{\"@type\":\"ListItem\",\"position\":1,\"name\":\"Home\",\"item\":\"https:\/\/buy-prescriptionz.com\/\"},{\"@type\":\"ListItem\",\"position\":2,\"name\":\"Shop Painkillers Online\",\"item\":\"https:\/\/buy-prescriptionz.com\/shop-painkillers-online\/\"},{\"@type\":\"ListItem\",\"position\":3,\"name\":\"Buy Tramadol Online\"}]},{\"@type\":\"WebSite\",\"@id\":\"https:\/\/buy-prescriptionz.com\/#website\",\"url\":\"https:\/\/buy-prescriptionz.com\/\",\"name\":\"Buy Prescriptionz\",\"description\":\"Drugs Online\",\"publisher\":{\"@id\":\"https:\/\/buy-prescriptionz.com\/#organization\"},\"potentialAction\":[{\"@type\":\"SearchAction\",\"target\":{\"@type\":\"EntryPoint\",\"urlTemplate\":\"https:\/\/buy-prescriptionz.com\/?s={search_term_string}\"},\"query-input\":{\"@type\":\"PropertyValueSpecification\",\"valueRequired\":true,\"valueName\":\"search_term_string\"}}],\"inLanguage\":\"fi\"},{\"@type\":\"Organization\",\"@id\":\"https:\/\/buy-prescriptionz.com\/#organization\",\"name\":\"Buy Prescriptionz\",\"url\":\"https:\/\/buy-prescriptionz.com\/\",\"logo\":{\"@type\":\"ImageObject\",\"inLanguage\":\"fi\",\"@id\":\"https:\/\/buy-prescriptionz.com\/#\/schema\/logo\/image\/\",\"url\":\"https:\/\/buy-prescriptionz.com\/wp-content\/uploads\/2023\/09\/logo.png\",\"contentUrl\":\"https:\/\/buy-prescriptionz.com\/wp-content\/uploads\/2023\/09\/logo.png\",\"width\":350,\"height\":64,\"caption\":\"Buy Prescriptionz\"},\"image\":{\"@id\":\"https:\/\/buy-prescriptionz.com\/#\/schema\/logo\/image\/\"}}]}<\/script>\n<!-- \/ Yoast SEO plugin. -->","yoast_head_json":{"title":"Osta Tramadolia netist\u00e4 - Tramadolia myyt\u00e4v\u00e4n\u00e4 verkossa","description":"Kemikaalikaupastamme saat Tramadolia edulliseen hintaan. Myymme vain ensiluokkaisia \u200b\u200btuotteita. Osta Tramadolia verkosta kaupastamme nyt. Tee tilauksesi heti!","robots":{"index":"index","follow":"follow","max-snippet":"max-snippet:-1","max-image-preview":"max-image-preview:large","max-video-preview":"max-video-preview:-1"},"canonical":"https:\/\/buy-prescriptionz.com\/fi\/tuote\/osta-tramadolia-verkosta\/","og_locale":"fi_FI","og_type":"article","og_title":"Buy Tramadol Online - Tramadol for Sale Online","og_description":"At our chem store, you can get Tramadol for sale at cheap rates. We deal with a-grade quality products only. Buy Tramadol online from our store now. Place your order right away!","og_url":"https:\/\/buy-prescriptionz.com\/fi\/tuote\/osta-tramadolia-verkosta\/","og_site_name":"Buy Prescriptionz","article_modified_time":"2026-03-26T18:00:50+00:00","og_image":[{"width":400,"height":300,"url":"https:\/\/buy-prescriptionz.com\/wp-content\/uploads\/2025\/09\/tramadol.jpg","type":"image\/jpeg"}],"twitter_card":"summary_large_image","twitter_misc":{"Arvioitu lukuaika":"2 minuuttia"},"schema":{"@context":"https:\/\/schema.org","@graph":[{"@type":"WebPage","@id":"https:\/\/buy-prescriptionz.com\/product\/buy-tramadol-online\/","url":"https:\/\/buy-prescriptionz.com\/product\/buy-tramadol-online\/","name":"Osta Tramadolia netist\u00e4 - Tramadolia myyt\u00e4v\u00e4n\u00e4 verkossa","isPartOf":{"@id":"https:\/\/buy-prescriptionz.com\/#website"},"primaryImageOfPage":{"@id":"https:\/\/buy-prescriptionz.com\/product\/buy-tramadol-online\/#primaryimage"},"image":{"@id":"https:\/\/buy-prescriptionz.com\/product\/buy-tramadol-online\/#primaryimage"},"thumbnailUrl":"https:\/\/buy-prescriptionz.com\/wp-content\/uploads\/2025\/09\/tramadol.jpg","datePublished":"2025-09-16T08:55:52+00:00","dateModified":"2026-03-26T18:00:50+00:00","description":"Kemikaalikaupastamme saat Tramadolia edulliseen hintaan. Myymme vain ensiluokkaisia \u200b\u200btuotteita. Osta Tramadolia verkosta kaupastamme nyt. Tee tilauksesi heti!","breadcrumb":{"@id":"https:\/\/buy-prescriptionz.com\/product\/buy-tramadol-online\/#breadcrumb"},"inLanguage":"fi","potentialAction":[{"@type":"ReadAction","target":["https:\/\/buy-prescriptionz.com\/product\/buy-tramadol-online\/"]}]},{"@type":"ImageObject","inLanguage":"fi","@id":"https:\/\/buy-prescriptionz.com\/product\/buy-tramadol-online\/#primaryimage","url":"https:\/\/buy-prescriptionz.com\/wp-content\/uploads\/2025\/09\/tramadol.jpg","contentUrl":"https:\/\/buy-prescriptionz.com\/wp-content\/uploads\/2025\/09\/tramadol.jpg","width":400,"height":300},{"@type":"BreadcrumbList","@id":"https:\/\/buy-prescriptionz.com\/product\/buy-tramadol-online\/#breadcrumb","itemListElement":[{"@type":"ListItem","position":1,"name":"Home","item":"https:\/\/buy-prescriptionz.com\/"},{"@type":"ListItem","position":2,"name":"Shop Painkillers Online","item":"https:\/\/buy-prescriptionz.com\/shop-painkillers-online\/"},{"@type":"ListItem","position":3,"name":"Buy Tramadol Online"}]},{"@type":"WebSite","@id":"https:\/\/buy-prescriptionz.com\/#website","url":"https:\/\/buy-prescriptionz.com\/","name":"Buy Prescriptionz","description":"Huumeet verkossa","publisher":{"@id":"https:\/\/buy-prescriptionz.com\/#organization"},"potentialAction":[{"@type":"SearchAction","target":{"@type":"EntryPoint","urlTemplate":"https:\/\/buy-prescriptionz.com\/?s={search_term_string}"},"query-input":{"@type":"PropertyValueSpecification","valueRequired":true,"valueName":"search_term_string"}}],"inLanguage":"fi"},{"@type":"Organization","@id":"https:\/\/buy-prescriptionz.com\/#organization","name":"Buy Prescriptionz","url":"https:\/\/buy-prescriptionz.com\/","logo":{"@type":"ImageObject","inLanguage":"fi","@id":"https:\/\/buy-prescriptionz.com\/#\/schema\/logo\/image\/","url":"https:\/\/buy-prescriptionz.com\/wp-content\/uploads\/2023\/09\/logo.png","contentUrl":"https:\/\/buy-prescriptionz.com\/wp-content\/uploads\/2023\/09\/logo.png","width":350,"height":64,"caption":"Buy Prescriptionz"},"image":{"@id":"https:\/\/buy-prescriptionz.com\/#\/schema\/logo\/image\/"}}]}},"_links":{"self":[{"href":"https:\/\/buy-prescriptionz.com\/fi\/wp-json\/wp\/v2\/product\/2995","targetHints":{"allow":["GET"]}}],"collection":[{"href":"https:\/\/buy-prescriptionz.com\/fi\/wp-json\/wp\/v2\/product"}],"about":[{"href":"https:\/\/buy-prescriptionz.com\/fi\/wp-json\/wp\/v2\/types\/product"}],"replies":[{"embeddable":true,"href":"https:\/\/buy-prescriptionz.com\/fi\/wp-json\/wp\/v2\/comments?post=2995"}],"wp:featuredmedia":[{"embeddable":true,"href":"https:\/\/buy-prescriptionz.com\/fi\/wp-json\/wp\/v2\/media\/3025"}],"wp:attachment":[{"href":"https:\/\/buy-prescriptionz.com\/fi\/wp-json\/wp\/v2\/media?parent=2995"}],"wp:term":[{"taxonomy":"product_brand","embeddable":true,"href":"https:\/\/buy-prescriptionz.com\/fi\/wp-json\/wp\/v2\/product_brand?post=2995"},{"taxonomy":"product_cat","embeddable":true,"href":"https:\/\/buy-prescriptionz.com\/fi\/wp-json\/wp\/v2\/product_cat?post=2995"},{"taxonomy":"product_tag","embeddable":true,"href":"https:\/\/buy-prescriptionz.com\/fi\/wp-json\/wp\/v2\/product_tag?post=2995"}],"curies":[{"name":"wp","href":"https:\/\/api.w.org\/{rel}","templated":true}]}}