{"id":2997,"date":"2025-09-16T08:55:53","date_gmt":"2025-09-16T08:55:53","guid":{"rendered":"https:\/\/chemsfine.com\/newsite\/?post_type=product&#038;p=2997"},"modified":"2025-09-22T05:13:48","modified_gmt":"2025-09-22T05:13:48","slug":"osta-hydrokodonia-verkossa","status":"publish","type":"product","link":"https:\/\/buy-prescriptionz.com\/fi\/tuote\/osta-hydrokodonia-verkossa\/","title":{"rendered":"Osta Hydrocodone verkossa"},"content":{"rendered":"<h2>OSTAA HYDROKODONIA VERKOSSA<\/h2>\n<p>Osta hydrokodonia verkosta. Hydrokodonia k\u00e4ytet\u00e4\u00e4n kohtalaisen tai vaikean kivun lievitt\u00e4miseen. Se on... <a href=\"https:\/\/buy-prescriptionz.com\/fi\/\">opioidi<\/a> kipul\u00e4\u00e4ke. Hydrokodoni vaikuttaa aivoissa ja muuttaa sit\u00e4, miten ihmiskeho tuntee kipua ja reagoi siihen.<\/p>\n<h3>HYDROKODONIN OMINAISUUDET<\/h3>\n<p>Hydrokodoni on voimakas kipul\u00e4\u00e4ke ja se pystyy v\u00e4hent\u00e4m\u00e4\u00e4n ysk\u00e4\u00e4 hengitysteihin kohdistuvan vaikutuksen avulla v\u00e4hent\u00e4m\u00e4ll\u00e4 niiden kouristuksia. Sit\u00e4 lis\u00e4t\u00e4\u00e4n useisiin kipul\u00e4\u00e4kkeisiin, mukaan lukien muut l\u00e4\u00e4ketieteelliset komponentit.<\/p>\n<h3>PIT\u00c4ISI TIET\u00c4\u00c4 HYDROKODONIN VAROTOIMISTA<\/h3>\n<p>\u00c4l\u00e4 k\u00e4yt\u00e4 hydrokodonia, jos olet sille allerginen. Jos k\u00e4yt\u00e4t t\u00e4t\u00e4 l\u00e4\u00e4kett\u00e4 raskaana ollessasi, lapsesi saattaa tulla riippuvaiseksi l\u00e4\u00e4kkeest\u00e4. N\u00e4m\u00e4 voivat aiheuttaa vauvalle hengenvaarallisia vieroitusoireita sen synnytty\u00e4.<\/p>\n<h3>SIVUVAIKUTUKSET<\/h3>\n<p>astma tai hengitysvaikeudet; tai<br \/>\nTukos vatsassa tai suolistossa.<br \/>\nP\u00e4\u00e4vamma, aivokasvain tai kouristukset;<\/p>\n<h3>Virtsaamisongelmat;<\/h3>\n<p>\u00c4\u00e4nek\u00e4s hengitys, huokaus, pinnallinen hengitys;<br \/>\nMaksa- tai munuaissairaus;<\/p>\n<p>T\u00e4m\u00e4 ei ole t\u00e4ydellinen luettelo haittavaikutuksista, ja muita haittavaikutuksia voi esiinty\u00e4. Soita l\u00e4\u00e4k\u00e4rillesi, jos haluat lis\u00e4tietoja haittavaikutuksista.<\/p>\n<p>Hydrokodoni on tehokas opioidikipul\u00e4\u00e4ke, jota k\u00e4ytet\u00e4\u00e4n kohtalaisen tai vaikean kivun hoitoon. Sit\u00e4 m\u00e4\u00e4r\u00e4t\u00e4\u00e4n usein, kun muut kipul\u00e4\u00e4kkeet eiv\u00e4t ole tehokkaita. Sit\u00e4 k\u00e4ytet\u00e4\u00e4n my\u00f6s yhdess\u00e4 asetaminofeenin tai ibuprofeenin kanssa sen kipua lievitt\u00e4vien vaikutusten tehostamiseksi.<\/p>\n<h3>Yleiskatsaus<\/h3>\n<ul>\n<li>Koostumus: Paras hydrokodoni yhdistet\u00e4\u00e4n usein asetaminofeenin tai ibuprofeenin kanssa sen tehon lis\u00e4\u00e4miseksi.<\/li>\n<li>K\u00e4ytt\u00f6: Sit\u00e4 m\u00e4\u00e4r\u00e4t\u00e4\u00e4n vammojen, leikkausten tai kroonisten sairauksien aiheuttaman vakavan kivun hoitoon, kun muut l\u00e4\u00e4kkeet eiv\u00e4t tehoa.<\/li>\n<li>Muoto: Saatavilla tabletti-, kapseli- ja nestem\u00e4isin\u00e4, mik\u00e4 mahdollistaa joustavan antamisen potilaan tarpeiden mukaan.<\/li>\n<\/ul>\n<h3>Edut<\/h3>\n<ol>\n<li>Tehokas kivunlievitys: Hydrokodoni on eritt\u00e4in tehokas lievitt\u00e4m\u00e4\u00e4n kohtalaista tai vaikeaa kipua, joten se sopii potilaille, jotka tarvitsevat voimakasta kivunhallintaa.<\/li>\n<li>Tehostettu teho: Yhdistettyn\u00e4 asetaminofeenin tai ibuprofeenin kanssa hydrokodonin kipua lievitt\u00e4v\u00e4t vaikutukset voimistuvat, mik\u00e4 tarjoaa paremman helpotuksen kuin kunkin komponentin k\u00e4ytt\u00f6 yksin\u00e4\u00e4n.<\/li>\n<li>Parempi el\u00e4m\u00e4nlaatu: Tehokas kivunhallinta hydrokodonilla voi johtaa merkitt\u00e4viin parannuksiin potilaan el\u00e4m\u00e4nlaadussa, mik\u00e4 mahdollistaa paremman toimivuuden ja mukavuuden p\u00e4ivitt\u00e4isiss\u00e4 toiminnoissa.<\/li>\n<li>Hoidon joustavuus: Hydrocodone on saatavilla useissa eri muodoissa, ja sit\u00e4 voidaan r\u00e4\u00e4t\u00e4l\u00f6id\u00e4 vastaamaan potilaan erityistarpeita, olipa kyseess\u00e4 sitten v\u00e4lit\u00f6n tai pidempiaikainen kivunlievitys.<\/li>\n<\/ol>\n<p>Hydrokodoni on tehokas opioidikipul\u00e4\u00e4ke, joka tarjoaa merkitt\u00e4vi\u00e4 etuja kohtalaisen tai vaikean kivun hoidossa. Sen yhdistelm\u00e4 muiden kipul\u00e4\u00e4kkeiden, kuten asetaminofeenin tai ibuprofeenin, kanssa parantaa sen tehoa ja tarjoaa kattavan kivunlievityksen. Niille, jotka etsiv\u00e4t k\u00e4tev\u00e4\u00e4 ja luotettavaa p\u00e4\u00e4sy\u00e4 hydrokodoniin, verkkol\u00e4hteet, kuten buy-prescriptionz.com, tarjoavat luotettavan vaihtoehdon. Paras apteekkikauppa buy-prescriptionz.com voi auttaa potilaita hallitsemaan kipuaan tehokkaasti ja turvallisesti varmistaen l\u00e4\u00e4kkeen aitouden ja laadun. L\u00e4\u00e4k\u00e4rin valvonnassa k\u00e4ytettyn\u00e4 hydrokodoni voi parantaa merkitt\u00e4v\u00e4sti vaikeasta kivusta k\u00e4rsivien henkil\u00f6iden el\u00e4m\u00e4nlaatua.<\/p>\n<h3>UNOHTUNEET ANNOSONGELMAT<\/h3>\n<p>Koska hydrokodonia k\u00e4ytet\u00e4\u00e4n kipul\u00e4\u00e4kkeen\u00e4, et todenn\u00e4k\u00f6isesti j\u00e4t\u00e4 annosta v\u00e4liin. J\u00e4t\u00e4 unohtunut annos v\u00e4liin, jos on seuraavan annoksen aika. \u00c4l\u00e4 k\u00e4yt\u00e4 kahta annosta kerralla.<\/p>\n<h3>YLIANNOSTUS AIHEUTTAA JOSKUS SEURAAVIA ONGELMIA<\/h3>\n<p>Yliannostus voi olla hengenvaarallinen, etenkin jos l\u00e4\u00e4kett\u00e4 k\u00e4ytet\u00e4\u00e4n ilman resepti\u00e4. Yliannostukseen voi liitty\u00e4 hidasta sykett\u00e4, lihasheikkoutta, voimakasta uneliaisuutta, kylm\u00e4\u00e4 ja hyytynytt\u00e4 ihoa, pistem\u00e4isi\u00e4 pupilleja, hyvin hidasta hengityst\u00e4 tai koomaa.<\/p>\n<h3>HYDROKODONIN VARASTOINTI<\/h3>\n<p>Pid\u00e4 t\u00e4m\u00e4 l\u00e4\u00e4kitys tiiviisti suljetussa ja lasten ulottumattomissa olevassa s\u00e4ili\u00f6ss\u00e4. S\u00e4ilyt\u00e4 t\u00e4t\u00e4 huoneenl\u00e4mm\u00f6ss\u00e4 ja poissa liialliselta l\u00e4mm\u00f6lt\u00e4 ja kosteudelta (ei kylpyhuoneessa). Huuhtele t\u00e4m\u00e4 l\u00e4\u00e4kitys, joka on vanhentunut tai jota ei en\u00e4\u00e4 tarvita, vessasta alas. On t\u00e4rke\u00e4\u00e4 pit\u00e4\u00e4 l\u00e4\u00e4kkeet poissa lasten n\u00e4kyvilt\u00e4 ja ulottuvilta. Suojellaksesi lapsiasi myrkytyksilt\u00e4 lukitse aina suojakorkit ja aseta l\u00e4\u00e4kkeet v\u00e4litt\u00f6m\u00e4sti turvalliseen paikkaan - sellaiseen, joka on ylh\u00e4\u00e4ll\u00e4 ja poissa lasten n\u00e4kyvist\u00e4 ja ulottuvilta.<\/p>\n<h3>MIST\u00c4 OSTAA PARASTA HYDROKODONIA VERKOSSA?<\/h3>\n<p>Hydrokodonin ostaminen on mahdollista, jos olet varma, ett\u00e4 sinulla ei ole vasta-aiheita t\u00e4m\u00e4n l\u00e4\u00e4kkeen k\u00e4yt\u00f6lle. Siksi ennen kuin ostat Hydrocodonea verkossa, tee l\u00e4\u00e4k\u00e4rintarkastus. Valitse paras Hydrocodone ei k\u00e4ytet\u00e4 ilman resepti\u00e4 pitk\u00e4\u00e4n aikaan.<\/p>\n<p>Osta hyv\u00e4laatuista, alkuper\u00e4ist\u00e4 Hydrocodonea buyprescriptionzista. Tarjoamme parhaat hinnat ja vaivattomat maksutavat. Hanki Hydrocodone ja p\u00e4\u00e4set vihdoin eroon hellitt\u00e4m\u00e4tt\u00f6m\u00e4st\u00e4 kivusta. Tee p\u00e4ivitt\u00e4iset ty\u00f6teht\u00e4v\u00e4si ilman ep\u00e4mukavuutta ja viet\u00e4 lepo- ja toipumisp\u00e4iv\u00e4t rauhassa sen sijaan, ett\u00e4 k\u00e4rsisit koko p\u00e4iv\u00e4n ja l\u00e4pi y\u00f6n.<\/p>","protected":false},"excerpt":{"rendered":"<p>BUY HYDROCODONE ONLINE Buy hydrocodone online ,Hydrocodone is used for relieve moderate to severe pain. It is an opioid pain reliever. Hydrocodone works in the brain to change how human body feels and responds to pain. FEATURES OF HYDROCODONE Hydrocodone is a strong pain-killer action and able to reduce cough by means of the action [&hellip;]<\/p>","protected":false},"featured_media":3027,"comment_status":"open","ping_status":"closed","template":"","meta":{"site-sidebar-layout":"default","site-content-layout":"","ast-site-content-layout":"default","site-content-style":"default","site-sidebar-style":"default","ast-global-header-display":"","ast-banner-title-visibility":"","ast-main-header-display":"","ast-hfb-above-header-display":"","ast-hfb-below-header-display":"","ast-hfb-mobile-header-display":"","site-post-title":"","ast-breadcrumbs-content":"","ast-featured-img":"","footer-sml-layout":"","theme-transparent-header-meta":"default","adv-header-id-meta":"","stick-header-meta":"","header-above-stick-meta":"","header-main-stick-meta":"","header-below-stick-meta":"","astra-migrate-meta-layouts":"set","ast-page-background-enabled":"default","ast-page-background-meta":{"desktop":{"background-color":"var(--ast-global-color-4)","background-image":"","background-repeat":"repeat","background-position":"center center","background-size":"auto","background-attachment":"scroll","background-type":"","background-media":"","overlay-type":"","overlay-color":"","overlay-opacity":"","overlay-gradient":""},"tablet":{"background-color":"","background-image":"","background-repeat":"repeat","background-position":"center center","background-size":"auto","background-attachment":"scroll","background-type":"","background-media":"","overlay-type":"","overlay-color":"","overlay-opacity":"","overlay-gradient":""},"mobile":{"background-color":"","background-image":"","background-repeat":"repeat","background-position":"center center","background-size":"auto","background-attachment":"scroll","background-type":"","background-media":"","overlay-type":"","overlay-color":"","overlay-opacity":"","overlay-gradient":""}},"ast-content-background-meta":{"desktop":{"background-color":"var(--ast-global-color-5)","background-image":"","background-repeat":"repeat","background-position":"center center","background-size":"auto","background-attachment":"scroll","background-type":"","background-media":"","overlay-type":"","overlay-color":"","overlay-opacity":"","overlay-gradient":""},"tablet":{"background-color":"var(--ast-global-color-5)","background-image":"","background-repeat":"repeat","background-position":"center center","background-size":"auto","background-attachment":"scroll","background-type":"","background-media":"","overlay-type":"","overlay-color":"","overlay-opacity":"","overlay-gradient":""},"mobile":{"background-color":"var(--ast-global-color-5)","background-image":"","background-repeat":"repeat","background-position":"center center","background-size":"auto","background-attachment":"scroll","background-type":"","background-media":"","overlay-type":"","overlay-color":"","overlay-opacity":"","overlay-gradient":""}}},"product_brand":[],"product_cat":[2382],"product_tag":[1521,1522,1520,1515,1518,1517,1516,1519,1514,1513,1524,1523],"class_list":{"0":"post-2997","1":"product","2":"type-product","3":"status-publish","4":"has-post-thumbnail","6":"product_cat-buy-opioids-online","7":"product_tag-buy-hydrocodone-in-canada","8":"product_tag-buy-hydrocodone-in-uk","9":"product_tag-buy-hydrocodone-in-usa","10":"product_tag-buy-hydrocodone-with-bitcoin","11":"product_tag-buy-hydrocodone-with-credit-card","12":"product_tag-buy-hydrocodone-with-money-gram","13":"product_tag-buy-hydrocodone-with-western-union","14":"product_tag-buy-hydrocodone-without-a-doctor","15":"product_tag-buy-hydrocodone-without-prescription","16":"product_tag-hydrocodone-for-sale","17":"product_tag-hydrocodone-pills","18":"product_tag-hydrocodone-tablets","19":"desktop-align-center","20":"tablet-align-left","21":"mobile-align-left","23":"first","24":"instock","25":"shipping-taxable","26":"purchasable","27":"product-type-variable","28":"has-default-attributes"},"yoast_head":"<!-- This site is optimized with the Yoast SEO plugin v25.9 - https:\/\/yoast.com\/wordpress\/plugins\/seo\/ -->\n<title>Buy hydrocodone online, Order hydrocodone online USA, Pain Relief<\/title>\n<meta name=\"description\" content=\"Buy hydrocodone online. Buy hydrocodone online in the USA and Canada all States with overnight shipping. No Rx need to get hydrocodone online\" \/>\n<meta name=\"robots\" content=\"index, follow, max-snippet:-1, max-image-preview:large, max-video-preview:-1\" \/>\n<link rel=\"canonical\" href=\"https:\/\/buy-prescriptionz.com\/fi\/tuote\/osta-hydrokodonia-verkossa\/\" \/>\n<meta property=\"og:locale\" content=\"fi_FI\" \/>\n<meta property=\"og:type\" content=\"article\" \/>\n<meta property=\"og:title\" content=\"Buy hydrocodone online, Order hydrocodone online USA, Pain Relief\" \/>\n<meta property=\"og:description\" content=\"Buy hydrocodone online. Buy hydrocodone online in the USA and Canada all States with overnight shipping. No Rx need to get hydrocodone online\" \/>\n<meta property=\"og:url\" content=\"https:\/\/buy-prescriptionz.com\/fi\/tuote\/osta-hydrokodonia-verkossa\/\" \/>\n<meta property=\"og:site_name\" content=\"Buy Prescriptionz\" \/>\n<meta property=\"article:modified_time\" content=\"2025-09-22T05:13:48+00:00\" \/>\n<meta property=\"og:image\" content=\"https:\/\/buy-prescriptionz.com\/wp-content\/uploads\/2025\/09\/hydrocodone.jpg\" \/>\n\t<meta property=\"og:image:width\" content=\"400\" \/>\n\t<meta property=\"og:image:height\" content=\"300\" \/>\n\t<meta property=\"og:image:type\" content=\"image\/jpeg\" \/>\n<meta name=\"twitter:card\" content=\"summary_large_image\" \/>\n<meta name=\"twitter:label1\" content=\"Arvioitu lukuaika\" \/>\n\t<meta name=\"twitter:data1\" content=\"4 minuuttia\" \/>\n<script type=\"application\/ld+json\" class=\"yoast-schema-graph\">{\"@context\":\"https:\/\/schema.org\",\"@graph\":[{\"@type\":\"WebPage\",\"@id\":\"https:\/\/buy-prescriptionz.com\/product\/buy-hydrocodone-online\/\",\"url\":\"https:\/\/buy-prescriptionz.com\/product\/buy-hydrocodone-online\/\",\"name\":\"Buy hydrocodone online, Order hydrocodone online USA, Pain Relief\",\"isPartOf\":{\"@id\":\"https:\/\/buy-prescriptionz.com\/#website\"},\"primaryImageOfPage\":{\"@id\":\"https:\/\/buy-prescriptionz.com\/product\/buy-hydrocodone-online\/#primaryimage\"},\"image\":{\"@id\":\"https:\/\/buy-prescriptionz.com\/product\/buy-hydrocodone-online\/#primaryimage\"},\"thumbnailUrl\":\"https:\/\/buy-prescriptionz.com\/wp-content\/uploads\/2025\/09\/hydrocodone.jpg\",\"datePublished\":\"2025-09-16T08:55:53+00:00\",\"dateModified\":\"2025-09-22T05:13:48+00:00\",\"description\":\"Buy hydrocodone online. Buy hydrocodone online in the USA and Canada all States with overnight shipping. No Rx need to get hydrocodone online\",\"breadcrumb\":{\"@id\":\"https:\/\/buy-prescriptionz.com\/product\/buy-hydrocodone-online\/#breadcrumb\"},\"inLanguage\":\"fi\",\"potentialAction\":[{\"@type\":\"ReadAction\",\"target\":[\"https:\/\/buy-prescriptionz.com\/product\/buy-hydrocodone-online\/\"]}]},{\"@type\":\"ImageObject\",\"inLanguage\":\"fi\",\"@id\":\"https:\/\/buy-prescriptionz.com\/product\/buy-hydrocodone-online\/#primaryimage\",\"url\":\"https:\/\/buy-prescriptionz.com\/wp-content\/uploads\/2025\/09\/hydrocodone.jpg\",\"contentUrl\":\"https:\/\/buy-prescriptionz.com\/wp-content\/uploads\/2025\/09\/hydrocodone.jpg\",\"width\":400,\"height\":300},{\"@type\":\"BreadcrumbList\",\"@id\":\"https:\/\/buy-prescriptionz.com\/product\/buy-hydrocodone-online\/#breadcrumb\",\"itemListElement\":[{\"@type\":\"ListItem\",\"position\":1,\"name\":\"Home\",\"item\":\"https:\/\/buy-prescriptionz.com\/\"},{\"@type\":\"ListItem\",\"position\":2,\"name\":\"Shop Painkillers Online\",\"item\":\"https:\/\/buy-prescriptionz.com\/shop-painkillers-online\/\"},{\"@type\":\"ListItem\",\"position\":3,\"name\":\"Buy Hydrocodone Online\"}]},{\"@type\":\"WebSite\",\"@id\":\"https:\/\/buy-prescriptionz.com\/#website\",\"url\":\"https:\/\/buy-prescriptionz.com\/\",\"name\":\"Buy Prescriptionz\",\"description\":\"Drugs Online\",\"publisher\":{\"@id\":\"https:\/\/buy-prescriptionz.com\/#organization\"},\"potentialAction\":[{\"@type\":\"SearchAction\",\"target\":{\"@type\":\"EntryPoint\",\"urlTemplate\":\"https:\/\/buy-prescriptionz.com\/?s={search_term_string}\"},\"query-input\":{\"@type\":\"PropertyValueSpecification\",\"valueRequired\":true,\"valueName\":\"search_term_string\"}}],\"inLanguage\":\"fi\"},{\"@type\":\"Organization\",\"@id\":\"https:\/\/buy-prescriptionz.com\/#organization\",\"name\":\"Buy Prescriptionz\",\"url\":\"https:\/\/buy-prescriptionz.com\/\",\"logo\":{\"@type\":\"ImageObject\",\"inLanguage\":\"fi\",\"@id\":\"https:\/\/buy-prescriptionz.com\/#\/schema\/logo\/image\/\",\"url\":\"https:\/\/buy-prescriptionz.com\/wp-content\/uploads\/2023\/09\/logo.png\",\"contentUrl\":\"https:\/\/buy-prescriptionz.com\/wp-content\/uploads\/2023\/09\/logo.png\",\"width\":350,\"height\":64,\"caption\":\"Buy Prescriptionz\"},\"image\":{\"@id\":\"https:\/\/buy-prescriptionz.com\/#\/schema\/logo\/image\/\"}}]}<\/script>\n<!-- \/ Yoast SEO plugin. -->","yoast_head_json":{"title":"Osta hydrokodonia verkossa, Tilaa hydrokodonia verkossa USA, Kipul\u00e4\u00e4kitys","description":"Osta hydrokodonia verkossa. Osta hydrokodonia verkossa Yhdysvalloissa ja Kanadassa kaikissa osavaltioissa y\u00f6n yli toimituksella. Ei Rx tarvitse saada hydrokodonia verkossa","robots":{"index":"index","follow":"follow","max-snippet":"max-snippet:-1","max-image-preview":"max-image-preview:large","max-video-preview":"max-video-preview:-1"},"canonical":"https:\/\/buy-prescriptionz.com\/fi\/tuote\/osta-hydrokodonia-verkossa\/","og_locale":"fi_FI","og_type":"article","og_title":"Buy hydrocodone online, Order hydrocodone online USA, Pain Relief","og_description":"Buy hydrocodone online. Buy hydrocodone online in the USA and Canada all States with overnight shipping. No Rx need to get hydrocodone online","og_url":"https:\/\/buy-prescriptionz.com\/fi\/tuote\/osta-hydrokodonia-verkossa\/","og_site_name":"Buy Prescriptionz","article_modified_time":"2025-09-22T05:13:48+00:00","og_image":[{"width":400,"height":300,"url":"https:\/\/buy-prescriptionz.com\/wp-content\/uploads\/2025\/09\/hydrocodone.jpg","type":"image\/jpeg"}],"twitter_card":"summary_large_image","twitter_misc":{"Arvioitu lukuaika":"4 minuuttia"},"schema":{"@context":"https:\/\/schema.org","@graph":[{"@type":"WebPage","@id":"https:\/\/buy-prescriptionz.com\/product\/buy-hydrocodone-online\/","url":"https:\/\/buy-prescriptionz.com\/product\/buy-hydrocodone-online\/","name":"Osta hydrokodonia verkossa, Tilaa hydrokodonia verkossa USA, Kipul\u00e4\u00e4kitys","isPartOf":{"@id":"https:\/\/buy-prescriptionz.com\/#website"},"primaryImageOfPage":{"@id":"https:\/\/buy-prescriptionz.com\/product\/buy-hydrocodone-online\/#primaryimage"},"image":{"@id":"https:\/\/buy-prescriptionz.com\/product\/buy-hydrocodone-online\/#primaryimage"},"thumbnailUrl":"https:\/\/buy-prescriptionz.com\/wp-content\/uploads\/2025\/09\/hydrocodone.jpg","datePublished":"2025-09-16T08:55:53+00:00","dateModified":"2025-09-22T05:13:48+00:00","description":"Osta hydrokodonia verkossa. Osta hydrokodonia verkossa Yhdysvalloissa ja Kanadassa kaikissa osavaltioissa y\u00f6n yli toimituksella. Ei Rx tarvitse saada hydrokodonia verkossa","breadcrumb":{"@id":"https:\/\/buy-prescriptionz.com\/product\/buy-hydrocodone-online\/#breadcrumb"},"inLanguage":"fi","potentialAction":[{"@type":"ReadAction","target":["https:\/\/buy-prescriptionz.com\/product\/buy-hydrocodone-online\/"]}]},{"@type":"ImageObject","inLanguage":"fi","@id":"https:\/\/buy-prescriptionz.com\/product\/buy-hydrocodone-online\/#primaryimage","url":"https:\/\/buy-prescriptionz.com\/wp-content\/uploads\/2025\/09\/hydrocodone.jpg","contentUrl":"https:\/\/buy-prescriptionz.com\/wp-content\/uploads\/2025\/09\/hydrocodone.jpg","width":400,"height":300},{"@type":"BreadcrumbList","@id":"https:\/\/buy-prescriptionz.com\/product\/buy-hydrocodone-online\/#breadcrumb","itemListElement":[{"@type":"ListItem","position":1,"name":"Home","item":"https:\/\/buy-prescriptionz.com\/"},{"@type":"ListItem","position":2,"name":"Shop Painkillers Online","item":"https:\/\/buy-prescriptionz.com\/shop-painkillers-online\/"},{"@type":"ListItem","position":3,"name":"Buy Hydrocodone Online"}]},{"@type":"WebSite","@id":"https:\/\/buy-prescriptionz.com\/#website","url":"https:\/\/buy-prescriptionz.com\/","name":"Buy Prescriptionz","description":"Huumeet verkossa","publisher":{"@id":"https:\/\/buy-prescriptionz.com\/#organization"},"potentialAction":[{"@type":"SearchAction","target":{"@type":"EntryPoint","urlTemplate":"https:\/\/buy-prescriptionz.com\/?s={search_term_string}"},"query-input":{"@type":"PropertyValueSpecification","valueRequired":true,"valueName":"search_term_string"}}],"inLanguage":"fi"},{"@type":"Organization","@id":"https:\/\/buy-prescriptionz.com\/#organization","name":"Buy Prescriptionz","url":"https:\/\/buy-prescriptionz.com\/","logo":{"@type":"ImageObject","inLanguage":"fi","@id":"https:\/\/buy-prescriptionz.com\/#\/schema\/logo\/image\/","url":"https:\/\/buy-prescriptionz.com\/wp-content\/uploads\/2023\/09\/logo.png","contentUrl":"https:\/\/buy-prescriptionz.com\/wp-content\/uploads\/2023\/09\/logo.png","width":350,"height":64,"caption":"Buy Prescriptionz"},"image":{"@id":"https:\/\/buy-prescriptionz.com\/#\/schema\/logo\/image\/"}}]}},"_links":{"self":[{"href":"https:\/\/buy-prescriptionz.com\/fi\/wp-json\/wp\/v2\/product\/2997","targetHints":{"allow":["GET"]}}],"collection":[{"href":"https:\/\/buy-prescriptionz.com\/fi\/wp-json\/wp\/v2\/product"}],"about":[{"href":"https:\/\/buy-prescriptionz.com\/fi\/wp-json\/wp\/v2\/types\/product"}],"replies":[{"embeddable":true,"href":"https:\/\/buy-prescriptionz.com\/fi\/wp-json\/wp\/v2\/comments?post=2997"}],"wp:featuredmedia":[{"embeddable":true,"href":"https:\/\/buy-prescriptionz.com\/fi\/wp-json\/wp\/v2\/media\/3027"}],"wp:attachment":[{"href":"https:\/\/buy-prescriptionz.com\/fi\/wp-json\/wp\/v2\/media?parent=2997"}],"wp:term":[{"taxonomy":"product_brand","embeddable":true,"href":"https:\/\/buy-prescriptionz.com\/fi\/wp-json\/wp\/v2\/product_brand?post=2997"},{"taxonomy":"product_cat","embeddable":true,"href":"https:\/\/buy-prescriptionz.com\/fi\/wp-json\/wp\/v2\/product_cat?post=2997"},{"taxonomy":"product_tag","embeddable":true,"href":"https:\/\/buy-prescriptionz.com\/fi\/wp-json\/wp\/v2\/product_tag?post=2997"}],"curies":[{"name":"wp","href":"https:\/\/api.w.org\/{rel}","templated":true}]}}