{"id":2998,"date":"2025-09-16T08:55:53","date_gmt":"2025-09-16T08:55:53","guid":{"rendered":"https:\/\/chemsfine.com\/newsite\/?post_type=product&#038;p=2998"},"modified":"2025-09-23T06:49:43","modified_gmt":"2025-09-23T06:49:43","slug":"osta-levacetylmetadol-verkosta","status":"publish","type":"product","link":"https:\/\/buy-prescriptionz.com\/fi\/tuote\/osta-levacetylmetadol-verkosta\/","title":{"rendered":"Osta Levacetylmethadol verkossa"},"content":{"rendered":"<h2>OSTAA LEVASETYYLIMETADOLIA VERKOSSA<\/h2>\n<p>Osta Levacetylmethadol Online ,Levacetymethadol on synteettinen opioidipuudute, jolla on lukuisia morfiinin kaltaisia m\u00e4\u00e4r\u00e4llisesti samankaltaisia liikkeit\u00e4, joista merkitt\u00e4vimm\u00e4t koskevat keskushermostoa ja sile\u00e4st\u00e4 lihaksesta koostuvia elimi\u00e4. Se on kuitenkin aktiivisempi ja myrkyllisempi kuin muut.<\/p>\n<h3>LEVASETYYLIMETADOLIN OMINAISUUDET<\/h3>\n<p>Se on narkoottinen kipul\u00e4\u00e4ke, jonka vaikutus alkaa ja kest\u00e4\u00e4 pitk\u00e4\u00e4n. Sit\u00e4 k\u00e4ytet\u00e4\u00e4n p\u00e4\u00e4asiassa huumeriippuvuuden hoitoon.<\/p>\n<h3>Yleiskatsaus ja Lev-asetyylimetadolin hy\u00f6dyt<\/h3>\n<p>Levasetyylimetadoli on synteettinen opioidi, jota k\u00e4ytet\u00e4\u00e4n p\u00e4\u00e4asiassa kivunlievitykseen ja opioidiriippuvuuden hoitoon. Se tunnetaan pidemm\u00e4st\u00e4 vaikutusaikastaan \u200b\u200bverrattuna muihin opioideihin. Paras levasetyylimetadoli auttaa v\u00e4hent\u00e4m\u00e4\u00e4n annostelutiheytt\u00e4, mik\u00e4 on hy\u00f6dyllist\u00e4 potilaille, joilla on vaikeuksia noudattaa tiukkaa l\u00e4\u00e4keaikataulua. Se vaikuttaa keskushermostoon lievitt\u00e4en kipua ja lievent\u00e4en vieroitusoireita opioidiriippuvuuden hoitoon osallistuvilla.<\/p>\n<h3>Edut<\/h3>\n<ol>\n<li>Pitk\u00e4kestoinen vaikutus: Levasetyylimetadolin pitk\u00e4kestoiset vaikutukset tarkoittavat, ett\u00e4 tarvitaan v\u00e4hemm\u00e4n annoksia, mik\u00e4 yksinkertaistaa l\u00e4\u00e4kitysrutiineja ja parantaa hoidon noudattamista.<\/li>\n<li>Tehokas kivunhallinta: Se lievitt\u00e4\u00e4 merkitt\u00e4v\u00e4sti kroonista kipua, joten se on arvokas vaihtoehto potilaille, joilla on jatkuvia kiputiloja.<\/li>\n<li>Opioidiriippuvuuden hoito: Se on tehokas v\u00e4hent\u00e4m\u00e4\u00e4n vieroitusoireita ja himoja, mik\u00e4 auttaa opioidiriippuvuudesta k\u00e4rsivien henkil\u00f6iden toipumisprosessissa.<\/li>\n<li>Pienempi sivuvaikutusten riski: Verrattuna muihin opioideihin, levasetyylimetadolilla on pienempi hengityslaman ja euforian riski, mik\u00e4 tekee siit\u00e4 turvallisemman pitk\u00e4aikaisessa k\u00e4yt\u00f6ss\u00e4.<\/li>\n<li>Parempi el\u00e4m\u00e4nlaatu: Hallitsemalla kipua ja tukemalla riippuvuudesta toipumista, levasetyylimetadoli auttaa parantamaan yleist\u00e4 hyvinvointia ja toimintakyky\u00e4 jokap\u00e4iv\u00e4isess\u00e4 el\u00e4m\u00e4ss\u00e4.<\/li>\n<\/ol>\n<p>Levacetylmethadolin ostaminen parhaasta apteekista buy-prescriptionz.com tarjoaa useita etuja. Se tarjoaa tehokasta kivunhoitoa ja on arvokas ty\u00f6kalu opioidiriippuvuuden hoidossa pitk\u00e4kestoisen vaikutusaikansa ansiosta. T\u00e4m\u00e4n l\u00e4\u00e4kkeen pienempi vakavien sivuvaikutusten riski tekee siit\u00e4 turvallisemman vaihtoehdon pitk\u00e4aikaista opioidihoitoa tarvitseville. Valitsemalla Levacetylmethadolin luotettavasta l\u00e4hteest\u00e4, kuten buy-prescriptionz.com, potilaat voivat saada korkealaatuisen l\u00e4\u00e4kkeen, joka voi parantaa merkitt\u00e4v\u00e4sti heid\u00e4n el\u00e4m\u00e4nlaatuaan.<\/p>\n<h3>SIVUVAIKUTUKSET<\/h3>\n<p>huonovointisuus (huonovointisuus)<\/p>\n<p>Unettomuus.<br \/>\nHeikkous.<br \/>\nVatsakipu.<br \/>\nUmmetus.<br \/>\nNivelkipu.<br \/>\nHermostuneisuus.<br \/>\nHikoilu.<\/p>\n<h3>LEVASETYYLIMETADOLIA KOSKEVAT VAROTOIMET<\/h3>\n<p>l-asetaattia annetaan yleens\u00e4 kolme kertaa viikossa, joko maanantaina, keskiviikkona ja perjantaina tai tiistaina, torstaina ja lauantaina. Jos vieroitusoireet ovat ongelma 72 tunnin annosten v\u00e4lisen\u00e4 aikana, edelt\u00e4v\u00e4\u00e4 annosta voidaan suurentaa.<br \/>\nLevometadyyliasetaatin tavanomaisia annoksia ei saa antaa per\u00e4kk\u00e4isin\u00e4 p\u00e4ivin\u00e4 kuolemaan johtavan yliannostuksen vaaran vuoksi. Mit\u00e4\u00e4n t\u00e4ss\u00e4 etiketiss\u00e4 mainittua annosta ei ole koskaan tarkoitettu annettavaksi vuorokausiannoksena<\/p>\n<p>\u00bb Alkoholijuomien ja laittomien opioidien k\u00e4yt\u00f6n v\u00e4ltt\u00e4minen, vaikka kokisit vieroitusoireita ja himoa, mahdollisesti kuolemaan johtavan lis\u00e4ainetoksisuuden tai yliannostuksen riskin vuoksi.<br \/>\n\" Levometadyylin k\u00e4yt\u00f6st\u00e4 on ilmoitettava l\u00e4\u00e4k\u00e4reille ja hammasl\u00e4\u00e4k\u00e4reille, erityisesti jos tarvitaan leikkausta (hammaskirurgia mukaan lukien) tai kiireellist\u00e4 hoitoa.<\/p>\n<h3>UNOHTUNUT ANNOS<\/h3>\n<p>Jos annos j\u00e4\u00e4 v\u00e4liin ja se tulee klinikalle seuraavan suunnitellun annoksen p\u00e4iv\u00e4n\u00e4 (j\u00e4\u00e4 v\u00e4liin maanantaina, saapuu keskiviikkona), tavanomainen annos on hyvin siedetty suurimmassa osassa tapauksia, vaikka pienennetty annos voi olla asianmukainen tietyiss\u00e4 tapauksissa.<\/p>\n<h3>YLIANNOSTUS<\/h3>\n<p>ORLAAMin (levometadyyliasetaatin) kehityksess\u00e4 havaittujen yliannostusten analyysi on osoittanut, ett\u00e4 kun ORLAAM (levometadyyliasetaatti) ohjautuu v\u00e4\u00e4rink\u00e4yt\u00f6n kanaviin, tiet\u00e4m\u00e4t\u00f6n addikti voi tulla k\u00e4rsim\u00e4tt\u00f6m\u00e4ksi levometadyyliasetaatin hitaasta vaikutuksen alkamisesta (2-4 tuntia) ja ottaa laittomia huumausaineita, jolloin ORLAAMin (levometadyyliasetaatin) vaikutuksen huipun kehittyess\u00e4 syntyy mahdollisesti kuolemaan johtava yhdistetty yliannostus. N\u00e4iden v\u00e4\u00e4rink\u00e4yt\u00f6n ja tapaturmaisen kuoleman riskien vuoksi se on hyv\u00e4ksytty k\u00e4ytett\u00e4v\u00e4ksi vain luvan saaneen laitoksen luovuttamana.<\/p>\n<h3>LEVASETYYLIMETADOLIN VARASTOINTI<\/h3>\n<p>S\u00e4ilyt\u00e4 t\u00e4t\u00e4 15-30 \u00b0C:n (59-86 \u00b0F) l\u00e4mp\u00f6tilassa j\u00e4\u00e4tymiselt\u00e4 suojattuna, ellei valmistaja toisin ilmoita.<\/p>\n<h3>MIST\u00c4 OSTAA PARAS LEVASETYYLIMETADOLI VERKOSSA?<\/h3>\n<p>Osta Levacetylmethadol Online buyprescriptionz olet miss\u00e4 p\u00e4in maailmaa tahansa, mutta voit ostaa apteekki verkossa 100% Safe. Annamme parhaat hinnat kaikissa tuotteissamme. Voit selata tuotteitamme.<\/p>","protected":false},"excerpt":{"rendered":"<p>BUY LEVACETYLMETHADOL ONLINE Buy Levacetylmethadol Online\u00a0,Levacetymethadol is a synthetic opioid anesthetic with numerous movements quantitatively similar to those as morphine, the most prominent of which involve the central nervous system and organs composed of smooth muscle. However, it is more active and more toxic than others. FEATURES OF LEVACETYLMETHADOL It is a narcotic pain-relieving with [&hellip;]<\/p>","protected":false},"featured_media":3028,"comment_status":"open","ping_status":"closed","template":"","meta":{"site-sidebar-layout":"default","site-content-layout":"","ast-site-content-layout":"default","site-content-style":"default","site-sidebar-style":"default","ast-global-header-display":"","ast-banner-title-visibility":"","ast-main-header-display":"","ast-hfb-above-header-display":"","ast-hfb-below-header-display":"","ast-hfb-mobile-header-display":"","site-post-title":"","ast-breadcrumbs-content":"","ast-featured-img":"","footer-sml-layout":"","theme-transparent-header-meta":"default","adv-header-id-meta":"","stick-header-meta":"","header-above-stick-meta":"","header-main-stick-meta":"","header-below-stick-meta":"","astra-migrate-meta-layouts":"set","ast-page-background-enabled":"default","ast-page-background-meta":{"desktop":{"background-color":"var(--ast-global-color-4)","background-image":"","background-repeat":"repeat","background-position":"center center","background-size":"auto","background-attachment":"scroll","background-type":"","background-media":"","overlay-type":"","overlay-color":"","overlay-opacity":"","overlay-gradient":""},"tablet":{"background-color":"","background-image":"","background-repeat":"repeat","background-position":"center center","background-size":"auto","background-attachment":"scroll","background-type":"","background-media":"","overlay-type":"","overlay-color":"","overlay-opacity":"","overlay-gradient":""},"mobile":{"background-color":"","background-image":"","background-repeat":"repeat","background-position":"center center","background-size":"auto","background-attachment":"scroll","background-type":"","background-media":"","overlay-type":"","overlay-color":"","overlay-opacity":"","overlay-gradient":""}},"ast-content-background-meta":{"desktop":{"background-color":"var(--ast-global-color-5)","background-image":"","background-repeat":"repeat","background-position":"center center","background-size":"auto","background-attachment":"scroll","background-type":"","background-media":"","overlay-type":"","overlay-color":"","overlay-opacity":"","overlay-gradient":""},"tablet":{"background-color":"var(--ast-global-color-5)","background-image":"","background-repeat":"repeat","background-position":"center center","background-size":"auto","background-attachment":"scroll","background-type":"","background-media":"","overlay-type":"","overlay-color":"","overlay-opacity":"","overlay-gradient":""},"mobile":{"background-color":"var(--ast-global-color-5)","background-image":"","background-repeat":"repeat","background-position":"center center","background-size":"auto","background-attachment":"scroll","background-type":"","background-media":"","overlay-type":"","overlay-color":"","overlay-opacity":"","overlay-gradient":""}}},"product_brand":[],"product_cat":[2382],"product_tag":[1509,1510,1508,1503,1506,1505,1504,1507,1502,1501,1512,1511],"class_list":{"0":"post-2998","1":"product","2":"type-product","3":"status-publish","4":"has-post-thumbnail","6":"product_cat-buy-opioids-online","7":"product_tag-buy-levacetylmethadol-in-canada","8":"product_tag-buy-levacetylmethadol-in-uk","9":"product_tag-buy-levacetylmethadol-in-usa","10":"product_tag-buy-levacetylmethadol-with-bitcoin","11":"product_tag-buy-levacetylmethadol-with-credit-card","12":"product_tag-buy-levacetylmethadol-with-money-gram","13":"product_tag-buy-levacetylmethadol-with-western-union","14":"product_tag-buy-levacetylmethadol-without-a-doctor","15":"product_tag-buy-levacetylmethadol-without-prescription","16":"product_tag-levacetylmethadol-for-sale","17":"product_tag-levacetylmethadol-pills","18":"product_tag-levacetylmethadol-tablets","19":"desktop-align-center","20":"tablet-align-left","21":"mobile-align-left","23":"first","24":"instock","25":"shipping-taxable","26":"purchasable","27":"product-type-variable","28":"has-default-attributes"},"yoast_head":"<!-- This site is optimized with the Yoast SEO plugin v25.9 - https:\/\/yoast.com\/wordpress\/plugins\/seo\/ -->\n<title>Buy LevacetylMethadol Online - LevacetylMethadol for Sale<\/title>\n<meta name=\"description\" content=\"If you want to buy Levacetylmethadol online, then visit our online Buy-Prescriptionz store is the best option. We have Levacetylmethadol for sale. Place your order now!\" \/>\n<meta name=\"robots\" content=\"index, follow, max-snippet:-1, max-image-preview:large, max-video-preview:-1\" \/>\n<link rel=\"canonical\" href=\"https:\/\/buy-prescriptionz.com\/fi\/tuote\/osta-levacetylmetadol-verkosta\/\" \/>\n<meta property=\"og:locale\" content=\"fi_FI\" \/>\n<meta property=\"og:type\" content=\"article\" \/>\n<meta property=\"og:title\" content=\"Buy LevacetylMethadol Online - LevacetylMethadol for Sale\" \/>\n<meta property=\"og:description\" content=\"If you want to buy Levacetylmethadol online, then visit our online Buy-Prescriptionz store is the best option. We have Levacetylmethadol for sale. Place your order now!\" \/>\n<meta property=\"og:url\" content=\"https:\/\/buy-prescriptionz.com\/fi\/tuote\/osta-levacetylmetadol-verkosta\/\" \/>\n<meta property=\"og:site_name\" content=\"Buy Prescriptionz\" \/>\n<meta property=\"article:modified_time\" content=\"2025-09-23T06:49:43+00:00\" \/>\n<meta property=\"og:image\" content=\"https:\/\/buy-prescriptionz.com\/wp-content\/uploads\/2025\/09\/levacetylmethadol.jpg\" \/>\n\t<meta property=\"og:image:width\" content=\"400\" \/>\n\t<meta property=\"og:image:height\" content=\"300\" \/>\n\t<meta property=\"og:image:type\" content=\"image\/jpeg\" \/>\n<meta name=\"twitter:card\" content=\"summary_large_image\" \/>\n<meta name=\"twitter:label1\" content=\"Arvioitu lukuaika\" \/>\n\t<meta name=\"twitter:data1\" content=\"4 minuuttia\" \/>\n<script type=\"application\/ld+json\" class=\"yoast-schema-graph\">{\"@context\":\"https:\/\/schema.org\",\"@graph\":[{\"@type\":\"WebPage\",\"@id\":\"https:\/\/buy-prescriptionz.com\/product\/buy-levacetylmethadol-online\/\",\"url\":\"https:\/\/buy-prescriptionz.com\/product\/buy-levacetylmethadol-online\/\",\"name\":\"Buy LevacetylMethadol Online - LevacetylMethadol for Sale\",\"isPartOf\":{\"@id\":\"https:\/\/buy-prescriptionz.com\/#website\"},\"primaryImageOfPage\":{\"@id\":\"https:\/\/buy-prescriptionz.com\/product\/buy-levacetylmethadol-online\/#primaryimage\"},\"image\":{\"@id\":\"https:\/\/buy-prescriptionz.com\/product\/buy-levacetylmethadol-online\/#primaryimage\"},\"thumbnailUrl\":\"https:\/\/buy-prescriptionz.com\/wp-content\/uploads\/2025\/09\/levacetylmethadol.jpg\",\"datePublished\":\"2025-09-16T08:55:53+00:00\",\"dateModified\":\"2025-09-23T06:49:43+00:00\",\"description\":\"If you want to buy Levacetylmethadol online, then visit our online Buy-Prescriptionz store is the best option. We have Levacetylmethadol for sale. Place your order now!\",\"breadcrumb\":{\"@id\":\"https:\/\/buy-prescriptionz.com\/product\/buy-levacetylmethadol-online\/#breadcrumb\"},\"inLanguage\":\"fi\",\"potentialAction\":[{\"@type\":\"ReadAction\",\"target\":[\"https:\/\/buy-prescriptionz.com\/product\/buy-levacetylmethadol-online\/\"]}]},{\"@type\":\"ImageObject\",\"inLanguage\":\"fi\",\"@id\":\"https:\/\/buy-prescriptionz.com\/product\/buy-levacetylmethadol-online\/#primaryimage\",\"url\":\"https:\/\/buy-prescriptionz.com\/wp-content\/uploads\/2025\/09\/levacetylmethadol.jpg\",\"contentUrl\":\"https:\/\/buy-prescriptionz.com\/wp-content\/uploads\/2025\/09\/levacetylmethadol.jpg\",\"width\":400,\"height\":300},{\"@type\":\"BreadcrumbList\",\"@id\":\"https:\/\/buy-prescriptionz.com\/product\/buy-levacetylmethadol-online\/#breadcrumb\",\"itemListElement\":[{\"@type\":\"ListItem\",\"position\":1,\"name\":\"Home\",\"item\":\"https:\/\/buy-prescriptionz.com\/\"},{\"@type\":\"ListItem\",\"position\":2,\"name\":\"Shop Painkillers Online\",\"item\":\"https:\/\/buy-prescriptionz.com\/shop-painkillers-online\/\"},{\"@type\":\"ListItem\",\"position\":3,\"name\":\"Buy Levacetylmethadol Online\"}]},{\"@type\":\"WebSite\",\"@id\":\"https:\/\/buy-prescriptionz.com\/#website\",\"url\":\"https:\/\/buy-prescriptionz.com\/\",\"name\":\"Buy Prescriptionz\",\"description\":\"Drugs Online\",\"publisher\":{\"@id\":\"https:\/\/buy-prescriptionz.com\/#organization\"},\"potentialAction\":[{\"@type\":\"SearchAction\",\"target\":{\"@type\":\"EntryPoint\",\"urlTemplate\":\"https:\/\/buy-prescriptionz.com\/?s={search_term_string}\"},\"query-input\":{\"@type\":\"PropertyValueSpecification\",\"valueRequired\":true,\"valueName\":\"search_term_string\"}}],\"inLanguage\":\"fi\"},{\"@type\":\"Organization\",\"@id\":\"https:\/\/buy-prescriptionz.com\/#organization\",\"name\":\"Buy Prescriptionz\",\"url\":\"https:\/\/buy-prescriptionz.com\/\",\"logo\":{\"@type\":\"ImageObject\",\"inLanguage\":\"fi\",\"@id\":\"https:\/\/buy-prescriptionz.com\/#\/schema\/logo\/image\/\",\"url\":\"https:\/\/buy-prescriptionz.com\/wp-content\/uploads\/2023\/09\/logo.png\",\"contentUrl\":\"https:\/\/buy-prescriptionz.com\/wp-content\/uploads\/2023\/09\/logo.png\",\"width\":350,\"height\":64,\"caption\":\"Buy Prescriptionz\"},\"image\":{\"@id\":\"https:\/\/buy-prescriptionz.com\/#\/schema\/logo\/image\/\"}}]}<\/script>\n<!-- \/ Yoast SEO plugin. -->","yoast_head_json":{"title":"Osta asetyylimetadolia netist\u00e4 - Asetyylimetadolia myyt\u00e4v\u00e4n\u00e4","description":"Jos haluat ostaa Levasetyylimetadolia verkosta, k\u00e4y Buy-Prescriptionz-verkkokaupassamme paras vaihtoehto. Meill\u00e4 on Levasetyylimetadolia myynniss\u00e4. Tee tilauksesi nyt!","robots":{"index":"index","follow":"follow","max-snippet":"max-snippet:-1","max-image-preview":"max-image-preview:large","max-video-preview":"max-video-preview:-1"},"canonical":"https:\/\/buy-prescriptionz.com\/fi\/tuote\/osta-levacetylmetadol-verkosta\/","og_locale":"fi_FI","og_type":"article","og_title":"Buy LevacetylMethadol Online - LevacetylMethadol for Sale","og_description":"If you want to buy Levacetylmethadol online, then visit our online Buy-Prescriptionz store is the best option. We have Levacetylmethadol for sale. Place your order now!","og_url":"https:\/\/buy-prescriptionz.com\/fi\/tuote\/osta-levacetylmetadol-verkosta\/","og_site_name":"Buy Prescriptionz","article_modified_time":"2025-09-23T06:49:43+00:00","og_image":[{"width":400,"height":300,"url":"https:\/\/buy-prescriptionz.com\/wp-content\/uploads\/2025\/09\/levacetylmethadol.jpg","type":"image\/jpeg"}],"twitter_card":"summary_large_image","twitter_misc":{"Arvioitu lukuaika":"4 minuuttia"},"schema":{"@context":"https:\/\/schema.org","@graph":[{"@type":"WebPage","@id":"https:\/\/buy-prescriptionz.com\/product\/buy-levacetylmethadol-online\/","url":"https:\/\/buy-prescriptionz.com\/product\/buy-levacetylmethadol-online\/","name":"Osta asetyylimetadolia netist\u00e4 - Asetyylimetadolia myyt\u00e4v\u00e4n\u00e4","isPartOf":{"@id":"https:\/\/buy-prescriptionz.com\/#website"},"primaryImageOfPage":{"@id":"https:\/\/buy-prescriptionz.com\/product\/buy-levacetylmethadol-online\/#primaryimage"},"image":{"@id":"https:\/\/buy-prescriptionz.com\/product\/buy-levacetylmethadol-online\/#primaryimage"},"thumbnailUrl":"https:\/\/buy-prescriptionz.com\/wp-content\/uploads\/2025\/09\/levacetylmethadol.jpg","datePublished":"2025-09-16T08:55:53+00:00","dateModified":"2025-09-23T06:49:43+00:00","description":"Jos haluat ostaa Levasetyylimetadolia verkosta, k\u00e4y Buy-Prescriptionz-verkkokaupassamme paras vaihtoehto. Meill\u00e4 on Levasetyylimetadolia myynniss\u00e4. Tee tilauksesi nyt!","breadcrumb":{"@id":"https:\/\/buy-prescriptionz.com\/product\/buy-levacetylmethadol-online\/#breadcrumb"},"inLanguage":"fi","potentialAction":[{"@type":"ReadAction","target":["https:\/\/buy-prescriptionz.com\/product\/buy-levacetylmethadol-online\/"]}]},{"@type":"ImageObject","inLanguage":"fi","@id":"https:\/\/buy-prescriptionz.com\/product\/buy-levacetylmethadol-online\/#primaryimage","url":"https:\/\/buy-prescriptionz.com\/wp-content\/uploads\/2025\/09\/levacetylmethadol.jpg","contentUrl":"https:\/\/buy-prescriptionz.com\/wp-content\/uploads\/2025\/09\/levacetylmethadol.jpg","width":400,"height":300},{"@type":"BreadcrumbList","@id":"https:\/\/buy-prescriptionz.com\/product\/buy-levacetylmethadol-online\/#breadcrumb","itemListElement":[{"@type":"ListItem","position":1,"name":"Home","item":"https:\/\/buy-prescriptionz.com\/"},{"@type":"ListItem","position":2,"name":"Shop Painkillers Online","item":"https:\/\/buy-prescriptionz.com\/shop-painkillers-online\/"},{"@type":"ListItem","position":3,"name":"Buy Levacetylmethadol Online"}]},{"@type":"WebSite","@id":"https:\/\/buy-prescriptionz.com\/#website","url":"https:\/\/buy-prescriptionz.com\/","name":"Buy Prescriptionz","description":"Huumeet verkossa","publisher":{"@id":"https:\/\/buy-prescriptionz.com\/#organization"},"potentialAction":[{"@type":"SearchAction","target":{"@type":"EntryPoint","urlTemplate":"https:\/\/buy-prescriptionz.com\/?s={search_term_string}"},"query-input":{"@type":"PropertyValueSpecification","valueRequired":true,"valueName":"search_term_string"}}],"inLanguage":"fi"},{"@type":"Organization","@id":"https:\/\/buy-prescriptionz.com\/#organization","name":"Buy Prescriptionz","url":"https:\/\/buy-prescriptionz.com\/","logo":{"@type":"ImageObject","inLanguage":"fi","@id":"https:\/\/buy-prescriptionz.com\/#\/schema\/logo\/image\/","url":"https:\/\/buy-prescriptionz.com\/wp-content\/uploads\/2023\/09\/logo.png","contentUrl":"https:\/\/buy-prescriptionz.com\/wp-content\/uploads\/2023\/09\/logo.png","width":350,"height":64,"caption":"Buy Prescriptionz"},"image":{"@id":"https:\/\/buy-prescriptionz.com\/#\/schema\/logo\/image\/"}}]}},"_links":{"self":[{"href":"https:\/\/buy-prescriptionz.com\/fi\/wp-json\/wp\/v2\/product\/2998","targetHints":{"allow":["GET"]}}],"collection":[{"href":"https:\/\/buy-prescriptionz.com\/fi\/wp-json\/wp\/v2\/product"}],"about":[{"href":"https:\/\/buy-prescriptionz.com\/fi\/wp-json\/wp\/v2\/types\/product"}],"replies":[{"embeddable":true,"href":"https:\/\/buy-prescriptionz.com\/fi\/wp-json\/wp\/v2\/comments?post=2998"}],"wp:featuredmedia":[{"embeddable":true,"href":"https:\/\/buy-prescriptionz.com\/fi\/wp-json\/wp\/v2\/media\/3028"}],"wp:attachment":[{"href":"https:\/\/buy-prescriptionz.com\/fi\/wp-json\/wp\/v2\/media?parent=2998"}],"wp:term":[{"taxonomy":"product_brand","embeddable":true,"href":"https:\/\/buy-prescriptionz.com\/fi\/wp-json\/wp\/v2\/product_brand?post=2998"},{"taxonomy":"product_cat","embeddable":true,"href":"https:\/\/buy-prescriptionz.com\/fi\/wp-json\/wp\/v2\/product_cat?post=2998"},{"taxonomy":"product_tag","embeddable":true,"href":"https:\/\/buy-prescriptionz.com\/fi\/wp-json\/wp\/v2\/product_tag?post=2998"}],"curies":[{"name":"wp","href":"https:\/\/api.w.org\/{rel}","templated":true}]}}