{"id":2999,"date":"2025-09-16T08:55:53","date_gmt":"2025-09-16T08:55:53","guid":{"rendered":"https:\/\/chemsfine.com\/newsite\/?post_type=product&#038;p=2999"},"modified":"2025-09-23T07:02:45","modified_gmt":"2025-09-23T07:02:45","slug":"osta-metadonia-verkossa","status":"publish","type":"product","link":"https:\/\/buy-prescriptionz.com\/fi\/tuote\/osta-metadonia-verkossa\/","title":{"rendered":"Osta metadonia verkossa"},"content":{"rendered":"<h2>OSTAA METADONIA VERKOSSA<\/h2>\n<p>Metadoni kuuluu opiaattianalgeettien ryhm\u00e4\u00e4n. Se voi toimia opiaattiriippuvaisten henkil\u00f6iden hoidossa tuottamalla samanlaisia vaikutuksia ja ehk\u00e4isem\u00e4ll\u00e4 vieroitusoireita henkil\u00f6ill\u00e4, jotka ovat lopettaneet n\u00e4iden huumeiden k\u00e4yt\u00f6n.<\/p>\n<h3>LEVASETYYLIMETADOLIN OMINAISUUDET<\/h3>\n<p>Metadoni vaikuttaa muuttamalla aivojen ja hermoston reagointia kipuun. Se lievitt\u00e4\u00e4 opiaattien uuttamisen aiheuttamia kivuliaita oireita ja est\u00e4\u00e4 opiaattil\u00e4\u00e4kkeiden, kuten heroiinin, morfiinin ja kodeiinin, sek\u00e4 puolisynteettisten opioidien, kuten oksikodonin ja hydrokodonin, innostavia vaikutuksia.<\/p>\n<h3>Osta metadonia verkossa<\/h3>\n<p>Metadoni on synteettinen opioidi, jota k\u00e4ytet\u00e4\u00e4n ensisijaisesti kivunlievitykseen ja osana l\u00e4\u00e4kehoitoa opioidien k\u00e4ytt\u00f6h\u00e4iri\u00f6n hoidossa. Se toimii muuttamalla tapaa, jolla aivot ja hermosto reagoivat kipuun, ja est\u00e4m\u00e4ll\u00e4 muiden opioidien euforisia vaikutuksia. T\u00e4m\u00e4 tekee siit\u00e4 olennaisen ty\u00f6kalun opioidiriippuvuuden hoidossa. Metadoni tunnetaan pitk\u00e4kestoisista vaikutuksistaan, jotka auttavat v\u00e4hent\u00e4m\u00e4\u00e4n himoa ja vieroitusoireita, jolloin yksil\u00f6t voivat keskitty\u00e4 toipumiseen.<\/p>\n<h3>Edut<\/h3>\n<ol>\n<li>Tehokas kivunhallinta: Se lievitt\u00e4\u00e4 merkitt\u00e4v\u00e4sti kroonista kipua, joten se on arvokas vaihtoehto potilaille, joilla on jatkuvia kiputiloja.<\/li>\n<li>Opioidiriippuvuuden hoito: Se on tehokas v\u00e4hent\u00e4m\u00e4\u00e4n vieroitusoireita ja himoja, mik\u00e4 auttaa opioidiriippuvuudesta k\u00e4rsivien henkil\u00f6iden toipumisprosessissa.<\/li>\n<li>Pitk\u00e4kestoiset vaikutukset: Metadonin pitk\u00e4aikainen vaikutusaika mahdollistaa harvemman annostelun, mik\u00e4 yksinkertaistaa l\u00e4\u00e4kitysaikatauluja ja parantaa hoidon noudattamista.<\/li>\n<li>Euforian v\u00e4heneminen: Verrattuna muihin opioideihin metadonilla on pienempi euforian aiheuttamisen potentiaali, mik\u00e4 v\u00e4hent\u00e4\u00e4 v\u00e4\u00e4rink\u00e4yt\u00f6n ja riippuvuuden riski\u00e4.<\/li>\n<li>Parempi el\u00e4m\u00e4nlaatu: Hallitsemalla kipua ja tukemalla riippuvuudesta toipumista, levasetyylimetadoli auttaa parantamaan yleist\u00e4 hyvinvointia ja toimintakyky\u00e4 jokap\u00e4iv\u00e4isess\u00e4 el\u00e4m\u00e4ss\u00e4.<\/li>\n<\/ol>\n<p>Metadonin ostaminen yhdest\u00e4 parhaista apteekeista buy-prescriptionz.com tarjoaa merkitt\u00e4vi\u00e4 etuja sek\u00e4 kivunhallinnassa ett\u00e4 opioidiriippuvuuden hoidossa. Sen kyky tarjota pitk\u00e4aikaista kivunlievityst\u00e4 varmistaa, ett\u00e4 potilaat voivat noudattaa johdonmukaista ja hallittavaa annostusaikataulua, mik\u00e4 parantaa hoidon noudattamista. Metadonin tehokkuus vieroitusoireiden ja mielihalujen v\u00e4hent\u00e4misess\u00e4 tekee siit\u00e4 olennaisen osan opioidiriippuvuuden hoitoa ja tukee yksil\u00f6it\u00e4 heid\u00e4n toipumismatkallaan. Lis\u00e4ksi sen pienempi potentiaali aiheuttaa euforiaa verrattuna muihin opioideihin v\u00e4hent\u00e4\u00e4 v\u00e4\u00e4rink\u00e4yt\u00f6n ja riippuvuuden riski\u00e4. Valitsemalla metadonin buy-prescriptionz.comista potilaat saavat k\u00e4ytt\u00f6\u00f6ns\u00e4 luotettavan ja korkealaatuisen l\u00e4\u00e4kkeen, joka voi parantaa heid\u00e4n yleist\u00e4 el\u00e4m\u00e4nlaatuaan ja auttaa heit\u00e4 hallitsemaan kroonista kipua tai voittamaan opioidiriippuvuuden.<\/p>\n<h3>SIVUVAIKUTUKSET<\/h3>\n<p><strong>Sivuvaikutukset olisi otettava huomioon <\/strong>vakavasti,<strong> jos alla mainittuja haittavaikutuksia esiintyy.<\/strong><\/p>\n<p>Hengitysvaikeudet tai pinnallinen hengitys<br \/>\nHuimaus tai py\u00f6rtyminen<br \/>\nIhottuma, huulten, kasvojen, kielen tai kurkun turvotus.<br \/>\nTunne rintakipua<br \/>\nKoe nopea tai jyskytt\u00e4v\u00e4 syd\u00e4menly\u00f6nti<br \/>\nKoe hallusinaatioita tai sekavuutta<\/p>\n<h3>LEVASETYYLIMETADOLIA KOSKEVAT VAROTOIMET<\/h3>\n<p>\u00c4l\u00e4 koskaan k\u00e4yt\u00e4 m\u00e4\u00e4r\u00e4tty\u00e4 m\u00e4\u00e4r\u00e4\u00e4 enemp\u00e4\u00e4 ja ota aina m\u00e4\u00e4r\u00e4ttyin\u00e4 aikoina. Jos annos j\u00e4\u00e4 ottamatta tai jos tuntuu, ettei se tehoa, \u00e4l\u00e4 ota ylim\u00e4\u00e4r\u00e4ist\u00e4 metadoniannosta.<br \/>\n\u00c4l\u00e4 k\u00e4yt\u00e4 alkoholia metadonin k\u00e4yt\u00f6n aikana.<br \/>\nOle varovainen ajaessasi tai k\u00e4ytt\u00e4ess\u00e4si koneita metadonin kanssa.<\/p>\n<h3>UNOHTUNUT ANNOS<\/h3>\n<p>Jos l\u00e4\u00e4k\u00e4risi k\u00e4ski sinun ottaa metadonia kipuun, ota unohtunut annos heti, kun muistat sen, ja jatka sen j\u00e4lkeen tavanomaista annosteluaikataulua. Jos on kuitenkin melkein aika ottaa seuraava annos, j\u00e4t\u00e4 unohtunut annos v\u00e4liin ja jatka s\u00e4\u00e4nn\u00f6llist\u00e4 annosteluaikataulua. \u00c4l\u00e4 ota kaksinkertaista annosta unohtuneen annoksen vuoksi.<br \/>\nJos k\u00e4yt\u00e4t t\u00e4t\u00e4 opioidiriippuvuuden hoitoon, j\u00e4t\u00e4 unohtunut annos v\u00e4liin ja ota seuraava annos seuraavana p\u00e4iv\u00e4n\u00e4 aikataulun mukaisesti. \u00c4l\u00e4 ota kaksinkertaista annosta unohtuneen annoksen korjaamiseksi.<\/p>\n<h3>YLIANNOSTUS<\/h3>\n<p>Sit\u00e4 k\u00e4ytet\u00e4\u00e4n yliannostuksen hengenvaarallisten vaikutusten kumoamiseen. Et ehk\u00e4 pysty hoitamaan itse\u00e4si, jos koet opiaattien yliannostuksen. Varmista, ett\u00e4 perheenj\u00e4senesi, hoitajasi tai muut kanssasi aikaa viett\u00e4v\u00e4t henkil\u00f6t tiet\u00e4v\u00e4t, mist\u00e4 tunnistaa, jos sinulla on yliannostus, miten t\u00e4t\u00e4 k\u00e4ytet\u00e4\u00e4n ja mit\u00e4 tehd\u00e4, kunnes ensiapu saapuu.<\/p>\n<p><strong>Yliannostuksen oireita voivat olla seuraavat:<\/strong><\/p>\n<p>pienet, pistem\u00e4iset pupillit (mustat ympyr\u00e4t silmien keskell\u00e4).<br \/>\nhidas tai pinnallinen hengitys<br \/>\nuneliaisuus<br \/>\nviile\u00e4, kostea tai sininen iho<br \/>\ntajunnan menetys (kooma)<br \/>\nvelttoja lihaksia<\/p>\n<h3>LEVASETYYLIMETADOLIN VARASTOINTI<\/h3>\n<p>S\u00e4ilyt\u00e4 t\u00e4t\u00e4 metadonia yleisess\u00e4 huoneenl\u00e4mm\u00f6ss\u00e4 ja poissa valolta sek\u00e4 lapsilta.<br \/>\nH\u00e4vit\u00e4 k\u00e4ytt\u00e4m\u00e4t\u00f6n metadoni huuhtelemalla se vessanp\u00f6nt\u00f6st\u00e4 alas.<\/p>\n<h3>MIST\u00c4 OSTAA PARAS METADONI VERKOSSA?<\/h3>\n<p>Tarvitsetko metadonia nopeasti? Voit tilata verkossa buyprescriptionzista ja saada sen kotiovelle aikaisin.<\/p>","protected":false},"excerpt":{"rendered":"<p>BUY METHADONE ONLINE Methadone is in a class of prescriptions called opiate analgesics. It can works to treat persons who addicted to opiate by turn out similar effects and it preventing withdrawal symptoms in people who have stopped using these drugs. FEATURES OF LEVACETYLMETHADOL Methadone works by changing the brain and nervous system respond to [&hellip;]<\/p>","protected":false},"featured_media":3029,"comment_status":"open","ping_status":"closed","template":"","meta":{"site-sidebar-layout":"default","site-content-layout":"","ast-site-content-layout":"default","site-content-style":"default","site-sidebar-style":"default","ast-global-header-display":"","ast-banner-title-visibility":"","ast-main-header-display":"","ast-hfb-above-header-display":"","ast-hfb-below-header-display":"","ast-hfb-mobile-header-display":"","site-post-title":"","ast-breadcrumbs-content":"","ast-featured-img":"","footer-sml-layout":"","theme-transparent-header-meta":"default","adv-header-id-meta":"","stick-header-meta":"","header-above-stick-meta":"","header-main-stick-meta":"","header-below-stick-meta":"","astra-migrate-meta-layouts":"set","ast-page-background-enabled":"default","ast-page-background-meta":{"desktop":{"background-color":"var(--ast-global-color-4)","background-image":"","background-repeat":"repeat","background-position":"center center","background-size":"auto","background-attachment":"scroll","background-type":"","background-media":"","overlay-type":"","overlay-color":"","overlay-opacity":"","overlay-gradient":""},"tablet":{"background-color":"","background-image":"","background-repeat":"repeat","background-position":"center center","background-size":"auto","background-attachment":"scroll","background-type":"","background-media":"","overlay-type":"","overlay-color":"","overlay-opacity":"","overlay-gradient":""},"mobile":{"background-color":"","background-image":"","background-repeat":"repeat","background-position":"center center","background-size":"auto","background-attachment":"scroll","background-type":"","background-media":"","overlay-type":"","overlay-color":"","overlay-opacity":"","overlay-gradient":""}},"ast-content-background-meta":{"desktop":{"background-color":"var(--ast-global-color-5)","background-image":"","background-repeat":"repeat","background-position":"center center","background-size":"auto","background-attachment":"scroll","background-type":"","background-media":"","overlay-type":"","overlay-color":"","overlay-opacity":"","overlay-gradient":""},"tablet":{"background-color":"var(--ast-global-color-5)","background-image":"","background-repeat":"repeat","background-position":"center center","background-size":"auto","background-attachment":"scroll","background-type":"","background-media":"","overlay-type":"","overlay-color":"","overlay-opacity":"","overlay-gradient":""},"mobile":{"background-color":"var(--ast-global-color-5)","background-image":"","background-repeat":"repeat","background-position":"center center","background-size":"auto","background-attachment":"scroll","background-type":"","background-media":"","overlay-type":"","overlay-color":"","overlay-opacity":"","overlay-gradient":""}}},"product_brand":[],"product_cat":[2382],"product_tag":[1498,1499,1497,1492,1495,1494,1493,1496,1491,1490,1500],"class_list":{"0":"post-2999","1":"product","2":"type-product","3":"status-publish","4":"has-post-thumbnail","6":"product_cat-buy-opioids-online","7":"product_tag-buy-methadone-in-canada","8":"product_tag-buy-methadone-in-uk","9":"product_tag-buy-methadone-in-usa","10":"product_tag-buy-methadone-with-bitcoin","11":"product_tag-buy-methadone-with-credit-card","12":"product_tag-buy-methadone-with-money-gram","13":"product_tag-buy-methadone-with-western-union","14":"product_tag-buy-methadone-without-a-doctor","15":"product_tag-buy-methadone-without-prescription","16":"product_tag-methadone-for-sale","17":"product_tag-methadone-oral-solution","18":"desktop-align-center","19":"tablet-align-left","20":"mobile-align-left","22":"first","23":"instock","24":"shipping-taxable","25":"purchasable","26":"product-type-variable","27":"has-default-attributes"},"yoast_head":"<!-- This site is optimized with the Yoast SEO plugin v25.9 - https:\/\/yoast.com\/wordpress\/plugins\/seo\/ -->\n<title>Buy Methadone Online USA - Buy Methadone Online for Sale - Buy Prescriptionz<\/title>\n<meta name=\"description\" content=\"Buyprescriptionz.com is an online pharmacy store where you can Buy Methadone Online at best price without doctor&#039;s prescription. Buy Methadone Online Now with Free &amp; Secure Shipping!\" \/>\n<meta name=\"robots\" content=\"index, follow, max-snippet:-1, max-image-preview:large, max-video-preview:-1\" \/>\n<link rel=\"canonical\" href=\"https:\/\/buy-prescriptionz.com\/fi\/tuote\/osta-metadonia-verkossa\/\" \/>\n<meta property=\"og:locale\" content=\"fi_FI\" \/>\n<meta property=\"og:type\" content=\"article\" \/>\n<meta property=\"og:title\" content=\"Buy Methadone Online USA - Buy Methadone Online for Sale - Buy Prescriptionz\" \/>\n<meta property=\"og:description\" content=\"Buyprescriptionz.com is an online pharmacy store where you can Buy Methadone Online at best price without doctor&#039;s prescription. Buy Methadone Online Now with Free &amp; Secure Shipping!\" \/>\n<meta property=\"og:url\" content=\"https:\/\/buy-prescriptionz.com\/fi\/tuote\/osta-metadonia-verkossa\/\" \/>\n<meta property=\"og:site_name\" content=\"Buy Prescriptionz\" \/>\n<meta property=\"article:modified_time\" content=\"2025-09-23T07:02:45+00:00\" \/>\n<meta property=\"og:image\" content=\"https:\/\/buy-prescriptionz.com\/wp-content\/uploads\/2025\/09\/methadone.jpg\" \/>\n\t<meta property=\"og:image:width\" content=\"400\" \/>\n\t<meta property=\"og:image:height\" content=\"300\" \/>\n\t<meta property=\"og:image:type\" content=\"image\/jpeg\" \/>\n<meta name=\"twitter:card\" content=\"summary_large_image\" \/>\n<meta name=\"twitter:label1\" content=\"Arvioitu lukuaika\" \/>\n\t<meta name=\"twitter:data1\" content=\"4 minuuttia\" \/>\n<script type=\"application\/ld+json\" class=\"yoast-schema-graph\">{\"@context\":\"https:\/\/schema.org\",\"@graph\":[{\"@type\":\"WebPage\",\"@id\":\"https:\/\/buy-prescriptionz.com\/product\/buy-methadone-online\/\",\"url\":\"https:\/\/buy-prescriptionz.com\/product\/buy-methadone-online\/\",\"name\":\"Buy Methadone Online USA - Buy Methadone Online for Sale - Buy Prescriptionz\",\"isPartOf\":{\"@id\":\"https:\/\/buy-prescriptionz.com\/#website\"},\"primaryImageOfPage\":{\"@id\":\"https:\/\/buy-prescriptionz.com\/product\/buy-methadone-online\/#primaryimage\"},\"image\":{\"@id\":\"https:\/\/buy-prescriptionz.com\/product\/buy-methadone-online\/#primaryimage\"},\"thumbnailUrl\":\"https:\/\/buy-prescriptionz.com\/wp-content\/uploads\/2025\/09\/methadone.jpg\",\"datePublished\":\"2025-09-16T08:55:53+00:00\",\"dateModified\":\"2025-09-23T07:02:45+00:00\",\"description\":\"Buyprescriptionz.com is an online pharmacy store where you can Buy Methadone Online at best price without doctor's prescription. Buy Methadone Online Now with Free & Secure Shipping!\",\"breadcrumb\":{\"@id\":\"https:\/\/buy-prescriptionz.com\/product\/buy-methadone-online\/#breadcrumb\"},\"inLanguage\":\"fi\",\"potentialAction\":[{\"@type\":\"ReadAction\",\"target\":[\"https:\/\/buy-prescriptionz.com\/product\/buy-methadone-online\/\"]}]},{\"@type\":\"ImageObject\",\"inLanguage\":\"fi\",\"@id\":\"https:\/\/buy-prescriptionz.com\/product\/buy-methadone-online\/#primaryimage\",\"url\":\"https:\/\/buy-prescriptionz.com\/wp-content\/uploads\/2025\/09\/methadone.jpg\",\"contentUrl\":\"https:\/\/buy-prescriptionz.com\/wp-content\/uploads\/2025\/09\/methadone.jpg\",\"width\":400,\"height\":300},{\"@type\":\"BreadcrumbList\",\"@id\":\"https:\/\/buy-prescriptionz.com\/product\/buy-methadone-online\/#breadcrumb\",\"itemListElement\":[{\"@type\":\"ListItem\",\"position\":1,\"name\":\"Home\",\"item\":\"https:\/\/buy-prescriptionz.com\/\"},{\"@type\":\"ListItem\",\"position\":2,\"name\":\"Shop Painkillers Online\",\"item\":\"https:\/\/buy-prescriptionz.com\/shop-painkillers-online\/\"},{\"@type\":\"ListItem\",\"position\":3,\"name\":\"Buy Methadone Online\"}]},{\"@type\":\"WebSite\",\"@id\":\"https:\/\/buy-prescriptionz.com\/#website\",\"url\":\"https:\/\/buy-prescriptionz.com\/\",\"name\":\"Buy Prescriptionz\",\"description\":\"Drugs Online\",\"publisher\":{\"@id\":\"https:\/\/buy-prescriptionz.com\/#organization\"},\"potentialAction\":[{\"@type\":\"SearchAction\",\"target\":{\"@type\":\"EntryPoint\",\"urlTemplate\":\"https:\/\/buy-prescriptionz.com\/?s={search_term_string}\"},\"query-input\":{\"@type\":\"PropertyValueSpecification\",\"valueRequired\":true,\"valueName\":\"search_term_string\"}}],\"inLanguage\":\"fi\"},{\"@type\":\"Organization\",\"@id\":\"https:\/\/buy-prescriptionz.com\/#organization\",\"name\":\"Buy Prescriptionz\",\"url\":\"https:\/\/buy-prescriptionz.com\/\",\"logo\":{\"@type\":\"ImageObject\",\"inLanguage\":\"fi\",\"@id\":\"https:\/\/buy-prescriptionz.com\/#\/schema\/logo\/image\/\",\"url\":\"https:\/\/buy-prescriptionz.com\/wp-content\/uploads\/2023\/09\/logo.png\",\"contentUrl\":\"https:\/\/buy-prescriptionz.com\/wp-content\/uploads\/2023\/09\/logo.png\",\"width\":350,\"height\":64,\"caption\":\"Buy Prescriptionz\"},\"image\":{\"@id\":\"https:\/\/buy-prescriptionz.com\/#\/schema\/logo\/image\/\"}}]}<\/script>\n<!-- \/ Yoast SEO plugin. -->","yoast_head_json":{"title":"Osta metadonia netist\u00e4 USA:sta - Osta metadonia netist\u00e4 myyt\u00e4v\u00e4n\u00e4 - Osta reseptil\u00e4\u00e4kkeit\u00e4","description":"Buyprescriptionz.com on verkkoapteekki, jossa voit ostaa Methadone Online parhaaseen hintaan ilman l\u00e4\u00e4k\u00e4rin resepti\u00e4. Osta Methadone verkossa nyt ilmainen ja turvallinen toimitus!","robots":{"index":"index","follow":"follow","max-snippet":"max-snippet:-1","max-image-preview":"max-image-preview:large","max-video-preview":"max-video-preview:-1"},"canonical":"https:\/\/buy-prescriptionz.com\/fi\/tuote\/osta-metadonia-verkossa\/","og_locale":"fi_FI","og_type":"article","og_title":"Buy Methadone Online USA - Buy Methadone Online for Sale - Buy Prescriptionz","og_description":"Buyprescriptionz.com is an online pharmacy store where you can Buy Methadone Online at best price without doctor's prescription. Buy Methadone Online Now with Free & Secure Shipping!","og_url":"https:\/\/buy-prescriptionz.com\/fi\/tuote\/osta-metadonia-verkossa\/","og_site_name":"Buy Prescriptionz","article_modified_time":"2025-09-23T07:02:45+00:00","og_image":[{"width":400,"height":300,"url":"https:\/\/buy-prescriptionz.com\/wp-content\/uploads\/2025\/09\/methadone.jpg","type":"image\/jpeg"}],"twitter_card":"summary_large_image","twitter_misc":{"Arvioitu lukuaika":"4 minuuttia"},"schema":{"@context":"https:\/\/schema.org","@graph":[{"@type":"WebPage","@id":"https:\/\/buy-prescriptionz.com\/product\/buy-methadone-online\/","url":"https:\/\/buy-prescriptionz.com\/product\/buy-methadone-online\/","name":"Osta metadonia netist\u00e4 USA:sta - Osta metadonia netist\u00e4 myyt\u00e4v\u00e4n\u00e4 - Osta reseptil\u00e4\u00e4kkeit\u00e4","isPartOf":{"@id":"https:\/\/buy-prescriptionz.com\/#website"},"primaryImageOfPage":{"@id":"https:\/\/buy-prescriptionz.com\/product\/buy-methadone-online\/#primaryimage"},"image":{"@id":"https:\/\/buy-prescriptionz.com\/product\/buy-methadone-online\/#primaryimage"},"thumbnailUrl":"https:\/\/buy-prescriptionz.com\/wp-content\/uploads\/2025\/09\/methadone.jpg","datePublished":"2025-09-16T08:55:53+00:00","dateModified":"2025-09-23T07:02:45+00:00","description":"Buyprescriptionz.com on verkkoapteekki, jossa voit ostaa Methadone Online parhaaseen hintaan ilman l\u00e4\u00e4k\u00e4rin resepti\u00e4. Osta Methadone verkossa nyt ilmainen ja turvallinen toimitus!","breadcrumb":{"@id":"https:\/\/buy-prescriptionz.com\/product\/buy-methadone-online\/#breadcrumb"},"inLanguage":"fi","potentialAction":[{"@type":"ReadAction","target":["https:\/\/buy-prescriptionz.com\/product\/buy-methadone-online\/"]}]},{"@type":"ImageObject","inLanguage":"fi","@id":"https:\/\/buy-prescriptionz.com\/product\/buy-methadone-online\/#primaryimage","url":"https:\/\/buy-prescriptionz.com\/wp-content\/uploads\/2025\/09\/methadone.jpg","contentUrl":"https:\/\/buy-prescriptionz.com\/wp-content\/uploads\/2025\/09\/methadone.jpg","width":400,"height":300},{"@type":"BreadcrumbList","@id":"https:\/\/buy-prescriptionz.com\/product\/buy-methadone-online\/#breadcrumb","itemListElement":[{"@type":"ListItem","position":1,"name":"Home","item":"https:\/\/buy-prescriptionz.com\/"},{"@type":"ListItem","position":2,"name":"Shop Painkillers Online","item":"https:\/\/buy-prescriptionz.com\/shop-painkillers-online\/"},{"@type":"ListItem","position":3,"name":"Buy Methadone Online"}]},{"@type":"WebSite","@id":"https:\/\/buy-prescriptionz.com\/#website","url":"https:\/\/buy-prescriptionz.com\/","name":"Buy Prescriptionz","description":"Huumeet verkossa","publisher":{"@id":"https:\/\/buy-prescriptionz.com\/#organization"},"potentialAction":[{"@type":"SearchAction","target":{"@type":"EntryPoint","urlTemplate":"https:\/\/buy-prescriptionz.com\/?s={search_term_string}"},"query-input":{"@type":"PropertyValueSpecification","valueRequired":true,"valueName":"search_term_string"}}],"inLanguage":"fi"},{"@type":"Organization","@id":"https:\/\/buy-prescriptionz.com\/#organization","name":"Buy Prescriptionz","url":"https:\/\/buy-prescriptionz.com\/","logo":{"@type":"ImageObject","inLanguage":"fi","@id":"https:\/\/buy-prescriptionz.com\/#\/schema\/logo\/image\/","url":"https:\/\/buy-prescriptionz.com\/wp-content\/uploads\/2023\/09\/logo.png","contentUrl":"https:\/\/buy-prescriptionz.com\/wp-content\/uploads\/2023\/09\/logo.png","width":350,"height":64,"caption":"Buy Prescriptionz"},"image":{"@id":"https:\/\/buy-prescriptionz.com\/#\/schema\/logo\/image\/"}}]}},"_links":{"self":[{"href":"https:\/\/buy-prescriptionz.com\/fi\/wp-json\/wp\/v2\/product\/2999","targetHints":{"allow":["GET"]}}],"collection":[{"href":"https:\/\/buy-prescriptionz.com\/fi\/wp-json\/wp\/v2\/product"}],"about":[{"href":"https:\/\/buy-prescriptionz.com\/fi\/wp-json\/wp\/v2\/types\/product"}],"replies":[{"embeddable":true,"href":"https:\/\/buy-prescriptionz.com\/fi\/wp-json\/wp\/v2\/comments?post=2999"}],"wp:featuredmedia":[{"embeddable":true,"href":"https:\/\/buy-prescriptionz.com\/fi\/wp-json\/wp\/v2\/media\/3029"}],"wp:attachment":[{"href":"https:\/\/buy-prescriptionz.com\/fi\/wp-json\/wp\/v2\/media?parent=2999"}],"wp:term":[{"taxonomy":"product_brand","embeddable":true,"href":"https:\/\/buy-prescriptionz.com\/fi\/wp-json\/wp\/v2\/product_brand?post=2999"},{"taxonomy":"product_cat","embeddable":true,"href":"https:\/\/buy-prescriptionz.com\/fi\/wp-json\/wp\/v2\/product_cat?post=2999"},{"taxonomy":"product_tag","embeddable":true,"href":"https:\/\/buy-prescriptionz.com\/fi\/wp-json\/wp\/v2\/product_tag?post=2999"}],"curies":[{"name":"wp","href":"https:\/\/api.w.org\/{rel}","templated":true}]}}