{"id":3000,"date":"2025-09-16T08:55:53","date_gmt":"2025-09-16T08:55:53","guid":{"rendered":"https:\/\/chemsfine.com\/newsite\/?post_type=product&#038;p=3000"},"modified":"2025-09-26T15:41:04","modified_gmt":"2025-09-26T15:41:04","slug":"osta-tylenolia-kodeiinilla-verkosta","status":"publish","type":"product","link":"https:\/\/buy-prescriptionz.com\/fi\/tuote\/osta-tylenolia-kodeiinilla-verkosta\/","title":{"rendered":"Osta Tylenol kodeiinilla verkossa"},"content":{"rendered":"<h2>Osta Tylenol kodeiinilla verkossa<\/h2>\n<p>Buy Tylenol In The Online UK ,Tylenol is a brand of medications promoted for extreme pain treatment, fever, and assuaging the indications of hypersensitivities, cold, cerebral pain, and flu.<br \/>\nOsta kodeiinia sis\u00e4lt\u00e4v\u00e4\u00e4 Tylenolia nopealla ja turvallisella toimituspalvelulla sen ainutlaatuisten koostumusten ansiosta, kuten my\u00f6s asetaminofeeni, joka lievitt\u00e4\u00e4 kipua ja alentaa kuumetta. Tylenol on per\u00e4isin yhdisteen N-aseTYL-para-aminofenolin aineesta.<\/p>\n<h3>Osta Tylenol kodeiinilla verkossa<\/h3>\n<ol>\n<li>Tehokas kivunlievitys: Paras Tylenol lievitt\u00e4\u00e4 tehokkaasti erilaisia \u200b\u200bkipuja, kuten p\u00e4\u00e4ns\u00e4rky\u00e4, lihaskipuja, niveltulehdusta, selk\u00e4kipua, hammass\u00e4rky\u00e4 ja kuukautiskipuja.<\/li>\n<li>Kuumeen alentaminen: Se auttaa alentamaan ruumiinl\u00e4mp\u00f6\u00e4 kuumetapauksissa ja tarjoaa mukavuutta sairauden aikana.<\/li>\n<li>Hell\u00e4varainen vatsalle: Toisin kuin tulehduskipul\u00e4\u00e4kkeet (esim. ibuprofeeni tai aspiriini), Tylenol aiheuttaa harvemmin ruoansulatuskanavan \u00e4rsytyst\u00e4 tai verenvuotoa, joten se sopii herkk\u00e4vatsaisille tai haavaumista sairastaville.<\/li>\n<li>Turvallinen eri v\u00e4est\u00f6ryhmille: Se on yleens\u00e4 turvallinen k\u00e4ytt\u00e4\u00e4 sek\u00e4 lapsille ett\u00e4 aikuisille, samoin kuin henkil\u00f6ille, jotka tarvitsevat v\u00e4ltt\u00e4\u00e4 tulehduskipul\u00e4\u00e4kkeit\u00e4 allergioiden, sairauksien tai muiden l\u00e4\u00e4kkeiden vuoksi.<\/li>\n<li>Minimaaliset tulehdusta est\u00e4v\u00e4t ominaisuudet: Vaikka sill\u00e4 ei ole merkitt\u00e4vi\u00e4 tulehdusta est\u00e4vi\u00e4 vaikutuksia, t\u00e4m\u00e4 n\u00e4k\u00f6kohta v\u00e4hent\u00e4\u00e4 pitk\u00e4aikaiseen tulehduskipul\u00e4\u00e4kkeiden k\u00e4ytt\u00f6\u00f6n liittyvien ruoansulatuskanavan ongelmien riski\u00e4.<\/li>\n<li>K\u00e4tev\u00e4 ja helposti saatavilla: Tylenolin saatavuus useissa muodoissa ja sen k\u00e4sikauppatila tekev\u00e4t siit\u00e4 k\u00e4tev\u00e4n vaihtoehdon kivun ja kuumeen hallintaan.<\/li>\n<\/ol>\n<h3>K\u00e4ytt\u00f6\u00f6n liittyvi\u00e4 huomioita:<\/h3>\n<ul>\n<li>L\u00e4\u00e4ketieteellinen valvonta: Noudata aina pakkauksessa olevia tai terveydenhuollon ammattilaisen m\u00e4\u00e4r\u00e4\u00e4mi\u00e4 annosteluohjeita v\u00e4ltt\u00e4\u00e4ksesi mahdolliset maksavauriot liiallisen k\u00e4yt\u00f6n seurauksena.<\/li>\n<li>Luotettavat l\u00e4hteet: Osta Tylenolia luotettavista l\u00e4hteist\u00e4, kuten buy-prescriptionz.com, varmistaaksesi, ett\u00e4 saat korkealaatuisia ja aitoja l\u00e4\u00e4kkeit\u00e4.<\/li>\n<\/ul>\n<p>Tylenol on luotettava ja monipuolinen kipu- ja kuumel\u00e4\u00e4ke, joka sopii monenlaisille ihmisille. Sen hell\u00e4varainen vaikutus vatsaan ja laaja saatavuus tekev\u00e4t siit\u00e4 monien suosiman vaihtoehdon. K\u00e4yt\u00e4 sit\u00e4 aina ohjeiden mukaisesti ja ota yhteytt\u00e4 terveydenhuollon ammattilaiseen, jos sinulla on huolenaiheita tai kysymyksi\u00e4 sen k\u00e4yt\u00f6st\u00e4. Saat korkealaatuista ja aitoa Tylenolia ostamalla sen hyv\u00e4maineiselta ja parhaalta apteekilta, kuten buy-prescriptionz.com.<\/p>\n<h3>Tylenol with Codeine online for medical and recreational use<\/h3>\n<p>The Tylenol is paracetamol, a broadly utilized over-the-counter pain relieving and antipyretic. Tylenol with Codeine for sale as co-codamol, dextromethorphan, methocarbamol, guaifenesin, pseudoephedrine, caffeine, diphenhydramine, chlorpheniramine, and phenylephrine.Buy Tylenol In The Online UK<\/p>\n<p>It is not said but uses Tylenol precisely as prescribed, or as recommended by your specialist. This medication is lethal if taken without the knowledge of its working on the body and mind.<\/p>\n<h3>The Details to order Tylenol with Codeine online<\/h3>\n<p>Grown-ups and adolescents who weigh no less than 110 pounds (50 kilograms) should start with 50 mg of intake. You should not take over 1000 milligrams (mg) at one time. Try not to take over 4000 mg in 24 hours. You can buy Tylenol with Codeine with discreet packaging like right now.<\/p>\n<p>People who buy this medication are often in need of it in emergency and at buy-prescriptionz.com, you will take knowledge on how to buy Tylenol with Codeine online and where to buy Tylenol with Codeine online.<\/p>\n<p>Youngsters more than 12 years of age: Do not take over 5 dosages of acetaminophen in 24 hours. Utilize just the quantity of milligrams per portion that is prescribed for weight and age.<\/p>\n<h3>Buy Tylenol with Codeine without prescription at buy-prescriptionz.com<\/h3>\n<p>Sinun tulisi v\u00e4ltt\u00e4\u00e4 ostamasta Tylenol-valmistetta kodeiinilla verkosta yhdess\u00e4 muiden asetaminofeenia sis\u00e4lt\u00e4vien reseptien kanssa, tai saatat saada tappavan yliannostuksen. Osoitteessa buy-prescriptionz.com koe nopea ja turvallinen toimituspalvelu. On t\u00e4rke\u00e4\u00e4 ymm\u00e4rt\u00e4\u00e4, ett\u00e4 t\u00e4m\u00e4 l\u00e4\u00e4ke sis\u00e4lt\u00e4\u00e4 kodeiinia, eik\u00e4 koostumuksiin ole lis\u00e4tt\u00e4v\u00e4\u00e4 mit\u00e4\u00e4n muuta.<\/p>\n<h3>Buy Tylenol with Codeine without a doctor 100 mg, 50 mg, and 25 mg<\/h3>\n<p>Buy Tylenol with Codeine at cheap price for cerebral pains, menstrual periods, toothaches, spinal pains, osteoarthritis, or cold\/influenza a throbbing painfulness and to diminish fever.<\/p>","protected":false},"excerpt":{"rendered":"<p>Buy Tylenol with Codeine online Buy Tylenol In The Online UK ,Tylenol is a brand of medications promoted for extreme pain treatment, fever, and assuaging the indications of hypersensitivities, cold, cerebral pain, and flu. Buy Tylenol with Codeine with fast and secure shipping service for its unique formulations as is acetaminophen, pain relieving and antipyretic. [&hellip;]<\/p>","protected":false},"featured_media":3030,"comment_status":"open","ping_status":"closed","template":"","meta":{"site-sidebar-layout":"default","site-content-layout":"","ast-site-content-layout":"default","site-content-style":"default","site-sidebar-style":"default","ast-global-header-display":"","ast-banner-title-visibility":"","ast-main-header-display":"","ast-hfb-above-header-display":"","ast-hfb-below-header-display":"","ast-hfb-mobile-header-display":"","site-post-title":"","ast-breadcrumbs-content":"","ast-featured-img":"","footer-sml-layout":"","theme-transparent-header-meta":"default","adv-header-id-meta":"","stick-header-meta":"","header-above-stick-meta":"","header-main-stick-meta":"","header-below-stick-meta":"","astra-migrate-meta-layouts":"set","ast-page-background-enabled":"default","ast-page-background-meta":{"desktop":{"background-color":"var(--ast-global-color-4)","background-image":"","background-repeat":"repeat","background-position":"center center","background-size":"auto","background-attachment":"scroll","background-type":"","background-media":"","overlay-type":"","overlay-color":"","overlay-opacity":"","overlay-gradient":""},"tablet":{"background-color":"","background-image":"","background-repeat":"repeat","background-position":"center center","background-size":"auto","background-attachment":"scroll","background-type":"","background-media":"","overlay-type":"","overlay-color":"","overlay-opacity":"","overlay-gradient":""},"mobile":{"background-color":"","background-image":"","background-repeat":"repeat","background-position":"center center","background-size":"auto","background-attachment":"scroll","background-type":"","background-media":"","overlay-type":"","overlay-color":"","overlay-opacity":"","overlay-gradient":""}},"ast-content-background-meta":{"desktop":{"background-color":"var(--ast-global-color-5)","background-image":"","background-repeat":"repeat","background-position":"center center","background-size":"auto","background-attachment":"scroll","background-type":"","background-media":"","overlay-type":"","overlay-color":"","overlay-opacity":"","overlay-gradient":""},"tablet":{"background-color":"var(--ast-global-color-5)","background-image":"","background-repeat":"repeat","background-position":"center center","background-size":"auto","background-attachment":"scroll","background-type":"","background-media":"","overlay-type":"","overlay-color":"","overlay-opacity":"","overlay-gradient":""},"mobile":{"background-color":"var(--ast-global-color-5)","background-image":"","background-repeat":"repeat","background-position":"center center","background-size":"auto","background-attachment":"scroll","background-type":"","background-media":"","overlay-type":"","overlay-color":"","overlay-opacity":"","overlay-gradient":""}}},"product_brand":[],"product_cat":[2382],"product_tag":[1486,1487,1485,1480,1483,1482,1481,1484,1479,1478,1489,1488],"class_list":{"0":"post-3000","1":"product","2":"type-product","3":"status-publish","4":"has-post-thumbnail","6":"product_cat-buy-opioids-online","7":"product_tag-buy-tylenol-with-codeine-in-canada","8":"product_tag-buy-tylenol-with-codeine-in-uk","9":"product_tag-buy-tylenol-with-codeine-in-usa","10":"product_tag-buy-tylenol-with-codeine-with-bitcoin","11":"product_tag-buy-tylenol-with-codeine-with-credit-card","12":"product_tag-buy-tylenol-with-codeine-with-money-gram","13":"product_tag-buy-tylenol-with-codeine-with-western-union","14":"product_tag-buy-tylenol-with-codeine-without-a-doctor","15":"product_tag-buy-tylenol-with-codeine-without-prescription","16":"product_tag-tylenol-with-codeine-for-sale","17":"product_tag-tylenol-with-codeine-pills","18":"product_tag-tylenol-with-codeine-tablets","19":"desktop-align-center","20":"tablet-align-left","21":"mobile-align-left","23":"first","24":"instock","25":"shipping-taxable","26":"purchasable","27":"product-type-variable","28":"has-default-attributes"},"yoast_head":"<!-- This site is optimized with the Yoast SEO plugin v25.9 - https:\/\/yoast.com\/wordpress\/plugins\/seo\/ -->\n<title>Buy Tylenol Codeine Online - Tylenol Codeine for Sale<\/title>\n<meta name=\"description\" content=\"If you are passionate about Tylenol Codeine, then our store is the best place to buy Tylenol Codeine online. You can have Tylenol Codeine for sale at the lowest price. Order now and receive it shortly!\" \/>\n<meta name=\"robots\" content=\"index, follow, max-snippet:-1, max-image-preview:large, max-video-preview:-1\" \/>\n<link rel=\"canonical\" href=\"https:\/\/buy-prescriptionz.com\/fi\/tuote\/osta-tylenolia-kodeiinilla-verkosta\/\" \/>\n<meta property=\"og:locale\" content=\"fi_FI\" \/>\n<meta property=\"og:type\" content=\"article\" \/>\n<meta property=\"og:title\" content=\"Buy Tylenol Codeine Online - Tylenol Codeine for Sale\" \/>\n<meta property=\"og:description\" content=\"If you are passionate about Tylenol Codeine, then our store is the best place to buy Tylenol Codeine online. You can have Tylenol Codeine for sale at the lowest price. Order now and receive it shortly!\" \/>\n<meta property=\"og:url\" content=\"https:\/\/buy-prescriptionz.com\/fi\/tuote\/osta-tylenolia-kodeiinilla-verkosta\/\" \/>\n<meta property=\"og:site_name\" content=\"Buy Prescriptionz\" \/>\n<meta property=\"article:modified_time\" content=\"2025-09-26T15:41:04+00:00\" \/>\n<meta property=\"og:image\" content=\"https:\/\/buy-prescriptionz.com\/wp-content\/uploads\/2025\/09\/tylenol-with-codeine.jpg\" \/>\n\t<meta property=\"og:image:width\" content=\"400\" \/>\n\t<meta property=\"og:image:height\" content=\"300\" \/>\n\t<meta property=\"og:image:type\" content=\"image\/jpeg\" \/>\n<meta name=\"twitter:card\" content=\"summary_large_image\" \/>\n<meta name=\"twitter:label1\" content=\"Arvioitu lukuaika\" \/>\n\t<meta name=\"twitter:data1\" content=\"3 minuuttia\" \/>\n<script type=\"application\/ld+json\" class=\"yoast-schema-graph\">{\"@context\":\"https:\/\/schema.org\",\"@graph\":[{\"@type\":\"WebPage\",\"@id\":\"https:\/\/buy-prescriptionz.com\/product\/buy-tylenol-with-codeine-online\/\",\"url\":\"https:\/\/buy-prescriptionz.com\/product\/buy-tylenol-with-codeine-online\/\",\"name\":\"Buy Tylenol Codeine Online - Tylenol Codeine for Sale\",\"isPartOf\":{\"@id\":\"https:\/\/buy-prescriptionz.com\/#website\"},\"primaryImageOfPage\":{\"@id\":\"https:\/\/buy-prescriptionz.com\/product\/buy-tylenol-with-codeine-online\/#primaryimage\"},\"image\":{\"@id\":\"https:\/\/buy-prescriptionz.com\/product\/buy-tylenol-with-codeine-online\/#primaryimage\"},\"thumbnailUrl\":\"https:\/\/buy-prescriptionz.com\/wp-content\/uploads\/2025\/09\/tylenol-with-codeine.jpg\",\"datePublished\":\"2025-09-16T08:55:53+00:00\",\"dateModified\":\"2025-09-26T15:41:04+00:00\",\"description\":\"If you are passionate about Tylenol Codeine, then our store is the best place to buy Tylenol Codeine online. You can have Tylenol Codeine for sale at the lowest price. Order now and receive it shortly!\",\"breadcrumb\":{\"@id\":\"https:\/\/buy-prescriptionz.com\/product\/buy-tylenol-with-codeine-online\/#breadcrumb\"},\"inLanguage\":\"fi\",\"potentialAction\":[{\"@type\":\"ReadAction\",\"target\":[\"https:\/\/buy-prescriptionz.com\/product\/buy-tylenol-with-codeine-online\/\"]}]},{\"@type\":\"ImageObject\",\"inLanguage\":\"fi\",\"@id\":\"https:\/\/buy-prescriptionz.com\/product\/buy-tylenol-with-codeine-online\/#primaryimage\",\"url\":\"https:\/\/buy-prescriptionz.com\/wp-content\/uploads\/2025\/09\/tylenol-with-codeine.jpg\",\"contentUrl\":\"https:\/\/buy-prescriptionz.com\/wp-content\/uploads\/2025\/09\/tylenol-with-codeine.jpg\",\"width\":400,\"height\":300},{\"@type\":\"BreadcrumbList\",\"@id\":\"https:\/\/buy-prescriptionz.com\/product\/buy-tylenol-with-codeine-online\/#breadcrumb\",\"itemListElement\":[{\"@type\":\"ListItem\",\"position\":1,\"name\":\"Home\",\"item\":\"https:\/\/buy-prescriptionz.com\/\"},{\"@type\":\"ListItem\",\"position\":2,\"name\":\"Shop Painkillers Online\",\"item\":\"https:\/\/buy-prescriptionz.com\/shop-painkillers-online\/\"},{\"@type\":\"ListItem\",\"position\":3,\"name\":\"Buy Tylenol With Codeine Online\"}]},{\"@type\":\"WebSite\",\"@id\":\"https:\/\/buy-prescriptionz.com\/#website\",\"url\":\"https:\/\/buy-prescriptionz.com\/\",\"name\":\"Buy Prescriptionz\",\"description\":\"Drugs Online\",\"publisher\":{\"@id\":\"https:\/\/buy-prescriptionz.com\/#organization\"},\"potentialAction\":[{\"@type\":\"SearchAction\",\"target\":{\"@type\":\"EntryPoint\",\"urlTemplate\":\"https:\/\/buy-prescriptionz.com\/?s={search_term_string}\"},\"query-input\":{\"@type\":\"PropertyValueSpecification\",\"valueRequired\":true,\"valueName\":\"search_term_string\"}}],\"inLanguage\":\"fi\"},{\"@type\":\"Organization\",\"@id\":\"https:\/\/buy-prescriptionz.com\/#organization\",\"name\":\"Buy Prescriptionz\",\"url\":\"https:\/\/buy-prescriptionz.com\/\",\"logo\":{\"@type\":\"ImageObject\",\"inLanguage\":\"fi\",\"@id\":\"https:\/\/buy-prescriptionz.com\/#\/schema\/logo\/image\/\",\"url\":\"https:\/\/buy-prescriptionz.com\/wp-content\/uploads\/2023\/09\/logo.png\",\"contentUrl\":\"https:\/\/buy-prescriptionz.com\/wp-content\/uploads\/2023\/09\/logo.png\",\"width\":350,\"height\":64,\"caption\":\"Buy Prescriptionz\"},\"image\":{\"@id\":\"https:\/\/buy-prescriptionz.com\/#\/schema\/logo\/image\/\"}}]}<\/script>\n<!-- \/ Yoast SEO plugin. -->","yoast_head_json":{"title":"Osta Tylenol-kodeiinia netist\u00e4 - Tylenol-kodeiinia myyt\u00e4v\u00e4n\u00e4","description":"Jos olet intohimoinen Tylenol-kodeiinin yst\u00e4v\u00e4, kaupastamme l\u00f6yd\u00e4t Tylenol-kodeiinin verkosta. Voit saada Tylenol-kodeiinin myynniss\u00e4 edullisimpaan hintaan. Tilaa nyt ja saat sen pian!","robots":{"index":"index","follow":"follow","max-snippet":"max-snippet:-1","max-image-preview":"max-image-preview:large","max-video-preview":"max-video-preview:-1"},"canonical":"https:\/\/buy-prescriptionz.com\/fi\/tuote\/osta-tylenolia-kodeiinilla-verkosta\/","og_locale":"fi_FI","og_type":"article","og_title":"Buy Tylenol Codeine Online - Tylenol Codeine for Sale","og_description":"If you are passionate about Tylenol Codeine, then our store is the best place to buy Tylenol Codeine online. You can have Tylenol Codeine for sale at the lowest price. Order now and receive it shortly!","og_url":"https:\/\/buy-prescriptionz.com\/fi\/tuote\/osta-tylenolia-kodeiinilla-verkosta\/","og_site_name":"Buy Prescriptionz","article_modified_time":"2025-09-26T15:41:04+00:00","og_image":[{"width":400,"height":300,"url":"https:\/\/buy-prescriptionz.com\/wp-content\/uploads\/2025\/09\/tylenol-with-codeine.jpg","type":"image\/jpeg"}],"twitter_card":"summary_large_image","twitter_misc":{"Arvioitu lukuaika":"3 minuuttia"},"schema":{"@context":"https:\/\/schema.org","@graph":[{"@type":"WebPage","@id":"https:\/\/buy-prescriptionz.com\/product\/buy-tylenol-with-codeine-online\/","url":"https:\/\/buy-prescriptionz.com\/product\/buy-tylenol-with-codeine-online\/","name":"Osta Tylenol-kodeiinia netist\u00e4 - Tylenol-kodeiinia myyt\u00e4v\u00e4n\u00e4","isPartOf":{"@id":"https:\/\/buy-prescriptionz.com\/#website"},"primaryImageOfPage":{"@id":"https:\/\/buy-prescriptionz.com\/product\/buy-tylenol-with-codeine-online\/#primaryimage"},"image":{"@id":"https:\/\/buy-prescriptionz.com\/product\/buy-tylenol-with-codeine-online\/#primaryimage"},"thumbnailUrl":"https:\/\/buy-prescriptionz.com\/wp-content\/uploads\/2025\/09\/tylenol-with-codeine.jpg","datePublished":"2025-09-16T08:55:53+00:00","dateModified":"2025-09-26T15:41:04+00:00","description":"Jos olet intohimoinen Tylenol-kodeiinin yst\u00e4v\u00e4, kaupastamme l\u00f6yd\u00e4t Tylenol-kodeiinin verkosta. Voit saada Tylenol-kodeiinin myynniss\u00e4 edullisimpaan hintaan. Tilaa nyt ja saat sen pian!","breadcrumb":{"@id":"https:\/\/buy-prescriptionz.com\/product\/buy-tylenol-with-codeine-online\/#breadcrumb"},"inLanguage":"fi","potentialAction":[{"@type":"ReadAction","target":["https:\/\/buy-prescriptionz.com\/product\/buy-tylenol-with-codeine-online\/"]}]},{"@type":"ImageObject","inLanguage":"fi","@id":"https:\/\/buy-prescriptionz.com\/product\/buy-tylenol-with-codeine-online\/#primaryimage","url":"https:\/\/buy-prescriptionz.com\/wp-content\/uploads\/2025\/09\/tylenol-with-codeine.jpg","contentUrl":"https:\/\/buy-prescriptionz.com\/wp-content\/uploads\/2025\/09\/tylenol-with-codeine.jpg","width":400,"height":300},{"@type":"BreadcrumbList","@id":"https:\/\/buy-prescriptionz.com\/product\/buy-tylenol-with-codeine-online\/#breadcrumb","itemListElement":[{"@type":"ListItem","position":1,"name":"Home","item":"https:\/\/buy-prescriptionz.com\/"},{"@type":"ListItem","position":2,"name":"Shop Painkillers Online","item":"https:\/\/buy-prescriptionz.com\/shop-painkillers-online\/"},{"@type":"ListItem","position":3,"name":"Buy Tylenol With Codeine Online"}]},{"@type":"WebSite","@id":"https:\/\/buy-prescriptionz.com\/#website","url":"https:\/\/buy-prescriptionz.com\/","name":"Buy Prescriptionz","description":"Huumeet verkossa","publisher":{"@id":"https:\/\/buy-prescriptionz.com\/#organization"},"potentialAction":[{"@type":"SearchAction","target":{"@type":"EntryPoint","urlTemplate":"https:\/\/buy-prescriptionz.com\/?s={search_term_string}"},"query-input":{"@type":"PropertyValueSpecification","valueRequired":true,"valueName":"search_term_string"}}],"inLanguage":"fi"},{"@type":"Organization","@id":"https:\/\/buy-prescriptionz.com\/#organization","name":"Buy Prescriptionz","url":"https:\/\/buy-prescriptionz.com\/","logo":{"@type":"ImageObject","inLanguage":"fi","@id":"https:\/\/buy-prescriptionz.com\/#\/schema\/logo\/image\/","url":"https:\/\/buy-prescriptionz.com\/wp-content\/uploads\/2023\/09\/logo.png","contentUrl":"https:\/\/buy-prescriptionz.com\/wp-content\/uploads\/2023\/09\/logo.png","width":350,"height":64,"caption":"Buy Prescriptionz"},"image":{"@id":"https:\/\/buy-prescriptionz.com\/#\/schema\/logo\/image\/"}}]}},"_links":{"self":[{"href":"https:\/\/buy-prescriptionz.com\/fi\/wp-json\/wp\/v2\/product\/3000","targetHints":{"allow":["GET"]}}],"collection":[{"href":"https:\/\/buy-prescriptionz.com\/fi\/wp-json\/wp\/v2\/product"}],"about":[{"href":"https:\/\/buy-prescriptionz.com\/fi\/wp-json\/wp\/v2\/types\/product"}],"replies":[{"embeddable":true,"href":"https:\/\/buy-prescriptionz.com\/fi\/wp-json\/wp\/v2\/comments?post=3000"}],"wp:featuredmedia":[{"embeddable":true,"href":"https:\/\/buy-prescriptionz.com\/fi\/wp-json\/wp\/v2\/media\/3030"}],"wp:attachment":[{"href":"https:\/\/buy-prescriptionz.com\/fi\/wp-json\/wp\/v2\/media?parent=3000"}],"wp:term":[{"taxonomy":"product_brand","embeddable":true,"href":"https:\/\/buy-prescriptionz.com\/fi\/wp-json\/wp\/v2\/product_brand?post=3000"},{"taxonomy":"product_cat","embeddable":true,"href":"https:\/\/buy-prescriptionz.com\/fi\/wp-json\/wp\/v2\/product_cat?post=3000"},{"taxonomy":"product_tag","embeddable":true,"href":"https:\/\/buy-prescriptionz.com\/fi\/wp-json\/wp\/v2\/product_tag?post=3000"}],"curies":[{"name":"wp","href":"https:\/\/api.w.org\/{rel}","templated":true}]}}