{"id":3001,"date":"2025-09-16T08:55:53","date_gmt":"2025-09-16T08:55:53","guid":{"rendered":"https:\/\/chemsfine.com\/newsite\/?post_type=product&#038;p=3001"},"modified":"2025-09-19T13:33:38","modified_gmt":"2025-09-19T13:33:38","slug":"osta-actavis-prometatsiini-siirappia-verkosta","status":"publish","type":"product","link":"https:\/\/buy-prescriptionz.com\/fi\/tuote\/osta-actavis-prometatsiini-siirappia-verkosta\/","title":{"rendered":"Osta Actavis Promethazine Syrup verkossa"},"content":{"rendered":"<h2 style=\"text-align: justify;\">OSTAA ACTAVIS PROMETHAZINE SIIRAPPI VERKOSSA<\/h2>\n<p style=\"text-align: justify;\">Osta Actavis <a href=\"https:\/\/buy-prescriptionz.com\/fi\/tuote\/biphetamine\/\">Prometatsiini<\/a> Siirappi Online, Actavis Prometatsiinisiirappi k\u00e4ytet\u00e4\u00e4n flunssan, flunssan, allergioiden ja muiden hengitystiesairauksien aiheuttamien oireiden hoitoon. Se sis\u00e4lt\u00e4\u00e4 prometatsiinihydrokloridia 6,25 mg ja kodeiinifosfaattia 10 mg maustetussa siirappipohjassa, jonka pH on v\u00e4lill\u00e4 4,8-5,4, alkoholi 7%.<\/p>\n<h3 style=\"text-align: justify;\">OMINAISUUDET<\/h3>\n<p style=\"text-align: justify;\">Se toimii v\u00e4hent\u00e4m\u00e4ll\u00e4 histamiinin vaikutuksia, yhdisteen, jota keho vapauttaa vasteena tietyille \u00e4rsytt\u00e4ville aineille. Ja my\u00f6s Phenergania k\u00e4ytet\u00e4\u00e4n rauhoittavana ja unil\u00e4\u00e4kkeen\u00e4 kaikentyyppisille potilaille ja ehk\u00e4isem\u00e4\u00e4n tai hallitsemaan pahoinvointia ja oksentelua, hoitamaan matkapahoinvointia. Voit k\u00e4ytt\u00e4\u00e4 sit\u00e4 muiden l\u00e4\u00e4kkeiden kanssa my\u00f6s leikkauksen j\u00e4lkeiseen kipuun.<\/p>\n<h3 style=\"text-align: justify;\">VAROTOIMENPITEET<\/h3>\n<p style=\"text-align: justify;\">Ota v\u00e4litt\u00f6m\u00e4sti yhteytt\u00e4 l\u00e4\u00e4k\u00e4riin, jos koet voimakasta uneliaisuutta, sekavuutta tai pinnallista hengityst\u00e4. Verikokeita saatetaan joskus tarvita ei-toivottujen vaikutusten tarkistamiseksi.<\/p>\n<p style=\"text-align: justify;\"><strong>\u00c4l\u00e4 anna t\u00e4t\u00e4 l\u00e4\u00e4kett\u00e4:<\/strong><\/p>\n<p style=\"text-align: justify;\">- Alle 12-vuotiaat lapset.<br \/>\n- Alle 18-vuotiaille lapsille on tehty nielurisojen tai adenoidien poistoleikkaus.<br \/>\n- 12-18-vuotiaat lapset, joilla on suuri hengitysvaikeuksien riski (esim, <a href=\"https:\/\/de.wikipedia.org\/w\/index.php?sort=relevance&amp;search=Promethazine&amp;title=Spezial%3ASuche&amp;profile=advanced&amp;fulltext=1&amp;advancedSearch-current=%7B%7D&amp;ns0=1\">obstruktiivinen<\/a> uniapnea, lihavuus, keuhkosairaudet).<\/p>\n<h3 style=\"text-align: justify;\">SIVUVAIKUTUKSET<\/h3>\n<p style=\"text-align: justify;\">T\u00e4m\u00e4 l\u00e4\u00e4ke voi muodostaa tottumuksen. Jos sinusta tuntuu, ett\u00e4 se ei toimi yht\u00e4 hyvin, \u00e4l\u00e4 k\u00e4yt\u00e4 suurempaa annosta kuin sinulle on m\u00e4\u00e4r\u00e4tty. Soita l\u00e4\u00e4k\u00e4rillesi saadaksesi ohjeita.<\/p>\n<p style=\"text-align: justify;\">Prometatsiini voi lis\u00e4t\u00e4 kouristusten (kohtausten) riski\u00e4. Se voi my\u00f6s aiheuttaa dystoniaa (liikeh\u00e4iri\u00f6t\u00e4). T\u00e4m\u00e4 on todenn\u00e4k\u00f6isemp\u00e4\u00e4 sairaille lapsille, joilla on ripuli.<\/p>\n<p>Se tekee ihosta herkemm\u00e4n auringonvalolle. K\u00e4yt\u00e4 aurinkovoidetta, kun olet ulkona. V\u00e4lt\u00e4 aurinkolamppuja ja solariumia.<\/p>\n<p style=\"text-align: justify;\">\u00c4l\u00e4 ota muita l\u00e4\u00e4kkeit\u00e4, ellei niist\u00e4 ole keskusteltu l\u00e4\u00e4k\u00e4rin kanssa. T\u00e4m\u00e4 koskee my\u00f6s reseptil\u00e4\u00e4kkeit\u00e4 tai ilman resepti\u00e4 saatavia OTC-l\u00e4\u00e4kkeit\u00e4 (over-the-counter) sek\u00e4 kasvi- tai vitamiinivalmisteita.<\/p>\n<p style=\"text-align: justify;\">Ota v\u00e4litt\u00f6m\u00e4sti yhteytt\u00e4 l\u00e4\u00e4k\u00e4riin, jos sinulla on huolenaiheita.<\/p>\n<h3>Actavis Prometazine -siirapin ymm\u00e4rt\u00e4minen: Yleiskatsaus<\/h3>\n<p>Actavis Promethazine Syrup on reseptil\u00e4\u00e4ke, jota k\u00e4ytet\u00e4\u00e4n allergioiden, vilustumisen ja ysk\u00e4n oireiden hoitoon. Se sis\u00e4lt\u00e4\u00e4 prometatsiinin (antihistamiini) ja kodeiinin (narkoottinen ysk\u00e4nl\u00e4\u00e4ke) yhdistelm\u00e4n, jotka yhdess\u00e4 lievitt\u00e4v\u00e4t ysk\u00e4\u00e4, aivastelua, vuotavaa nen\u00e4\u00e4 ja muita hengitystiesairauksiin liittyvi\u00e4 oireita.<\/p>\n<h3>Miten Actavis Prometazine -siirappi toimii<\/h3>\n<p>Prometatsiini toimii est\u00e4m\u00e4ll\u00e4 histamiinin, elimist\u00f6n luonnollisen aineen, jota vapautuu allergisten reaktioiden aikana, vaikutuksia. Est\u00e4m\u00e4ll\u00e4 histamiinin vaikutusta prometatsiini auttaa v\u00e4hent\u00e4m\u00e4\u00e4n oireita, kuten kutinaa, aivastelua ja vetisi\u00e4 silmi\u00e4. Kodeiini vaikuttaa aivoihin tukahduttamalla ysk\u00e4nrefleksi\u00e4, mik\u00e4 helpottaa hengitt\u00e4mist\u00e4 ja v\u00e4hent\u00e4\u00e4 yskimist\u00e4.<\/p>\n<h3>Actavis Prometazine -siirapin hy\u00f6dyt<\/h3>\n<ol>\n<li><strong>Tehokas oireiden lievitys<\/strong>Paras Actavis Promethazine -siirappi tarjoaa nopean ja tehokkaan helpotuksen ysk\u00e4n, aivastelun ja tukkoisuuden oireisiin, jolloin k\u00e4ytt\u00e4j\u00e4t voivat tuntea olonsa mukavammaksi ja hengitt\u00e4\u00e4 helpommin.<\/li>\n<li><strong>L\u00e4\u00e4kkeiden yhdistelm\u00e4<\/strong>Actavis Promethazine Syrupin sis\u00e4lt\u00e4m\u00e4 prometatsiinin ja kodeiinin yhdistelm\u00e4 tarjoaa kokonaisvaltaisen l\u00e4hestymistavan hengitystieoireiden hoitoon, kohdistuen sek\u00e4 allergioiden ja vilustumisen taustalla olevaan syyhyn ett\u00e4 niihin liittyv\u00e4\u00e4n ysk\u00e4\u00e4n.<\/li>\n<li><strong>reseptil\u00e4\u00e4kkeen vahvuus naproxe<\/strong>Actavis Promethazine -siirappi on reseptil\u00e4\u00e4ke, mik\u00e4 tarkoittaa, ett\u00e4 sen vaikuttavien aineiden pitoisuus on suurempi, mik\u00e4 lievitt\u00e4\u00e4 oireita tehokkaammin kuin itsehoitol\u00e4\u00e4kkeet.<\/li>\n<li><strong>Monipuolinen hoito<\/strong>Allergioiden ja vilustumisen lis\u00e4ksi Actavis Promethazine -siirappia voidaan k\u00e4ytt\u00e4\u00e4 my\u00f6s muiden sairauksien, kuten keuhkoputkentulehduksen, poskiontelotulehduksen ja muiden hengitystieinfektioiden, hoitoon.<\/li>\n<li><strong>Mukautettava annostus<\/strong>Actavis Promethazine -siirappia on saatavilla eri vahvuuksina, mink\u00e4 ansiosta terveydenhuollon ammattilaiset voivat r\u00e4\u00e4t\u00e4l\u00f6id\u00e4 annostuksen kunkin yksil\u00f6llisen tarpeen mukaan optimaalisen oireiden lievityksen saavuttamiseksi.<\/li>\n<\/ol>\n<h3>Onko Actavis Prometazine -siirappi sopiva sinulle?<\/h3>\n<p>Ennen Actavis Promethazine -siirapin k\u00e4yt\u00f6n aloittamista on t\u00e4rke\u00e4\u00e4 keskustella terveydenhuollon ammattilaisen kanssa sen selvitt\u00e4miseksi, onko se oikea hoitovaihtoehto sairauteesi. Terveydenhuollon tarjoaja ottaa huomioon esimerkiksi sairaushistoriasi, nykyiset l\u00e4\u00e4kityksesi ja oireidesi vaikeusasteen m\u00e4\u00e4ritt\u00e4\u00e4kseen, sopiiko Actavis Promethazine -siirappi sinulle.<\/p>\n<h3>Mist\u00e4 ostaa Actavis-prometatsiini-siirappia<\/h3>\n<p>Jos sinulle on m\u00e4\u00e4r\u00e4tty Actavis Promethazine -siirappia ja mietit, mist\u00e4 sit\u00e4 voi ostaa, voit ostaa reseptil\u00e4\u00e4kkeit\u00e4 verkosta parhaasta apteekista, kuten buy-prescriptionz.com. Reseptil\u00e4\u00e4kkeiden ostaminen verkosta on k\u00e4tev\u00e4\u00e4 ja luottamuksellista, joten saat tarvitsemasi hoidon ilman, ett\u00e4 sinun tarvitsee k\u00e4yd\u00e4 fyysisess\u00e4 apteekissa.<\/p>\n<h3 style=\"text-align: justify;\">UNOHTUNUT ANNOS<\/h3>\n<p style=\"text-align: justify;\">Jos unohdat ottaa l\u00e4\u00e4keannoksen, ota se mahdollisimman pian. Jos kuitenkin seuraavan annoksen aika on melkein koittanut, j\u00e4t\u00e4 unohtunut annos v\u00e4liin ja palaa normaaliin annosteluohjelmaan. \u00c4l\u00e4 ota kaksinkertaisia annoksia.<\/p>\n<h3 style=\"text-align: justify;\">YLIANNOSTUS<\/h3>\n<p style=\"text-align: justify;\">Phenerganin yliannostuksen oireita voivat olla:<\/p>\n<p style=\"text-align: justify;\">T\u00e4m\u00e4 l\u00e4\u00e4ke voi aiheuttaa joillekin ihmisille huimausta, uneliaisuutta, suuria pupilleja, punoitusta, pahoinvointia, oksentelua, pinnallista hengityst\u00e4 ja py\u00f6rtymist\u00e4. Jos havaitset jotakin n\u00e4ist\u00e4, ota v\u00e4litt\u00f6m\u00e4sti yhteys l\u00e4\u00e4k\u00e4riin.<\/p>\n<h3 style=\"text-align: justify;\">VARASTOINTI<\/h3>\n<p style=\"text-align: justify;\">S\u00e4ilyt\u00e4 sit\u00e4 huoneenl\u00e4mm\u00f6ss\u00e4 suljetussa astiassa, suojattuna l\u00e4mm\u00f6lt\u00e4, kosteudelta ja suoralta valolta. S\u00e4ilyt\u00e4 se j\u00e4\u00e4tymiselt\u00e4. Pid\u00e4 my\u00f6s poissa lasten ulottuvilta.<\/p>\n<h3 style=\"text-align: justify;\">MIST\u00c4 OSTAA ACTAVIS PROMETHAZINE SIIRAPPI VERKOSSA?<\/h3>\n<p style=\"text-align: justify;\">Osta Actavis Promethazine Syrup online meilt\u00e4 (Buyprescriptionz.com) kotiovellesi parhaaseen hintaan. Ole aina terve. Tilaa nyt!<\/p>","protected":false},"excerpt":{"rendered":"<p>BUY ACTAVIS PROMETHAZINE SYRUP ONLINE Buy Actavis Promethazine Syrup Online, Actavis promethazine syrup is used to treat symptoms caused by the common cold, flu, allergies, and other breathing illnesses. It contains Promethazine hydrochloride 6.25 mg and codeine phosphate 10 mg in a flavored syrup base with a pH between 4.8 and 5.4, Alcohol 7%. FEATURES [&hellip;]<\/p>","protected":false},"featured_media":3031,"comment_status":"open","ping_status":"closed","template":"","meta":{"site-sidebar-layout":"default","site-content-layout":"","ast-site-content-layout":"default","site-content-style":"default","site-sidebar-style":"default","ast-global-header-display":"","ast-banner-title-visibility":"","ast-main-header-display":"","ast-hfb-above-header-display":"","ast-hfb-below-header-display":"","ast-hfb-mobile-header-display":"","site-post-title":"","ast-breadcrumbs-content":"","ast-featured-img":"","footer-sml-layout":"","theme-transparent-header-meta":"default","adv-header-id-meta":"","stick-header-meta":"","header-above-stick-meta":"","header-main-stick-meta":"","header-below-stick-meta":"","astra-migrate-meta-layouts":"set","ast-page-background-enabled":"default","ast-page-background-meta":{"desktop":{"background-color":"var(--ast-global-color-4)","background-image":"","background-repeat":"repeat","background-position":"center center","background-size":"auto","background-attachment":"scroll","background-type":"","background-media":"","overlay-type":"","overlay-color":"","overlay-opacity":"","overlay-gradient":""},"tablet":{"background-color":"","background-image":"","background-repeat":"repeat","background-position":"center center","background-size":"auto","background-attachment":"scroll","background-type":"","background-media":"","overlay-type":"","overlay-color":"","overlay-opacity":"","overlay-gradient":""},"mobile":{"background-color":"","background-image":"","background-repeat":"repeat","background-position":"center center","background-size":"auto","background-attachment":"scroll","background-type":"","background-media":"","overlay-type":"","overlay-color":"","overlay-opacity":"","overlay-gradient":""}},"ast-content-background-meta":{"desktop":{"background-color":"var(--ast-global-color-5)","background-image":"","background-repeat":"repeat","background-position":"center center","background-size":"auto","background-attachment":"scroll","background-type":"","background-media":"","overlay-type":"","overlay-color":"","overlay-opacity":"","overlay-gradient":""},"tablet":{"background-color":"var(--ast-global-color-5)","background-image":"","background-repeat":"repeat","background-position":"center center","background-size":"auto","background-attachment":"scroll","background-type":"","background-media":"","overlay-type":"","overlay-color":"","overlay-opacity":"","overlay-gradient":""},"mobile":{"background-color":"var(--ast-global-color-5)","background-image":"","background-repeat":"repeat","background-position":"center center","background-size":"auto","background-attachment":"scroll","background-type":"","background-media":"","overlay-type":"","overlay-color":"","overlay-opacity":"","overlay-gradient":""}}},"product_brand":[],"product_cat":[2382],"product_tag":[],"class_list":{"0":"post-3001","1":"product","2":"type-product","3":"status-publish","4":"has-post-thumbnail","6":"product_cat-buy-opioids-online","7":"desktop-align-center","8":"tablet-align-left","9":"mobile-align-left","11":"first","12":"instock","13":"shipping-taxable","14":"purchasable","15":"product-type-variable","16":"has-default-attributes"},"yoast_head":"<!-- This site is optimized with the Yoast SEO plugin v25.9 - https:\/\/yoast.com\/wordpress\/plugins\/seo\/ -->\n<title>Actavis Promethazine Syrup for Sale - Buy Actavis Promethazine Syrup Online<\/title>\n<meta name=\"description\" content=\"You can now get Actavis Promethazine Syrup for sale from our top Chems store. Our staff will assist you to buy Actavis Promethazine Syrup online at the best prices. Order Actavis Promethazine Syrup online today with worldwide shipping!\" \/>\n<meta name=\"robots\" content=\"index, follow, max-snippet:-1, max-image-preview:large, max-video-preview:-1\" \/>\n<link rel=\"canonical\" href=\"https:\/\/buy-prescriptionz.com\/fi\/tuote\/osta-actavis-prometatsiini-siirappia-verkosta\/\" \/>\n<meta property=\"og:locale\" content=\"fi_FI\" \/>\n<meta property=\"og:type\" content=\"article\" \/>\n<meta property=\"og:title\" content=\"Actavis Promethazine Syrup for Sale - Buy Actavis Promethazine Syrup Online\" \/>\n<meta property=\"og:description\" content=\"You can now get Actavis Promethazine Syrup for sale from our top Chems store. Our staff will assist you to buy Actavis Promethazine Syrup online at the best prices. Order Actavis Promethazine Syrup online today with worldwide shipping!\" \/>\n<meta property=\"og:url\" content=\"https:\/\/buy-prescriptionz.com\/fi\/tuote\/osta-actavis-prometatsiini-siirappia-verkosta\/\" \/>\n<meta property=\"og:site_name\" content=\"Buy Prescriptionz\" \/>\n<meta property=\"article:modified_time\" content=\"2025-09-19T13:33:38+00:00\" \/>\n<meta property=\"og:image\" content=\"https:\/\/buy-prescriptionz.com\/wp-content\/uploads\/2025\/09\/actavis-promathazine-syrup.jpg\" \/>\n\t<meta property=\"og:image:width\" content=\"400\" \/>\n\t<meta property=\"og:image:height\" content=\"300\" \/>\n\t<meta property=\"og:image:type\" content=\"image\/jpeg\" \/>\n<meta name=\"twitter:card\" content=\"summary_large_image\" \/>\n<meta name=\"twitter:label1\" content=\"Arvioitu lukuaika\" \/>\n\t<meta name=\"twitter:data1\" content=\"4 minuuttia\" \/>\n<script type=\"application\/ld+json\" class=\"yoast-schema-graph\">{\"@context\":\"https:\/\/schema.org\",\"@graph\":[{\"@type\":\"WebPage\",\"@id\":\"https:\/\/buy-prescriptionz.com\/cs\/produkt\/koupit-actavis-promethazin-sirup-online\/\",\"url\":\"https:\/\/buy-prescriptionz.com\/cs\/produkt\/koupit-actavis-promethazin-sirup-online\/\",\"name\":\"Actavis Promethazine Syrup for Sale - Buy Actavis Promethazine Syrup Online\",\"isPartOf\":{\"@id\":\"https:\/\/buy-prescriptionz.com\/#website\"},\"primaryImageOfPage\":{\"@id\":\"https:\/\/buy-prescriptionz.com\/cs\/produkt\/koupit-actavis-promethazin-sirup-online\/#primaryimage\"},\"image\":{\"@id\":\"https:\/\/buy-prescriptionz.com\/cs\/produkt\/koupit-actavis-promethazin-sirup-online\/#primaryimage\"},\"thumbnailUrl\":\"https:\/\/buy-prescriptionz.com\/wp-content\/uploads\/2025\/09\/actavis-promathazine-syrup.jpg\",\"datePublished\":\"2025-09-16T08:55:53+00:00\",\"dateModified\":\"2025-09-19T13:33:38+00:00\",\"description\":\"You can now get Actavis Promethazine Syrup for sale from our top Chems store. Our staff will assist you to buy Actavis Promethazine Syrup online at the best prices. Order Actavis Promethazine Syrup online today with worldwide shipping!\",\"breadcrumb\":{\"@id\":\"https:\/\/buy-prescriptionz.com\/cs\/produkt\/koupit-actavis-promethazin-sirup-online\/#breadcrumb\"},\"inLanguage\":\"fi\",\"potentialAction\":[{\"@type\":\"ReadAction\",\"target\":[\"https:\/\/buy-prescriptionz.com\/cs\/produkt\/koupit-actavis-promethazin-sirup-online\/\"]}]},{\"@type\":\"ImageObject\",\"inLanguage\":\"fi\",\"@id\":\"https:\/\/buy-prescriptionz.com\/cs\/produkt\/koupit-actavis-promethazin-sirup-online\/#primaryimage\",\"url\":\"https:\/\/buy-prescriptionz.com\/wp-content\/uploads\/2025\/09\/actavis-promathazine-syrup.jpg\",\"contentUrl\":\"https:\/\/buy-prescriptionz.com\/wp-content\/uploads\/2025\/09\/actavis-promathazine-syrup.jpg\",\"width\":400,\"height\":300},{\"@type\":\"BreadcrumbList\",\"@id\":\"https:\/\/buy-prescriptionz.com\/cs\/produkt\/koupit-actavis-promethazin-sirup-online\/#breadcrumb\",\"itemListElement\":[{\"@type\":\"ListItem\",\"position\":1,\"name\":\"Home\",\"item\":\"https:\/\/buy-prescriptionz.com\/\"},{\"@type\":\"ListItem\",\"position\":2,\"name\":\"Shop Painkillers Online\",\"item\":\"https:\/\/buy-prescriptionz.com\/shop-painkillers-online\/\"},{\"@type\":\"ListItem\",\"position\":3,\"name\":\"Buy Actavis Promethazine Syrup Online\"}]},{\"@type\":\"WebSite\",\"@id\":\"https:\/\/buy-prescriptionz.com\/#website\",\"url\":\"https:\/\/buy-prescriptionz.com\/\",\"name\":\"Buy Prescriptionz\",\"description\":\"Drugs Online\",\"publisher\":{\"@id\":\"https:\/\/buy-prescriptionz.com\/#organization\"},\"potentialAction\":[{\"@type\":\"SearchAction\",\"target\":{\"@type\":\"EntryPoint\",\"urlTemplate\":\"https:\/\/buy-prescriptionz.com\/?s={search_term_string}\"},\"query-input\":{\"@type\":\"PropertyValueSpecification\",\"valueRequired\":true,\"valueName\":\"search_term_string\"}}],\"inLanguage\":\"fi\"},{\"@type\":\"Organization\",\"@id\":\"https:\/\/buy-prescriptionz.com\/#organization\",\"name\":\"Buy Prescriptionz\",\"url\":\"https:\/\/buy-prescriptionz.com\/\",\"logo\":{\"@type\":\"ImageObject\",\"inLanguage\":\"fi\",\"@id\":\"https:\/\/buy-prescriptionz.com\/#\/schema\/logo\/image\/\",\"url\":\"https:\/\/buy-prescriptionz.com\/wp-content\/uploads\/2023\/09\/logo.png\",\"contentUrl\":\"https:\/\/buy-prescriptionz.com\/wp-content\/uploads\/2023\/09\/logo.png\",\"width\":350,\"height\":64,\"caption\":\"Buy Prescriptionz\"},\"image\":{\"@id\":\"https:\/\/buy-prescriptionz.com\/#\/schema\/logo\/image\/\"}}]}<\/script>\n<!-- \/ Yoast SEO plugin. -->","yoast_head_json":{"title":"Actavis Prometatsiini-siirappi myyt\u00e4v\u00e4n\u00e4 - Osta Actavis Prometatsiini-siirappia verkosta","description":"Voit nyt ostaa Actavis Promethazine -siirappia huippuluokan Chems-kaupastamme. Henkil\u00f6kuntamme auttaa sinua ostamaan Actavis Promethazine -siirappia verkosta parhaaseen hintaan. Tilaa Actavis Promethazine -siirappia verkosta jo t\u00e4n\u00e4\u00e4n ja toimitamme sen maailmanlaajuisesti!","robots":{"index":"index","follow":"follow","max-snippet":"max-snippet:-1","max-image-preview":"max-image-preview:large","max-video-preview":"max-video-preview:-1"},"canonical":"https:\/\/buy-prescriptionz.com\/fi\/tuote\/osta-actavis-prometatsiini-siirappia-verkosta\/","og_locale":"fi_FI","og_type":"article","og_title":"Actavis Promethazine Syrup for Sale - Buy Actavis Promethazine Syrup Online","og_description":"You can now get Actavis Promethazine Syrup for sale from our top Chems store. Our staff will assist you to buy Actavis Promethazine Syrup online at the best prices. Order Actavis Promethazine Syrup online today with worldwide shipping!","og_url":"https:\/\/buy-prescriptionz.com\/fi\/tuote\/osta-actavis-prometatsiini-siirappia-verkosta\/","og_site_name":"Buy Prescriptionz","article_modified_time":"2025-09-19T13:33:38+00:00","og_image":[{"width":400,"height":300,"url":"https:\/\/buy-prescriptionz.com\/wp-content\/uploads\/2025\/09\/actavis-promathazine-syrup.jpg","type":"image\/jpeg"}],"twitter_card":"summary_large_image","twitter_misc":{"Arvioitu lukuaika":"4 minuuttia"},"schema":{"@context":"https:\/\/schema.org","@graph":[{"@type":"WebPage","@id":"https:\/\/buy-prescriptionz.com\/cs\/produkt\/koupit-actavis-promethazin-sirup-online\/","url":"https:\/\/buy-prescriptionz.com\/cs\/produkt\/koupit-actavis-promethazin-sirup-online\/","name":"Actavis Prometatsiini-siirappi myyt\u00e4v\u00e4n\u00e4 - Osta Actavis Prometatsiini-siirappia verkosta","isPartOf":{"@id":"https:\/\/buy-prescriptionz.com\/#website"},"primaryImageOfPage":{"@id":"https:\/\/buy-prescriptionz.com\/cs\/produkt\/koupit-actavis-promethazin-sirup-online\/#primaryimage"},"image":{"@id":"https:\/\/buy-prescriptionz.com\/cs\/produkt\/koupit-actavis-promethazin-sirup-online\/#primaryimage"},"thumbnailUrl":"https:\/\/buy-prescriptionz.com\/wp-content\/uploads\/2025\/09\/actavis-promathazine-syrup.jpg","datePublished":"2025-09-16T08:55:53+00:00","dateModified":"2025-09-19T13:33:38+00:00","description":"Voit nyt ostaa Actavis Promethazine -siirappia huippuluokan Chems-kaupastamme. Henkil\u00f6kuntamme auttaa sinua ostamaan Actavis Promethazine -siirappia verkosta parhaaseen hintaan. Tilaa Actavis Promethazine -siirappia verkosta jo t\u00e4n\u00e4\u00e4n ja toimitamme sen maailmanlaajuisesti!","breadcrumb":{"@id":"https:\/\/buy-prescriptionz.com\/cs\/produkt\/koupit-actavis-promethazin-sirup-online\/#breadcrumb"},"inLanguage":"fi","potentialAction":[{"@type":"ReadAction","target":["https:\/\/buy-prescriptionz.com\/cs\/produkt\/koupit-actavis-promethazin-sirup-online\/"]}]},{"@type":"ImageObject","inLanguage":"fi","@id":"https:\/\/buy-prescriptionz.com\/cs\/produkt\/koupit-actavis-promethazin-sirup-online\/#primaryimage","url":"https:\/\/buy-prescriptionz.com\/wp-content\/uploads\/2025\/09\/actavis-promathazine-syrup.jpg","contentUrl":"https:\/\/buy-prescriptionz.com\/wp-content\/uploads\/2025\/09\/actavis-promathazine-syrup.jpg","width":400,"height":300},{"@type":"BreadcrumbList","@id":"https:\/\/buy-prescriptionz.com\/cs\/produkt\/koupit-actavis-promethazin-sirup-online\/#breadcrumb","itemListElement":[{"@type":"ListItem","position":1,"name":"Home","item":"https:\/\/buy-prescriptionz.com\/"},{"@type":"ListItem","position":2,"name":"Shop Painkillers Online","item":"https:\/\/buy-prescriptionz.com\/shop-painkillers-online\/"},{"@type":"ListItem","position":3,"name":"Buy Actavis Promethazine Syrup Online"}]},{"@type":"WebSite","@id":"https:\/\/buy-prescriptionz.com\/#website","url":"https:\/\/buy-prescriptionz.com\/","name":"Buy Prescriptionz","description":"Huumeet verkossa","publisher":{"@id":"https:\/\/buy-prescriptionz.com\/#organization"},"potentialAction":[{"@type":"SearchAction","target":{"@type":"EntryPoint","urlTemplate":"https:\/\/buy-prescriptionz.com\/?s={search_term_string}"},"query-input":{"@type":"PropertyValueSpecification","valueRequired":true,"valueName":"search_term_string"}}],"inLanguage":"fi"},{"@type":"Organization","@id":"https:\/\/buy-prescriptionz.com\/#organization","name":"Buy Prescriptionz","url":"https:\/\/buy-prescriptionz.com\/","logo":{"@type":"ImageObject","inLanguage":"fi","@id":"https:\/\/buy-prescriptionz.com\/#\/schema\/logo\/image\/","url":"https:\/\/buy-prescriptionz.com\/wp-content\/uploads\/2023\/09\/logo.png","contentUrl":"https:\/\/buy-prescriptionz.com\/wp-content\/uploads\/2023\/09\/logo.png","width":350,"height":64,"caption":"Buy Prescriptionz"},"image":{"@id":"https:\/\/buy-prescriptionz.com\/#\/schema\/logo\/image\/"}}]}},"_links":{"self":[{"href":"https:\/\/buy-prescriptionz.com\/fi\/wp-json\/wp\/v2\/product\/3001","targetHints":{"allow":["GET"]}}],"collection":[{"href":"https:\/\/buy-prescriptionz.com\/fi\/wp-json\/wp\/v2\/product"}],"about":[{"href":"https:\/\/buy-prescriptionz.com\/fi\/wp-json\/wp\/v2\/types\/product"}],"replies":[{"embeddable":true,"href":"https:\/\/buy-prescriptionz.com\/fi\/wp-json\/wp\/v2\/comments?post=3001"}],"wp:featuredmedia":[{"embeddable":true,"href":"https:\/\/buy-prescriptionz.com\/fi\/wp-json\/wp\/v2\/media\/3031"}],"wp:attachment":[{"href":"https:\/\/buy-prescriptionz.com\/fi\/wp-json\/wp\/v2\/media?parent=3001"}],"wp:term":[{"taxonomy":"product_brand","embeddable":true,"href":"https:\/\/buy-prescriptionz.com\/fi\/wp-json\/wp\/v2\/product_brand?post=3001"},{"taxonomy":"product_cat","embeddable":true,"href":"https:\/\/buy-prescriptionz.com\/fi\/wp-json\/wp\/v2\/product_cat?post=3001"},{"taxonomy":"product_tag","embeddable":true,"href":"https:\/\/buy-prescriptionz.com\/fi\/wp-json\/wp\/v2\/product_tag?post=3001"}],"curies":[{"name":"wp","href":"https:\/\/api.w.org\/{rel}","templated":true}]}}