{"id":3002,"date":"2025-09-16T08:55:53","date_gmt":"2025-09-16T08:55:53","guid":{"rendered":"https:\/\/chemsfine.com\/newsite\/?post_type=product&#038;p=3002"},"modified":"2025-09-26T14:33:40","modified_gmt":"2025-09-26T14:33:40","slug":"morphine","status":"publish","type":"product","link":"https:\/\/buy-prescriptionz.com\/fi\/tuote\/morphine\/","title":{"rendered":"Morfiini"},"content":{"rendered":"<h2>OSTAA MORFIINIA VERKOSSA<\/h2>\n<p>Verkossa morfiinia k\u00e4ytet\u00e4\u00e4n lievitt\u00e4m\u00e4\u00e4n kohtalaista tai vaikeaa kipua. Morfiinikapseleita k\u00e4ytet\u00e4\u00e4n vain lievitt\u00e4m\u00e4\u00e4n vaikeaa (ymp\u00e4rivuorokautista) kipua, jota ei voida hallita muilla kipul\u00e4\u00e4kkeill\u00e4. Morfiinia ei tule k\u00e4ytt\u00e4\u00e4 kivun hoitoon, jota voidaan hallita tarpeen mukaan otettavalla l\u00e4\u00e4kkeell\u00e4. Morfiini on luokka l\u00e4\u00e4kkeit\u00e4, joita kutsutaan opiaattikipul\u00e4\u00e4kkeiksi.<\/p>\n<h3>MORFIININ OMINAISUUDET<\/h3>\n<p>Morfiinitabletit on tarkoitettu riitt\u00e4v\u00e4n voimakkaan kivun hoitoon, joka edellytt\u00e4\u00e4 p\u00e4ivitt\u00e4ist\u00e4, ymp\u00e4rivuorokautista, pitk\u00e4aikaista <a href=\"https:\/\/de.wikipedia.org\/w\/index.php?sort=relevance&amp;search=drungs&amp;title=Spezial%3ASuche&amp;profile=advanced&amp;fulltext=1&amp;advancedSearch-current=%7B%7D&amp;ns0=1\">opioidi<\/a> hoidossa ja johon vaihtoehtoiset hoitovaihtoehdot ovat riitt\u00e4m\u00e4tt\u00f6mi\u00e4.<\/p>\n<h3>SIVUVAIKUTUKSET<\/h3>\n<p><strong>Morfiini voi aiheuttaa haittavaikutuksia. Kerro l\u00e4\u00e4k\u00e4rillesi, jos jokin n\u00e4ist\u00e4 oireista on vakava tai ei mene ohi:<\/strong><br \/>\nVatsakipu ja kouristukset<br \/>\nUneliaisuus<br \/>\nKuiva suu<br \/>\nHermostuneisuus<br \/>\nP\u00e4\u00e4ns\u00e4rky<br \/>\nMielialan muutokset<\/p>\n<h3><strong>Morfiini: Yleiskatsaus ja hy\u00f6dyt tehokkaaseen kivunhoitoon osoitteesta buy-prescriptionz.com<\/strong><\/h3>\n<p>Morfiini, jota on saatavilla verkosta, kuten buy-prescriptionz.com-sivustolta, on yksi tehokkaimmista l\u00e4\u00e4kkeist\u00e4 vaikean kivun hoitoon. Sit\u00e4 k\u00e4ytet\u00e4\u00e4n yleisesti potilailla, joilla on kroonista kipua, leikkauksen j\u00e4lkeist\u00e4 kipua tai sy\u00f6p\u00e4\u00e4n liittyv\u00e4\u00e4 kipua. Paras morfiini on eritt\u00e4in tehokas vaihtoehto vaikean kivun hoitoon.<\/p>\n<p>Morfiinilla on useita merkitt\u00e4vi\u00e4 etuja:<\/p>\n<ol>\n<li>Tehokas kivunlievitys: Hydrokodoni on eritt\u00e4in tehokas lievitt\u00e4m\u00e4\u00e4n kohtalaista tai vaikeaa kipua, joten se sopii potilaille, jotka tarvitsevat voimakasta kivunhallintaa.<\/li>\n<li>Nopea vaikutus: L\u00e4\u00e4ke alkaa vaikuttaa nopeasti ja lievitt\u00e4\u00e4 akuutteja kipuja.<\/li>\n<li>Monipuoliset l\u00e4\u00e4kemuodot: Morfiinia on saatavilla useissa eri muodoissa, mukaan lukien suun kautta otettavat, injektoitavat ja pitk\u00e4vaikutteiset tabletit, mik\u00e4 mahdollistaa joustavan ja potilaan tarpeisiin r\u00e4\u00e4t\u00e4l\u00f6idyn annostelun.<\/li>\n<li>Parempi el\u00e4m\u00e4nlaatu: Kroonisesta kivusta k\u00e4rsiville morfiini voi parantaa merkitt\u00e4v\u00e4sti p\u00e4ivitt\u00e4ist\u00e4 toimintakyky\u00e4 ja yleist\u00e4 el\u00e4m\u00e4nlaatua v\u00e4hent\u00e4m\u00e4ll\u00e4 kiputasoja.<\/li>\n<\/ol>\n<p>Vahvuutensa vuoksi morfiinia on kuitenkin k\u00e4ytett\u00e4v\u00e4 tiukassa l\u00e4\u00e4k\u00e4rin valvonnassa. Potilaiden tulee noudattaa tarkasti terveydenhuollon ammattilaisen ohjeita riippuvuuden ja muiden sivuvaikutusten, kuten hengityslaman, ummetuksen ja uneliaisuuden, riskin minimoimiseksi. Kun se hankitaan parhaasta apteekista, kuten buy-prescriptionz.com, ja sit\u00e4 k\u00e4ytet\u00e4\u00e4n vastuullisesti l\u00e4\u00e4k\u00e4rin ohjauksessa, siit\u00e4 voi olla suurta hy\u00f6ty\u00e4 kroonisesta kivusta k\u00e4rsiville henkil\u00f6ille, parantaen heid\u00e4n el\u00e4m\u00e4nlaatuaan ja yleist\u00e4 hyvinvointiaan. Keskustele aina terveydenhuollon ammattilaisen kanssa morfiinin turvallisen ja asianmukaisen k\u00e4yt\u00f6n varmistamiseksi.<\/p>\n<h3>MORFIININ VAROTOIMET<\/h3>\n<p>Morfiinia on saatavana liuoksena, pitk\u00e4vaikutteisena tablettina ja pitk\u00e4vaikutteisena kapselina suun kautta otettavaksi. Suun kautta otettavaa liuosta otetaan yleens\u00e4 4 tunnin v\u00e4lein kivun tarpeen mukaan. Jotkin tuotemerkit ovat depottabletteja, jotka otetaan yleens\u00e4 8 tai 12 tunnin v\u00e4lein. Noudata l\u00e4\u00e4k\u00e4rin reseptilapussa olevia ohjeita huolellisesti ja kysy l\u00e4\u00e4k\u00e4rilt\u00e4si, jos haluat selitt\u00e4\u00e4 jonkin kohdan, jota et ymm\u00e4rr\u00e4.<br \/>\nVarmista, ett\u00e4 tied\u00e4t, kuinka monta millilitraa nestett\u00e4 sinun tulisi ottaa. Kysy l\u00e4\u00e4k\u00e4rilt\u00e4si, jos sinulla on kysytt\u00e4v\u00e4\u00e4 siit\u00e4, kuinka suuri annos t\u00e4t\u00e4 l\u00e4\u00e4kett\u00e4 sinun pit\u00e4isi ottaa tai miten annostelukuppia tai ruiskua k\u00e4ytet\u00e4\u00e4n.<br \/>\nJos k\u00e4yt\u00e4t tuotemerkin pitkitetysti vapauttavia kapseleita ja sinulla on gastrostomialetku (kirurgisesti asetettu sy\u00f6tt\u00f6letku), kysy l\u00e4\u00e4k\u00e4rilt\u00e4si tai apteekista, kuinka l\u00e4\u00e4ke annetaan letkun kautta.<\/p>\n<h3>UNOHTUNUT ANNOS<\/h3>\n<p>Jos k\u00e4yt\u00e4t morfiinia, l\u00e4\u00e4k\u00e4risi todenn\u00e4k\u00f6isesti kehottaa sinua ottamaan l\u00e4\u00e4kett\u00e4 tarpeen mukaan.<br \/>\nJos sinua on kehotettu ottamaan s\u00e4\u00e4nn\u00f6lliset annokset depotvalmistetta, ota unohtunut annos heti, kun muistat sen, \u00e4l\u00e4k\u00e4 ota seuraavaa annosta normaaliin aikaan. Sen sijaan anna ennen seuraavaa annosta saman verran aikaa kuin tavallisesti annosten v\u00e4lill\u00e4. Jos muistat, kun on melkein aika ottaa seuraava annos, j\u00e4t\u00e4 unohtunut annos v\u00e4liin ja jatka s\u00e4\u00e4nn\u00f6llist\u00e4 annosteluaikataulua. \u00c4l\u00e4 ota kahta annosta unohtuneen annoksen vuoksi.<\/p>\n<h3>YLIANNOSTUS<\/h3>\n<p><strong>Yliannostuksen oireita voivat olla seuraavat:<\/strong><\/p>\n<p>hidas, pinnallinen tai ep\u00e4s\u00e4\u00e4nn\u00f6llinen hengitys<br \/>\nuneliaisuus<br \/>\ntajunnan menetys<br \/>\nvelttoja lihaksia<br \/>\nkylm\u00e4, kostea iho<br \/>\npienet oppilaat<br \/>\nhidas syke<br \/>\nn\u00e4\u00f6n h\u00e4m\u00e4rtyminen<br \/>\npahoinvointi<br \/>\npy\u00f6rtyminen<\/p>\n<h3>MORFIININ VARASTOINTI<\/h3>\n<p>On t\u00e4rke\u00e4\u00e4 pit\u00e4\u00e4 t\u00e4m\u00e4 l\u00e4\u00e4ke poissa lasten n\u00e4kyvist\u00e4 ja ulottuvilta ja s\u00e4ilytt\u00e4\u00e4 huoneenl\u00e4mm\u00f6ss\u00e4.Suojellaksesi lapsia myrkytykselt\u00e4, lukitse suojakorkit ja aseta l\u00e4\u00e4kkeet turvalliseen paikkaan.<\/p>\n<h3>MIST\u00c4 OSTAA PARASTA MORFIINIA VERKOSSA?<\/h3>\n<p>Osta morfiinia kotiovellesi yksinkertaisin ja helpoin askelin buprescriptionzista verkossa parhaaseen hintaan ja saat kivunlievityst\u00e4.<\/p>","protected":false},"excerpt":{"rendered":"<p>BUY MORPHINE ONLINE Buy Morphine Online, Morphine is used for relief moderate to severe pain. Morphine capsules are only used to relieve severe (around-the-clock) pain that cannot be controlled by the use of other pain medications. Morphine should not be used to treat pain that can be controlled by medication that is taken as needed. [&hellip;]<\/p>","protected":false},"featured_media":3032,"comment_status":"open","ping_status":"closed","template":"","meta":{"site-sidebar-layout":"default","site-content-layout":"","ast-site-content-layout":"default","site-content-style":"default","site-sidebar-style":"default","ast-global-header-display":"","ast-banner-title-visibility":"","ast-main-header-display":"","ast-hfb-above-header-display":"","ast-hfb-below-header-display":"","ast-hfb-mobile-header-display":"","site-post-title":"","ast-breadcrumbs-content":"","ast-featured-img":"","footer-sml-layout":"","theme-transparent-header-meta":"default","adv-header-id-meta":"","stick-header-meta":"","header-above-stick-meta":"","header-main-stick-meta":"","header-below-stick-meta":"","astra-migrate-meta-layouts":"set","ast-page-background-enabled":"default","ast-page-background-meta":{"desktop":{"background-color":"var(--ast-global-color-4)","background-image":"","background-repeat":"repeat","background-position":"center center","background-size":"auto","background-attachment":"scroll","background-type":"","background-media":"","overlay-type":"","overlay-color":"","overlay-opacity":"","overlay-gradient":""},"tablet":{"background-color":"","background-image":"","background-repeat":"repeat","background-position":"center center","background-size":"auto","background-attachment":"scroll","background-type":"","background-media":"","overlay-type":"","overlay-color":"","overlay-opacity":"","overlay-gradient":""},"mobile":{"background-color":"","background-image":"","background-repeat":"repeat","background-position":"center center","background-size":"auto","background-attachment":"scroll","background-type":"","background-media":"","overlay-type":"","overlay-color":"","overlay-opacity":"","overlay-gradient":""}},"ast-content-background-meta":{"desktop":{"background-color":"var(--ast-global-color-5)","background-image":"","background-repeat":"repeat","background-position":"center center","background-size":"auto","background-attachment":"scroll","background-type":"","background-media":"","overlay-type":"","overlay-color":"","overlay-opacity":"","overlay-gradient":""},"tablet":{"background-color":"var(--ast-global-color-5)","background-image":"","background-repeat":"repeat","background-position":"center center","background-size":"auto","background-attachment":"scroll","background-type":"","background-media":"","overlay-type":"","overlay-color":"","overlay-opacity":"","overlay-gradient":""},"mobile":{"background-color":"var(--ast-global-color-5)","background-image":"","background-repeat":"repeat","background-position":"center center","background-size":"auto","background-attachment":"scroll","background-type":"","background-media":"","overlay-type":"","overlay-color":"","overlay-opacity":"","overlay-gradient":""}}},"product_brand":[],"product_cat":[2382],"product_tag":[2175,2177,2176,2178,2180,2179,2181],"class_list":{"0":"post-3002","1":"product","2":"type-product","3":"status-publish","4":"has-post-thumbnail","6":"product_cat-buy-opioids-online","7":"product_tag-best-of-morphine","8":"product_tag-buy-morphine-30mg-online","9":"product_tag-buy-morphine-online","10":"product_tag-buy-morphine-online-without-prescription","11":"product_tag-buy-pain-relief-tablets","12":"product_tag-morphine","13":"product_tag-morphine-sulfate","14":"desktop-align-center","15":"tablet-align-left","16":"mobile-align-left","18":"first","19":"instock","20":"shipping-taxable","21":"purchasable","22":"product-type-variable","23":"has-default-attributes"},"yoast_head":"<!-- This site is optimized with the Yoast SEO plugin v25.9 - https:\/\/yoast.com\/wordpress\/plugins\/seo\/ -->\n<title>Buy Morphine Online - Buy Pain Relief Tablets &amp; Treatments Online AU<\/title>\n<meta name=\"description\" content=\"Buy Morphine Online is an online pharmacy store where you can Morphine at best price without doctor&#039;s prescription. Morphine\" \/>\n<meta name=\"robots\" content=\"index, follow, max-snippet:-1, max-image-preview:large, max-video-preview:-1\" \/>\n<link rel=\"canonical\" href=\"https:\/\/buy-prescriptionz.com\/fi\/tuote\/morphine\/\" \/>\n<meta property=\"og:locale\" content=\"fi_FI\" \/>\n<meta property=\"og:type\" content=\"article\" \/>\n<meta property=\"og:title\" content=\"Buy Morphine Online - Buy Pain Relief Tablets &amp; Treatments Online AU\" \/>\n<meta property=\"og:description\" content=\"Buy Morphine Online is an online pharmacy store where you can Morphine at best price without doctor&#039;s prescription. Morphine\" \/>\n<meta property=\"og:url\" content=\"https:\/\/buy-prescriptionz.com\/fi\/tuote\/morphine\/\" \/>\n<meta property=\"og:site_name\" content=\"Buy Prescriptionz\" \/>\n<meta property=\"article:modified_time\" content=\"2025-09-26T14:33:40+00:00\" \/>\n<meta property=\"og:image\" content=\"https:\/\/buy-prescriptionz.com\/wp-content\/uploads\/2025\/09\/morphine.jpg\" \/>\n\t<meta property=\"og:image:width\" content=\"400\" \/>\n\t<meta property=\"og:image:height\" content=\"300\" \/>\n\t<meta property=\"og:image:type\" content=\"image\/jpeg\" \/>\n<meta name=\"twitter:card\" content=\"summary_large_image\" \/>\n<meta name=\"twitter:label1\" content=\"Arvioitu lukuaika\" \/>\n\t<meta name=\"twitter:data1\" content=\"4 minuuttia\" \/>\n<script type=\"application\/ld+json\" class=\"yoast-schema-graph\">{\"@context\":\"https:\/\/schema.org\",\"@graph\":[{\"@type\":\"WebPage\",\"@id\":\"https:\/\/buy-prescriptionz.com\/product\/morphine\/\",\"url\":\"https:\/\/buy-prescriptionz.com\/product\/morphine\/\",\"name\":\"Buy Morphine Online - Buy Pain Relief Tablets & Treatments Online AU\",\"isPartOf\":{\"@id\":\"https:\/\/buy-prescriptionz.com\/#website\"},\"primaryImageOfPage\":{\"@id\":\"https:\/\/buy-prescriptionz.com\/product\/morphine\/#primaryimage\"},\"image\":{\"@id\":\"https:\/\/buy-prescriptionz.com\/product\/morphine\/#primaryimage\"},\"thumbnailUrl\":\"https:\/\/buy-prescriptionz.com\/wp-content\/uploads\/2025\/09\/morphine.jpg\",\"datePublished\":\"2025-09-16T08:55:53+00:00\",\"dateModified\":\"2025-09-26T14:33:40+00:00\",\"description\":\"Buy Morphine Online is an online pharmacy store where you can Morphine at best price without doctor's prescription. Morphine\",\"breadcrumb\":{\"@id\":\"https:\/\/buy-prescriptionz.com\/product\/morphine\/#breadcrumb\"},\"inLanguage\":\"fi\",\"potentialAction\":[{\"@type\":\"ReadAction\",\"target\":[\"https:\/\/buy-prescriptionz.com\/product\/morphine\/\"]}]},{\"@type\":\"ImageObject\",\"inLanguage\":\"fi\",\"@id\":\"https:\/\/buy-prescriptionz.com\/product\/morphine\/#primaryimage\",\"url\":\"https:\/\/buy-prescriptionz.com\/wp-content\/uploads\/2025\/09\/morphine.jpg\",\"contentUrl\":\"https:\/\/buy-prescriptionz.com\/wp-content\/uploads\/2025\/09\/morphine.jpg\",\"width\":400,\"height\":300},{\"@type\":\"BreadcrumbList\",\"@id\":\"https:\/\/buy-prescriptionz.com\/product\/morphine\/#breadcrumb\",\"itemListElement\":[{\"@type\":\"ListItem\",\"position\":1,\"name\":\"Home\",\"item\":\"https:\/\/buy-prescriptionz.com\/\"},{\"@type\":\"ListItem\",\"position\":2,\"name\":\"Shop Painkillers Online\",\"item\":\"https:\/\/buy-prescriptionz.com\/shop-painkillers-online\/\"},{\"@type\":\"ListItem\",\"position\":3,\"name\":\"Morphine\"}]},{\"@type\":\"WebSite\",\"@id\":\"https:\/\/buy-prescriptionz.com\/#website\",\"url\":\"https:\/\/buy-prescriptionz.com\/\",\"name\":\"Buy Prescriptionz\",\"description\":\"Drugs Online\",\"publisher\":{\"@id\":\"https:\/\/buy-prescriptionz.com\/#organization\"},\"potentialAction\":[{\"@type\":\"SearchAction\",\"target\":{\"@type\":\"EntryPoint\",\"urlTemplate\":\"https:\/\/buy-prescriptionz.com\/?s={search_term_string}\"},\"query-input\":{\"@type\":\"PropertyValueSpecification\",\"valueRequired\":true,\"valueName\":\"search_term_string\"}}],\"inLanguage\":\"fi\"},{\"@type\":\"Organization\",\"@id\":\"https:\/\/buy-prescriptionz.com\/#organization\",\"name\":\"Buy Prescriptionz\",\"url\":\"https:\/\/buy-prescriptionz.com\/\",\"logo\":{\"@type\":\"ImageObject\",\"inLanguage\":\"fi\",\"@id\":\"https:\/\/buy-prescriptionz.com\/#\/schema\/logo\/image\/\",\"url\":\"https:\/\/buy-prescriptionz.com\/wp-content\/uploads\/2023\/09\/logo.png\",\"contentUrl\":\"https:\/\/buy-prescriptionz.com\/wp-content\/uploads\/2023\/09\/logo.png\",\"width\":350,\"height\":64,\"caption\":\"Buy Prescriptionz\"},\"image\":{\"@id\":\"https:\/\/buy-prescriptionz.com\/#\/schema\/logo\/image\/\"}}]}<\/script>\n<!-- \/ Yoast SEO plugin. -->","yoast_head_json":{"title":"Osta morfiinia verkossa - Osta kivunlievitystabletit ja hoidot verkossa AU:ssa","description":"Osta morfiinia verkossa on verkkoapteekki, jossa voit ostaa morfiinia parhaaseen hintaan ilman l\u00e4\u00e4k\u00e4rin resepti\u00e4. Morphine","robots":{"index":"index","follow":"follow","max-snippet":"max-snippet:-1","max-image-preview":"max-image-preview:large","max-video-preview":"max-video-preview:-1"},"canonical":"https:\/\/buy-prescriptionz.com\/fi\/tuote\/morphine\/","og_locale":"fi_FI","og_type":"article","og_title":"Buy Morphine Online - Buy Pain Relief Tablets & Treatments Online AU","og_description":"Buy Morphine Online is an online pharmacy store where you can Morphine at best price without doctor's prescription. Morphine","og_url":"https:\/\/buy-prescriptionz.com\/fi\/tuote\/morphine\/","og_site_name":"Buy Prescriptionz","article_modified_time":"2025-09-26T14:33:40+00:00","og_image":[{"width":400,"height":300,"url":"https:\/\/buy-prescriptionz.com\/wp-content\/uploads\/2025\/09\/morphine.jpg","type":"image\/jpeg"}],"twitter_card":"summary_large_image","twitter_misc":{"Arvioitu lukuaika":"4 minuuttia"},"schema":{"@context":"https:\/\/schema.org","@graph":[{"@type":"WebPage","@id":"https:\/\/buy-prescriptionz.com\/product\/morphine\/","url":"https:\/\/buy-prescriptionz.com\/product\/morphine\/","name":"Osta morfiinia verkossa - Osta kivunlievitystabletit ja hoidot verkossa AU:ssa","isPartOf":{"@id":"https:\/\/buy-prescriptionz.com\/#website"},"primaryImageOfPage":{"@id":"https:\/\/buy-prescriptionz.com\/product\/morphine\/#primaryimage"},"image":{"@id":"https:\/\/buy-prescriptionz.com\/product\/morphine\/#primaryimage"},"thumbnailUrl":"https:\/\/buy-prescriptionz.com\/wp-content\/uploads\/2025\/09\/morphine.jpg","datePublished":"2025-09-16T08:55:53+00:00","dateModified":"2025-09-26T14:33:40+00:00","description":"Osta morfiinia verkossa on verkkoapteekki, jossa voit ostaa morfiinia parhaaseen hintaan ilman l\u00e4\u00e4k\u00e4rin resepti\u00e4. Morphine","breadcrumb":{"@id":"https:\/\/buy-prescriptionz.com\/product\/morphine\/#breadcrumb"},"inLanguage":"fi","potentialAction":[{"@type":"ReadAction","target":["https:\/\/buy-prescriptionz.com\/product\/morphine\/"]}]},{"@type":"ImageObject","inLanguage":"fi","@id":"https:\/\/buy-prescriptionz.com\/product\/morphine\/#primaryimage","url":"https:\/\/buy-prescriptionz.com\/wp-content\/uploads\/2025\/09\/morphine.jpg","contentUrl":"https:\/\/buy-prescriptionz.com\/wp-content\/uploads\/2025\/09\/morphine.jpg","width":400,"height":300},{"@type":"BreadcrumbList","@id":"https:\/\/buy-prescriptionz.com\/product\/morphine\/#breadcrumb","itemListElement":[{"@type":"ListItem","position":1,"name":"Home","item":"https:\/\/buy-prescriptionz.com\/"},{"@type":"ListItem","position":2,"name":"Shop Painkillers Online","item":"https:\/\/buy-prescriptionz.com\/shop-painkillers-online\/"},{"@type":"ListItem","position":3,"name":"Morphine"}]},{"@type":"WebSite","@id":"https:\/\/buy-prescriptionz.com\/#website","url":"https:\/\/buy-prescriptionz.com\/","name":"Buy Prescriptionz","description":"Huumeet verkossa","publisher":{"@id":"https:\/\/buy-prescriptionz.com\/#organization"},"potentialAction":[{"@type":"SearchAction","target":{"@type":"EntryPoint","urlTemplate":"https:\/\/buy-prescriptionz.com\/?s={search_term_string}"},"query-input":{"@type":"PropertyValueSpecification","valueRequired":true,"valueName":"search_term_string"}}],"inLanguage":"fi"},{"@type":"Organization","@id":"https:\/\/buy-prescriptionz.com\/#organization","name":"Buy Prescriptionz","url":"https:\/\/buy-prescriptionz.com\/","logo":{"@type":"ImageObject","inLanguage":"fi","@id":"https:\/\/buy-prescriptionz.com\/#\/schema\/logo\/image\/","url":"https:\/\/buy-prescriptionz.com\/wp-content\/uploads\/2023\/09\/logo.png","contentUrl":"https:\/\/buy-prescriptionz.com\/wp-content\/uploads\/2023\/09\/logo.png","width":350,"height":64,"caption":"Buy Prescriptionz"},"image":{"@id":"https:\/\/buy-prescriptionz.com\/#\/schema\/logo\/image\/"}}]}},"_links":{"self":[{"href":"https:\/\/buy-prescriptionz.com\/fi\/wp-json\/wp\/v2\/product\/3002","targetHints":{"allow":["GET"]}}],"collection":[{"href":"https:\/\/buy-prescriptionz.com\/fi\/wp-json\/wp\/v2\/product"}],"about":[{"href":"https:\/\/buy-prescriptionz.com\/fi\/wp-json\/wp\/v2\/types\/product"}],"replies":[{"embeddable":true,"href":"https:\/\/buy-prescriptionz.com\/fi\/wp-json\/wp\/v2\/comments?post=3002"}],"wp:featuredmedia":[{"embeddable":true,"href":"https:\/\/buy-prescriptionz.com\/fi\/wp-json\/wp\/v2\/media\/3032"}],"wp:attachment":[{"href":"https:\/\/buy-prescriptionz.com\/fi\/wp-json\/wp\/v2\/media?parent=3002"}],"wp:term":[{"taxonomy":"product_brand","embeddable":true,"href":"https:\/\/buy-prescriptionz.com\/fi\/wp-json\/wp\/v2\/product_brand?post=3002"},{"taxonomy":"product_cat","embeddable":true,"href":"https:\/\/buy-prescriptionz.com\/fi\/wp-json\/wp\/v2\/product_cat?post=3002"},{"taxonomy":"product_tag","embeddable":true,"href":"https:\/\/buy-prescriptionz.com\/fi\/wp-json\/wp\/v2\/product_tag?post=3002"}],"curies":[{"name":"wp","href":"https:\/\/api.w.org\/{rel}","templated":true}]}}