{"id":3003,"date":"2025-09-16T08:55:53","date_gmt":"2025-09-16T08:55:53","guid":{"rendered":"https:\/\/chemsfine.com\/newsite\/?post_type=product&#038;p=3003"},"modified":"2025-09-24T18:44:33","modified_gmt":"2025-09-24T18:44:33","slug":"osta-opana-er-oxymorphone-online","status":"publish","type":"product","link":"https:\/\/buy-prescriptionz.com\/fi\/tuote\/osta-opana-er-oxymorphone-online\/","title":{"rendered":"Osta Opana ER (oksymorfoni) verkossa"},"content":{"rendered":"<h2>OSTA OPANA VERKOSTA<\/h2>\n<p>Osta Opana ER (Oxymorphone) verkossa. Opana ER (Oxymorphone Hydrochloride) on kipul\u00e4\u00e4ke. Sit\u00e4 k\u00e4ytet\u00e4\u00e4n liev\u00e4n tai vaikean kivun hoitoon, joka kest\u00e4\u00e4 yli muutaman p\u00e4iv\u00e4n. Sit\u00e4 k\u00e4ytt\u00e4v\u00e4t ihmiset, jotka ovat k\u00e4ytt\u00e4neet opioideja tai narkoottisia kipul\u00e4\u00e4kkeit\u00e4.<\/p>\n<h3>OPANA ER:N OMINAISUUDET<\/h3>\n<p>Opana ER kuuluu opioidien luokkaan ja hoitaa kipua. N\u00e4it\u00e4 k\u00e4ytet\u00e4\u00e4n opioidiriippuvuuden, kivun ja ripulin hoitoon. Ne toimivat vaikuttamalla aivojen alueisiin, jotka reagoivat kipuun, ja mahdollistamalla nesteen imeytymisen ohutsuoleen.<\/p>\n<h3><strong>Opana ER (oksimorfoni): Yleiskatsaus hy\u00f6tyihin ja tehokkaaseen kivunhoitoon<\/strong><\/h3>\n<p>Opana ER (oksimorfoni) on tehokas opioidil\u00e4\u00e4ke, jota k\u00e4ytet\u00e4\u00e4n jatkuvaa, pitk\u00e4aikaista hoitoa vaativan vaikean kivun hoitoon. Se on saatavilla useista verkkol\u00e4hteist\u00e4, kuten buy-prescriptionz.com, ja se tarjoaa tehokkaan ratkaisun kroonisten kiputilojen kanssa kamppaileville henkil\u00f6ille.<\/p>\n<ol>\n<li>Tehokas kivunlievitys: Hydrokodoni on eritt\u00e4in tehokas lievitt\u00e4m\u00e4\u00e4n kohtalaista tai vaikeaa kipua, joten se sopii potilaille, jotka tarvitsevat voimakasta kivunhallintaa.<\/li>\n<li>Pitk\u00e4kestoinen helpotus: Pitk\u00e4vaikutteinen koostumus varmistaa, ett\u00e4 potilaat kokevat kivunlievityst\u00e4 pitk\u00e4\u00e4n ilman tihe\u00e4\u00e4 annostelua.<\/li>\n<li>Parempi el\u00e4m\u00e4nlaatu: Opana ER voi merkitt\u00e4v\u00e4sti parantaa vakavasta kroonisesta kivusta k\u00e4rsivien el\u00e4m\u00e4nlaatua mahdollistamalla paremman liikkuvuuden ja toimintakyvyn.<\/li>\n<\/ol>\n<h3>NOUDATA SEURAAVIA VAROTOIMENPITEIT\u00c4<\/h3>\n<p>Ennen kuin otat t\u00e4t\u00e4, kerro l\u00e4\u00e4k\u00e4rillesi, jos olet allerginen sille tai muille sympatomimeettisille l\u00e4\u00e4kkeille (kuten lisdeksamfetamiinille) tai jos sinulla on muita allergioita. T\u00e4m\u00e4 tuote sis\u00e4lt\u00e4\u00e4 inaktiivisia ainesosia, jotka voivat aiheuttaa allergisia reaktioita tai muita ongelmia. Keskustele apteekkihenkil\u00f6kunnan kanssa saadaksesi lis\u00e4tietoja.<\/p>\n<h3>TIETO OPANA ER:N K\u00c4YTT\u00d6\u00d6N LIITTYVIST\u00c4 HAITTAVAIKUTUKSISTA<\/h3>\n<p>Pahoinvointia, oksentelua, p\u00e4\u00e4ns\u00e4rky\u00e4, ummetusta, liev\u00e4\u00e4 kutinaa, suun kuivumista, py\u00f6rrytyst\u00e4, huimausta tai uneliaisuutta voi esiinty\u00e4. Jos jokin sivuvaikutuksista jatkuu tai pahenee, kerro siit\u00e4 v\u00e4litt\u00f6m\u00e4sti l\u00e4\u00e4k\u00e4rillesi. Kerro l\u00e4\u00e4k\u00e4rillesi heti, jos sinulla on vakavia sivuvaikutuksia, kuten mielentilan\/mielialan muutoksia, vatsakipua, n\u00e4k\u00f6h\u00e4iri\u00f6it\u00e4, virtsaamisvaikeuksia, hidasta tai nopeaa syd\u00e4mensykett\u00e4, nielemisvaikeuksia (kuten y\u00f6kk\u00e4ily\u00e4, tukehtumista) tai merkkej\u00e4 lis\u00e4munuaisten toimimattomuudesta.<\/p>\n<h3>UNOHTUNEET ANNOSONGELMAT<\/h3>\n<p>Koska hydrokodonia k\u00e4ytet\u00e4\u00e4n kipul\u00e4\u00e4kkeen\u00e4, et todenn\u00e4k\u00f6isesti j\u00e4t\u00e4 annosta v\u00e4liin. J\u00e4t\u00e4 unohtunut annos v\u00e4liin, jos on seuraavan annoksen aika. \u00c4l\u00e4 k\u00e4yt\u00e4 kahta annosta kerralla.<\/p>\n<h3>YLIANNOSTUS VOI AIHEUTTAA<\/h3>\n<p>Jos joku on ottanut yliannostuksen ja sill\u00e4 on vakavia oireita, kuten py\u00f6rtyminen tai hengitysvaikeuksia, ota v\u00e4litt\u00f6m\u00e4sti yhteys l\u00e4\u00e4k\u00e4riin. Yliannostuksen oireita voivat olla: hidas\/pinnallinen hengitys, hidas syd\u00e4mensyke ja kooma. Osta Opana ER (Oxymorphone) verkossa<\/p>\n<h3>OPANA-S\u00c4ILYTYS ON<\/h3>\n<p>S\u00e4ilyt\u00e4 25 \u00b0C:ssa (77 \u00b0F), sallittu l\u00e4mp\u00f6tilanvaihtelu on 15\u201330 \u00b0C (59\u201386 \u00b0F). Annostele tiiviiss\u00e4, lapsiturvallisella korkilla varustetussa astiassa.<\/p>\n<h3>MIST\u00c4 OSTAA OPANA ER -TUOTTEITA VERKOSTA?<\/h3>\n<p>Osta Opana ER (oksimorfoni) verkossa reseptill\u00e4 myynniss\u00e4 Opana ER. Osta Opana ER Buyprescriptionz:st\u00e4 kotiovellesi parhaaseen hintaan. El\u00e4 onnellista ja tervett\u00e4 el\u00e4m\u00e4\u00e4.<\/p>\n<p>&nbsp;<\/p>","protected":false},"excerpt":{"rendered":"<p>BUY OPANA ER ONLINE Buy Opana ER (Oxymorphone) Online, Opana ER (Oxymorphone Hydrochloride) is a pain reliever. It is used to treat modest to severe pain that lasts for more than a few days. It is used by the people who have been taking an opioid or narcotic pain medicine. FEATURES OF OPANA ER Opana [&hellip;]<\/p>","protected":false},"featured_media":3033,"comment_status":"open","ping_status":"closed","template":"","meta":{"site-sidebar-layout":"default","site-content-layout":"","ast-site-content-layout":"default","site-content-style":"default","site-sidebar-style":"default","ast-global-header-display":"","ast-banner-title-visibility":"","ast-main-header-display":"","ast-hfb-above-header-display":"","ast-hfb-below-header-display":"","ast-hfb-mobile-header-display":"","site-post-title":"","ast-breadcrumbs-content":"","ast-featured-img":"","footer-sml-layout":"","theme-transparent-header-meta":"default","adv-header-id-meta":"","stick-header-meta":"","header-above-stick-meta":"","header-main-stick-meta":"","header-below-stick-meta":"","astra-migrate-meta-layouts":"set","ast-page-background-enabled":"default","ast-page-background-meta":{"desktop":{"background-color":"var(--ast-global-color-4)","background-image":"","background-repeat":"repeat","background-position":"center center","background-size":"auto","background-attachment":"scroll","background-type":"","background-media":"","overlay-type":"","overlay-color":"","overlay-opacity":"","overlay-gradient":""},"tablet":{"background-color":"","background-image":"","background-repeat":"repeat","background-position":"center center","background-size":"auto","background-attachment":"scroll","background-type":"","background-media":"","overlay-type":"","overlay-color":"","overlay-opacity":"","overlay-gradient":""},"mobile":{"background-color":"","background-image":"","background-repeat":"repeat","background-position":"center center","background-size":"auto","background-attachment":"scroll","background-type":"","background-media":"","overlay-type":"","overlay-color":"","overlay-opacity":"","overlay-gradient":""}},"ast-content-background-meta":{"desktop":{"background-color":"var(--ast-global-color-5)","background-image":"","background-repeat":"repeat","background-position":"center center","background-size":"auto","background-attachment":"scroll","background-type":"","background-media":"","overlay-type":"","overlay-color":"","overlay-opacity":"","overlay-gradient":""},"tablet":{"background-color":"var(--ast-global-color-5)","background-image":"","background-repeat":"repeat","background-position":"center center","background-size":"auto","background-attachment":"scroll","background-type":"","background-media":"","overlay-type":"","overlay-color":"","overlay-opacity":"","overlay-gradient":""},"mobile":{"background-color":"var(--ast-global-color-5)","background-image":"","background-repeat":"repeat","background-position":"center center","background-size":"auto","background-attachment":"scroll","background-type":"","background-media":"","overlay-type":"","overlay-color":"","overlay-opacity":"","overlay-gradient":""}}},"product_brand":[],"product_cat":[2383],"product_tag":[1416,1417,1415,1410,1413,1412,1411,1414,1409,1408,1419,1418],"class_list":{"0":"post-3003","1":"product","2":"type-product","3":"status-publish","4":"has-post-thumbnail","6":"product_cat-buy-stimulants-online","7":"product_tag-buy-opana-er-oxymorphone-in-canada","8":"product_tag-buy-opana-er-oxymorphone-in-uk","9":"product_tag-buy-opana-er-oxymorphone-in-usa","10":"product_tag-buy-opana-er-oxymorphone-with-bitcoin","11":"product_tag-buy-opana-er-oxymorphone-with-credit-card","12":"product_tag-buy-opana-er-oxymorphone-with-money-gram","13":"product_tag-buy-opana-er-oxymorphone-with-western-union","14":"product_tag-buy-opana-er-oxymorphone-without-a-doctor","15":"product_tag-buy-opana-er-oxymorphone-without-prescription","16":"product_tag-opana-er-oxymorphone-for-sale","17":"product_tag-opana-er-oxymorphone-pills","18":"product_tag-opana-er-oxymorphone-tablets","19":"desktop-align-center","20":"tablet-align-left","21":"mobile-align-left","23":"first","24":"instock","25":"featured","26":"shipping-taxable","27":"purchasable","28":"product-type-variable","29":"has-default-attributes"},"yoast_head":"<!-- This site is optimized with the Yoast SEO plugin v25.9 - https:\/\/yoast.com\/wordpress\/plugins\/seo\/ -->\n<title>Buy Opana ER (Oxymorphone) Online - Buy Opana Online For Sale<\/title>\n<meta name=\"description\" content=\"Buy Opana ER (Oxymorphone) Online \u2013 Opana \u2013 Buy Opana online.Buy Opana ER 40mg.Uses of Opana (Oxymorphone HCL): Oxymorphone is used to help relieve moderate\" \/>\n<meta name=\"robots\" content=\"index, follow, max-snippet:-1, max-image-preview:large, max-video-preview:-1\" \/>\n<link rel=\"canonical\" href=\"https:\/\/buy-prescriptionz.com\/fi\/tuote\/osta-opana-er-oxymorphone-online\/\" \/>\n<meta property=\"og:locale\" content=\"fi_FI\" \/>\n<meta property=\"og:type\" content=\"article\" \/>\n<meta property=\"og:title\" content=\"Buy Opana ER (Oxymorphone) Online - Buy Opana Online For Sale\" \/>\n<meta property=\"og:description\" content=\"Buy Opana ER (Oxymorphone) Online \u2013 Opana \u2013 Buy Opana online.Buy Opana ER 40mg.Uses of Opana (Oxymorphone HCL): Oxymorphone is used to help relieve moderate\" \/>\n<meta property=\"og:url\" content=\"https:\/\/buy-prescriptionz.com\/fi\/tuote\/osta-opana-er-oxymorphone-online\/\" \/>\n<meta property=\"og:site_name\" content=\"Buy Prescriptionz\" \/>\n<meta property=\"article:modified_time\" content=\"2025-09-24T18:44:33+00:00\" \/>\n<meta property=\"og:image\" content=\"https:\/\/buy-prescriptionz.com\/wp-content\/uploads\/2025\/09\/opana-er-oxymorphone.jpg\" \/>\n\t<meta property=\"og:image:width\" content=\"400\" \/>\n\t<meta property=\"og:image:height\" content=\"300\" \/>\n\t<meta property=\"og:image:type\" content=\"image\/jpeg\" \/>\n<meta name=\"twitter:card\" content=\"summary_large_image\" \/>\n<meta name=\"twitter:label1\" content=\"Arvioitu lukuaika\" \/>\n\t<meta name=\"twitter:data1\" content=\"3 minuuttia\" \/>\n<script type=\"application\/ld+json\" class=\"yoast-schema-graph\">{\"@context\":\"https:\/\/schema.org\",\"@graph\":[{\"@type\":\"WebPage\",\"@id\":\"https:\/\/buy-prescriptionz.com\/product\/buy-opana-er-oxymorphone-online\/\",\"url\":\"https:\/\/buy-prescriptionz.com\/product\/buy-opana-er-oxymorphone-online\/\",\"name\":\"Buy Opana ER (Oxymorphone) Online - Buy Opana Online For Sale\",\"isPartOf\":{\"@id\":\"https:\/\/buy-prescriptionz.com\/#website\"},\"primaryImageOfPage\":{\"@id\":\"https:\/\/buy-prescriptionz.com\/product\/buy-opana-er-oxymorphone-online\/#primaryimage\"},\"image\":{\"@id\":\"https:\/\/buy-prescriptionz.com\/product\/buy-opana-er-oxymorphone-online\/#primaryimage\"},\"thumbnailUrl\":\"https:\/\/buy-prescriptionz.com\/wp-content\/uploads\/2025\/09\/opana-er-oxymorphone.jpg\",\"datePublished\":\"2025-09-16T08:55:53+00:00\",\"dateModified\":\"2025-09-24T18:44:33+00:00\",\"description\":\"Buy Opana ER (Oxymorphone) Online \u2013 Opana \u2013 Buy Opana online.Buy Opana ER 40mg.Uses of Opana (Oxymorphone HCL): Oxymorphone is used to help relieve moderate\",\"breadcrumb\":{\"@id\":\"https:\/\/buy-prescriptionz.com\/product\/buy-opana-er-oxymorphone-online\/#breadcrumb\"},\"inLanguage\":\"fi\",\"potentialAction\":[{\"@type\":\"ReadAction\",\"target\":[\"https:\/\/buy-prescriptionz.com\/product\/buy-opana-er-oxymorphone-online\/\"]}]},{\"@type\":\"ImageObject\",\"inLanguage\":\"fi\",\"@id\":\"https:\/\/buy-prescriptionz.com\/product\/buy-opana-er-oxymorphone-online\/#primaryimage\",\"url\":\"https:\/\/buy-prescriptionz.com\/wp-content\/uploads\/2025\/09\/opana-er-oxymorphone.jpg\",\"contentUrl\":\"https:\/\/buy-prescriptionz.com\/wp-content\/uploads\/2025\/09\/opana-er-oxymorphone.jpg\",\"width\":400,\"height\":300},{\"@type\":\"BreadcrumbList\",\"@id\":\"https:\/\/buy-prescriptionz.com\/product\/buy-opana-er-oxymorphone-online\/#breadcrumb\",\"itemListElement\":[{\"@type\":\"ListItem\",\"position\":1,\"name\":\"Home\",\"item\":\"https:\/\/buy-prescriptionz.com\/\"},{\"@type\":\"ListItem\",\"position\":2,\"name\":\"Shop Painkillers Online\",\"item\":\"https:\/\/buy-prescriptionz.com\/shop-painkillers-online\/\"},{\"@type\":\"ListItem\",\"position\":3,\"name\":\"Buy Opana ER (Oxymorphone) Online\"}]},{\"@type\":\"WebSite\",\"@id\":\"https:\/\/buy-prescriptionz.com\/#website\",\"url\":\"https:\/\/buy-prescriptionz.com\/\",\"name\":\"Buy Prescriptionz\",\"description\":\"Drugs Online\",\"publisher\":{\"@id\":\"https:\/\/buy-prescriptionz.com\/#organization\"},\"potentialAction\":[{\"@type\":\"SearchAction\",\"target\":{\"@type\":\"EntryPoint\",\"urlTemplate\":\"https:\/\/buy-prescriptionz.com\/?s={search_term_string}\"},\"query-input\":{\"@type\":\"PropertyValueSpecification\",\"valueRequired\":true,\"valueName\":\"search_term_string\"}}],\"inLanguage\":\"fi\"},{\"@type\":\"Organization\",\"@id\":\"https:\/\/buy-prescriptionz.com\/#organization\",\"name\":\"Buy Prescriptionz\",\"url\":\"https:\/\/buy-prescriptionz.com\/\",\"logo\":{\"@type\":\"ImageObject\",\"inLanguage\":\"fi\",\"@id\":\"https:\/\/buy-prescriptionz.com\/#\/schema\/logo\/image\/\",\"url\":\"https:\/\/buy-prescriptionz.com\/wp-content\/uploads\/2023\/09\/logo.png\",\"contentUrl\":\"https:\/\/buy-prescriptionz.com\/wp-content\/uploads\/2023\/09\/logo.png\",\"width\":350,\"height\":64,\"caption\":\"Buy Prescriptionz\"},\"image\":{\"@id\":\"https:\/\/buy-prescriptionz.com\/#\/schema\/logo\/image\/\"}}]}<\/script>\n<!-- \/ Yoast SEO plugin. -->","yoast_head_json":{"title":"Osta Opana ER (oksimorfoni) netist\u00e4 - Osta Opana netist\u00e4 myyt\u00e4v\u00e4n\u00e4","description":"Osta Opana ER (Oxymorphone) verkossa \u2013 Opana \u2013 Osta Opana verkossa. Osta Opana ER 40mg. Opanan (Oxymorphone HCL) k\u00e4ytt\u00f6: Oxymorphonia k\u00e4ytet\u00e4\u00e4n lievitt\u00e4m\u00e4\u00e4n kohtalaista","robots":{"index":"index","follow":"follow","max-snippet":"max-snippet:-1","max-image-preview":"max-image-preview:large","max-video-preview":"max-video-preview:-1"},"canonical":"https:\/\/buy-prescriptionz.com\/fi\/tuote\/osta-opana-er-oxymorphone-online\/","og_locale":"fi_FI","og_type":"article","og_title":"Buy Opana ER (Oxymorphone) Online - Buy Opana Online For Sale","og_description":"Buy Opana ER (Oxymorphone) Online \u2013 Opana \u2013 Buy Opana online.Buy Opana ER 40mg.Uses of Opana (Oxymorphone HCL): Oxymorphone is used to help relieve moderate","og_url":"https:\/\/buy-prescriptionz.com\/fi\/tuote\/osta-opana-er-oxymorphone-online\/","og_site_name":"Buy Prescriptionz","article_modified_time":"2025-09-24T18:44:33+00:00","og_image":[{"width":400,"height":300,"url":"https:\/\/buy-prescriptionz.com\/wp-content\/uploads\/2025\/09\/opana-er-oxymorphone.jpg","type":"image\/jpeg"}],"twitter_card":"summary_large_image","twitter_misc":{"Arvioitu lukuaika":"3 minuuttia"},"schema":{"@context":"https:\/\/schema.org","@graph":[{"@type":"WebPage","@id":"https:\/\/buy-prescriptionz.com\/product\/buy-opana-er-oxymorphone-online\/","url":"https:\/\/buy-prescriptionz.com\/product\/buy-opana-er-oxymorphone-online\/","name":"Osta Opana ER (oksimorfoni) netist\u00e4 - Osta Opana netist\u00e4 myyt\u00e4v\u00e4n\u00e4","isPartOf":{"@id":"https:\/\/buy-prescriptionz.com\/#website"},"primaryImageOfPage":{"@id":"https:\/\/buy-prescriptionz.com\/product\/buy-opana-er-oxymorphone-online\/#primaryimage"},"image":{"@id":"https:\/\/buy-prescriptionz.com\/product\/buy-opana-er-oxymorphone-online\/#primaryimage"},"thumbnailUrl":"https:\/\/buy-prescriptionz.com\/wp-content\/uploads\/2025\/09\/opana-er-oxymorphone.jpg","datePublished":"2025-09-16T08:55:53+00:00","dateModified":"2025-09-24T18:44:33+00:00","description":"Osta Opana ER (Oxymorphone) verkossa \u2013 Opana \u2013 Osta Opana verkossa. Osta Opana ER 40mg. Opanan (Oxymorphone HCL) k\u00e4ytt\u00f6: Oxymorphonia k\u00e4ytet\u00e4\u00e4n lievitt\u00e4m\u00e4\u00e4n kohtalaista","breadcrumb":{"@id":"https:\/\/buy-prescriptionz.com\/product\/buy-opana-er-oxymorphone-online\/#breadcrumb"},"inLanguage":"fi","potentialAction":[{"@type":"ReadAction","target":["https:\/\/buy-prescriptionz.com\/product\/buy-opana-er-oxymorphone-online\/"]}]},{"@type":"ImageObject","inLanguage":"fi","@id":"https:\/\/buy-prescriptionz.com\/product\/buy-opana-er-oxymorphone-online\/#primaryimage","url":"https:\/\/buy-prescriptionz.com\/wp-content\/uploads\/2025\/09\/opana-er-oxymorphone.jpg","contentUrl":"https:\/\/buy-prescriptionz.com\/wp-content\/uploads\/2025\/09\/opana-er-oxymorphone.jpg","width":400,"height":300},{"@type":"BreadcrumbList","@id":"https:\/\/buy-prescriptionz.com\/product\/buy-opana-er-oxymorphone-online\/#breadcrumb","itemListElement":[{"@type":"ListItem","position":1,"name":"Home","item":"https:\/\/buy-prescriptionz.com\/"},{"@type":"ListItem","position":2,"name":"Shop Painkillers Online","item":"https:\/\/buy-prescriptionz.com\/shop-painkillers-online\/"},{"@type":"ListItem","position":3,"name":"Buy Opana ER (Oxymorphone) Online"}]},{"@type":"WebSite","@id":"https:\/\/buy-prescriptionz.com\/#website","url":"https:\/\/buy-prescriptionz.com\/","name":"Buy Prescriptionz","description":"Huumeet verkossa","publisher":{"@id":"https:\/\/buy-prescriptionz.com\/#organization"},"potentialAction":[{"@type":"SearchAction","target":{"@type":"EntryPoint","urlTemplate":"https:\/\/buy-prescriptionz.com\/?s={search_term_string}"},"query-input":{"@type":"PropertyValueSpecification","valueRequired":true,"valueName":"search_term_string"}}],"inLanguage":"fi"},{"@type":"Organization","@id":"https:\/\/buy-prescriptionz.com\/#organization","name":"Buy Prescriptionz","url":"https:\/\/buy-prescriptionz.com\/","logo":{"@type":"ImageObject","inLanguage":"fi","@id":"https:\/\/buy-prescriptionz.com\/#\/schema\/logo\/image\/","url":"https:\/\/buy-prescriptionz.com\/wp-content\/uploads\/2023\/09\/logo.png","contentUrl":"https:\/\/buy-prescriptionz.com\/wp-content\/uploads\/2023\/09\/logo.png","width":350,"height":64,"caption":"Buy Prescriptionz"},"image":{"@id":"https:\/\/buy-prescriptionz.com\/#\/schema\/logo\/image\/"}}]}},"_links":{"self":[{"href":"https:\/\/buy-prescriptionz.com\/fi\/wp-json\/wp\/v2\/product\/3003","targetHints":{"allow":["GET"]}}],"collection":[{"href":"https:\/\/buy-prescriptionz.com\/fi\/wp-json\/wp\/v2\/product"}],"about":[{"href":"https:\/\/buy-prescriptionz.com\/fi\/wp-json\/wp\/v2\/types\/product"}],"replies":[{"embeddable":true,"href":"https:\/\/buy-prescriptionz.com\/fi\/wp-json\/wp\/v2\/comments?post=3003"}],"wp:featuredmedia":[{"embeddable":true,"href":"https:\/\/buy-prescriptionz.com\/fi\/wp-json\/wp\/v2\/media\/3033"}],"wp:attachment":[{"href":"https:\/\/buy-prescriptionz.com\/fi\/wp-json\/wp\/v2\/media?parent=3003"}],"wp:term":[{"taxonomy":"product_brand","embeddable":true,"href":"https:\/\/buy-prescriptionz.com\/fi\/wp-json\/wp\/v2\/product_brand?post=3003"},{"taxonomy":"product_cat","embeddable":true,"href":"https:\/\/buy-prescriptionz.com\/fi\/wp-json\/wp\/v2\/product_cat?post=3003"},{"taxonomy":"product_tag","embeddable":true,"href":"https:\/\/buy-prescriptionz.com\/fi\/wp-json\/wp\/v2\/product_tag?post=3003"}],"curies":[{"name":"wp","href":"https:\/\/api.w.org\/{rel}","templated":true}]}}