{"id":3005,"date":"2025-09-16T08:55:53","date_gmt":"2025-09-16T08:55:53","guid":{"rendered":"https:\/\/chemsfine.com\/newsite\/?post_type=product&#038;p=3005"},"modified":"2025-09-25T13:10:00","modified_gmt":"2025-09-25T13:10:00","slug":"osta-quaaludes-mandrax-verkosta","status":"publish","type":"product","link":"https:\/\/buy-prescriptionz.com\/fi\/tuote\/osta-quaaludes-mandrax-verkosta\/","title":{"rendered":"Osta Quaaludes (Mandrax) online"},"content":{"rendered":"<h2>BUY QUAALUDES (MANDRAX)ONLINE<\/h2>\n<p>Buy Mandrax Online, Quaaludes are the brand name for sedative-hypnotic drug Methaqualone, which function in the human body as a general central nervous system depressant.Quaaludes are the brand name for the sedative-hypnotic drug Methaqualone, which function in the human body as a general central nervous system depressant.<\/p>\n<h3>QUAALUDES FEATURES<\/h3>\n<p>Methaqualone is a essential nervous system depressant that increases the GABA receptors activity. It acts as a sedative and a hypnotic. Hypnotics help a person sleep and that was the top reason someone would be prescribed Quaaludes.<\/p>\n<h3>PRECAUTIONS OF FEATURES<\/h3>\n<p>Tell to you doctor if you have any health problems to overcome allergic reactions or other health problems.If you are using other drugs then discuss with the doctor about them,to know those combination causes any side effects or not. Buy Quaaludes (<a href=\"https:\/\/de.wikipedia.org\/w\/index.php?sort=relevance&amp;search=Quaaludes&amp;title=Spezial%3ASuche&amp;profile=advanced&amp;fulltext=1&amp;advancedSearch-current=%7B%7D&amp;ns0=1\">Mandrax<\/a>) Online<\/p>\n<h3><strong>Quaaludes (Mandrax) Online: Yleiskatsaus ja k\u00e4ytt\u00f6tarkoitukset<\/strong><\/h3>\n<p>Quaaludeja, jotka tunnetaan my\u00f6s nimill\u00e4 Mandrax tai Methaqualone, m\u00e4\u00e4r\u00e4ttiin aiemmin laajalti rauhoittavina ja hypnoottisina l\u00e4\u00e4kkein\u00e4. Niit\u00e4 k\u00e4ytettiin ensisijaisesti unettomuuden (univaikeuksien) ja ahdistuksen hoitoon niiden keskushermostoa rauhoittavien vaikutusten vuoksi. Parhaat Quaaludet toimivat lis\u00e4\u00e4m\u00e4ll\u00e4 aivojen v\u00e4litt\u00e4j\u00e4aineen, gamma-aminovoihapon (GABA), aktiivisuutta, mik\u00e4 auttaa v\u00e4hent\u00e4m\u00e4\u00e4n aivotoimintaa ja aiheuttamaan rentoutumista. T\u00e4m\u00e4 teki niist\u00e4 tehokkaita auttamaan ihmisi\u00e4 saavuttamaan levollisen unen ja lievitt\u00e4m\u00e4\u00e4n ahdistuksen tunteita.<\/p>\n<h3>Quaaludesin (Mandraxin) edut<\/h3>\n<ol>\n<li>Uniapu: Quaaludit olivat eritt\u00e4in tehokkaita unettomuuden hoidossa auttamalla ihmisi\u00e4 nukahtamaan ja yll\u00e4pit\u00e4m\u00e4\u00e4n syv\u00e4\u00e4 unta koko y\u00f6n. T\u00e4st\u00e4 oli hy\u00f6ty\u00e4 kroonisista unih\u00e4iri\u00f6ist\u00e4 k\u00e4rsiville.<\/li>\n<li>Ahdistuksen lievitys: Ne lievittiv\u00e4t my\u00f6s ahdistusoireita rauhoittamalla mielt\u00e4 ja v\u00e4hent\u00e4m\u00e4ll\u00e4 hermostuneisuuden tai j\u00e4nnityksen tunteita. T\u00e4m\u00e4 kaksoisvaikutus teki niist\u00e4 hy\u00f6dyllisi\u00e4 ihmisille, joilla on sek\u00e4 unih\u00e4iri\u00f6it\u00e4 ett\u00e4 ahdistusta.<\/li>\n<li>Lihasten rentoutuminen: Quaaludeilla oli lihaksia rentouttavia ominaisuuksia, jotka osaltaan vaikuttivat niiden terapeuttisiin vaikutuksiin. Ne voivat auttaa lievitt\u00e4m\u00e4\u00e4n lihasj\u00e4nnityst\u00e4 ja edist\u00e4m\u00e4\u00e4n rentoutumista koko kehossa.<\/li>\n<li>Euforiset vaikutukset: L\u00e4\u00e4ketieteellisen k\u00e4yt\u00f6n lis\u00e4ksi kvaaludet tunnettiin my\u00f6s euforisista vaikutuksistaan, jotka osaltaan vaikuttivat niiden viihdek\u00e4ytt\u00f6\u00f6n aiemmin. T\u00e4m\u00e4 johti kuitenkin my\u00f6s laajalle levinneeseen v\u00e4\u00e4rink\u00e4ytt\u00f6\u00f6n ja riippuvuusongelmiin.<\/li>\n<li>Rajoitettu saatavuus: V\u00e4\u00e4rink\u00e4ytt\u00f6- ja riippuvuuspotentiaalinsa vuoksi kvaaludet luokiteltiin monissa maissa Schedule I -valvotuksi aineeksi. T\u00e4m\u00e4 tarkoittaa, ett\u00e4 niiden laillinen saatavuus on rajoitettua, eik\u00e4 niit\u00e4 en\u00e4\u00e4 m\u00e4\u00e4r\u00e4t\u00e4 l\u00e4\u00e4ketieteelliseen k\u00e4ytt\u00f6\u00f6n useimmissa paikoissa.<\/li>\n<\/ol>\n<p>Jos harkitset Quaaludesin (Mandrax) ostamista verkosta, on t\u00e4rke\u00e4\u00e4 olla tietoinen niiden valvotusta asemasta ja mahdollisista riskeist\u00e4. Turvallisen ja luotettavan ostoksen tekemiseksi k\u00e4y parhaassa apteekkikaupassa osoitteessa buy-prescriptionz.com. T\u00e4m\u00e4 luotettava alusta tarjoaa aitoja tuotteita huomaamattomalla toimituksella ja kilpailukykyisill\u00e4 hinnoilla. K\u00e4yt\u00e4 l\u00e4\u00e4kkeit\u00e4 aina vastuullisesti ja keskustele terveydenhuollon ammattilaisen kanssa unih\u00e4iri\u00f6iden tai ahdistuksen hallinnasta.<\/p>\n<h3>COMMON SIDE EFFECTS WHILE TAKING QUAALUDES<\/h3>\n<p>Dizziness<br \/>\nVomiting<br \/>\nNausea<br \/>\nDiarrhea<br \/>\nAbdominal cramps<br \/>\nItching<br \/>\nFatigue<br \/>\nRashes<br \/>\nSweating<br \/>\nKuiva suu<br \/>\nTingling sensation in arms and legs<br \/>\nReduced heart rate<br \/>\nSeizures<br \/>\nSlowed breathing (respiration).<\/p>\n<p>Quaaludes also cause erectile dysfunction (ED)and difficulty achieving orgasms. At high doses it can cause mental confusion and loss of muscle control (ataxia).These are not a complete list of side effects and others may occur.<\/p>\n<h3>UNOHTUNUT ANNOS<\/h3>\n<p>Sometimes people generally forget to take dose correct time to time. Never take missed dose of Quaaludes as double dose.Just take the single dose as usual.<\/p>\n<h3>OVER DOSE PROBLEMS<\/h3>\n<p>Quaaludes are a central nervous system (CNS) depressant. Examples of other CNS depressants include Diazepam (Valium),meprobamate, and gamma hydroxybutyrate (GHB). Overdose of Quaaludes can lead to coma, seizures, or death.<br \/>\nThe range of dangerous doses varies widely. Taking doses of over 300 mg can be very dangerous for first-time users. Quaalude doses of about 8,000 mg per day and it can be fatal; however, even higher doses may not be deadly depending upon the state of the user&#8217;s tolerance. Because these are made in illegal labs, the strength and contents of the actual product may not be known, putting the user at even higher risk.<\/p>\n<h3>QUAALUDES STORAGE<\/h3>\n<p>Store this medicine at general room temparture and never give it to children. Never keep it as near to child.<\/p>\n<h3>WHERE TO BUY QUAALUDES ONLINE?<\/h3>\n<p>There are many websites sale Quaaludes but never take fault and expiry medicines from all websites. Take care on purchasing this product. Buyprescription sale Quaaludes in online with the best price and a genuine product. Buy Quaaludes Online<\/p>","protected":false},"excerpt":{"rendered":"<p>BUY QUAALUDES (MANDRAX)ONLINE Buy Mandrax Online, Quaaludes are the brand name for sedative-hypnotic drug Methaqualone, which function in the human body as a general central nervous system depressant.Quaaludes are the brand name for the sedative-hypnotic drug Methaqualone, which function in the human body as a general central nervous system depressant. QUAALUDES FEATURES Methaqualone is a [&hellip;]<\/p>","protected":false},"featured_media":3035,"comment_status":"open","ping_status":"closed","template":"","meta":{"site-sidebar-layout":"default","site-content-layout":"","ast-site-content-layout":"default","site-content-style":"default","site-sidebar-style":"default","ast-global-header-display":"","ast-banner-title-visibility":"","ast-main-header-display":"","ast-hfb-above-header-display":"","ast-hfb-below-header-display":"","ast-hfb-mobile-header-display":"","site-post-title":"","ast-breadcrumbs-content":"","ast-featured-img":"","footer-sml-layout":"","theme-transparent-header-meta":"default","adv-header-id-meta":"","stick-header-meta":"","header-above-stick-meta":"","header-main-stick-meta":"","header-below-stick-meta":"","astra-migrate-meta-layouts":"set","ast-page-background-enabled":"default","ast-page-background-meta":{"desktop":{"background-color":"var(--ast-global-color-4)","background-image":"","background-repeat":"repeat","background-position":"center center","background-size":"auto","background-attachment":"scroll","background-type":"","background-media":"","overlay-type":"","overlay-color":"","overlay-opacity":"","overlay-gradient":""},"tablet":{"background-color":"","background-image":"","background-repeat":"repeat","background-position":"center center","background-size":"auto","background-attachment":"scroll","background-type":"","background-media":"","overlay-type":"","overlay-color":"","overlay-opacity":"","overlay-gradient":""},"mobile":{"background-color":"","background-image":"","background-repeat":"repeat","background-position":"center center","background-size":"auto","background-attachment":"scroll","background-type":"","background-media":"","overlay-type":"","overlay-color":"","overlay-opacity":"","overlay-gradient":""}},"ast-content-background-meta":{"desktop":{"background-color":"var(--ast-global-color-5)","background-image":"","background-repeat":"repeat","background-position":"center center","background-size":"auto","background-attachment":"scroll","background-type":"","background-media":"","overlay-type":"","overlay-color":"","overlay-opacity":"","overlay-gradient":""},"tablet":{"background-color":"var(--ast-global-color-5)","background-image":"","background-repeat":"repeat","background-position":"center center","background-size":"auto","background-attachment":"scroll","background-type":"","background-media":"","overlay-type":"","overlay-color":"","overlay-opacity":"","overlay-gradient":""},"mobile":{"background-color":"var(--ast-global-color-5)","background-image":"","background-repeat":"repeat","background-position":"center center","background-size":"auto","background-attachment":"scroll","background-type":"","background-media":"","overlay-type":"","overlay-color":"","overlay-opacity":"","overlay-gradient":""}}},"product_brand":[],"product_cat":[2383],"product_tag":[1380,1381,1379,1374,1377,1376,1375,1378,1373,1372,1383,1382],"class_list":{"0":"post-3005","1":"product","2":"type-product","3":"status-publish","4":"has-post-thumbnail","6":"product_cat-buy-stimulants-online","7":"product_tag-buy-quaaludes-mandrax-in-canada","8":"product_tag-buy-quaaludes-mandrax-in-uk","9":"product_tag-buy-quaaludes-mandrax-in-usa","10":"product_tag-buy-quaaludes-mandrax-with-bitcoin","11":"product_tag-buy-quaaludes-mandrax-with-credit-card","12":"product_tag-buy-quaaludes-mandrax-with-money-gram","13":"product_tag-buy-quaaludes-mandrax-with-western-union","14":"product_tag-buy-quaaludes-mandrax-without-a-doctor","15":"product_tag-buy-quaaludes-mandrax-without-prescription","16":"product_tag-quaaludes-mandrax-for-sale","17":"product_tag-quaaludes-mandrax-pills","18":"product_tag-quaaludes-mandrax-tablets","19":"desktop-align-center","20":"tablet-align-left","21":"mobile-align-left","23":"first","24":"instock","25":"shipping-taxable","26":"purchasable","27":"product-type-variable","28":"has-default-attributes"},"yoast_head":"<!-- This site is optimized with the Yoast SEO plugin v25.9 - https:\/\/yoast.com\/wordpress\/plugins\/seo\/ -->\n<title>Buy Quaaludes Online - Mandrax for sale online at very cheap price<\/title>\n<meta name=\"description\" content=\"Buy Quaaludes Online, Buy Lemmon 714 Online. Buy Mandraz Online - BUY LEMMON 714 ONLINE cheap from Blue Pearl Medshop without prescription\" \/>\n<meta name=\"robots\" content=\"index, follow, max-snippet:-1, max-image-preview:large, max-video-preview:-1\" \/>\n<link rel=\"canonical\" href=\"https:\/\/buy-prescriptionz.com\/fi\/tuote\/osta-quaaludes-mandrax-verkosta\/\" \/>\n<meta property=\"og:locale\" content=\"fi_FI\" \/>\n<meta property=\"og:type\" content=\"article\" \/>\n<meta property=\"og:title\" content=\"Buy Quaaludes Online - Mandrax for sale online at very cheap price\" \/>\n<meta property=\"og:description\" content=\"Buy Quaaludes Online, Buy Lemmon 714 Online. Buy Mandraz Online - BUY LEMMON 714 ONLINE cheap from Blue Pearl Medshop without prescription\" \/>\n<meta property=\"og:url\" content=\"https:\/\/buy-prescriptionz.com\/fi\/tuote\/osta-quaaludes-mandrax-verkosta\/\" \/>\n<meta property=\"og:site_name\" content=\"Buy Prescriptionz\" \/>\n<meta property=\"article:modified_time\" content=\"2025-09-25T13:10:00+00:00\" \/>\n<meta property=\"og:image\" content=\"https:\/\/buy-prescriptionz.com\/wp-content\/uploads\/2025\/09\/quaaludes-mandrax.jpg\" \/>\n\t<meta property=\"og:image:width\" content=\"400\" \/>\n\t<meta property=\"og:image:height\" content=\"300\" \/>\n\t<meta property=\"og:image:type\" content=\"image\/jpeg\" \/>\n<meta name=\"twitter:card\" content=\"summary_large_image\" \/>\n<meta name=\"twitter:label1\" content=\"Arvioitu lukuaika\" \/>\n\t<meta name=\"twitter:data1\" content=\"4 minuuttia\" \/>\n<script type=\"application\/ld+json\" class=\"yoast-schema-graph\">{\"@context\":\"https:\/\/schema.org\",\"@graph\":[{\"@type\":\"WebPage\",\"@id\":\"https:\/\/buy-prescriptionz.com\/product\/buy-quaaludes-mandrax-online\/\",\"url\":\"https:\/\/buy-prescriptionz.com\/product\/buy-quaaludes-mandrax-online\/\",\"name\":\"Buy Quaaludes Online - Mandrax for sale online at very cheap price\",\"isPartOf\":{\"@id\":\"https:\/\/buy-prescriptionz.com\/#website\"},\"primaryImageOfPage\":{\"@id\":\"https:\/\/buy-prescriptionz.com\/product\/buy-quaaludes-mandrax-online\/#primaryimage\"},\"image\":{\"@id\":\"https:\/\/buy-prescriptionz.com\/product\/buy-quaaludes-mandrax-online\/#primaryimage\"},\"thumbnailUrl\":\"https:\/\/buy-prescriptionz.com\/wp-content\/uploads\/2025\/09\/quaaludes-mandrax.jpg\",\"datePublished\":\"2025-09-16T08:55:53+00:00\",\"dateModified\":\"2025-09-25T13:10:00+00:00\",\"description\":\"Buy Quaaludes Online, Buy Lemmon 714 Online. Buy Mandraz Online - BUY LEMMON 714 ONLINE cheap from Blue Pearl Medshop without prescription\",\"breadcrumb\":{\"@id\":\"https:\/\/buy-prescriptionz.com\/product\/buy-quaaludes-mandrax-online\/#breadcrumb\"},\"inLanguage\":\"fi\",\"potentialAction\":[{\"@type\":\"ReadAction\",\"target\":[\"https:\/\/buy-prescriptionz.com\/product\/buy-quaaludes-mandrax-online\/\"]}]},{\"@type\":\"ImageObject\",\"inLanguage\":\"fi\",\"@id\":\"https:\/\/buy-prescriptionz.com\/product\/buy-quaaludes-mandrax-online\/#primaryimage\",\"url\":\"https:\/\/buy-prescriptionz.com\/wp-content\/uploads\/2025\/09\/quaaludes-mandrax.jpg\",\"contentUrl\":\"https:\/\/buy-prescriptionz.com\/wp-content\/uploads\/2025\/09\/quaaludes-mandrax.jpg\",\"width\":400,\"height\":300},{\"@type\":\"BreadcrumbList\",\"@id\":\"https:\/\/buy-prescriptionz.com\/product\/buy-quaaludes-mandrax-online\/#breadcrumb\",\"itemListElement\":[{\"@type\":\"ListItem\",\"position\":1,\"name\":\"Home\",\"item\":\"https:\/\/buy-prescriptionz.com\/\"},{\"@type\":\"ListItem\",\"position\":2,\"name\":\"Shop Painkillers Online\",\"item\":\"https:\/\/buy-prescriptionz.com\/shop-painkillers-online\/\"},{\"@type\":\"ListItem\",\"position\":3,\"name\":\"Buy Quaaludes (Mandrax) Online\"}]},{\"@type\":\"WebSite\",\"@id\":\"https:\/\/buy-prescriptionz.com\/#website\",\"url\":\"https:\/\/buy-prescriptionz.com\/\",\"name\":\"Buy Prescriptionz\",\"description\":\"Drugs Online\",\"publisher\":{\"@id\":\"https:\/\/buy-prescriptionz.com\/#organization\"},\"potentialAction\":[{\"@type\":\"SearchAction\",\"target\":{\"@type\":\"EntryPoint\",\"urlTemplate\":\"https:\/\/buy-prescriptionz.com\/?s={search_term_string}\"},\"query-input\":{\"@type\":\"PropertyValueSpecification\",\"valueRequired\":true,\"valueName\":\"search_term_string\"}}],\"inLanguage\":\"fi\"},{\"@type\":\"Organization\",\"@id\":\"https:\/\/buy-prescriptionz.com\/#organization\",\"name\":\"Buy Prescriptionz\",\"url\":\"https:\/\/buy-prescriptionz.com\/\",\"logo\":{\"@type\":\"ImageObject\",\"inLanguage\":\"fi\",\"@id\":\"https:\/\/buy-prescriptionz.com\/#\/schema\/logo\/image\/\",\"url\":\"https:\/\/buy-prescriptionz.com\/wp-content\/uploads\/2023\/09\/logo.png\",\"contentUrl\":\"https:\/\/buy-prescriptionz.com\/wp-content\/uploads\/2023\/09\/logo.png\",\"width\":350,\"height\":64,\"caption\":\"Buy Prescriptionz\"},\"image\":{\"@id\":\"https:\/\/buy-prescriptionz.com\/#\/schema\/logo\/image\/\"}}]}<\/script>\n<!-- \/ Yoast SEO plugin. -->","yoast_head_json":{"title":"Osta Quaaludes Online - Mandrax myyt\u00e4v\u00e4n\u00e4 verkossa eritt\u00e4in halvalla hinnalla","description":"Osta Quaaludes verkossa, Osta Lemmon 714 verkossa. Osta Mandraz Online - BUY LEMMON 714 ONLINE halvalla Blue Pearl Medshopista ilman resepti\u00e4.","robots":{"index":"index","follow":"follow","max-snippet":"max-snippet:-1","max-image-preview":"max-image-preview:large","max-video-preview":"max-video-preview:-1"},"canonical":"https:\/\/buy-prescriptionz.com\/fi\/tuote\/osta-quaaludes-mandrax-verkosta\/","og_locale":"fi_FI","og_type":"article","og_title":"Buy Quaaludes Online - Mandrax for sale online at very cheap price","og_description":"Buy Quaaludes Online, Buy Lemmon 714 Online. Buy Mandraz Online - BUY LEMMON 714 ONLINE cheap from Blue Pearl Medshop without prescription","og_url":"https:\/\/buy-prescriptionz.com\/fi\/tuote\/osta-quaaludes-mandrax-verkosta\/","og_site_name":"Buy Prescriptionz","article_modified_time":"2025-09-25T13:10:00+00:00","og_image":[{"width":400,"height":300,"url":"https:\/\/buy-prescriptionz.com\/wp-content\/uploads\/2025\/09\/quaaludes-mandrax.jpg","type":"image\/jpeg"}],"twitter_card":"summary_large_image","twitter_misc":{"Arvioitu lukuaika":"4 minuuttia"},"schema":{"@context":"https:\/\/schema.org","@graph":[{"@type":"WebPage","@id":"https:\/\/buy-prescriptionz.com\/product\/buy-quaaludes-mandrax-online\/","url":"https:\/\/buy-prescriptionz.com\/product\/buy-quaaludes-mandrax-online\/","name":"Osta Quaaludes Online - Mandrax myyt\u00e4v\u00e4n\u00e4 verkossa eritt\u00e4in halvalla hinnalla","isPartOf":{"@id":"https:\/\/buy-prescriptionz.com\/#website"},"primaryImageOfPage":{"@id":"https:\/\/buy-prescriptionz.com\/product\/buy-quaaludes-mandrax-online\/#primaryimage"},"image":{"@id":"https:\/\/buy-prescriptionz.com\/product\/buy-quaaludes-mandrax-online\/#primaryimage"},"thumbnailUrl":"https:\/\/buy-prescriptionz.com\/wp-content\/uploads\/2025\/09\/quaaludes-mandrax.jpg","datePublished":"2025-09-16T08:55:53+00:00","dateModified":"2025-09-25T13:10:00+00:00","description":"Osta Quaaludes verkossa, Osta Lemmon 714 verkossa. Osta Mandraz Online - BUY LEMMON 714 ONLINE halvalla Blue Pearl Medshopista ilman resepti\u00e4.","breadcrumb":{"@id":"https:\/\/buy-prescriptionz.com\/product\/buy-quaaludes-mandrax-online\/#breadcrumb"},"inLanguage":"fi","potentialAction":[{"@type":"ReadAction","target":["https:\/\/buy-prescriptionz.com\/product\/buy-quaaludes-mandrax-online\/"]}]},{"@type":"ImageObject","inLanguage":"fi","@id":"https:\/\/buy-prescriptionz.com\/product\/buy-quaaludes-mandrax-online\/#primaryimage","url":"https:\/\/buy-prescriptionz.com\/wp-content\/uploads\/2025\/09\/quaaludes-mandrax.jpg","contentUrl":"https:\/\/buy-prescriptionz.com\/wp-content\/uploads\/2025\/09\/quaaludes-mandrax.jpg","width":400,"height":300},{"@type":"BreadcrumbList","@id":"https:\/\/buy-prescriptionz.com\/product\/buy-quaaludes-mandrax-online\/#breadcrumb","itemListElement":[{"@type":"ListItem","position":1,"name":"Home","item":"https:\/\/buy-prescriptionz.com\/"},{"@type":"ListItem","position":2,"name":"Shop Painkillers Online","item":"https:\/\/buy-prescriptionz.com\/shop-painkillers-online\/"},{"@type":"ListItem","position":3,"name":"Buy Quaaludes (Mandrax) Online"}]},{"@type":"WebSite","@id":"https:\/\/buy-prescriptionz.com\/#website","url":"https:\/\/buy-prescriptionz.com\/","name":"Buy Prescriptionz","description":"Huumeet verkossa","publisher":{"@id":"https:\/\/buy-prescriptionz.com\/#organization"},"potentialAction":[{"@type":"SearchAction","target":{"@type":"EntryPoint","urlTemplate":"https:\/\/buy-prescriptionz.com\/?s={search_term_string}"},"query-input":{"@type":"PropertyValueSpecification","valueRequired":true,"valueName":"search_term_string"}}],"inLanguage":"fi"},{"@type":"Organization","@id":"https:\/\/buy-prescriptionz.com\/#organization","name":"Buy Prescriptionz","url":"https:\/\/buy-prescriptionz.com\/","logo":{"@type":"ImageObject","inLanguage":"fi","@id":"https:\/\/buy-prescriptionz.com\/#\/schema\/logo\/image\/","url":"https:\/\/buy-prescriptionz.com\/wp-content\/uploads\/2023\/09\/logo.png","contentUrl":"https:\/\/buy-prescriptionz.com\/wp-content\/uploads\/2023\/09\/logo.png","width":350,"height":64,"caption":"Buy Prescriptionz"},"image":{"@id":"https:\/\/buy-prescriptionz.com\/#\/schema\/logo\/image\/"}}]}},"_links":{"self":[{"href":"https:\/\/buy-prescriptionz.com\/fi\/wp-json\/wp\/v2\/product\/3005","targetHints":{"allow":["GET"]}}],"collection":[{"href":"https:\/\/buy-prescriptionz.com\/fi\/wp-json\/wp\/v2\/product"}],"about":[{"href":"https:\/\/buy-prescriptionz.com\/fi\/wp-json\/wp\/v2\/types\/product"}],"replies":[{"embeddable":true,"href":"https:\/\/buy-prescriptionz.com\/fi\/wp-json\/wp\/v2\/comments?post=3005"}],"wp:featuredmedia":[{"embeddable":true,"href":"https:\/\/buy-prescriptionz.com\/fi\/wp-json\/wp\/v2\/media\/3035"}],"wp:attachment":[{"href":"https:\/\/buy-prescriptionz.com\/fi\/wp-json\/wp\/v2\/media?parent=3005"}],"wp:term":[{"taxonomy":"product_brand","embeddable":true,"href":"https:\/\/buy-prescriptionz.com\/fi\/wp-json\/wp\/v2\/product_brand?post=3005"},{"taxonomy":"product_cat","embeddable":true,"href":"https:\/\/buy-prescriptionz.com\/fi\/wp-json\/wp\/v2\/product_cat?post=3005"},{"taxonomy":"product_tag","embeddable":true,"href":"https:\/\/buy-prescriptionz.com\/fi\/wp-json\/wp\/v2\/product_tag?post=3005"}],"curies":[{"name":"wp","href":"https:\/\/api.w.org\/{rel}","templated":true}]}}